{"id":2386,"date":"2025-10-08T17:50:25","date_gmt":"2025-10-08T17:50:25","guid":{"rendered":"https:\/\/enviteka.lt\/?post_type=product&#038;p=2386"},"modified":"2025-10-08T18:07:37","modified_gmt":"2025-10-08T18:07:37","slug":"gelezinkeliu-gumos-gaminiai","status":"publish","type":"product","link":"https:\/\/enviteka.lt\/en\/product\/gelezinkeliu-gumos-gaminiai\/","title":{"rendered":"Gumos gaminiai gele\u017einkeliams"},"content":{"rendered":"<p>Gele\u017einkeli\u0173 gumos gaminiai &#8211; b\u0117gi\u0173 pagalv\u0117l\u0117s atlieka amortizatori\u0173 funkcij\u0105 gele\u017einkelio b\u0117gi\u0173 konstrukcijoje. Jos suteikia i\u0161ilgin\u012f atsparum\u0105 b\u0117gio poslinkiui, kompensuoja dinamin\u0119 apkrov\u0105 pab\u0117giams ir taip pat veikia kaip elektrin\u0117s izoliacijos elementai.<\/p>\n<p>Technologin\u0117s galimyb\u0117s leid\u017eia parinkti optimal\u0173 gumos mi\u0161in\u012f su minimaliu suspaudimo deformacijos rodikliu, net ir esant intensyvioms bei nuolatin\u0117ms apkrovoms. B\u0117gi\u0173 pagalv\u0117l\u0117s pasi\u017eymi auk\u0161tu atsparumu sen\u0117jimui, oro poveikiui bei ultravioletini\u0173 spinduli\u0173 \u012ftakai.<\/p>\n<p><strong>Darbin\u0117s temperat\u016bros diapazonas:<\/strong> \u201360 \u00b0C iki +60 \u00b0C<\/p>\n<p><strong>Galimi b\u0117gi\u0173 pagalv\u0117li\u0173 tipai<\/strong><\/p>\n<ul>\n<li>B\u0117gi\u0173 pagalv\u0117l\u0117s W14, W21, W30 tipo tvirtinimo sistemoms<\/li>\n<li>B\u0117gi\u0173 pagalv\u0117l\u0117s KB65, ZBR, ARS-4 tipo tvirtinimo sistemoms<\/li>\n<\/ul>\n<p><strong>Susisiekite su mumis<\/strong> \u2013 mes tiekiame b\u0117gi\u0173 pagalv\u0117les pagal kliento techninius reikalavimus, taip pat galime parengti vis\u0105 konstrukcin\u0119 dokumentacij\u0105.<\/p>","protected":false},"excerpt":{"rendered":"<p>Gele\u017einkeli\u0173 gumos gaminiai &#8211; b\u0117gi\u0173 pagalv\u0117l\u0117s atlieka amortizatori\u0173 funkcij\u0105 gele\u017einkelio b\u0117gi\u0173 konstrukcijoje. Jos suteikia i\u0161ilgin\u012f atsparum\u0105 b\u0117gio poslinkiui, kompensuoja dinamin\u0119 [&hellip;]<\/p>","protected":false},"featured_media":2385,"template":"","meta":{"site-sidebar-layout":"default","site-content-layout":"","ast-site-content-layout":"default","site-content-style":"default","site-sidebar-style":"default","ast-global-header-display":"","ast-banner-title-visibility":"","ast-main-header-display":"","ast-hfb-above-header-display":"","ast-hfb-below-header-display":"","ast-hfb-mobile-header-display":"","site-post-title":"","ast-breadcrumbs-content":"","ast-featured-img":"","footer-sml-layout":"","ast-disable-related-posts":"","theme-transparent-header-meta":"default","adv-header-id-meta":"","stick-header-meta":"","header-above-stick-meta":"","header-main-stick-meta":"","header-below-stick-meta":"","astra-migrate-meta-layouts":"set","ast-page-background-enabled":"default","ast-page-background-meta":{"desktop":{"background-color":"var(--ast-global-color-4)","background-image":"","background-repeat":"repeat","background-position":"center center","background-size":"auto","background-attachment":"scroll","background-type":"","background-media":"","overlay-type":"","overlay-color":"","overlay-opacity":"","overlay-gradient":""},"tablet":{"background-color":"","background-image":"","background-repeat":"repeat","background-position":"center center","background-size":"auto","background-attachment":"scroll","background-type":"","background-media":"","overlay-type":"","overlay-color":"","overlay-opacity":"","overlay-gradient":""},"mobile":{"background-color":"","background-image":"","background-repeat":"repeat","background-position":"center center","background-size":"auto","background-attachment":"scroll","background-type":"","background-media":"","overlay-type":"","overlay-color":"","overlay-opacity":"","overlay-gradient":""}},"ast-content-background-meta":{"desktop":{"background-color":"var(--ast-global-color-5)","background-image":"","background-repeat":"repeat","background-position":"center center","background-size":"auto","background-attachment":"scroll","background-type":"","background-media":"","overlay-type":"","overlay-color":"","overlay-opacity":"","overlay-gradient":""},"tablet":{"background-color":"var(--ast-global-color-5)","background-image":"","background-repeat":"repeat","background-position":"center center","background-size":"auto","background-attachment":"scroll","background-type":"","background-media":"","overlay-type":"","overlay-color":"","overlay-opacity":"","overlay-gradient":""},"mobile":{"background-color":"var(--ast-global-color-5)","background-image":"","background-repeat":"repeat","background-position":"center center","background-size":"auto","background-attachment":"scroll","background-type":"","background-media":"","overlay-type":"","overlay-color":"","overlay-opacity":"","overlay-gradient":""}}},"product_brand":[],"product_cat":[144,143],"product_tag":[],"class_list":{"0":"post-2386","1":"product","2":"type-product","3":"status-publish","4":"has-post-thumbnail","6":"product_cat-guminiai-gaminiai-gelezinkeliams","7":"product_cat-gumos-gaminiai-gelezinkeliams","8":"desktop-align-left","9":"tablet-align-left","10":"mobile-align-left","12":"first","13":"instock","14":"shipping-taxable","15":"purchasable","16":"product-type-simple"},"yoast_head":"<!-- This site is optimized with the Yoast SEO plugin v27.3 - https:\/\/yoast.com\/product\/yoast-seo-wordpress\/ -->\n<title>Gumos gaminiai gele\u017einkeliams - ENVITEKA<\/title>\n<meta name=\"description\" content=\"Enviteka tiekia patikimas b\u0117gi\u0173 ir gumos pagalv\u0117les gele\u017einkelio sistemoms. Atsparios apkrovoms, UV spinduliams ir sen\u0117jimui.\u201c\" \/>\n<meta name=\"robots\" content=\"index, follow, max-snippet:-1, max-image-preview:large, max-video-preview:-1\" \/>\n<link rel=\"canonical\" href=\"https:\/\/enviteka.lt\/en\/product\/gelezinkeliu-gumos-gaminiai\/\" \/>\n<meta property=\"og:locale\" content=\"en_US\" \/>\n<meta property=\"og:type\" content=\"article\" \/>\n<meta property=\"og:title\" content=\"Gumos gaminiai gele\u017einkeliams - ENVITEKA\" \/>\n<meta property=\"og:description\" content=\"Enviteka tiekia patikimas b\u0117gi\u0173 ir gumos pagalv\u0117les gele\u017einkelio sistemoms. Atsparios apkrovoms, UV spinduliams ir sen\u0117jimui.\u201c\" \/>\n<meta property=\"og:url\" content=\"https:\/\/enviteka.lt\/en\/product\/gelezinkeliu-gumos-gaminiai\/\" \/>\n<meta property=\"og:site_name\" content=\"ENVITEKA\" \/>\n<meta property=\"article:modified_time\" content=\"2025-10-08T18:07:37+00:00\" \/>\n<meta property=\"og:image\" content=\"https:\/\/enviteka.lt\/wp-content\/uploads\/2025\/10\/gumos_gaminiai_gelezinkeliui_enviteka.jpg\" \/>\n\t<meta property=\"og:image:width\" content=\"568\" \/>\n\t<meta property=\"og:image:height\" content=\"312\" \/>\n\t<meta property=\"og:image:type\" content=\"image\/jpeg\" \/>\n<meta name=\"twitter:card\" content=\"summary_large_image\" \/>\n<meta name=\"twitter:label1\" content=\"Est. reading time\" \/>\n\t<meta name=\"twitter:data1\" content=\"1 minute\" \/>\n<script type=\"application\/ld+json\" class=\"yoast-schema-graph\">{\"@context\":\"https:\\\/\\\/schema.org\",\"@graph\":[{\"@type\":\"WebPage\",\"@id\":\"https:\\\/\\\/enviteka.lt\\\/produktas\\\/gelezinkeliu-gumos-gaminiai\\\/\",\"url\":\"https:\\\/\\\/enviteka.lt\\\/produktas\\\/gelezinkeliu-gumos-gaminiai\\\/\",\"name\":\"Gumos gaminiai gele\u017einkeliams - ENVITEKA\",\"isPartOf\":{\"@id\":\"https:\\\/\\\/enviteka.lt\\\/#website\"},\"primaryImageOfPage\":{\"@id\":\"https:\\\/\\\/enviteka.lt\\\/produktas\\\/gelezinkeliu-gumos-gaminiai\\\/#primaryimage\"},\"image\":{\"@id\":\"https:\\\/\\\/enviteka.lt\\\/produktas\\\/gelezinkeliu-gumos-gaminiai\\\/#primaryimage\"},\"thumbnailUrl\":\"https:\\\/\\\/enviteka.lt\\\/wp-content\\\/uploads\\\/2025\\\/10\\\/gumos_gaminiai_gelezinkeliui_enviteka.jpg\",\"datePublished\":\"2025-10-08T17:50:25+00:00\",\"dateModified\":\"2025-10-08T18:07:37+00:00\",\"description\":\"Enviteka tiekia patikimas b\u0117gi\u0173 ir gumos pagalv\u0117les gele\u017einkelio sistemoms. Atsparios apkrovoms, UV spinduliams ir sen\u0117jimui.\u201c\",\"breadcrumb\":{\"@id\":\"https:\\\/\\\/enviteka.lt\\\/produktas\\\/gelezinkeliu-gumos-gaminiai\\\/#breadcrumb\"},\"inLanguage\":\"en-US\",\"potentialAction\":[{\"@type\":\"ReadAction\",\"target\":[\"https:\\\/\\\/enviteka.lt\\\/produktas\\\/gelezinkeliu-gumos-gaminiai\\\/\"]}]},{\"@type\":\"ImageObject\",\"inLanguage\":\"en-US\",\"@id\":\"https:\\\/\\\/enviteka.lt\\\/produktas\\\/gelezinkeliu-gumos-gaminiai\\\/#primaryimage\",\"url\":\"https:\\\/\\\/enviteka.lt\\\/wp-content\\\/uploads\\\/2025\\\/10\\\/gumos_gaminiai_gelezinkeliui_enviteka.jpg\",\"contentUrl\":\"https:\\\/\\\/enviteka.lt\\\/wp-content\\\/uploads\\\/2025\\\/10\\\/gumos_gaminiai_gelezinkeliui_enviteka.jpg\",\"width\":568,\"height\":312},{\"@type\":\"BreadcrumbList\",\"@id\":\"https:\\\/\\\/enviteka.lt\\\/produktas\\\/gelezinkeliu-gumos-gaminiai\\\/#breadcrumb\",\"itemListElement\":[{\"@type\":\"ListItem\",\"position\":1,\"name\":\"Home\",\"item\":\"https:\\\/\\\/enviteka.lt\\\/\"},{\"@type\":\"ListItem\",\"position\":2,\"name\":\"Produktai\",\"item\":\"https:\\\/\\\/enviteka.lt\\\/produktai\\\/\"},{\"@type\":\"ListItem\",\"position\":3,\"name\":\"Gumos gaminiai gele\u017einkeliams\"}]},{\"@type\":\"WebSite\",\"@id\":\"https:\\\/\\\/enviteka.lt\\\/#website\",\"url\":\"https:\\\/\\\/enviteka.lt\\\/\",\"name\":\"ENVITEKA\",\"description\":\"pramonin\u0117s \u012frangos tiek\u0117jas\",\"publisher\":{\"@id\":\"https:\\\/\\\/enviteka.lt\\\/#organization\"},\"potentialAction\":[{\"@type\":\"SearchAction\",\"target\":{\"@type\":\"EntryPoint\",\"urlTemplate\":\"https:\\\/\\\/enviteka.lt\\\/?s={search_term_string}\"},\"query-input\":{\"@type\":\"PropertyValueSpecification\",\"valueRequired\":true,\"valueName\":\"search_term_string\"}}],\"inLanguage\":\"en-US\"},{\"@type\":\"Organization\",\"@id\":\"https:\\\/\\\/enviteka.lt\\\/#organization\",\"name\":\"ENVITEKA\",\"url\":\"https:\\\/\\\/enviteka.lt\\\/\",\"logo\":{\"@type\":\"ImageObject\",\"inLanguage\":\"en-US\",\"@id\":\"https:\\\/\\\/enviteka.lt\\\/#\\\/schema\\\/logo\\\/image\\\/\",\"url\":\"https:\\\/\\\/enviteka.lt\\\/wp-content\\\/uploads\\\/2024\\\/10\\\/enviteka-high-resolution-logo-transparent-e1742852093377.png\",\"contentUrl\":\"https:\\\/\\\/enviteka.lt\\\/wp-content\\\/uploads\\\/2024\\\/10\\\/enviteka-high-resolution-logo-transparent-e1742852093377.png\",\"width\":424,\"height\":150,\"caption\":\"ENVITEKA\"},\"image\":{\"@id\":\"https:\\\/\\\/enviteka.lt\\\/#\\\/schema\\\/logo\\\/image\\\/\"}}]}<\/script>\n<!-- \/ Yoast SEO plugin. -->","yoast_head_json":{"title":"Gumos gaminiai gele\u017einkeliams - ENVITEKA","description":"Enviteka tiekia patikimas b\u0117gi\u0173 ir gumos pagalv\u0117les gele\u017einkelio sistemoms. Atsparios apkrovoms, UV spinduliams ir sen\u0117jimui.\u201c","robots":{"index":"index","follow":"follow","max-snippet":"max-snippet:-1","max-image-preview":"max-image-preview:large","max-video-preview":"max-video-preview:-1"},"canonical":"https:\/\/enviteka.lt\/en\/product\/gelezinkeliu-gumos-gaminiai\/","og_locale":"en_US","og_type":"article","og_title":"Gumos gaminiai gele\u017einkeliams - ENVITEKA","og_description":"Enviteka tiekia patikimas b\u0117gi\u0173 ir gumos pagalv\u0117les gele\u017einkelio sistemoms. Atsparios apkrovoms, UV spinduliams ir sen\u0117jimui.\u201c","og_url":"https:\/\/enviteka.lt\/en\/product\/gelezinkeliu-gumos-gaminiai\/","og_site_name":"ENVITEKA","article_modified_time":"2025-10-08T18:07:37+00:00","og_image":[{"width":568,"height":312,"url":"https:\/\/enviteka.lt\/wp-content\/uploads\/2025\/10\/gumos_gaminiai_gelezinkeliui_enviteka.jpg","type":"image\/jpeg"}],"twitter_card":"summary_large_image","twitter_misc":{"Est. reading time":"1 minute"},"schema":{"@context":"https:\/\/schema.org","@graph":[{"@type":"WebPage","@id":"https:\/\/enviteka.lt\/produktas\/gelezinkeliu-gumos-gaminiai\/","url":"https:\/\/enviteka.lt\/produktas\/gelezinkeliu-gumos-gaminiai\/","name":"Gumos gaminiai gele\u017einkeliams - ENVITEKA","isPartOf":{"@id":"https:\/\/enviteka.lt\/#website"},"primaryImageOfPage":{"@id":"https:\/\/enviteka.lt\/produktas\/gelezinkeliu-gumos-gaminiai\/#primaryimage"},"image":{"@id":"https:\/\/enviteka.lt\/produktas\/gelezinkeliu-gumos-gaminiai\/#primaryimage"},"thumbnailUrl":"https:\/\/enviteka.lt\/wp-content\/uploads\/2025\/10\/gumos_gaminiai_gelezinkeliui_enviteka.jpg","datePublished":"2025-10-08T17:50:25+00:00","dateModified":"2025-10-08T18:07:37+00:00","description":"Enviteka tiekia patikimas b\u0117gi\u0173 ir gumos pagalv\u0117les gele\u017einkelio sistemoms. Atsparios apkrovoms, UV spinduliams ir sen\u0117jimui.\u201c","breadcrumb":{"@id":"https:\/\/enviteka.lt\/produktas\/gelezinkeliu-gumos-gaminiai\/#breadcrumb"},"inLanguage":"en-US","potentialAction":[{"@type":"ReadAction","target":["https:\/\/enviteka.lt\/produktas\/gelezinkeliu-gumos-gaminiai\/"]}]},{"@type":"ImageObject","inLanguage":"en-US","@id":"https:\/\/enviteka.lt\/produktas\/gelezinkeliu-gumos-gaminiai\/#primaryimage","url":"https:\/\/enviteka.lt\/wp-content\/uploads\/2025\/10\/gumos_gaminiai_gelezinkeliui_enviteka.jpg","contentUrl":"https:\/\/enviteka.lt\/wp-content\/uploads\/2025\/10\/gumos_gaminiai_gelezinkeliui_enviteka.jpg","width":568,"height":312},{"@type":"BreadcrumbList","@id":"https:\/\/enviteka.lt\/produktas\/gelezinkeliu-gumos-gaminiai\/#breadcrumb","itemListElement":[{"@type":"ListItem","position":1,"name":"Home","item":"https:\/\/enviteka.lt\/"},{"@type":"ListItem","position":2,"name":"Produktai","item":"https:\/\/enviteka.lt\/produktai\/"},{"@type":"ListItem","position":3,"name":"Gumos gaminiai gele\u017einkeliams"}]},{"@type":"WebSite","@id":"https:\/\/enviteka.lt\/#website","url":"https:\/\/enviteka.lt\/","name":"ENVITEKA","description":"pramonin\u0117s \u012frangos tiek\u0117jas","publisher":{"@id":"https:\/\/enviteka.lt\/#organization"},"potentialAction":[{"@type":"SearchAction","target":{"@type":"EntryPoint","urlTemplate":"https:\/\/enviteka.lt\/?s={search_term_string}"},"query-input":{"@type":"PropertyValueSpecification","valueRequired":true,"valueName":"search_term_string"}}],"inLanguage":"en-US"},{"@type":"Organization","@id":"https:\/\/enviteka.lt\/#organization","name":"ENVITEKA","url":"https:\/\/enviteka.lt\/","logo":{"@type":"ImageObject","inLanguage":"en-US","@id":"https:\/\/enviteka.lt\/#\/schema\/logo\/image\/","url":"https:\/\/enviteka.lt\/wp-content\/uploads\/2024\/10\/enviteka-high-resolution-logo-transparent-e1742852093377.png","contentUrl":"https:\/\/enviteka.lt\/wp-content\/uploads\/2024\/10\/enviteka-high-resolution-logo-transparent-e1742852093377.png","width":424,"height":150,"caption":"ENVITEKA"},"image":{"@id":"https:\/\/enviteka.lt\/#\/schema\/logo\/image\/"}}]}},"_links":{"self":[{"href":"https:\/\/enviteka.lt\/en\/wp-json\/wp\/v2\/product\/2386","targetHints":{"allow":["GET"]}}],"collection":[{"href":"https:\/\/enviteka.lt\/en\/wp-json\/wp\/v2\/product"}],"about":[{"href":"https:\/\/enviteka.lt\/en\/wp-json\/wp\/v2\/types\/product"}],"wp:featuredmedia":[{"embeddable":true,"href":"https:\/\/enviteka.lt\/en\/wp-json\/wp\/v2\/media\/2385"}],"wp:attachment":[{"href":"https:\/\/enviteka.lt\/en\/wp-json\/wp\/v2\/media?parent=2386"}],"wp:term":[{"taxonomy":"product_brand","embeddable":true,"href":"https:\/\/enviteka.lt\/en\/wp-json\/wp\/v2\/product_brand?post=2386"},{"taxonomy":"product_cat","embeddable":true,"href":"https:\/\/enviteka.lt\/en\/wp-json\/wp\/v2\/product_cat?post=2386"},{"taxonomy":"product_tag","embeddable":true,"href":"https:\/\/enviteka.lt\/en\/wp-json\/wp\/v2\/product_tag?post=2386"}],"curies":[{"name":"wp","href":"https:\/\/api.w.org\/{rel}","templated":true}]}}