{"id":2376,"date":"2025-09-17T18:10:27","date_gmt":"2025-09-17T18:10:27","guid":{"rendered":"https:\/\/enviteka.lt\/?post_type=product&#038;p=2376"},"modified":"2025-09-17T18:13:58","modified_gmt":"2025-09-17T18:13:58","slug":"homag-briaunu-laminavimo-stakliu-dirzas","status":"publish","type":"product","link":"https:\/\/enviteka.lt\/en\/product\/homag-briaunu-laminavimo-stakliu-dirzas\/","title":{"rendered":"Homag briaun\u0173 laminavimo stakli\u0173 dir\u017eas"},"content":{"rendered":"<p>Specialiai pritaikyti briaun\u0173 laminavimo stakl\u0117ms, naudojamoms visame pasaulyje.<\/p>\n<p>Pagaminti i\u0161 patvarios ir lanks\u010dios technologijos, u\u017etikrinan\u010dios ilg\u0105 tarnavimo laik\u0105.<\/p>\n<p><strong data-start=\"97\" data-end=\"122\">Galimi variantai:<\/strong><br data-start=\"122\" data-end=\"125\" \/>3-002-18-2550, 4-007-03-0000, 4-007-03-0045, 4-007-03-0046, 4-007-03-0062, 4-007-03-0073, 4-007-03-0074, 4-007-03-0088, 4-007-03-0155, 4-007-03-0156, 4-007-03-0160, 4-007-03-0161, 4-007-03-0182, 4-007-03-0257, 4-007-03-0259, 4-007-03-0260, 4-007-03-0261, 4-007-03-0262, 4-007-03-0283, 4-007-03-0854<\/p>\n<p>Gaminami ir pristatomi vos per kelias dienas, net ir senesniems modeliams.<\/p>\n<p>Si\u016blome individualius sprendimus, jei reikiamo dir\u017eo s\u0105ra\u0161e n\u0117ra susisiekite su mumis \u2013\u00a0 pateiksime tinkamiausi\u0105 sprendim\u0105 j\u016bs\u0173 stakl\u0117ms.<\/p>\n<p><strong>Pristatymas 2-9 d.d.<\/strong><\/p>","protected":false},"excerpt":{"rendered":"<p>Specialiai pritaikyti briaun\u0173 laminavimo stakl\u0117ms, naudojamoms visame pasaulyje. Pagaminti i\u0161 patvarios ir lanks\u010dios technologijos, u\u017etikrinan\u010dios ilg\u0105 tarnavimo laik\u0105. Galimi variantai:3-002-18-2550, [&hellip;]<\/p>","protected":false},"featured_media":2377,"template":"","meta":{"site-sidebar-layout":"default","site-content-layout":"","ast-site-content-layout":"default","site-content-style":"default","site-sidebar-style":"default","ast-global-header-display":"","ast-banner-title-visibility":"","ast-main-header-display":"","ast-hfb-above-header-display":"","ast-hfb-below-header-display":"","ast-hfb-mobile-header-display":"","site-post-title":"","ast-breadcrumbs-content":"","ast-featured-img":"","footer-sml-layout":"","ast-disable-related-posts":"","theme-transparent-header-meta":"default","adv-header-id-meta":"","stick-header-meta":"","header-above-stick-meta":"","header-main-stick-meta":"","header-below-stick-meta":"","astra-migrate-meta-layouts":"set","ast-page-background-enabled":"default","ast-page-background-meta":{"desktop":{"background-color":"var(--ast-global-color-4)","background-image":"","background-repeat":"repeat","background-position":"center center","background-size":"auto","background-attachment":"scroll","background-type":"","background-media":"","overlay-type":"","overlay-color":"","overlay-opacity":"","overlay-gradient":""},"tablet":{"background-color":"","background-image":"","background-repeat":"repeat","background-position":"center center","background-size":"auto","background-attachment":"scroll","background-type":"","background-media":"","overlay-type":"","overlay-color":"","overlay-opacity":"","overlay-gradient":""},"mobile":{"background-color":"","background-image":"","background-repeat":"repeat","background-position":"center center","background-size":"auto","background-attachment":"scroll","background-type":"","background-media":"","overlay-type":"","overlay-color":"","overlay-opacity":"","overlay-gradient":""}},"ast-content-background-meta":{"desktop":{"background-color":"var(--ast-global-color-5)","background-image":"","background-repeat":"repeat","background-position":"center center","background-size":"auto","background-attachment":"scroll","background-type":"","background-media":"","overlay-type":"","overlay-color":"","overlay-opacity":"","overlay-gradient":""},"tablet":{"background-color":"var(--ast-global-color-5)","background-image":"","background-repeat":"repeat","background-position":"center center","background-size":"auto","background-attachment":"scroll","background-type":"","background-media":"","overlay-type":"","overlay-color":"","overlay-opacity":"","overlay-gradient":""},"mobile":{"background-color":"var(--ast-global-color-5)","background-image":"","background-repeat":"repeat","background-position":"center center","background-size":"auto","background-attachment":"scroll","background-type":"","background-media":"","overlay-type":"","overlay-color":"","overlay-opacity":"","overlay-gradient":""}}},"product_brand":[],"product_cat":[52],"product_tag":[],"class_list":{"0":"post-2376","1":"product","2":"type-product","3":"status-publish","4":"has-post-thumbnail","6":"product_cat-specialios-paskirties-dirzai","7":"desktop-align-left","8":"tablet-align-left","9":"mobile-align-left","11":"first","12":"instock","13":"featured","14":"shipping-taxable","15":"product-type-simple"},"yoast_head":"<!-- This site is optimized with the Yoast SEO plugin v27.3 - https:\/\/yoast.com\/product\/yoast-seo-wordpress\/ -->\n<title>Homag briaun\u0173 laminavimo stakli\u0173 dir\u017eas - ENVITEKA<\/title>\n<meta name=\"description\" content=\"Auk\u0161tos kokyb\u0117s pakaitiniai dir\u017eai Biesse briaun\u0173 laminavimo stakl\u0117ms. Greita gamyba, patvar\u016bs dir\u017eai, sprendimai ir senesniems modeliams.\" \/>\n<meta name=\"robots\" content=\"index, follow, max-snippet:-1, max-image-preview:large, max-video-preview:-1\" \/>\n<link rel=\"canonical\" href=\"https:\/\/enviteka.lt\/en\/product\/homag-briaunu-laminavimo-stakliu-dirzas\/\" \/>\n<meta property=\"og:locale\" content=\"en_US\" \/>\n<meta property=\"og:type\" content=\"article\" \/>\n<meta property=\"og:title\" content=\"Homag briaun\u0173 laminavimo stakli\u0173 dir\u017eas - ENVITEKA\" \/>\n<meta property=\"og:description\" content=\"Auk\u0161tos kokyb\u0117s pakaitiniai dir\u017eai Biesse briaun\u0173 laminavimo stakl\u0117ms. Greita gamyba, patvar\u016bs dir\u017eai, sprendimai ir senesniems modeliams.\" \/>\n<meta property=\"og:url\" content=\"https:\/\/enviteka.lt\/en\/product\/homag-briaunu-laminavimo-stakliu-dirzas\/\" \/>\n<meta property=\"og:site_name\" content=\"ENVITEKA\" \/>\n<meta property=\"article:modified_time\" content=\"2025-09-17T18:13:58+00:00\" \/>\n<meta property=\"og:image\" content=\"https:\/\/enviteka.lt\/wp-content\/uploads\/2025\/09\/homag_dirzas_enviteka.jpg\" \/>\n\t<meta property=\"og:image:width\" content=\"531\" \/>\n\t<meta property=\"og:image:height\" content=\"346\" \/>\n\t<meta property=\"og:image:type\" content=\"image\/jpeg\" \/>\n<meta name=\"twitter:card\" content=\"summary_large_image\" \/>\n<meta name=\"twitter:label1\" content=\"Est. reading time\" \/>\n\t<meta name=\"twitter:data1\" content=\"1 minute\" \/>\n<script type=\"application\/ld+json\" class=\"yoast-schema-graph\">{\"@context\":\"https:\\\/\\\/schema.org\",\"@graph\":[{\"@type\":\"WebPage\",\"@id\":\"https:\\\/\\\/enviteka.lt\\\/produktas\\\/homag-briaunu-laminavimo-stakliu-dirzas\\\/\",\"url\":\"https:\\\/\\\/enviteka.lt\\\/produktas\\\/homag-briaunu-laminavimo-stakliu-dirzas\\\/\",\"name\":\"Homag briaun\u0173 laminavimo stakli\u0173 dir\u017eas - ENVITEKA\",\"isPartOf\":{\"@id\":\"https:\\\/\\\/enviteka.lt\\\/#website\"},\"primaryImageOfPage\":{\"@id\":\"https:\\\/\\\/enviteka.lt\\\/produktas\\\/homag-briaunu-laminavimo-stakliu-dirzas\\\/#primaryimage\"},\"image\":{\"@id\":\"https:\\\/\\\/enviteka.lt\\\/produktas\\\/homag-briaunu-laminavimo-stakliu-dirzas\\\/#primaryimage\"},\"thumbnailUrl\":\"https:\\\/\\\/enviteka.lt\\\/wp-content\\\/uploads\\\/2025\\\/09\\\/homag_dirzas_enviteka.jpg\",\"datePublished\":\"2025-09-17T18:10:27+00:00\",\"dateModified\":\"2025-09-17T18:13:58+00:00\",\"description\":\"Auk\u0161tos kokyb\u0117s pakaitiniai dir\u017eai Biesse briaun\u0173 laminavimo stakl\u0117ms. Greita gamyba, patvar\u016bs dir\u017eai, sprendimai ir senesniems modeliams.\",\"breadcrumb\":{\"@id\":\"https:\\\/\\\/enviteka.lt\\\/produktas\\\/homag-briaunu-laminavimo-stakliu-dirzas\\\/#breadcrumb\"},\"inLanguage\":\"en-US\",\"potentialAction\":[{\"@type\":\"ReadAction\",\"target\":[\"https:\\\/\\\/enviteka.lt\\\/produktas\\\/homag-briaunu-laminavimo-stakliu-dirzas\\\/\"]}]},{\"@type\":\"ImageObject\",\"inLanguage\":\"en-US\",\"@id\":\"https:\\\/\\\/enviteka.lt\\\/produktas\\\/homag-briaunu-laminavimo-stakliu-dirzas\\\/#primaryimage\",\"url\":\"https:\\\/\\\/enviteka.lt\\\/wp-content\\\/uploads\\\/2025\\\/09\\\/homag_dirzas_enviteka.jpg\",\"contentUrl\":\"https:\\\/\\\/enviteka.lt\\\/wp-content\\\/uploads\\\/2025\\\/09\\\/homag_dirzas_enviteka.jpg\",\"width\":531,\"height\":346},{\"@type\":\"BreadcrumbList\",\"@id\":\"https:\\\/\\\/enviteka.lt\\\/produktas\\\/homag-briaunu-laminavimo-stakliu-dirzas\\\/#breadcrumb\",\"itemListElement\":[{\"@type\":\"ListItem\",\"position\":1,\"name\":\"Home\",\"item\":\"https:\\\/\\\/enviteka.lt\\\/\"},{\"@type\":\"ListItem\",\"position\":2,\"name\":\"Produktai\",\"item\":\"https:\\\/\\\/enviteka.lt\\\/produktai\\\/\"},{\"@type\":\"ListItem\",\"position\":3,\"name\":\"Homag briaun\u0173 laminavimo stakli\u0173 dir\u017eas\"}]},{\"@type\":\"WebSite\",\"@id\":\"https:\\\/\\\/enviteka.lt\\\/#website\",\"url\":\"https:\\\/\\\/enviteka.lt\\\/\",\"name\":\"ENVITEKA\",\"description\":\"pramonin\u0117s \u012frangos tiek\u0117jas\",\"publisher\":{\"@id\":\"https:\\\/\\\/enviteka.lt\\\/#organization\"},\"potentialAction\":[{\"@type\":\"SearchAction\",\"target\":{\"@type\":\"EntryPoint\",\"urlTemplate\":\"https:\\\/\\\/enviteka.lt\\\/?s={search_term_string}\"},\"query-input\":{\"@type\":\"PropertyValueSpecification\",\"valueRequired\":true,\"valueName\":\"search_term_string\"}}],\"inLanguage\":\"en-US\"},{\"@type\":\"Organization\",\"@id\":\"https:\\\/\\\/enviteka.lt\\\/#organization\",\"name\":\"ENVITEKA\",\"url\":\"https:\\\/\\\/enviteka.lt\\\/\",\"logo\":{\"@type\":\"ImageObject\",\"inLanguage\":\"en-US\",\"@id\":\"https:\\\/\\\/enviteka.lt\\\/#\\\/schema\\\/logo\\\/image\\\/\",\"url\":\"https:\\\/\\\/enviteka.lt\\\/wp-content\\\/uploads\\\/2024\\\/10\\\/enviteka-high-resolution-logo-transparent-e1742852093377.png\",\"contentUrl\":\"https:\\\/\\\/enviteka.lt\\\/wp-content\\\/uploads\\\/2024\\\/10\\\/enviteka-high-resolution-logo-transparent-e1742852093377.png\",\"width\":424,\"height\":150,\"caption\":\"ENVITEKA\"},\"image\":{\"@id\":\"https:\\\/\\\/enviteka.lt\\\/#\\\/schema\\\/logo\\\/image\\\/\"}}]}<\/script>\n<!-- \/ Yoast SEO plugin. -->","yoast_head_json":{"title":"Homag briaun\u0173 laminavimo stakli\u0173 dir\u017eas - ENVITEKA","description":"Auk\u0161tos kokyb\u0117s pakaitiniai dir\u017eai Biesse briaun\u0173 laminavimo stakl\u0117ms. Greita gamyba, patvar\u016bs dir\u017eai, sprendimai ir senesniems modeliams.","robots":{"index":"index","follow":"follow","max-snippet":"max-snippet:-1","max-image-preview":"max-image-preview:large","max-video-preview":"max-video-preview:-1"},"canonical":"https:\/\/enviteka.lt\/en\/product\/homag-briaunu-laminavimo-stakliu-dirzas\/","og_locale":"en_US","og_type":"article","og_title":"Homag briaun\u0173 laminavimo stakli\u0173 dir\u017eas - ENVITEKA","og_description":"Auk\u0161tos kokyb\u0117s pakaitiniai dir\u017eai Biesse briaun\u0173 laminavimo stakl\u0117ms. Greita gamyba, patvar\u016bs dir\u017eai, sprendimai ir senesniems modeliams.","og_url":"https:\/\/enviteka.lt\/en\/product\/homag-briaunu-laminavimo-stakliu-dirzas\/","og_site_name":"ENVITEKA","article_modified_time":"2025-09-17T18:13:58+00:00","og_image":[{"width":531,"height":346,"url":"https:\/\/enviteka.lt\/wp-content\/uploads\/2025\/09\/homag_dirzas_enviteka.jpg","type":"image\/jpeg"}],"twitter_card":"summary_large_image","twitter_misc":{"Est. reading time":"1 minute"},"schema":{"@context":"https:\/\/schema.org","@graph":[{"@type":"WebPage","@id":"https:\/\/enviteka.lt\/produktas\/homag-briaunu-laminavimo-stakliu-dirzas\/","url":"https:\/\/enviteka.lt\/produktas\/homag-briaunu-laminavimo-stakliu-dirzas\/","name":"Homag briaun\u0173 laminavimo stakli\u0173 dir\u017eas - ENVITEKA","isPartOf":{"@id":"https:\/\/enviteka.lt\/#website"},"primaryImageOfPage":{"@id":"https:\/\/enviteka.lt\/produktas\/homag-briaunu-laminavimo-stakliu-dirzas\/#primaryimage"},"image":{"@id":"https:\/\/enviteka.lt\/produktas\/homag-briaunu-laminavimo-stakliu-dirzas\/#primaryimage"},"thumbnailUrl":"https:\/\/enviteka.lt\/wp-content\/uploads\/2025\/09\/homag_dirzas_enviteka.jpg","datePublished":"2025-09-17T18:10:27+00:00","dateModified":"2025-09-17T18:13:58+00:00","description":"Auk\u0161tos kokyb\u0117s pakaitiniai dir\u017eai Biesse briaun\u0173 laminavimo stakl\u0117ms. Greita gamyba, patvar\u016bs dir\u017eai, sprendimai ir senesniems modeliams.","breadcrumb":{"@id":"https:\/\/enviteka.lt\/produktas\/homag-briaunu-laminavimo-stakliu-dirzas\/#breadcrumb"},"inLanguage":"en-US","potentialAction":[{"@type":"ReadAction","target":["https:\/\/enviteka.lt\/produktas\/homag-briaunu-laminavimo-stakliu-dirzas\/"]}]},{"@type":"ImageObject","inLanguage":"en-US","@id":"https:\/\/enviteka.lt\/produktas\/homag-briaunu-laminavimo-stakliu-dirzas\/#primaryimage","url":"https:\/\/enviteka.lt\/wp-content\/uploads\/2025\/09\/homag_dirzas_enviteka.jpg","contentUrl":"https:\/\/enviteka.lt\/wp-content\/uploads\/2025\/09\/homag_dirzas_enviteka.jpg","width":531,"height":346},{"@type":"BreadcrumbList","@id":"https:\/\/enviteka.lt\/produktas\/homag-briaunu-laminavimo-stakliu-dirzas\/#breadcrumb","itemListElement":[{"@type":"ListItem","position":1,"name":"Home","item":"https:\/\/enviteka.lt\/"},{"@type":"ListItem","position":2,"name":"Produktai","item":"https:\/\/enviteka.lt\/produktai\/"},{"@type":"ListItem","position":3,"name":"Homag briaun\u0173 laminavimo stakli\u0173 dir\u017eas"}]},{"@type":"WebSite","@id":"https:\/\/enviteka.lt\/#website","url":"https:\/\/enviteka.lt\/","name":"ENVITEKA","description":"pramonin\u0117s \u012frangos tiek\u0117jas","publisher":{"@id":"https:\/\/enviteka.lt\/#organization"},"potentialAction":[{"@type":"SearchAction","target":{"@type":"EntryPoint","urlTemplate":"https:\/\/enviteka.lt\/?s={search_term_string}"},"query-input":{"@type":"PropertyValueSpecification","valueRequired":true,"valueName":"search_term_string"}}],"inLanguage":"en-US"},{"@type":"Organization","@id":"https:\/\/enviteka.lt\/#organization","name":"ENVITEKA","url":"https:\/\/enviteka.lt\/","logo":{"@type":"ImageObject","inLanguage":"en-US","@id":"https:\/\/enviteka.lt\/#\/schema\/logo\/image\/","url":"https:\/\/enviteka.lt\/wp-content\/uploads\/2024\/10\/enviteka-high-resolution-logo-transparent-e1742852093377.png","contentUrl":"https:\/\/enviteka.lt\/wp-content\/uploads\/2024\/10\/enviteka-high-resolution-logo-transparent-e1742852093377.png","width":424,"height":150,"caption":"ENVITEKA"},"image":{"@id":"https:\/\/enviteka.lt\/#\/schema\/logo\/image\/"}}]}},"_links":{"self":[{"href":"https:\/\/enviteka.lt\/en\/wp-json\/wp\/v2\/product\/2376","targetHints":{"allow":["GET"]}}],"collection":[{"href":"https:\/\/enviteka.lt\/en\/wp-json\/wp\/v2\/product"}],"about":[{"href":"https:\/\/enviteka.lt\/en\/wp-json\/wp\/v2\/types\/product"}],"wp:featuredmedia":[{"embeddable":true,"href":"https:\/\/enviteka.lt\/en\/wp-json\/wp\/v2\/media\/2377"}],"wp:attachment":[{"href":"https:\/\/enviteka.lt\/en\/wp-json\/wp\/v2\/media?parent=2376"}],"wp:term":[{"taxonomy":"product_brand","embeddable":true,"href":"https:\/\/enviteka.lt\/en\/wp-json\/wp\/v2\/product_brand?post=2376"},{"taxonomy":"product_cat","embeddable":true,"href":"https:\/\/enviteka.lt\/en\/wp-json\/wp\/v2\/product_cat?post=2376"},{"taxonomy":"product_tag","embeddable":true,"href":"https:\/\/enviteka.lt\/en\/wp-json\/wp\/v2\/product_tag?post=2376"}],"curies":[{"name":"wp","href":"https:\/\/api.w.org\/{rel}","templated":true}]}}