{"id":2369,"date":"2025-09-17T17:32:11","date_gmt":"2025-09-17T17:32:11","guid":{"rendered":"https:\/\/enviteka.lt\/?post_type=product&#038;p=2369"},"modified":"2025-09-17T17:55:58","modified_gmt":"2025-09-17T17:55:58","slug":"turanlar-briaunu-laminavimo-stakliu-dirzas","status":"publish","type":"product","link":"https:\/\/enviteka.lt\/en\/product\/turanlar-briaunu-laminavimo-stakliu-dirzas\/","title":{"rendered":"Turanlar briaun\u0173 laminavimo stakli\u0173 dir\u017eas"},"content":{"rendered":"<p>Specialiai sukurti Turanlar modeliams, taip pat suderinami su daugeliu kit\u0173 briaun\u0173 laminavimo stakli\u0173 visame pasaulyje.<\/p>\n<p>Pagaminti naudojant patvari\u0105 ir lanks\u010di\u0105 technologij\u0105, u\u017etikrinan\u010di\u0105 ilg\u0105 tarnavimo laik\u0105.<\/p>\n<p>Galime pagaminti ir pristatyti vos per kelias dienas, net ir senesniems stakli\u0173 tipams.<\/p>\n<p>Si\u016blome individualius sprendimus.<\/p>\n<p><strong>Susisiekite su mumis<\/strong> \u2013 jeigu turite klausym\u0173, norite \u012fsigyti ar reikia individualios gamybos kreipkit\u0117s pateiksime tinkamiausi\u0105 sprendim\u0105 j\u016bs\u0173 stakl\u0117ms<\/p>\n<p><strong>Pristatymas 2-9 d.d.<\/strong><\/p>","protected":false},"excerpt":{"rendered":"<p>Specialiai sukurti Turanlar modeliams, taip pat suderinami su daugeliu kit\u0173 briaun\u0173 laminavimo stakli\u0173 visame pasaulyje. Pagaminti naudojant patvari\u0105 ir lanks\u010di\u0105 [&hellip;]<\/p>","protected":false},"featured_media":2370,"template":"","meta":{"site-sidebar-layout":"default","site-content-layout":"","ast-site-content-layout":"default","site-content-style":"default","site-sidebar-style":"default","ast-global-header-display":"","ast-banner-title-visibility":"","ast-main-header-display":"","ast-hfb-above-header-display":"","ast-hfb-below-header-display":"","ast-hfb-mobile-header-display":"","site-post-title":"","ast-breadcrumbs-content":"","ast-featured-img":"","footer-sml-layout":"","ast-disable-related-posts":"","theme-transparent-header-meta":"default","adv-header-id-meta":"","stick-header-meta":"","header-above-stick-meta":"","header-main-stick-meta":"","header-below-stick-meta":"","astra-migrate-meta-layouts":"set","ast-page-background-enabled":"default","ast-page-background-meta":{"desktop":{"background-color":"var(--ast-global-color-4)","background-image":"","background-repeat":"repeat","background-position":"center center","background-size":"auto","background-attachment":"scroll","background-type":"","background-media":"","overlay-type":"","overlay-color":"","overlay-opacity":"","overlay-gradient":""},"tablet":{"background-color":"","background-image":"","background-repeat":"repeat","background-position":"center center","background-size":"auto","background-attachment":"scroll","background-type":"","background-media":"","overlay-type":"","overlay-color":"","overlay-opacity":"","overlay-gradient":""},"mobile":{"background-color":"","background-image":"","background-repeat":"repeat","background-position":"center center","background-size":"auto","background-attachment":"scroll","background-type":"","background-media":"","overlay-type":"","overlay-color":"","overlay-opacity":"","overlay-gradient":""}},"ast-content-background-meta":{"desktop":{"background-color":"var(--ast-global-color-5)","background-image":"","background-repeat":"repeat","background-position":"center center","background-size":"auto","background-attachment":"scroll","background-type":"","background-media":"","overlay-type":"","overlay-color":"","overlay-opacity":"","overlay-gradient":""},"tablet":{"background-color":"var(--ast-global-color-5)","background-image":"","background-repeat":"repeat","background-position":"center center","background-size":"auto","background-attachment":"scroll","background-type":"","background-media":"","overlay-type":"","overlay-color":"","overlay-opacity":"","overlay-gradient":""},"mobile":{"background-color":"var(--ast-global-color-5)","background-image":"","background-repeat":"repeat","background-position":"center center","background-size":"auto","background-attachment":"scroll","background-type":"","background-media":"","overlay-type":"","overlay-color":"","overlay-opacity":"","overlay-gradient":""}}},"product_brand":[],"product_cat":[52],"product_tag":[],"class_list":{"0":"post-2369","1":"product","2":"type-product","3":"status-publish","4":"has-post-thumbnail","6":"product_cat-specialios-paskirties-dirzai","7":"desktop-align-left","8":"tablet-align-left","9":"mobile-align-left","11":"first","12":"instock","13":"featured","14":"shipping-taxable","15":"product-type-simple"},"yoast_head":"<!-- This site is optimized with the Yoast SEO plugin v27.3 - https:\/\/yoast.com\/product\/yoast-seo-wordpress\/ -->\n<title>Turanlar briaun\u0173 laminavimo stakli\u0173 dir\u017eas - ENVITEKA<\/title>\n<meta name=\"description\" content=\"Auk\u0161tos kokyb\u0117s ir ilgaam\u017eis \u012fvairioms pramon\u0117s reikm\u0117ms.\" \/>\n<meta name=\"robots\" content=\"index, follow, max-snippet:-1, max-image-preview:large, max-video-preview:-1\" \/>\n<link rel=\"canonical\" href=\"https:\/\/enviteka.lt\/en\/product\/turanlar-briaunu-laminavimo-stakliu-dirzas\/\" \/>\n<meta property=\"og:locale\" content=\"en_US\" \/>\n<meta property=\"og:type\" content=\"article\" \/>\n<meta property=\"og:title\" content=\"Turanlar briaun\u0173 laminavimo stakli\u0173 dir\u017eas - ENVITEKA\" \/>\n<meta property=\"og:description\" content=\"Auk\u0161tos kokyb\u0117s ir ilgaam\u017eis \u012fvairioms pramon\u0117s reikm\u0117ms.\" \/>\n<meta property=\"og:url\" content=\"https:\/\/enviteka.lt\/en\/product\/turanlar-briaunu-laminavimo-stakliu-dirzas\/\" \/>\n<meta property=\"og:site_name\" content=\"ENVITEKA\" \/>\n<meta property=\"article:modified_time\" content=\"2025-09-17T17:55:58+00:00\" \/>\n<meta property=\"og:image\" content=\"https:\/\/enviteka.lt\/wp-content\/uploads\/2025\/09\/Turanlar_stakles.jpg\" \/>\n\t<meta property=\"og:image:width\" content=\"409\" \/>\n\t<meta property=\"og:image:height\" content=\"526\" \/>\n\t<meta property=\"og:image:type\" content=\"image\/jpeg\" \/>\n<meta name=\"twitter:card\" content=\"summary_large_image\" \/>\n<meta name=\"twitter:label1\" content=\"Est. reading time\" \/>\n\t<meta name=\"twitter:data1\" content=\"1 minute\" \/>\n<script type=\"application\/ld+json\" class=\"yoast-schema-graph\">{\"@context\":\"https:\\\/\\\/schema.org\",\"@graph\":[{\"@type\":\"WebPage\",\"@id\":\"https:\\\/\\\/enviteka.lt\\\/produktas\\\/turanlar-briaunu-laminavimo-stakliu-dirzas\\\/\",\"url\":\"https:\\\/\\\/enviteka.lt\\\/produktas\\\/turanlar-briaunu-laminavimo-stakliu-dirzas\\\/\",\"name\":\"Turanlar briaun\u0173 laminavimo stakli\u0173 dir\u017eas - ENVITEKA\",\"isPartOf\":{\"@id\":\"https:\\\/\\\/enviteka.lt\\\/#website\"},\"primaryImageOfPage\":{\"@id\":\"https:\\\/\\\/enviteka.lt\\\/produktas\\\/turanlar-briaunu-laminavimo-stakliu-dirzas\\\/#primaryimage\"},\"image\":{\"@id\":\"https:\\\/\\\/enviteka.lt\\\/produktas\\\/turanlar-briaunu-laminavimo-stakliu-dirzas\\\/#primaryimage\"},\"thumbnailUrl\":\"https:\\\/\\\/enviteka.lt\\\/wp-content\\\/uploads\\\/2025\\\/09\\\/Turanlar_stakles.jpg\",\"datePublished\":\"2025-09-17T17:32:11+00:00\",\"dateModified\":\"2025-09-17T17:55:58+00:00\",\"description\":\"Auk\u0161tos kokyb\u0117s ir ilgaam\u017eis \u012fvairioms pramon\u0117s reikm\u0117ms.\",\"breadcrumb\":{\"@id\":\"https:\\\/\\\/enviteka.lt\\\/produktas\\\/turanlar-briaunu-laminavimo-stakliu-dirzas\\\/#breadcrumb\"},\"inLanguage\":\"en-US\",\"potentialAction\":[{\"@type\":\"ReadAction\",\"target\":[\"https:\\\/\\\/enviteka.lt\\\/produktas\\\/turanlar-briaunu-laminavimo-stakliu-dirzas\\\/\"]}]},{\"@type\":\"ImageObject\",\"inLanguage\":\"en-US\",\"@id\":\"https:\\\/\\\/enviteka.lt\\\/produktas\\\/turanlar-briaunu-laminavimo-stakliu-dirzas\\\/#primaryimage\",\"url\":\"https:\\\/\\\/enviteka.lt\\\/wp-content\\\/uploads\\\/2025\\\/09\\\/Turanlar_stakles.jpg\",\"contentUrl\":\"https:\\\/\\\/enviteka.lt\\\/wp-content\\\/uploads\\\/2025\\\/09\\\/Turanlar_stakles.jpg\",\"width\":409,\"height\":526},{\"@type\":\"BreadcrumbList\",\"@id\":\"https:\\\/\\\/enviteka.lt\\\/produktas\\\/turanlar-briaunu-laminavimo-stakliu-dirzas\\\/#breadcrumb\",\"itemListElement\":[{\"@type\":\"ListItem\",\"position\":1,\"name\":\"Home\",\"item\":\"https:\\\/\\\/enviteka.lt\\\/\"},{\"@type\":\"ListItem\",\"position\":2,\"name\":\"Produktai\",\"item\":\"https:\\\/\\\/enviteka.lt\\\/produktai\\\/\"},{\"@type\":\"ListItem\",\"position\":3,\"name\":\"Turanlar briaun\u0173 laminavimo stakli\u0173 dir\u017eas\"}]},{\"@type\":\"WebSite\",\"@id\":\"https:\\\/\\\/enviteka.lt\\\/#website\",\"url\":\"https:\\\/\\\/enviteka.lt\\\/\",\"name\":\"ENVITEKA\",\"description\":\"pramonin\u0117s \u012frangos tiek\u0117jas\",\"publisher\":{\"@id\":\"https:\\\/\\\/enviteka.lt\\\/#organization\"},\"potentialAction\":[{\"@type\":\"SearchAction\",\"target\":{\"@type\":\"EntryPoint\",\"urlTemplate\":\"https:\\\/\\\/enviteka.lt\\\/?s={search_term_string}\"},\"query-input\":{\"@type\":\"PropertyValueSpecification\",\"valueRequired\":true,\"valueName\":\"search_term_string\"}}],\"inLanguage\":\"en-US\"},{\"@type\":\"Organization\",\"@id\":\"https:\\\/\\\/enviteka.lt\\\/#organization\",\"name\":\"ENVITEKA\",\"url\":\"https:\\\/\\\/enviteka.lt\\\/\",\"logo\":{\"@type\":\"ImageObject\",\"inLanguage\":\"en-US\",\"@id\":\"https:\\\/\\\/enviteka.lt\\\/#\\\/schema\\\/logo\\\/image\\\/\",\"url\":\"https:\\\/\\\/enviteka.lt\\\/wp-content\\\/uploads\\\/2024\\\/10\\\/enviteka-high-resolution-logo-transparent-e1742852093377.png\",\"contentUrl\":\"https:\\\/\\\/enviteka.lt\\\/wp-content\\\/uploads\\\/2024\\\/10\\\/enviteka-high-resolution-logo-transparent-e1742852093377.png\",\"width\":424,\"height\":150,\"caption\":\"ENVITEKA\"},\"image\":{\"@id\":\"https:\\\/\\\/enviteka.lt\\\/#\\\/schema\\\/logo\\\/image\\\/\"}}]}<\/script>\n<!-- \/ Yoast SEO plugin. -->","yoast_head_json":{"title":"Turanlar briaun\u0173 laminavimo stakli\u0173 dir\u017eas - ENVITEKA","description":"Auk\u0161tos kokyb\u0117s ir ilgaam\u017eis \u012fvairioms pramon\u0117s reikm\u0117ms.","robots":{"index":"index","follow":"follow","max-snippet":"max-snippet:-1","max-image-preview":"max-image-preview:large","max-video-preview":"max-video-preview:-1"},"canonical":"https:\/\/enviteka.lt\/en\/product\/turanlar-briaunu-laminavimo-stakliu-dirzas\/","og_locale":"en_US","og_type":"article","og_title":"Turanlar briaun\u0173 laminavimo stakli\u0173 dir\u017eas - ENVITEKA","og_description":"Auk\u0161tos kokyb\u0117s ir ilgaam\u017eis \u012fvairioms pramon\u0117s reikm\u0117ms.","og_url":"https:\/\/enviteka.lt\/en\/product\/turanlar-briaunu-laminavimo-stakliu-dirzas\/","og_site_name":"ENVITEKA","article_modified_time":"2025-09-17T17:55:58+00:00","og_image":[{"width":409,"height":526,"url":"https:\/\/enviteka.lt\/wp-content\/uploads\/2025\/09\/Turanlar_stakles.jpg","type":"image\/jpeg"}],"twitter_card":"summary_large_image","twitter_misc":{"Est. reading time":"1 minute"},"schema":{"@context":"https:\/\/schema.org","@graph":[{"@type":"WebPage","@id":"https:\/\/enviteka.lt\/produktas\/turanlar-briaunu-laminavimo-stakliu-dirzas\/","url":"https:\/\/enviteka.lt\/produktas\/turanlar-briaunu-laminavimo-stakliu-dirzas\/","name":"Turanlar briaun\u0173 laminavimo stakli\u0173 dir\u017eas - ENVITEKA","isPartOf":{"@id":"https:\/\/enviteka.lt\/#website"},"primaryImageOfPage":{"@id":"https:\/\/enviteka.lt\/produktas\/turanlar-briaunu-laminavimo-stakliu-dirzas\/#primaryimage"},"image":{"@id":"https:\/\/enviteka.lt\/produktas\/turanlar-briaunu-laminavimo-stakliu-dirzas\/#primaryimage"},"thumbnailUrl":"https:\/\/enviteka.lt\/wp-content\/uploads\/2025\/09\/Turanlar_stakles.jpg","datePublished":"2025-09-17T17:32:11+00:00","dateModified":"2025-09-17T17:55:58+00:00","description":"Auk\u0161tos kokyb\u0117s ir ilgaam\u017eis \u012fvairioms pramon\u0117s reikm\u0117ms.","breadcrumb":{"@id":"https:\/\/enviteka.lt\/produktas\/turanlar-briaunu-laminavimo-stakliu-dirzas\/#breadcrumb"},"inLanguage":"en-US","potentialAction":[{"@type":"ReadAction","target":["https:\/\/enviteka.lt\/produktas\/turanlar-briaunu-laminavimo-stakliu-dirzas\/"]}]},{"@type":"ImageObject","inLanguage":"en-US","@id":"https:\/\/enviteka.lt\/produktas\/turanlar-briaunu-laminavimo-stakliu-dirzas\/#primaryimage","url":"https:\/\/enviteka.lt\/wp-content\/uploads\/2025\/09\/Turanlar_stakles.jpg","contentUrl":"https:\/\/enviteka.lt\/wp-content\/uploads\/2025\/09\/Turanlar_stakles.jpg","width":409,"height":526},{"@type":"BreadcrumbList","@id":"https:\/\/enviteka.lt\/produktas\/turanlar-briaunu-laminavimo-stakliu-dirzas\/#breadcrumb","itemListElement":[{"@type":"ListItem","position":1,"name":"Home","item":"https:\/\/enviteka.lt\/"},{"@type":"ListItem","position":2,"name":"Produktai","item":"https:\/\/enviteka.lt\/produktai\/"},{"@type":"ListItem","position":3,"name":"Turanlar briaun\u0173 laminavimo stakli\u0173 dir\u017eas"}]},{"@type":"WebSite","@id":"https:\/\/enviteka.lt\/#website","url":"https:\/\/enviteka.lt\/","name":"ENVITEKA","description":"pramonin\u0117s \u012frangos tiek\u0117jas","publisher":{"@id":"https:\/\/enviteka.lt\/#organization"},"potentialAction":[{"@type":"SearchAction","target":{"@type":"EntryPoint","urlTemplate":"https:\/\/enviteka.lt\/?s={search_term_string}"},"query-input":{"@type":"PropertyValueSpecification","valueRequired":true,"valueName":"search_term_string"}}],"inLanguage":"en-US"},{"@type":"Organization","@id":"https:\/\/enviteka.lt\/#organization","name":"ENVITEKA","url":"https:\/\/enviteka.lt\/","logo":{"@type":"ImageObject","inLanguage":"en-US","@id":"https:\/\/enviteka.lt\/#\/schema\/logo\/image\/","url":"https:\/\/enviteka.lt\/wp-content\/uploads\/2024\/10\/enviteka-high-resolution-logo-transparent-e1742852093377.png","contentUrl":"https:\/\/enviteka.lt\/wp-content\/uploads\/2024\/10\/enviteka-high-resolution-logo-transparent-e1742852093377.png","width":424,"height":150,"caption":"ENVITEKA"},"image":{"@id":"https:\/\/enviteka.lt\/#\/schema\/logo\/image\/"}}]}},"_links":{"self":[{"href":"https:\/\/enviteka.lt\/en\/wp-json\/wp\/v2\/product\/2369","targetHints":{"allow":["GET"]}}],"collection":[{"href":"https:\/\/enviteka.lt\/en\/wp-json\/wp\/v2\/product"}],"about":[{"href":"https:\/\/enviteka.lt\/en\/wp-json\/wp\/v2\/types\/product"}],"wp:featuredmedia":[{"embeddable":true,"href":"https:\/\/enviteka.lt\/en\/wp-json\/wp\/v2\/media\/2370"}],"wp:attachment":[{"href":"https:\/\/enviteka.lt\/en\/wp-json\/wp\/v2\/media?parent=2369"}],"wp:term":[{"taxonomy":"product_brand","embeddable":true,"href":"https:\/\/enviteka.lt\/en\/wp-json\/wp\/v2\/product_brand?post=2369"},{"taxonomy":"product_cat","embeddable":true,"href":"https:\/\/enviteka.lt\/en\/wp-json\/wp\/v2\/product_cat?post=2369"},{"taxonomy":"product_tag","embeddable":true,"href":"https:\/\/enviteka.lt\/en\/wp-json\/wp\/v2\/product_tag?post=2369"}],"curies":[{"name":"wp","href":"https:\/\/api.w.org\/{rel}","templated":true}]}}