{"id":2351,"date":"2025-07-29T20:01:51","date_gmt":"2025-07-29T20:01:51","guid":{"rendered":"https:\/\/enviteka.lt\/?post_type=product&#038;p=2351"},"modified":"2025-07-29T20:03:52","modified_gmt":"2025-07-29T20:03:52","slug":"konvejerio-ritinelis-50-mm-200-mm-ilgis","status":"publish","type":"product","link":"https:\/\/enviteka.lt\/en\/product\/konvejerio-ritinelis-50-mm-200-mm-ilgis\/","title":{"rendered":"Konvejerio ritin\u0117lis 50 mm 200 mm ilgis"},"content":{"rendered":"<p><strong>Apra\u0161ymas &#8211; <\/strong>ritin\u0117lis su 50 mm skersmens galvanizuoto plieno vamzd\u017eiu ir 200 mm montavimo ilgiu \u2013 tai kompakti\u0161kas, patikimas komponentas konvejeri\u0173 sistemoms. Abu veleno galai turi M8x15 mm vidinius sriegius, kas u\u017etikrina greit\u0105 ir tiksl\u0173 pritvirtinim\u0105.<\/p>\n<ul>\n<li data-start=\"402\" data-end=\"580\"><strong>Vamzd\u017eio skersmuo:<\/strong> 50 mm<\/li>\n<li data-start=\"854\" data-end=\"883\"><strong data-start=\"854\" data-end=\"874\">Sienel\u0117s storis:<\/strong> 1,5 mm<\/li>\n<li data-start=\"886\" data-end=\"919\"><strong data-start=\"886\" data-end=\"910\">Montavimo ilgis (B):<\/strong> 200 mm<\/li>\n<li data-start=\"922\" data-end=\"955\"><strong data-start=\"922\" data-end=\"946\">Vamzd\u017eio ilgis (B1):<\/strong> 193 mm<\/li>\n<li data-start=\"958\" data-end=\"986\"><strong data-start=\"958\" data-end=\"978\">Veleno skersmuo:<\/strong> 12 mm<\/li>\n<li data-start=\"989\" data-end=\"1020\"><strong data-start=\"989\" data-end=\"1011\">Veleno ilgis (B0):<\/strong> 199 mm<\/li>\n<li data-start=\"1023\" data-end=\"1081\"><strong data-start=\"1023\" data-end=\"1040\">Veleno galai:<\/strong> M8 x 15 mm vidiniai sriegiai (abu galai)<\/li>\n<li><strong>Vamzdis:<\/strong> Galvanizuotas plienas<\/li>\n<li data-start=\"1160\" data-end=\"1182\"><strong data-start=\"1160\" data-end=\"1172\">Velenas:<\/strong> Plienas<\/li>\n<li data-start=\"1185\" data-end=\"1222\"><strong data-start=\"1185\" data-end=\"1197\">Guoliai:<\/strong> 6002 tipo, POM korpuse<\/li>\n<li data-start=\"1225\" data-end=\"1264\"><strong data-start=\"1225\" data-end=\"1247\">Maksimali apkrova:<\/strong> 1200 N (~110 kg)<\/li>\n<\/ul>\n<p><strong>Susisiekite su mumis<\/strong> \u2013 jeigu turite klausym\u0173, norite \u012fsigyti.<\/p>\n<p><strong>Turime sand\u0117lyje. Pristatymas 2-3 d.d.<\/strong><\/p>","protected":false},"excerpt":{"rendered":"<p>Apra\u0161ymas &#8211; ritin\u0117lis su 50 mm skersmens galvanizuoto plieno vamzd\u017eiu ir 200 mm montavimo ilgiu \u2013 tai kompakti\u0161kas, patikimas komponentas [&hellip;]<\/p>","protected":false},"featured_media":2352,"template":"","meta":{"site-sidebar-layout":"default","site-content-layout":"","ast-site-content-layout":"default","site-content-style":"default","site-sidebar-style":"default","ast-global-header-display":"","ast-banner-title-visibility":"","ast-main-header-display":"","ast-hfb-above-header-display":"","ast-hfb-below-header-display":"","ast-hfb-mobile-header-display":"","site-post-title":"","ast-breadcrumbs-content":"","ast-featured-img":"","footer-sml-layout":"","ast-disable-related-posts":"","theme-transparent-header-meta":"default","adv-header-id-meta":"","stick-header-meta":"","header-above-stick-meta":"","header-main-stick-meta":"","header-below-stick-meta":"","astra-migrate-meta-layouts":"set","ast-page-background-enabled":"default","ast-page-background-meta":{"desktop":{"background-color":"var(--ast-global-color-4)","background-image":"","background-repeat":"repeat","background-position":"center center","background-size":"auto","background-attachment":"scroll","background-type":"","background-media":"","overlay-type":"","overlay-color":"","overlay-opacity":"","overlay-gradient":""},"tablet":{"background-color":"","background-image":"","background-repeat":"repeat","background-position":"center center","background-size":"auto","background-attachment":"scroll","background-type":"","background-media":"","overlay-type":"","overlay-color":"","overlay-opacity":"","overlay-gradient":""},"mobile":{"background-color":"","background-image":"","background-repeat":"repeat","background-position":"center center","background-size":"auto","background-attachment":"scroll","background-type":"","background-media":"","overlay-type":"","overlay-color":"","overlay-opacity":"","overlay-gradient":""}},"ast-content-background-meta":{"desktop":{"background-color":"var(--ast-global-color-5)","background-image":"","background-repeat":"repeat","background-position":"center center","background-size":"auto","background-attachment":"scroll","background-type":"","background-media":"","overlay-type":"","overlay-color":"","overlay-opacity":"","overlay-gradient":""},"tablet":{"background-color":"var(--ast-global-color-5)","background-image":"","background-repeat":"repeat","background-position":"center center","background-size":"auto","background-attachment":"scroll","background-type":"","background-media":"","overlay-type":"","overlay-color":"","overlay-opacity":"","overlay-gradient":""},"mobile":{"background-color":"var(--ast-global-color-5)","background-image":"","background-repeat":"repeat","background-position":"center center","background-size":"auto","background-attachment":"scroll","background-type":"","background-media":"","overlay-type":"","overlay-color":"","overlay-opacity":"","overlay-gradient":""}}},"product_brand":[],"product_cat":[137,84],"product_tag":[],"class_list":{"0":"post-2351","1":"product","2":"type-product","3":"status-publish","4":"has-post-thumbnail","6":"product_cat-gravitaciniai-ritineliai","7":"product_cat-konvejeriu-ritineliai","8":"desktop-align-left","9":"tablet-align-left","10":"mobile-align-left","12":"first","13":"instock","14":"featured","15":"shipping-taxable","16":"product-type-simple"},"yoast_head":"<!-- This site is optimized with the Yoast SEO plugin v27.3 - https:\/\/yoast.com\/product\/yoast-seo-wordpress\/ -->\n<title>Konvejerio ritin\u0117lis 50 mm 200 mm ilgis - ENVITEKA<\/title>\n<meta name=\"description\" content=\"Ner\u016bdijan\u010dio plieno ritin\u0117lis 200 mm ilgio, 50 mm galvanizuotas vamzdis, sriegiai M8x15 mm, guoliai 6202. Apkrova iki 1200 N. Puikiai tinka konvejeriams.\" \/>\n<meta name=\"robots\" content=\"index, follow, max-snippet:-1, max-image-preview:large, max-video-preview:-1\" \/>\n<link rel=\"canonical\" href=\"https:\/\/enviteka.lt\/en\/product\/konvejerio-ritinelis-50-mm-200-mm-ilgis\/\" \/>\n<meta property=\"og:locale\" content=\"en_US\" \/>\n<meta property=\"og:type\" content=\"article\" \/>\n<meta property=\"og:title\" content=\"Konvejerio ritin\u0117lis 50 mm 200 mm ilgis - ENVITEKA\" \/>\n<meta property=\"og:description\" content=\"Ner\u016bdijan\u010dio plieno ritin\u0117lis 200 mm ilgio, 50 mm galvanizuotas vamzdis, sriegiai M8x15 mm, guoliai 6202. Apkrova iki 1200 N. Puikiai tinka konvejeriams.\" \/>\n<meta property=\"og:url\" content=\"https:\/\/enviteka.lt\/en\/product\/konvejerio-ritinelis-50-mm-200-mm-ilgis\/\" \/>\n<meta property=\"og:site_name\" content=\"ENVITEKA\" \/>\n<meta property=\"article:modified_time\" content=\"2025-07-29T20:03:52+00:00\" \/>\n<meta property=\"og:image\" content=\"https:\/\/enviteka.lt\/wp-content\/uploads\/2025\/07\/200.jpg\" \/>\n\t<meta property=\"og:image:width\" content=\"525\" \/>\n\t<meta property=\"og:image:height\" content=\"493\" \/>\n\t<meta property=\"og:image:type\" content=\"image\/jpeg\" \/>\n<meta name=\"twitter:card\" content=\"summary_large_image\" \/>\n<meta name=\"twitter:label1\" content=\"Est. reading time\" \/>\n\t<meta name=\"twitter:data1\" content=\"1 minute\" \/>\n<script type=\"application\/ld+json\" class=\"yoast-schema-graph\">{\"@context\":\"https:\\\/\\\/schema.org\",\"@graph\":[{\"@type\":\"WebPage\",\"@id\":\"https:\\\/\\\/enviteka.lt\\\/produktas\\\/konvejerio-ritinelis-50-mm-200-mm-ilgis\\\/\",\"url\":\"https:\\\/\\\/enviteka.lt\\\/produktas\\\/konvejerio-ritinelis-50-mm-200-mm-ilgis\\\/\",\"name\":\"Konvejerio ritin\u0117lis 50 mm 200 mm ilgis - ENVITEKA\",\"isPartOf\":{\"@id\":\"https:\\\/\\\/enviteka.lt\\\/#website\"},\"primaryImageOfPage\":{\"@id\":\"https:\\\/\\\/enviteka.lt\\\/produktas\\\/konvejerio-ritinelis-50-mm-200-mm-ilgis\\\/#primaryimage\"},\"image\":{\"@id\":\"https:\\\/\\\/enviteka.lt\\\/produktas\\\/konvejerio-ritinelis-50-mm-200-mm-ilgis\\\/#primaryimage\"},\"thumbnailUrl\":\"https:\\\/\\\/enviteka.lt\\\/wp-content\\\/uploads\\\/2025\\\/07\\\/200.jpg\",\"datePublished\":\"2025-07-29T20:01:51+00:00\",\"dateModified\":\"2025-07-29T20:03:52+00:00\",\"description\":\"Ner\u016bdijan\u010dio plieno ritin\u0117lis 200 mm ilgio, 50 mm galvanizuotas vamzdis, sriegiai M8x15 mm, guoliai 6202. Apkrova iki 1200 N. Puikiai tinka konvejeriams.\",\"breadcrumb\":{\"@id\":\"https:\\\/\\\/enviteka.lt\\\/produktas\\\/konvejerio-ritinelis-50-mm-200-mm-ilgis\\\/#breadcrumb\"},\"inLanguage\":\"en-US\",\"potentialAction\":[{\"@type\":\"ReadAction\",\"target\":[\"https:\\\/\\\/enviteka.lt\\\/produktas\\\/konvejerio-ritinelis-50-mm-200-mm-ilgis\\\/\"]}]},{\"@type\":\"ImageObject\",\"inLanguage\":\"en-US\",\"@id\":\"https:\\\/\\\/enviteka.lt\\\/produktas\\\/konvejerio-ritinelis-50-mm-200-mm-ilgis\\\/#primaryimage\",\"url\":\"https:\\\/\\\/enviteka.lt\\\/wp-content\\\/uploads\\\/2025\\\/07\\\/200.jpg\",\"contentUrl\":\"https:\\\/\\\/enviteka.lt\\\/wp-content\\\/uploads\\\/2025\\\/07\\\/200.jpg\",\"width\":525,\"height\":493},{\"@type\":\"BreadcrumbList\",\"@id\":\"https:\\\/\\\/enviteka.lt\\\/produktas\\\/konvejerio-ritinelis-50-mm-200-mm-ilgis\\\/#breadcrumb\",\"itemListElement\":[{\"@type\":\"ListItem\",\"position\":1,\"name\":\"Home\",\"item\":\"https:\\\/\\\/enviteka.lt\\\/\"},{\"@type\":\"ListItem\",\"position\":2,\"name\":\"Produktai\",\"item\":\"https:\\\/\\\/enviteka.lt\\\/produktai\\\/\"},{\"@type\":\"ListItem\",\"position\":3,\"name\":\"Konvejerio ritin\u0117lis 50 mm 200 mm ilgis\"}]},{\"@type\":\"WebSite\",\"@id\":\"https:\\\/\\\/enviteka.lt\\\/#website\",\"url\":\"https:\\\/\\\/enviteka.lt\\\/\",\"name\":\"ENVITEKA\",\"description\":\"pramonin\u0117s \u012frangos tiek\u0117jas\",\"publisher\":{\"@id\":\"https:\\\/\\\/enviteka.lt\\\/#organization\"},\"potentialAction\":[{\"@type\":\"SearchAction\",\"target\":{\"@type\":\"EntryPoint\",\"urlTemplate\":\"https:\\\/\\\/enviteka.lt\\\/?s={search_term_string}\"},\"query-input\":{\"@type\":\"PropertyValueSpecification\",\"valueRequired\":true,\"valueName\":\"search_term_string\"}}],\"inLanguage\":\"en-US\"},{\"@type\":\"Organization\",\"@id\":\"https:\\\/\\\/enviteka.lt\\\/#organization\",\"name\":\"ENVITEKA\",\"url\":\"https:\\\/\\\/enviteka.lt\\\/\",\"logo\":{\"@type\":\"ImageObject\",\"inLanguage\":\"en-US\",\"@id\":\"https:\\\/\\\/enviteka.lt\\\/#\\\/schema\\\/logo\\\/image\\\/\",\"url\":\"https:\\\/\\\/enviteka.lt\\\/wp-content\\\/uploads\\\/2024\\\/10\\\/enviteka-high-resolution-logo-transparent-e1742852093377.png\",\"contentUrl\":\"https:\\\/\\\/enviteka.lt\\\/wp-content\\\/uploads\\\/2024\\\/10\\\/enviteka-high-resolution-logo-transparent-e1742852093377.png\",\"width\":424,\"height\":150,\"caption\":\"ENVITEKA\"},\"image\":{\"@id\":\"https:\\\/\\\/enviteka.lt\\\/#\\\/schema\\\/logo\\\/image\\\/\"}}]}<\/script>\n<!-- \/ Yoast SEO plugin. -->","yoast_head_json":{"title":"Konvejerio ritin\u0117lis 50 mm 200 mm ilgis - ENVITEKA","description":"Ner\u016bdijan\u010dio plieno ritin\u0117lis 200 mm ilgio, 50 mm galvanizuotas vamzdis, sriegiai M8x15 mm, guoliai 6202. Apkrova iki 1200 N. Puikiai tinka konvejeriams.","robots":{"index":"index","follow":"follow","max-snippet":"max-snippet:-1","max-image-preview":"max-image-preview:large","max-video-preview":"max-video-preview:-1"},"canonical":"https:\/\/enviteka.lt\/en\/product\/konvejerio-ritinelis-50-mm-200-mm-ilgis\/","og_locale":"en_US","og_type":"article","og_title":"Konvejerio ritin\u0117lis 50 mm 200 mm ilgis - ENVITEKA","og_description":"Ner\u016bdijan\u010dio plieno ritin\u0117lis 200 mm ilgio, 50 mm galvanizuotas vamzdis, sriegiai M8x15 mm, guoliai 6202. Apkrova iki 1200 N. Puikiai tinka konvejeriams.","og_url":"https:\/\/enviteka.lt\/en\/product\/konvejerio-ritinelis-50-mm-200-mm-ilgis\/","og_site_name":"ENVITEKA","article_modified_time":"2025-07-29T20:03:52+00:00","og_image":[{"width":525,"height":493,"url":"https:\/\/enviteka.lt\/wp-content\/uploads\/2025\/07\/200.jpg","type":"image\/jpeg"}],"twitter_card":"summary_large_image","twitter_misc":{"Est. reading time":"1 minute"},"schema":{"@context":"https:\/\/schema.org","@graph":[{"@type":"WebPage","@id":"https:\/\/enviteka.lt\/produktas\/konvejerio-ritinelis-50-mm-200-mm-ilgis\/","url":"https:\/\/enviteka.lt\/produktas\/konvejerio-ritinelis-50-mm-200-mm-ilgis\/","name":"Konvejerio ritin\u0117lis 50 mm 200 mm ilgis - ENVITEKA","isPartOf":{"@id":"https:\/\/enviteka.lt\/#website"},"primaryImageOfPage":{"@id":"https:\/\/enviteka.lt\/produktas\/konvejerio-ritinelis-50-mm-200-mm-ilgis\/#primaryimage"},"image":{"@id":"https:\/\/enviteka.lt\/produktas\/konvejerio-ritinelis-50-mm-200-mm-ilgis\/#primaryimage"},"thumbnailUrl":"https:\/\/enviteka.lt\/wp-content\/uploads\/2025\/07\/200.jpg","datePublished":"2025-07-29T20:01:51+00:00","dateModified":"2025-07-29T20:03:52+00:00","description":"Ner\u016bdijan\u010dio plieno ritin\u0117lis 200 mm ilgio, 50 mm galvanizuotas vamzdis, sriegiai M8x15 mm, guoliai 6202. Apkrova iki 1200 N. Puikiai tinka konvejeriams.","breadcrumb":{"@id":"https:\/\/enviteka.lt\/produktas\/konvejerio-ritinelis-50-mm-200-mm-ilgis\/#breadcrumb"},"inLanguage":"en-US","potentialAction":[{"@type":"ReadAction","target":["https:\/\/enviteka.lt\/produktas\/konvejerio-ritinelis-50-mm-200-mm-ilgis\/"]}]},{"@type":"ImageObject","inLanguage":"en-US","@id":"https:\/\/enviteka.lt\/produktas\/konvejerio-ritinelis-50-mm-200-mm-ilgis\/#primaryimage","url":"https:\/\/enviteka.lt\/wp-content\/uploads\/2025\/07\/200.jpg","contentUrl":"https:\/\/enviteka.lt\/wp-content\/uploads\/2025\/07\/200.jpg","width":525,"height":493},{"@type":"BreadcrumbList","@id":"https:\/\/enviteka.lt\/produktas\/konvejerio-ritinelis-50-mm-200-mm-ilgis\/#breadcrumb","itemListElement":[{"@type":"ListItem","position":1,"name":"Home","item":"https:\/\/enviteka.lt\/"},{"@type":"ListItem","position":2,"name":"Produktai","item":"https:\/\/enviteka.lt\/produktai\/"},{"@type":"ListItem","position":3,"name":"Konvejerio ritin\u0117lis 50 mm 200 mm ilgis"}]},{"@type":"WebSite","@id":"https:\/\/enviteka.lt\/#website","url":"https:\/\/enviteka.lt\/","name":"ENVITEKA","description":"pramonin\u0117s \u012frangos tiek\u0117jas","publisher":{"@id":"https:\/\/enviteka.lt\/#organization"},"potentialAction":[{"@type":"SearchAction","target":{"@type":"EntryPoint","urlTemplate":"https:\/\/enviteka.lt\/?s={search_term_string}"},"query-input":{"@type":"PropertyValueSpecification","valueRequired":true,"valueName":"search_term_string"}}],"inLanguage":"en-US"},{"@type":"Organization","@id":"https:\/\/enviteka.lt\/#organization","name":"ENVITEKA","url":"https:\/\/enviteka.lt\/","logo":{"@type":"ImageObject","inLanguage":"en-US","@id":"https:\/\/enviteka.lt\/#\/schema\/logo\/image\/","url":"https:\/\/enviteka.lt\/wp-content\/uploads\/2024\/10\/enviteka-high-resolution-logo-transparent-e1742852093377.png","contentUrl":"https:\/\/enviteka.lt\/wp-content\/uploads\/2024\/10\/enviteka-high-resolution-logo-transparent-e1742852093377.png","width":424,"height":150,"caption":"ENVITEKA"},"image":{"@id":"https:\/\/enviteka.lt\/#\/schema\/logo\/image\/"}}]}},"_links":{"self":[{"href":"https:\/\/enviteka.lt\/en\/wp-json\/wp\/v2\/product\/2351","targetHints":{"allow":["GET"]}}],"collection":[{"href":"https:\/\/enviteka.lt\/en\/wp-json\/wp\/v2\/product"}],"about":[{"href":"https:\/\/enviteka.lt\/en\/wp-json\/wp\/v2\/types\/product"}],"wp:featuredmedia":[{"embeddable":true,"href":"https:\/\/enviteka.lt\/en\/wp-json\/wp\/v2\/media\/2352"}],"wp:attachment":[{"href":"https:\/\/enviteka.lt\/en\/wp-json\/wp\/v2\/media?parent=2351"}],"wp:term":[{"taxonomy":"product_brand","embeddable":true,"href":"https:\/\/enviteka.lt\/en\/wp-json\/wp\/v2\/product_brand?post=2351"},{"taxonomy":"product_cat","embeddable":true,"href":"https:\/\/enviteka.lt\/en\/wp-json\/wp\/v2\/product_cat?post=2351"},{"taxonomy":"product_tag","embeddable":true,"href":"https:\/\/enviteka.lt\/en\/wp-json\/wp\/v2\/product_tag?post=2351"}],"curies":[{"name":"wp","href":"https:\/\/api.w.org\/{rel}","templated":true}]}}