{"id":2297,"date":"2025-07-28T18:51:02","date_gmt":"2025-07-28T18:51:02","guid":{"rendered":"https:\/\/enviteka.lt\/?post_type=product&#038;p=2297"},"modified":"2025-07-28T18:51:41","modified_gmt":"2025-07-28T18:51:41","slug":"pvc-ritinelis-32-mm-150-mm-ilgis","status":"publish","type":"product","link":"https:\/\/enviteka.lt\/en\/product\/pvc-ritinelis-32-mm-150-mm-ilgis\/","title":{"rendered":"PVC ritin\u0117lis 32 mm 150 mm ilgis"},"content":{"rendered":"<p><strong>Apra\u0161ymas &#8211; <\/strong>PVC ritin\u0117lis su 32 mm skersmens vamzd\u017eiu ir 150 mm \u012frengimo ilgiu \u2013 idealus pasirinkimas lengv\u0173 krovini\u0173 perve\u017eimui konvejerin\u0117se sistemose. \u0160is ritin\u0117lis pasi\u017eymi visi\u0161ku atsparumu korozijai d\u0117l plastikinio vamzd\u017eio ir ner\u016bdijan\u010di\u0173 guolio rutuliuk\u0173. Integruota 8 mm spyruoklin\u0117 a\u0161is leid\u017eia greitai montuoti ir keisti ritin\u0117lius be papildom\u0173 \u012franki\u0173. Tinka ilgoms konvejeri\u0173 linijoms, kur svarbus tylus veikimas ir minimali prie\u017ei\u016bra.<\/p>\n<ul>\n<li><strong>Vamzd\u017eio skersmuo:<\/strong> 32 mm (sienel\u0117s storis \u2013 2,8 mm)<\/li>\n<li><strong>\u012erengimo ilgis (B):<\/strong> 150 mm<\/li>\n<li><strong>Vamzd\u017eio ilgis (B1):<\/strong> 143 mm<\/li>\n<li><strong>Veleno skersmuo:<\/strong> 8 mm<\/li>\n<li><strong>Veleno ilgis (B0):<\/strong> 170 mm<\/li>\n<li><strong>Veleno galai:<\/strong> Spyruokl\u0117 2\u00d710 mm<\/li>\n<li><strong>Med\u017eiaga:<\/strong> PVC (vamzdis), plastikas (a\u0161is)<\/li>\n<li><strong>Guoliai:<\/strong> M30\u00d71,5.01.08<\/li>\n<\/ul>\n<p><strong>Maksimali apkrova:<\/strong> 50 N (~4 kg<\/p>\n<p><strong>Susisiekite su mumis<\/strong> \u2013 jeigu turite klausym\u0173, norite \u012fsigyti.<\/p>\n<p><strong>Turime sand\u0117lyje. Pristatymas 2-3 d.d.<\/strong><\/p>","protected":false},"excerpt":{"rendered":"<p>Apra\u0161ymas &#8211; PVC ritin\u0117lis su 32 mm skersmens vamzd\u017eiu ir 150 mm \u012frengimo ilgiu \u2013 idealus pasirinkimas lengv\u0173 krovini\u0173 perve\u017eimui [&hellip;]<\/p>","protected":false},"featured_media":2291,"template":"","meta":{"site-sidebar-layout":"default","site-content-layout":"","ast-site-content-layout":"default","site-content-style":"default","site-sidebar-style":"default","ast-global-header-display":"","ast-banner-title-visibility":"","ast-main-header-display":"","ast-hfb-above-header-display":"","ast-hfb-below-header-display":"","ast-hfb-mobile-header-display":"","site-post-title":"","ast-breadcrumbs-content":"","ast-featured-img":"","footer-sml-layout":"","ast-disable-related-posts":"","theme-transparent-header-meta":"default","adv-header-id-meta":"","stick-header-meta":"","header-above-stick-meta":"","header-main-stick-meta":"","header-below-stick-meta":"","astra-migrate-meta-layouts":"set","ast-page-background-enabled":"default","ast-page-background-meta":{"desktop":{"background-color":"var(--ast-global-color-4)","background-image":"","background-repeat":"repeat","background-position":"center center","background-size":"auto","background-attachment":"scroll","background-type":"","background-media":"","overlay-type":"","overlay-color":"","overlay-opacity":"","overlay-gradient":""},"tablet":{"background-color":"","background-image":"","background-repeat":"repeat","background-position":"center center","background-size":"auto","background-attachment":"scroll","background-type":"","background-media":"","overlay-type":"","overlay-color":"","overlay-opacity":"","overlay-gradient":""},"mobile":{"background-color":"","background-image":"","background-repeat":"repeat","background-position":"center center","background-size":"auto","background-attachment":"scroll","background-type":"","background-media":"","overlay-type":"","overlay-color":"","overlay-opacity":"","overlay-gradient":""}},"ast-content-background-meta":{"desktop":{"background-color":"var(--ast-global-color-5)","background-image":"","background-repeat":"repeat","background-position":"center center","background-size":"auto","background-attachment":"scroll","background-type":"","background-media":"","overlay-type":"","overlay-color":"","overlay-opacity":"","overlay-gradient":""},"tablet":{"background-color":"var(--ast-global-color-5)","background-image":"","background-repeat":"repeat","background-position":"center center","background-size":"auto","background-attachment":"scroll","background-type":"","background-media":"","overlay-type":"","overlay-color":"","overlay-opacity":"","overlay-gradient":""},"mobile":{"background-color":"var(--ast-global-color-5)","background-image":"","background-repeat":"repeat","background-position":"center center","background-size":"auto","background-attachment":"scroll","background-type":"","background-media":"","overlay-type":"","overlay-color":"","overlay-opacity":"","overlay-gradient":""}}},"product_brand":[],"product_cat":[137,84],"product_tag":[],"class_list":{"0":"post-2297","1":"product","2":"type-product","3":"status-publish","4":"has-post-thumbnail","6":"product_cat-gravitaciniai-ritineliai","7":"product_cat-konvejeriu-ritineliai","8":"desktop-align-left","9":"tablet-align-left","10":"mobile-align-left","12":"first","13":"instock","14":"featured","15":"shipping-taxable","16":"product-type-simple"},"yoast_head":"<!-- This site is optimized with the Yoast SEO plugin v27.3 - https:\/\/yoast.com\/product\/yoast-seo-wordpress\/ -->\n<title>PVC ritin\u0117lis 32 mm 150 mm ilgis - ENVITEKA<\/title>\n<meta name=\"description\" content=\"Ritin\u0117lis su 32 mm skersmens vamzd\u017eiu, 150 mm \u012frengimo ilgiu ir 8 mm spyruokliniu velenu. Puikiai tinka lengvoms apkrovoms.\" \/>\n<meta name=\"robots\" content=\"index, follow, max-snippet:-1, max-image-preview:large, max-video-preview:-1\" \/>\n<link rel=\"canonical\" href=\"https:\/\/enviteka.lt\/en\/product\/pvc-ritinelis-32-mm-150-mm-ilgis\/\" \/>\n<meta property=\"og:locale\" content=\"en_US\" \/>\n<meta property=\"og:type\" content=\"article\" \/>\n<meta property=\"og:title\" content=\"PVC ritin\u0117lis 32 mm 150 mm ilgis - ENVITEKA\" \/>\n<meta property=\"og:description\" content=\"Ritin\u0117lis su 32 mm skersmens vamzd\u017eiu, 150 mm \u012frengimo ilgiu ir 8 mm spyruokliniu velenu. Puikiai tinka lengvoms apkrovoms.\" \/>\n<meta property=\"og:url\" content=\"https:\/\/enviteka.lt\/en\/product\/pvc-ritinelis-32-mm-150-mm-ilgis\/\" \/>\n<meta property=\"og:site_name\" content=\"ENVITEKA\" \/>\n<meta property=\"article:modified_time\" content=\"2025-07-28T18:51:41+00:00\" \/>\n<meta property=\"og:image\" content=\"https:\/\/enviteka.lt\/wp-content\/uploads\/2025\/07\/ritinys_210.jpg\" \/>\n\t<meta property=\"og:image:width\" content=\"512\" \/>\n\t<meta property=\"og:image:height\" content=\"512\" \/>\n\t<meta property=\"og:image:type\" content=\"image\/jpeg\" \/>\n<meta name=\"twitter:card\" content=\"summary_large_image\" \/>\n<meta name=\"twitter:label1\" content=\"Est. reading time\" \/>\n\t<meta name=\"twitter:data1\" content=\"1 minute\" \/>\n<script type=\"application\/ld+json\" class=\"yoast-schema-graph\">{\"@context\":\"https:\\\/\\\/schema.org\",\"@graph\":[{\"@type\":\"WebPage\",\"@id\":\"https:\\\/\\\/enviteka.lt\\\/produktas\\\/pvc-ritinelis-32-mm-150-mm-ilgis\\\/\",\"url\":\"https:\\\/\\\/enviteka.lt\\\/produktas\\\/pvc-ritinelis-32-mm-150-mm-ilgis\\\/\",\"name\":\"PVC ritin\u0117lis 32 mm 150 mm ilgis - ENVITEKA\",\"isPartOf\":{\"@id\":\"https:\\\/\\\/enviteka.lt\\\/#website\"},\"primaryImageOfPage\":{\"@id\":\"https:\\\/\\\/enviteka.lt\\\/produktas\\\/pvc-ritinelis-32-mm-150-mm-ilgis\\\/#primaryimage\"},\"image\":{\"@id\":\"https:\\\/\\\/enviteka.lt\\\/produktas\\\/pvc-ritinelis-32-mm-150-mm-ilgis\\\/#primaryimage\"},\"thumbnailUrl\":\"https:\\\/\\\/enviteka.lt\\\/wp-content\\\/uploads\\\/2025\\\/07\\\/ritinys_210.jpg\",\"datePublished\":\"2025-07-28T18:51:02+00:00\",\"dateModified\":\"2025-07-28T18:51:41+00:00\",\"description\":\"Ritin\u0117lis su 32 mm skersmens vamzd\u017eiu, 150 mm \u012frengimo ilgiu ir 8 mm spyruokliniu velenu. Puikiai tinka lengvoms apkrovoms.\",\"breadcrumb\":{\"@id\":\"https:\\\/\\\/enviteka.lt\\\/produktas\\\/pvc-ritinelis-32-mm-150-mm-ilgis\\\/#breadcrumb\"},\"inLanguage\":\"en-US\",\"potentialAction\":[{\"@type\":\"ReadAction\",\"target\":[\"https:\\\/\\\/enviteka.lt\\\/produktas\\\/pvc-ritinelis-32-mm-150-mm-ilgis\\\/\"]}]},{\"@type\":\"ImageObject\",\"inLanguage\":\"en-US\",\"@id\":\"https:\\\/\\\/enviteka.lt\\\/produktas\\\/pvc-ritinelis-32-mm-150-mm-ilgis\\\/#primaryimage\",\"url\":\"https:\\\/\\\/enviteka.lt\\\/wp-content\\\/uploads\\\/2025\\\/07\\\/ritinys_210.jpg\",\"contentUrl\":\"https:\\\/\\\/enviteka.lt\\\/wp-content\\\/uploads\\\/2025\\\/07\\\/ritinys_210.jpg\",\"width\":512,\"height\":512},{\"@type\":\"BreadcrumbList\",\"@id\":\"https:\\\/\\\/enviteka.lt\\\/produktas\\\/pvc-ritinelis-32-mm-150-mm-ilgis\\\/#breadcrumb\",\"itemListElement\":[{\"@type\":\"ListItem\",\"position\":1,\"name\":\"Home\",\"item\":\"https:\\\/\\\/enviteka.lt\\\/\"},{\"@type\":\"ListItem\",\"position\":2,\"name\":\"Produktai\",\"item\":\"https:\\\/\\\/enviteka.lt\\\/produktai\\\/\"},{\"@type\":\"ListItem\",\"position\":3,\"name\":\"PVC ritin\u0117lis 32 mm 150 mm ilgis\"}]},{\"@type\":\"WebSite\",\"@id\":\"https:\\\/\\\/enviteka.lt\\\/#website\",\"url\":\"https:\\\/\\\/enviteka.lt\\\/\",\"name\":\"ENVITEKA\",\"description\":\"pramonin\u0117s \u012frangos tiek\u0117jas\",\"publisher\":{\"@id\":\"https:\\\/\\\/enviteka.lt\\\/#organization\"},\"potentialAction\":[{\"@type\":\"SearchAction\",\"target\":{\"@type\":\"EntryPoint\",\"urlTemplate\":\"https:\\\/\\\/enviteka.lt\\\/?s={search_term_string}\"},\"query-input\":{\"@type\":\"PropertyValueSpecification\",\"valueRequired\":true,\"valueName\":\"search_term_string\"}}],\"inLanguage\":\"en-US\"},{\"@type\":\"Organization\",\"@id\":\"https:\\\/\\\/enviteka.lt\\\/#organization\",\"name\":\"ENVITEKA\",\"url\":\"https:\\\/\\\/enviteka.lt\\\/\",\"logo\":{\"@type\":\"ImageObject\",\"inLanguage\":\"en-US\",\"@id\":\"https:\\\/\\\/enviteka.lt\\\/#\\\/schema\\\/logo\\\/image\\\/\",\"url\":\"https:\\\/\\\/enviteka.lt\\\/wp-content\\\/uploads\\\/2024\\\/10\\\/enviteka-high-resolution-logo-transparent-e1742852093377.png\",\"contentUrl\":\"https:\\\/\\\/enviteka.lt\\\/wp-content\\\/uploads\\\/2024\\\/10\\\/enviteka-high-resolution-logo-transparent-e1742852093377.png\",\"width\":424,\"height\":150,\"caption\":\"ENVITEKA\"},\"image\":{\"@id\":\"https:\\\/\\\/enviteka.lt\\\/#\\\/schema\\\/logo\\\/image\\\/\"}}]}<\/script>\n<!-- \/ Yoast SEO plugin. -->","yoast_head_json":{"title":"PVC ritin\u0117lis 32 mm 150 mm ilgis - ENVITEKA","description":"Ritin\u0117lis su 32 mm skersmens vamzd\u017eiu, 150 mm \u012frengimo ilgiu ir 8 mm spyruokliniu velenu. Puikiai tinka lengvoms apkrovoms.","robots":{"index":"index","follow":"follow","max-snippet":"max-snippet:-1","max-image-preview":"max-image-preview:large","max-video-preview":"max-video-preview:-1"},"canonical":"https:\/\/enviteka.lt\/en\/product\/pvc-ritinelis-32-mm-150-mm-ilgis\/","og_locale":"en_US","og_type":"article","og_title":"PVC ritin\u0117lis 32 mm 150 mm ilgis - ENVITEKA","og_description":"Ritin\u0117lis su 32 mm skersmens vamzd\u017eiu, 150 mm \u012frengimo ilgiu ir 8 mm spyruokliniu velenu. Puikiai tinka lengvoms apkrovoms.","og_url":"https:\/\/enviteka.lt\/en\/product\/pvc-ritinelis-32-mm-150-mm-ilgis\/","og_site_name":"ENVITEKA","article_modified_time":"2025-07-28T18:51:41+00:00","og_image":[{"width":512,"height":512,"url":"https:\/\/enviteka.lt\/wp-content\/uploads\/2025\/07\/ritinys_210.jpg","type":"image\/jpeg"}],"twitter_card":"summary_large_image","twitter_misc":{"Est. reading time":"1 minute"},"schema":{"@context":"https:\/\/schema.org","@graph":[{"@type":"WebPage","@id":"https:\/\/enviteka.lt\/produktas\/pvc-ritinelis-32-mm-150-mm-ilgis\/","url":"https:\/\/enviteka.lt\/produktas\/pvc-ritinelis-32-mm-150-mm-ilgis\/","name":"PVC ritin\u0117lis 32 mm 150 mm ilgis - ENVITEKA","isPartOf":{"@id":"https:\/\/enviteka.lt\/#website"},"primaryImageOfPage":{"@id":"https:\/\/enviteka.lt\/produktas\/pvc-ritinelis-32-mm-150-mm-ilgis\/#primaryimage"},"image":{"@id":"https:\/\/enviteka.lt\/produktas\/pvc-ritinelis-32-mm-150-mm-ilgis\/#primaryimage"},"thumbnailUrl":"https:\/\/enviteka.lt\/wp-content\/uploads\/2025\/07\/ritinys_210.jpg","datePublished":"2025-07-28T18:51:02+00:00","dateModified":"2025-07-28T18:51:41+00:00","description":"Ritin\u0117lis su 32 mm skersmens vamzd\u017eiu, 150 mm \u012frengimo ilgiu ir 8 mm spyruokliniu velenu. Puikiai tinka lengvoms apkrovoms.","breadcrumb":{"@id":"https:\/\/enviteka.lt\/produktas\/pvc-ritinelis-32-mm-150-mm-ilgis\/#breadcrumb"},"inLanguage":"en-US","potentialAction":[{"@type":"ReadAction","target":["https:\/\/enviteka.lt\/produktas\/pvc-ritinelis-32-mm-150-mm-ilgis\/"]}]},{"@type":"ImageObject","inLanguage":"en-US","@id":"https:\/\/enviteka.lt\/produktas\/pvc-ritinelis-32-mm-150-mm-ilgis\/#primaryimage","url":"https:\/\/enviteka.lt\/wp-content\/uploads\/2025\/07\/ritinys_210.jpg","contentUrl":"https:\/\/enviteka.lt\/wp-content\/uploads\/2025\/07\/ritinys_210.jpg","width":512,"height":512},{"@type":"BreadcrumbList","@id":"https:\/\/enviteka.lt\/produktas\/pvc-ritinelis-32-mm-150-mm-ilgis\/#breadcrumb","itemListElement":[{"@type":"ListItem","position":1,"name":"Home","item":"https:\/\/enviteka.lt\/"},{"@type":"ListItem","position":2,"name":"Produktai","item":"https:\/\/enviteka.lt\/produktai\/"},{"@type":"ListItem","position":3,"name":"PVC ritin\u0117lis 32 mm 150 mm ilgis"}]},{"@type":"WebSite","@id":"https:\/\/enviteka.lt\/#website","url":"https:\/\/enviteka.lt\/","name":"ENVITEKA","description":"pramonin\u0117s \u012frangos tiek\u0117jas","publisher":{"@id":"https:\/\/enviteka.lt\/#organization"},"potentialAction":[{"@type":"SearchAction","target":{"@type":"EntryPoint","urlTemplate":"https:\/\/enviteka.lt\/?s={search_term_string}"},"query-input":{"@type":"PropertyValueSpecification","valueRequired":true,"valueName":"search_term_string"}}],"inLanguage":"en-US"},{"@type":"Organization","@id":"https:\/\/enviteka.lt\/#organization","name":"ENVITEKA","url":"https:\/\/enviteka.lt\/","logo":{"@type":"ImageObject","inLanguage":"en-US","@id":"https:\/\/enviteka.lt\/#\/schema\/logo\/image\/","url":"https:\/\/enviteka.lt\/wp-content\/uploads\/2024\/10\/enviteka-high-resolution-logo-transparent-e1742852093377.png","contentUrl":"https:\/\/enviteka.lt\/wp-content\/uploads\/2024\/10\/enviteka-high-resolution-logo-transparent-e1742852093377.png","width":424,"height":150,"caption":"ENVITEKA"},"image":{"@id":"https:\/\/enviteka.lt\/#\/schema\/logo\/image\/"}}]}},"_links":{"self":[{"href":"https:\/\/enviteka.lt\/en\/wp-json\/wp\/v2\/product\/2297","targetHints":{"allow":["GET"]}}],"collection":[{"href":"https:\/\/enviteka.lt\/en\/wp-json\/wp\/v2\/product"}],"about":[{"href":"https:\/\/enviteka.lt\/en\/wp-json\/wp\/v2\/types\/product"}],"wp:featuredmedia":[{"embeddable":true,"href":"https:\/\/enviteka.lt\/en\/wp-json\/wp\/v2\/media\/2291"}],"wp:attachment":[{"href":"https:\/\/enviteka.lt\/en\/wp-json\/wp\/v2\/media?parent=2297"}],"wp:term":[{"taxonomy":"product_brand","embeddable":true,"href":"https:\/\/enviteka.lt\/en\/wp-json\/wp\/v2\/product_brand?post=2297"},{"taxonomy":"product_cat","embeddable":true,"href":"https:\/\/enviteka.lt\/en\/wp-json\/wp\/v2\/product_cat?post=2297"},{"taxonomy":"product_tag","embeddable":true,"href":"https:\/\/enviteka.lt\/en\/wp-json\/wp\/v2\/product_tag?post=2297"}],"curies":[{"name":"wp","href":"https:\/\/api.w.org\/{rel}","templated":true}]}}