{"id":2273,"date":"2025-07-25T19:44:09","date_gmt":"2025-07-25T19:44:09","guid":{"rendered":"https:\/\/enviteka.lt\/?post_type=product&#038;p=2273"},"modified":"2025-07-25T19:45:50","modified_gmt":"2025-07-25T19:45:50","slug":"konvejerio-ritinelis-89-mm-318-mm","status":"publish","type":"product","link":"https:\/\/enviteka.lt\/en\/product\/konvejerio-ritinelis-89-mm-318-mm\/","title":{"rendered":"Konvejerio ritin\u0117lis 89 mm, 318 mm"},"content":{"rendered":"<p><strong>Apra\u0161ymas &#8211; <\/strong>ritin\u0117lis skirtas pramonin\u0117ms konvejerin\u0117ms sistemoms, kur reikalingas atsparumas korozijai<strong>.<\/strong><\/p>\n<ul>\n<li><strong>Vamzd\u017eio skersmuo:<\/strong> 89 mm (sienel\u0117s storis 3,0 mm)<\/li>\n<li data-start=\"618\" data-end=\"650\"><strong data-start=\"618\" data-end=\"641\">\u012erengimo ilgis (B):<\/strong> 318 mm<\/li>\n<li data-start=\"653\" data-end=\"686\"><strong data-start=\"653\" data-end=\"677\">Vamzd\u017eio ilgis (B1):<\/strong> 308 mm<\/li>\n<li data-start=\"689\" data-end=\"717\"><strong data-start=\"689\" data-end=\"709\">Veleno skersmuo:<\/strong> 20 mm<\/li>\n<li data-start=\"720\" data-end=\"751\"><strong data-start=\"720\" data-end=\"742\">Veleno ilgis (B0):<\/strong> 336 mm<\/li>\n<li data-start=\"754\" data-end=\"791\"><strong data-start=\"754\" data-end=\"771\">Veleno galai:<\/strong> Frezuoti, 14\u00d79 mm<\/li>\n<li data-start=\"794\" data-end=\"835\"><strong data-start=\"794\" data-end=\"807\">Med\u017eiaga:<\/strong> Da\u017eytas plienas (RAL9005)<\/li>\n<li data-start=\"838\" data-end=\"892\"><strong data-start=\"838\" data-end=\"850\">Guoliai:<\/strong> FH89x3,0 + 6204 + labirinto sandariklis<\/li>\n<li data-start=\"895\" data-end=\"936\"><strong data-start=\"895\" data-end=\"917\">Maksimali apkrova:<\/strong> 4000 N (~390 kg)<\/li>\n<\/ul>\n<p><strong>Susisiekite su mumis<\/strong> \u2013 jeigu turite klausym\u0173, norite \u012fsigyti.<\/p>\n<p><strong>Turime sand\u0117lyje. Pristatymas 2-3 d.d.<\/strong><\/p>","protected":false},"excerpt":{"rendered":"<p>Apra\u0161ymas &#8211; ritin\u0117lis skirtas pramonin\u0117ms konvejerin\u0117ms sistemoms, kur reikalingas atsparumas korozijai. Vamzd\u017eio skersmuo: 89 mm (sienel\u0117s storis 3,0 mm) \u012erengimo [&hellip;]<\/p>","protected":false},"featured_media":2274,"template":"","meta":{"site-sidebar-layout":"default","site-content-layout":"","ast-site-content-layout":"default","site-content-style":"default","site-sidebar-style":"default","ast-global-header-display":"","ast-banner-title-visibility":"","ast-main-header-display":"","ast-hfb-above-header-display":"","ast-hfb-below-header-display":"","ast-hfb-mobile-header-display":"","site-post-title":"","ast-breadcrumbs-content":"","ast-featured-img":"","footer-sml-layout":"","ast-disable-related-posts":"","theme-transparent-header-meta":"default","adv-header-id-meta":"","stick-header-meta":"","header-above-stick-meta":"","header-main-stick-meta":"","header-below-stick-meta":"","astra-migrate-meta-layouts":"set","ast-page-background-enabled":"default","ast-page-background-meta":{"desktop":{"background-color":"var(--ast-global-color-4)","background-image":"","background-repeat":"repeat","background-position":"center center","background-size":"auto","background-attachment":"scroll","background-type":"","background-media":"","overlay-type":"","overlay-color":"","overlay-opacity":"","overlay-gradient":""},"tablet":{"background-color":"","background-image":"","background-repeat":"repeat","background-position":"center center","background-size":"auto","background-attachment":"scroll","background-type":"","background-media":"","overlay-type":"","overlay-color":"","overlay-opacity":"","overlay-gradient":""},"mobile":{"background-color":"","background-image":"","background-repeat":"repeat","background-position":"center center","background-size":"auto","background-attachment":"scroll","background-type":"","background-media":"","overlay-type":"","overlay-color":"","overlay-opacity":"","overlay-gradient":""}},"ast-content-background-meta":{"desktop":{"background-color":"var(--ast-global-color-5)","background-image":"","background-repeat":"repeat","background-position":"center center","background-size":"auto","background-attachment":"scroll","background-type":"","background-media":"","overlay-type":"","overlay-color":"","overlay-opacity":"","overlay-gradient":""},"tablet":{"background-color":"var(--ast-global-color-5)","background-image":"","background-repeat":"repeat","background-position":"center center","background-size":"auto","background-attachment":"scroll","background-type":"","background-media":"","overlay-type":"","overlay-color":"","overlay-opacity":"","overlay-gradient":""},"mobile":{"background-color":"var(--ast-global-color-5)","background-image":"","background-repeat":"repeat","background-position":"center center","background-size":"auto","background-attachment":"scroll","background-type":"","background-media":"","overlay-type":"","overlay-color":"","overlay-opacity":"","overlay-gradient":""}}},"product_brand":[],"product_cat":[137,84],"product_tag":[],"class_list":{"0":"post-2273","1":"product","2":"type-product","3":"status-publish","4":"has-post-thumbnail","6":"product_cat-gravitaciniai-ritineliai","7":"product_cat-konvejeriu-ritineliai","8":"desktop-align-left","9":"tablet-align-left","10":"mobile-align-left","12":"first","13":"instock","14":"featured","15":"shipping-taxable","16":"product-type-simple"},"yoast_head":"<!-- This site is optimized with the Yoast SEO plugin v27.3 - https:\/\/yoast.com\/product\/yoast-seo-wordpress\/ -->\n<title>Konvejerio ritin\u0117lis 89 mm, 318 mm - ENVITEKA<\/title>\n<meta name=\"description\" content=\"Kokybi\u0161kas ritin\u0117lis su 89 mm da\u017eytu plieniniu vamzd\u017eiu, \u012frengimo ilgis 318 mm, frezuoti veleno galai. Maksimali apkrova 4000 N\" \/>\n<meta name=\"robots\" content=\"index, follow, max-snippet:-1, max-image-preview:large, max-video-preview:-1\" \/>\n<link rel=\"canonical\" href=\"https:\/\/enviteka.lt\/en\/product\/konvejerio-ritinelis-89-mm-318-mm\/\" \/>\n<meta property=\"og:locale\" content=\"en_US\" \/>\n<meta property=\"og:type\" content=\"article\" \/>\n<meta property=\"og:title\" content=\"Konvejerio ritin\u0117lis 89 mm, 318 mm - ENVITEKA\" \/>\n<meta property=\"og:description\" content=\"Kokybi\u0161kas ritin\u0117lis su 89 mm da\u017eytu plieniniu vamzd\u017eiu, \u012frengimo ilgis 318 mm, frezuoti veleno galai. Maksimali apkrova 4000 N\" \/>\n<meta property=\"og:url\" content=\"https:\/\/enviteka.lt\/en\/product\/konvejerio-ritinelis-89-mm-318-mm\/\" \/>\n<meta property=\"og:site_name\" content=\"ENVITEKA\" \/>\n<meta property=\"article:modified_time\" content=\"2025-07-25T19:45:50+00:00\" \/>\n<meta property=\"og:image\" content=\"https:\/\/enviteka.lt\/wp-content\/uploads\/2025\/07\/4.jpg\" \/>\n\t<meta property=\"og:image:width\" content=\"497\" \/>\n\t<meta property=\"og:image:height\" content=\"446\" \/>\n\t<meta property=\"og:image:type\" content=\"image\/jpeg\" \/>\n<meta name=\"twitter:card\" content=\"summary_large_image\" \/>\n<meta name=\"twitter:label1\" content=\"Est. reading time\" \/>\n\t<meta name=\"twitter:data1\" content=\"1 minute\" \/>\n<script type=\"application\/ld+json\" class=\"yoast-schema-graph\">{\"@context\":\"https:\\\/\\\/schema.org\",\"@graph\":[{\"@type\":\"WebPage\",\"@id\":\"https:\\\/\\\/enviteka.lt\\\/produktas\\\/konvejerio-ritinelis-89-mm-318-mm\\\/\",\"url\":\"https:\\\/\\\/enviteka.lt\\\/produktas\\\/konvejerio-ritinelis-89-mm-318-mm\\\/\",\"name\":\"Konvejerio ritin\u0117lis 89 mm, 318 mm - ENVITEKA\",\"isPartOf\":{\"@id\":\"https:\\\/\\\/enviteka.lt\\\/#website\"},\"primaryImageOfPage\":{\"@id\":\"https:\\\/\\\/enviteka.lt\\\/produktas\\\/konvejerio-ritinelis-89-mm-318-mm\\\/#primaryimage\"},\"image\":{\"@id\":\"https:\\\/\\\/enviteka.lt\\\/produktas\\\/konvejerio-ritinelis-89-mm-318-mm\\\/#primaryimage\"},\"thumbnailUrl\":\"https:\\\/\\\/enviteka.lt\\\/wp-content\\\/uploads\\\/2025\\\/07\\\/4.jpg\",\"datePublished\":\"2025-07-25T19:44:09+00:00\",\"dateModified\":\"2025-07-25T19:45:50+00:00\",\"description\":\"Kokybi\u0161kas ritin\u0117lis su 89 mm da\u017eytu plieniniu vamzd\u017eiu, \u012frengimo ilgis 318 mm, frezuoti veleno galai. Maksimali apkrova 4000 N\",\"breadcrumb\":{\"@id\":\"https:\\\/\\\/enviteka.lt\\\/produktas\\\/konvejerio-ritinelis-89-mm-318-mm\\\/#breadcrumb\"},\"inLanguage\":\"en-US\",\"potentialAction\":[{\"@type\":\"ReadAction\",\"target\":[\"https:\\\/\\\/enviteka.lt\\\/produktas\\\/konvejerio-ritinelis-89-mm-318-mm\\\/\"]}]},{\"@type\":\"ImageObject\",\"inLanguage\":\"en-US\",\"@id\":\"https:\\\/\\\/enviteka.lt\\\/produktas\\\/konvejerio-ritinelis-89-mm-318-mm\\\/#primaryimage\",\"url\":\"https:\\\/\\\/enviteka.lt\\\/wp-content\\\/uploads\\\/2025\\\/07\\\/4.jpg\",\"contentUrl\":\"https:\\\/\\\/enviteka.lt\\\/wp-content\\\/uploads\\\/2025\\\/07\\\/4.jpg\",\"width\":497,\"height\":446},{\"@type\":\"BreadcrumbList\",\"@id\":\"https:\\\/\\\/enviteka.lt\\\/produktas\\\/konvejerio-ritinelis-89-mm-318-mm\\\/#breadcrumb\",\"itemListElement\":[{\"@type\":\"ListItem\",\"position\":1,\"name\":\"Home\",\"item\":\"https:\\\/\\\/enviteka.lt\\\/\"},{\"@type\":\"ListItem\",\"position\":2,\"name\":\"Produktai\",\"item\":\"https:\\\/\\\/enviteka.lt\\\/produktai\\\/\"},{\"@type\":\"ListItem\",\"position\":3,\"name\":\"Konvejerio ritin\u0117lis 89 mm, 318 mm\"}]},{\"@type\":\"WebSite\",\"@id\":\"https:\\\/\\\/enviteka.lt\\\/#website\",\"url\":\"https:\\\/\\\/enviteka.lt\\\/\",\"name\":\"ENVITEKA\",\"description\":\"pramonin\u0117s \u012frangos tiek\u0117jas\",\"publisher\":{\"@id\":\"https:\\\/\\\/enviteka.lt\\\/#organization\"},\"potentialAction\":[{\"@type\":\"SearchAction\",\"target\":{\"@type\":\"EntryPoint\",\"urlTemplate\":\"https:\\\/\\\/enviteka.lt\\\/?s={search_term_string}\"},\"query-input\":{\"@type\":\"PropertyValueSpecification\",\"valueRequired\":true,\"valueName\":\"search_term_string\"}}],\"inLanguage\":\"en-US\"},{\"@type\":\"Organization\",\"@id\":\"https:\\\/\\\/enviteka.lt\\\/#organization\",\"name\":\"ENVITEKA\",\"url\":\"https:\\\/\\\/enviteka.lt\\\/\",\"logo\":{\"@type\":\"ImageObject\",\"inLanguage\":\"en-US\",\"@id\":\"https:\\\/\\\/enviteka.lt\\\/#\\\/schema\\\/logo\\\/image\\\/\",\"url\":\"https:\\\/\\\/enviteka.lt\\\/wp-content\\\/uploads\\\/2024\\\/10\\\/enviteka-high-resolution-logo-transparent-e1742852093377.png\",\"contentUrl\":\"https:\\\/\\\/enviteka.lt\\\/wp-content\\\/uploads\\\/2024\\\/10\\\/enviteka-high-resolution-logo-transparent-e1742852093377.png\",\"width\":424,\"height\":150,\"caption\":\"ENVITEKA\"},\"image\":{\"@id\":\"https:\\\/\\\/enviteka.lt\\\/#\\\/schema\\\/logo\\\/image\\\/\"}}]}<\/script>\n<!-- \/ Yoast SEO plugin. -->","yoast_head_json":{"title":"Konvejerio ritin\u0117lis 89 mm, 318 mm - ENVITEKA","description":"Kokybi\u0161kas ritin\u0117lis su 89 mm da\u017eytu plieniniu vamzd\u017eiu, \u012frengimo ilgis 318 mm, frezuoti veleno galai. Maksimali apkrova 4000 N","robots":{"index":"index","follow":"follow","max-snippet":"max-snippet:-1","max-image-preview":"max-image-preview:large","max-video-preview":"max-video-preview:-1"},"canonical":"https:\/\/enviteka.lt\/en\/product\/konvejerio-ritinelis-89-mm-318-mm\/","og_locale":"en_US","og_type":"article","og_title":"Konvejerio ritin\u0117lis 89 mm, 318 mm - ENVITEKA","og_description":"Kokybi\u0161kas ritin\u0117lis su 89 mm da\u017eytu plieniniu vamzd\u017eiu, \u012frengimo ilgis 318 mm, frezuoti veleno galai. Maksimali apkrova 4000 N","og_url":"https:\/\/enviteka.lt\/en\/product\/konvejerio-ritinelis-89-mm-318-mm\/","og_site_name":"ENVITEKA","article_modified_time":"2025-07-25T19:45:50+00:00","og_image":[{"width":497,"height":446,"url":"https:\/\/enviteka.lt\/wp-content\/uploads\/2025\/07\/4.jpg","type":"image\/jpeg"}],"twitter_card":"summary_large_image","twitter_misc":{"Est. reading time":"1 minute"},"schema":{"@context":"https:\/\/schema.org","@graph":[{"@type":"WebPage","@id":"https:\/\/enviteka.lt\/produktas\/konvejerio-ritinelis-89-mm-318-mm\/","url":"https:\/\/enviteka.lt\/produktas\/konvejerio-ritinelis-89-mm-318-mm\/","name":"Konvejerio ritin\u0117lis 89 mm, 318 mm - ENVITEKA","isPartOf":{"@id":"https:\/\/enviteka.lt\/#website"},"primaryImageOfPage":{"@id":"https:\/\/enviteka.lt\/produktas\/konvejerio-ritinelis-89-mm-318-mm\/#primaryimage"},"image":{"@id":"https:\/\/enviteka.lt\/produktas\/konvejerio-ritinelis-89-mm-318-mm\/#primaryimage"},"thumbnailUrl":"https:\/\/enviteka.lt\/wp-content\/uploads\/2025\/07\/4.jpg","datePublished":"2025-07-25T19:44:09+00:00","dateModified":"2025-07-25T19:45:50+00:00","description":"Kokybi\u0161kas ritin\u0117lis su 89 mm da\u017eytu plieniniu vamzd\u017eiu, \u012frengimo ilgis 318 mm, frezuoti veleno galai. Maksimali apkrova 4000 N","breadcrumb":{"@id":"https:\/\/enviteka.lt\/produktas\/konvejerio-ritinelis-89-mm-318-mm\/#breadcrumb"},"inLanguage":"en-US","potentialAction":[{"@type":"ReadAction","target":["https:\/\/enviteka.lt\/produktas\/konvejerio-ritinelis-89-mm-318-mm\/"]}]},{"@type":"ImageObject","inLanguage":"en-US","@id":"https:\/\/enviteka.lt\/produktas\/konvejerio-ritinelis-89-mm-318-mm\/#primaryimage","url":"https:\/\/enviteka.lt\/wp-content\/uploads\/2025\/07\/4.jpg","contentUrl":"https:\/\/enviteka.lt\/wp-content\/uploads\/2025\/07\/4.jpg","width":497,"height":446},{"@type":"BreadcrumbList","@id":"https:\/\/enviteka.lt\/produktas\/konvejerio-ritinelis-89-mm-318-mm\/#breadcrumb","itemListElement":[{"@type":"ListItem","position":1,"name":"Home","item":"https:\/\/enviteka.lt\/"},{"@type":"ListItem","position":2,"name":"Produktai","item":"https:\/\/enviteka.lt\/produktai\/"},{"@type":"ListItem","position":3,"name":"Konvejerio ritin\u0117lis 89 mm, 318 mm"}]},{"@type":"WebSite","@id":"https:\/\/enviteka.lt\/#website","url":"https:\/\/enviteka.lt\/","name":"ENVITEKA","description":"pramonin\u0117s \u012frangos tiek\u0117jas","publisher":{"@id":"https:\/\/enviteka.lt\/#organization"},"potentialAction":[{"@type":"SearchAction","target":{"@type":"EntryPoint","urlTemplate":"https:\/\/enviteka.lt\/?s={search_term_string}"},"query-input":{"@type":"PropertyValueSpecification","valueRequired":true,"valueName":"search_term_string"}}],"inLanguage":"en-US"},{"@type":"Organization","@id":"https:\/\/enviteka.lt\/#organization","name":"ENVITEKA","url":"https:\/\/enviteka.lt\/","logo":{"@type":"ImageObject","inLanguage":"en-US","@id":"https:\/\/enviteka.lt\/#\/schema\/logo\/image\/","url":"https:\/\/enviteka.lt\/wp-content\/uploads\/2024\/10\/enviteka-high-resolution-logo-transparent-e1742852093377.png","contentUrl":"https:\/\/enviteka.lt\/wp-content\/uploads\/2024\/10\/enviteka-high-resolution-logo-transparent-e1742852093377.png","width":424,"height":150,"caption":"ENVITEKA"},"image":{"@id":"https:\/\/enviteka.lt\/#\/schema\/logo\/image\/"}}]}},"_links":{"self":[{"href":"https:\/\/enviteka.lt\/en\/wp-json\/wp\/v2\/product\/2273","targetHints":{"allow":["GET"]}}],"collection":[{"href":"https:\/\/enviteka.lt\/en\/wp-json\/wp\/v2\/product"}],"about":[{"href":"https:\/\/enviteka.lt\/en\/wp-json\/wp\/v2\/types\/product"}],"wp:featuredmedia":[{"embeddable":true,"href":"https:\/\/enviteka.lt\/en\/wp-json\/wp\/v2\/media\/2274"}],"wp:attachment":[{"href":"https:\/\/enviteka.lt\/en\/wp-json\/wp\/v2\/media?parent=2273"}],"wp:term":[{"taxonomy":"product_brand","embeddable":true,"href":"https:\/\/enviteka.lt\/en\/wp-json\/wp\/v2\/product_brand?post=2273"},{"taxonomy":"product_cat","embeddable":true,"href":"https:\/\/enviteka.lt\/en\/wp-json\/wp\/v2\/product_cat?post=2273"},{"taxonomy":"product_tag","embeddable":true,"href":"https:\/\/enviteka.lt\/en\/wp-json\/wp\/v2\/product_tag?post=2273"}],"curies":[{"name":"wp","href":"https:\/\/api.w.org\/{rel}","templated":true}]}}