{"id":2246,"date":"2025-07-24T20:02:57","date_gmt":"2025-07-24T20:02:57","guid":{"rendered":"https:\/\/enviteka.lt\/?post_type=product&#038;p=2246"},"modified":"2025-07-24T20:04:10","modified_gmt":"2025-07-24T20:04:10","slug":"ritinelis-788-mm-nerudijantis-plienas-pu-danga-50-mm","status":"publish","type":"product","link":"https:\/\/enviteka.lt\/en\/product\/ritinelis-788-mm-nerudijantis-plienas-pu-danga-50-mm\/","title":{"rendered":"Ritin\u0117lis 788 mm, ner\u016bdijantis plienas, PU danga, 50 mm"},"content":{"rendered":"<p><strong>Apra\u0161ymas<\/strong> &#8211; konvejerio ritin\u0117lis su <strong data-start=\"244\" data-end=\"292\">50 mm skersmens ner\u016bdijan\u010dio plieno (1.4301)<\/strong> vamzd\u017eiu, <strong data-start=\"303\" data-end=\"329\">PU (poliuretano) danga<\/strong> ir <strong data-start=\"333\" data-end=\"357\">paprastu veleno galu<\/strong> \u2013 skirtas naudoti aplinkoje, kur reikalingas ilgaam\u017ei\u0161kumas, atsparumas korozijai ir geras sukibimas.<\/p>\n<ul>\n<li><strong>Vamzd\u017eio skersmuo:<\/strong> 50 mm (50\u00d71,5 mm)<\/li>\n<li data-start=\"981\" data-end=\"1013\"><strong data-start=\"981\" data-end=\"1004\">\u012erengimo ilgis (B):<\/strong> 788 mm<\/li>\n<li data-start=\"1016\" data-end=\"1049\"><strong data-start=\"1016\" data-end=\"1040\">Vamzd\u017eio ilgis (B1):<\/strong> 781 mm<\/li>\n<li data-start=\"1052\" data-end=\"1080\"><strong data-start=\"1052\" data-end=\"1072\">Veleno skersmuo:<\/strong> 12 mm<\/li>\n<li data-start=\"1083\" data-end=\"1114\"><strong data-start=\"1083\" data-end=\"1105\">Veleno ilgis (B0):<\/strong> 828 mm<\/li>\n<li data-start=\"1117\" data-end=\"1162\"><strong data-start=\"1117\" data-end=\"1134\">Veleno galai:<\/strong> Paprasti (Simple) 2\u00d720 mm<\/li>\n<li data-start=\"1165\" data-end=\"1217\"><strong data-start=\"1165\" data-end=\"1187\">Vamzd\u017eio med\u017eiaga:<\/strong> Ner\u016bdijantis plienas 1.4301<\/li>\n<li data-start=\"1220\" data-end=\"1270\"><strong data-start=\"1220\" data-end=\"1240\">Veleno med\u017eiaga:<\/strong> Ner\u016bdijantis plienas 1.4301<\/li>\n<li data-start=\"1273\" data-end=\"1314\"><strong data-start=\"1273\" data-end=\"1285\">Guoliai:<\/strong> POM korpusas, 6202 guoliai<\/li>\n<li data-start=\"1317\" data-end=\"1362\"><strong data-start=\"1317\" data-end=\"1327\">Danga:<\/strong> Poliuretano (PU) danga, 50\u00d755 mm<\/li>\n<li data-start=\"1365\" data-end=\"1404\"><strong data-start=\"1365\" data-end=\"1387\">Maksimali apkrova:<\/strong> 1200 N (~110 kg)<\/li>\n<\/ul>\n<p><strong>Susisiekite su mumis<\/strong> \u2013 jeigu turite klausym\u0173, norite \u012fsigyti.<\/p>\n<p><strong>Turime sand\u0117lyje. Pristatymas 2-3 d.d.<\/strong><\/p>","protected":false},"excerpt":{"rendered":"<p>Apra\u0161ymas &#8211; konvejerio ritin\u0117lis su 50 mm skersmens ner\u016bdijan\u010dio plieno (1.4301) vamzd\u017eiu, PU (poliuretano) danga ir paprastu veleno galu \u2013 [&hellip;]<\/p>","protected":false},"featured_media":2247,"template":"","meta":{"site-sidebar-layout":"default","site-content-layout":"","ast-site-content-layout":"default","site-content-style":"default","site-sidebar-style":"default","ast-global-header-display":"","ast-banner-title-visibility":"","ast-main-header-display":"","ast-hfb-above-header-display":"","ast-hfb-below-header-display":"","ast-hfb-mobile-header-display":"","site-post-title":"","ast-breadcrumbs-content":"","ast-featured-img":"","footer-sml-layout":"","ast-disable-related-posts":"","theme-transparent-header-meta":"default","adv-header-id-meta":"","stick-header-meta":"","header-above-stick-meta":"","header-main-stick-meta":"","header-below-stick-meta":"","astra-migrate-meta-layouts":"set","ast-page-background-enabled":"default","ast-page-background-meta":{"desktop":{"background-color":"var(--ast-global-color-4)","background-image":"","background-repeat":"repeat","background-position":"center center","background-size":"auto","background-attachment":"scroll","background-type":"","background-media":"","overlay-type":"","overlay-color":"","overlay-opacity":"","overlay-gradient":""},"tablet":{"background-color":"","background-image":"","background-repeat":"repeat","background-position":"center center","background-size":"auto","background-attachment":"scroll","background-type":"","background-media":"","overlay-type":"","overlay-color":"","overlay-opacity":"","overlay-gradient":""},"mobile":{"background-color":"","background-image":"","background-repeat":"repeat","background-position":"center center","background-size":"auto","background-attachment":"scroll","background-type":"","background-media":"","overlay-type":"","overlay-color":"","overlay-opacity":"","overlay-gradient":""}},"ast-content-background-meta":{"desktop":{"background-color":"var(--ast-global-color-5)","background-image":"","background-repeat":"repeat","background-position":"center center","background-size":"auto","background-attachment":"scroll","background-type":"","background-media":"","overlay-type":"","overlay-color":"","overlay-opacity":"","overlay-gradient":""},"tablet":{"background-color":"var(--ast-global-color-5)","background-image":"","background-repeat":"repeat","background-position":"center center","background-size":"auto","background-attachment":"scroll","background-type":"","background-media":"","overlay-type":"","overlay-color":"","overlay-opacity":"","overlay-gradient":""},"mobile":{"background-color":"var(--ast-global-color-5)","background-image":"","background-repeat":"repeat","background-position":"center center","background-size":"auto","background-attachment":"scroll","background-type":"","background-media":"","overlay-type":"","overlay-color":"","overlay-opacity":"","overlay-gradient":""}}},"product_brand":[],"product_cat":[137,84],"product_tag":[],"class_list":{"0":"post-2246","1":"product","2":"type-product","3":"status-publish","4":"has-post-thumbnail","6":"product_cat-gravitaciniai-ritineliai","7":"product_cat-konvejeriu-ritineliai","8":"desktop-align-left","9":"tablet-align-left","10":"mobile-align-left","12":"first","13":"instock","14":"featured","15":"shipping-taxable","16":"product-type-simple"},"yoast_head":"<!-- This site is optimized with the Yoast SEO plugin v27.5 - https:\/\/yoast.com\/product\/yoast-seo-wordpress\/ -->\n<title>Ritin\u0117lis 788 mm, ner\u016bdijantis plienas, PU danga, 50 mm - ENVITEKA<\/title>\n<meta name=\"description\" content=\"Ilgaam\u017eis ritin\u0117lis su ner\u016bdijan\u010diu plienu, PU danga ir 788 mm ilgiu. 50 mm skersmuo, apkrova iki 1200 N. Tinka maisto ar dr\u0117gnai aplinkai.\" \/>\n<meta name=\"robots\" content=\"index, follow, max-snippet:-1, max-image-preview:large, max-video-preview:-1\" \/>\n<link rel=\"canonical\" href=\"https:\/\/enviteka.lt\/en\/product\/ritinelis-788-mm-nerudijantis-plienas-pu-danga-50-mm\/\" \/>\n<meta property=\"og:locale\" content=\"en_US\" \/>\n<meta property=\"og:type\" content=\"article\" \/>\n<meta property=\"og:title\" content=\"Ritin\u0117lis 788 mm, ner\u016bdijantis plienas, PU danga, 50 mm - ENVITEKA\" \/>\n<meta property=\"og:description\" content=\"Ilgaam\u017eis ritin\u0117lis su ner\u016bdijan\u010diu plienu, PU danga ir 788 mm ilgiu. 50 mm skersmuo, apkrova iki 1200 N. Tinka maisto ar dr\u0117gnai aplinkai.\" \/>\n<meta property=\"og:url\" content=\"https:\/\/enviteka.lt\/en\/product\/ritinelis-788-mm-nerudijantis-plienas-pu-danga-50-mm\/\" \/>\n<meta property=\"og:site_name\" content=\"ENVITEKA\" \/>\n<meta property=\"article:modified_time\" content=\"2025-07-24T20:04:10+00:00\" \/>\n<meta property=\"og:image\" content=\"https:\/\/enviteka.lt\/wp-content\/uploads\/2025\/07\/pu_ritinelis_enviteka.jpg\" \/>\n\t<meta property=\"og:image:width\" content=\"481\" \/>\n\t<meta property=\"og:image:height\" content=\"499\" \/>\n\t<meta property=\"og:image:type\" content=\"image\/jpeg\" \/>\n<meta name=\"twitter:card\" content=\"summary_large_image\" \/>\n<meta name=\"twitter:label1\" content=\"Est. reading time\" \/>\n\t<meta name=\"twitter:data1\" content=\"1 minute\" \/>\n<script type=\"application\/ld+json\" class=\"yoast-schema-graph\">{\"@context\":\"https:\\\/\\\/schema.org\",\"@graph\":[{\"@type\":\"WebPage\",\"@id\":\"https:\\\/\\\/enviteka.lt\\\/produktas\\\/ritinelis-788-mm-nerudijantis-plienas-pu-danga-50-mm\\\/\",\"url\":\"https:\\\/\\\/enviteka.lt\\\/produktas\\\/ritinelis-788-mm-nerudijantis-plienas-pu-danga-50-mm\\\/\",\"name\":\"Ritin\u0117lis 788 mm, ner\u016bdijantis plienas, PU danga, 50 mm - ENVITEKA\",\"isPartOf\":{\"@id\":\"https:\\\/\\\/enviteka.lt\\\/#website\"},\"primaryImageOfPage\":{\"@id\":\"https:\\\/\\\/enviteka.lt\\\/produktas\\\/ritinelis-788-mm-nerudijantis-plienas-pu-danga-50-mm\\\/#primaryimage\"},\"image\":{\"@id\":\"https:\\\/\\\/enviteka.lt\\\/produktas\\\/ritinelis-788-mm-nerudijantis-plienas-pu-danga-50-mm\\\/#primaryimage\"},\"thumbnailUrl\":\"https:\\\/\\\/enviteka.lt\\\/wp-content\\\/uploads\\\/2025\\\/07\\\/pu_ritinelis_enviteka.jpg\",\"datePublished\":\"2025-07-24T20:02:57+00:00\",\"dateModified\":\"2025-07-24T20:04:10+00:00\",\"description\":\"Ilgaam\u017eis ritin\u0117lis su ner\u016bdijan\u010diu plienu, PU danga ir 788 mm ilgiu. 50 mm skersmuo, apkrova iki 1200 N. Tinka maisto ar dr\u0117gnai aplinkai.\",\"breadcrumb\":{\"@id\":\"https:\\\/\\\/enviteka.lt\\\/produktas\\\/ritinelis-788-mm-nerudijantis-plienas-pu-danga-50-mm\\\/#breadcrumb\"},\"inLanguage\":\"en-US\",\"potentialAction\":[{\"@type\":\"ReadAction\",\"target\":[\"https:\\\/\\\/enviteka.lt\\\/produktas\\\/ritinelis-788-mm-nerudijantis-plienas-pu-danga-50-mm\\\/\"]}]},{\"@type\":\"ImageObject\",\"inLanguage\":\"en-US\",\"@id\":\"https:\\\/\\\/enviteka.lt\\\/produktas\\\/ritinelis-788-mm-nerudijantis-plienas-pu-danga-50-mm\\\/#primaryimage\",\"url\":\"https:\\\/\\\/enviteka.lt\\\/wp-content\\\/uploads\\\/2025\\\/07\\\/pu_ritinelis_enviteka.jpg\",\"contentUrl\":\"https:\\\/\\\/enviteka.lt\\\/wp-content\\\/uploads\\\/2025\\\/07\\\/pu_ritinelis_enviteka.jpg\",\"width\":481,\"height\":499},{\"@type\":\"BreadcrumbList\",\"@id\":\"https:\\\/\\\/enviteka.lt\\\/produktas\\\/ritinelis-788-mm-nerudijantis-plienas-pu-danga-50-mm\\\/#breadcrumb\",\"itemListElement\":[{\"@type\":\"ListItem\",\"position\":1,\"name\":\"Home\",\"item\":\"https:\\\/\\\/enviteka.lt\\\/\"},{\"@type\":\"ListItem\",\"position\":2,\"name\":\"Produktai\",\"item\":\"https:\\\/\\\/enviteka.lt\\\/produktai\\\/\"},{\"@type\":\"ListItem\",\"position\":3,\"name\":\"Ritin\u0117lis 788 mm, ner\u016bdijantis plienas, PU danga, 50 mm\"}]},{\"@type\":\"WebSite\",\"@id\":\"https:\\\/\\\/enviteka.lt\\\/#website\",\"url\":\"https:\\\/\\\/enviteka.lt\\\/\",\"name\":\"ENVITEKA\",\"description\":\"pramonin\u0117s \u012frangos tiek\u0117jas\",\"publisher\":{\"@id\":\"https:\\\/\\\/enviteka.lt\\\/#organization\"},\"potentialAction\":[{\"@type\":\"SearchAction\",\"target\":{\"@type\":\"EntryPoint\",\"urlTemplate\":\"https:\\\/\\\/enviteka.lt\\\/?s={search_term_string}\"},\"query-input\":{\"@type\":\"PropertyValueSpecification\",\"valueRequired\":true,\"valueName\":\"search_term_string\"}}],\"inLanguage\":\"en-US\"},{\"@type\":\"Organization\",\"@id\":\"https:\\\/\\\/enviteka.lt\\\/#organization\",\"name\":\"ENVITEKA\",\"url\":\"https:\\\/\\\/enviteka.lt\\\/\",\"logo\":{\"@type\":\"ImageObject\",\"inLanguage\":\"en-US\",\"@id\":\"https:\\\/\\\/enviteka.lt\\\/#\\\/schema\\\/logo\\\/image\\\/\",\"url\":\"https:\\\/\\\/enviteka.lt\\\/wp-content\\\/uploads\\\/2024\\\/10\\\/enviteka-high-resolution-logo-transparent-e1742852093377.png\",\"contentUrl\":\"https:\\\/\\\/enviteka.lt\\\/wp-content\\\/uploads\\\/2024\\\/10\\\/enviteka-high-resolution-logo-transparent-e1742852093377.png\",\"width\":424,\"height\":150,\"caption\":\"ENVITEKA\"},\"image\":{\"@id\":\"https:\\\/\\\/enviteka.lt\\\/#\\\/schema\\\/logo\\\/image\\\/\"}}]}<\/script>\n<!-- \/ Yoast SEO plugin. -->","yoast_head_json":{"title":"Ritin\u0117lis 788 mm, ner\u016bdijantis plienas, PU danga, 50 mm - ENVITEKA","description":"Ilgaam\u017eis ritin\u0117lis su ner\u016bdijan\u010diu plienu, PU danga ir 788 mm ilgiu. 50 mm skersmuo, apkrova iki 1200 N. Tinka maisto ar dr\u0117gnai aplinkai.","robots":{"index":"index","follow":"follow","max-snippet":"max-snippet:-1","max-image-preview":"max-image-preview:large","max-video-preview":"max-video-preview:-1"},"canonical":"https:\/\/enviteka.lt\/en\/product\/ritinelis-788-mm-nerudijantis-plienas-pu-danga-50-mm\/","og_locale":"en_US","og_type":"article","og_title":"Ritin\u0117lis 788 mm, ner\u016bdijantis plienas, PU danga, 50 mm - ENVITEKA","og_description":"Ilgaam\u017eis ritin\u0117lis su ner\u016bdijan\u010diu plienu, PU danga ir 788 mm ilgiu. 50 mm skersmuo, apkrova iki 1200 N. Tinka maisto ar dr\u0117gnai aplinkai.","og_url":"https:\/\/enviteka.lt\/en\/product\/ritinelis-788-mm-nerudijantis-plienas-pu-danga-50-mm\/","og_site_name":"ENVITEKA","article_modified_time":"2025-07-24T20:04:10+00:00","og_image":[{"width":481,"height":499,"url":"https:\/\/enviteka.lt\/wp-content\/uploads\/2025\/07\/pu_ritinelis_enviteka.jpg","type":"image\/jpeg"}],"twitter_card":"summary_large_image","twitter_misc":{"Est. reading time":"1 minute"},"schema":{"@context":"https:\/\/schema.org","@graph":[{"@type":"WebPage","@id":"https:\/\/enviteka.lt\/produktas\/ritinelis-788-mm-nerudijantis-plienas-pu-danga-50-mm\/","url":"https:\/\/enviteka.lt\/produktas\/ritinelis-788-mm-nerudijantis-plienas-pu-danga-50-mm\/","name":"Ritin\u0117lis 788 mm, ner\u016bdijantis plienas, PU danga, 50 mm - ENVITEKA","isPartOf":{"@id":"https:\/\/enviteka.lt\/#website"},"primaryImageOfPage":{"@id":"https:\/\/enviteka.lt\/produktas\/ritinelis-788-mm-nerudijantis-plienas-pu-danga-50-mm\/#primaryimage"},"image":{"@id":"https:\/\/enviteka.lt\/produktas\/ritinelis-788-mm-nerudijantis-plienas-pu-danga-50-mm\/#primaryimage"},"thumbnailUrl":"https:\/\/enviteka.lt\/wp-content\/uploads\/2025\/07\/pu_ritinelis_enviteka.jpg","datePublished":"2025-07-24T20:02:57+00:00","dateModified":"2025-07-24T20:04:10+00:00","description":"Ilgaam\u017eis ritin\u0117lis su ner\u016bdijan\u010diu plienu, PU danga ir 788 mm ilgiu. 50 mm skersmuo, apkrova iki 1200 N. Tinka maisto ar dr\u0117gnai aplinkai.","breadcrumb":{"@id":"https:\/\/enviteka.lt\/produktas\/ritinelis-788-mm-nerudijantis-plienas-pu-danga-50-mm\/#breadcrumb"},"inLanguage":"en-US","potentialAction":[{"@type":"ReadAction","target":["https:\/\/enviteka.lt\/produktas\/ritinelis-788-mm-nerudijantis-plienas-pu-danga-50-mm\/"]}]},{"@type":"ImageObject","inLanguage":"en-US","@id":"https:\/\/enviteka.lt\/produktas\/ritinelis-788-mm-nerudijantis-plienas-pu-danga-50-mm\/#primaryimage","url":"https:\/\/enviteka.lt\/wp-content\/uploads\/2025\/07\/pu_ritinelis_enviteka.jpg","contentUrl":"https:\/\/enviteka.lt\/wp-content\/uploads\/2025\/07\/pu_ritinelis_enviteka.jpg","width":481,"height":499},{"@type":"BreadcrumbList","@id":"https:\/\/enviteka.lt\/produktas\/ritinelis-788-mm-nerudijantis-plienas-pu-danga-50-mm\/#breadcrumb","itemListElement":[{"@type":"ListItem","position":1,"name":"Home","item":"https:\/\/enviteka.lt\/"},{"@type":"ListItem","position":2,"name":"Produktai","item":"https:\/\/enviteka.lt\/produktai\/"},{"@type":"ListItem","position":3,"name":"Ritin\u0117lis 788 mm, ner\u016bdijantis plienas, PU danga, 50 mm"}]},{"@type":"WebSite","@id":"https:\/\/enviteka.lt\/#website","url":"https:\/\/enviteka.lt\/","name":"ENVITEKA","description":"pramonin\u0117s \u012frangos tiek\u0117jas","publisher":{"@id":"https:\/\/enviteka.lt\/#organization"},"potentialAction":[{"@type":"SearchAction","target":{"@type":"EntryPoint","urlTemplate":"https:\/\/enviteka.lt\/?s={search_term_string}"},"query-input":{"@type":"PropertyValueSpecification","valueRequired":true,"valueName":"search_term_string"}}],"inLanguage":"en-US"},{"@type":"Organization","@id":"https:\/\/enviteka.lt\/#organization","name":"ENVITEKA","url":"https:\/\/enviteka.lt\/","logo":{"@type":"ImageObject","inLanguage":"en-US","@id":"https:\/\/enviteka.lt\/#\/schema\/logo\/image\/","url":"https:\/\/enviteka.lt\/wp-content\/uploads\/2024\/10\/enviteka-high-resolution-logo-transparent-e1742852093377.png","contentUrl":"https:\/\/enviteka.lt\/wp-content\/uploads\/2024\/10\/enviteka-high-resolution-logo-transparent-e1742852093377.png","width":424,"height":150,"caption":"ENVITEKA"},"image":{"@id":"https:\/\/enviteka.lt\/#\/schema\/logo\/image\/"}}]}},"_links":{"self":[{"href":"https:\/\/enviteka.lt\/en\/wp-json\/wp\/v2\/product\/2246","targetHints":{"allow":["GET"]}}],"collection":[{"href":"https:\/\/enviteka.lt\/en\/wp-json\/wp\/v2\/product"}],"about":[{"href":"https:\/\/enviteka.lt\/en\/wp-json\/wp\/v2\/types\/product"}],"wp:featuredmedia":[{"embeddable":true,"href":"https:\/\/enviteka.lt\/en\/wp-json\/wp\/v2\/media\/2247"}],"wp:attachment":[{"href":"https:\/\/enviteka.lt\/en\/wp-json\/wp\/v2\/media?parent=2246"}],"wp:term":[{"taxonomy":"product_brand","embeddable":true,"href":"https:\/\/enviteka.lt\/en\/wp-json\/wp\/v2\/product_brand?post=2246"},{"taxonomy":"product_cat","embeddable":true,"href":"https:\/\/enviteka.lt\/en\/wp-json\/wp\/v2\/product_cat?post=2246"},{"taxonomy":"product_tag","embeddable":true,"href":"https:\/\/enviteka.lt\/en\/wp-json\/wp\/v2\/product_tag?post=2246"}],"curies":[{"name":"wp","href":"https:\/\/api.w.org\/{rel}","templated":true}]}}