{"id":2225,"date":"2025-07-24T19:15:17","date_gmt":"2025-07-24T19:15:17","guid":{"rendered":"https:\/\/enviteka.lt\/?post_type=product&#038;p=2225"},"modified":"2025-07-24T19:36:13","modified_gmt":"2025-07-24T19:36:13","slug":"galvanizuotas-ritinelis-60-mm-vamzdis-370-mm-ilgis","status":"publish","type":"product","link":"https:\/\/enviteka.lt\/en\/product\/galvanizuotas-ritinelis-60-mm-vamzdis-370-mm-ilgis\/","title":{"rendered":"Galvanizuotas ritin\u0117lis 60 mm vamzdis, 370 mm ilgis"},"content":{"rendered":"<p><strong>Apra\u0161ymas<\/strong> &#8211; tai tvirtas ir patikimas elementas, skirtas konvejeri\u0173, \u012fvairi\u0173 gamybos linij\u0173 ar transportavimo sistem\u0173 \u012frangai.<\/p>\n<ul>\n<li><strong>Vamzd\u017eio skersmuo:<\/strong> 60 mm (vamzd\u017eio storis 1,5 mm)<\/li>\n<li data-start=\"352\" data-end=\"380\"><strong data-start=\"352\" data-end=\"371\">\u012erengimo ilgis:<\/strong> 370 mm<\/li>\n<li data-start=\"383\" data-end=\"411\"><strong data-start=\"383\" data-end=\"402\">Vamzd\u017eio ilgis:<\/strong> 363 mm<\/li>\n<li data-start=\"414\" data-end=\"503\"><strong data-start=\"414\" data-end=\"427\">Med\u017eiaga:<\/strong> galvanizuotas plienas, u\u017etikrinantis atsparum\u0105 korozijai ir ilgaam\u017ei\u0161kum\u0105<\/li>\n<li data-start=\"506\" data-end=\"534\"><strong data-start=\"506\" data-end=\"526\">Veleno skersmuo:<\/strong> 12 mm<\/li>\n<li data-start=\"537\" data-end=\"563\"><strong data-start=\"537\" data-end=\"554\">Veleno ilgis:<\/strong> 380 mm<\/li>\n<li data-start=\"566\" data-end=\"635\"><strong data-start=\"566\" data-end=\"583\">Veleno galai:<\/strong> frezuoti (10&#215;5 mm), u\u017etikrina patikim\u0105 tvirtinim\u0105<\/li>\n<li data-start=\"638\" data-end=\"735\"><strong data-start=\"638\" data-end=\"650\">Guoliai:<\/strong> POM korpuso guoliai su 6202 tipo guoliais, suteikiantys skland\u0173 ritin\u0117lio sukim\u0105si<\/li>\n<li data-start=\"738\" data-end=\"805\"><strong data-start=\"738\" data-end=\"764\">Maksimalus apkrovimas:<\/strong> iki 1400 N (~130 kg) vienam ritin\u0117liui<\/li>\n<\/ul>\n<p><strong>Susisiekite su mumis<\/strong> \u2013 jeigu turite klausym\u0173, norite \u012fsigyti.<\/p>\n<p><strong>Turime sand\u0117lyje. Pristatymas 2-3 d.d.<\/strong><\/p>","protected":false},"excerpt":{"rendered":"<p>Apra\u0161ymas &#8211; tai tvirtas ir patikimas elementas, skirtas konvejeri\u0173, \u012fvairi\u0173 gamybos linij\u0173 ar transportavimo sistem\u0173 \u012frangai. Vamzd\u017eio skersmuo: 60 mm [&hellip;]<\/p>","protected":false},"featured_media":2226,"template":"","meta":{"site-sidebar-layout":"default","site-content-layout":"","ast-site-content-layout":"default","site-content-style":"default","site-sidebar-style":"default","ast-global-header-display":"","ast-banner-title-visibility":"","ast-main-header-display":"","ast-hfb-above-header-display":"","ast-hfb-below-header-display":"","ast-hfb-mobile-header-display":"","site-post-title":"","ast-breadcrumbs-content":"","ast-featured-img":"","footer-sml-layout":"","ast-disable-related-posts":"","theme-transparent-header-meta":"default","adv-header-id-meta":"","stick-header-meta":"","header-above-stick-meta":"","header-main-stick-meta":"","header-below-stick-meta":"","astra-migrate-meta-layouts":"set","ast-page-background-enabled":"default","ast-page-background-meta":{"desktop":{"background-color":"var(--ast-global-color-4)","background-image":"","background-repeat":"repeat","background-position":"center center","background-size":"auto","background-attachment":"scroll","background-type":"","background-media":"","overlay-type":"","overlay-color":"","overlay-opacity":"","overlay-gradient":""},"tablet":{"background-color":"","background-image":"","background-repeat":"repeat","background-position":"center center","background-size":"auto","background-attachment":"scroll","background-type":"","background-media":"","overlay-type":"","overlay-color":"","overlay-opacity":"","overlay-gradient":""},"mobile":{"background-color":"","background-image":"","background-repeat":"repeat","background-position":"center center","background-size":"auto","background-attachment":"scroll","background-type":"","background-media":"","overlay-type":"","overlay-color":"","overlay-opacity":"","overlay-gradient":""}},"ast-content-background-meta":{"desktop":{"background-color":"var(--ast-global-color-5)","background-image":"","background-repeat":"repeat","background-position":"center center","background-size":"auto","background-attachment":"scroll","background-type":"","background-media":"","overlay-type":"","overlay-color":"","overlay-opacity":"","overlay-gradient":""},"tablet":{"background-color":"var(--ast-global-color-5)","background-image":"","background-repeat":"repeat","background-position":"center center","background-size":"auto","background-attachment":"scroll","background-type":"","background-media":"","overlay-type":"","overlay-color":"","overlay-opacity":"","overlay-gradient":""},"mobile":{"background-color":"var(--ast-global-color-5)","background-image":"","background-repeat":"repeat","background-position":"center center","background-size":"auto","background-attachment":"scroll","background-type":"","background-media":"","overlay-type":"","overlay-color":"","overlay-opacity":"","overlay-gradient":""}}},"product_brand":[],"product_cat":[137,84],"product_tag":[],"class_list":{"0":"post-2225","1":"product","2":"type-product","3":"status-publish","4":"has-post-thumbnail","6":"product_cat-gravitaciniai-ritineliai","7":"product_cat-konvejeriu-ritineliai","8":"desktop-align-left","9":"tablet-align-left","10":"mobile-align-left","12":"first","13":"instock","14":"featured","15":"shipping-taxable","16":"product-type-simple"},"yoast_head":"<!-- This site is optimized with the Yoast SEO plugin v27.3 - https:\/\/yoast.com\/product\/yoast-seo-wordpress\/ -->\n<title>Galvanizuotas ritin\u0117lis 60 mm vamzdis, 370 mm ilgis - ENVITEKA<\/title>\n<meta name=\"description\" content=\"Ritin\u0117lis su 60 mm galvanizuoto plieno vamzd\u017eiu. Patvarus ritin\u0117lis su POM guoliais, maksimalus apkrovimas iki 1400 N. Kaina nuo 19,70 \u20ac.\" \/>\n<meta name=\"robots\" content=\"index, follow, max-snippet:-1, max-image-preview:large, max-video-preview:-1\" \/>\n<link rel=\"canonical\" href=\"https:\/\/enviteka.lt\/en\/product\/galvanizuotas-ritinelis-60-mm-vamzdis-370-mm-ilgis\/\" \/>\n<meta property=\"og:locale\" content=\"en_US\" \/>\n<meta property=\"og:type\" content=\"article\" \/>\n<meta property=\"og:title\" content=\"Galvanizuotas ritin\u0117lis 60 mm vamzdis, 370 mm ilgis - ENVITEKA\" \/>\n<meta property=\"og:description\" content=\"Ritin\u0117lis su 60 mm galvanizuoto plieno vamzd\u017eiu. Patvarus ritin\u0117lis su POM guoliais, maksimalus apkrovimas iki 1400 N. Kaina nuo 19,70 \u20ac.\" \/>\n<meta property=\"og:url\" content=\"https:\/\/enviteka.lt\/en\/product\/galvanizuotas-ritinelis-60-mm-vamzdis-370-mm-ilgis\/\" \/>\n<meta property=\"og:site_name\" content=\"ENVITEKA\" \/>\n<meta property=\"article:modified_time\" content=\"2025-07-24T19:36:13+00:00\" \/>\n<meta property=\"og:image\" content=\"https:\/\/enviteka.lt\/wp-content\/uploads\/2025\/07\/ritinelis_370.jpg\" \/>\n\t<meta property=\"og:image:width\" content=\"536\" \/>\n\t<meta property=\"og:image:height\" content=\"505\" \/>\n\t<meta property=\"og:image:type\" content=\"image\/jpeg\" \/>\n<meta name=\"twitter:card\" content=\"summary_large_image\" \/>\n<meta name=\"twitter:label1\" content=\"Est. reading time\" \/>\n\t<meta name=\"twitter:data1\" content=\"1 minute\" \/>\n<script type=\"application\/ld+json\" class=\"yoast-schema-graph\">{\"@context\":\"https:\\\/\\\/schema.org\",\"@graph\":[{\"@type\":\"WebPage\",\"@id\":\"https:\\\/\\\/enviteka.lt\\\/produktas\\\/galvanizuotas-ritinelis-60-mm-vamzdis-370-mm-ilgis\\\/\",\"url\":\"https:\\\/\\\/enviteka.lt\\\/produktas\\\/galvanizuotas-ritinelis-60-mm-vamzdis-370-mm-ilgis\\\/\",\"name\":\"Galvanizuotas ritin\u0117lis 60 mm vamzdis, 370 mm ilgis - ENVITEKA\",\"isPartOf\":{\"@id\":\"https:\\\/\\\/enviteka.lt\\\/#website\"},\"primaryImageOfPage\":{\"@id\":\"https:\\\/\\\/enviteka.lt\\\/produktas\\\/galvanizuotas-ritinelis-60-mm-vamzdis-370-mm-ilgis\\\/#primaryimage\"},\"image\":{\"@id\":\"https:\\\/\\\/enviteka.lt\\\/produktas\\\/galvanizuotas-ritinelis-60-mm-vamzdis-370-mm-ilgis\\\/#primaryimage\"},\"thumbnailUrl\":\"https:\\\/\\\/enviteka.lt\\\/wp-content\\\/uploads\\\/2025\\\/07\\\/ritinelis_370.jpg\",\"datePublished\":\"2025-07-24T19:15:17+00:00\",\"dateModified\":\"2025-07-24T19:36:13+00:00\",\"description\":\"Ritin\u0117lis su 60 mm galvanizuoto plieno vamzd\u017eiu. Patvarus ritin\u0117lis su POM guoliais, maksimalus apkrovimas iki 1400 N. Kaina nuo 19,70 \u20ac.\",\"breadcrumb\":{\"@id\":\"https:\\\/\\\/enviteka.lt\\\/produktas\\\/galvanizuotas-ritinelis-60-mm-vamzdis-370-mm-ilgis\\\/#breadcrumb\"},\"inLanguage\":\"en-US\",\"potentialAction\":[{\"@type\":\"ReadAction\",\"target\":[\"https:\\\/\\\/enviteka.lt\\\/produktas\\\/galvanizuotas-ritinelis-60-mm-vamzdis-370-mm-ilgis\\\/\"]}]},{\"@type\":\"ImageObject\",\"inLanguage\":\"en-US\",\"@id\":\"https:\\\/\\\/enviteka.lt\\\/produktas\\\/galvanizuotas-ritinelis-60-mm-vamzdis-370-mm-ilgis\\\/#primaryimage\",\"url\":\"https:\\\/\\\/enviteka.lt\\\/wp-content\\\/uploads\\\/2025\\\/07\\\/ritinelis_370.jpg\",\"contentUrl\":\"https:\\\/\\\/enviteka.lt\\\/wp-content\\\/uploads\\\/2025\\\/07\\\/ritinelis_370.jpg\",\"width\":536,\"height\":505},{\"@type\":\"BreadcrumbList\",\"@id\":\"https:\\\/\\\/enviteka.lt\\\/produktas\\\/galvanizuotas-ritinelis-60-mm-vamzdis-370-mm-ilgis\\\/#breadcrumb\",\"itemListElement\":[{\"@type\":\"ListItem\",\"position\":1,\"name\":\"Home\",\"item\":\"https:\\\/\\\/enviteka.lt\\\/\"},{\"@type\":\"ListItem\",\"position\":2,\"name\":\"Produktai\",\"item\":\"https:\\\/\\\/enviteka.lt\\\/produktai\\\/\"},{\"@type\":\"ListItem\",\"position\":3,\"name\":\"Galvanizuotas ritin\u0117lis 60 mm vamzdis, 370 mm ilgis\"}]},{\"@type\":\"WebSite\",\"@id\":\"https:\\\/\\\/enviteka.lt\\\/#website\",\"url\":\"https:\\\/\\\/enviteka.lt\\\/\",\"name\":\"ENVITEKA\",\"description\":\"pramonin\u0117s \u012frangos tiek\u0117jas\",\"publisher\":{\"@id\":\"https:\\\/\\\/enviteka.lt\\\/#organization\"},\"potentialAction\":[{\"@type\":\"SearchAction\",\"target\":{\"@type\":\"EntryPoint\",\"urlTemplate\":\"https:\\\/\\\/enviteka.lt\\\/?s={search_term_string}\"},\"query-input\":{\"@type\":\"PropertyValueSpecification\",\"valueRequired\":true,\"valueName\":\"search_term_string\"}}],\"inLanguage\":\"en-US\"},{\"@type\":\"Organization\",\"@id\":\"https:\\\/\\\/enviteka.lt\\\/#organization\",\"name\":\"ENVITEKA\",\"url\":\"https:\\\/\\\/enviteka.lt\\\/\",\"logo\":{\"@type\":\"ImageObject\",\"inLanguage\":\"en-US\",\"@id\":\"https:\\\/\\\/enviteka.lt\\\/#\\\/schema\\\/logo\\\/image\\\/\",\"url\":\"https:\\\/\\\/enviteka.lt\\\/wp-content\\\/uploads\\\/2024\\\/10\\\/enviteka-high-resolution-logo-transparent-e1742852093377.png\",\"contentUrl\":\"https:\\\/\\\/enviteka.lt\\\/wp-content\\\/uploads\\\/2024\\\/10\\\/enviteka-high-resolution-logo-transparent-e1742852093377.png\",\"width\":424,\"height\":150,\"caption\":\"ENVITEKA\"},\"image\":{\"@id\":\"https:\\\/\\\/enviteka.lt\\\/#\\\/schema\\\/logo\\\/image\\\/\"}}]}<\/script>\n<!-- \/ Yoast SEO plugin. -->","yoast_head_json":{"title":"Galvanizuotas ritin\u0117lis 60 mm vamzdis, 370 mm ilgis - ENVITEKA","description":"Ritin\u0117lis su 60 mm galvanizuoto plieno vamzd\u017eiu. Patvarus ritin\u0117lis su POM guoliais, maksimalus apkrovimas iki 1400 N. Kaina nuo 19,70 \u20ac.","robots":{"index":"index","follow":"follow","max-snippet":"max-snippet:-1","max-image-preview":"max-image-preview:large","max-video-preview":"max-video-preview:-1"},"canonical":"https:\/\/enviteka.lt\/en\/product\/galvanizuotas-ritinelis-60-mm-vamzdis-370-mm-ilgis\/","og_locale":"en_US","og_type":"article","og_title":"Galvanizuotas ritin\u0117lis 60 mm vamzdis, 370 mm ilgis - ENVITEKA","og_description":"Ritin\u0117lis su 60 mm galvanizuoto plieno vamzd\u017eiu. Patvarus ritin\u0117lis su POM guoliais, maksimalus apkrovimas iki 1400 N. Kaina nuo 19,70 \u20ac.","og_url":"https:\/\/enviteka.lt\/en\/product\/galvanizuotas-ritinelis-60-mm-vamzdis-370-mm-ilgis\/","og_site_name":"ENVITEKA","article_modified_time":"2025-07-24T19:36:13+00:00","og_image":[{"width":536,"height":505,"url":"https:\/\/enviteka.lt\/wp-content\/uploads\/2025\/07\/ritinelis_370.jpg","type":"image\/jpeg"}],"twitter_card":"summary_large_image","twitter_misc":{"Est. reading time":"1 minute"},"schema":{"@context":"https:\/\/schema.org","@graph":[{"@type":"WebPage","@id":"https:\/\/enviteka.lt\/produktas\/galvanizuotas-ritinelis-60-mm-vamzdis-370-mm-ilgis\/","url":"https:\/\/enviteka.lt\/produktas\/galvanizuotas-ritinelis-60-mm-vamzdis-370-mm-ilgis\/","name":"Galvanizuotas ritin\u0117lis 60 mm vamzdis, 370 mm ilgis - ENVITEKA","isPartOf":{"@id":"https:\/\/enviteka.lt\/#website"},"primaryImageOfPage":{"@id":"https:\/\/enviteka.lt\/produktas\/galvanizuotas-ritinelis-60-mm-vamzdis-370-mm-ilgis\/#primaryimage"},"image":{"@id":"https:\/\/enviteka.lt\/produktas\/galvanizuotas-ritinelis-60-mm-vamzdis-370-mm-ilgis\/#primaryimage"},"thumbnailUrl":"https:\/\/enviteka.lt\/wp-content\/uploads\/2025\/07\/ritinelis_370.jpg","datePublished":"2025-07-24T19:15:17+00:00","dateModified":"2025-07-24T19:36:13+00:00","description":"Ritin\u0117lis su 60 mm galvanizuoto plieno vamzd\u017eiu. Patvarus ritin\u0117lis su POM guoliais, maksimalus apkrovimas iki 1400 N. Kaina nuo 19,70 \u20ac.","breadcrumb":{"@id":"https:\/\/enviteka.lt\/produktas\/galvanizuotas-ritinelis-60-mm-vamzdis-370-mm-ilgis\/#breadcrumb"},"inLanguage":"en-US","potentialAction":[{"@type":"ReadAction","target":["https:\/\/enviteka.lt\/produktas\/galvanizuotas-ritinelis-60-mm-vamzdis-370-mm-ilgis\/"]}]},{"@type":"ImageObject","inLanguage":"en-US","@id":"https:\/\/enviteka.lt\/produktas\/galvanizuotas-ritinelis-60-mm-vamzdis-370-mm-ilgis\/#primaryimage","url":"https:\/\/enviteka.lt\/wp-content\/uploads\/2025\/07\/ritinelis_370.jpg","contentUrl":"https:\/\/enviteka.lt\/wp-content\/uploads\/2025\/07\/ritinelis_370.jpg","width":536,"height":505},{"@type":"BreadcrumbList","@id":"https:\/\/enviteka.lt\/produktas\/galvanizuotas-ritinelis-60-mm-vamzdis-370-mm-ilgis\/#breadcrumb","itemListElement":[{"@type":"ListItem","position":1,"name":"Home","item":"https:\/\/enviteka.lt\/"},{"@type":"ListItem","position":2,"name":"Produktai","item":"https:\/\/enviteka.lt\/produktai\/"},{"@type":"ListItem","position":3,"name":"Galvanizuotas ritin\u0117lis 60 mm vamzdis, 370 mm ilgis"}]},{"@type":"WebSite","@id":"https:\/\/enviteka.lt\/#website","url":"https:\/\/enviteka.lt\/","name":"ENVITEKA","description":"pramonin\u0117s \u012frangos tiek\u0117jas","publisher":{"@id":"https:\/\/enviteka.lt\/#organization"},"potentialAction":[{"@type":"SearchAction","target":{"@type":"EntryPoint","urlTemplate":"https:\/\/enviteka.lt\/?s={search_term_string}"},"query-input":{"@type":"PropertyValueSpecification","valueRequired":true,"valueName":"search_term_string"}}],"inLanguage":"en-US"},{"@type":"Organization","@id":"https:\/\/enviteka.lt\/#organization","name":"ENVITEKA","url":"https:\/\/enviteka.lt\/","logo":{"@type":"ImageObject","inLanguage":"en-US","@id":"https:\/\/enviteka.lt\/#\/schema\/logo\/image\/","url":"https:\/\/enviteka.lt\/wp-content\/uploads\/2024\/10\/enviteka-high-resolution-logo-transparent-e1742852093377.png","contentUrl":"https:\/\/enviteka.lt\/wp-content\/uploads\/2024\/10\/enviteka-high-resolution-logo-transparent-e1742852093377.png","width":424,"height":150,"caption":"ENVITEKA"},"image":{"@id":"https:\/\/enviteka.lt\/#\/schema\/logo\/image\/"}}]}},"_links":{"self":[{"href":"https:\/\/enviteka.lt\/en\/wp-json\/wp\/v2\/product\/2225","targetHints":{"allow":["GET"]}}],"collection":[{"href":"https:\/\/enviteka.lt\/en\/wp-json\/wp\/v2\/product"}],"about":[{"href":"https:\/\/enviteka.lt\/en\/wp-json\/wp\/v2\/types\/product"}],"wp:featuredmedia":[{"embeddable":true,"href":"https:\/\/enviteka.lt\/en\/wp-json\/wp\/v2\/media\/2226"}],"wp:attachment":[{"href":"https:\/\/enviteka.lt\/en\/wp-json\/wp\/v2\/media?parent=2225"}],"wp:term":[{"taxonomy":"product_brand","embeddable":true,"href":"https:\/\/enviteka.lt\/en\/wp-json\/wp\/v2\/product_brand?post=2225"},{"taxonomy":"product_cat","embeddable":true,"href":"https:\/\/enviteka.lt\/en\/wp-json\/wp\/v2\/product_cat?post=2225"},{"taxonomy":"product_tag","embeddable":true,"href":"https:\/\/enviteka.lt\/en\/wp-json\/wp\/v2\/product_tag?post=2225"}],"curies":[{"name":"wp","href":"https:\/\/api.w.org\/{rel}","templated":true}]}}