{"id":2212,"date":"2025-07-24T18:49:27","date_gmt":"2025-07-24T18:49:27","guid":{"rendered":"https:\/\/enviteka.lt\/?post_type=product&#038;p=2212"},"modified":"2025-07-24T18:57:50","modified_gmt":"2025-07-24T18:57:50","slug":"ritinelis-89-mm-vamzdis-1158-mm-montavimo-ilgis","status":"publish","type":"product","link":"https:\/\/enviteka.lt\/en\/product\/ritinelis-89-mm-vamzdis-1158-mm-montavimo-ilgis\/","title":{"rendered":"Ritin\u0117lis 89 mm vamzdis, 1158 mm montavimo ilgis"},"content":{"rendered":"<p><strong>Apra\u0161ymas<\/strong> \u2013 patikimas ir ilgaam\u017eis sprendimas pramon\u0117s ir gamybos sektoriams. Pagamintas i\u0161 cinkuoto plieno su 89 mm skersmens vamzd\u017eiu ir 1158 mm montavimo ilgiu, \u0161is ritin\u0117lis u\u017etikrina auk\u0161t\u0105 mechanin\u012f patvarum\u0105. Frezuoti veleno galai (12&#215;15 mm) leid\u017eia patikimai pritvirtinti ir suma\u017eina nusid\u0117v\u0117jim\u0105.<\/p>\n<ul>\n<li><strong data-start=\"2\" data-end=\"26\">Montavimo ilgis (B):<\/strong> 1158 mm<br data-start=\"34\" data-end=\"37\" \/>\u2022 <strong data-start=\"39\" data-end=\"65\">Vamzd\u017eio skersmuo (D):<\/strong> 89 \u00d7 3,0 mm<br data-start=\"77\" data-end=\"80\" \/>\u2022 <strong data-start=\"82\" data-end=\"106\">Vamzd\u017eio ilgis (B1):<\/strong> 1148 mm<br data-start=\"114\" data-end=\"117\" \/>\u2022 <strong data-start=\"119\" data-end=\"141\">Vamzd\u017eio med\u017eiaga:<\/strong> cinkuotas plienas<br data-start=\"159\" data-end=\"162\" \/>\u2022 <strong data-start=\"164\" data-end=\"188\">Veleno skersmuo (d):<\/strong> 20 mm<br data-start=\"194\" data-end=\"197\" \/>\u2022 <strong data-start=\"199\" data-end=\"221\">Veleno ilgis (B0):<\/strong> 1188 mm<br data-start=\"229\" data-end=\"232\" \/>\u2022 <strong data-start=\"234\" data-end=\"254\">Veleno med\u017eiaga:<\/strong> plienas<br data-start=\"262\" data-end=\"265\" \/>\u2022 <strong data-start=\"267\" data-end=\"284\">Veleno galai:<\/strong> frezuoti 12 \u00d7 15 mm<br data-start=\"304\" data-end=\"307\" \/>\u2022 <strong data-start=\"309\" data-end=\"321\">Guoliai:<\/strong> POM korpusas, 6204 guolis su labirintiniu sandarikliu<br data-start=\"375\" data-end=\"378\" \/>\u2022 <strong data-start=\"380\" data-end=\"402\">Maksimali apkrova:<\/strong> 4000 N \/ ritin\u0117lis (~390 kg)<\/li>\n<\/ul>\n<p><strong>Susisiekite su mumis<\/strong> \u2013 jeigu turite klausym\u0173, norite \u012fsigyti.<\/p>\n<p><strong>Turime sand\u0117lyje. Pristatymas 2-3 d.d.<\/strong><\/p>","protected":false},"excerpt":{"rendered":"<p>Apra\u0161ymas \u2013 patikimas ir ilgaam\u017eis sprendimas pramon\u0117s ir gamybos sektoriams. Pagamintas i\u0161 cinkuoto plieno su 89 mm skersmens vamzd\u017eiu ir [&hellip;]<\/p>","protected":false},"featured_media":2207,"template":"","meta":{"site-sidebar-layout":"default","site-content-layout":"","ast-site-content-layout":"default","site-content-style":"default","site-sidebar-style":"default","ast-global-header-display":"","ast-banner-title-visibility":"","ast-main-header-display":"","ast-hfb-above-header-display":"","ast-hfb-below-header-display":"","ast-hfb-mobile-header-display":"","site-post-title":"","ast-breadcrumbs-content":"","ast-featured-img":"","footer-sml-layout":"","ast-disable-related-posts":"","theme-transparent-header-meta":"default","adv-header-id-meta":"","stick-header-meta":"","header-above-stick-meta":"","header-main-stick-meta":"","header-below-stick-meta":"","astra-migrate-meta-layouts":"set","ast-page-background-enabled":"default","ast-page-background-meta":{"desktop":{"background-color":"var(--ast-global-color-4)","background-image":"","background-repeat":"repeat","background-position":"center center","background-size":"auto","background-attachment":"scroll","background-type":"","background-media":"","overlay-type":"","overlay-color":"","overlay-opacity":"","overlay-gradient":""},"tablet":{"background-color":"","background-image":"","background-repeat":"repeat","background-position":"center center","background-size":"auto","background-attachment":"scroll","background-type":"","background-media":"","overlay-type":"","overlay-color":"","overlay-opacity":"","overlay-gradient":""},"mobile":{"background-color":"","background-image":"","background-repeat":"repeat","background-position":"center center","background-size":"auto","background-attachment":"scroll","background-type":"","background-media":"","overlay-type":"","overlay-color":"","overlay-opacity":"","overlay-gradient":""}},"ast-content-background-meta":{"desktop":{"background-color":"var(--ast-global-color-5)","background-image":"","background-repeat":"repeat","background-position":"center center","background-size":"auto","background-attachment":"scroll","background-type":"","background-media":"","overlay-type":"","overlay-color":"","overlay-opacity":"","overlay-gradient":""},"tablet":{"background-color":"var(--ast-global-color-5)","background-image":"","background-repeat":"repeat","background-position":"center center","background-size":"auto","background-attachment":"scroll","background-type":"","background-media":"","overlay-type":"","overlay-color":"","overlay-opacity":"","overlay-gradient":""},"mobile":{"background-color":"var(--ast-global-color-5)","background-image":"","background-repeat":"repeat","background-position":"center center","background-size":"auto","background-attachment":"scroll","background-type":"","background-media":"","overlay-type":"","overlay-color":"","overlay-opacity":"","overlay-gradient":""}}},"product_brand":[],"product_cat":[137,84],"product_tag":[],"class_list":{"0":"post-2212","1":"product","2":"type-product","3":"status-publish","4":"has-post-thumbnail","6":"product_cat-gravitaciniai-ritineliai","7":"product_cat-konvejeriu-ritineliai","8":"desktop-align-left","9":"tablet-align-left","10":"mobile-align-left","12":"first","13":"instock","14":"featured","15":"shipping-taxable","16":"product-type-simple"},"yoast_head":"<!-- This site is optimized with the Yoast SEO plugin v27.3 - https:\/\/yoast.com\/product\/yoast-seo-wordpress\/ -->\n<title>Ritin\u0117lis 89 mm vamzdis, 1158 mm montavimo ilgis - ENVITEKA<\/title>\n<meta name=\"description\" content=\"Ritin\u0117lis su 89 mm skersmens cinkuotu vamzd\u017eiu ir 1158 mm montavimo ilgiu. Frezuoti veleno galai, didel\u0117 apkrova \u2013 4000 N. Patikimas pramoninis sprendimas.\" \/>\n<meta name=\"robots\" content=\"index, follow, max-snippet:-1, max-image-preview:large, max-video-preview:-1\" \/>\n<link rel=\"canonical\" href=\"https:\/\/enviteka.lt\/en\/product\/ritinelis-89-mm-vamzdis-1158-mm-montavimo-ilgis\/\" \/>\n<meta property=\"og:locale\" content=\"en_US\" \/>\n<meta property=\"og:type\" content=\"article\" \/>\n<meta property=\"og:title\" content=\"Ritin\u0117lis 89 mm vamzdis, 1158 mm montavimo ilgis - ENVITEKA\" \/>\n<meta property=\"og:description\" content=\"Ritin\u0117lis su 89 mm skersmens cinkuotu vamzd\u017eiu ir 1158 mm montavimo ilgiu. Frezuoti veleno galai, didel\u0117 apkrova \u2013 4000 N. Patikimas pramoninis sprendimas.\" \/>\n<meta property=\"og:url\" content=\"https:\/\/enviteka.lt\/en\/product\/ritinelis-89-mm-vamzdis-1158-mm-montavimo-ilgis\/\" \/>\n<meta property=\"og:site_name\" content=\"ENVITEKA\" \/>\n<meta property=\"article:modified_time\" content=\"2025-07-24T18:57:50+00:00\" \/>\n<meta property=\"og:image\" content=\"https:\/\/enviteka.lt\/wp-content\/uploads\/2025\/07\/ritinelis_500_3.jpg\" \/>\n\t<meta property=\"og:image:width\" content=\"527\" \/>\n\t<meta property=\"og:image:height\" content=\"476\" \/>\n\t<meta property=\"og:image:type\" content=\"image\/jpeg\" \/>\n<meta name=\"twitter:card\" content=\"summary_large_image\" \/>\n<meta name=\"twitter:label1\" content=\"Est. reading time\" \/>\n\t<meta name=\"twitter:data1\" content=\"1 minute\" \/>\n<script type=\"application\/ld+json\" class=\"yoast-schema-graph\">{\"@context\":\"https:\\\/\\\/schema.org\",\"@graph\":[{\"@type\":\"WebPage\",\"@id\":\"https:\\\/\\\/enviteka.lt\\\/produktas\\\/ritinelis-89-mm-vamzdis-1158-mm-montavimo-ilgis\\\/\",\"url\":\"https:\\\/\\\/enviteka.lt\\\/produktas\\\/ritinelis-89-mm-vamzdis-1158-mm-montavimo-ilgis\\\/\",\"name\":\"Ritin\u0117lis 89 mm vamzdis, 1158 mm montavimo ilgis - ENVITEKA\",\"isPartOf\":{\"@id\":\"https:\\\/\\\/enviteka.lt\\\/#website\"},\"primaryImageOfPage\":{\"@id\":\"https:\\\/\\\/enviteka.lt\\\/produktas\\\/ritinelis-89-mm-vamzdis-1158-mm-montavimo-ilgis\\\/#primaryimage\"},\"image\":{\"@id\":\"https:\\\/\\\/enviteka.lt\\\/produktas\\\/ritinelis-89-mm-vamzdis-1158-mm-montavimo-ilgis\\\/#primaryimage\"},\"thumbnailUrl\":\"https:\\\/\\\/enviteka.lt\\\/wp-content\\\/uploads\\\/2025\\\/07\\\/ritinelis_500_3.jpg\",\"datePublished\":\"2025-07-24T18:49:27+00:00\",\"dateModified\":\"2025-07-24T18:57:50+00:00\",\"description\":\"Ritin\u0117lis su 89 mm skersmens cinkuotu vamzd\u017eiu ir 1158 mm montavimo ilgiu. Frezuoti veleno galai, didel\u0117 apkrova \u2013 4000 N. Patikimas pramoninis sprendimas.\",\"breadcrumb\":{\"@id\":\"https:\\\/\\\/enviteka.lt\\\/produktas\\\/ritinelis-89-mm-vamzdis-1158-mm-montavimo-ilgis\\\/#breadcrumb\"},\"inLanguage\":\"en-US\",\"potentialAction\":[{\"@type\":\"ReadAction\",\"target\":[\"https:\\\/\\\/enviteka.lt\\\/produktas\\\/ritinelis-89-mm-vamzdis-1158-mm-montavimo-ilgis\\\/\"]}]},{\"@type\":\"ImageObject\",\"inLanguage\":\"en-US\",\"@id\":\"https:\\\/\\\/enviteka.lt\\\/produktas\\\/ritinelis-89-mm-vamzdis-1158-mm-montavimo-ilgis\\\/#primaryimage\",\"url\":\"https:\\\/\\\/enviteka.lt\\\/wp-content\\\/uploads\\\/2025\\\/07\\\/ritinelis_500_3.jpg\",\"contentUrl\":\"https:\\\/\\\/enviteka.lt\\\/wp-content\\\/uploads\\\/2025\\\/07\\\/ritinelis_500_3.jpg\",\"width\":527,\"height\":476},{\"@type\":\"BreadcrumbList\",\"@id\":\"https:\\\/\\\/enviteka.lt\\\/produktas\\\/ritinelis-89-mm-vamzdis-1158-mm-montavimo-ilgis\\\/#breadcrumb\",\"itemListElement\":[{\"@type\":\"ListItem\",\"position\":1,\"name\":\"Home\",\"item\":\"https:\\\/\\\/enviteka.lt\\\/\"},{\"@type\":\"ListItem\",\"position\":2,\"name\":\"Produktai\",\"item\":\"https:\\\/\\\/enviteka.lt\\\/produktai\\\/\"},{\"@type\":\"ListItem\",\"position\":3,\"name\":\"Ritin\u0117lis 89 mm vamzdis, 1158 mm montavimo ilgis\"}]},{\"@type\":\"WebSite\",\"@id\":\"https:\\\/\\\/enviteka.lt\\\/#website\",\"url\":\"https:\\\/\\\/enviteka.lt\\\/\",\"name\":\"ENVITEKA\",\"description\":\"pramonin\u0117s \u012frangos tiek\u0117jas\",\"publisher\":{\"@id\":\"https:\\\/\\\/enviteka.lt\\\/#organization\"},\"potentialAction\":[{\"@type\":\"SearchAction\",\"target\":{\"@type\":\"EntryPoint\",\"urlTemplate\":\"https:\\\/\\\/enviteka.lt\\\/?s={search_term_string}\"},\"query-input\":{\"@type\":\"PropertyValueSpecification\",\"valueRequired\":true,\"valueName\":\"search_term_string\"}}],\"inLanguage\":\"en-US\"},{\"@type\":\"Organization\",\"@id\":\"https:\\\/\\\/enviteka.lt\\\/#organization\",\"name\":\"ENVITEKA\",\"url\":\"https:\\\/\\\/enviteka.lt\\\/\",\"logo\":{\"@type\":\"ImageObject\",\"inLanguage\":\"en-US\",\"@id\":\"https:\\\/\\\/enviteka.lt\\\/#\\\/schema\\\/logo\\\/image\\\/\",\"url\":\"https:\\\/\\\/enviteka.lt\\\/wp-content\\\/uploads\\\/2024\\\/10\\\/enviteka-high-resolution-logo-transparent-e1742852093377.png\",\"contentUrl\":\"https:\\\/\\\/enviteka.lt\\\/wp-content\\\/uploads\\\/2024\\\/10\\\/enviteka-high-resolution-logo-transparent-e1742852093377.png\",\"width\":424,\"height\":150,\"caption\":\"ENVITEKA\"},\"image\":{\"@id\":\"https:\\\/\\\/enviteka.lt\\\/#\\\/schema\\\/logo\\\/image\\\/\"}}]}<\/script>\n<!-- \/ Yoast SEO plugin. -->","yoast_head_json":{"title":"Ritin\u0117lis 89 mm vamzdis, 1158 mm montavimo ilgis - ENVITEKA","description":"Ritin\u0117lis su 89 mm skersmens cinkuotu vamzd\u017eiu ir 1158 mm montavimo ilgiu. Frezuoti veleno galai, didel\u0117 apkrova \u2013 4000 N. Patikimas pramoninis sprendimas.","robots":{"index":"index","follow":"follow","max-snippet":"max-snippet:-1","max-image-preview":"max-image-preview:large","max-video-preview":"max-video-preview:-1"},"canonical":"https:\/\/enviteka.lt\/en\/product\/ritinelis-89-mm-vamzdis-1158-mm-montavimo-ilgis\/","og_locale":"en_US","og_type":"article","og_title":"Ritin\u0117lis 89 mm vamzdis, 1158 mm montavimo ilgis - ENVITEKA","og_description":"Ritin\u0117lis su 89 mm skersmens cinkuotu vamzd\u017eiu ir 1158 mm montavimo ilgiu. Frezuoti veleno galai, didel\u0117 apkrova \u2013 4000 N. Patikimas pramoninis sprendimas.","og_url":"https:\/\/enviteka.lt\/en\/product\/ritinelis-89-mm-vamzdis-1158-mm-montavimo-ilgis\/","og_site_name":"ENVITEKA","article_modified_time":"2025-07-24T18:57:50+00:00","og_image":[{"width":527,"height":476,"url":"https:\/\/enviteka.lt\/wp-content\/uploads\/2025\/07\/ritinelis_500_3.jpg","type":"image\/jpeg"}],"twitter_card":"summary_large_image","twitter_misc":{"Est. reading time":"1 minute"},"schema":{"@context":"https:\/\/schema.org","@graph":[{"@type":"WebPage","@id":"https:\/\/enviteka.lt\/produktas\/ritinelis-89-mm-vamzdis-1158-mm-montavimo-ilgis\/","url":"https:\/\/enviteka.lt\/produktas\/ritinelis-89-mm-vamzdis-1158-mm-montavimo-ilgis\/","name":"Ritin\u0117lis 89 mm vamzdis, 1158 mm montavimo ilgis - ENVITEKA","isPartOf":{"@id":"https:\/\/enviteka.lt\/#website"},"primaryImageOfPage":{"@id":"https:\/\/enviteka.lt\/produktas\/ritinelis-89-mm-vamzdis-1158-mm-montavimo-ilgis\/#primaryimage"},"image":{"@id":"https:\/\/enviteka.lt\/produktas\/ritinelis-89-mm-vamzdis-1158-mm-montavimo-ilgis\/#primaryimage"},"thumbnailUrl":"https:\/\/enviteka.lt\/wp-content\/uploads\/2025\/07\/ritinelis_500_3.jpg","datePublished":"2025-07-24T18:49:27+00:00","dateModified":"2025-07-24T18:57:50+00:00","description":"Ritin\u0117lis su 89 mm skersmens cinkuotu vamzd\u017eiu ir 1158 mm montavimo ilgiu. Frezuoti veleno galai, didel\u0117 apkrova \u2013 4000 N. Patikimas pramoninis sprendimas.","breadcrumb":{"@id":"https:\/\/enviteka.lt\/produktas\/ritinelis-89-mm-vamzdis-1158-mm-montavimo-ilgis\/#breadcrumb"},"inLanguage":"en-US","potentialAction":[{"@type":"ReadAction","target":["https:\/\/enviteka.lt\/produktas\/ritinelis-89-mm-vamzdis-1158-mm-montavimo-ilgis\/"]}]},{"@type":"ImageObject","inLanguage":"en-US","@id":"https:\/\/enviteka.lt\/produktas\/ritinelis-89-mm-vamzdis-1158-mm-montavimo-ilgis\/#primaryimage","url":"https:\/\/enviteka.lt\/wp-content\/uploads\/2025\/07\/ritinelis_500_3.jpg","contentUrl":"https:\/\/enviteka.lt\/wp-content\/uploads\/2025\/07\/ritinelis_500_3.jpg","width":527,"height":476},{"@type":"BreadcrumbList","@id":"https:\/\/enviteka.lt\/produktas\/ritinelis-89-mm-vamzdis-1158-mm-montavimo-ilgis\/#breadcrumb","itemListElement":[{"@type":"ListItem","position":1,"name":"Home","item":"https:\/\/enviteka.lt\/"},{"@type":"ListItem","position":2,"name":"Produktai","item":"https:\/\/enviteka.lt\/produktai\/"},{"@type":"ListItem","position":3,"name":"Ritin\u0117lis 89 mm vamzdis, 1158 mm montavimo ilgis"}]},{"@type":"WebSite","@id":"https:\/\/enviteka.lt\/#website","url":"https:\/\/enviteka.lt\/","name":"ENVITEKA","description":"pramonin\u0117s \u012frangos tiek\u0117jas","publisher":{"@id":"https:\/\/enviteka.lt\/#organization"},"potentialAction":[{"@type":"SearchAction","target":{"@type":"EntryPoint","urlTemplate":"https:\/\/enviteka.lt\/?s={search_term_string}"},"query-input":{"@type":"PropertyValueSpecification","valueRequired":true,"valueName":"search_term_string"}}],"inLanguage":"en-US"},{"@type":"Organization","@id":"https:\/\/enviteka.lt\/#organization","name":"ENVITEKA","url":"https:\/\/enviteka.lt\/","logo":{"@type":"ImageObject","inLanguage":"en-US","@id":"https:\/\/enviteka.lt\/#\/schema\/logo\/image\/","url":"https:\/\/enviteka.lt\/wp-content\/uploads\/2024\/10\/enviteka-high-resolution-logo-transparent-e1742852093377.png","contentUrl":"https:\/\/enviteka.lt\/wp-content\/uploads\/2024\/10\/enviteka-high-resolution-logo-transparent-e1742852093377.png","width":424,"height":150,"caption":"ENVITEKA"},"image":{"@id":"https:\/\/enviteka.lt\/#\/schema\/logo\/image\/"}}]}},"_links":{"self":[{"href":"https:\/\/enviteka.lt\/en\/wp-json\/wp\/v2\/product\/2212","targetHints":{"allow":["GET"]}}],"collection":[{"href":"https:\/\/enviteka.lt\/en\/wp-json\/wp\/v2\/product"}],"about":[{"href":"https:\/\/enviteka.lt\/en\/wp-json\/wp\/v2\/types\/product"}],"wp:featuredmedia":[{"embeddable":true,"href":"https:\/\/enviteka.lt\/en\/wp-json\/wp\/v2\/media\/2207"}],"wp:attachment":[{"href":"https:\/\/enviteka.lt\/en\/wp-json\/wp\/v2\/media?parent=2212"}],"wp:term":[{"taxonomy":"product_brand","embeddable":true,"href":"https:\/\/enviteka.lt\/en\/wp-json\/wp\/v2\/product_brand?post=2212"},{"taxonomy":"product_cat","embeddable":true,"href":"https:\/\/enviteka.lt\/en\/wp-json\/wp\/v2\/product_cat?post=2212"},{"taxonomy":"product_tag","embeddable":true,"href":"https:\/\/enviteka.lt\/en\/wp-json\/wp\/v2\/product_tag?post=2212"}],"curies":[{"name":"wp","href":"https:\/\/api.w.org\/{rel}","templated":true}]}}