{"id":2210,"date":"2025-07-24T18:43:40","date_gmt":"2025-07-24T18:43:40","guid":{"rendered":"https:\/\/enviteka.lt\/?post_type=product&#038;p=2210"},"modified":"2025-07-24T18:46:04","modified_gmt":"2025-07-24T18:46:04","slug":"ritinelis-89-mm-750-mm-frezuoti-galai-cinkuotas","status":"publish","type":"product","link":"https:\/\/enviteka.lt\/en\/product\/ritinelis-89-mm-750-mm-frezuoti-galai-cinkuotas\/","title":{"rendered":"Ritin\u0117lis 89 mm, 750 mm, frezuoti galai, cinkuotas"},"content":{"rendered":"<p><strong>Apra\u0161ymas <\/strong>&#8211; auk\u0161tos apkrovos pramoninis ritin\u0117lis su 89 mm skersmens cinkuoto plieno vamzd\u017eiu, frezuotais veleno galais ir labirintiniais guoli\u0173 sandarikliais. Patikimas pasirinkimas konvejeri\u0173 ir automatizavimo sistemoms.<\/p>\n<ul>\n<li><strong>Montavimo ilgis (B):<\/strong> 750 mm<br \/>\n\u2022 <strong>Vamzd\u017eio skersmuo (D):<\/strong> 89 \u00d7 3,0 mm<br \/>\n\u2022 <strong>Vamzd\u017eio ilgis (B1):<\/strong> 740 mm<br \/>\n\u2022 <strong>Vamzd\u017eio med\u017eiaga:<\/strong> Cinkuotas plienas<br \/>\n\u2022 <strong>Veleno skersmuo (d):<\/strong> 20 mm<br \/>\n\u2022 <strong>Veleno ilgis (B0):<\/strong> 780 mm<br \/>\n\u2022 <strong>Veleno med\u017eiaga:<\/strong> Plienas<br \/>\n\u2022 <strong>Veleno galai:<\/strong> Frezuoti 12 \u00d7 15 mm<br \/>\n\u2022 <strong>Guoliai:<\/strong> POM korpusas, 6204 guoliai su labirintiniu sandarikliu<br \/>\n\u2022 <strong>Maksimali apkrova:<\/strong> 4000 N \/ ritin\u0117lis (~390 kg)<\/li>\n<\/ul>\n<p><strong>Susisiekite su mumis<\/strong> \u2013 jeigu turite klausym\u0173, norite \u012fsigyti.<\/p>\n<p><strong>Turime sand\u0117lyje. Pristatymas 2-3 d.d.<\/strong><\/p>","protected":false},"excerpt":{"rendered":"<p>Apra\u0161ymas &#8211; auk\u0161tos apkrovos pramoninis ritin\u0117lis su 89 mm skersmens cinkuoto plieno vamzd\u017eiu, frezuotais veleno galais ir labirintiniais guoli\u0173 sandarikliais. [&hellip;]<\/p>","protected":false},"featured_media":2207,"template":"","meta":{"site-sidebar-layout":"default","site-content-layout":"","ast-site-content-layout":"default","site-content-style":"default","site-sidebar-style":"default","ast-global-header-display":"","ast-banner-title-visibility":"","ast-main-header-display":"","ast-hfb-above-header-display":"","ast-hfb-below-header-display":"","ast-hfb-mobile-header-display":"","site-post-title":"","ast-breadcrumbs-content":"","ast-featured-img":"","footer-sml-layout":"","ast-disable-related-posts":"","theme-transparent-header-meta":"default","adv-header-id-meta":"","stick-header-meta":"","header-above-stick-meta":"","header-main-stick-meta":"","header-below-stick-meta":"","astra-migrate-meta-layouts":"set","ast-page-background-enabled":"default","ast-page-background-meta":{"desktop":{"background-color":"var(--ast-global-color-4)","background-image":"","background-repeat":"repeat","background-position":"center center","background-size":"auto","background-attachment":"scroll","background-type":"","background-media":"","overlay-type":"","overlay-color":"","overlay-opacity":"","overlay-gradient":""},"tablet":{"background-color":"","background-image":"","background-repeat":"repeat","background-position":"center center","background-size":"auto","background-attachment":"scroll","background-type":"","background-media":"","overlay-type":"","overlay-color":"","overlay-opacity":"","overlay-gradient":""},"mobile":{"background-color":"","background-image":"","background-repeat":"repeat","background-position":"center center","background-size":"auto","background-attachment":"scroll","background-type":"","background-media":"","overlay-type":"","overlay-color":"","overlay-opacity":"","overlay-gradient":""}},"ast-content-background-meta":{"desktop":{"background-color":"var(--ast-global-color-5)","background-image":"","background-repeat":"repeat","background-position":"center center","background-size":"auto","background-attachment":"scroll","background-type":"","background-media":"","overlay-type":"","overlay-color":"","overlay-opacity":"","overlay-gradient":""},"tablet":{"background-color":"var(--ast-global-color-5)","background-image":"","background-repeat":"repeat","background-position":"center center","background-size":"auto","background-attachment":"scroll","background-type":"","background-media":"","overlay-type":"","overlay-color":"","overlay-opacity":"","overlay-gradient":""},"mobile":{"background-color":"var(--ast-global-color-5)","background-image":"","background-repeat":"repeat","background-position":"center center","background-size":"auto","background-attachment":"scroll","background-type":"","background-media":"","overlay-type":"","overlay-color":"","overlay-opacity":"","overlay-gradient":""}}},"product_brand":[],"product_cat":[137,84],"product_tag":[],"class_list":{"0":"post-2210","1":"product","2":"type-product","3":"status-publish","4":"has-post-thumbnail","6":"product_cat-gravitaciniai-ritineliai","7":"product_cat-konvejeriu-ritineliai","8":"desktop-align-left","9":"tablet-align-left","10":"mobile-align-left","12":"first","13":"instock","14":"featured","15":"shipping-taxable","16":"product-type-simple"},"yoast_head":"<!-- This site is optimized with the Yoast SEO plugin v27.3 - https:\/\/yoast.com\/product\/yoast-seo-wordpress\/ -->\n<title>Ritin\u0117lis 89 mm, 750 mm, frezuoti galai, cinkuotas - ENVITEKA<\/title>\n<meta name=\"description\" content=\"Ritin\u0117lis su 89 mm cinkuotu vamzd\u017eiu ir frezuotais veleno galais. Auk\u0161tos apkrovos \u2013 iki 4000 N. Patikimas sprendimas pramonei. Greitas pristatymas.\" \/>\n<meta name=\"robots\" content=\"index, follow, max-snippet:-1, max-image-preview:large, max-video-preview:-1\" \/>\n<link rel=\"canonical\" href=\"https:\/\/enviteka.lt\/en\/product\/ritinelis-89-mm-750-mm-frezuoti-galai-cinkuotas\/\" \/>\n<meta property=\"og:locale\" content=\"en_US\" \/>\n<meta property=\"og:type\" content=\"article\" \/>\n<meta property=\"og:title\" content=\"Ritin\u0117lis 89 mm, 750 mm, frezuoti galai, cinkuotas - ENVITEKA\" \/>\n<meta property=\"og:description\" content=\"Ritin\u0117lis su 89 mm cinkuotu vamzd\u017eiu ir frezuotais veleno galais. Auk\u0161tos apkrovos \u2013 iki 4000 N. Patikimas sprendimas pramonei. Greitas pristatymas.\" \/>\n<meta property=\"og:url\" content=\"https:\/\/enviteka.lt\/en\/product\/ritinelis-89-mm-750-mm-frezuoti-galai-cinkuotas\/\" \/>\n<meta property=\"og:site_name\" content=\"ENVITEKA\" \/>\n<meta property=\"article:modified_time\" content=\"2025-07-24T18:46:04+00:00\" \/>\n<meta property=\"og:image\" content=\"https:\/\/enviteka.lt\/wp-content\/uploads\/2025\/07\/ritinelis_500_3.jpg\" \/>\n\t<meta property=\"og:image:width\" content=\"527\" \/>\n\t<meta property=\"og:image:height\" content=\"476\" \/>\n\t<meta property=\"og:image:type\" content=\"image\/jpeg\" \/>\n<meta name=\"twitter:card\" content=\"summary_large_image\" \/>\n<meta name=\"twitter:label1\" content=\"Est. reading time\" \/>\n\t<meta name=\"twitter:data1\" content=\"1 minute\" \/>\n<script type=\"application\/ld+json\" class=\"yoast-schema-graph\">{\"@context\":\"https:\\\/\\\/schema.org\",\"@graph\":[{\"@type\":\"WebPage\",\"@id\":\"https:\\\/\\\/enviteka.lt\\\/produktas\\\/ritinelis-89-mm-750-mm-frezuoti-galai-cinkuotas\\\/\",\"url\":\"https:\\\/\\\/enviteka.lt\\\/produktas\\\/ritinelis-89-mm-750-mm-frezuoti-galai-cinkuotas\\\/\",\"name\":\"Ritin\u0117lis 89 mm, 750 mm, frezuoti galai, cinkuotas - ENVITEKA\",\"isPartOf\":{\"@id\":\"https:\\\/\\\/enviteka.lt\\\/#website\"},\"primaryImageOfPage\":{\"@id\":\"https:\\\/\\\/enviteka.lt\\\/produktas\\\/ritinelis-89-mm-750-mm-frezuoti-galai-cinkuotas\\\/#primaryimage\"},\"image\":{\"@id\":\"https:\\\/\\\/enviteka.lt\\\/produktas\\\/ritinelis-89-mm-750-mm-frezuoti-galai-cinkuotas\\\/#primaryimage\"},\"thumbnailUrl\":\"https:\\\/\\\/enviteka.lt\\\/wp-content\\\/uploads\\\/2025\\\/07\\\/ritinelis_500_3.jpg\",\"datePublished\":\"2025-07-24T18:43:40+00:00\",\"dateModified\":\"2025-07-24T18:46:04+00:00\",\"description\":\"Ritin\u0117lis su 89 mm cinkuotu vamzd\u017eiu ir frezuotais veleno galais. Auk\u0161tos apkrovos \u2013 iki 4000 N. Patikimas sprendimas pramonei. Greitas pristatymas.\",\"breadcrumb\":{\"@id\":\"https:\\\/\\\/enviteka.lt\\\/produktas\\\/ritinelis-89-mm-750-mm-frezuoti-galai-cinkuotas\\\/#breadcrumb\"},\"inLanguage\":\"en-US\",\"potentialAction\":[{\"@type\":\"ReadAction\",\"target\":[\"https:\\\/\\\/enviteka.lt\\\/produktas\\\/ritinelis-89-mm-750-mm-frezuoti-galai-cinkuotas\\\/\"]}]},{\"@type\":\"ImageObject\",\"inLanguage\":\"en-US\",\"@id\":\"https:\\\/\\\/enviteka.lt\\\/produktas\\\/ritinelis-89-mm-750-mm-frezuoti-galai-cinkuotas\\\/#primaryimage\",\"url\":\"https:\\\/\\\/enviteka.lt\\\/wp-content\\\/uploads\\\/2025\\\/07\\\/ritinelis_500_3.jpg\",\"contentUrl\":\"https:\\\/\\\/enviteka.lt\\\/wp-content\\\/uploads\\\/2025\\\/07\\\/ritinelis_500_3.jpg\",\"width\":527,\"height\":476},{\"@type\":\"BreadcrumbList\",\"@id\":\"https:\\\/\\\/enviteka.lt\\\/produktas\\\/ritinelis-89-mm-750-mm-frezuoti-galai-cinkuotas\\\/#breadcrumb\",\"itemListElement\":[{\"@type\":\"ListItem\",\"position\":1,\"name\":\"Home\",\"item\":\"https:\\\/\\\/enviteka.lt\\\/\"},{\"@type\":\"ListItem\",\"position\":2,\"name\":\"Produktai\",\"item\":\"https:\\\/\\\/enviteka.lt\\\/produktai\\\/\"},{\"@type\":\"ListItem\",\"position\":3,\"name\":\"Ritin\u0117lis 89 mm, 750 mm, frezuoti galai, cinkuotas\"}]},{\"@type\":\"WebSite\",\"@id\":\"https:\\\/\\\/enviteka.lt\\\/#website\",\"url\":\"https:\\\/\\\/enviteka.lt\\\/\",\"name\":\"ENVITEKA\",\"description\":\"pramonin\u0117s \u012frangos tiek\u0117jas\",\"publisher\":{\"@id\":\"https:\\\/\\\/enviteka.lt\\\/#organization\"},\"potentialAction\":[{\"@type\":\"SearchAction\",\"target\":{\"@type\":\"EntryPoint\",\"urlTemplate\":\"https:\\\/\\\/enviteka.lt\\\/?s={search_term_string}\"},\"query-input\":{\"@type\":\"PropertyValueSpecification\",\"valueRequired\":true,\"valueName\":\"search_term_string\"}}],\"inLanguage\":\"en-US\"},{\"@type\":\"Organization\",\"@id\":\"https:\\\/\\\/enviteka.lt\\\/#organization\",\"name\":\"ENVITEKA\",\"url\":\"https:\\\/\\\/enviteka.lt\\\/\",\"logo\":{\"@type\":\"ImageObject\",\"inLanguage\":\"en-US\",\"@id\":\"https:\\\/\\\/enviteka.lt\\\/#\\\/schema\\\/logo\\\/image\\\/\",\"url\":\"https:\\\/\\\/enviteka.lt\\\/wp-content\\\/uploads\\\/2024\\\/10\\\/enviteka-high-resolution-logo-transparent-e1742852093377.png\",\"contentUrl\":\"https:\\\/\\\/enviteka.lt\\\/wp-content\\\/uploads\\\/2024\\\/10\\\/enviteka-high-resolution-logo-transparent-e1742852093377.png\",\"width\":424,\"height\":150,\"caption\":\"ENVITEKA\"},\"image\":{\"@id\":\"https:\\\/\\\/enviteka.lt\\\/#\\\/schema\\\/logo\\\/image\\\/\"}}]}<\/script>\n<!-- \/ Yoast SEO plugin. -->","yoast_head_json":{"title":"Ritin\u0117lis 89 mm, 750 mm, frezuoti galai, cinkuotas - ENVITEKA","description":"Ritin\u0117lis su 89 mm cinkuotu vamzd\u017eiu ir frezuotais veleno galais. Auk\u0161tos apkrovos \u2013 iki 4000 N. Patikimas sprendimas pramonei. Greitas pristatymas.","robots":{"index":"index","follow":"follow","max-snippet":"max-snippet:-1","max-image-preview":"max-image-preview:large","max-video-preview":"max-video-preview:-1"},"canonical":"https:\/\/enviteka.lt\/en\/product\/ritinelis-89-mm-750-mm-frezuoti-galai-cinkuotas\/","og_locale":"en_US","og_type":"article","og_title":"Ritin\u0117lis 89 mm, 750 mm, frezuoti galai, cinkuotas - ENVITEKA","og_description":"Ritin\u0117lis su 89 mm cinkuotu vamzd\u017eiu ir frezuotais veleno galais. Auk\u0161tos apkrovos \u2013 iki 4000 N. Patikimas sprendimas pramonei. Greitas pristatymas.","og_url":"https:\/\/enviteka.lt\/en\/product\/ritinelis-89-mm-750-mm-frezuoti-galai-cinkuotas\/","og_site_name":"ENVITEKA","article_modified_time":"2025-07-24T18:46:04+00:00","og_image":[{"width":527,"height":476,"url":"https:\/\/enviteka.lt\/wp-content\/uploads\/2025\/07\/ritinelis_500_3.jpg","type":"image\/jpeg"}],"twitter_card":"summary_large_image","twitter_misc":{"Est. reading time":"1 minute"},"schema":{"@context":"https:\/\/schema.org","@graph":[{"@type":"WebPage","@id":"https:\/\/enviteka.lt\/produktas\/ritinelis-89-mm-750-mm-frezuoti-galai-cinkuotas\/","url":"https:\/\/enviteka.lt\/produktas\/ritinelis-89-mm-750-mm-frezuoti-galai-cinkuotas\/","name":"Ritin\u0117lis 89 mm, 750 mm, frezuoti galai, cinkuotas - ENVITEKA","isPartOf":{"@id":"https:\/\/enviteka.lt\/#website"},"primaryImageOfPage":{"@id":"https:\/\/enviteka.lt\/produktas\/ritinelis-89-mm-750-mm-frezuoti-galai-cinkuotas\/#primaryimage"},"image":{"@id":"https:\/\/enviteka.lt\/produktas\/ritinelis-89-mm-750-mm-frezuoti-galai-cinkuotas\/#primaryimage"},"thumbnailUrl":"https:\/\/enviteka.lt\/wp-content\/uploads\/2025\/07\/ritinelis_500_3.jpg","datePublished":"2025-07-24T18:43:40+00:00","dateModified":"2025-07-24T18:46:04+00:00","description":"Ritin\u0117lis su 89 mm cinkuotu vamzd\u017eiu ir frezuotais veleno galais. Auk\u0161tos apkrovos \u2013 iki 4000 N. Patikimas sprendimas pramonei. Greitas pristatymas.","breadcrumb":{"@id":"https:\/\/enviteka.lt\/produktas\/ritinelis-89-mm-750-mm-frezuoti-galai-cinkuotas\/#breadcrumb"},"inLanguage":"en-US","potentialAction":[{"@type":"ReadAction","target":["https:\/\/enviteka.lt\/produktas\/ritinelis-89-mm-750-mm-frezuoti-galai-cinkuotas\/"]}]},{"@type":"ImageObject","inLanguage":"en-US","@id":"https:\/\/enviteka.lt\/produktas\/ritinelis-89-mm-750-mm-frezuoti-galai-cinkuotas\/#primaryimage","url":"https:\/\/enviteka.lt\/wp-content\/uploads\/2025\/07\/ritinelis_500_3.jpg","contentUrl":"https:\/\/enviteka.lt\/wp-content\/uploads\/2025\/07\/ritinelis_500_3.jpg","width":527,"height":476},{"@type":"BreadcrumbList","@id":"https:\/\/enviteka.lt\/produktas\/ritinelis-89-mm-750-mm-frezuoti-galai-cinkuotas\/#breadcrumb","itemListElement":[{"@type":"ListItem","position":1,"name":"Home","item":"https:\/\/enviteka.lt\/"},{"@type":"ListItem","position":2,"name":"Produktai","item":"https:\/\/enviteka.lt\/produktai\/"},{"@type":"ListItem","position":3,"name":"Ritin\u0117lis 89 mm, 750 mm, frezuoti galai, cinkuotas"}]},{"@type":"WebSite","@id":"https:\/\/enviteka.lt\/#website","url":"https:\/\/enviteka.lt\/","name":"ENVITEKA","description":"pramonin\u0117s \u012frangos tiek\u0117jas","publisher":{"@id":"https:\/\/enviteka.lt\/#organization"},"potentialAction":[{"@type":"SearchAction","target":{"@type":"EntryPoint","urlTemplate":"https:\/\/enviteka.lt\/?s={search_term_string}"},"query-input":{"@type":"PropertyValueSpecification","valueRequired":true,"valueName":"search_term_string"}}],"inLanguage":"en-US"},{"@type":"Organization","@id":"https:\/\/enviteka.lt\/#organization","name":"ENVITEKA","url":"https:\/\/enviteka.lt\/","logo":{"@type":"ImageObject","inLanguage":"en-US","@id":"https:\/\/enviteka.lt\/#\/schema\/logo\/image\/","url":"https:\/\/enviteka.lt\/wp-content\/uploads\/2024\/10\/enviteka-high-resolution-logo-transparent-e1742852093377.png","contentUrl":"https:\/\/enviteka.lt\/wp-content\/uploads\/2024\/10\/enviteka-high-resolution-logo-transparent-e1742852093377.png","width":424,"height":150,"caption":"ENVITEKA"},"image":{"@id":"https:\/\/enviteka.lt\/#\/schema\/logo\/image\/"}}]}},"_links":{"self":[{"href":"https:\/\/enviteka.lt\/en\/wp-json\/wp\/v2\/product\/2210","targetHints":{"allow":["GET"]}}],"collection":[{"href":"https:\/\/enviteka.lt\/en\/wp-json\/wp\/v2\/product"}],"about":[{"href":"https:\/\/enviteka.lt\/en\/wp-json\/wp\/v2\/types\/product"}],"wp:featuredmedia":[{"embeddable":true,"href":"https:\/\/enviteka.lt\/en\/wp-json\/wp\/v2\/media\/2207"}],"wp:attachment":[{"href":"https:\/\/enviteka.lt\/en\/wp-json\/wp\/v2\/media?parent=2210"}],"wp:term":[{"taxonomy":"product_brand","embeddable":true,"href":"https:\/\/enviteka.lt\/en\/wp-json\/wp\/v2\/product_brand?post=2210"},{"taxonomy":"product_cat","embeddable":true,"href":"https:\/\/enviteka.lt\/en\/wp-json\/wp\/v2\/product_cat?post=2210"},{"taxonomy":"product_tag","embeddable":true,"href":"https:\/\/enviteka.lt\/en\/wp-json\/wp\/v2\/product_tag?post=2210"}],"curies":[{"name":"wp","href":"https:\/\/api.w.org\/{rel}","templated":true}]}}