{"id":2202,"date":"2025-07-24T12:30:24","date_gmt":"2025-07-24T12:30:24","guid":{"rendered":"https:\/\/enviteka.lt\/?post_type=product&#038;p=2202"},"modified":"2025-07-24T12:34:39","modified_gmt":"2025-07-24T12:34:39","slug":"ritinelis-su-89-mm-vamzdzio-skersmeniu-323-mm-montavimo-ilgiu","status":"publish","type":"product","link":"https:\/\/enviteka.lt\/en\/product\/ritinelis-su-89-mm-vamzdzio-skersmeniu-323-mm-montavimo-ilgiu\/","title":{"rendered":"Ritin\u0117lis su 89 mm vamzd\u017eio skersmeniu, 323 mm montavimo ilgiu"},"content":{"rendered":"<p data-start=\"105\" data-end=\"554\"><strong data-start=\"105\" data-end=\"118\">Apra\u0161ymas<\/strong> \u2013 tvirtas ir patikimas SERIES 1450 ritin\u0117lis, skirtas sunki\u0173 gamini\u0173 transportavimui. Vamzdis pagamintas i\u0161 cinkuoto plieno, kurio skersmuo 89 mm, montavimo ilgis \u2013 323 mm. Velenas \u2013 20 mm skersmens, pagamintas i\u0161 plieno, abu veleno galai yra frezuoti 12\u00d715 mm. Ritin\u0117lis turi FH89x3,0+6204 guolius su labirintiniu sandarikliu, kurie u\u017etikrina patikim\u0105 veikim\u0105 ir apsaug\u0105 nuo dulki\u0173 bei ne\u0161varum\u0173. Maksimali apkrova \u2013 4000 N (~390 kg).<\/p>\n<p data-start=\"556\" data-end=\"972\">\u2022 <strong data-start=\"558\" data-end=\"577\">Montavimo ilgis<\/strong> (B): 323 mm<br data-start=\"589\" data-end=\"592\" \/>\u2022 <strong data-start=\"594\" data-end=\"615\">Vamzd\u017eio skersmuo<\/strong> (D): 89 \u00d7 3,0 mm<br data-start=\"632\" data-end=\"635\" \/>\u2022 <strong data-start=\"637\" data-end=\"655\">Vamzd\u017eio ilgis<\/strong> (B1): 313 mm<br data-start=\"668\" data-end=\"671\" \/>\u2022 <strong data-start=\"673\" data-end=\"694\">Vamzd\u017eio med\u017eiaga<\/strong>: cinkuotas plienas<br data-start=\"713\" data-end=\"716\" \/>\u2022 <strong data-start=\"718\" data-end=\"737\">Veleno skersmuo<\/strong> (d): 20 mm<br data-start=\"748\" data-end=\"751\" \/>\u2022 <strong data-start=\"753\" data-end=\"769\">Veleno ilgis<\/strong> (B0): 353 mm<br data-start=\"782\" data-end=\"785\" \/>\u2022 <strong data-start=\"787\" data-end=\"806\">Veleno med\u017eiaga<\/strong>: plienas<br data-start=\"815\" data-end=\"818\" \/>\u2022 <strong data-start=\"820\" data-end=\"836\">Veleno galai<\/strong>: frezuoti 12\u00d715 mm (abu galai)<br data-start=\"867\" data-end=\"870\" \/>\u2022 <strong data-start=\"872\" data-end=\"883\">Guoliai<\/strong>: FH89x3,0+6204 su labirintiniu sandarikliu<br data-start=\"926\" data-end=\"929\" \/>\u2022 <strong data-start=\"931\" data-end=\"952\">Maksimali apkrova<\/strong>: 4000 N (~390 kg)<\/p>\n<p><strong>Susisiekite su mumis<\/strong> \u2013 jeigu turite klausym\u0173, norite \u012fsigyti.<\/p>\n<p><strong>Turime sand\u0117lyje. Pristatymas 2-3 d.d.<\/strong><\/p>","protected":false},"excerpt":{"rendered":"<p>Apra\u0161ymas \u2013 tvirtas ir patikimas SERIES 1450 ritin\u0117lis, skirtas sunki\u0173 gamini\u0173 transportavimui. Vamzdis pagamintas i\u0161 cinkuoto plieno, kurio skersmuo 89 [&hellip;]<\/p>","protected":false},"featured_media":2203,"template":"","meta":{"site-sidebar-layout":"default","site-content-layout":"","ast-site-content-layout":"default","site-content-style":"default","site-sidebar-style":"default","ast-global-header-display":"","ast-banner-title-visibility":"","ast-main-header-display":"","ast-hfb-above-header-display":"","ast-hfb-below-header-display":"","ast-hfb-mobile-header-display":"","site-post-title":"","ast-breadcrumbs-content":"","ast-featured-img":"","footer-sml-layout":"","ast-disable-related-posts":"","theme-transparent-header-meta":"default","adv-header-id-meta":"","stick-header-meta":"","header-above-stick-meta":"","header-main-stick-meta":"","header-below-stick-meta":"","astra-migrate-meta-layouts":"set","ast-page-background-enabled":"default","ast-page-background-meta":{"desktop":{"background-color":"var(--ast-global-color-4)","background-image":"","background-repeat":"repeat","background-position":"center center","background-size":"auto","background-attachment":"scroll","background-type":"","background-media":"","overlay-type":"","overlay-color":"","overlay-opacity":"","overlay-gradient":""},"tablet":{"background-color":"","background-image":"","background-repeat":"repeat","background-position":"center center","background-size":"auto","background-attachment":"scroll","background-type":"","background-media":"","overlay-type":"","overlay-color":"","overlay-opacity":"","overlay-gradient":""},"mobile":{"background-color":"","background-image":"","background-repeat":"repeat","background-position":"center center","background-size":"auto","background-attachment":"scroll","background-type":"","background-media":"","overlay-type":"","overlay-color":"","overlay-opacity":"","overlay-gradient":""}},"ast-content-background-meta":{"desktop":{"background-color":"var(--ast-global-color-5)","background-image":"","background-repeat":"repeat","background-position":"center center","background-size":"auto","background-attachment":"scroll","background-type":"","background-media":"","overlay-type":"","overlay-color":"","overlay-opacity":"","overlay-gradient":""},"tablet":{"background-color":"var(--ast-global-color-5)","background-image":"","background-repeat":"repeat","background-position":"center center","background-size":"auto","background-attachment":"scroll","background-type":"","background-media":"","overlay-type":"","overlay-color":"","overlay-opacity":"","overlay-gradient":""},"mobile":{"background-color":"var(--ast-global-color-5)","background-image":"","background-repeat":"repeat","background-position":"center center","background-size":"auto","background-attachment":"scroll","background-type":"","background-media":"","overlay-type":"","overlay-color":"","overlay-opacity":"","overlay-gradient":""}}},"product_brand":[],"product_cat":[137,84],"product_tag":[],"class_list":{"0":"post-2202","1":"product","2":"type-product","3":"status-publish","4":"has-post-thumbnail","6":"product_cat-gravitaciniai-ritineliai","7":"product_cat-konvejeriu-ritineliai","8":"desktop-align-left","9":"tablet-align-left","10":"mobile-align-left","12":"first","13":"instock","14":"featured","15":"shipping-taxable","16":"product-type-simple"},"yoast_head":"<!-- This site is optimized with the Yoast SEO plugin v27.3 - https:\/\/yoast.com\/product\/yoast-seo-wordpress\/ -->\n<title>Ritin\u0117lis su 89 mm vamzd\u017eio skersmeniu, 323 mm montavimo ilgiu - ENVITEKA<\/title>\n<meta name=\"description\" content=\"Ritin\u0117lis su 89 mm cinkuoto plieno vamzd\u017eiu ir 323 mm montavimo ilgiu. Frezuoti veleno galai su guoliais.\" \/>\n<meta name=\"robots\" content=\"index, follow, max-snippet:-1, max-image-preview:large, max-video-preview:-1\" \/>\n<link rel=\"canonical\" href=\"https:\/\/enviteka.lt\/en\/product\/ritinelis-su-89-mm-vamzdzio-skersmeniu-323-mm-montavimo-ilgiu\/\" \/>\n<meta property=\"og:locale\" content=\"en_US\" \/>\n<meta property=\"og:type\" content=\"article\" \/>\n<meta property=\"og:title\" content=\"Ritin\u0117lis su 89 mm vamzd\u017eio skersmeniu, 323 mm montavimo ilgiu - ENVITEKA\" \/>\n<meta property=\"og:description\" content=\"Ritin\u0117lis su 89 mm cinkuoto plieno vamzd\u017eiu ir 323 mm montavimo ilgiu. Frezuoti veleno galai su guoliais.\" \/>\n<meta property=\"og:url\" content=\"https:\/\/enviteka.lt\/en\/product\/ritinelis-su-89-mm-vamzdzio-skersmeniu-323-mm-montavimo-ilgiu\/\" \/>\n<meta property=\"og:site_name\" content=\"ENVITEKA\" \/>\n<meta property=\"article:modified_time\" content=\"2025-07-24T12:34:39+00:00\" \/>\n<meta property=\"og:image\" content=\"https:\/\/enviteka.lt\/wp-content\/uploads\/2025\/07\/ritinelis_77.jpg\" \/>\n\t<meta property=\"og:image:width\" content=\"530\" \/>\n\t<meta property=\"og:image:height\" content=\"490\" \/>\n\t<meta property=\"og:image:type\" content=\"image\/jpeg\" \/>\n<meta name=\"twitter:card\" content=\"summary_large_image\" \/>\n<meta name=\"twitter:label1\" content=\"Est. reading time\" \/>\n\t<meta name=\"twitter:data1\" content=\"1 minute\" \/>\n<script type=\"application\/ld+json\" class=\"yoast-schema-graph\">{\"@context\":\"https:\\\/\\\/schema.org\",\"@graph\":[{\"@type\":\"WebPage\",\"@id\":\"https:\\\/\\\/enviteka.lt\\\/produktas\\\/ritinelis-su-89-mm-vamzdzio-skersmeniu-323-mm-montavimo-ilgiu\\\/\",\"url\":\"https:\\\/\\\/enviteka.lt\\\/produktas\\\/ritinelis-su-89-mm-vamzdzio-skersmeniu-323-mm-montavimo-ilgiu\\\/\",\"name\":\"Ritin\u0117lis su 89 mm vamzd\u017eio skersmeniu, 323 mm montavimo ilgiu - ENVITEKA\",\"isPartOf\":{\"@id\":\"https:\\\/\\\/enviteka.lt\\\/#website\"},\"primaryImageOfPage\":{\"@id\":\"https:\\\/\\\/enviteka.lt\\\/produktas\\\/ritinelis-su-89-mm-vamzdzio-skersmeniu-323-mm-montavimo-ilgiu\\\/#primaryimage\"},\"image\":{\"@id\":\"https:\\\/\\\/enviteka.lt\\\/produktas\\\/ritinelis-su-89-mm-vamzdzio-skersmeniu-323-mm-montavimo-ilgiu\\\/#primaryimage\"},\"thumbnailUrl\":\"https:\\\/\\\/enviteka.lt\\\/wp-content\\\/uploads\\\/2025\\\/07\\\/ritinelis_77.jpg\",\"datePublished\":\"2025-07-24T12:30:24+00:00\",\"dateModified\":\"2025-07-24T12:34:39+00:00\",\"description\":\"Ritin\u0117lis su 89 mm cinkuoto plieno vamzd\u017eiu ir 323 mm montavimo ilgiu. Frezuoti veleno galai su guoliais.\",\"breadcrumb\":{\"@id\":\"https:\\\/\\\/enviteka.lt\\\/produktas\\\/ritinelis-su-89-mm-vamzdzio-skersmeniu-323-mm-montavimo-ilgiu\\\/#breadcrumb\"},\"inLanguage\":\"en-US\",\"potentialAction\":[{\"@type\":\"ReadAction\",\"target\":[\"https:\\\/\\\/enviteka.lt\\\/produktas\\\/ritinelis-su-89-mm-vamzdzio-skersmeniu-323-mm-montavimo-ilgiu\\\/\"]}]},{\"@type\":\"ImageObject\",\"inLanguage\":\"en-US\",\"@id\":\"https:\\\/\\\/enviteka.lt\\\/produktas\\\/ritinelis-su-89-mm-vamzdzio-skersmeniu-323-mm-montavimo-ilgiu\\\/#primaryimage\",\"url\":\"https:\\\/\\\/enviteka.lt\\\/wp-content\\\/uploads\\\/2025\\\/07\\\/ritinelis_77.jpg\",\"contentUrl\":\"https:\\\/\\\/enviteka.lt\\\/wp-content\\\/uploads\\\/2025\\\/07\\\/ritinelis_77.jpg\",\"width\":530,\"height\":490},{\"@type\":\"BreadcrumbList\",\"@id\":\"https:\\\/\\\/enviteka.lt\\\/produktas\\\/ritinelis-su-89-mm-vamzdzio-skersmeniu-323-mm-montavimo-ilgiu\\\/#breadcrumb\",\"itemListElement\":[{\"@type\":\"ListItem\",\"position\":1,\"name\":\"Home\",\"item\":\"https:\\\/\\\/enviteka.lt\\\/\"},{\"@type\":\"ListItem\",\"position\":2,\"name\":\"Produktai\",\"item\":\"https:\\\/\\\/enviteka.lt\\\/produktai\\\/\"},{\"@type\":\"ListItem\",\"position\":3,\"name\":\"Ritin\u0117lis su 89 mm vamzd\u017eio skersmeniu, 323 mm montavimo ilgiu\"}]},{\"@type\":\"WebSite\",\"@id\":\"https:\\\/\\\/enviteka.lt\\\/#website\",\"url\":\"https:\\\/\\\/enviteka.lt\\\/\",\"name\":\"ENVITEKA\",\"description\":\"pramonin\u0117s \u012frangos tiek\u0117jas\",\"publisher\":{\"@id\":\"https:\\\/\\\/enviteka.lt\\\/#organization\"},\"potentialAction\":[{\"@type\":\"SearchAction\",\"target\":{\"@type\":\"EntryPoint\",\"urlTemplate\":\"https:\\\/\\\/enviteka.lt\\\/?s={search_term_string}\"},\"query-input\":{\"@type\":\"PropertyValueSpecification\",\"valueRequired\":true,\"valueName\":\"search_term_string\"}}],\"inLanguage\":\"en-US\"},{\"@type\":\"Organization\",\"@id\":\"https:\\\/\\\/enviteka.lt\\\/#organization\",\"name\":\"ENVITEKA\",\"url\":\"https:\\\/\\\/enviteka.lt\\\/\",\"logo\":{\"@type\":\"ImageObject\",\"inLanguage\":\"en-US\",\"@id\":\"https:\\\/\\\/enviteka.lt\\\/#\\\/schema\\\/logo\\\/image\\\/\",\"url\":\"https:\\\/\\\/enviteka.lt\\\/wp-content\\\/uploads\\\/2024\\\/10\\\/enviteka-high-resolution-logo-transparent-e1742852093377.png\",\"contentUrl\":\"https:\\\/\\\/enviteka.lt\\\/wp-content\\\/uploads\\\/2024\\\/10\\\/enviteka-high-resolution-logo-transparent-e1742852093377.png\",\"width\":424,\"height\":150,\"caption\":\"ENVITEKA\"},\"image\":{\"@id\":\"https:\\\/\\\/enviteka.lt\\\/#\\\/schema\\\/logo\\\/image\\\/\"}}]}<\/script>\n<!-- \/ Yoast SEO plugin. -->","yoast_head_json":{"title":"Ritin\u0117lis su 89 mm vamzd\u017eio skersmeniu, 323 mm montavimo ilgiu - ENVITEKA","description":"Ritin\u0117lis su 89 mm cinkuoto plieno vamzd\u017eiu ir 323 mm montavimo ilgiu. Frezuoti veleno galai su guoliais.","robots":{"index":"index","follow":"follow","max-snippet":"max-snippet:-1","max-image-preview":"max-image-preview:large","max-video-preview":"max-video-preview:-1"},"canonical":"https:\/\/enviteka.lt\/en\/product\/ritinelis-su-89-mm-vamzdzio-skersmeniu-323-mm-montavimo-ilgiu\/","og_locale":"en_US","og_type":"article","og_title":"Ritin\u0117lis su 89 mm vamzd\u017eio skersmeniu, 323 mm montavimo ilgiu - ENVITEKA","og_description":"Ritin\u0117lis su 89 mm cinkuoto plieno vamzd\u017eiu ir 323 mm montavimo ilgiu. Frezuoti veleno galai su guoliais.","og_url":"https:\/\/enviteka.lt\/en\/product\/ritinelis-su-89-mm-vamzdzio-skersmeniu-323-mm-montavimo-ilgiu\/","og_site_name":"ENVITEKA","article_modified_time":"2025-07-24T12:34:39+00:00","og_image":[{"width":530,"height":490,"url":"https:\/\/enviteka.lt\/wp-content\/uploads\/2025\/07\/ritinelis_77.jpg","type":"image\/jpeg"}],"twitter_card":"summary_large_image","twitter_misc":{"Est. reading time":"1 minute"},"schema":{"@context":"https:\/\/schema.org","@graph":[{"@type":"WebPage","@id":"https:\/\/enviteka.lt\/produktas\/ritinelis-su-89-mm-vamzdzio-skersmeniu-323-mm-montavimo-ilgiu\/","url":"https:\/\/enviteka.lt\/produktas\/ritinelis-su-89-mm-vamzdzio-skersmeniu-323-mm-montavimo-ilgiu\/","name":"Ritin\u0117lis su 89 mm vamzd\u017eio skersmeniu, 323 mm montavimo ilgiu - ENVITEKA","isPartOf":{"@id":"https:\/\/enviteka.lt\/#website"},"primaryImageOfPage":{"@id":"https:\/\/enviteka.lt\/produktas\/ritinelis-su-89-mm-vamzdzio-skersmeniu-323-mm-montavimo-ilgiu\/#primaryimage"},"image":{"@id":"https:\/\/enviteka.lt\/produktas\/ritinelis-su-89-mm-vamzdzio-skersmeniu-323-mm-montavimo-ilgiu\/#primaryimage"},"thumbnailUrl":"https:\/\/enviteka.lt\/wp-content\/uploads\/2025\/07\/ritinelis_77.jpg","datePublished":"2025-07-24T12:30:24+00:00","dateModified":"2025-07-24T12:34:39+00:00","description":"Ritin\u0117lis su 89 mm cinkuoto plieno vamzd\u017eiu ir 323 mm montavimo ilgiu. Frezuoti veleno galai su guoliais.","breadcrumb":{"@id":"https:\/\/enviteka.lt\/produktas\/ritinelis-su-89-mm-vamzdzio-skersmeniu-323-mm-montavimo-ilgiu\/#breadcrumb"},"inLanguage":"en-US","potentialAction":[{"@type":"ReadAction","target":["https:\/\/enviteka.lt\/produktas\/ritinelis-su-89-mm-vamzdzio-skersmeniu-323-mm-montavimo-ilgiu\/"]}]},{"@type":"ImageObject","inLanguage":"en-US","@id":"https:\/\/enviteka.lt\/produktas\/ritinelis-su-89-mm-vamzdzio-skersmeniu-323-mm-montavimo-ilgiu\/#primaryimage","url":"https:\/\/enviteka.lt\/wp-content\/uploads\/2025\/07\/ritinelis_77.jpg","contentUrl":"https:\/\/enviteka.lt\/wp-content\/uploads\/2025\/07\/ritinelis_77.jpg","width":530,"height":490},{"@type":"BreadcrumbList","@id":"https:\/\/enviteka.lt\/produktas\/ritinelis-su-89-mm-vamzdzio-skersmeniu-323-mm-montavimo-ilgiu\/#breadcrumb","itemListElement":[{"@type":"ListItem","position":1,"name":"Home","item":"https:\/\/enviteka.lt\/"},{"@type":"ListItem","position":2,"name":"Produktai","item":"https:\/\/enviteka.lt\/produktai\/"},{"@type":"ListItem","position":3,"name":"Ritin\u0117lis su 89 mm vamzd\u017eio skersmeniu, 323 mm montavimo ilgiu"}]},{"@type":"WebSite","@id":"https:\/\/enviteka.lt\/#website","url":"https:\/\/enviteka.lt\/","name":"ENVITEKA","description":"pramonin\u0117s \u012frangos tiek\u0117jas","publisher":{"@id":"https:\/\/enviteka.lt\/#organization"},"potentialAction":[{"@type":"SearchAction","target":{"@type":"EntryPoint","urlTemplate":"https:\/\/enviteka.lt\/?s={search_term_string}"},"query-input":{"@type":"PropertyValueSpecification","valueRequired":true,"valueName":"search_term_string"}}],"inLanguage":"en-US"},{"@type":"Organization","@id":"https:\/\/enviteka.lt\/#organization","name":"ENVITEKA","url":"https:\/\/enviteka.lt\/","logo":{"@type":"ImageObject","inLanguage":"en-US","@id":"https:\/\/enviteka.lt\/#\/schema\/logo\/image\/","url":"https:\/\/enviteka.lt\/wp-content\/uploads\/2024\/10\/enviteka-high-resolution-logo-transparent-e1742852093377.png","contentUrl":"https:\/\/enviteka.lt\/wp-content\/uploads\/2024\/10\/enviteka-high-resolution-logo-transparent-e1742852093377.png","width":424,"height":150,"caption":"ENVITEKA"},"image":{"@id":"https:\/\/enviteka.lt\/#\/schema\/logo\/image\/"}}]}},"_links":{"self":[{"href":"https:\/\/enviteka.lt\/en\/wp-json\/wp\/v2\/product\/2202","targetHints":{"allow":["GET"]}}],"collection":[{"href":"https:\/\/enviteka.lt\/en\/wp-json\/wp\/v2\/product"}],"about":[{"href":"https:\/\/enviteka.lt\/en\/wp-json\/wp\/v2\/types\/product"}],"wp:featuredmedia":[{"embeddable":true,"href":"https:\/\/enviteka.lt\/en\/wp-json\/wp\/v2\/media\/2203"}],"wp:attachment":[{"href":"https:\/\/enviteka.lt\/en\/wp-json\/wp\/v2\/media?parent=2202"}],"wp:term":[{"taxonomy":"product_brand","embeddable":true,"href":"https:\/\/enviteka.lt\/en\/wp-json\/wp\/v2\/product_brand?post=2202"},{"taxonomy":"product_cat","embeddable":true,"href":"https:\/\/enviteka.lt\/en\/wp-json\/wp\/v2\/product_cat?post=2202"},{"taxonomy":"product_tag","embeddable":true,"href":"https:\/\/enviteka.lt\/en\/wp-json\/wp\/v2\/product_tag?post=2202"}],"curies":[{"name":"wp","href":"https:\/\/api.w.org\/{rel}","templated":true}]}}