{"id":2194,"date":"2025-07-24T12:17:36","date_gmt":"2025-07-24T12:17:36","guid":{"rendered":"https:\/\/enviteka.lt\/?post_type=product&#038;p=2194"},"modified":"2025-07-24T12:21:04","modified_gmt":"2025-07-24T12:21:04","slug":"ritinelis-89-mm-cinkuotas-vamzdis-montavimo-ilgis-228-mm","status":"publish","type":"product","link":"https:\/\/enviteka.lt\/en\/product\/ritinelis-89-mm-cinkuotas-vamzdis-montavimo-ilgis-228-mm\/","title":{"rendered":"Ritin\u0117lis 89 mm cinkuotas vamzdis montavimo ilgis 228 mm"},"content":{"rendered":"<p data-start=\"135\" data-end=\"539\"><strong data-start=\"135\" data-end=\"148\">Apra\u0161ymas<\/strong> \u2013 tvirtas ir patikimas ritin\u0117lis, skirtas sunki\u0173 gamini\u0173 transportavimui. Vamzdis pagamintas i\u0161 cinkuoto plieno, kurio skersmuo 89 mm, montavimo ilgis \u2013 228 mm. Velenas \u2013 20 mm skersmens, pagamintas i\u0161 plieno, abu veleno galai \u2013 frezuoti 14\u00d715 mm. Ritin\u0117lis turi FH89x3,0+6204 guolius su labirintiniu sandarikliu, kuris apsaugo nuo dulki\u0173 ir ne\u0161varum\u0173. Maksimali apkrova \u2013 4000 N (~390 kg).<\/p>\n<p data-start=\"541\" data-end=\"957\">\u2022 <strong data-start=\"543\" data-end=\"562\">Montavimo ilgis<\/strong> (B): 228 mm<br data-start=\"574\" data-end=\"577\" \/>\u2022 <strong data-start=\"579\" data-end=\"600\">Vamzd\u017eio skersmuo<\/strong> (D): 89 \u00d7 3,0 mm<br data-start=\"617\" data-end=\"620\" \/>\u2022 <strong data-start=\"622\" data-end=\"640\">Vamzd\u017eio ilgis<\/strong> (B1): 218 mm<br data-start=\"653\" data-end=\"656\" \/>\u2022 <strong data-start=\"658\" data-end=\"679\">Vamzd\u017eio med\u017eiaga<\/strong>: cinkuotas plienas<br data-start=\"698\" data-end=\"701\" \/>\u2022 <strong data-start=\"703\" data-end=\"722\">Veleno skersmuo<\/strong> (d): 20 mm<br data-start=\"733\" data-end=\"736\" \/>\u2022 <strong data-start=\"738\" data-end=\"754\">Veleno ilgis<\/strong> (B0): 258 mm<br data-start=\"767\" data-end=\"770\" \/>\u2022 <strong data-start=\"772\" data-end=\"791\">Veleno med\u017eiaga<\/strong>: plienas<br data-start=\"800\" data-end=\"803\" \/>\u2022 <strong data-start=\"805\" data-end=\"821\">Veleno galai<\/strong>: frezuoti 14\u00d715 mm (abu galai)<br data-start=\"852\" data-end=\"855\" \/>\u2022 <strong data-start=\"857\" data-end=\"868\">Guoliai<\/strong>: FH89x3,0+6204 su labirintiniu sandarikliu<br data-start=\"911\" data-end=\"914\" \/>\u2022 <strong data-start=\"916\" data-end=\"937\">Maksimali apkrova<\/strong>: 4000 N (~390 kg)<\/p>\n<p><strong>Susisiekite su mumis<\/strong> \u2013 jeigu turite klausym\u0173, norite \u012fsigyti.<\/p>\n<p><strong>Turime sand\u0117lyje. Pristatymas 2-3 d.d.<\/strong><\/p>","protected":false},"excerpt":{"rendered":"<p>Apra\u0161ymas \u2013 tvirtas ir patikimas ritin\u0117lis, skirtas sunki\u0173 gamini\u0173 transportavimui. Vamzdis pagamintas i\u0161 cinkuoto plieno, kurio skersmuo 89 mm, montavimo [&hellip;]<\/p>","protected":false},"featured_media":2195,"template":"","meta":{"site-sidebar-layout":"default","site-content-layout":"","ast-site-content-layout":"default","site-content-style":"default","site-sidebar-style":"default","ast-global-header-display":"","ast-banner-title-visibility":"","ast-main-header-display":"","ast-hfb-above-header-display":"","ast-hfb-below-header-display":"","ast-hfb-mobile-header-display":"","site-post-title":"","ast-breadcrumbs-content":"","ast-featured-img":"","footer-sml-layout":"","ast-disable-related-posts":"","theme-transparent-header-meta":"default","adv-header-id-meta":"","stick-header-meta":"","header-above-stick-meta":"","header-main-stick-meta":"","header-below-stick-meta":"","astra-migrate-meta-layouts":"set","ast-page-background-enabled":"default","ast-page-background-meta":{"desktop":{"background-color":"var(--ast-global-color-4)","background-image":"","background-repeat":"repeat","background-position":"center center","background-size":"auto","background-attachment":"scroll","background-type":"","background-media":"","overlay-type":"","overlay-color":"","overlay-opacity":"","overlay-gradient":""},"tablet":{"background-color":"","background-image":"","background-repeat":"repeat","background-position":"center center","background-size":"auto","background-attachment":"scroll","background-type":"","background-media":"","overlay-type":"","overlay-color":"","overlay-opacity":"","overlay-gradient":""},"mobile":{"background-color":"","background-image":"","background-repeat":"repeat","background-position":"center center","background-size":"auto","background-attachment":"scroll","background-type":"","background-media":"","overlay-type":"","overlay-color":"","overlay-opacity":"","overlay-gradient":""}},"ast-content-background-meta":{"desktop":{"background-color":"var(--ast-global-color-5)","background-image":"","background-repeat":"repeat","background-position":"center center","background-size":"auto","background-attachment":"scroll","background-type":"","background-media":"","overlay-type":"","overlay-color":"","overlay-opacity":"","overlay-gradient":""},"tablet":{"background-color":"var(--ast-global-color-5)","background-image":"","background-repeat":"repeat","background-position":"center center","background-size":"auto","background-attachment":"scroll","background-type":"","background-media":"","overlay-type":"","overlay-color":"","overlay-opacity":"","overlay-gradient":""},"mobile":{"background-color":"var(--ast-global-color-5)","background-image":"","background-repeat":"repeat","background-position":"center center","background-size":"auto","background-attachment":"scroll","background-type":"","background-media":"","overlay-type":"","overlay-color":"","overlay-opacity":"","overlay-gradient":""}}},"product_brand":[],"product_cat":[137,84],"product_tag":[],"class_list":{"0":"post-2194","1":"product","2":"type-product","3":"status-publish","4":"has-post-thumbnail","6":"product_cat-gravitaciniai-ritineliai","7":"product_cat-konvejeriu-ritineliai","8":"desktop-align-left","9":"tablet-align-left","10":"mobile-align-left","12":"first","13":"instock","14":"featured","15":"shipping-taxable","16":"product-type-simple"},"yoast_head":"<!-- This site is optimized with the Yoast SEO plugin v27.3 - https:\/\/yoast.com\/product\/yoast-seo-wordpress\/ -->\n<title>Ritin\u0117lis 89 mm cinkuotas vamzdis montavimo ilgis 228 mm - ENVITEKA<\/title>\n<meta name=\"description\" content=\"\u012esigykite ritin\u0117l\u012f su 89 mm cinkuoto plieno vamzd\u017eiu ir 20 mm veleno skersmeniu. Abu veleno galai frezuoti 14\u00d715 mm. Maksimali apkrova \u2013 4000 N (~390 kg).\" \/>\n<meta name=\"robots\" content=\"index, follow, max-snippet:-1, max-image-preview:large, max-video-preview:-1\" \/>\n<link rel=\"canonical\" href=\"https:\/\/enviteka.lt\/en\/product\/ritinelis-89-mm-cinkuotas-vamzdis-montavimo-ilgis-228-mm\/\" \/>\n<meta property=\"og:locale\" content=\"en_US\" \/>\n<meta property=\"og:type\" content=\"article\" \/>\n<meta property=\"og:title\" content=\"Ritin\u0117lis 89 mm cinkuotas vamzdis montavimo ilgis 228 mm - ENVITEKA\" \/>\n<meta property=\"og:description\" content=\"\u012esigykite ritin\u0117l\u012f su 89 mm cinkuoto plieno vamzd\u017eiu ir 20 mm veleno skersmeniu. Abu veleno galai frezuoti 14\u00d715 mm. Maksimali apkrova \u2013 4000 N (~390 kg).\" \/>\n<meta property=\"og:url\" content=\"https:\/\/enviteka.lt\/en\/product\/ritinelis-89-mm-cinkuotas-vamzdis-montavimo-ilgis-228-mm\/\" \/>\n<meta property=\"og:site_name\" content=\"ENVITEKA\" \/>\n<meta property=\"article:modified_time\" content=\"2025-07-24T12:21:04+00:00\" \/>\n<meta property=\"og:image\" content=\"https:\/\/enviteka.lt\/wp-content\/uploads\/2025\/07\/ritinelis_enviteka_63.jpg\" \/>\n\t<meta property=\"og:image:width\" content=\"504\" \/>\n\t<meta property=\"og:image:height\" content=\"459\" \/>\n\t<meta property=\"og:image:type\" content=\"image\/jpeg\" \/>\n<meta name=\"twitter:card\" content=\"summary_large_image\" \/>\n<meta name=\"twitter:label1\" content=\"Est. reading time\" \/>\n\t<meta name=\"twitter:data1\" content=\"1 minute\" \/>\n<script type=\"application\/ld+json\" class=\"yoast-schema-graph\">{\"@context\":\"https:\\\/\\\/schema.org\",\"@graph\":[{\"@type\":\"WebPage\",\"@id\":\"https:\\\/\\\/enviteka.lt\\\/produktas\\\/ritinelis-89-mm-cinkuotas-vamzdis-montavimo-ilgis-228-mm\\\/\",\"url\":\"https:\\\/\\\/enviteka.lt\\\/produktas\\\/ritinelis-89-mm-cinkuotas-vamzdis-montavimo-ilgis-228-mm\\\/\",\"name\":\"Ritin\u0117lis 89 mm cinkuotas vamzdis montavimo ilgis 228 mm - ENVITEKA\",\"isPartOf\":{\"@id\":\"https:\\\/\\\/enviteka.lt\\\/#website\"},\"primaryImageOfPage\":{\"@id\":\"https:\\\/\\\/enviteka.lt\\\/produktas\\\/ritinelis-89-mm-cinkuotas-vamzdis-montavimo-ilgis-228-mm\\\/#primaryimage\"},\"image\":{\"@id\":\"https:\\\/\\\/enviteka.lt\\\/produktas\\\/ritinelis-89-mm-cinkuotas-vamzdis-montavimo-ilgis-228-mm\\\/#primaryimage\"},\"thumbnailUrl\":\"https:\\\/\\\/enviteka.lt\\\/wp-content\\\/uploads\\\/2025\\\/07\\\/ritinelis_enviteka_63.jpg\",\"datePublished\":\"2025-07-24T12:17:36+00:00\",\"dateModified\":\"2025-07-24T12:21:04+00:00\",\"description\":\"\u012esigykite ritin\u0117l\u012f su 89 mm cinkuoto plieno vamzd\u017eiu ir 20 mm veleno skersmeniu. Abu veleno galai frezuoti 14\u00d715 mm. Maksimali apkrova \u2013 4000 N (~390 kg).\",\"breadcrumb\":{\"@id\":\"https:\\\/\\\/enviteka.lt\\\/produktas\\\/ritinelis-89-mm-cinkuotas-vamzdis-montavimo-ilgis-228-mm\\\/#breadcrumb\"},\"inLanguage\":\"en-US\",\"potentialAction\":[{\"@type\":\"ReadAction\",\"target\":[\"https:\\\/\\\/enviteka.lt\\\/produktas\\\/ritinelis-89-mm-cinkuotas-vamzdis-montavimo-ilgis-228-mm\\\/\"]}]},{\"@type\":\"ImageObject\",\"inLanguage\":\"en-US\",\"@id\":\"https:\\\/\\\/enviteka.lt\\\/produktas\\\/ritinelis-89-mm-cinkuotas-vamzdis-montavimo-ilgis-228-mm\\\/#primaryimage\",\"url\":\"https:\\\/\\\/enviteka.lt\\\/wp-content\\\/uploads\\\/2025\\\/07\\\/ritinelis_enviteka_63.jpg\",\"contentUrl\":\"https:\\\/\\\/enviteka.lt\\\/wp-content\\\/uploads\\\/2025\\\/07\\\/ritinelis_enviteka_63.jpg\",\"width\":504,\"height\":459},{\"@type\":\"BreadcrumbList\",\"@id\":\"https:\\\/\\\/enviteka.lt\\\/produktas\\\/ritinelis-89-mm-cinkuotas-vamzdis-montavimo-ilgis-228-mm\\\/#breadcrumb\",\"itemListElement\":[{\"@type\":\"ListItem\",\"position\":1,\"name\":\"Home\",\"item\":\"https:\\\/\\\/enviteka.lt\\\/\"},{\"@type\":\"ListItem\",\"position\":2,\"name\":\"Produktai\",\"item\":\"https:\\\/\\\/enviteka.lt\\\/produktai\\\/\"},{\"@type\":\"ListItem\",\"position\":3,\"name\":\"Ritin\u0117lis 89 mm cinkuotas vamzdis montavimo ilgis 228 mm\"}]},{\"@type\":\"WebSite\",\"@id\":\"https:\\\/\\\/enviteka.lt\\\/#website\",\"url\":\"https:\\\/\\\/enviteka.lt\\\/\",\"name\":\"ENVITEKA\",\"description\":\"pramonin\u0117s \u012frangos tiek\u0117jas\",\"publisher\":{\"@id\":\"https:\\\/\\\/enviteka.lt\\\/#organization\"},\"potentialAction\":[{\"@type\":\"SearchAction\",\"target\":{\"@type\":\"EntryPoint\",\"urlTemplate\":\"https:\\\/\\\/enviteka.lt\\\/?s={search_term_string}\"},\"query-input\":{\"@type\":\"PropertyValueSpecification\",\"valueRequired\":true,\"valueName\":\"search_term_string\"}}],\"inLanguage\":\"en-US\"},{\"@type\":\"Organization\",\"@id\":\"https:\\\/\\\/enviteka.lt\\\/#organization\",\"name\":\"ENVITEKA\",\"url\":\"https:\\\/\\\/enviteka.lt\\\/\",\"logo\":{\"@type\":\"ImageObject\",\"inLanguage\":\"en-US\",\"@id\":\"https:\\\/\\\/enviteka.lt\\\/#\\\/schema\\\/logo\\\/image\\\/\",\"url\":\"https:\\\/\\\/enviteka.lt\\\/wp-content\\\/uploads\\\/2024\\\/10\\\/enviteka-high-resolution-logo-transparent-e1742852093377.png\",\"contentUrl\":\"https:\\\/\\\/enviteka.lt\\\/wp-content\\\/uploads\\\/2024\\\/10\\\/enviteka-high-resolution-logo-transparent-e1742852093377.png\",\"width\":424,\"height\":150,\"caption\":\"ENVITEKA\"},\"image\":{\"@id\":\"https:\\\/\\\/enviteka.lt\\\/#\\\/schema\\\/logo\\\/image\\\/\"}}]}<\/script>\n<!-- \/ Yoast SEO plugin. -->","yoast_head_json":{"title":"Ritin\u0117lis 89 mm cinkuotas vamzdis montavimo ilgis 228 mm - ENVITEKA","description":"\u012esigykite ritin\u0117l\u012f su 89 mm cinkuoto plieno vamzd\u017eiu ir 20 mm veleno skersmeniu. Abu veleno galai frezuoti 14\u00d715 mm. Maksimali apkrova \u2013 4000 N (~390 kg).","robots":{"index":"index","follow":"follow","max-snippet":"max-snippet:-1","max-image-preview":"max-image-preview:large","max-video-preview":"max-video-preview:-1"},"canonical":"https:\/\/enviteka.lt\/en\/product\/ritinelis-89-mm-cinkuotas-vamzdis-montavimo-ilgis-228-mm\/","og_locale":"en_US","og_type":"article","og_title":"Ritin\u0117lis 89 mm cinkuotas vamzdis montavimo ilgis 228 mm - ENVITEKA","og_description":"\u012esigykite ritin\u0117l\u012f su 89 mm cinkuoto plieno vamzd\u017eiu ir 20 mm veleno skersmeniu. Abu veleno galai frezuoti 14\u00d715 mm. Maksimali apkrova \u2013 4000 N (~390 kg).","og_url":"https:\/\/enviteka.lt\/en\/product\/ritinelis-89-mm-cinkuotas-vamzdis-montavimo-ilgis-228-mm\/","og_site_name":"ENVITEKA","article_modified_time":"2025-07-24T12:21:04+00:00","og_image":[{"width":504,"height":459,"url":"https:\/\/enviteka.lt\/wp-content\/uploads\/2025\/07\/ritinelis_enviteka_63.jpg","type":"image\/jpeg"}],"twitter_card":"summary_large_image","twitter_misc":{"Est. reading time":"1 minute"},"schema":{"@context":"https:\/\/schema.org","@graph":[{"@type":"WebPage","@id":"https:\/\/enviteka.lt\/produktas\/ritinelis-89-mm-cinkuotas-vamzdis-montavimo-ilgis-228-mm\/","url":"https:\/\/enviteka.lt\/produktas\/ritinelis-89-mm-cinkuotas-vamzdis-montavimo-ilgis-228-mm\/","name":"Ritin\u0117lis 89 mm cinkuotas vamzdis montavimo ilgis 228 mm - ENVITEKA","isPartOf":{"@id":"https:\/\/enviteka.lt\/#website"},"primaryImageOfPage":{"@id":"https:\/\/enviteka.lt\/produktas\/ritinelis-89-mm-cinkuotas-vamzdis-montavimo-ilgis-228-mm\/#primaryimage"},"image":{"@id":"https:\/\/enviteka.lt\/produktas\/ritinelis-89-mm-cinkuotas-vamzdis-montavimo-ilgis-228-mm\/#primaryimage"},"thumbnailUrl":"https:\/\/enviteka.lt\/wp-content\/uploads\/2025\/07\/ritinelis_enviteka_63.jpg","datePublished":"2025-07-24T12:17:36+00:00","dateModified":"2025-07-24T12:21:04+00:00","description":"\u012esigykite ritin\u0117l\u012f su 89 mm cinkuoto plieno vamzd\u017eiu ir 20 mm veleno skersmeniu. Abu veleno galai frezuoti 14\u00d715 mm. Maksimali apkrova \u2013 4000 N (~390 kg).","breadcrumb":{"@id":"https:\/\/enviteka.lt\/produktas\/ritinelis-89-mm-cinkuotas-vamzdis-montavimo-ilgis-228-mm\/#breadcrumb"},"inLanguage":"en-US","potentialAction":[{"@type":"ReadAction","target":["https:\/\/enviteka.lt\/produktas\/ritinelis-89-mm-cinkuotas-vamzdis-montavimo-ilgis-228-mm\/"]}]},{"@type":"ImageObject","inLanguage":"en-US","@id":"https:\/\/enviteka.lt\/produktas\/ritinelis-89-mm-cinkuotas-vamzdis-montavimo-ilgis-228-mm\/#primaryimage","url":"https:\/\/enviteka.lt\/wp-content\/uploads\/2025\/07\/ritinelis_enviteka_63.jpg","contentUrl":"https:\/\/enviteka.lt\/wp-content\/uploads\/2025\/07\/ritinelis_enviteka_63.jpg","width":504,"height":459},{"@type":"BreadcrumbList","@id":"https:\/\/enviteka.lt\/produktas\/ritinelis-89-mm-cinkuotas-vamzdis-montavimo-ilgis-228-mm\/#breadcrumb","itemListElement":[{"@type":"ListItem","position":1,"name":"Home","item":"https:\/\/enviteka.lt\/"},{"@type":"ListItem","position":2,"name":"Produktai","item":"https:\/\/enviteka.lt\/produktai\/"},{"@type":"ListItem","position":3,"name":"Ritin\u0117lis 89 mm cinkuotas vamzdis montavimo ilgis 228 mm"}]},{"@type":"WebSite","@id":"https:\/\/enviteka.lt\/#website","url":"https:\/\/enviteka.lt\/","name":"ENVITEKA","description":"pramonin\u0117s \u012frangos tiek\u0117jas","publisher":{"@id":"https:\/\/enviteka.lt\/#organization"},"potentialAction":[{"@type":"SearchAction","target":{"@type":"EntryPoint","urlTemplate":"https:\/\/enviteka.lt\/?s={search_term_string}"},"query-input":{"@type":"PropertyValueSpecification","valueRequired":true,"valueName":"search_term_string"}}],"inLanguage":"en-US"},{"@type":"Organization","@id":"https:\/\/enviteka.lt\/#organization","name":"ENVITEKA","url":"https:\/\/enviteka.lt\/","logo":{"@type":"ImageObject","inLanguage":"en-US","@id":"https:\/\/enviteka.lt\/#\/schema\/logo\/image\/","url":"https:\/\/enviteka.lt\/wp-content\/uploads\/2024\/10\/enviteka-high-resolution-logo-transparent-e1742852093377.png","contentUrl":"https:\/\/enviteka.lt\/wp-content\/uploads\/2024\/10\/enviteka-high-resolution-logo-transparent-e1742852093377.png","width":424,"height":150,"caption":"ENVITEKA"},"image":{"@id":"https:\/\/enviteka.lt\/#\/schema\/logo\/image\/"}}]}},"_links":{"self":[{"href":"https:\/\/enviteka.lt\/en\/wp-json\/wp\/v2\/product\/2194","targetHints":{"allow":["GET"]}}],"collection":[{"href":"https:\/\/enviteka.lt\/en\/wp-json\/wp\/v2\/product"}],"about":[{"href":"https:\/\/enviteka.lt\/en\/wp-json\/wp\/v2\/types\/product"}],"wp:featuredmedia":[{"embeddable":true,"href":"https:\/\/enviteka.lt\/en\/wp-json\/wp\/v2\/media\/2195"}],"wp:attachment":[{"href":"https:\/\/enviteka.lt\/en\/wp-json\/wp\/v2\/media?parent=2194"}],"wp:term":[{"taxonomy":"product_brand","embeddable":true,"href":"https:\/\/enviteka.lt\/en\/wp-json\/wp\/v2\/product_brand?post=2194"},{"taxonomy":"product_cat","embeddable":true,"href":"https:\/\/enviteka.lt\/en\/wp-json\/wp\/v2\/product_cat?post=2194"},{"taxonomy":"product_tag","embeddable":true,"href":"https:\/\/enviteka.lt\/en\/wp-json\/wp\/v2\/product_tag?post=2194"}],"curies":[{"name":"wp","href":"https:\/\/api.w.org\/{rel}","templated":true}]}}