{"id":2190,"date":"2025-07-24T12:13:27","date_gmt":"2025-07-24T12:13:27","guid":{"rendered":"https:\/\/enviteka.lt\/?post_type=product&#038;p=2190"},"modified":"2025-07-24T12:15:34","modified_gmt":"2025-07-24T12:15:34","slug":"ritinelis-50-mm-cinkuotas-vamzdis-montavimo-ilgis-250-mm","status":"publish","type":"product","link":"https:\/\/enviteka.lt\/en\/product\/ritinelis-50-mm-cinkuotas-vamzdis-montavimo-ilgis-250-mm\/","title":{"rendered":"Ritin\u0117lis 50 mm cinkuotas vamzdis montavimo ilgis 250 mm"},"content":{"rendered":"<p data-start=\"135\" data-end=\"572\"><strong data-start=\"135\" data-end=\"148\">Apra\u0161ymas<\/strong> \u2013 patvarus ritin\u0117lis skirtas lengv\u0173 ir vidutinio svorio gamini\u0173 transportavimui. Vamzdis pagamintas i\u0161 cinkuoto plieno, kurio skersmuo 50 mm, montavimo ilgis \u2013 250 mm. Velenas \u2013 12 mm skersmens, pagamintas i\u0161 plieno, vienas veleno galas su vyri\u0161ku sriegiu M12\u00d745 mm, kitas \u2013 frezuotas 8\u00d710 mm. Ritin\u0117lis turi POM korpuso guolius su 6202 guoliais, u\u017etikrinan\u010dius patikim\u0105 ir tyl\u0173 darb\u0105.<\/p>\n<p data-start=\"574\" data-end=\"991\">\u2022 <strong data-start=\"576\" data-end=\"595\">Montavimo ilgis<\/strong> (B): 250 mm<br data-start=\"607\" data-end=\"610\" \/>\u2022 <strong data-start=\"612\" data-end=\"633\">Vamzd\u017eio skersmuo<\/strong> (D): 50 \u00d7 1,5 mm<br data-start=\"650\" data-end=\"653\" \/>\u2022 <strong data-start=\"655\" data-end=\"673\">Vamzd\u017eio ilgis<\/strong> (B1): 243 mm<br data-start=\"686\" data-end=\"689\" \/>\u2022 <strong data-start=\"691\" data-end=\"712\">Vamzd\u017eio med\u017eiaga<\/strong>: cinkuotas plienas<br data-start=\"731\" data-end=\"734\" \/>\u2022 <strong data-start=\"736\" data-end=\"755\">Veleno skersmuo<\/strong> (d): 12 mm<br data-start=\"766\" data-end=\"769\" \/>\u2022 <strong data-start=\"771\" data-end=\"787\">Veleno ilgis<\/strong> (B0): 305 mm<br data-start=\"800\" data-end=\"803\" \/>\u2022 <strong data-start=\"805\" data-end=\"824\">Veleno med\u017eiaga<\/strong>: plienas<br data-start=\"833\" data-end=\"836\" \/>\u2022 <strong data-start=\"838\" data-end=\"854\">Veleno galai<\/strong>: vyri\u0161kas sriegis M12\u00d745 mm, frezuotas 8\u00d710 mm<br data-start=\"901\" data-end=\"904\" \/>\u2022 <strong data-start=\"906\" data-end=\"917\">Guoliai<\/strong>: POM korpusas, 6202 guoliai<br data-start=\"945\" data-end=\"948\" \/>\u2022 <strong data-start=\"950\" data-end=\"971\">Maksimali apkrova<\/strong>: 1200 N (~110 kg)<\/p>\n<p><strong>Susisiekite su mumis<\/strong> \u2013 jeigu turite klausym\u0173, norite \u012fsigyti.<\/p>\n<p><strong>Turime sand\u0117lyje. Pristatymas 2-3 d.d.<\/strong><\/p>","protected":false},"excerpt":{"rendered":"<p>Apra\u0161ymas \u2013 patvarus ritin\u0117lis skirtas lengv\u0173 ir vidutinio svorio gamini\u0173 transportavimui. Vamzdis pagamintas i\u0161 cinkuoto plieno, kurio skersmuo 50 mm, [&hellip;]<\/p>","protected":false},"featured_media":2191,"template":"","meta":{"site-sidebar-layout":"default","site-content-layout":"","ast-site-content-layout":"default","site-content-style":"default","site-sidebar-style":"default","ast-global-header-display":"","ast-banner-title-visibility":"","ast-main-header-display":"","ast-hfb-above-header-display":"","ast-hfb-below-header-display":"","ast-hfb-mobile-header-display":"","site-post-title":"","ast-breadcrumbs-content":"","ast-featured-img":"","footer-sml-layout":"","ast-disable-related-posts":"","theme-transparent-header-meta":"default","adv-header-id-meta":"","stick-header-meta":"","header-above-stick-meta":"","header-main-stick-meta":"","header-below-stick-meta":"","astra-migrate-meta-layouts":"set","ast-page-background-enabled":"default","ast-page-background-meta":{"desktop":{"background-color":"var(--ast-global-color-4)","background-image":"","background-repeat":"repeat","background-position":"center center","background-size":"auto","background-attachment":"scroll","background-type":"","background-media":"","overlay-type":"","overlay-color":"","overlay-opacity":"","overlay-gradient":""},"tablet":{"background-color":"","background-image":"","background-repeat":"repeat","background-position":"center center","background-size":"auto","background-attachment":"scroll","background-type":"","background-media":"","overlay-type":"","overlay-color":"","overlay-opacity":"","overlay-gradient":""},"mobile":{"background-color":"","background-image":"","background-repeat":"repeat","background-position":"center center","background-size":"auto","background-attachment":"scroll","background-type":"","background-media":"","overlay-type":"","overlay-color":"","overlay-opacity":"","overlay-gradient":""}},"ast-content-background-meta":{"desktop":{"background-color":"var(--ast-global-color-5)","background-image":"","background-repeat":"repeat","background-position":"center center","background-size":"auto","background-attachment":"scroll","background-type":"","background-media":"","overlay-type":"","overlay-color":"","overlay-opacity":"","overlay-gradient":""},"tablet":{"background-color":"var(--ast-global-color-5)","background-image":"","background-repeat":"repeat","background-position":"center center","background-size":"auto","background-attachment":"scroll","background-type":"","background-media":"","overlay-type":"","overlay-color":"","overlay-opacity":"","overlay-gradient":""},"mobile":{"background-color":"var(--ast-global-color-5)","background-image":"","background-repeat":"repeat","background-position":"center center","background-size":"auto","background-attachment":"scroll","background-type":"","background-media":"","overlay-type":"","overlay-color":"","overlay-opacity":"","overlay-gradient":""}}},"product_brand":[],"product_cat":[137,84],"product_tag":[],"class_list":{"0":"post-2190","1":"product","2":"type-product","3":"status-publish","4":"has-post-thumbnail","6":"product_cat-gravitaciniai-ritineliai","7":"product_cat-konvejeriu-ritineliai","8":"desktop-align-left","9":"tablet-align-left","10":"mobile-align-left","12":"first","13":"instock","14":"featured","15":"shipping-taxable","16":"product-type-simple"},"yoast_head":"<!-- This site is optimized with the Yoast SEO plugin v27.3 - https:\/\/yoast.com\/product\/yoast-seo-wordpress\/ -->\n<title>Ritin\u0117lis 50 mm cinkuotas vamzdis montavimo ilgis 250 mm - ENVITEKA<\/title>\n<meta name=\"description\" content=\"Ritin\u0117lis su 50 mm cinkuoto plieno vamzd\u017eiu ir 12 mm veleno skersmeniu. Veleno galai: vyri\u0161kas sriegis M12\u00d745 mm ir frezuotas 8\u00d710 mm.\" \/>\n<meta name=\"robots\" content=\"index, follow, max-snippet:-1, max-image-preview:large, max-video-preview:-1\" \/>\n<link rel=\"canonical\" href=\"https:\/\/enviteka.lt\/en\/product\/ritinelis-50-mm-cinkuotas-vamzdis-montavimo-ilgis-250-mm\/\" \/>\n<meta property=\"og:locale\" content=\"en_US\" \/>\n<meta property=\"og:type\" content=\"article\" \/>\n<meta property=\"og:title\" content=\"Ritin\u0117lis 50 mm cinkuotas vamzdis montavimo ilgis 250 mm - ENVITEKA\" \/>\n<meta property=\"og:description\" content=\"Ritin\u0117lis su 50 mm cinkuoto plieno vamzd\u017eiu ir 12 mm veleno skersmeniu. Veleno galai: vyri\u0161kas sriegis M12\u00d745 mm ir frezuotas 8\u00d710 mm.\" \/>\n<meta property=\"og:url\" content=\"https:\/\/enviteka.lt\/en\/product\/ritinelis-50-mm-cinkuotas-vamzdis-montavimo-ilgis-250-mm\/\" \/>\n<meta property=\"og:site_name\" content=\"ENVITEKA\" \/>\n<meta property=\"article:modified_time\" content=\"2025-07-24T12:15:34+00:00\" \/>\n<meta property=\"og:image\" content=\"https:\/\/enviteka.lt\/wp-content\/uploads\/2025\/07\/enviteka_ritinelis.jpg\" \/>\n\t<meta property=\"og:image:width\" content=\"538\" \/>\n\t<meta property=\"og:image:height\" content=\"447\" \/>\n\t<meta property=\"og:image:type\" content=\"image\/jpeg\" \/>\n<meta name=\"twitter:card\" content=\"summary_large_image\" \/>\n<meta name=\"twitter:label1\" content=\"Est. reading time\" \/>\n\t<meta name=\"twitter:data1\" content=\"1 minute\" \/>\n<script type=\"application\/ld+json\" class=\"yoast-schema-graph\">{\"@context\":\"https:\\\/\\\/schema.org\",\"@graph\":[{\"@type\":\"WebPage\",\"@id\":\"https:\\\/\\\/enviteka.lt\\\/produktas\\\/ritinelis-50-mm-cinkuotas-vamzdis-montavimo-ilgis-250-mm\\\/\",\"url\":\"https:\\\/\\\/enviteka.lt\\\/produktas\\\/ritinelis-50-mm-cinkuotas-vamzdis-montavimo-ilgis-250-mm\\\/\",\"name\":\"Ritin\u0117lis 50 mm cinkuotas vamzdis montavimo ilgis 250 mm - ENVITEKA\",\"isPartOf\":{\"@id\":\"https:\\\/\\\/enviteka.lt\\\/#website\"},\"primaryImageOfPage\":{\"@id\":\"https:\\\/\\\/enviteka.lt\\\/produktas\\\/ritinelis-50-mm-cinkuotas-vamzdis-montavimo-ilgis-250-mm\\\/#primaryimage\"},\"image\":{\"@id\":\"https:\\\/\\\/enviteka.lt\\\/produktas\\\/ritinelis-50-mm-cinkuotas-vamzdis-montavimo-ilgis-250-mm\\\/#primaryimage\"},\"thumbnailUrl\":\"https:\\\/\\\/enviteka.lt\\\/wp-content\\\/uploads\\\/2025\\\/07\\\/enviteka_ritinelis.jpg\",\"datePublished\":\"2025-07-24T12:13:27+00:00\",\"dateModified\":\"2025-07-24T12:15:34+00:00\",\"description\":\"Ritin\u0117lis su 50 mm cinkuoto plieno vamzd\u017eiu ir 12 mm veleno skersmeniu. Veleno galai: vyri\u0161kas sriegis M12\u00d745 mm ir frezuotas 8\u00d710 mm.\",\"breadcrumb\":{\"@id\":\"https:\\\/\\\/enviteka.lt\\\/produktas\\\/ritinelis-50-mm-cinkuotas-vamzdis-montavimo-ilgis-250-mm\\\/#breadcrumb\"},\"inLanguage\":\"en-US\",\"potentialAction\":[{\"@type\":\"ReadAction\",\"target\":[\"https:\\\/\\\/enviteka.lt\\\/produktas\\\/ritinelis-50-mm-cinkuotas-vamzdis-montavimo-ilgis-250-mm\\\/\"]}]},{\"@type\":\"ImageObject\",\"inLanguage\":\"en-US\",\"@id\":\"https:\\\/\\\/enviteka.lt\\\/produktas\\\/ritinelis-50-mm-cinkuotas-vamzdis-montavimo-ilgis-250-mm\\\/#primaryimage\",\"url\":\"https:\\\/\\\/enviteka.lt\\\/wp-content\\\/uploads\\\/2025\\\/07\\\/enviteka_ritinelis.jpg\",\"contentUrl\":\"https:\\\/\\\/enviteka.lt\\\/wp-content\\\/uploads\\\/2025\\\/07\\\/enviteka_ritinelis.jpg\",\"width\":538,\"height\":447},{\"@type\":\"BreadcrumbList\",\"@id\":\"https:\\\/\\\/enviteka.lt\\\/produktas\\\/ritinelis-50-mm-cinkuotas-vamzdis-montavimo-ilgis-250-mm\\\/#breadcrumb\",\"itemListElement\":[{\"@type\":\"ListItem\",\"position\":1,\"name\":\"Home\",\"item\":\"https:\\\/\\\/enviteka.lt\\\/\"},{\"@type\":\"ListItem\",\"position\":2,\"name\":\"Produktai\",\"item\":\"https:\\\/\\\/enviteka.lt\\\/produktai\\\/\"},{\"@type\":\"ListItem\",\"position\":3,\"name\":\"Ritin\u0117lis 50 mm cinkuotas vamzdis montavimo ilgis 250 mm\"}]},{\"@type\":\"WebSite\",\"@id\":\"https:\\\/\\\/enviteka.lt\\\/#website\",\"url\":\"https:\\\/\\\/enviteka.lt\\\/\",\"name\":\"ENVITEKA\",\"description\":\"pramonin\u0117s \u012frangos tiek\u0117jas\",\"publisher\":{\"@id\":\"https:\\\/\\\/enviteka.lt\\\/#organization\"},\"potentialAction\":[{\"@type\":\"SearchAction\",\"target\":{\"@type\":\"EntryPoint\",\"urlTemplate\":\"https:\\\/\\\/enviteka.lt\\\/?s={search_term_string}\"},\"query-input\":{\"@type\":\"PropertyValueSpecification\",\"valueRequired\":true,\"valueName\":\"search_term_string\"}}],\"inLanguage\":\"en-US\"},{\"@type\":\"Organization\",\"@id\":\"https:\\\/\\\/enviteka.lt\\\/#organization\",\"name\":\"ENVITEKA\",\"url\":\"https:\\\/\\\/enviteka.lt\\\/\",\"logo\":{\"@type\":\"ImageObject\",\"inLanguage\":\"en-US\",\"@id\":\"https:\\\/\\\/enviteka.lt\\\/#\\\/schema\\\/logo\\\/image\\\/\",\"url\":\"https:\\\/\\\/enviteka.lt\\\/wp-content\\\/uploads\\\/2024\\\/10\\\/enviteka-high-resolution-logo-transparent-e1742852093377.png\",\"contentUrl\":\"https:\\\/\\\/enviteka.lt\\\/wp-content\\\/uploads\\\/2024\\\/10\\\/enviteka-high-resolution-logo-transparent-e1742852093377.png\",\"width\":424,\"height\":150,\"caption\":\"ENVITEKA\"},\"image\":{\"@id\":\"https:\\\/\\\/enviteka.lt\\\/#\\\/schema\\\/logo\\\/image\\\/\"}}]}<\/script>\n<!-- \/ Yoast SEO plugin. -->","yoast_head_json":{"title":"Ritin\u0117lis 50 mm cinkuotas vamzdis montavimo ilgis 250 mm - ENVITEKA","description":"Ritin\u0117lis su 50 mm cinkuoto plieno vamzd\u017eiu ir 12 mm veleno skersmeniu. Veleno galai: vyri\u0161kas sriegis M12\u00d745 mm ir frezuotas 8\u00d710 mm.","robots":{"index":"index","follow":"follow","max-snippet":"max-snippet:-1","max-image-preview":"max-image-preview:large","max-video-preview":"max-video-preview:-1"},"canonical":"https:\/\/enviteka.lt\/en\/product\/ritinelis-50-mm-cinkuotas-vamzdis-montavimo-ilgis-250-mm\/","og_locale":"en_US","og_type":"article","og_title":"Ritin\u0117lis 50 mm cinkuotas vamzdis montavimo ilgis 250 mm - ENVITEKA","og_description":"Ritin\u0117lis su 50 mm cinkuoto plieno vamzd\u017eiu ir 12 mm veleno skersmeniu. Veleno galai: vyri\u0161kas sriegis M12\u00d745 mm ir frezuotas 8\u00d710 mm.","og_url":"https:\/\/enviteka.lt\/en\/product\/ritinelis-50-mm-cinkuotas-vamzdis-montavimo-ilgis-250-mm\/","og_site_name":"ENVITEKA","article_modified_time":"2025-07-24T12:15:34+00:00","og_image":[{"width":538,"height":447,"url":"https:\/\/enviteka.lt\/wp-content\/uploads\/2025\/07\/enviteka_ritinelis.jpg","type":"image\/jpeg"}],"twitter_card":"summary_large_image","twitter_misc":{"Est. reading time":"1 minute"},"schema":{"@context":"https:\/\/schema.org","@graph":[{"@type":"WebPage","@id":"https:\/\/enviteka.lt\/produktas\/ritinelis-50-mm-cinkuotas-vamzdis-montavimo-ilgis-250-mm\/","url":"https:\/\/enviteka.lt\/produktas\/ritinelis-50-mm-cinkuotas-vamzdis-montavimo-ilgis-250-mm\/","name":"Ritin\u0117lis 50 mm cinkuotas vamzdis montavimo ilgis 250 mm - ENVITEKA","isPartOf":{"@id":"https:\/\/enviteka.lt\/#website"},"primaryImageOfPage":{"@id":"https:\/\/enviteka.lt\/produktas\/ritinelis-50-mm-cinkuotas-vamzdis-montavimo-ilgis-250-mm\/#primaryimage"},"image":{"@id":"https:\/\/enviteka.lt\/produktas\/ritinelis-50-mm-cinkuotas-vamzdis-montavimo-ilgis-250-mm\/#primaryimage"},"thumbnailUrl":"https:\/\/enviteka.lt\/wp-content\/uploads\/2025\/07\/enviteka_ritinelis.jpg","datePublished":"2025-07-24T12:13:27+00:00","dateModified":"2025-07-24T12:15:34+00:00","description":"Ritin\u0117lis su 50 mm cinkuoto plieno vamzd\u017eiu ir 12 mm veleno skersmeniu. Veleno galai: vyri\u0161kas sriegis M12\u00d745 mm ir frezuotas 8\u00d710 mm.","breadcrumb":{"@id":"https:\/\/enviteka.lt\/produktas\/ritinelis-50-mm-cinkuotas-vamzdis-montavimo-ilgis-250-mm\/#breadcrumb"},"inLanguage":"en-US","potentialAction":[{"@type":"ReadAction","target":["https:\/\/enviteka.lt\/produktas\/ritinelis-50-mm-cinkuotas-vamzdis-montavimo-ilgis-250-mm\/"]}]},{"@type":"ImageObject","inLanguage":"en-US","@id":"https:\/\/enviteka.lt\/produktas\/ritinelis-50-mm-cinkuotas-vamzdis-montavimo-ilgis-250-mm\/#primaryimage","url":"https:\/\/enviteka.lt\/wp-content\/uploads\/2025\/07\/enviteka_ritinelis.jpg","contentUrl":"https:\/\/enviteka.lt\/wp-content\/uploads\/2025\/07\/enviteka_ritinelis.jpg","width":538,"height":447},{"@type":"BreadcrumbList","@id":"https:\/\/enviteka.lt\/produktas\/ritinelis-50-mm-cinkuotas-vamzdis-montavimo-ilgis-250-mm\/#breadcrumb","itemListElement":[{"@type":"ListItem","position":1,"name":"Home","item":"https:\/\/enviteka.lt\/"},{"@type":"ListItem","position":2,"name":"Produktai","item":"https:\/\/enviteka.lt\/produktai\/"},{"@type":"ListItem","position":3,"name":"Ritin\u0117lis 50 mm cinkuotas vamzdis montavimo ilgis 250 mm"}]},{"@type":"WebSite","@id":"https:\/\/enviteka.lt\/#website","url":"https:\/\/enviteka.lt\/","name":"ENVITEKA","description":"pramonin\u0117s \u012frangos tiek\u0117jas","publisher":{"@id":"https:\/\/enviteka.lt\/#organization"},"potentialAction":[{"@type":"SearchAction","target":{"@type":"EntryPoint","urlTemplate":"https:\/\/enviteka.lt\/?s={search_term_string}"},"query-input":{"@type":"PropertyValueSpecification","valueRequired":true,"valueName":"search_term_string"}}],"inLanguage":"en-US"},{"@type":"Organization","@id":"https:\/\/enviteka.lt\/#organization","name":"ENVITEKA","url":"https:\/\/enviteka.lt\/","logo":{"@type":"ImageObject","inLanguage":"en-US","@id":"https:\/\/enviteka.lt\/#\/schema\/logo\/image\/","url":"https:\/\/enviteka.lt\/wp-content\/uploads\/2024\/10\/enviteka-high-resolution-logo-transparent-e1742852093377.png","contentUrl":"https:\/\/enviteka.lt\/wp-content\/uploads\/2024\/10\/enviteka-high-resolution-logo-transparent-e1742852093377.png","width":424,"height":150,"caption":"ENVITEKA"},"image":{"@id":"https:\/\/enviteka.lt\/#\/schema\/logo\/image\/"}}]}},"_links":{"self":[{"href":"https:\/\/enviteka.lt\/en\/wp-json\/wp\/v2\/product\/2190","targetHints":{"allow":["GET"]}}],"collection":[{"href":"https:\/\/enviteka.lt\/en\/wp-json\/wp\/v2\/product"}],"about":[{"href":"https:\/\/enviteka.lt\/en\/wp-json\/wp\/v2\/types\/product"}],"wp:featuredmedia":[{"embeddable":true,"href":"https:\/\/enviteka.lt\/en\/wp-json\/wp\/v2\/media\/2191"}],"wp:attachment":[{"href":"https:\/\/enviteka.lt\/en\/wp-json\/wp\/v2\/media?parent=2190"}],"wp:term":[{"taxonomy":"product_brand","embeddable":true,"href":"https:\/\/enviteka.lt\/en\/wp-json\/wp\/v2\/product_brand?post=2190"},{"taxonomy":"product_cat","embeddable":true,"href":"https:\/\/enviteka.lt\/en\/wp-json\/wp\/v2\/product_cat?post=2190"},{"taxonomy":"product_tag","embeddable":true,"href":"https:\/\/enviteka.lt\/en\/wp-json\/wp\/v2\/product_tag?post=2190"}],"curies":[{"name":"wp","href":"https:\/\/api.w.org\/{rel}","templated":true}]}}