{"id":2186,"date":"2025-07-24T12:07:46","date_gmt":"2025-07-24T12:07:46","guid":{"rendered":"https:\/\/enviteka.lt\/?post_type=product&#038;p=2186"},"modified":"2025-07-24T12:10:53","modified_gmt":"2025-07-24T12:10:53","slug":"ritinelis-40-mm-cinkuotas-vamzdis-montavimo-ilgis-444-mm","status":"publish","type":"product","link":"https:\/\/enviteka.lt\/en\/product\/ritinelis-40-mm-cinkuotas-vamzdis-montavimo-ilgis-444-mm\/","title":{"rendered":"Ritin\u0117lis 40 mm cinkuotas vamzdis montavimo ilgis 444 mm"},"content":{"rendered":"<p data-start=\"130\" data-end=\"547\"><strong data-start=\"130\" data-end=\"143\">Apra\u0161ymas<\/strong> \u2013 patikimas ritin\u0117lis, skirtas vidutinio sunkumo gamini\u0173 transportavimui. Vamzdis pagamintas i\u0161 cinkuoto plieno, kurio skersmuo 40 mm, montavimo ilgis \u2013 444 mm. Velenas \u2013 12 mm skersmens, pagamintas i\u0161 plieno, su vidiniu sriegiu M8\u00d720 mm abiejuose veleno galuose. Ritin\u0117lis turi POM korpuso guolius su 6202 guoliais, u\u017etikrinan\u010dius ilgaam\u017ei\u0161kum\u0105 ir skland\u0173 veikim\u0105. \u017e<\/p>\n<p data-start=\"549\" data-end=\"957\">\u2022 <strong data-start=\"551\" data-end=\"570\">Montavimo ilgis<\/strong> (B): 444 mm<br data-start=\"582\" data-end=\"585\" \/>\u2022 <strong data-start=\"587\" data-end=\"608\">Vamzd\u017eio skersmuo<\/strong> (D): 40 \u00d7 1,5 mm<br data-start=\"625\" data-end=\"628\" \/>\u2022 <strong data-start=\"630\" data-end=\"648\">Vamzd\u017eio ilgis<\/strong> (B1): 437 mm<br data-start=\"661\" data-end=\"664\" \/>\u2022 <strong data-start=\"666\" data-end=\"687\">Vamzd\u017eio med\u017eiaga<\/strong>: cinkuotas plienas<br data-start=\"706\" data-end=\"709\" \/>\u2022 <strong data-start=\"711\" data-end=\"730\">Veleno skersmuo<\/strong> (d): 12 mm<br data-start=\"741\" data-end=\"744\" \/>\u2022 <strong data-start=\"746\" data-end=\"762\">Veleno ilgis<\/strong> (B0): 443 mm<br data-start=\"775\" data-end=\"778\" \/>\u2022 <strong data-start=\"780\" data-end=\"799\">Veleno med\u017eiaga<\/strong>: plienas<br data-start=\"808\" data-end=\"811\" \/>\u2022 <strong data-start=\"813\" data-end=\"829\">Veleno galai<\/strong>: vidinis sriegis M8 \u00d7 20 mm (abu galai)<br data-start=\"869\" data-end=\"872\" \/>\u2022 <strong data-start=\"874\" data-end=\"885\">Guoliai<\/strong>: POM korpusas, 6202 guoliai<br data-start=\"913\" data-end=\"916\" \/>\u2022 <strong data-start=\"918\" data-end=\"939\">Maksimali apkrova<\/strong>: 1200 N (~110 kg)<\/p>\n<p><strong>Susisiekite su mumis<\/strong> \u2013 jeigu turite klausym\u0173, norite \u012fsigyti.<\/p>\n<p><strong>Turime sand\u0117lyje. Pristatymas 2-3 d.d.<\/strong><\/p>","protected":false},"excerpt":{"rendered":"<p>Apra\u0161ymas \u2013 patikimas ritin\u0117lis, skirtas vidutinio sunkumo gamini\u0173 transportavimui. Vamzdis pagamintas i\u0161 cinkuoto plieno, kurio skersmuo 40 mm, montavimo ilgis [&hellip;]<\/p>","protected":false},"featured_media":2187,"template":"","meta":{"site-sidebar-layout":"default","site-content-layout":"","ast-site-content-layout":"default","site-content-style":"default","site-sidebar-style":"default","ast-global-header-display":"","ast-banner-title-visibility":"","ast-main-header-display":"","ast-hfb-above-header-display":"","ast-hfb-below-header-display":"","ast-hfb-mobile-header-display":"","site-post-title":"","ast-breadcrumbs-content":"","ast-featured-img":"","footer-sml-layout":"","ast-disable-related-posts":"","theme-transparent-header-meta":"default","adv-header-id-meta":"","stick-header-meta":"","header-above-stick-meta":"","header-main-stick-meta":"","header-below-stick-meta":"","astra-migrate-meta-layouts":"set","ast-page-background-enabled":"default","ast-page-background-meta":{"desktop":{"background-color":"var(--ast-global-color-4)","background-image":"","background-repeat":"repeat","background-position":"center center","background-size":"auto","background-attachment":"scroll","background-type":"","background-media":"","overlay-type":"","overlay-color":"","overlay-opacity":"","overlay-gradient":""},"tablet":{"background-color":"","background-image":"","background-repeat":"repeat","background-position":"center center","background-size":"auto","background-attachment":"scroll","background-type":"","background-media":"","overlay-type":"","overlay-color":"","overlay-opacity":"","overlay-gradient":""},"mobile":{"background-color":"","background-image":"","background-repeat":"repeat","background-position":"center center","background-size":"auto","background-attachment":"scroll","background-type":"","background-media":"","overlay-type":"","overlay-color":"","overlay-opacity":"","overlay-gradient":""}},"ast-content-background-meta":{"desktop":{"background-color":"var(--ast-global-color-5)","background-image":"","background-repeat":"repeat","background-position":"center center","background-size":"auto","background-attachment":"scroll","background-type":"","background-media":"","overlay-type":"","overlay-color":"","overlay-opacity":"","overlay-gradient":""},"tablet":{"background-color":"var(--ast-global-color-5)","background-image":"","background-repeat":"repeat","background-position":"center center","background-size":"auto","background-attachment":"scroll","background-type":"","background-media":"","overlay-type":"","overlay-color":"","overlay-opacity":"","overlay-gradient":""},"mobile":{"background-color":"var(--ast-global-color-5)","background-image":"","background-repeat":"repeat","background-position":"center center","background-size":"auto","background-attachment":"scroll","background-type":"","background-media":"","overlay-type":"","overlay-color":"","overlay-opacity":"","overlay-gradient":""}}},"product_brand":[],"product_cat":[137,84],"product_tag":[],"class_list":{"0":"post-2186","1":"product","2":"type-product","3":"status-publish","4":"has-post-thumbnail","6":"product_cat-gravitaciniai-ritineliai","7":"product_cat-konvejeriu-ritineliai","8":"desktop-align-left","9":"tablet-align-left","10":"mobile-align-left","12":"first","13":"instock","14":"featured","15":"shipping-taxable","16":"product-type-simple"},"yoast_head":"<!-- This site is optimized with the Yoast SEO plugin v27.3 - https:\/\/yoast.com\/product\/yoast-seo-wordpress\/ -->\n<title>Ritin\u0117lis 40 mm cinkuotas vamzdis montavimo ilgis 444 mm - ENVITEKA<\/title>\n<meta name=\"description\" content=\"Ritin\u0117lis su 40 mm cinkuoto plieno vamzd\u017eiu ir 12 mm veleno skersmeniu. Vidiniai sriegiai M8\u00d720 mm abiejuose veleno galuose.\" \/>\n<meta name=\"robots\" content=\"index, follow, max-snippet:-1, max-image-preview:large, max-video-preview:-1\" \/>\n<link rel=\"canonical\" href=\"https:\/\/enviteka.lt\/en\/product\/ritinelis-40-mm-cinkuotas-vamzdis-montavimo-ilgis-444-mm\/\" \/>\n<meta property=\"og:locale\" content=\"en_US\" \/>\n<meta property=\"og:type\" content=\"article\" \/>\n<meta property=\"og:title\" content=\"Ritin\u0117lis 40 mm cinkuotas vamzdis montavimo ilgis 444 mm - ENVITEKA\" \/>\n<meta property=\"og:description\" content=\"Ritin\u0117lis su 40 mm cinkuoto plieno vamzd\u017eiu ir 12 mm veleno skersmeniu. Vidiniai sriegiai M8\u00d720 mm abiejuose veleno galuose.\" \/>\n<meta property=\"og:url\" content=\"https:\/\/enviteka.lt\/en\/product\/ritinelis-40-mm-cinkuotas-vamzdis-montavimo-ilgis-444-mm\/\" \/>\n<meta property=\"og:site_name\" content=\"ENVITEKA\" \/>\n<meta property=\"article:modified_time\" content=\"2025-07-24T12:10:53+00:00\" \/>\n<meta property=\"og:image\" content=\"https:\/\/enviteka.lt\/wp-content\/uploads\/2025\/07\/ritinelis_89.jpg\" \/>\n\t<meta property=\"og:image:width\" content=\"530\" \/>\n\t<meta property=\"og:image:height\" content=\"478\" \/>\n\t<meta property=\"og:image:type\" content=\"image\/jpeg\" \/>\n<meta name=\"twitter:card\" content=\"summary_large_image\" \/>\n<meta name=\"twitter:label1\" content=\"Est. reading time\" \/>\n\t<meta name=\"twitter:data1\" content=\"1 minute\" \/>\n<script type=\"application\/ld+json\" class=\"yoast-schema-graph\">{\"@context\":\"https:\\\/\\\/schema.org\",\"@graph\":[{\"@type\":\"WebPage\",\"@id\":\"https:\\\/\\\/enviteka.lt\\\/produktas\\\/ritinelis-40-mm-cinkuotas-vamzdis-montavimo-ilgis-444-mm\\\/\",\"url\":\"https:\\\/\\\/enviteka.lt\\\/produktas\\\/ritinelis-40-mm-cinkuotas-vamzdis-montavimo-ilgis-444-mm\\\/\",\"name\":\"Ritin\u0117lis 40 mm cinkuotas vamzdis montavimo ilgis 444 mm - ENVITEKA\",\"isPartOf\":{\"@id\":\"https:\\\/\\\/enviteka.lt\\\/#website\"},\"primaryImageOfPage\":{\"@id\":\"https:\\\/\\\/enviteka.lt\\\/produktas\\\/ritinelis-40-mm-cinkuotas-vamzdis-montavimo-ilgis-444-mm\\\/#primaryimage\"},\"image\":{\"@id\":\"https:\\\/\\\/enviteka.lt\\\/produktas\\\/ritinelis-40-mm-cinkuotas-vamzdis-montavimo-ilgis-444-mm\\\/#primaryimage\"},\"thumbnailUrl\":\"https:\\\/\\\/enviteka.lt\\\/wp-content\\\/uploads\\\/2025\\\/07\\\/ritinelis_89.jpg\",\"datePublished\":\"2025-07-24T12:07:46+00:00\",\"dateModified\":\"2025-07-24T12:10:53+00:00\",\"description\":\"Ritin\u0117lis su 40 mm cinkuoto plieno vamzd\u017eiu ir 12 mm veleno skersmeniu. Vidiniai sriegiai M8\u00d720 mm abiejuose veleno galuose.\",\"breadcrumb\":{\"@id\":\"https:\\\/\\\/enviteka.lt\\\/produktas\\\/ritinelis-40-mm-cinkuotas-vamzdis-montavimo-ilgis-444-mm\\\/#breadcrumb\"},\"inLanguage\":\"en-US\",\"potentialAction\":[{\"@type\":\"ReadAction\",\"target\":[\"https:\\\/\\\/enviteka.lt\\\/produktas\\\/ritinelis-40-mm-cinkuotas-vamzdis-montavimo-ilgis-444-mm\\\/\"]}]},{\"@type\":\"ImageObject\",\"inLanguage\":\"en-US\",\"@id\":\"https:\\\/\\\/enviteka.lt\\\/produktas\\\/ritinelis-40-mm-cinkuotas-vamzdis-montavimo-ilgis-444-mm\\\/#primaryimage\",\"url\":\"https:\\\/\\\/enviteka.lt\\\/wp-content\\\/uploads\\\/2025\\\/07\\\/ritinelis_89.jpg\",\"contentUrl\":\"https:\\\/\\\/enviteka.lt\\\/wp-content\\\/uploads\\\/2025\\\/07\\\/ritinelis_89.jpg\",\"width\":530,\"height\":478},{\"@type\":\"BreadcrumbList\",\"@id\":\"https:\\\/\\\/enviteka.lt\\\/produktas\\\/ritinelis-40-mm-cinkuotas-vamzdis-montavimo-ilgis-444-mm\\\/#breadcrumb\",\"itemListElement\":[{\"@type\":\"ListItem\",\"position\":1,\"name\":\"Home\",\"item\":\"https:\\\/\\\/enviteka.lt\\\/\"},{\"@type\":\"ListItem\",\"position\":2,\"name\":\"Produktai\",\"item\":\"https:\\\/\\\/enviteka.lt\\\/produktai\\\/\"},{\"@type\":\"ListItem\",\"position\":3,\"name\":\"Ritin\u0117lis 40 mm cinkuotas vamzdis montavimo ilgis 444 mm\"}]},{\"@type\":\"WebSite\",\"@id\":\"https:\\\/\\\/enviteka.lt\\\/#website\",\"url\":\"https:\\\/\\\/enviteka.lt\\\/\",\"name\":\"ENVITEKA\",\"description\":\"pramonin\u0117s \u012frangos tiek\u0117jas\",\"publisher\":{\"@id\":\"https:\\\/\\\/enviteka.lt\\\/#organization\"},\"potentialAction\":[{\"@type\":\"SearchAction\",\"target\":{\"@type\":\"EntryPoint\",\"urlTemplate\":\"https:\\\/\\\/enviteka.lt\\\/?s={search_term_string}\"},\"query-input\":{\"@type\":\"PropertyValueSpecification\",\"valueRequired\":true,\"valueName\":\"search_term_string\"}}],\"inLanguage\":\"en-US\"},{\"@type\":\"Organization\",\"@id\":\"https:\\\/\\\/enviteka.lt\\\/#organization\",\"name\":\"ENVITEKA\",\"url\":\"https:\\\/\\\/enviteka.lt\\\/\",\"logo\":{\"@type\":\"ImageObject\",\"inLanguage\":\"en-US\",\"@id\":\"https:\\\/\\\/enviteka.lt\\\/#\\\/schema\\\/logo\\\/image\\\/\",\"url\":\"https:\\\/\\\/enviteka.lt\\\/wp-content\\\/uploads\\\/2024\\\/10\\\/enviteka-high-resolution-logo-transparent-e1742852093377.png\",\"contentUrl\":\"https:\\\/\\\/enviteka.lt\\\/wp-content\\\/uploads\\\/2024\\\/10\\\/enviteka-high-resolution-logo-transparent-e1742852093377.png\",\"width\":424,\"height\":150,\"caption\":\"ENVITEKA\"},\"image\":{\"@id\":\"https:\\\/\\\/enviteka.lt\\\/#\\\/schema\\\/logo\\\/image\\\/\"}}]}<\/script>\n<!-- \/ Yoast SEO plugin. -->","yoast_head_json":{"title":"Ritin\u0117lis 40 mm cinkuotas vamzdis montavimo ilgis 444 mm - ENVITEKA","description":"Ritin\u0117lis su 40 mm cinkuoto plieno vamzd\u017eiu ir 12 mm veleno skersmeniu. Vidiniai sriegiai M8\u00d720 mm abiejuose veleno galuose.","robots":{"index":"index","follow":"follow","max-snippet":"max-snippet:-1","max-image-preview":"max-image-preview:large","max-video-preview":"max-video-preview:-1"},"canonical":"https:\/\/enviteka.lt\/en\/product\/ritinelis-40-mm-cinkuotas-vamzdis-montavimo-ilgis-444-mm\/","og_locale":"en_US","og_type":"article","og_title":"Ritin\u0117lis 40 mm cinkuotas vamzdis montavimo ilgis 444 mm - ENVITEKA","og_description":"Ritin\u0117lis su 40 mm cinkuoto plieno vamzd\u017eiu ir 12 mm veleno skersmeniu. Vidiniai sriegiai M8\u00d720 mm abiejuose veleno galuose.","og_url":"https:\/\/enviteka.lt\/en\/product\/ritinelis-40-mm-cinkuotas-vamzdis-montavimo-ilgis-444-mm\/","og_site_name":"ENVITEKA","article_modified_time":"2025-07-24T12:10:53+00:00","og_image":[{"width":530,"height":478,"url":"https:\/\/enviteka.lt\/wp-content\/uploads\/2025\/07\/ritinelis_89.jpg","type":"image\/jpeg"}],"twitter_card":"summary_large_image","twitter_misc":{"Est. reading time":"1 minute"},"schema":{"@context":"https:\/\/schema.org","@graph":[{"@type":"WebPage","@id":"https:\/\/enviteka.lt\/produktas\/ritinelis-40-mm-cinkuotas-vamzdis-montavimo-ilgis-444-mm\/","url":"https:\/\/enviteka.lt\/produktas\/ritinelis-40-mm-cinkuotas-vamzdis-montavimo-ilgis-444-mm\/","name":"Ritin\u0117lis 40 mm cinkuotas vamzdis montavimo ilgis 444 mm - ENVITEKA","isPartOf":{"@id":"https:\/\/enviteka.lt\/#website"},"primaryImageOfPage":{"@id":"https:\/\/enviteka.lt\/produktas\/ritinelis-40-mm-cinkuotas-vamzdis-montavimo-ilgis-444-mm\/#primaryimage"},"image":{"@id":"https:\/\/enviteka.lt\/produktas\/ritinelis-40-mm-cinkuotas-vamzdis-montavimo-ilgis-444-mm\/#primaryimage"},"thumbnailUrl":"https:\/\/enviteka.lt\/wp-content\/uploads\/2025\/07\/ritinelis_89.jpg","datePublished":"2025-07-24T12:07:46+00:00","dateModified":"2025-07-24T12:10:53+00:00","description":"Ritin\u0117lis su 40 mm cinkuoto plieno vamzd\u017eiu ir 12 mm veleno skersmeniu. Vidiniai sriegiai M8\u00d720 mm abiejuose veleno galuose.","breadcrumb":{"@id":"https:\/\/enviteka.lt\/produktas\/ritinelis-40-mm-cinkuotas-vamzdis-montavimo-ilgis-444-mm\/#breadcrumb"},"inLanguage":"en-US","potentialAction":[{"@type":"ReadAction","target":["https:\/\/enviteka.lt\/produktas\/ritinelis-40-mm-cinkuotas-vamzdis-montavimo-ilgis-444-mm\/"]}]},{"@type":"ImageObject","inLanguage":"en-US","@id":"https:\/\/enviteka.lt\/produktas\/ritinelis-40-mm-cinkuotas-vamzdis-montavimo-ilgis-444-mm\/#primaryimage","url":"https:\/\/enviteka.lt\/wp-content\/uploads\/2025\/07\/ritinelis_89.jpg","contentUrl":"https:\/\/enviteka.lt\/wp-content\/uploads\/2025\/07\/ritinelis_89.jpg","width":530,"height":478},{"@type":"BreadcrumbList","@id":"https:\/\/enviteka.lt\/produktas\/ritinelis-40-mm-cinkuotas-vamzdis-montavimo-ilgis-444-mm\/#breadcrumb","itemListElement":[{"@type":"ListItem","position":1,"name":"Home","item":"https:\/\/enviteka.lt\/"},{"@type":"ListItem","position":2,"name":"Produktai","item":"https:\/\/enviteka.lt\/produktai\/"},{"@type":"ListItem","position":3,"name":"Ritin\u0117lis 40 mm cinkuotas vamzdis montavimo ilgis 444 mm"}]},{"@type":"WebSite","@id":"https:\/\/enviteka.lt\/#website","url":"https:\/\/enviteka.lt\/","name":"ENVITEKA","description":"pramonin\u0117s \u012frangos tiek\u0117jas","publisher":{"@id":"https:\/\/enviteka.lt\/#organization"},"potentialAction":[{"@type":"SearchAction","target":{"@type":"EntryPoint","urlTemplate":"https:\/\/enviteka.lt\/?s={search_term_string}"},"query-input":{"@type":"PropertyValueSpecification","valueRequired":true,"valueName":"search_term_string"}}],"inLanguage":"en-US"},{"@type":"Organization","@id":"https:\/\/enviteka.lt\/#organization","name":"ENVITEKA","url":"https:\/\/enviteka.lt\/","logo":{"@type":"ImageObject","inLanguage":"en-US","@id":"https:\/\/enviteka.lt\/#\/schema\/logo\/image\/","url":"https:\/\/enviteka.lt\/wp-content\/uploads\/2024\/10\/enviteka-high-resolution-logo-transparent-e1742852093377.png","contentUrl":"https:\/\/enviteka.lt\/wp-content\/uploads\/2024\/10\/enviteka-high-resolution-logo-transparent-e1742852093377.png","width":424,"height":150,"caption":"ENVITEKA"},"image":{"@id":"https:\/\/enviteka.lt\/#\/schema\/logo\/image\/"}}]}},"_links":{"self":[{"href":"https:\/\/enviteka.lt\/en\/wp-json\/wp\/v2\/product\/2186","targetHints":{"allow":["GET"]}}],"collection":[{"href":"https:\/\/enviteka.lt\/en\/wp-json\/wp\/v2\/product"}],"about":[{"href":"https:\/\/enviteka.lt\/en\/wp-json\/wp\/v2\/types\/product"}],"wp:featuredmedia":[{"embeddable":true,"href":"https:\/\/enviteka.lt\/en\/wp-json\/wp\/v2\/media\/2187"}],"wp:attachment":[{"href":"https:\/\/enviteka.lt\/en\/wp-json\/wp\/v2\/media?parent=2186"}],"wp:term":[{"taxonomy":"product_brand","embeddable":true,"href":"https:\/\/enviteka.lt\/en\/wp-json\/wp\/v2\/product_brand?post=2186"},{"taxonomy":"product_cat","embeddable":true,"href":"https:\/\/enviteka.lt\/en\/wp-json\/wp\/v2\/product_cat?post=2186"},{"taxonomy":"product_tag","embeddable":true,"href":"https:\/\/enviteka.lt\/en\/wp-json\/wp\/v2\/product_tag?post=2186"}],"curies":[{"name":"wp","href":"https:\/\/api.w.org\/{rel}","templated":true}]}}