{"id":2181,"date":"2025-07-24T11:55:36","date_gmt":"2025-07-24T11:55:36","guid":{"rendered":"https:\/\/enviteka.lt\/?post_type=product&#038;p=2181"},"modified":"2025-07-24T12:00:28","modified_gmt":"2025-07-24T12:00:28","slug":"ritinelis-40-mm-nerudijantis-vamzdis-montavimo-ilgis-545-mm","status":"publish","type":"product","link":"https:\/\/enviteka.lt\/en\/product\/ritinelis-40-mm-nerudijantis-vamzdis-montavimo-ilgis-545-mm\/","title":{"rendered":"Ritin\u0117lis 40 mm ner\u016bdijantis vamzdis, montavimo ilgis 545 mm"},"content":{"rendered":"<p><strong>Apra\u0161ymas<\/strong> \u2013 tai auk\u0161tos kokyb\u0117s ritin\u0117lis, skirtas vidutinio sunkumo gamini\u0173 transportavimui ir pritaikytas naudoti korozijai jautriose aplinkose. Vamzdis pagamintas i\u0161 ner\u016bdijan\u010dio plieno (1.4301), kurio skersmuo 40 mm, montavimo ilgis \u2013 545 mm. Velenas \u2013 12 mm skersmens, pagamintas i\u0161 ner\u016bdijan\u010dio plieno (1.4301), su vidiniu sriegiu M8\u00d716 mm abiejuose veleno galuose. Ritin\u0117lis turi POM korpuso guolius su 6002 ner\u016bdijan\u010dio plieno guoliais, u\u017etikrinan\u010dius ilgaam\u017ei\u0161kum\u0105 ir patikim\u0105 veikim\u0105. Maksimali apkrova \u2013 1200 N (~110 kg).<\/p>\n<ul>\n<li data-start=\"642\" data-end=\"1100\"><strong data-start=\"644\" data-end=\"663\">Montavimo ilgis<\/strong> (B): 545 mm<br data-start=\"675\" data-end=\"678\" \/>\u2022 <strong data-start=\"680\" data-end=\"701\">Vamzd\u017eio skersmuo<\/strong> (D): 40 \u00d7 1,5 mm<br data-start=\"718\" data-end=\"721\" \/>\u2022 <strong data-start=\"723\" data-end=\"741\">Vamzd\u017eio ilgis<\/strong> (B1): 538 mm<br data-start=\"754\" data-end=\"757\" \/>\u2022 <strong data-start=\"759\" data-end=\"780\">Vamzd\u017eio med\u017eiaga<\/strong>: ner\u016bdijantis plienas 1.4301<br data-start=\"809\" data-end=\"812\" \/>\u2022 <strong data-start=\"814\" data-end=\"833\">Veleno skersmuo<\/strong> (d): 12 mm<br data-start=\"844\" data-end=\"847\" \/>\u2022 <strong data-start=\"849\" data-end=\"865\">Veleno ilgis<\/strong> (B0): 544 mm<br data-start=\"878\" data-end=\"881\" \/>\u2022 <strong data-start=\"883\" data-end=\"902\">Veleno med\u017eiaga<\/strong>: ner\u016bdijantis plienas 1.4301<br data-start=\"931\" data-end=\"934\" \/>\u2022 <strong data-start=\"936\" data-end=\"952\">Veleno galai<\/strong>: vidinis sriegis M8 \u00d7 16 mm (abu galai)<br data-start=\"992\" data-end=\"995\" \/>\u2022 <strong data-start=\"997\" data-end=\"1008\">Guoliai<\/strong>: POM korpusas, 6002 ner\u016bdijan\u010dio plieno guoliai<br data-start=\"1056\" data-end=\"1059\" \/>\u2022 <strong data-start=\"1061\" data-end=\"1082\">Maksimali apkrova<\/strong>: 1200 N (~110 kg)<\/li>\n<\/ul>\n<p><strong>Susisiekite su mumis<\/strong> \u2013 jeigu turite klausym\u0173, norite \u012fsigyti.<\/p>\n<p><strong>Turime sand\u0117lyje. Pristatymas 2-3 d.d.<\/strong><\/p>","protected":false},"excerpt":{"rendered":"<p>Apra\u0161ymas \u2013 tai auk\u0161tos kokyb\u0117s ritin\u0117lis, skirtas vidutinio sunkumo gamini\u0173 transportavimui ir pritaikytas naudoti korozijai jautriose aplinkose. Vamzdis pagamintas i\u0161 [&hellip;]<\/p>","protected":false},"featured_media":2178,"template":"","meta":{"site-sidebar-layout":"default","site-content-layout":"","ast-site-content-layout":"default","site-content-style":"default","site-sidebar-style":"default","ast-global-header-display":"","ast-banner-title-visibility":"","ast-main-header-display":"","ast-hfb-above-header-display":"","ast-hfb-below-header-display":"","ast-hfb-mobile-header-display":"","site-post-title":"","ast-breadcrumbs-content":"","ast-featured-img":"","footer-sml-layout":"","ast-disable-related-posts":"","theme-transparent-header-meta":"default","adv-header-id-meta":"","stick-header-meta":"","header-above-stick-meta":"","header-main-stick-meta":"","header-below-stick-meta":"","astra-migrate-meta-layouts":"set","ast-page-background-enabled":"default","ast-page-background-meta":{"desktop":{"background-color":"var(--ast-global-color-4)","background-image":"","background-repeat":"repeat","background-position":"center center","background-size":"auto","background-attachment":"scroll","background-type":"","background-media":"","overlay-type":"","overlay-color":"","overlay-opacity":"","overlay-gradient":""},"tablet":{"background-color":"","background-image":"","background-repeat":"repeat","background-position":"center center","background-size":"auto","background-attachment":"scroll","background-type":"","background-media":"","overlay-type":"","overlay-color":"","overlay-opacity":"","overlay-gradient":""},"mobile":{"background-color":"","background-image":"","background-repeat":"repeat","background-position":"center center","background-size":"auto","background-attachment":"scroll","background-type":"","background-media":"","overlay-type":"","overlay-color":"","overlay-opacity":"","overlay-gradient":""}},"ast-content-background-meta":{"desktop":{"background-color":"var(--ast-global-color-5)","background-image":"","background-repeat":"repeat","background-position":"center center","background-size":"auto","background-attachment":"scroll","background-type":"","background-media":"","overlay-type":"","overlay-color":"","overlay-opacity":"","overlay-gradient":""},"tablet":{"background-color":"var(--ast-global-color-5)","background-image":"","background-repeat":"repeat","background-position":"center center","background-size":"auto","background-attachment":"scroll","background-type":"","background-media":"","overlay-type":"","overlay-color":"","overlay-opacity":"","overlay-gradient":""},"mobile":{"background-color":"var(--ast-global-color-5)","background-image":"","background-repeat":"repeat","background-position":"center center","background-size":"auto","background-attachment":"scroll","background-type":"","background-media":"","overlay-type":"","overlay-color":"","overlay-opacity":"","overlay-gradient":""}}},"product_brand":[],"product_cat":[137,84],"product_tag":[],"class_list":{"0":"post-2181","1":"product","2":"type-product","3":"status-publish","4":"has-post-thumbnail","6":"product_cat-gravitaciniai-ritineliai","7":"product_cat-konvejeriu-ritineliai","8":"desktop-align-left","9":"tablet-align-left","10":"mobile-align-left","12":"first","13":"instock","14":"featured","15":"shipping-taxable","16":"product-type-simple"},"yoast_head":"<!-- This site is optimized with the Yoast SEO plugin v27.3 - https:\/\/yoast.com\/product\/yoast-seo-wordpress\/ -->\n<title>Ritin\u0117lis 40 mm ner\u016bdijantis vamzdis, montavimo ilgis 545 mm - ENVITEKA<\/title>\n<meta name=\"description\" content=\"Ritin\u0117lis su 40 mm ner\u016bdijan\u010dio plieno vamzd\u017eiu ir 12 mm veleno skersmeniu. Abu veleno galai su vidiniu sriegiu M8\u00d716 mm.\" \/>\n<meta name=\"robots\" content=\"index, follow, max-snippet:-1, max-image-preview:large, max-video-preview:-1\" \/>\n<link rel=\"canonical\" href=\"https:\/\/enviteka.lt\/en\/product\/ritinelis-40-mm-nerudijantis-vamzdis-montavimo-ilgis-545-mm\/\" \/>\n<meta property=\"og:locale\" content=\"en_US\" \/>\n<meta property=\"og:type\" content=\"article\" \/>\n<meta property=\"og:title\" content=\"Ritin\u0117lis 40 mm ner\u016bdijantis vamzdis, montavimo ilgis 545 mm - ENVITEKA\" \/>\n<meta property=\"og:description\" content=\"Ritin\u0117lis su 40 mm ner\u016bdijan\u010dio plieno vamzd\u017eiu ir 12 mm veleno skersmeniu. Abu veleno galai su vidiniu sriegiu M8\u00d716 mm.\" \/>\n<meta property=\"og:url\" content=\"https:\/\/enviteka.lt\/en\/product\/ritinelis-40-mm-nerudijantis-vamzdis-montavimo-ilgis-545-mm\/\" \/>\n<meta property=\"og:site_name\" content=\"ENVITEKA\" \/>\n<meta property=\"article:modified_time\" content=\"2025-07-24T12:00:28+00:00\" \/>\n<meta property=\"og:image\" content=\"https:\/\/enviteka.lt\/wp-content\/uploads\/2025\/07\/ritinelis_enviteka_423.jpg\" \/>\n\t<meta property=\"og:image:width\" content=\"532\" \/>\n\t<meta property=\"og:image:height\" content=\"479\" \/>\n\t<meta property=\"og:image:type\" content=\"image\/jpeg\" \/>\n<meta name=\"twitter:card\" content=\"summary_large_image\" \/>\n<meta name=\"twitter:label1\" content=\"Est. reading time\" \/>\n\t<meta name=\"twitter:data1\" content=\"2 minutes\" \/>\n<script type=\"application\/ld+json\" class=\"yoast-schema-graph\">{\"@context\":\"https:\\\/\\\/schema.org\",\"@graph\":[{\"@type\":\"WebPage\",\"@id\":\"https:\\\/\\\/enviteka.lt\\\/produktas\\\/ritinelis-40-mm-nerudijantis-vamzdis-montavimo-ilgis-545-mm\\\/\",\"url\":\"https:\\\/\\\/enviteka.lt\\\/produktas\\\/ritinelis-40-mm-nerudijantis-vamzdis-montavimo-ilgis-545-mm\\\/\",\"name\":\"Ritin\u0117lis 40 mm ner\u016bdijantis vamzdis, montavimo ilgis 545 mm - ENVITEKA\",\"isPartOf\":{\"@id\":\"https:\\\/\\\/enviteka.lt\\\/#website\"},\"primaryImageOfPage\":{\"@id\":\"https:\\\/\\\/enviteka.lt\\\/produktas\\\/ritinelis-40-mm-nerudijantis-vamzdis-montavimo-ilgis-545-mm\\\/#primaryimage\"},\"image\":{\"@id\":\"https:\\\/\\\/enviteka.lt\\\/produktas\\\/ritinelis-40-mm-nerudijantis-vamzdis-montavimo-ilgis-545-mm\\\/#primaryimage\"},\"thumbnailUrl\":\"https:\\\/\\\/enviteka.lt\\\/wp-content\\\/uploads\\\/2025\\\/07\\\/ritinelis_enviteka_423.jpg\",\"datePublished\":\"2025-07-24T11:55:36+00:00\",\"dateModified\":\"2025-07-24T12:00:28+00:00\",\"description\":\"Ritin\u0117lis su 40 mm ner\u016bdijan\u010dio plieno vamzd\u017eiu ir 12 mm veleno skersmeniu. Abu veleno galai su vidiniu sriegiu M8\u00d716 mm.\",\"breadcrumb\":{\"@id\":\"https:\\\/\\\/enviteka.lt\\\/produktas\\\/ritinelis-40-mm-nerudijantis-vamzdis-montavimo-ilgis-545-mm\\\/#breadcrumb\"},\"inLanguage\":\"en-US\",\"potentialAction\":[{\"@type\":\"ReadAction\",\"target\":[\"https:\\\/\\\/enviteka.lt\\\/produktas\\\/ritinelis-40-mm-nerudijantis-vamzdis-montavimo-ilgis-545-mm\\\/\"]}]},{\"@type\":\"ImageObject\",\"inLanguage\":\"en-US\",\"@id\":\"https:\\\/\\\/enviteka.lt\\\/produktas\\\/ritinelis-40-mm-nerudijantis-vamzdis-montavimo-ilgis-545-mm\\\/#primaryimage\",\"url\":\"https:\\\/\\\/enviteka.lt\\\/wp-content\\\/uploads\\\/2025\\\/07\\\/ritinelis_enviteka_423.jpg\",\"contentUrl\":\"https:\\\/\\\/enviteka.lt\\\/wp-content\\\/uploads\\\/2025\\\/07\\\/ritinelis_enviteka_423.jpg\",\"width\":532,\"height\":479},{\"@type\":\"BreadcrumbList\",\"@id\":\"https:\\\/\\\/enviteka.lt\\\/produktas\\\/ritinelis-40-mm-nerudijantis-vamzdis-montavimo-ilgis-545-mm\\\/#breadcrumb\",\"itemListElement\":[{\"@type\":\"ListItem\",\"position\":1,\"name\":\"Home\",\"item\":\"https:\\\/\\\/enviteka.lt\\\/\"},{\"@type\":\"ListItem\",\"position\":2,\"name\":\"Produktai\",\"item\":\"https:\\\/\\\/enviteka.lt\\\/produktai\\\/\"},{\"@type\":\"ListItem\",\"position\":3,\"name\":\"Ritin\u0117lis 40 mm ner\u016bdijantis vamzdis, montavimo ilgis 545 mm\"}]},{\"@type\":\"WebSite\",\"@id\":\"https:\\\/\\\/enviteka.lt\\\/#website\",\"url\":\"https:\\\/\\\/enviteka.lt\\\/\",\"name\":\"ENVITEKA\",\"description\":\"pramonin\u0117s \u012frangos tiek\u0117jas\",\"publisher\":{\"@id\":\"https:\\\/\\\/enviteka.lt\\\/#organization\"},\"potentialAction\":[{\"@type\":\"SearchAction\",\"target\":{\"@type\":\"EntryPoint\",\"urlTemplate\":\"https:\\\/\\\/enviteka.lt\\\/?s={search_term_string}\"},\"query-input\":{\"@type\":\"PropertyValueSpecification\",\"valueRequired\":true,\"valueName\":\"search_term_string\"}}],\"inLanguage\":\"en-US\"},{\"@type\":\"Organization\",\"@id\":\"https:\\\/\\\/enviteka.lt\\\/#organization\",\"name\":\"ENVITEKA\",\"url\":\"https:\\\/\\\/enviteka.lt\\\/\",\"logo\":{\"@type\":\"ImageObject\",\"inLanguage\":\"en-US\",\"@id\":\"https:\\\/\\\/enviteka.lt\\\/#\\\/schema\\\/logo\\\/image\\\/\",\"url\":\"https:\\\/\\\/enviteka.lt\\\/wp-content\\\/uploads\\\/2024\\\/10\\\/enviteka-high-resolution-logo-transparent-e1742852093377.png\",\"contentUrl\":\"https:\\\/\\\/enviteka.lt\\\/wp-content\\\/uploads\\\/2024\\\/10\\\/enviteka-high-resolution-logo-transparent-e1742852093377.png\",\"width\":424,\"height\":150,\"caption\":\"ENVITEKA\"},\"image\":{\"@id\":\"https:\\\/\\\/enviteka.lt\\\/#\\\/schema\\\/logo\\\/image\\\/\"}}]}<\/script>\n<!-- \/ Yoast SEO plugin. -->","yoast_head_json":{"title":"Ritin\u0117lis 40 mm ner\u016bdijantis vamzdis, montavimo ilgis 545 mm - ENVITEKA","description":"Ritin\u0117lis su 40 mm ner\u016bdijan\u010dio plieno vamzd\u017eiu ir 12 mm veleno skersmeniu. Abu veleno galai su vidiniu sriegiu M8\u00d716 mm.","robots":{"index":"index","follow":"follow","max-snippet":"max-snippet:-1","max-image-preview":"max-image-preview:large","max-video-preview":"max-video-preview:-1"},"canonical":"https:\/\/enviteka.lt\/en\/product\/ritinelis-40-mm-nerudijantis-vamzdis-montavimo-ilgis-545-mm\/","og_locale":"en_US","og_type":"article","og_title":"Ritin\u0117lis 40 mm ner\u016bdijantis vamzdis, montavimo ilgis 545 mm - ENVITEKA","og_description":"Ritin\u0117lis su 40 mm ner\u016bdijan\u010dio plieno vamzd\u017eiu ir 12 mm veleno skersmeniu. Abu veleno galai su vidiniu sriegiu M8\u00d716 mm.","og_url":"https:\/\/enviteka.lt\/en\/product\/ritinelis-40-mm-nerudijantis-vamzdis-montavimo-ilgis-545-mm\/","og_site_name":"ENVITEKA","article_modified_time":"2025-07-24T12:00:28+00:00","og_image":[{"width":532,"height":479,"url":"https:\/\/enviteka.lt\/wp-content\/uploads\/2025\/07\/ritinelis_enviteka_423.jpg","type":"image\/jpeg"}],"twitter_card":"summary_large_image","twitter_misc":{"Est. reading time":"2 minutes"},"schema":{"@context":"https:\/\/schema.org","@graph":[{"@type":"WebPage","@id":"https:\/\/enviteka.lt\/produktas\/ritinelis-40-mm-nerudijantis-vamzdis-montavimo-ilgis-545-mm\/","url":"https:\/\/enviteka.lt\/produktas\/ritinelis-40-mm-nerudijantis-vamzdis-montavimo-ilgis-545-mm\/","name":"Ritin\u0117lis 40 mm ner\u016bdijantis vamzdis, montavimo ilgis 545 mm - ENVITEKA","isPartOf":{"@id":"https:\/\/enviteka.lt\/#website"},"primaryImageOfPage":{"@id":"https:\/\/enviteka.lt\/produktas\/ritinelis-40-mm-nerudijantis-vamzdis-montavimo-ilgis-545-mm\/#primaryimage"},"image":{"@id":"https:\/\/enviteka.lt\/produktas\/ritinelis-40-mm-nerudijantis-vamzdis-montavimo-ilgis-545-mm\/#primaryimage"},"thumbnailUrl":"https:\/\/enviteka.lt\/wp-content\/uploads\/2025\/07\/ritinelis_enviteka_423.jpg","datePublished":"2025-07-24T11:55:36+00:00","dateModified":"2025-07-24T12:00:28+00:00","description":"Ritin\u0117lis su 40 mm ner\u016bdijan\u010dio plieno vamzd\u017eiu ir 12 mm veleno skersmeniu. Abu veleno galai su vidiniu sriegiu M8\u00d716 mm.","breadcrumb":{"@id":"https:\/\/enviteka.lt\/produktas\/ritinelis-40-mm-nerudijantis-vamzdis-montavimo-ilgis-545-mm\/#breadcrumb"},"inLanguage":"en-US","potentialAction":[{"@type":"ReadAction","target":["https:\/\/enviteka.lt\/produktas\/ritinelis-40-mm-nerudijantis-vamzdis-montavimo-ilgis-545-mm\/"]}]},{"@type":"ImageObject","inLanguage":"en-US","@id":"https:\/\/enviteka.lt\/produktas\/ritinelis-40-mm-nerudijantis-vamzdis-montavimo-ilgis-545-mm\/#primaryimage","url":"https:\/\/enviteka.lt\/wp-content\/uploads\/2025\/07\/ritinelis_enviteka_423.jpg","contentUrl":"https:\/\/enviteka.lt\/wp-content\/uploads\/2025\/07\/ritinelis_enviteka_423.jpg","width":532,"height":479},{"@type":"BreadcrumbList","@id":"https:\/\/enviteka.lt\/produktas\/ritinelis-40-mm-nerudijantis-vamzdis-montavimo-ilgis-545-mm\/#breadcrumb","itemListElement":[{"@type":"ListItem","position":1,"name":"Home","item":"https:\/\/enviteka.lt\/"},{"@type":"ListItem","position":2,"name":"Produktai","item":"https:\/\/enviteka.lt\/produktai\/"},{"@type":"ListItem","position":3,"name":"Ritin\u0117lis 40 mm ner\u016bdijantis vamzdis, montavimo ilgis 545 mm"}]},{"@type":"WebSite","@id":"https:\/\/enviteka.lt\/#website","url":"https:\/\/enviteka.lt\/","name":"ENVITEKA","description":"pramonin\u0117s \u012frangos tiek\u0117jas","publisher":{"@id":"https:\/\/enviteka.lt\/#organization"},"potentialAction":[{"@type":"SearchAction","target":{"@type":"EntryPoint","urlTemplate":"https:\/\/enviteka.lt\/?s={search_term_string}"},"query-input":{"@type":"PropertyValueSpecification","valueRequired":true,"valueName":"search_term_string"}}],"inLanguage":"en-US"},{"@type":"Organization","@id":"https:\/\/enviteka.lt\/#organization","name":"ENVITEKA","url":"https:\/\/enviteka.lt\/","logo":{"@type":"ImageObject","inLanguage":"en-US","@id":"https:\/\/enviteka.lt\/#\/schema\/logo\/image\/","url":"https:\/\/enviteka.lt\/wp-content\/uploads\/2024\/10\/enviteka-high-resolution-logo-transparent-e1742852093377.png","contentUrl":"https:\/\/enviteka.lt\/wp-content\/uploads\/2024\/10\/enviteka-high-resolution-logo-transparent-e1742852093377.png","width":424,"height":150,"caption":"ENVITEKA"},"image":{"@id":"https:\/\/enviteka.lt\/#\/schema\/logo\/image\/"}}]}},"_links":{"self":[{"href":"https:\/\/enviteka.lt\/en\/wp-json\/wp\/v2\/product\/2181","targetHints":{"allow":["GET"]}}],"collection":[{"href":"https:\/\/enviteka.lt\/en\/wp-json\/wp\/v2\/product"}],"about":[{"href":"https:\/\/enviteka.lt\/en\/wp-json\/wp\/v2\/types\/product"}],"wp:featuredmedia":[{"embeddable":true,"href":"https:\/\/enviteka.lt\/en\/wp-json\/wp\/v2\/media\/2178"}],"wp:attachment":[{"href":"https:\/\/enviteka.lt\/en\/wp-json\/wp\/v2\/media?parent=2181"}],"wp:term":[{"taxonomy":"product_brand","embeddable":true,"href":"https:\/\/enviteka.lt\/en\/wp-json\/wp\/v2\/product_brand?post=2181"},{"taxonomy":"product_cat","embeddable":true,"href":"https:\/\/enviteka.lt\/en\/wp-json\/wp\/v2\/product_cat?post=2181"},{"taxonomy":"product_tag","embeddable":true,"href":"https:\/\/enviteka.lt\/en\/wp-json\/wp\/v2\/product_tag?post=2181"}],"curies":[{"name":"wp","href":"https:\/\/api.w.org\/{rel}","templated":true}]}}