{"id":2124,"date":"2025-07-21T20:21:34","date_gmt":"2025-07-21T20:21:34","guid":{"rendered":"https:\/\/enviteka.lt\/?post_type=product&#038;p=2124"},"modified":"2025-07-21T20:26:07","modified_gmt":"2025-07-21T20:26:07","slug":"ritinelis-400-mm-montavimo-ilgis-2000-n","status":"publish","type":"product","link":"https:\/\/enviteka.lt\/en\/product\/ritinelis-400-mm-montavimo-ilgis-2000-n\/","title":{"rendered":"Ritin\u0117lis 400 mm montavimo ilgis, 2000 N"},"content":{"rendered":"<p><strong>Apra\u0161ymas<\/strong> \u2013 tvirtas ir patikimas ritin\u0117lis, skirtas pramoniniam naudojimui ir sunkesni\u0173 gamini\u0173 transportavimui. Vamzdis pagamintas i\u0161 cinkuoto plieno, kurio skersmuo 50 mm, montavimo ilgis \u2013 400 mm. Velenas \u2013 15 mm skersmens, su vidiniu M10\u00d720 mm sriegiu, taip pat pagamintas i\u0161 plieno. Ritin\u0117lis turi plieno guoli\u0173 korpus\u0105 su plieno rutuliniais guoliais, u\u017etikrinan\u010dius didel\u012f atsparum\u0105 apkrovoms ir ilgaam\u017ei\u0161kum\u0105.<\/p>\n<ul>\n<li><strong>Montavimo ilgis<\/strong> (B): 400 mm<\/li>\n<li><strong>Vamzd\u017eio skersmuo<\/strong> (D): 50 mm \u00d7 1,5 mm<\/li>\n<li><strong>Vamzd\u017eio ilgis<\/strong> (B1): 393 mm<\/li>\n<li><strong>Vamzd\u017eio med\u017eiaga:<\/strong> cinkuotas plienas<\/li>\n<li><strong>Veleno skersmuo<\/strong> (d): 15 mm<\/li>\n<li><strong>Veleno ilgis<\/strong> (B0): 399 mm<\/li>\n<li><strong>Veleno med\u017eiaga:<\/strong> plienas<\/li>\n<li><strong>Veleno galai:<\/strong> vidinis M10\u00d720 mm sriegis<\/li>\n<li><strong>Guoliai:<\/strong> plieno korpusas, plieno rutuliniai guoliai<\/li>\n<li><strong>Maksimali apkrova:<\/strong> 2000 N (~190 kg)<\/li>\n<\/ul>\n<p><strong>Susisiekite su mumis<\/strong> \u2013 jeigu turite klausym\u0173, norite \u012fsigyti.<\/p>\n<p><strong>Turime sand\u0117lyje. Pristatymas 2-3 d.d.<\/strong><\/p>","protected":false},"excerpt":{"rendered":"<p>Apra\u0161ymas \u2013 tvirtas ir patikimas ritin\u0117lis, skirtas pramoniniam naudojimui ir sunkesni\u0173 gamini\u0173 transportavimui. Vamzdis pagamintas i\u0161 cinkuoto plieno, kurio skersmuo [&hellip;]<\/p>","protected":false},"featured_media":2125,"template":"","meta":{"site-sidebar-layout":"default","site-content-layout":"","ast-site-content-layout":"default","site-content-style":"default","site-sidebar-style":"default","ast-global-header-display":"","ast-banner-title-visibility":"","ast-main-header-display":"","ast-hfb-above-header-display":"","ast-hfb-below-header-display":"","ast-hfb-mobile-header-display":"","site-post-title":"","ast-breadcrumbs-content":"","ast-featured-img":"","footer-sml-layout":"","ast-disable-related-posts":"","theme-transparent-header-meta":"default","adv-header-id-meta":"","stick-header-meta":"","header-above-stick-meta":"","header-main-stick-meta":"","header-below-stick-meta":"","astra-migrate-meta-layouts":"set","ast-page-background-enabled":"default","ast-page-background-meta":{"desktop":{"background-color":"var(--ast-global-color-4)","background-image":"","background-repeat":"repeat","background-position":"center center","background-size":"auto","background-attachment":"scroll","background-type":"","background-media":"","overlay-type":"","overlay-color":"","overlay-opacity":"","overlay-gradient":""},"tablet":{"background-color":"","background-image":"","background-repeat":"repeat","background-position":"center center","background-size":"auto","background-attachment":"scroll","background-type":"","background-media":"","overlay-type":"","overlay-color":"","overlay-opacity":"","overlay-gradient":""},"mobile":{"background-color":"","background-image":"","background-repeat":"repeat","background-position":"center center","background-size":"auto","background-attachment":"scroll","background-type":"","background-media":"","overlay-type":"","overlay-color":"","overlay-opacity":"","overlay-gradient":""}},"ast-content-background-meta":{"desktop":{"background-color":"var(--ast-global-color-5)","background-image":"","background-repeat":"repeat","background-position":"center center","background-size":"auto","background-attachment":"scroll","background-type":"","background-media":"","overlay-type":"","overlay-color":"","overlay-opacity":"","overlay-gradient":""},"tablet":{"background-color":"var(--ast-global-color-5)","background-image":"","background-repeat":"repeat","background-position":"center center","background-size":"auto","background-attachment":"scroll","background-type":"","background-media":"","overlay-type":"","overlay-color":"","overlay-opacity":"","overlay-gradient":""},"mobile":{"background-color":"var(--ast-global-color-5)","background-image":"","background-repeat":"repeat","background-position":"center center","background-size":"auto","background-attachment":"scroll","background-type":"","background-media":"","overlay-type":"","overlay-color":"","overlay-opacity":"","overlay-gradient":""}}},"product_brand":[],"product_cat":[137,84],"product_tag":[],"class_list":{"0":"post-2124","1":"product","2":"type-product","3":"status-publish","4":"has-post-thumbnail","6":"product_cat-gravitaciniai-ritineliai","7":"product_cat-konvejeriu-ritineliai","8":"desktop-align-left","9":"tablet-align-left","10":"mobile-align-left","12":"first","13":"instock","14":"featured","15":"shipping-taxable","16":"product-type-simple"},"yoast_head":"<!-- This site is optimized with the Yoast SEO plugin v27.3 - https:\/\/yoast.com\/product\/yoast-seo-wordpress\/ -->\n<title>Ritin\u0117lis 400 mm montavimo ilgis, 2000 N - ENVITEKA<\/title>\n<meta name=\"description\" content=\"Ritin\u0117lis su 50 mm cinkuoto plieno vamzd\u017eiu, 400 mm montavimo ilgiu ir 15 mm vidiniu M10\u00d720 mm sriegiu. Maksimali apkrova \u2013 2000 N (~190 kg).\" \/>\n<meta name=\"robots\" content=\"index, follow, max-snippet:-1, max-image-preview:large, max-video-preview:-1\" \/>\n<link rel=\"canonical\" href=\"https:\/\/enviteka.lt\/en\/product\/ritinelis-400-mm-montavimo-ilgis-2000-n\/\" \/>\n<meta property=\"og:locale\" content=\"en_US\" \/>\n<meta property=\"og:type\" content=\"article\" \/>\n<meta property=\"og:title\" content=\"Ritin\u0117lis 400 mm montavimo ilgis, 2000 N - ENVITEKA\" \/>\n<meta property=\"og:description\" content=\"Ritin\u0117lis su 50 mm cinkuoto plieno vamzd\u017eiu, 400 mm montavimo ilgiu ir 15 mm vidiniu M10\u00d720 mm sriegiu. Maksimali apkrova \u2013 2000 N (~190 kg).\" \/>\n<meta property=\"og:url\" content=\"https:\/\/enviteka.lt\/en\/product\/ritinelis-400-mm-montavimo-ilgis-2000-n\/\" \/>\n<meta property=\"og:site_name\" content=\"ENVITEKA\" \/>\n<meta property=\"article:modified_time\" content=\"2025-07-21T20:26:07+00:00\" \/>\n<meta property=\"og:image\" content=\"https:\/\/enviteka.lt\/wp-content\/uploads\/2025\/07\/ritinelis_nviteka_21.jpg\" \/>\n\t<meta property=\"og:image:width\" content=\"517\" \/>\n\t<meta property=\"og:image:height\" content=\"477\" \/>\n\t<meta property=\"og:image:type\" content=\"image\/jpeg\" \/>\n<meta name=\"twitter:card\" content=\"summary_large_image\" \/>\n<meta name=\"twitter:label1\" content=\"Est. reading time\" \/>\n\t<meta name=\"twitter:data1\" content=\"1 minute\" \/>\n<script type=\"application\/ld+json\" class=\"yoast-schema-graph\">{\"@context\":\"https:\\\/\\\/schema.org\",\"@graph\":[{\"@type\":\"WebPage\",\"@id\":\"https:\\\/\\\/enviteka.lt\\\/produktas\\\/ritinelis-400-mm-montavimo-ilgis-2000-n\\\/\",\"url\":\"https:\\\/\\\/enviteka.lt\\\/produktas\\\/ritinelis-400-mm-montavimo-ilgis-2000-n\\\/\",\"name\":\"Ritin\u0117lis 400 mm montavimo ilgis, 2000 N - ENVITEKA\",\"isPartOf\":{\"@id\":\"https:\\\/\\\/enviteka.lt\\\/#website\"},\"primaryImageOfPage\":{\"@id\":\"https:\\\/\\\/enviteka.lt\\\/produktas\\\/ritinelis-400-mm-montavimo-ilgis-2000-n\\\/#primaryimage\"},\"image\":{\"@id\":\"https:\\\/\\\/enviteka.lt\\\/produktas\\\/ritinelis-400-mm-montavimo-ilgis-2000-n\\\/#primaryimage\"},\"thumbnailUrl\":\"https:\\\/\\\/enviteka.lt\\\/wp-content\\\/uploads\\\/2025\\\/07\\\/ritinelis_nviteka_21.jpg\",\"datePublished\":\"2025-07-21T20:21:34+00:00\",\"dateModified\":\"2025-07-21T20:26:07+00:00\",\"description\":\"Ritin\u0117lis su 50 mm cinkuoto plieno vamzd\u017eiu, 400 mm montavimo ilgiu ir 15 mm vidiniu M10\u00d720 mm sriegiu. Maksimali apkrova \u2013 2000 N (~190 kg).\",\"breadcrumb\":{\"@id\":\"https:\\\/\\\/enviteka.lt\\\/produktas\\\/ritinelis-400-mm-montavimo-ilgis-2000-n\\\/#breadcrumb\"},\"inLanguage\":\"en-US\",\"potentialAction\":[{\"@type\":\"ReadAction\",\"target\":[\"https:\\\/\\\/enviteka.lt\\\/produktas\\\/ritinelis-400-mm-montavimo-ilgis-2000-n\\\/\"]}]},{\"@type\":\"ImageObject\",\"inLanguage\":\"en-US\",\"@id\":\"https:\\\/\\\/enviteka.lt\\\/produktas\\\/ritinelis-400-mm-montavimo-ilgis-2000-n\\\/#primaryimage\",\"url\":\"https:\\\/\\\/enviteka.lt\\\/wp-content\\\/uploads\\\/2025\\\/07\\\/ritinelis_nviteka_21.jpg\",\"contentUrl\":\"https:\\\/\\\/enviteka.lt\\\/wp-content\\\/uploads\\\/2025\\\/07\\\/ritinelis_nviteka_21.jpg\",\"width\":517,\"height\":477},{\"@type\":\"BreadcrumbList\",\"@id\":\"https:\\\/\\\/enviteka.lt\\\/produktas\\\/ritinelis-400-mm-montavimo-ilgis-2000-n\\\/#breadcrumb\",\"itemListElement\":[{\"@type\":\"ListItem\",\"position\":1,\"name\":\"Home\",\"item\":\"https:\\\/\\\/enviteka.lt\\\/\"},{\"@type\":\"ListItem\",\"position\":2,\"name\":\"Produktai\",\"item\":\"https:\\\/\\\/enviteka.lt\\\/produktai\\\/\"},{\"@type\":\"ListItem\",\"position\":3,\"name\":\"Ritin\u0117lis 400 mm montavimo ilgis, 2000 N\"}]},{\"@type\":\"WebSite\",\"@id\":\"https:\\\/\\\/enviteka.lt\\\/#website\",\"url\":\"https:\\\/\\\/enviteka.lt\\\/\",\"name\":\"ENVITEKA\",\"description\":\"pramonin\u0117s \u012frangos tiek\u0117jas\",\"publisher\":{\"@id\":\"https:\\\/\\\/enviteka.lt\\\/#organization\"},\"potentialAction\":[{\"@type\":\"SearchAction\",\"target\":{\"@type\":\"EntryPoint\",\"urlTemplate\":\"https:\\\/\\\/enviteka.lt\\\/?s={search_term_string}\"},\"query-input\":{\"@type\":\"PropertyValueSpecification\",\"valueRequired\":true,\"valueName\":\"search_term_string\"}}],\"inLanguage\":\"en-US\"},{\"@type\":\"Organization\",\"@id\":\"https:\\\/\\\/enviteka.lt\\\/#organization\",\"name\":\"ENVITEKA\",\"url\":\"https:\\\/\\\/enviteka.lt\\\/\",\"logo\":{\"@type\":\"ImageObject\",\"inLanguage\":\"en-US\",\"@id\":\"https:\\\/\\\/enviteka.lt\\\/#\\\/schema\\\/logo\\\/image\\\/\",\"url\":\"https:\\\/\\\/enviteka.lt\\\/wp-content\\\/uploads\\\/2024\\\/10\\\/enviteka-high-resolution-logo-transparent-e1742852093377.png\",\"contentUrl\":\"https:\\\/\\\/enviteka.lt\\\/wp-content\\\/uploads\\\/2024\\\/10\\\/enviteka-high-resolution-logo-transparent-e1742852093377.png\",\"width\":424,\"height\":150,\"caption\":\"ENVITEKA\"},\"image\":{\"@id\":\"https:\\\/\\\/enviteka.lt\\\/#\\\/schema\\\/logo\\\/image\\\/\"}}]}<\/script>\n<!-- \/ Yoast SEO plugin. -->","yoast_head_json":{"title":"Ritin\u0117lis 400 mm montavimo ilgis, 2000 N - ENVITEKA","description":"Ritin\u0117lis su 50 mm cinkuoto plieno vamzd\u017eiu, 400 mm montavimo ilgiu ir 15 mm vidiniu M10\u00d720 mm sriegiu. Maksimali apkrova \u2013 2000 N (~190 kg).","robots":{"index":"index","follow":"follow","max-snippet":"max-snippet:-1","max-image-preview":"max-image-preview:large","max-video-preview":"max-video-preview:-1"},"canonical":"https:\/\/enviteka.lt\/en\/product\/ritinelis-400-mm-montavimo-ilgis-2000-n\/","og_locale":"en_US","og_type":"article","og_title":"Ritin\u0117lis 400 mm montavimo ilgis, 2000 N - ENVITEKA","og_description":"Ritin\u0117lis su 50 mm cinkuoto plieno vamzd\u017eiu, 400 mm montavimo ilgiu ir 15 mm vidiniu M10\u00d720 mm sriegiu. Maksimali apkrova \u2013 2000 N (~190 kg).","og_url":"https:\/\/enviteka.lt\/en\/product\/ritinelis-400-mm-montavimo-ilgis-2000-n\/","og_site_name":"ENVITEKA","article_modified_time":"2025-07-21T20:26:07+00:00","og_image":[{"width":517,"height":477,"url":"https:\/\/enviteka.lt\/wp-content\/uploads\/2025\/07\/ritinelis_nviteka_21.jpg","type":"image\/jpeg"}],"twitter_card":"summary_large_image","twitter_misc":{"Est. reading time":"1 minute"},"schema":{"@context":"https:\/\/schema.org","@graph":[{"@type":"WebPage","@id":"https:\/\/enviteka.lt\/produktas\/ritinelis-400-mm-montavimo-ilgis-2000-n\/","url":"https:\/\/enviteka.lt\/produktas\/ritinelis-400-mm-montavimo-ilgis-2000-n\/","name":"Ritin\u0117lis 400 mm montavimo ilgis, 2000 N - ENVITEKA","isPartOf":{"@id":"https:\/\/enviteka.lt\/#website"},"primaryImageOfPage":{"@id":"https:\/\/enviteka.lt\/produktas\/ritinelis-400-mm-montavimo-ilgis-2000-n\/#primaryimage"},"image":{"@id":"https:\/\/enviteka.lt\/produktas\/ritinelis-400-mm-montavimo-ilgis-2000-n\/#primaryimage"},"thumbnailUrl":"https:\/\/enviteka.lt\/wp-content\/uploads\/2025\/07\/ritinelis_nviteka_21.jpg","datePublished":"2025-07-21T20:21:34+00:00","dateModified":"2025-07-21T20:26:07+00:00","description":"Ritin\u0117lis su 50 mm cinkuoto plieno vamzd\u017eiu, 400 mm montavimo ilgiu ir 15 mm vidiniu M10\u00d720 mm sriegiu. Maksimali apkrova \u2013 2000 N (~190 kg).","breadcrumb":{"@id":"https:\/\/enviteka.lt\/produktas\/ritinelis-400-mm-montavimo-ilgis-2000-n\/#breadcrumb"},"inLanguage":"en-US","potentialAction":[{"@type":"ReadAction","target":["https:\/\/enviteka.lt\/produktas\/ritinelis-400-mm-montavimo-ilgis-2000-n\/"]}]},{"@type":"ImageObject","inLanguage":"en-US","@id":"https:\/\/enviteka.lt\/produktas\/ritinelis-400-mm-montavimo-ilgis-2000-n\/#primaryimage","url":"https:\/\/enviteka.lt\/wp-content\/uploads\/2025\/07\/ritinelis_nviteka_21.jpg","contentUrl":"https:\/\/enviteka.lt\/wp-content\/uploads\/2025\/07\/ritinelis_nviteka_21.jpg","width":517,"height":477},{"@type":"BreadcrumbList","@id":"https:\/\/enviteka.lt\/produktas\/ritinelis-400-mm-montavimo-ilgis-2000-n\/#breadcrumb","itemListElement":[{"@type":"ListItem","position":1,"name":"Home","item":"https:\/\/enviteka.lt\/"},{"@type":"ListItem","position":2,"name":"Produktai","item":"https:\/\/enviteka.lt\/produktai\/"},{"@type":"ListItem","position":3,"name":"Ritin\u0117lis 400 mm montavimo ilgis, 2000 N"}]},{"@type":"WebSite","@id":"https:\/\/enviteka.lt\/#website","url":"https:\/\/enviteka.lt\/","name":"ENVITEKA","description":"pramonin\u0117s \u012frangos tiek\u0117jas","publisher":{"@id":"https:\/\/enviteka.lt\/#organization"},"potentialAction":[{"@type":"SearchAction","target":{"@type":"EntryPoint","urlTemplate":"https:\/\/enviteka.lt\/?s={search_term_string}"},"query-input":{"@type":"PropertyValueSpecification","valueRequired":true,"valueName":"search_term_string"}}],"inLanguage":"en-US"},{"@type":"Organization","@id":"https:\/\/enviteka.lt\/#organization","name":"ENVITEKA","url":"https:\/\/enviteka.lt\/","logo":{"@type":"ImageObject","inLanguage":"en-US","@id":"https:\/\/enviteka.lt\/#\/schema\/logo\/image\/","url":"https:\/\/enviteka.lt\/wp-content\/uploads\/2024\/10\/enviteka-high-resolution-logo-transparent-e1742852093377.png","contentUrl":"https:\/\/enviteka.lt\/wp-content\/uploads\/2024\/10\/enviteka-high-resolution-logo-transparent-e1742852093377.png","width":424,"height":150,"caption":"ENVITEKA"},"image":{"@id":"https:\/\/enviteka.lt\/#\/schema\/logo\/image\/"}}]}},"_links":{"self":[{"href":"https:\/\/enviteka.lt\/en\/wp-json\/wp\/v2\/product\/2124","targetHints":{"allow":["GET"]}}],"collection":[{"href":"https:\/\/enviteka.lt\/en\/wp-json\/wp\/v2\/product"}],"about":[{"href":"https:\/\/enviteka.lt\/en\/wp-json\/wp\/v2\/types\/product"}],"wp:featuredmedia":[{"embeddable":true,"href":"https:\/\/enviteka.lt\/en\/wp-json\/wp\/v2\/media\/2125"}],"wp:attachment":[{"href":"https:\/\/enviteka.lt\/en\/wp-json\/wp\/v2\/media?parent=2124"}],"wp:term":[{"taxonomy":"product_brand","embeddable":true,"href":"https:\/\/enviteka.lt\/en\/wp-json\/wp\/v2\/product_brand?post=2124"},{"taxonomy":"product_cat","embeddable":true,"href":"https:\/\/enviteka.lt\/en\/wp-json\/wp\/v2\/product_cat?post=2124"},{"taxonomy":"product_tag","embeddable":true,"href":"https:\/\/enviteka.lt\/en\/wp-json\/wp\/v2\/product_tag?post=2124"}],"curies":[{"name":"wp","href":"https:\/\/api.w.org\/{rel}","templated":true}]}}