{"id":2120,"date":"2025-07-21T20:10:31","date_gmt":"2025-07-21T20:10:31","guid":{"rendered":"https:\/\/enviteka.lt\/?post_type=product&#038;p=2120"},"modified":"2025-07-21T20:12:11","modified_gmt":"2025-07-21T20:12:11","slug":"lengvas-cinkuoto-plieno-ritinelis-su-spyruokliniu-velenu","status":"publish","type":"product","link":"https:\/\/enviteka.lt\/en\/product\/lengvas-cinkuoto-plieno-ritinelis-su-spyruokliniu-velenu\/","title":{"rendered":"Lengvas cinkuoto plieno ritin\u0117lis su spyruokliniu velenu"},"content":{"rendered":"<p><strong>Apra\u0161ymas <\/strong>\u2013 tai tvirtas ir patikimas ritin\u0117lis, skirtas sunkesniems gaminiams transportuoti. Vamzdis pagamintas i\u0161 cinkuoto plieno, velenas \u2013 spyruoklinis, taip pat i\u0161 cinkuoto plieno. Ritin\u0117lis turi plieno guoli\u0173 korpus\u0105 su plieno rutuliniais guoliais, tod\u0117l pasi\u017eymi dideliu atsparumu apkrovoms ir ilgaam\u017ei\u0161kumu.<\/p>\n<ul>\n<li data-start=\"316\" data-end=\"343\"><strong>Montavimo ilgis (B):<\/strong> 500 mm<\/li>\n<li data-start=\"378\" data-end=\"417\"><strong>Vamzd\u017eio skersmuo (D):<\/strong> 50 mm x 1,5 mm<\/li>\n<li data-start=\"420\" data-end=\"449\"><strong>Vamzd\u017eio ilgis (B1):<\/strong> 493 mm<\/li>\n<li data-start=\"452\" data-end=\"490\"><strong>Vamzd\u017eio med\u017eiaga:<\/strong> cinkuotas plienas<\/li>\n<li data-start=\"493\" data-end=\"528\"><strong>Veleno skersmuo (d):<\/strong> 11 mm (SW11)<\/li>\n<li data-start=\"531\" data-end=\"558\"><strong>Veleno ilgis (B0):<\/strong> 520 mm<\/li>\n<li data-start=\"561\" data-end=\"597\"><strong>Veleno med\u017eiaga:<\/strong> cinkuotas plienas<\/li>\n<li data-start=\"600\" data-end=\"640\"><strong>Veleno galai:<\/strong> spyruokliniai, 2 \u00d7 10 mm<\/li>\n<li data-start=\"643\" data-end=\"696\"><strong>Guoliai:<\/strong> plieno korpusas, plieno rutuliniai guoliai<\/li>\n<li data-start=\"699\" data-end=\"736\"><strong>Maksimali apkrova:<\/strong> 1200 N (~110 kg)<\/li>\n<\/ul>\n<p><strong>Susisiekite su mumis<\/strong> \u2013 jeigu turite klausym\u0173, norite \u012fsigyti.<\/p>\n<p><strong>Turime sand\u0117lyje. Pristatymas 2-3 d.d.<\/strong><\/p>","protected":false},"excerpt":{"rendered":"<p>Apra\u0161ymas \u2013 tai tvirtas ir patikimas ritin\u0117lis, skirtas sunkesniems gaminiams transportuoti. Vamzdis pagamintas i\u0161 cinkuoto plieno, velenas \u2013 spyruoklinis, taip [&hellip;]<\/p>","protected":false},"featured_media":2121,"template":"","meta":{"site-sidebar-layout":"default","site-content-layout":"","ast-site-content-layout":"default","site-content-style":"default","site-sidebar-style":"default","ast-global-header-display":"","ast-banner-title-visibility":"","ast-main-header-display":"","ast-hfb-above-header-display":"","ast-hfb-below-header-display":"","ast-hfb-mobile-header-display":"","site-post-title":"","ast-breadcrumbs-content":"","ast-featured-img":"","footer-sml-layout":"","ast-disable-related-posts":"","theme-transparent-header-meta":"default","adv-header-id-meta":"","stick-header-meta":"","header-above-stick-meta":"","header-main-stick-meta":"","header-below-stick-meta":"","astra-migrate-meta-layouts":"set","ast-page-background-enabled":"default","ast-page-background-meta":{"desktop":{"background-color":"var(--ast-global-color-4)","background-image":"","background-repeat":"repeat","background-position":"center center","background-size":"auto","background-attachment":"scroll","background-type":"","background-media":"","overlay-type":"","overlay-color":"","overlay-opacity":"","overlay-gradient":""},"tablet":{"background-color":"","background-image":"","background-repeat":"repeat","background-position":"center center","background-size":"auto","background-attachment":"scroll","background-type":"","background-media":"","overlay-type":"","overlay-color":"","overlay-opacity":"","overlay-gradient":""},"mobile":{"background-color":"","background-image":"","background-repeat":"repeat","background-position":"center center","background-size":"auto","background-attachment":"scroll","background-type":"","background-media":"","overlay-type":"","overlay-color":"","overlay-opacity":"","overlay-gradient":""}},"ast-content-background-meta":{"desktop":{"background-color":"var(--ast-global-color-5)","background-image":"","background-repeat":"repeat","background-position":"center center","background-size":"auto","background-attachment":"scroll","background-type":"","background-media":"","overlay-type":"","overlay-color":"","overlay-opacity":"","overlay-gradient":""},"tablet":{"background-color":"var(--ast-global-color-5)","background-image":"","background-repeat":"repeat","background-position":"center center","background-size":"auto","background-attachment":"scroll","background-type":"","background-media":"","overlay-type":"","overlay-color":"","overlay-opacity":"","overlay-gradient":""},"mobile":{"background-color":"var(--ast-global-color-5)","background-image":"","background-repeat":"repeat","background-position":"center center","background-size":"auto","background-attachment":"scroll","background-type":"","background-media":"","overlay-type":"","overlay-color":"","overlay-opacity":"","overlay-gradient":""}}},"product_brand":[],"product_cat":[137,84],"product_tag":[],"class_list":{"0":"post-2120","1":"product","2":"type-product","3":"status-publish","4":"has-post-thumbnail","6":"product_cat-gravitaciniai-ritineliai","7":"product_cat-konvejeriu-ritineliai","8":"desktop-align-left","9":"tablet-align-left","10":"mobile-align-left","12":"first","13":"instock","14":"featured","15":"shipping-taxable","16":"product-type-simple"},"yoast_head":"<!-- This site is optimized with the Yoast SEO plugin v27.3 - https:\/\/yoast.com\/product\/yoast-seo-wordpress\/ -->\n<title>Lengvas cinkuoto plieno ritin\u0117lis su spyruokliniu velenu - ENVITEKA<\/title>\n<meta name=\"description\" content=\"Lengvos konstrukcijos cinkuoto plieno ritin\u0117lis su 50 mm vamzd\u017eiu ir spyruokliniu 11 mm veleno galu. Idealiai tinka sunkesniems gaminiams transportuoti.\" \/>\n<meta name=\"robots\" content=\"index, follow, max-snippet:-1, max-image-preview:large, max-video-preview:-1\" \/>\n<link rel=\"canonical\" href=\"https:\/\/enviteka.lt\/en\/product\/lengvas-cinkuoto-plieno-ritinelis-su-spyruokliniu-velenu\/\" \/>\n<meta property=\"og:locale\" content=\"en_US\" \/>\n<meta property=\"og:type\" content=\"article\" \/>\n<meta property=\"og:title\" content=\"Lengvas cinkuoto plieno ritin\u0117lis su spyruokliniu velenu - ENVITEKA\" \/>\n<meta property=\"og:description\" content=\"Lengvos konstrukcijos cinkuoto plieno ritin\u0117lis su 50 mm vamzd\u017eiu ir spyruokliniu 11 mm veleno galu. Idealiai tinka sunkesniems gaminiams transportuoti.\" \/>\n<meta property=\"og:url\" content=\"https:\/\/enviteka.lt\/en\/product\/lengvas-cinkuoto-plieno-ritinelis-su-spyruokliniu-velenu\/\" \/>\n<meta property=\"og:site_name\" content=\"ENVITEKA\" \/>\n<meta property=\"article:modified_time\" content=\"2025-07-21T20:12:11+00:00\" \/>\n<meta property=\"og:image\" content=\"https:\/\/enviteka.lt\/wp-content\/uploads\/2025\/07\/ritinelis_enviteka_22-1.jpg\" \/>\n\t<meta property=\"og:image:width\" content=\"510\" \/>\n\t<meta property=\"og:image:height\" content=\"481\" \/>\n\t<meta property=\"og:image:type\" content=\"image\/jpeg\" \/>\n<meta name=\"twitter:card\" content=\"summary_large_image\" \/>\n<meta name=\"twitter:label1\" content=\"Est. reading time\" \/>\n\t<meta name=\"twitter:data1\" content=\"1 minute\" \/>\n<script type=\"application\/ld+json\" class=\"yoast-schema-graph\">{\"@context\":\"https:\\\/\\\/schema.org\",\"@graph\":[{\"@type\":\"WebPage\",\"@id\":\"https:\\\/\\\/enviteka.lt\\\/produktas\\\/lengvas-cinkuoto-plieno-ritinelis-su-spyruokliniu-velenu\\\/\",\"url\":\"https:\\\/\\\/enviteka.lt\\\/produktas\\\/lengvas-cinkuoto-plieno-ritinelis-su-spyruokliniu-velenu\\\/\",\"name\":\"Lengvas cinkuoto plieno ritin\u0117lis su spyruokliniu velenu - ENVITEKA\",\"isPartOf\":{\"@id\":\"https:\\\/\\\/enviteka.lt\\\/#website\"},\"primaryImageOfPage\":{\"@id\":\"https:\\\/\\\/enviteka.lt\\\/produktas\\\/lengvas-cinkuoto-plieno-ritinelis-su-spyruokliniu-velenu\\\/#primaryimage\"},\"image\":{\"@id\":\"https:\\\/\\\/enviteka.lt\\\/produktas\\\/lengvas-cinkuoto-plieno-ritinelis-su-spyruokliniu-velenu\\\/#primaryimage\"},\"thumbnailUrl\":\"https:\\\/\\\/enviteka.lt\\\/wp-content\\\/uploads\\\/2025\\\/07\\\/ritinelis_enviteka_22-1.jpg\",\"datePublished\":\"2025-07-21T20:10:31+00:00\",\"dateModified\":\"2025-07-21T20:12:11+00:00\",\"description\":\"Lengvos konstrukcijos cinkuoto plieno ritin\u0117lis su 50 mm vamzd\u017eiu ir spyruokliniu 11 mm veleno galu. Idealiai tinka sunkesniems gaminiams transportuoti.\",\"breadcrumb\":{\"@id\":\"https:\\\/\\\/enviteka.lt\\\/produktas\\\/lengvas-cinkuoto-plieno-ritinelis-su-spyruokliniu-velenu\\\/#breadcrumb\"},\"inLanguage\":\"en-US\",\"potentialAction\":[{\"@type\":\"ReadAction\",\"target\":[\"https:\\\/\\\/enviteka.lt\\\/produktas\\\/lengvas-cinkuoto-plieno-ritinelis-su-spyruokliniu-velenu\\\/\"]}]},{\"@type\":\"ImageObject\",\"inLanguage\":\"en-US\",\"@id\":\"https:\\\/\\\/enviteka.lt\\\/produktas\\\/lengvas-cinkuoto-plieno-ritinelis-su-spyruokliniu-velenu\\\/#primaryimage\",\"url\":\"https:\\\/\\\/enviteka.lt\\\/wp-content\\\/uploads\\\/2025\\\/07\\\/ritinelis_enviteka_22-1.jpg\",\"contentUrl\":\"https:\\\/\\\/enviteka.lt\\\/wp-content\\\/uploads\\\/2025\\\/07\\\/ritinelis_enviteka_22-1.jpg\",\"width\":510,\"height\":481},{\"@type\":\"BreadcrumbList\",\"@id\":\"https:\\\/\\\/enviteka.lt\\\/produktas\\\/lengvas-cinkuoto-plieno-ritinelis-su-spyruokliniu-velenu\\\/#breadcrumb\",\"itemListElement\":[{\"@type\":\"ListItem\",\"position\":1,\"name\":\"Home\",\"item\":\"https:\\\/\\\/enviteka.lt\\\/\"},{\"@type\":\"ListItem\",\"position\":2,\"name\":\"Produktai\",\"item\":\"https:\\\/\\\/enviteka.lt\\\/produktai\\\/\"},{\"@type\":\"ListItem\",\"position\":3,\"name\":\"Lengvas cinkuoto plieno ritin\u0117lis su spyruokliniu velenu\"}]},{\"@type\":\"WebSite\",\"@id\":\"https:\\\/\\\/enviteka.lt\\\/#website\",\"url\":\"https:\\\/\\\/enviteka.lt\\\/\",\"name\":\"ENVITEKA\",\"description\":\"pramonin\u0117s \u012frangos tiek\u0117jas\",\"publisher\":{\"@id\":\"https:\\\/\\\/enviteka.lt\\\/#organization\"},\"potentialAction\":[{\"@type\":\"SearchAction\",\"target\":{\"@type\":\"EntryPoint\",\"urlTemplate\":\"https:\\\/\\\/enviteka.lt\\\/?s={search_term_string}\"},\"query-input\":{\"@type\":\"PropertyValueSpecification\",\"valueRequired\":true,\"valueName\":\"search_term_string\"}}],\"inLanguage\":\"en-US\"},{\"@type\":\"Organization\",\"@id\":\"https:\\\/\\\/enviteka.lt\\\/#organization\",\"name\":\"ENVITEKA\",\"url\":\"https:\\\/\\\/enviteka.lt\\\/\",\"logo\":{\"@type\":\"ImageObject\",\"inLanguage\":\"en-US\",\"@id\":\"https:\\\/\\\/enviteka.lt\\\/#\\\/schema\\\/logo\\\/image\\\/\",\"url\":\"https:\\\/\\\/enviteka.lt\\\/wp-content\\\/uploads\\\/2024\\\/10\\\/enviteka-high-resolution-logo-transparent-e1742852093377.png\",\"contentUrl\":\"https:\\\/\\\/enviteka.lt\\\/wp-content\\\/uploads\\\/2024\\\/10\\\/enviteka-high-resolution-logo-transparent-e1742852093377.png\",\"width\":424,\"height\":150,\"caption\":\"ENVITEKA\"},\"image\":{\"@id\":\"https:\\\/\\\/enviteka.lt\\\/#\\\/schema\\\/logo\\\/image\\\/\"}}]}<\/script>\n<!-- \/ Yoast SEO plugin. -->","yoast_head_json":{"title":"Lengvas cinkuoto plieno ritin\u0117lis su spyruokliniu velenu - ENVITEKA","description":"Lengvos konstrukcijos cinkuoto plieno ritin\u0117lis su 50 mm vamzd\u017eiu ir spyruokliniu 11 mm veleno galu. Idealiai tinka sunkesniems gaminiams transportuoti.","robots":{"index":"index","follow":"follow","max-snippet":"max-snippet:-1","max-image-preview":"max-image-preview:large","max-video-preview":"max-video-preview:-1"},"canonical":"https:\/\/enviteka.lt\/en\/product\/lengvas-cinkuoto-plieno-ritinelis-su-spyruokliniu-velenu\/","og_locale":"en_US","og_type":"article","og_title":"Lengvas cinkuoto plieno ritin\u0117lis su spyruokliniu velenu - ENVITEKA","og_description":"Lengvos konstrukcijos cinkuoto plieno ritin\u0117lis su 50 mm vamzd\u017eiu ir spyruokliniu 11 mm veleno galu. Idealiai tinka sunkesniems gaminiams transportuoti.","og_url":"https:\/\/enviteka.lt\/en\/product\/lengvas-cinkuoto-plieno-ritinelis-su-spyruokliniu-velenu\/","og_site_name":"ENVITEKA","article_modified_time":"2025-07-21T20:12:11+00:00","og_image":[{"width":510,"height":481,"url":"https:\/\/enviteka.lt\/wp-content\/uploads\/2025\/07\/ritinelis_enviteka_22-1.jpg","type":"image\/jpeg"}],"twitter_card":"summary_large_image","twitter_misc":{"Est. reading time":"1 minute"},"schema":{"@context":"https:\/\/schema.org","@graph":[{"@type":"WebPage","@id":"https:\/\/enviteka.lt\/produktas\/lengvas-cinkuoto-plieno-ritinelis-su-spyruokliniu-velenu\/","url":"https:\/\/enviteka.lt\/produktas\/lengvas-cinkuoto-plieno-ritinelis-su-spyruokliniu-velenu\/","name":"Lengvas cinkuoto plieno ritin\u0117lis su spyruokliniu velenu - ENVITEKA","isPartOf":{"@id":"https:\/\/enviteka.lt\/#website"},"primaryImageOfPage":{"@id":"https:\/\/enviteka.lt\/produktas\/lengvas-cinkuoto-plieno-ritinelis-su-spyruokliniu-velenu\/#primaryimage"},"image":{"@id":"https:\/\/enviteka.lt\/produktas\/lengvas-cinkuoto-plieno-ritinelis-su-spyruokliniu-velenu\/#primaryimage"},"thumbnailUrl":"https:\/\/enviteka.lt\/wp-content\/uploads\/2025\/07\/ritinelis_enviteka_22-1.jpg","datePublished":"2025-07-21T20:10:31+00:00","dateModified":"2025-07-21T20:12:11+00:00","description":"Lengvos konstrukcijos cinkuoto plieno ritin\u0117lis su 50 mm vamzd\u017eiu ir spyruokliniu 11 mm veleno galu. Idealiai tinka sunkesniems gaminiams transportuoti.","breadcrumb":{"@id":"https:\/\/enviteka.lt\/produktas\/lengvas-cinkuoto-plieno-ritinelis-su-spyruokliniu-velenu\/#breadcrumb"},"inLanguage":"en-US","potentialAction":[{"@type":"ReadAction","target":["https:\/\/enviteka.lt\/produktas\/lengvas-cinkuoto-plieno-ritinelis-su-spyruokliniu-velenu\/"]}]},{"@type":"ImageObject","inLanguage":"en-US","@id":"https:\/\/enviteka.lt\/produktas\/lengvas-cinkuoto-plieno-ritinelis-su-spyruokliniu-velenu\/#primaryimage","url":"https:\/\/enviteka.lt\/wp-content\/uploads\/2025\/07\/ritinelis_enviteka_22-1.jpg","contentUrl":"https:\/\/enviteka.lt\/wp-content\/uploads\/2025\/07\/ritinelis_enviteka_22-1.jpg","width":510,"height":481},{"@type":"BreadcrumbList","@id":"https:\/\/enviteka.lt\/produktas\/lengvas-cinkuoto-plieno-ritinelis-su-spyruokliniu-velenu\/#breadcrumb","itemListElement":[{"@type":"ListItem","position":1,"name":"Home","item":"https:\/\/enviteka.lt\/"},{"@type":"ListItem","position":2,"name":"Produktai","item":"https:\/\/enviteka.lt\/produktai\/"},{"@type":"ListItem","position":3,"name":"Lengvas cinkuoto plieno ritin\u0117lis su spyruokliniu velenu"}]},{"@type":"WebSite","@id":"https:\/\/enviteka.lt\/#website","url":"https:\/\/enviteka.lt\/","name":"ENVITEKA","description":"pramonin\u0117s \u012frangos tiek\u0117jas","publisher":{"@id":"https:\/\/enviteka.lt\/#organization"},"potentialAction":[{"@type":"SearchAction","target":{"@type":"EntryPoint","urlTemplate":"https:\/\/enviteka.lt\/?s={search_term_string}"},"query-input":{"@type":"PropertyValueSpecification","valueRequired":true,"valueName":"search_term_string"}}],"inLanguage":"en-US"},{"@type":"Organization","@id":"https:\/\/enviteka.lt\/#organization","name":"ENVITEKA","url":"https:\/\/enviteka.lt\/","logo":{"@type":"ImageObject","inLanguage":"en-US","@id":"https:\/\/enviteka.lt\/#\/schema\/logo\/image\/","url":"https:\/\/enviteka.lt\/wp-content\/uploads\/2024\/10\/enviteka-high-resolution-logo-transparent-e1742852093377.png","contentUrl":"https:\/\/enviteka.lt\/wp-content\/uploads\/2024\/10\/enviteka-high-resolution-logo-transparent-e1742852093377.png","width":424,"height":150,"caption":"ENVITEKA"},"image":{"@id":"https:\/\/enviteka.lt\/#\/schema\/logo\/image\/"}}]}},"_links":{"self":[{"href":"https:\/\/enviteka.lt\/en\/wp-json\/wp\/v2\/product\/2120","targetHints":{"allow":["GET"]}}],"collection":[{"href":"https:\/\/enviteka.lt\/en\/wp-json\/wp\/v2\/product"}],"about":[{"href":"https:\/\/enviteka.lt\/en\/wp-json\/wp\/v2\/types\/product"}],"wp:featuredmedia":[{"embeddable":true,"href":"https:\/\/enviteka.lt\/en\/wp-json\/wp\/v2\/media\/2121"}],"wp:attachment":[{"href":"https:\/\/enviteka.lt\/en\/wp-json\/wp\/v2\/media?parent=2120"}],"wp:term":[{"taxonomy":"product_brand","embeddable":true,"href":"https:\/\/enviteka.lt\/en\/wp-json\/wp\/v2\/product_brand?post=2120"},{"taxonomy":"product_cat","embeddable":true,"href":"https:\/\/enviteka.lt\/en\/wp-json\/wp\/v2\/product_cat?post=2120"},{"taxonomy":"product_tag","embeddable":true,"href":"https:\/\/enviteka.lt\/en\/wp-json\/wp\/v2\/product_tag?post=2120"}],"curies":[{"name":"wp","href":"https:\/\/api.w.org\/{rel}","templated":true}]}}