{"id":2117,"date":"2025-07-20T17:06:03","date_gmt":"2025-07-20T17:06:03","guid":{"rendered":"https:\/\/enviteka.lt\/?post_type=product&#038;p=2117"},"modified":"2025-07-20T17:09:51","modified_gmt":"2025-07-20T17:09:51","slug":"konvejeriniai-ritineliai-su-metaline-pavara","status":"publish","type":"product","link":"https:\/\/enviteka.lt\/en\/product\/konvejeriniai-ritineliai-su-metaline-pavara\/","title":{"rendered":"Konvejeriniai ritin\u0117liai su metaline pavara"},"content":{"rendered":"<p><strong>Apra\u0161ymas 2500 serijos ritin\u0117liai<\/strong> \u2013 tai profesionali varom\u0173 ritin\u0117li\u0173 serija, skirta sunkesni\u0173 krovini\u0173, d\u0117\u017ei\u0173 bei pakuo\u010di\u0173 transportavimui. Ritin\u0117liai pasi\u017eymi tvirtomis metalin\u0117mis \u017evaig\u017edut\u0117mis, plieniniais guoliais ir didele apkrova, tod\u0117l idealiai tinka intensyviam naudojimui logistikos ir gamybos linijose.<\/p>\n<p data-start=\"573\" data-end=\"843\">Galimi keli variantai pagal vamzd\u017eio skersmen\u012f (50 mm, 60 mm), vamzd\u017eio sienel\u0117s stor\u012f (iki 2 mm), veleno skersmen\u012f (12, 14, 15 mm) ir ilg\u012f (100\u20131500 mm). Ritin\u0117liai su metalin\u0117mis pavaros \u017evaig\u017edut\u0117mis u\u017etikrina patikim\u0105, ilgaam\u017e\u012f darb\u0105 net ir esant didel\u0117ms apkrovoms.<\/p>\n<h2 data-start=\"850\" data-end=\"877\"><\/h2>\n<table style=\"height: 192px;\" width=\"1030\" data-start=\"879\" data-end=\"1473\">\n<thead data-start=\"879\" data-end=\"993\">\n<tr data-start=\"879\" data-end=\"993\">\n<td><strong>\u017dvaig\u017edut\u0117s med\u017eiaga<\/strong><\/td>\n<td><strong>Guoli\u0173 med\u017eiaga<\/strong><\/td>\n<td><strong>Vamzd\u017eio med\u017eiaga<\/strong><\/td>\n<td><strong>Skersmuo (mm)<\/strong><\/td>\n<td><strong>Ilgis (mm)<\/strong><\/td>\n<td><strong>Veleno skersmuo (mm)<\/strong><\/td>\n<\/tr>\n<\/thead>\n<tbody>\n<tr data-start=\"1114\" data-end=\"1233\">\n<td data-start=\"1114\" data-end=\"1137\" data-col-size=\"sm\">Plienas<\/td>\n<td data-col-size=\"sm\" data-start=\"1137\" data-end=\"1156\">Plienas<\/td>\n<td data-col-size=\"sm\" data-start=\"1156\" data-end=\"1177\">Plienas<\/td>\n<td data-col-size=\"sm\" data-start=\"1177\" data-end=\"1194\">50\u00d71,5<\/td>\n<td data-col-size=\"sm\" data-start=\"1194\" data-end=\"1208\">100\u20131500<\/td>\n<td data-col-size=\"sm\" data-start=\"1208\" data-end=\"1233\">12, 14, 15<\/td>\n<\/tr>\n<tr data-start=\"1234\" data-end=\"1353\">\n<td data-start=\"1234\" data-end=\"1257\" data-col-size=\"sm\">Plienas<\/td>\n<td data-col-size=\"sm\" data-start=\"1257\" data-end=\"1276\">Plienas<\/td>\n<td data-col-size=\"sm\" data-start=\"1276\" data-end=\"1297\">Plienas<\/td>\n<td data-col-size=\"sm\" data-start=\"1297\" data-end=\"1314\">60\u00d71,5<\/td>\n<td data-col-size=\"sm\" data-start=\"1314\" data-end=\"1328\">100\u20131500<\/td>\n<td data-col-size=\"sm\" data-start=\"1328\" data-end=\"1353\">12, 14, 15<\/td>\n<\/tr>\n<tr data-start=\"1354\" data-end=\"1473\">\n<td data-start=\"1354\" data-end=\"1377\" data-col-size=\"sm\">Plienas<\/td>\n<td data-col-size=\"sm\" data-start=\"1377\" data-end=\"1396\">Plienas<\/td>\n<td data-col-size=\"sm\" data-start=\"1396\" data-end=\"1417\">Plienas<\/td>\n<td data-col-size=\"sm\" data-start=\"1417\" data-end=\"1434\">60\u00d72,0<\/td>\n<td data-col-size=\"sm\" data-start=\"1434\" data-end=\"1448\">100\u20131500<\/td>\n<td data-col-size=\"sm\" data-start=\"1448\" data-end=\"1473\">12, 14, 15<\/td>\n<\/tr>\n<\/tbody>\n<\/table>\n<p>&nbsp;<\/p>\n<p><strong>Susisiekite su mumis<\/strong> \u2013 jeigu turite klausym\u0173, norite \u012fsigyti.<\/p>\n<p><strong>Pristatymas 5-10 d.d.<\/strong><\/p>","protected":false},"excerpt":{"rendered":"<p>Apra\u0161ymas 2500 serijos ritin\u0117liai \u2013 tai profesionali varom\u0173 ritin\u0117li\u0173 serija, skirta sunkesni\u0173 krovini\u0173, d\u0117\u017ei\u0173 bei pakuo\u010di\u0173 transportavimui. Ritin\u0117liai pasi\u017eymi tvirtomis [&hellip;]<\/p>","protected":false},"featured_media":2119,"template":"","meta":{"site-sidebar-layout":"default","site-content-layout":"","ast-site-content-layout":"default","site-content-style":"default","site-sidebar-style":"default","ast-global-header-display":"","ast-banner-title-visibility":"","ast-main-header-display":"","ast-hfb-above-header-display":"","ast-hfb-below-header-display":"","ast-hfb-mobile-header-display":"","site-post-title":"","ast-breadcrumbs-content":"","ast-featured-img":"","footer-sml-layout":"","ast-disable-related-posts":"","theme-transparent-header-meta":"default","adv-header-id-meta":"","stick-header-meta":"","header-above-stick-meta":"","header-main-stick-meta":"","header-below-stick-meta":"","astra-migrate-meta-layouts":"set","ast-page-background-enabled":"default","ast-page-background-meta":{"desktop":{"background-color":"var(--ast-global-color-4)","background-image":"","background-repeat":"repeat","background-position":"center center","background-size":"auto","background-attachment":"scroll","background-type":"","background-media":"","overlay-type":"","overlay-color":"","overlay-opacity":"","overlay-gradient":""},"tablet":{"background-color":"","background-image":"","background-repeat":"repeat","background-position":"center center","background-size":"auto","background-attachment":"scroll","background-type":"","background-media":"","overlay-type":"","overlay-color":"","overlay-opacity":"","overlay-gradient":""},"mobile":{"background-color":"","background-image":"","background-repeat":"repeat","background-position":"center center","background-size":"auto","background-attachment":"scroll","background-type":"","background-media":"","overlay-type":"","overlay-color":"","overlay-opacity":"","overlay-gradient":""}},"ast-content-background-meta":{"desktop":{"background-color":"var(--ast-global-color-5)","background-image":"","background-repeat":"repeat","background-position":"center center","background-size":"auto","background-attachment":"scroll","background-type":"","background-media":"","overlay-type":"","overlay-color":"","overlay-opacity":"","overlay-gradient":""},"tablet":{"background-color":"var(--ast-global-color-5)","background-image":"","background-repeat":"repeat","background-position":"center center","background-size":"auto","background-attachment":"scroll","background-type":"","background-media":"","overlay-type":"","overlay-color":"","overlay-opacity":"","overlay-gradient":""},"mobile":{"background-color":"var(--ast-global-color-5)","background-image":"","background-repeat":"repeat","background-position":"center center","background-size":"auto","background-attachment":"scroll","background-type":"","background-media":"","overlay-type":"","overlay-color":"","overlay-opacity":"","overlay-gradient":""}}},"product_brand":[],"product_cat":[84,138],"product_tag":[],"class_list":{"0":"post-2117","1":"product","2":"type-product","3":"status-publish","4":"has-post-thumbnail","6":"product_cat-konvejeriu-ritineliai","7":"product_cat-varantieji-ritineliai","8":"desktop-align-left","9":"tablet-align-left","10":"mobile-align-left","12":"first","13":"instock","14":"featured","15":"shipping-taxable","16":"product-type-simple"},"yoast_head":"<!-- This site is optimized with the Yoast SEO plugin v27.3 - https:\/\/yoast.com\/product\/yoast-seo-wordpress\/ -->\n<title>Konvejeriniai ritin\u0117liai su metaline pavara - ENVITEKA<\/title>\n<meta name=\"description\" content=\"Ritin\u0117liai su plienin\u0117mis \u017evaig\u017edut\u0117mis, skirti sunki\u0173 krovini\u0173 transportavimui. Galimi 50 mm ir 60 mm skersmens variantai, veleno dyd\u017eiai 12\u201315 mm.\" \/>\n<meta name=\"robots\" content=\"index, follow, max-snippet:-1, max-image-preview:large, max-video-preview:-1\" \/>\n<link rel=\"canonical\" href=\"https:\/\/enviteka.lt\/en\/product\/konvejeriniai-ritineliai-su-metaline-pavara\/\" \/>\n<meta property=\"og:locale\" content=\"en_US\" \/>\n<meta property=\"og:type\" content=\"article\" \/>\n<meta property=\"og:title\" content=\"Konvejeriniai ritin\u0117liai su metaline pavara - ENVITEKA\" \/>\n<meta property=\"og:description\" content=\"Ritin\u0117liai su plienin\u0117mis \u017evaig\u017edut\u0117mis, skirti sunki\u0173 krovini\u0173 transportavimui. Galimi 50 mm ir 60 mm skersmens variantai, veleno dyd\u017eiai 12\u201315 mm.\" \/>\n<meta property=\"og:url\" content=\"https:\/\/enviteka.lt\/en\/product\/konvejeriniai-ritineliai-su-metaline-pavara\/\" \/>\n<meta property=\"og:site_name\" content=\"ENVITEKA\" \/>\n<meta property=\"article:modified_time\" content=\"2025-07-20T17:09:51+00:00\" \/>\n<meta property=\"og:image\" content=\"https:\/\/enviteka.lt\/wp-content\/uploads\/2025\/07\/2500_serijos_ritineliai_enviteka.jpg\" \/>\n\t<meta property=\"og:image:width\" content=\"229\" \/>\n\t<meta property=\"og:image:height\" content=\"121\" \/>\n\t<meta property=\"og:image:type\" content=\"image\/jpeg\" \/>\n<meta name=\"twitter:card\" content=\"summary_large_image\" \/>\n<meta name=\"twitter:label1\" content=\"Est. reading time\" \/>\n\t<meta name=\"twitter:data1\" content=\"1 minute\" \/>\n<script type=\"application\/ld+json\" class=\"yoast-schema-graph\">{\"@context\":\"https:\\\/\\\/schema.org\",\"@graph\":[{\"@type\":\"WebPage\",\"@id\":\"https:\\\/\\\/enviteka.lt\\\/produktas\\\/konvejeriniai-ritineliai-su-metaline-pavara\\\/\",\"url\":\"https:\\\/\\\/enviteka.lt\\\/produktas\\\/konvejeriniai-ritineliai-su-metaline-pavara\\\/\",\"name\":\"Konvejeriniai ritin\u0117liai su metaline pavara - ENVITEKA\",\"isPartOf\":{\"@id\":\"https:\\\/\\\/enviteka.lt\\\/#website\"},\"primaryImageOfPage\":{\"@id\":\"https:\\\/\\\/enviteka.lt\\\/produktas\\\/konvejeriniai-ritineliai-su-metaline-pavara\\\/#primaryimage\"},\"image\":{\"@id\":\"https:\\\/\\\/enviteka.lt\\\/produktas\\\/konvejeriniai-ritineliai-su-metaline-pavara\\\/#primaryimage\"},\"thumbnailUrl\":\"https:\\\/\\\/enviteka.lt\\\/wp-content\\\/uploads\\\/2025\\\/07\\\/2500_serijos_ritineliai_enviteka.jpg\",\"datePublished\":\"2025-07-20T17:06:03+00:00\",\"dateModified\":\"2025-07-20T17:09:51+00:00\",\"description\":\"Ritin\u0117liai su plienin\u0117mis \u017evaig\u017edut\u0117mis, skirti sunki\u0173 krovini\u0173 transportavimui. Galimi 50 mm ir 60 mm skersmens variantai, veleno dyd\u017eiai 12\u201315 mm.\",\"breadcrumb\":{\"@id\":\"https:\\\/\\\/enviteka.lt\\\/produktas\\\/konvejeriniai-ritineliai-su-metaline-pavara\\\/#breadcrumb\"},\"inLanguage\":\"en-US\",\"potentialAction\":[{\"@type\":\"ReadAction\",\"target\":[\"https:\\\/\\\/enviteka.lt\\\/produktas\\\/konvejeriniai-ritineliai-su-metaline-pavara\\\/\"]}]},{\"@type\":\"ImageObject\",\"inLanguage\":\"en-US\",\"@id\":\"https:\\\/\\\/enviteka.lt\\\/produktas\\\/konvejeriniai-ritineliai-su-metaline-pavara\\\/#primaryimage\",\"url\":\"https:\\\/\\\/enviteka.lt\\\/wp-content\\\/uploads\\\/2025\\\/07\\\/2500_serijos_ritineliai_enviteka.jpg\",\"contentUrl\":\"https:\\\/\\\/enviteka.lt\\\/wp-content\\\/uploads\\\/2025\\\/07\\\/2500_serijos_ritineliai_enviteka.jpg\",\"width\":229,\"height\":121},{\"@type\":\"BreadcrumbList\",\"@id\":\"https:\\\/\\\/enviteka.lt\\\/produktas\\\/konvejeriniai-ritineliai-su-metaline-pavara\\\/#breadcrumb\",\"itemListElement\":[{\"@type\":\"ListItem\",\"position\":1,\"name\":\"Home\",\"item\":\"https:\\\/\\\/enviteka.lt\\\/\"},{\"@type\":\"ListItem\",\"position\":2,\"name\":\"Produktai\",\"item\":\"https:\\\/\\\/enviteka.lt\\\/produktai\\\/\"},{\"@type\":\"ListItem\",\"position\":3,\"name\":\"Konvejeriniai ritin\u0117liai su metaline pavara\"}]},{\"@type\":\"WebSite\",\"@id\":\"https:\\\/\\\/enviteka.lt\\\/#website\",\"url\":\"https:\\\/\\\/enviteka.lt\\\/\",\"name\":\"ENVITEKA\",\"description\":\"pramonin\u0117s \u012frangos tiek\u0117jas\",\"publisher\":{\"@id\":\"https:\\\/\\\/enviteka.lt\\\/#organization\"},\"potentialAction\":[{\"@type\":\"SearchAction\",\"target\":{\"@type\":\"EntryPoint\",\"urlTemplate\":\"https:\\\/\\\/enviteka.lt\\\/?s={search_term_string}\"},\"query-input\":{\"@type\":\"PropertyValueSpecification\",\"valueRequired\":true,\"valueName\":\"search_term_string\"}}],\"inLanguage\":\"en-US\"},{\"@type\":\"Organization\",\"@id\":\"https:\\\/\\\/enviteka.lt\\\/#organization\",\"name\":\"ENVITEKA\",\"url\":\"https:\\\/\\\/enviteka.lt\\\/\",\"logo\":{\"@type\":\"ImageObject\",\"inLanguage\":\"en-US\",\"@id\":\"https:\\\/\\\/enviteka.lt\\\/#\\\/schema\\\/logo\\\/image\\\/\",\"url\":\"https:\\\/\\\/enviteka.lt\\\/wp-content\\\/uploads\\\/2024\\\/10\\\/enviteka-high-resolution-logo-transparent-e1742852093377.png\",\"contentUrl\":\"https:\\\/\\\/enviteka.lt\\\/wp-content\\\/uploads\\\/2024\\\/10\\\/enviteka-high-resolution-logo-transparent-e1742852093377.png\",\"width\":424,\"height\":150,\"caption\":\"ENVITEKA\"},\"image\":{\"@id\":\"https:\\\/\\\/enviteka.lt\\\/#\\\/schema\\\/logo\\\/image\\\/\"}}]}<\/script>\n<!-- \/ Yoast SEO plugin. -->","yoast_head_json":{"title":"Konvejeriniai ritin\u0117liai su metaline pavara - ENVITEKA","description":"Ritin\u0117liai su plienin\u0117mis \u017evaig\u017edut\u0117mis, skirti sunki\u0173 krovini\u0173 transportavimui. Galimi 50 mm ir 60 mm skersmens variantai, veleno dyd\u017eiai 12\u201315 mm.","robots":{"index":"index","follow":"follow","max-snippet":"max-snippet:-1","max-image-preview":"max-image-preview:large","max-video-preview":"max-video-preview:-1"},"canonical":"https:\/\/enviteka.lt\/en\/product\/konvejeriniai-ritineliai-su-metaline-pavara\/","og_locale":"en_US","og_type":"article","og_title":"Konvejeriniai ritin\u0117liai su metaline pavara - ENVITEKA","og_description":"Ritin\u0117liai su plienin\u0117mis \u017evaig\u017edut\u0117mis, skirti sunki\u0173 krovini\u0173 transportavimui. Galimi 50 mm ir 60 mm skersmens variantai, veleno dyd\u017eiai 12\u201315 mm.","og_url":"https:\/\/enviteka.lt\/en\/product\/konvejeriniai-ritineliai-su-metaline-pavara\/","og_site_name":"ENVITEKA","article_modified_time":"2025-07-20T17:09:51+00:00","og_image":[{"width":229,"height":121,"url":"https:\/\/enviteka.lt\/wp-content\/uploads\/2025\/07\/2500_serijos_ritineliai_enviteka.jpg","type":"image\/jpeg"}],"twitter_card":"summary_large_image","twitter_misc":{"Est. reading time":"1 minute"},"schema":{"@context":"https:\/\/schema.org","@graph":[{"@type":"WebPage","@id":"https:\/\/enviteka.lt\/produktas\/konvejeriniai-ritineliai-su-metaline-pavara\/","url":"https:\/\/enviteka.lt\/produktas\/konvejeriniai-ritineliai-su-metaline-pavara\/","name":"Konvejeriniai ritin\u0117liai su metaline pavara - ENVITEKA","isPartOf":{"@id":"https:\/\/enviteka.lt\/#website"},"primaryImageOfPage":{"@id":"https:\/\/enviteka.lt\/produktas\/konvejeriniai-ritineliai-su-metaline-pavara\/#primaryimage"},"image":{"@id":"https:\/\/enviteka.lt\/produktas\/konvejeriniai-ritineliai-su-metaline-pavara\/#primaryimage"},"thumbnailUrl":"https:\/\/enviteka.lt\/wp-content\/uploads\/2025\/07\/2500_serijos_ritineliai_enviteka.jpg","datePublished":"2025-07-20T17:06:03+00:00","dateModified":"2025-07-20T17:09:51+00:00","description":"Ritin\u0117liai su plienin\u0117mis \u017evaig\u017edut\u0117mis, skirti sunki\u0173 krovini\u0173 transportavimui. Galimi 50 mm ir 60 mm skersmens variantai, veleno dyd\u017eiai 12\u201315 mm.","breadcrumb":{"@id":"https:\/\/enviteka.lt\/produktas\/konvejeriniai-ritineliai-su-metaline-pavara\/#breadcrumb"},"inLanguage":"en-US","potentialAction":[{"@type":"ReadAction","target":["https:\/\/enviteka.lt\/produktas\/konvejeriniai-ritineliai-su-metaline-pavara\/"]}]},{"@type":"ImageObject","inLanguage":"en-US","@id":"https:\/\/enviteka.lt\/produktas\/konvejeriniai-ritineliai-su-metaline-pavara\/#primaryimage","url":"https:\/\/enviteka.lt\/wp-content\/uploads\/2025\/07\/2500_serijos_ritineliai_enviteka.jpg","contentUrl":"https:\/\/enviteka.lt\/wp-content\/uploads\/2025\/07\/2500_serijos_ritineliai_enviteka.jpg","width":229,"height":121},{"@type":"BreadcrumbList","@id":"https:\/\/enviteka.lt\/produktas\/konvejeriniai-ritineliai-su-metaline-pavara\/#breadcrumb","itemListElement":[{"@type":"ListItem","position":1,"name":"Home","item":"https:\/\/enviteka.lt\/"},{"@type":"ListItem","position":2,"name":"Produktai","item":"https:\/\/enviteka.lt\/produktai\/"},{"@type":"ListItem","position":3,"name":"Konvejeriniai ritin\u0117liai su metaline pavara"}]},{"@type":"WebSite","@id":"https:\/\/enviteka.lt\/#website","url":"https:\/\/enviteka.lt\/","name":"ENVITEKA","description":"pramonin\u0117s \u012frangos tiek\u0117jas","publisher":{"@id":"https:\/\/enviteka.lt\/#organization"},"potentialAction":[{"@type":"SearchAction","target":{"@type":"EntryPoint","urlTemplate":"https:\/\/enviteka.lt\/?s={search_term_string}"},"query-input":{"@type":"PropertyValueSpecification","valueRequired":true,"valueName":"search_term_string"}}],"inLanguage":"en-US"},{"@type":"Organization","@id":"https:\/\/enviteka.lt\/#organization","name":"ENVITEKA","url":"https:\/\/enviteka.lt\/","logo":{"@type":"ImageObject","inLanguage":"en-US","@id":"https:\/\/enviteka.lt\/#\/schema\/logo\/image\/","url":"https:\/\/enviteka.lt\/wp-content\/uploads\/2024\/10\/enviteka-high-resolution-logo-transparent-e1742852093377.png","contentUrl":"https:\/\/enviteka.lt\/wp-content\/uploads\/2024\/10\/enviteka-high-resolution-logo-transparent-e1742852093377.png","width":424,"height":150,"caption":"ENVITEKA"},"image":{"@id":"https:\/\/enviteka.lt\/#\/schema\/logo\/image\/"}}]}},"_links":{"self":[{"href":"https:\/\/enviteka.lt\/en\/wp-json\/wp\/v2\/product\/2117","targetHints":{"allow":["GET"]}}],"collection":[{"href":"https:\/\/enviteka.lt\/en\/wp-json\/wp\/v2\/product"}],"about":[{"href":"https:\/\/enviteka.lt\/en\/wp-json\/wp\/v2\/types\/product"}],"wp:featuredmedia":[{"embeddable":true,"href":"https:\/\/enviteka.lt\/en\/wp-json\/wp\/v2\/media\/2119"}],"wp:attachment":[{"href":"https:\/\/enviteka.lt\/en\/wp-json\/wp\/v2\/media?parent=2117"}],"wp:term":[{"taxonomy":"product_brand","embeddable":true,"href":"https:\/\/enviteka.lt\/en\/wp-json\/wp\/v2\/product_brand?post=2117"},{"taxonomy":"product_cat","embeddable":true,"href":"https:\/\/enviteka.lt\/en\/wp-json\/wp\/v2\/product_cat?post=2117"},{"taxonomy":"product_tag","embeddable":true,"href":"https:\/\/enviteka.lt\/en\/wp-json\/wp\/v2\/product_tag?post=2117"}],"curies":[{"name":"wp","href":"https:\/\/api.w.org\/{rel}","templated":true}]}}