{"id":2115,"date":"2025-07-20T16:56:44","date_gmt":"2025-07-20T16:56:44","guid":{"rendered":"https:\/\/enviteka.lt\/?post_type=product&#038;p=2115"},"modified":"2025-07-20T17:01:41","modified_gmt":"2025-07-20T17:01:41","slug":"ritinelis-860-mm-su-2x08b-z14-plieninemis-zvaigzdutemis","status":"publish","type":"product","link":"https:\/\/enviteka.lt\/en\/product\/ritinelis-860-mm-su-2x08b-z14-plieninemis-zvaigzdutemis\/","title":{"rendered":"Ritin\u0117lis 860 mm su 2\u00d708B Z14 plienin\u0117mis \u017evaig\u017edut\u0117mis"},"content":{"rendered":"<p><strong>Apra\u0161ymas &#8211; <\/strong>profesionalus varomas ritin\u0117lis su 50 mm skersmens aluminizuoto plieno vamzd\u017eiu, 14 mm skersmens plieniniu velenu ir dviem 08B1 Z14 plienin\u0117mis pavaros \u017evaig\u017edut\u0117mis. Idealus sprendimas konvejeri\u0173 sistemoms, kur reikalingas didelis patvarumas ir patikima pavara. D\u0117l POM guoli\u0173 ir vidini\u0173 sriegi\u0173 veleno galuose, \u0161is ritin\u0117lis puikiai veikia esant didesn\u0117ms apkrovoms ar sud\u0117tingesn\u0117ms darbo s\u0105lygoms.<\/p>\n<ul>\n<li><strong>Montavimo ilgis:<\/strong> 860 mm<\/li>\n<li><strong>Vamzd\u017eio skersmuo:<\/strong> 50 \u00d7 1,5 mm<\/li>\n<li><strong>Vamzd\u017eio ilgis:<\/strong> 733,5 mm<\/li>\n<li><strong>Vamzd\u017eio med\u017eiaga:<\/strong> Aluminizuotas plienas<\/li>\n<li><strong>Veleno skersmuo:<\/strong> 14 mm<\/li>\n<li><strong>Veleno ilgis:<\/strong> 859 mm<\/li>\n<li><strong>Veleno med\u017eiaga:<\/strong> Plienas<\/li>\n<li><strong>Veleno galai:<\/strong> Vidinis sriegis M8\u00d715 mm (abi pus\u0117s)<\/li>\n<li><strong>Guoliai I:<\/strong> POM korpusas, 6202 guolis<\/li>\n<li><strong>Guoliai II:<\/strong> 2\u00d708B1 Z14 plienin\u0117 \u017evaig\u017edut\u0117, 6202 guolis<\/li>\n<li><strong>Maksimali apkrova:<\/strong> 800 N (~60 kg)<\/li>\n<\/ul>\n<p><strong>Susisiekite su mumis<\/strong> \u2013 jeigu turite klausym\u0173, norite \u012fsigyti.<\/p>\n<p><strong>Pristatymas 5-10 d.d.<\/strong><\/p>","protected":false},"excerpt":{"rendered":"<p>Apra\u0161ymas &#8211; profesionalus varomas ritin\u0117lis su 50 mm skersmens aluminizuoto plieno vamzd\u017eiu, 14 mm skersmens plieniniu velenu ir dviem 08B1 [&hellip;]<\/p>","protected":false},"featured_media":2112,"template":"","meta":{"site-sidebar-layout":"default","site-content-layout":"","ast-site-content-layout":"default","site-content-style":"default","site-sidebar-style":"default","ast-global-header-display":"","ast-banner-title-visibility":"","ast-main-header-display":"","ast-hfb-above-header-display":"","ast-hfb-below-header-display":"","ast-hfb-mobile-header-display":"","site-post-title":"","ast-breadcrumbs-content":"","ast-featured-img":"","footer-sml-layout":"","ast-disable-related-posts":"","theme-transparent-header-meta":"default","adv-header-id-meta":"","stick-header-meta":"","header-above-stick-meta":"","header-main-stick-meta":"","header-below-stick-meta":"","astra-migrate-meta-layouts":"set","ast-page-background-enabled":"default","ast-page-background-meta":{"desktop":{"background-color":"var(--ast-global-color-4)","background-image":"","background-repeat":"repeat","background-position":"center center","background-size":"auto","background-attachment":"scroll","background-type":"","background-media":"","overlay-type":"","overlay-color":"","overlay-opacity":"","overlay-gradient":""},"tablet":{"background-color":"","background-image":"","background-repeat":"repeat","background-position":"center center","background-size":"auto","background-attachment":"scroll","background-type":"","background-media":"","overlay-type":"","overlay-color":"","overlay-opacity":"","overlay-gradient":""},"mobile":{"background-color":"","background-image":"","background-repeat":"repeat","background-position":"center center","background-size":"auto","background-attachment":"scroll","background-type":"","background-media":"","overlay-type":"","overlay-color":"","overlay-opacity":"","overlay-gradient":""}},"ast-content-background-meta":{"desktop":{"background-color":"var(--ast-global-color-5)","background-image":"","background-repeat":"repeat","background-position":"center center","background-size":"auto","background-attachment":"scroll","background-type":"","background-media":"","overlay-type":"","overlay-color":"","overlay-opacity":"","overlay-gradient":""},"tablet":{"background-color":"var(--ast-global-color-5)","background-image":"","background-repeat":"repeat","background-position":"center center","background-size":"auto","background-attachment":"scroll","background-type":"","background-media":"","overlay-type":"","overlay-color":"","overlay-opacity":"","overlay-gradient":""},"mobile":{"background-color":"var(--ast-global-color-5)","background-image":"","background-repeat":"repeat","background-position":"center center","background-size":"auto","background-attachment":"scroll","background-type":"","background-media":"","overlay-type":"","overlay-color":"","overlay-opacity":"","overlay-gradient":""}}},"product_brand":[],"product_cat":[84,138],"product_tag":[],"class_list":{"0":"post-2115","1":"product","2":"type-product","3":"status-publish","4":"has-post-thumbnail","6":"product_cat-konvejeriu-ritineliai","7":"product_cat-varantieji-ritineliai","8":"desktop-align-left","9":"tablet-align-left","10":"mobile-align-left","12":"first","13":"instock","14":"featured","15":"shipping-taxable","16":"product-type-simple"},"yoast_head":"<!-- This site is optimized with the Yoast SEO plugin v27.3 - https:\/\/yoast.com\/product\/yoast-seo-wordpress\/ -->\n<title>Ritin\u0117lis 860 mm su 2\u00d708B Z14 plienin\u0117mis \u017evaig\u017edut\u0117mis - ENVITEKA<\/title>\n<meta name=\"description\" content=\"Varomas konvejerio ritin\u0117lis su dviguba 08B z=14 plienine pavara, aluminizuotu plieno vamzd\u017eiu, 860 mm montavimo ilgiu ir M8 srieginiu velenu.\" \/>\n<meta name=\"robots\" content=\"index, follow, max-snippet:-1, max-image-preview:large, max-video-preview:-1\" \/>\n<link rel=\"canonical\" href=\"https:\/\/enviteka.lt\/en\/product\/ritinelis-860-mm-su-2x08b-z14-plieninemis-zvaigzdutemis\/\" \/>\n<meta property=\"og:locale\" content=\"en_US\" \/>\n<meta property=\"og:type\" content=\"article\" \/>\n<meta property=\"og:title\" content=\"Ritin\u0117lis 860 mm su 2\u00d708B Z14 plienin\u0117mis \u017evaig\u017edut\u0117mis - ENVITEKA\" \/>\n<meta property=\"og:description\" content=\"Varomas konvejerio ritin\u0117lis su dviguba 08B z=14 plienine pavara, aluminizuotu plieno vamzd\u017eiu, 860 mm montavimo ilgiu ir M8 srieginiu velenu.\" \/>\n<meta property=\"og:url\" content=\"https:\/\/enviteka.lt\/en\/product\/ritinelis-860-mm-su-2x08b-z14-plieninemis-zvaigzdutemis\/\" \/>\n<meta property=\"og:site_name\" content=\"ENVITEKA\" \/>\n<meta property=\"article:modified_time\" content=\"2025-07-20T17:01:41+00:00\" \/>\n<meta property=\"og:image\" content=\"https:\/\/enviteka.lt\/wp-content\/uploads\/2025\/07\/ritinelis_24.jpg\" \/>\n\t<meta property=\"og:image:width\" content=\"530\" \/>\n\t<meta property=\"og:image:height\" content=\"495\" \/>\n\t<meta property=\"og:image:type\" content=\"image\/jpeg\" \/>\n<meta name=\"twitter:card\" content=\"summary_large_image\" \/>\n<meta name=\"twitter:label1\" content=\"Est. reading time\" \/>\n\t<meta name=\"twitter:data1\" content=\"1 minute\" \/>\n<script type=\"application\/ld+json\" class=\"yoast-schema-graph\">{\"@context\":\"https:\\\/\\\/schema.org\",\"@graph\":[{\"@type\":\"WebPage\",\"@id\":\"https:\\\/\\\/enviteka.lt\\\/produktas\\\/ritinelis-860-mm-su-2x08b-z14-plieninemis-zvaigzdutemis\\\/\",\"url\":\"https:\\\/\\\/enviteka.lt\\\/produktas\\\/ritinelis-860-mm-su-2x08b-z14-plieninemis-zvaigzdutemis\\\/\",\"name\":\"Ritin\u0117lis 860 mm su 2\u00d708B Z14 plienin\u0117mis \u017evaig\u017edut\u0117mis - ENVITEKA\",\"isPartOf\":{\"@id\":\"https:\\\/\\\/enviteka.lt\\\/#website\"},\"primaryImageOfPage\":{\"@id\":\"https:\\\/\\\/enviteka.lt\\\/produktas\\\/ritinelis-860-mm-su-2x08b-z14-plieninemis-zvaigzdutemis\\\/#primaryimage\"},\"image\":{\"@id\":\"https:\\\/\\\/enviteka.lt\\\/produktas\\\/ritinelis-860-mm-su-2x08b-z14-plieninemis-zvaigzdutemis\\\/#primaryimage\"},\"thumbnailUrl\":\"https:\\\/\\\/enviteka.lt\\\/wp-content\\\/uploads\\\/2025\\\/07\\\/ritinelis_24.jpg\",\"datePublished\":\"2025-07-20T16:56:44+00:00\",\"dateModified\":\"2025-07-20T17:01:41+00:00\",\"description\":\"Varomas konvejerio ritin\u0117lis su dviguba 08B z=14 plienine pavara, aluminizuotu plieno vamzd\u017eiu, 860 mm montavimo ilgiu ir M8 srieginiu velenu.\",\"breadcrumb\":{\"@id\":\"https:\\\/\\\/enviteka.lt\\\/produktas\\\/ritinelis-860-mm-su-2x08b-z14-plieninemis-zvaigzdutemis\\\/#breadcrumb\"},\"inLanguage\":\"en-US\",\"potentialAction\":[{\"@type\":\"ReadAction\",\"target\":[\"https:\\\/\\\/enviteka.lt\\\/produktas\\\/ritinelis-860-mm-su-2x08b-z14-plieninemis-zvaigzdutemis\\\/\"]}]},{\"@type\":\"ImageObject\",\"inLanguage\":\"en-US\",\"@id\":\"https:\\\/\\\/enviteka.lt\\\/produktas\\\/ritinelis-860-mm-su-2x08b-z14-plieninemis-zvaigzdutemis\\\/#primaryimage\",\"url\":\"https:\\\/\\\/enviteka.lt\\\/wp-content\\\/uploads\\\/2025\\\/07\\\/ritinelis_24.jpg\",\"contentUrl\":\"https:\\\/\\\/enviteka.lt\\\/wp-content\\\/uploads\\\/2025\\\/07\\\/ritinelis_24.jpg\",\"width\":530,\"height\":495},{\"@type\":\"BreadcrumbList\",\"@id\":\"https:\\\/\\\/enviteka.lt\\\/produktas\\\/ritinelis-860-mm-su-2x08b-z14-plieninemis-zvaigzdutemis\\\/#breadcrumb\",\"itemListElement\":[{\"@type\":\"ListItem\",\"position\":1,\"name\":\"Home\",\"item\":\"https:\\\/\\\/enviteka.lt\\\/\"},{\"@type\":\"ListItem\",\"position\":2,\"name\":\"Produktai\",\"item\":\"https:\\\/\\\/enviteka.lt\\\/produktai\\\/\"},{\"@type\":\"ListItem\",\"position\":3,\"name\":\"Ritin\u0117lis 860 mm su 2\u00d708B Z14 plienin\u0117mis \u017evaig\u017edut\u0117mis\"}]},{\"@type\":\"WebSite\",\"@id\":\"https:\\\/\\\/enviteka.lt\\\/#website\",\"url\":\"https:\\\/\\\/enviteka.lt\\\/\",\"name\":\"ENVITEKA\",\"description\":\"pramonin\u0117s \u012frangos tiek\u0117jas\",\"publisher\":{\"@id\":\"https:\\\/\\\/enviteka.lt\\\/#organization\"},\"potentialAction\":[{\"@type\":\"SearchAction\",\"target\":{\"@type\":\"EntryPoint\",\"urlTemplate\":\"https:\\\/\\\/enviteka.lt\\\/?s={search_term_string}\"},\"query-input\":{\"@type\":\"PropertyValueSpecification\",\"valueRequired\":true,\"valueName\":\"search_term_string\"}}],\"inLanguage\":\"en-US\"},{\"@type\":\"Organization\",\"@id\":\"https:\\\/\\\/enviteka.lt\\\/#organization\",\"name\":\"ENVITEKA\",\"url\":\"https:\\\/\\\/enviteka.lt\\\/\",\"logo\":{\"@type\":\"ImageObject\",\"inLanguage\":\"en-US\",\"@id\":\"https:\\\/\\\/enviteka.lt\\\/#\\\/schema\\\/logo\\\/image\\\/\",\"url\":\"https:\\\/\\\/enviteka.lt\\\/wp-content\\\/uploads\\\/2024\\\/10\\\/enviteka-high-resolution-logo-transparent-e1742852093377.png\",\"contentUrl\":\"https:\\\/\\\/enviteka.lt\\\/wp-content\\\/uploads\\\/2024\\\/10\\\/enviteka-high-resolution-logo-transparent-e1742852093377.png\",\"width\":424,\"height\":150,\"caption\":\"ENVITEKA\"},\"image\":{\"@id\":\"https:\\\/\\\/enviteka.lt\\\/#\\\/schema\\\/logo\\\/image\\\/\"}}]}<\/script>\n<!-- \/ Yoast SEO plugin. -->","yoast_head_json":{"title":"Ritin\u0117lis 860 mm su 2\u00d708B Z14 plienin\u0117mis \u017evaig\u017edut\u0117mis - ENVITEKA","description":"Varomas konvejerio ritin\u0117lis su dviguba 08B z=14 plienine pavara, aluminizuotu plieno vamzd\u017eiu, 860 mm montavimo ilgiu ir M8 srieginiu velenu.","robots":{"index":"index","follow":"follow","max-snippet":"max-snippet:-1","max-image-preview":"max-image-preview:large","max-video-preview":"max-video-preview:-1"},"canonical":"https:\/\/enviteka.lt\/en\/product\/ritinelis-860-mm-su-2x08b-z14-plieninemis-zvaigzdutemis\/","og_locale":"en_US","og_type":"article","og_title":"Ritin\u0117lis 860 mm su 2\u00d708B Z14 plienin\u0117mis \u017evaig\u017edut\u0117mis - ENVITEKA","og_description":"Varomas konvejerio ritin\u0117lis su dviguba 08B z=14 plienine pavara, aluminizuotu plieno vamzd\u017eiu, 860 mm montavimo ilgiu ir M8 srieginiu velenu.","og_url":"https:\/\/enviteka.lt\/en\/product\/ritinelis-860-mm-su-2x08b-z14-plieninemis-zvaigzdutemis\/","og_site_name":"ENVITEKA","article_modified_time":"2025-07-20T17:01:41+00:00","og_image":[{"width":530,"height":495,"url":"https:\/\/enviteka.lt\/wp-content\/uploads\/2025\/07\/ritinelis_24.jpg","type":"image\/jpeg"}],"twitter_card":"summary_large_image","twitter_misc":{"Est. reading time":"1 minute"},"schema":{"@context":"https:\/\/schema.org","@graph":[{"@type":"WebPage","@id":"https:\/\/enviteka.lt\/produktas\/ritinelis-860-mm-su-2x08b-z14-plieninemis-zvaigzdutemis\/","url":"https:\/\/enviteka.lt\/produktas\/ritinelis-860-mm-su-2x08b-z14-plieninemis-zvaigzdutemis\/","name":"Ritin\u0117lis 860 mm su 2\u00d708B Z14 plienin\u0117mis \u017evaig\u017edut\u0117mis - ENVITEKA","isPartOf":{"@id":"https:\/\/enviteka.lt\/#website"},"primaryImageOfPage":{"@id":"https:\/\/enviteka.lt\/produktas\/ritinelis-860-mm-su-2x08b-z14-plieninemis-zvaigzdutemis\/#primaryimage"},"image":{"@id":"https:\/\/enviteka.lt\/produktas\/ritinelis-860-mm-su-2x08b-z14-plieninemis-zvaigzdutemis\/#primaryimage"},"thumbnailUrl":"https:\/\/enviteka.lt\/wp-content\/uploads\/2025\/07\/ritinelis_24.jpg","datePublished":"2025-07-20T16:56:44+00:00","dateModified":"2025-07-20T17:01:41+00:00","description":"Varomas konvejerio ritin\u0117lis su dviguba 08B z=14 plienine pavara, aluminizuotu plieno vamzd\u017eiu, 860 mm montavimo ilgiu ir M8 srieginiu velenu.","breadcrumb":{"@id":"https:\/\/enviteka.lt\/produktas\/ritinelis-860-mm-su-2x08b-z14-plieninemis-zvaigzdutemis\/#breadcrumb"},"inLanguage":"en-US","potentialAction":[{"@type":"ReadAction","target":["https:\/\/enviteka.lt\/produktas\/ritinelis-860-mm-su-2x08b-z14-plieninemis-zvaigzdutemis\/"]}]},{"@type":"ImageObject","inLanguage":"en-US","@id":"https:\/\/enviteka.lt\/produktas\/ritinelis-860-mm-su-2x08b-z14-plieninemis-zvaigzdutemis\/#primaryimage","url":"https:\/\/enviteka.lt\/wp-content\/uploads\/2025\/07\/ritinelis_24.jpg","contentUrl":"https:\/\/enviteka.lt\/wp-content\/uploads\/2025\/07\/ritinelis_24.jpg","width":530,"height":495},{"@type":"BreadcrumbList","@id":"https:\/\/enviteka.lt\/produktas\/ritinelis-860-mm-su-2x08b-z14-plieninemis-zvaigzdutemis\/#breadcrumb","itemListElement":[{"@type":"ListItem","position":1,"name":"Home","item":"https:\/\/enviteka.lt\/"},{"@type":"ListItem","position":2,"name":"Produktai","item":"https:\/\/enviteka.lt\/produktai\/"},{"@type":"ListItem","position":3,"name":"Ritin\u0117lis 860 mm su 2\u00d708B Z14 plienin\u0117mis \u017evaig\u017edut\u0117mis"}]},{"@type":"WebSite","@id":"https:\/\/enviteka.lt\/#website","url":"https:\/\/enviteka.lt\/","name":"ENVITEKA","description":"pramonin\u0117s \u012frangos tiek\u0117jas","publisher":{"@id":"https:\/\/enviteka.lt\/#organization"},"potentialAction":[{"@type":"SearchAction","target":{"@type":"EntryPoint","urlTemplate":"https:\/\/enviteka.lt\/?s={search_term_string}"},"query-input":{"@type":"PropertyValueSpecification","valueRequired":true,"valueName":"search_term_string"}}],"inLanguage":"en-US"},{"@type":"Organization","@id":"https:\/\/enviteka.lt\/#organization","name":"ENVITEKA","url":"https:\/\/enviteka.lt\/","logo":{"@type":"ImageObject","inLanguage":"en-US","@id":"https:\/\/enviteka.lt\/#\/schema\/logo\/image\/","url":"https:\/\/enviteka.lt\/wp-content\/uploads\/2024\/10\/enviteka-high-resolution-logo-transparent-e1742852093377.png","contentUrl":"https:\/\/enviteka.lt\/wp-content\/uploads\/2024\/10\/enviteka-high-resolution-logo-transparent-e1742852093377.png","width":424,"height":150,"caption":"ENVITEKA"},"image":{"@id":"https:\/\/enviteka.lt\/#\/schema\/logo\/image\/"}}]}},"_links":{"self":[{"href":"https:\/\/enviteka.lt\/en\/wp-json\/wp\/v2\/product\/2115","targetHints":{"allow":["GET"]}}],"collection":[{"href":"https:\/\/enviteka.lt\/en\/wp-json\/wp\/v2\/product"}],"about":[{"href":"https:\/\/enviteka.lt\/en\/wp-json\/wp\/v2\/types\/product"}],"wp:featuredmedia":[{"embeddable":true,"href":"https:\/\/enviteka.lt\/en\/wp-json\/wp\/v2\/media\/2112"}],"wp:attachment":[{"href":"https:\/\/enviteka.lt\/en\/wp-json\/wp\/v2\/media?parent=2115"}],"wp:term":[{"taxonomy":"product_brand","embeddable":true,"href":"https:\/\/enviteka.lt\/en\/wp-json\/wp\/v2\/product_brand?post=2115"},{"taxonomy":"product_cat","embeddable":true,"href":"https:\/\/enviteka.lt\/en\/wp-json\/wp\/v2\/product_cat?post=2115"},{"taxonomy":"product_tag","embeddable":true,"href":"https:\/\/enviteka.lt\/en\/wp-json\/wp\/v2\/product_tag?post=2115"}],"curies":[{"name":"wp","href":"https:\/\/api.w.org\/{rel}","templated":true}]}}