{"id":2107,"date":"2025-07-20T16:47:03","date_gmt":"2025-07-20T16:47:03","guid":{"rendered":"https:\/\/enviteka.lt\/?post_type=product&#038;p=2107"},"modified":"2025-07-20T16:49:14","modified_gmt":"2025-07-20T16:49:14","slug":"ritinelis-406-mm-su-08b-z11-zvaigzdute-pvc","status":"publish","type":"product","link":"https:\/\/enviteka.lt\/en\/product\/ritinelis-406-mm-su-08b-z11-zvaigzdute-pvc\/","title":{"rendered":"Ritin\u0117lis 406 mm su 08B z=11 \u017evaig\u017edute PVC"},"content":{"rendered":"<p><strong>Apra\u0161ymas &#8211;<\/strong> ritin\u0117lis patikimas ir tyliai veikiantis varomas ritin\u0117lis su plastikiniu PVC vamzd\u017eiu, ner\u016bdijan\u010dio plieno velenu ir integruota 08B z=11 plastikin\u0117s \u017evaig\u017edut\u0117s pavara. Puikiai tinka konvejerin\u0117ms sistemoms, kur reikalingas tikslus jud\u0117jimo perdavimas ir atsparumas dr\u0117gmei ar chemikalams.Tinka naudoti tiek bendroje pramon\u0117je, tiek lengvoje maisto ar logistikos srityje.<\/p>\n<ul>\n<li><strong>Montavimo ilgis:<\/strong> 406 mm<\/li>\n<li><strong>Vamzd\u017eio skersmuo:<\/strong> 50 \u00d7 2,8 mm<\/li>\n<li><strong>Vamzd\u017eio ilgis:<\/strong> 374,5 mm<\/li>\n<li><strong>Vamzd\u017eio med\u017eiaga:<\/strong> PVC (plastikas)<\/li>\n<li><strong>Veleno skersmuo:<\/strong> 12 mm<\/li>\n<li><strong>Veleno ilgis:<\/strong> 405 mm<\/li>\n<li><strong>Veleno med\u017eiaga:<\/strong> Ner\u016bdijantis plienas<\/li>\n<li><strong>Veleno galai:<\/strong> Vidinis sriegis M8 \u00d7 25 mm<\/li>\n<li><strong>Guoliai I:<\/strong> POM korpusas, 6202 guolis<\/li>\n<li><strong>Guoliai II:<\/strong> 08B1 z=11 plastikin\u0117 \u017evaig\u017edut\u0117, 6202 guolis<\/li>\n<li><strong>Maksimali apkrova:<\/strong> 800 N (~60 kg)<\/li>\n<\/ul>\n<p><strong>Susisiekite su mumis<\/strong> \u2013 jeigu turite klausym\u0173, norite \u012fsigyti.<\/p>\n<p><strong>Pristatymas 5-10 d.d.<\/strong><\/p>","protected":false},"excerpt":{"rendered":"<p>Apra\u0161ymas &#8211; ritin\u0117lis patikimas ir tyliai veikiantis varomas ritin\u0117lis su plastikiniu PVC vamzd\u017eiu, ner\u016bdijan\u010dio plieno velenu ir integruota 08B z=11 [&hellip;]<\/p>","protected":false},"featured_media":2108,"template":"","meta":{"site-sidebar-layout":"default","site-content-layout":"","ast-site-content-layout":"default","site-content-style":"default","site-sidebar-style":"default","ast-global-header-display":"","ast-banner-title-visibility":"","ast-main-header-display":"","ast-hfb-above-header-display":"","ast-hfb-below-header-display":"","ast-hfb-mobile-header-display":"","site-post-title":"","ast-breadcrumbs-content":"","ast-featured-img":"","footer-sml-layout":"","ast-disable-related-posts":"","theme-transparent-header-meta":"default","adv-header-id-meta":"","stick-header-meta":"","header-above-stick-meta":"","header-main-stick-meta":"","header-below-stick-meta":"","astra-migrate-meta-layouts":"set","ast-page-background-enabled":"default","ast-page-background-meta":{"desktop":{"background-color":"var(--ast-global-color-4)","background-image":"","background-repeat":"repeat","background-position":"center center","background-size":"auto","background-attachment":"scroll","background-type":"","background-media":"","overlay-type":"","overlay-color":"","overlay-opacity":"","overlay-gradient":""},"tablet":{"background-color":"","background-image":"","background-repeat":"repeat","background-position":"center center","background-size":"auto","background-attachment":"scroll","background-type":"","background-media":"","overlay-type":"","overlay-color":"","overlay-opacity":"","overlay-gradient":""},"mobile":{"background-color":"","background-image":"","background-repeat":"repeat","background-position":"center center","background-size":"auto","background-attachment":"scroll","background-type":"","background-media":"","overlay-type":"","overlay-color":"","overlay-opacity":"","overlay-gradient":""}},"ast-content-background-meta":{"desktop":{"background-color":"var(--ast-global-color-5)","background-image":"","background-repeat":"repeat","background-position":"center center","background-size":"auto","background-attachment":"scroll","background-type":"","background-media":"","overlay-type":"","overlay-color":"","overlay-opacity":"","overlay-gradient":""},"tablet":{"background-color":"var(--ast-global-color-5)","background-image":"","background-repeat":"repeat","background-position":"center center","background-size":"auto","background-attachment":"scroll","background-type":"","background-media":"","overlay-type":"","overlay-color":"","overlay-opacity":"","overlay-gradient":""},"mobile":{"background-color":"var(--ast-global-color-5)","background-image":"","background-repeat":"repeat","background-position":"center center","background-size":"auto","background-attachment":"scroll","background-type":"","background-media":"","overlay-type":"","overlay-color":"","overlay-opacity":"","overlay-gradient":""}}},"product_brand":[],"product_cat":[84,138],"product_tag":[],"class_list":{"0":"post-2107","1":"product","2":"type-product","3":"status-publish","4":"has-post-thumbnail","6":"product_cat-konvejeriu-ritineliai","7":"product_cat-varantieji-ritineliai","8":"desktop-align-left","9":"tablet-align-left","10":"mobile-align-left","12":"first","13":"instock","14":"featured","15":"shipping-taxable","16":"product-type-simple"},"yoast_head":"<!-- This site is optimized with the Yoast SEO plugin v27.3 - https:\/\/yoast.com\/product\/yoast-seo-wordpress\/ -->\n<title>Ritin\u0117lis 406 mm su 08B z=11 \u017evaig\u017edute PVC - ENVITEKA<\/title>\n<meta name=\"description\" content=\"Varomas ritin\u0117lis su 08B z=11 plastikine \u017evaig\u017edute, PVC vamzd\u017eiu ir ner\u016bdijan\u010dio plieno velenu. Montavimo ilgis 406 mm. Tinka pramonei ir logistikai.\" \/>\n<meta name=\"robots\" content=\"index, follow, max-snippet:-1, max-image-preview:large, max-video-preview:-1\" \/>\n<link rel=\"canonical\" href=\"https:\/\/enviteka.lt\/en\/product\/ritinelis-406-mm-su-08b-z11-zvaigzdute-pvc\/\" \/>\n<meta property=\"og:locale\" content=\"en_US\" \/>\n<meta property=\"og:type\" content=\"article\" \/>\n<meta property=\"og:title\" content=\"Ritin\u0117lis 406 mm su 08B z=11 \u017evaig\u017edute PVC - ENVITEKA\" \/>\n<meta property=\"og:description\" content=\"Varomas ritin\u0117lis su 08B z=11 plastikine \u017evaig\u017edute, PVC vamzd\u017eiu ir ner\u016bdijan\u010dio plieno velenu. Montavimo ilgis 406 mm. Tinka pramonei ir logistikai.\" \/>\n<meta property=\"og:url\" content=\"https:\/\/enviteka.lt\/en\/product\/ritinelis-406-mm-su-08b-z11-zvaigzdute-pvc\/\" \/>\n<meta property=\"og:site_name\" content=\"ENVITEKA\" \/>\n<meta property=\"article:modified_time\" content=\"2025-07-20T16:49:14+00:00\" \/>\n<meta property=\"og:image\" content=\"https:\/\/enviteka.lt\/wp-content\/uploads\/2025\/07\/ritinelis_enviteka_23.jpg\" \/>\n\t<meta property=\"og:image:width\" content=\"524\" \/>\n\t<meta property=\"og:image:height\" content=\"387\" \/>\n\t<meta property=\"og:image:type\" content=\"image\/jpeg\" \/>\n<meta name=\"twitter:card\" content=\"summary_large_image\" \/>\n<meta name=\"twitter:label1\" content=\"Est. reading time\" \/>\n\t<meta name=\"twitter:data1\" content=\"1 minute\" \/>\n<script type=\"application\/ld+json\" class=\"yoast-schema-graph\">{\"@context\":\"https:\\\/\\\/schema.org\",\"@graph\":[{\"@type\":\"WebPage\",\"@id\":\"https:\\\/\\\/enviteka.lt\\\/produktas\\\/ritinelis-406-mm-su-08b-z11-zvaigzdute-pvc\\\/\",\"url\":\"https:\\\/\\\/enviteka.lt\\\/produktas\\\/ritinelis-406-mm-su-08b-z11-zvaigzdute-pvc\\\/\",\"name\":\"Ritin\u0117lis 406 mm su 08B z=11 \u017evaig\u017edute PVC - ENVITEKA\",\"isPartOf\":{\"@id\":\"https:\\\/\\\/enviteka.lt\\\/#website\"},\"primaryImageOfPage\":{\"@id\":\"https:\\\/\\\/enviteka.lt\\\/produktas\\\/ritinelis-406-mm-su-08b-z11-zvaigzdute-pvc\\\/#primaryimage\"},\"image\":{\"@id\":\"https:\\\/\\\/enviteka.lt\\\/produktas\\\/ritinelis-406-mm-su-08b-z11-zvaigzdute-pvc\\\/#primaryimage\"},\"thumbnailUrl\":\"https:\\\/\\\/enviteka.lt\\\/wp-content\\\/uploads\\\/2025\\\/07\\\/ritinelis_enviteka_23.jpg\",\"datePublished\":\"2025-07-20T16:47:03+00:00\",\"dateModified\":\"2025-07-20T16:49:14+00:00\",\"description\":\"Varomas ritin\u0117lis su 08B z=11 plastikine \u017evaig\u017edute, PVC vamzd\u017eiu ir ner\u016bdijan\u010dio plieno velenu. Montavimo ilgis 406 mm. Tinka pramonei ir logistikai.\",\"breadcrumb\":{\"@id\":\"https:\\\/\\\/enviteka.lt\\\/produktas\\\/ritinelis-406-mm-su-08b-z11-zvaigzdute-pvc\\\/#breadcrumb\"},\"inLanguage\":\"en-US\",\"potentialAction\":[{\"@type\":\"ReadAction\",\"target\":[\"https:\\\/\\\/enviteka.lt\\\/produktas\\\/ritinelis-406-mm-su-08b-z11-zvaigzdute-pvc\\\/\"]}]},{\"@type\":\"ImageObject\",\"inLanguage\":\"en-US\",\"@id\":\"https:\\\/\\\/enviteka.lt\\\/produktas\\\/ritinelis-406-mm-su-08b-z11-zvaigzdute-pvc\\\/#primaryimage\",\"url\":\"https:\\\/\\\/enviteka.lt\\\/wp-content\\\/uploads\\\/2025\\\/07\\\/ritinelis_enviteka_23.jpg\",\"contentUrl\":\"https:\\\/\\\/enviteka.lt\\\/wp-content\\\/uploads\\\/2025\\\/07\\\/ritinelis_enviteka_23.jpg\",\"width\":524,\"height\":387},{\"@type\":\"BreadcrumbList\",\"@id\":\"https:\\\/\\\/enviteka.lt\\\/produktas\\\/ritinelis-406-mm-su-08b-z11-zvaigzdute-pvc\\\/#breadcrumb\",\"itemListElement\":[{\"@type\":\"ListItem\",\"position\":1,\"name\":\"Home\",\"item\":\"https:\\\/\\\/enviteka.lt\\\/\"},{\"@type\":\"ListItem\",\"position\":2,\"name\":\"Produktai\",\"item\":\"https:\\\/\\\/enviteka.lt\\\/produktai\\\/\"},{\"@type\":\"ListItem\",\"position\":3,\"name\":\"Ritin\u0117lis 406 mm su 08B z=11 \u017evaig\u017edute PVC\"}]},{\"@type\":\"WebSite\",\"@id\":\"https:\\\/\\\/enviteka.lt\\\/#website\",\"url\":\"https:\\\/\\\/enviteka.lt\\\/\",\"name\":\"ENVITEKA\",\"description\":\"pramonin\u0117s \u012frangos tiek\u0117jas\",\"publisher\":{\"@id\":\"https:\\\/\\\/enviteka.lt\\\/#organization\"},\"potentialAction\":[{\"@type\":\"SearchAction\",\"target\":{\"@type\":\"EntryPoint\",\"urlTemplate\":\"https:\\\/\\\/enviteka.lt\\\/?s={search_term_string}\"},\"query-input\":{\"@type\":\"PropertyValueSpecification\",\"valueRequired\":true,\"valueName\":\"search_term_string\"}}],\"inLanguage\":\"en-US\"},{\"@type\":\"Organization\",\"@id\":\"https:\\\/\\\/enviteka.lt\\\/#organization\",\"name\":\"ENVITEKA\",\"url\":\"https:\\\/\\\/enviteka.lt\\\/\",\"logo\":{\"@type\":\"ImageObject\",\"inLanguage\":\"en-US\",\"@id\":\"https:\\\/\\\/enviteka.lt\\\/#\\\/schema\\\/logo\\\/image\\\/\",\"url\":\"https:\\\/\\\/enviteka.lt\\\/wp-content\\\/uploads\\\/2024\\\/10\\\/enviteka-high-resolution-logo-transparent-e1742852093377.png\",\"contentUrl\":\"https:\\\/\\\/enviteka.lt\\\/wp-content\\\/uploads\\\/2024\\\/10\\\/enviteka-high-resolution-logo-transparent-e1742852093377.png\",\"width\":424,\"height\":150,\"caption\":\"ENVITEKA\"},\"image\":{\"@id\":\"https:\\\/\\\/enviteka.lt\\\/#\\\/schema\\\/logo\\\/image\\\/\"}}]}<\/script>\n<!-- \/ Yoast SEO plugin. -->","yoast_head_json":{"title":"Ritin\u0117lis 406 mm su 08B z=11 \u017evaig\u017edute PVC - ENVITEKA","description":"Varomas ritin\u0117lis su 08B z=11 plastikine \u017evaig\u017edute, PVC vamzd\u017eiu ir ner\u016bdijan\u010dio plieno velenu. Montavimo ilgis 406 mm. Tinka pramonei ir logistikai.","robots":{"index":"index","follow":"follow","max-snippet":"max-snippet:-1","max-image-preview":"max-image-preview:large","max-video-preview":"max-video-preview:-1"},"canonical":"https:\/\/enviteka.lt\/en\/product\/ritinelis-406-mm-su-08b-z11-zvaigzdute-pvc\/","og_locale":"en_US","og_type":"article","og_title":"Ritin\u0117lis 406 mm su 08B z=11 \u017evaig\u017edute PVC - ENVITEKA","og_description":"Varomas ritin\u0117lis su 08B z=11 plastikine \u017evaig\u017edute, PVC vamzd\u017eiu ir ner\u016bdijan\u010dio plieno velenu. Montavimo ilgis 406 mm. Tinka pramonei ir logistikai.","og_url":"https:\/\/enviteka.lt\/en\/product\/ritinelis-406-mm-su-08b-z11-zvaigzdute-pvc\/","og_site_name":"ENVITEKA","article_modified_time":"2025-07-20T16:49:14+00:00","og_image":[{"width":524,"height":387,"url":"https:\/\/enviteka.lt\/wp-content\/uploads\/2025\/07\/ritinelis_enviteka_23.jpg","type":"image\/jpeg"}],"twitter_card":"summary_large_image","twitter_misc":{"Est. reading time":"1 minute"},"schema":{"@context":"https:\/\/schema.org","@graph":[{"@type":"WebPage","@id":"https:\/\/enviteka.lt\/produktas\/ritinelis-406-mm-su-08b-z11-zvaigzdute-pvc\/","url":"https:\/\/enviteka.lt\/produktas\/ritinelis-406-mm-su-08b-z11-zvaigzdute-pvc\/","name":"Ritin\u0117lis 406 mm su 08B z=11 \u017evaig\u017edute PVC - ENVITEKA","isPartOf":{"@id":"https:\/\/enviteka.lt\/#website"},"primaryImageOfPage":{"@id":"https:\/\/enviteka.lt\/produktas\/ritinelis-406-mm-su-08b-z11-zvaigzdute-pvc\/#primaryimage"},"image":{"@id":"https:\/\/enviteka.lt\/produktas\/ritinelis-406-mm-su-08b-z11-zvaigzdute-pvc\/#primaryimage"},"thumbnailUrl":"https:\/\/enviteka.lt\/wp-content\/uploads\/2025\/07\/ritinelis_enviteka_23.jpg","datePublished":"2025-07-20T16:47:03+00:00","dateModified":"2025-07-20T16:49:14+00:00","description":"Varomas ritin\u0117lis su 08B z=11 plastikine \u017evaig\u017edute, PVC vamzd\u017eiu ir ner\u016bdijan\u010dio plieno velenu. Montavimo ilgis 406 mm. Tinka pramonei ir logistikai.","breadcrumb":{"@id":"https:\/\/enviteka.lt\/produktas\/ritinelis-406-mm-su-08b-z11-zvaigzdute-pvc\/#breadcrumb"},"inLanguage":"en-US","potentialAction":[{"@type":"ReadAction","target":["https:\/\/enviteka.lt\/produktas\/ritinelis-406-mm-su-08b-z11-zvaigzdute-pvc\/"]}]},{"@type":"ImageObject","inLanguage":"en-US","@id":"https:\/\/enviteka.lt\/produktas\/ritinelis-406-mm-su-08b-z11-zvaigzdute-pvc\/#primaryimage","url":"https:\/\/enviteka.lt\/wp-content\/uploads\/2025\/07\/ritinelis_enviteka_23.jpg","contentUrl":"https:\/\/enviteka.lt\/wp-content\/uploads\/2025\/07\/ritinelis_enviteka_23.jpg","width":524,"height":387},{"@type":"BreadcrumbList","@id":"https:\/\/enviteka.lt\/produktas\/ritinelis-406-mm-su-08b-z11-zvaigzdute-pvc\/#breadcrumb","itemListElement":[{"@type":"ListItem","position":1,"name":"Home","item":"https:\/\/enviteka.lt\/"},{"@type":"ListItem","position":2,"name":"Produktai","item":"https:\/\/enviteka.lt\/produktai\/"},{"@type":"ListItem","position":3,"name":"Ritin\u0117lis 406 mm su 08B z=11 \u017evaig\u017edute PVC"}]},{"@type":"WebSite","@id":"https:\/\/enviteka.lt\/#website","url":"https:\/\/enviteka.lt\/","name":"ENVITEKA","description":"pramonin\u0117s \u012frangos tiek\u0117jas","publisher":{"@id":"https:\/\/enviteka.lt\/#organization"},"potentialAction":[{"@type":"SearchAction","target":{"@type":"EntryPoint","urlTemplate":"https:\/\/enviteka.lt\/?s={search_term_string}"},"query-input":{"@type":"PropertyValueSpecification","valueRequired":true,"valueName":"search_term_string"}}],"inLanguage":"en-US"},{"@type":"Organization","@id":"https:\/\/enviteka.lt\/#organization","name":"ENVITEKA","url":"https:\/\/enviteka.lt\/","logo":{"@type":"ImageObject","inLanguage":"en-US","@id":"https:\/\/enviteka.lt\/#\/schema\/logo\/image\/","url":"https:\/\/enviteka.lt\/wp-content\/uploads\/2024\/10\/enviteka-high-resolution-logo-transparent-e1742852093377.png","contentUrl":"https:\/\/enviteka.lt\/wp-content\/uploads\/2024\/10\/enviteka-high-resolution-logo-transparent-e1742852093377.png","width":424,"height":150,"caption":"ENVITEKA"},"image":{"@id":"https:\/\/enviteka.lt\/#\/schema\/logo\/image\/"}}]}},"_links":{"self":[{"href":"https:\/\/enviteka.lt\/en\/wp-json\/wp\/v2\/product\/2107","targetHints":{"allow":["GET"]}}],"collection":[{"href":"https:\/\/enviteka.lt\/en\/wp-json\/wp\/v2\/product"}],"about":[{"href":"https:\/\/enviteka.lt\/en\/wp-json\/wp\/v2\/types\/product"}],"wp:featuredmedia":[{"embeddable":true,"href":"https:\/\/enviteka.lt\/en\/wp-json\/wp\/v2\/media\/2108"}],"wp:attachment":[{"href":"https:\/\/enviteka.lt\/en\/wp-json\/wp\/v2\/media?parent=2107"}],"wp:term":[{"taxonomy":"product_brand","embeddable":true,"href":"https:\/\/enviteka.lt\/en\/wp-json\/wp\/v2\/product_brand?post=2107"},{"taxonomy":"product_cat","embeddable":true,"href":"https:\/\/enviteka.lt\/en\/wp-json\/wp\/v2\/product_cat?post=2107"},{"taxonomy":"product_tag","embeddable":true,"href":"https:\/\/enviteka.lt\/en\/wp-json\/wp\/v2\/product_tag?post=2107"}],"curies":[{"name":"wp","href":"https:\/\/api.w.org\/{rel}","templated":true}]}}