{"id":2064,"date":"2025-07-18T15:28:38","date_gmt":"2025-07-18T15:28:38","guid":{"rendered":"https:\/\/enviteka.lt\/?post_type=product&#038;p=2064"},"modified":"2025-07-18T15:31:03","modified_gmt":"2025-07-18T15:31:03","slug":"gravitacinis-cinkuoto-plieno-ritinelis-618mm","status":"publish","type":"product","link":"https:\/\/enviteka.lt\/en\/product\/gravitacinis-cinkuoto-plieno-ritinelis-618mm\/","title":{"rendered":"Gravitacinis cinkuoto plieno ritin\u0117lis 618mm"},"content":{"rendered":"<p data-start=\"391\" data-end=\"406\"><strong>Apra\u0161ymas<\/strong> \u2013 tai lengvos konstrukcijos ritin\u0117lis, skirtas lengv\u0173 gamini\u0173 transportavimui. D\u0117l plastikini\u0173 guoli\u0173 (POM korpusas su ner\u016bdijan\u010dio plieno rutuliniais guoliais) \u0161is ritin\u0117lis tinkamas naudoti ir maisto pramon\u0117je bei kitose aplinkose, kur reikalinga \u0161vara ir atsparumas korozijai.<\/p>\n<ul>\n<li style=\"list-style-type: none;\">\n<ul>\n<li style=\"list-style-type: none;\">\n<ul>\n<li><strong>Montavimo ilgis:<\/strong> B = 618 mm<\/li>\n<li data-start=\"788\" data-end=\"829\"><strong data-start=\"788\" data-end=\"811\">Vamzdelio skersmuo:<\/strong> D = 50 \u00d7 1,5 mm<\/li>\n<li data-start=\"832\" data-end=\"866\"><strong data-start=\"832\" data-end=\"852\">Vamzdelio ilgis:<\/strong> B1 = 609 mm<\/li>\n<li data-start=\"869\" data-end=\"912\"><strong data-start=\"869\" data-end=\"892\">Vamzdelio med\u017eiaga:<\/strong> Cinkuotas plienas<\/li>\n<li data-start=\"915\" data-end=\"947\"><strong data-start=\"915\" data-end=\"935\">Veleno skersmuo:<\/strong> d = 12 mm<\/li>\n<li data-start=\"950\" data-end=\"981\"><strong data-start=\"950\" data-end=\"967\">Veleno ilgis:<\/strong> B0 = 617 mm<\/li>\n<li data-start=\"984\" data-end=\"1014\"><strong data-start=\"984\" data-end=\"1004\">Veleno med\u017eiaga:<\/strong> Plienas<\/li>\n<li data-start=\"1017\" data-end=\"1065\"><strong data-start=\"1017\" data-end=\"1034\">Veleno galai:<\/strong> Vidinis sriegis \u2013 M8 \u00d7 20 mm<\/li>\n<li data-start=\"1068\" data-end=\"1146\"><strong data-start=\"1068\" data-end=\"1080\">Guoliai:<\/strong> POM plastiko korpusas su ner\u016bdijan\u010dio plieno rutuliniais guoliais<\/li>\n<li><strong>Maksimali apkrova:<\/strong> <strong>200 N \/ ritin\u0117lis (~14 kg)<\/strong><\/li>\n<\/ul>\n<\/li>\n<\/ul>\n<\/li>\n<\/ul>\n<p><strong>Susisiekite su mumis<\/strong> \u2013 jeigu turite klausym\u0173, norite \u012fsigyti.<\/p>\n<p><strong>Turime sand\u0117lyje. Pristatymas 2-3 d.d.<\/strong><\/p>","protected":false},"excerpt":{"rendered":"<p>Apra\u0161ymas \u2013 tai lengvos konstrukcijos ritin\u0117lis, skirtas lengv\u0173 gamini\u0173 transportavimui. D\u0117l plastikini\u0173 guoli\u0173 (POM korpusas su ner\u016bdijan\u010dio plieno rutuliniais guoliais) [&hellip;]<\/p>","protected":false},"featured_media":2065,"template":"","meta":{"site-sidebar-layout":"default","site-content-layout":"","ast-site-content-layout":"default","site-content-style":"default","site-sidebar-style":"default","ast-global-header-display":"","ast-banner-title-visibility":"","ast-main-header-display":"","ast-hfb-above-header-display":"","ast-hfb-below-header-display":"","ast-hfb-mobile-header-display":"","site-post-title":"","ast-breadcrumbs-content":"","ast-featured-img":"","footer-sml-layout":"","ast-disable-related-posts":"","theme-transparent-header-meta":"default","adv-header-id-meta":"","stick-header-meta":"","header-above-stick-meta":"","header-main-stick-meta":"","header-below-stick-meta":"","astra-migrate-meta-layouts":"set","ast-page-background-enabled":"default","ast-page-background-meta":{"desktop":{"background-color":"var(--ast-global-color-4)","background-image":"","background-repeat":"repeat","background-position":"center center","background-size":"auto","background-attachment":"scroll","background-type":"","background-media":"","overlay-type":"","overlay-color":"","overlay-opacity":"","overlay-gradient":""},"tablet":{"background-color":"","background-image":"","background-repeat":"repeat","background-position":"center center","background-size":"auto","background-attachment":"scroll","background-type":"","background-media":"","overlay-type":"","overlay-color":"","overlay-opacity":"","overlay-gradient":""},"mobile":{"background-color":"","background-image":"","background-repeat":"repeat","background-position":"center center","background-size":"auto","background-attachment":"scroll","background-type":"","background-media":"","overlay-type":"","overlay-color":"","overlay-opacity":"","overlay-gradient":""}},"ast-content-background-meta":{"desktop":{"background-color":"var(--ast-global-color-5)","background-image":"","background-repeat":"repeat","background-position":"center center","background-size":"auto","background-attachment":"scroll","background-type":"","background-media":"","overlay-type":"","overlay-color":"","overlay-opacity":"","overlay-gradient":""},"tablet":{"background-color":"var(--ast-global-color-5)","background-image":"","background-repeat":"repeat","background-position":"center center","background-size":"auto","background-attachment":"scroll","background-type":"","background-media":"","overlay-type":"","overlay-color":"","overlay-opacity":"","overlay-gradient":""},"mobile":{"background-color":"var(--ast-global-color-5)","background-image":"","background-repeat":"repeat","background-position":"center center","background-size":"auto","background-attachment":"scroll","background-type":"","background-media":"","overlay-type":"","overlay-color":"","overlay-opacity":"","overlay-gradient":""}}},"product_brand":[],"product_cat":[137,84],"product_tag":[],"class_list":{"0":"post-2064","1":"product","2":"type-product","3":"status-publish","4":"has-post-thumbnail","6":"product_cat-gravitaciniai-ritineliai","7":"product_cat-konvejeriu-ritineliai","8":"desktop-align-left","9":"tablet-align-left","10":"mobile-align-left","12":"first","13":"instock","14":"featured","15":"shipping-taxable","16":"product-type-simple"},"yoast_head":"<!-- This site is optimized with the Yoast SEO plugin v27.3 - https:\/\/yoast.com\/product\/yoast-seo-wordpress\/ -->\n<title>Gravitacinis cinkuoto plieno ritin\u0117lis 618mm - ENVITEKA<\/title>\n<meta name=\"description\" content=\"Ritin\u0117lis su 50 mm cinkuoto plieno vamzd\u017eiu, 618 mm montavimo ilgiu ir vidiniu M8 sriegiu. Tinka konvejeriams, var\u017etiniam tvirtinimui ir maisto pramonei.\" \/>\n<meta name=\"robots\" content=\"index, follow, max-snippet:-1, max-image-preview:large, max-video-preview:-1\" \/>\n<link rel=\"canonical\" href=\"https:\/\/enviteka.lt\/en\/product\/gravitacinis-cinkuoto-plieno-ritinelis-618mm\/\" \/>\n<meta property=\"og:locale\" content=\"en_US\" \/>\n<meta property=\"og:type\" content=\"article\" \/>\n<meta property=\"og:title\" content=\"Gravitacinis cinkuoto plieno ritin\u0117lis 618mm - ENVITEKA\" \/>\n<meta property=\"og:description\" content=\"Ritin\u0117lis su 50 mm cinkuoto plieno vamzd\u017eiu, 618 mm montavimo ilgiu ir vidiniu M8 sriegiu. Tinka konvejeriams, var\u017etiniam tvirtinimui ir maisto pramonei.\" \/>\n<meta property=\"og:url\" content=\"https:\/\/enviteka.lt\/en\/product\/gravitacinis-cinkuoto-plieno-ritinelis-618mm\/\" \/>\n<meta property=\"og:site_name\" content=\"ENVITEKA\" \/>\n<meta property=\"article:modified_time\" content=\"2025-07-18T15:31:03+00:00\" \/>\n<meta property=\"og:image\" content=\"https:\/\/enviteka.lt\/wp-content\/uploads\/2025\/07\/ritinelis_14.jpg\" \/>\n\t<meta property=\"og:image:width\" content=\"531\" \/>\n\t<meta property=\"og:image:height\" content=\"489\" \/>\n\t<meta property=\"og:image:type\" content=\"image\/jpeg\" \/>\n<meta name=\"twitter:card\" content=\"summary_large_image\" \/>\n<meta name=\"twitter:label1\" content=\"Est. reading time\" \/>\n\t<meta name=\"twitter:data1\" content=\"1 minute\" \/>\n<script type=\"application\/ld+json\" class=\"yoast-schema-graph\">{\"@context\":\"https:\\\/\\\/schema.org\",\"@graph\":[{\"@type\":\"WebPage\",\"@id\":\"https:\\\/\\\/enviteka.lt\\\/produktas\\\/gravitacinis-cinkuoto-plieno-ritinelis-618mm\\\/\",\"url\":\"https:\\\/\\\/enviteka.lt\\\/produktas\\\/gravitacinis-cinkuoto-plieno-ritinelis-618mm\\\/\",\"name\":\"Gravitacinis cinkuoto plieno ritin\u0117lis 618mm - ENVITEKA\",\"isPartOf\":{\"@id\":\"https:\\\/\\\/enviteka.lt\\\/#website\"},\"primaryImageOfPage\":{\"@id\":\"https:\\\/\\\/enviteka.lt\\\/produktas\\\/gravitacinis-cinkuoto-plieno-ritinelis-618mm\\\/#primaryimage\"},\"image\":{\"@id\":\"https:\\\/\\\/enviteka.lt\\\/produktas\\\/gravitacinis-cinkuoto-plieno-ritinelis-618mm\\\/#primaryimage\"},\"thumbnailUrl\":\"https:\\\/\\\/enviteka.lt\\\/wp-content\\\/uploads\\\/2025\\\/07\\\/ritinelis_14.jpg\",\"datePublished\":\"2025-07-18T15:28:38+00:00\",\"dateModified\":\"2025-07-18T15:31:03+00:00\",\"description\":\"Ritin\u0117lis su 50 mm cinkuoto plieno vamzd\u017eiu, 618 mm montavimo ilgiu ir vidiniu M8 sriegiu. Tinka konvejeriams, var\u017etiniam tvirtinimui ir maisto pramonei.\",\"breadcrumb\":{\"@id\":\"https:\\\/\\\/enviteka.lt\\\/produktas\\\/gravitacinis-cinkuoto-plieno-ritinelis-618mm\\\/#breadcrumb\"},\"inLanguage\":\"en-US\",\"potentialAction\":[{\"@type\":\"ReadAction\",\"target\":[\"https:\\\/\\\/enviteka.lt\\\/produktas\\\/gravitacinis-cinkuoto-plieno-ritinelis-618mm\\\/\"]}]},{\"@type\":\"ImageObject\",\"inLanguage\":\"en-US\",\"@id\":\"https:\\\/\\\/enviteka.lt\\\/produktas\\\/gravitacinis-cinkuoto-plieno-ritinelis-618mm\\\/#primaryimage\",\"url\":\"https:\\\/\\\/enviteka.lt\\\/wp-content\\\/uploads\\\/2025\\\/07\\\/ritinelis_14.jpg\",\"contentUrl\":\"https:\\\/\\\/enviteka.lt\\\/wp-content\\\/uploads\\\/2025\\\/07\\\/ritinelis_14.jpg\",\"width\":531,\"height\":489},{\"@type\":\"BreadcrumbList\",\"@id\":\"https:\\\/\\\/enviteka.lt\\\/produktas\\\/gravitacinis-cinkuoto-plieno-ritinelis-618mm\\\/#breadcrumb\",\"itemListElement\":[{\"@type\":\"ListItem\",\"position\":1,\"name\":\"Home\",\"item\":\"https:\\\/\\\/enviteka.lt\\\/\"},{\"@type\":\"ListItem\",\"position\":2,\"name\":\"Produktai\",\"item\":\"https:\\\/\\\/enviteka.lt\\\/produktai\\\/\"},{\"@type\":\"ListItem\",\"position\":3,\"name\":\"Gravitacinis cinkuoto plieno ritin\u0117lis 618mm\"}]},{\"@type\":\"WebSite\",\"@id\":\"https:\\\/\\\/enviteka.lt\\\/#website\",\"url\":\"https:\\\/\\\/enviteka.lt\\\/\",\"name\":\"ENVITEKA\",\"description\":\"pramonin\u0117s \u012frangos tiek\u0117jas\",\"publisher\":{\"@id\":\"https:\\\/\\\/enviteka.lt\\\/#organization\"},\"potentialAction\":[{\"@type\":\"SearchAction\",\"target\":{\"@type\":\"EntryPoint\",\"urlTemplate\":\"https:\\\/\\\/enviteka.lt\\\/?s={search_term_string}\"},\"query-input\":{\"@type\":\"PropertyValueSpecification\",\"valueRequired\":true,\"valueName\":\"search_term_string\"}}],\"inLanguage\":\"en-US\"},{\"@type\":\"Organization\",\"@id\":\"https:\\\/\\\/enviteka.lt\\\/#organization\",\"name\":\"ENVITEKA\",\"url\":\"https:\\\/\\\/enviteka.lt\\\/\",\"logo\":{\"@type\":\"ImageObject\",\"inLanguage\":\"en-US\",\"@id\":\"https:\\\/\\\/enviteka.lt\\\/#\\\/schema\\\/logo\\\/image\\\/\",\"url\":\"https:\\\/\\\/enviteka.lt\\\/wp-content\\\/uploads\\\/2024\\\/10\\\/enviteka-high-resolution-logo-transparent-e1742852093377.png\",\"contentUrl\":\"https:\\\/\\\/enviteka.lt\\\/wp-content\\\/uploads\\\/2024\\\/10\\\/enviteka-high-resolution-logo-transparent-e1742852093377.png\",\"width\":424,\"height\":150,\"caption\":\"ENVITEKA\"},\"image\":{\"@id\":\"https:\\\/\\\/enviteka.lt\\\/#\\\/schema\\\/logo\\\/image\\\/\"}}]}<\/script>\n<!-- \/ Yoast SEO plugin. -->","yoast_head_json":{"title":"Gravitacinis cinkuoto plieno ritin\u0117lis 618mm - ENVITEKA","description":"Ritin\u0117lis su 50 mm cinkuoto plieno vamzd\u017eiu, 618 mm montavimo ilgiu ir vidiniu M8 sriegiu. Tinka konvejeriams, var\u017etiniam tvirtinimui ir maisto pramonei.","robots":{"index":"index","follow":"follow","max-snippet":"max-snippet:-1","max-image-preview":"max-image-preview:large","max-video-preview":"max-video-preview:-1"},"canonical":"https:\/\/enviteka.lt\/en\/product\/gravitacinis-cinkuoto-plieno-ritinelis-618mm\/","og_locale":"en_US","og_type":"article","og_title":"Gravitacinis cinkuoto plieno ritin\u0117lis 618mm - ENVITEKA","og_description":"Ritin\u0117lis su 50 mm cinkuoto plieno vamzd\u017eiu, 618 mm montavimo ilgiu ir vidiniu M8 sriegiu. Tinka konvejeriams, var\u017etiniam tvirtinimui ir maisto pramonei.","og_url":"https:\/\/enviteka.lt\/en\/product\/gravitacinis-cinkuoto-plieno-ritinelis-618mm\/","og_site_name":"ENVITEKA","article_modified_time":"2025-07-18T15:31:03+00:00","og_image":[{"width":531,"height":489,"url":"https:\/\/enviteka.lt\/wp-content\/uploads\/2025\/07\/ritinelis_14.jpg","type":"image\/jpeg"}],"twitter_card":"summary_large_image","twitter_misc":{"Est. reading time":"1 minute"},"schema":{"@context":"https:\/\/schema.org","@graph":[{"@type":"WebPage","@id":"https:\/\/enviteka.lt\/produktas\/gravitacinis-cinkuoto-plieno-ritinelis-618mm\/","url":"https:\/\/enviteka.lt\/produktas\/gravitacinis-cinkuoto-plieno-ritinelis-618mm\/","name":"Gravitacinis cinkuoto plieno ritin\u0117lis 618mm - ENVITEKA","isPartOf":{"@id":"https:\/\/enviteka.lt\/#website"},"primaryImageOfPage":{"@id":"https:\/\/enviteka.lt\/produktas\/gravitacinis-cinkuoto-plieno-ritinelis-618mm\/#primaryimage"},"image":{"@id":"https:\/\/enviteka.lt\/produktas\/gravitacinis-cinkuoto-plieno-ritinelis-618mm\/#primaryimage"},"thumbnailUrl":"https:\/\/enviteka.lt\/wp-content\/uploads\/2025\/07\/ritinelis_14.jpg","datePublished":"2025-07-18T15:28:38+00:00","dateModified":"2025-07-18T15:31:03+00:00","description":"Ritin\u0117lis su 50 mm cinkuoto plieno vamzd\u017eiu, 618 mm montavimo ilgiu ir vidiniu M8 sriegiu. Tinka konvejeriams, var\u017etiniam tvirtinimui ir maisto pramonei.","breadcrumb":{"@id":"https:\/\/enviteka.lt\/produktas\/gravitacinis-cinkuoto-plieno-ritinelis-618mm\/#breadcrumb"},"inLanguage":"en-US","potentialAction":[{"@type":"ReadAction","target":["https:\/\/enviteka.lt\/produktas\/gravitacinis-cinkuoto-plieno-ritinelis-618mm\/"]}]},{"@type":"ImageObject","inLanguage":"en-US","@id":"https:\/\/enviteka.lt\/produktas\/gravitacinis-cinkuoto-plieno-ritinelis-618mm\/#primaryimage","url":"https:\/\/enviteka.lt\/wp-content\/uploads\/2025\/07\/ritinelis_14.jpg","contentUrl":"https:\/\/enviteka.lt\/wp-content\/uploads\/2025\/07\/ritinelis_14.jpg","width":531,"height":489},{"@type":"BreadcrumbList","@id":"https:\/\/enviteka.lt\/produktas\/gravitacinis-cinkuoto-plieno-ritinelis-618mm\/#breadcrumb","itemListElement":[{"@type":"ListItem","position":1,"name":"Home","item":"https:\/\/enviteka.lt\/"},{"@type":"ListItem","position":2,"name":"Produktai","item":"https:\/\/enviteka.lt\/produktai\/"},{"@type":"ListItem","position":3,"name":"Gravitacinis cinkuoto plieno ritin\u0117lis 618mm"}]},{"@type":"WebSite","@id":"https:\/\/enviteka.lt\/#website","url":"https:\/\/enviteka.lt\/","name":"ENVITEKA","description":"pramonin\u0117s \u012frangos tiek\u0117jas","publisher":{"@id":"https:\/\/enviteka.lt\/#organization"},"potentialAction":[{"@type":"SearchAction","target":{"@type":"EntryPoint","urlTemplate":"https:\/\/enviteka.lt\/?s={search_term_string}"},"query-input":{"@type":"PropertyValueSpecification","valueRequired":true,"valueName":"search_term_string"}}],"inLanguage":"en-US"},{"@type":"Organization","@id":"https:\/\/enviteka.lt\/#organization","name":"ENVITEKA","url":"https:\/\/enviteka.lt\/","logo":{"@type":"ImageObject","inLanguage":"en-US","@id":"https:\/\/enviteka.lt\/#\/schema\/logo\/image\/","url":"https:\/\/enviteka.lt\/wp-content\/uploads\/2024\/10\/enviteka-high-resolution-logo-transparent-e1742852093377.png","contentUrl":"https:\/\/enviteka.lt\/wp-content\/uploads\/2024\/10\/enviteka-high-resolution-logo-transparent-e1742852093377.png","width":424,"height":150,"caption":"ENVITEKA"},"image":{"@id":"https:\/\/enviteka.lt\/#\/schema\/logo\/image\/"}}]}},"_links":{"self":[{"href":"https:\/\/enviteka.lt\/en\/wp-json\/wp\/v2\/product\/2064","targetHints":{"allow":["GET"]}}],"collection":[{"href":"https:\/\/enviteka.lt\/en\/wp-json\/wp\/v2\/product"}],"about":[{"href":"https:\/\/enviteka.lt\/en\/wp-json\/wp\/v2\/types\/product"}],"wp:featuredmedia":[{"embeddable":true,"href":"https:\/\/enviteka.lt\/en\/wp-json\/wp\/v2\/media\/2065"}],"wp:attachment":[{"href":"https:\/\/enviteka.lt\/en\/wp-json\/wp\/v2\/media?parent=2064"}],"wp:term":[{"taxonomy":"product_brand","embeddable":true,"href":"https:\/\/enviteka.lt\/en\/wp-json\/wp\/v2\/product_brand?post=2064"},{"taxonomy":"product_cat","embeddable":true,"href":"https:\/\/enviteka.lt\/en\/wp-json\/wp\/v2\/product_cat?post=2064"},{"taxonomy":"product_tag","embeddable":true,"href":"https:\/\/enviteka.lt\/en\/wp-json\/wp\/v2\/product_tag?post=2064"}],"curies":[{"name":"wp","href":"https:\/\/api.w.org\/{rel}","templated":true}]}}