{"id":2053,"date":"2025-07-18T12:22:35","date_gmt":"2025-07-18T12:22:35","guid":{"rendered":"https:\/\/enviteka.lt\/?post_type=product&#038;p=2053"},"modified":"2025-07-18T12:32:35","modified_gmt":"2025-07-18T12:32:35","slug":"ritinelis_d020_l0400_d08","status":"publish","type":"product","link":"https:\/\/enviteka.lt\/en\/product\/ritinelis_d020_l0400_d08\/","title":{"rendered":"Gravitacinis konvejerio ritin\u0117lis 20 mm ner\u016bdijantis plienas 400 mm ilgis"},"content":{"rendered":"<p data-start=\"391\" data-end=\"406\"><strong>Apra\u0161ymas<\/strong> \u2013 tai lengvos konstrukcijos ritin\u0117lis, skirtas lengv\u0173 gamini\u0173 transportavimui. D\u0117l plastikini\u0173 guoli\u0173 (POM korpusas su ner\u016bdijan\u010dio plieno rutuliniais guoliais) \u0161is ritin\u0117lis tinkamas naudoti ir maisto pramon\u0117je bei kitose aplinkose, kur reikalinga \u0161vara ir atsparumas korozijai<\/p>\n<ul>\n<li style=\"list-style-type: none;\">\n<ul>\n<li><strong>Montavimo ilgis:<\/strong> B = 400 mm<\/li>\n<li data-start=\"785\" data-end=\"826\"><strong data-start=\"785\" data-end=\"808\">Vamzdelio skersmuo:<\/strong> D = 20 \u00d7 1,5 mm<\/li>\n<li data-start=\"829\" data-end=\"863\"><strong data-start=\"829\" data-end=\"849\">Vamzdelio ilgis:<\/strong> B1 = 394 mm<\/li>\n<li data-start=\"866\" data-end=\"921\"><strong data-start=\"866\" data-end=\"889\">Vamzdelio med\u017eiaga:<\/strong> Ner\u016bdijantis plienas (1.4301)<\/li>\n<li data-start=\"924\" data-end=\"955\"><strong data-start=\"924\" data-end=\"944\">Veleno skersmuo:<\/strong> d = 8 mm<\/li>\n<li data-start=\"958\" data-end=\"989\"><strong data-start=\"958\" data-end=\"975\">Veleno ilgis:<\/strong> B0 = 420 mm<\/li>\n<li data-start=\"992\" data-end=\"1044\"><strong data-start=\"992\" data-end=\"1012\">Veleno med\u017eiaga:<\/strong> Ner\u016bdijantis plienas (1.4301)<\/li>\n<li data-start=\"1047\" data-end=\"1090\"><strong data-start=\"1047\" data-end=\"1064\">Veleno galai:<\/strong> Spyruokliniai 2 \u00d7 10 mm<\/li>\n<li data-start=\"1093\" data-end=\"1158\"><strong data-start=\"1093\" data-end=\"1105\">Guoliai:<\/strong> POM korpusas, ner\u016bdijan\u010dio plieno rutuliniai guoliaii<\/li>\n<li data-start=\"1105\" data-end=\"1170\"><strong>Maksimali apkrova:<\/strong> 70 N (~9 kg)<\/li>\n<\/ul>\n<\/li>\n<\/ul>\n<p><strong>Susisiekite su mumis<\/strong> \u2013 jeigu turite klausym\u0173, norite \u012fsigyti.<\/p>\n<p><strong>Pristatymas 2-3 d.d.<\/strong><\/p>","protected":false},"excerpt":{"rendered":"<p>Apra\u0161ymas \u2013 tai lengvos konstrukcijos ritin\u0117lis, skirtas lengv\u0173 gamini\u0173 transportavimui. D\u0117l plastikini\u0173 guoli\u0173 (POM korpusas su ner\u016bdijan\u010dio plieno rutuliniais guoliais) [&hellip;]<\/p>","protected":false},"featured_media":2054,"template":"","meta":{"site-sidebar-layout":"default","site-content-layout":"","ast-site-content-layout":"default","site-content-style":"default","site-sidebar-style":"default","ast-global-header-display":"","ast-banner-title-visibility":"","ast-main-header-display":"","ast-hfb-above-header-display":"","ast-hfb-below-header-display":"","ast-hfb-mobile-header-display":"","site-post-title":"","ast-breadcrumbs-content":"","ast-featured-img":"","footer-sml-layout":"","ast-disable-related-posts":"","theme-transparent-header-meta":"default","adv-header-id-meta":"","stick-header-meta":"","header-above-stick-meta":"","header-main-stick-meta":"","header-below-stick-meta":"","astra-migrate-meta-layouts":"set","ast-page-background-enabled":"default","ast-page-background-meta":{"desktop":{"background-color":"var(--ast-global-color-4)","background-image":"","background-repeat":"repeat","background-position":"center center","background-size":"auto","background-attachment":"scroll","background-type":"","background-media":"","overlay-type":"","overlay-color":"","overlay-opacity":"","overlay-gradient":""},"tablet":{"background-color":"","background-image":"","background-repeat":"repeat","background-position":"center center","background-size":"auto","background-attachment":"scroll","background-type":"","background-media":"","overlay-type":"","overlay-color":"","overlay-opacity":"","overlay-gradient":""},"mobile":{"background-color":"","background-image":"","background-repeat":"repeat","background-position":"center center","background-size":"auto","background-attachment":"scroll","background-type":"","background-media":"","overlay-type":"","overlay-color":"","overlay-opacity":"","overlay-gradient":""}},"ast-content-background-meta":{"desktop":{"background-color":"var(--ast-global-color-5)","background-image":"","background-repeat":"repeat","background-position":"center center","background-size":"auto","background-attachment":"scroll","background-type":"","background-media":"","overlay-type":"","overlay-color":"","overlay-opacity":"","overlay-gradient":""},"tablet":{"background-color":"var(--ast-global-color-5)","background-image":"","background-repeat":"repeat","background-position":"center center","background-size":"auto","background-attachment":"scroll","background-type":"","background-media":"","overlay-type":"","overlay-color":"","overlay-opacity":"","overlay-gradient":""},"mobile":{"background-color":"var(--ast-global-color-5)","background-image":"","background-repeat":"repeat","background-position":"center center","background-size":"auto","background-attachment":"scroll","background-type":"","background-media":"","overlay-type":"","overlay-color":"","overlay-opacity":"","overlay-gradient":""}}},"product_brand":[],"product_cat":[137,84],"product_tag":[],"class_list":{"0":"post-2053","1":"product","2":"type-product","3":"status-publish","4":"has-post-thumbnail","6":"product_cat-gravitaciniai-ritineliai","7":"product_cat-konvejeriu-ritineliai","8":"desktop-align-left","9":"tablet-align-left","10":"mobile-align-left","12":"first","13":"instock","14":"featured","15":"shipping-taxable","16":"product-type-simple"},"yoast_head":"<!-- This site is optimized with the Yoast SEO plugin v27.3 - https:\/\/yoast.com\/product\/yoast-seo-wordpress\/ -->\n<title>Gravitacinis konvejerio ritin\u0117lis 20 mm ner\u016bdijantis plienas 400 mm ilgis - ENVITEKA<\/title>\n<meta name=\"description\" content=\"Lengvas ir atsparus korozijai ritin\u0117lis su 20 mm ner\u016bdijan\u010dio plieno vamzdeliu, 400 mm montavimo ilgiu ir 8 mm spyruokliniu velenu.\" \/>\n<meta name=\"robots\" content=\"index, follow, max-snippet:-1, max-image-preview:large, max-video-preview:-1\" \/>\n<link rel=\"canonical\" href=\"https:\/\/enviteka.lt\/en\/product\/ritinelis_d020_l0400_d08\/\" \/>\n<meta property=\"og:locale\" content=\"en_US\" \/>\n<meta property=\"og:type\" content=\"article\" \/>\n<meta property=\"og:title\" content=\"Gravitacinis konvejerio ritin\u0117lis 20 mm ner\u016bdijantis plienas 400 mm ilgis - ENVITEKA\" \/>\n<meta property=\"og:description\" content=\"Lengvas ir atsparus korozijai ritin\u0117lis su 20 mm ner\u016bdijan\u010dio plieno vamzdeliu, 400 mm montavimo ilgiu ir 8 mm spyruokliniu velenu.\" \/>\n<meta property=\"og:url\" content=\"https:\/\/enviteka.lt\/en\/product\/ritinelis_d020_l0400_d08\/\" \/>\n<meta property=\"og:site_name\" content=\"ENVITEKA\" \/>\n<meta property=\"article:modified_time\" content=\"2025-07-18T12:32:35+00:00\" \/>\n<meta property=\"og:image\" content=\"https:\/\/enviteka.lt\/wp-content\/uploads\/2025\/07\/gravitacinis_ritinelis_enviteka3.jpg\" \/>\n\t<meta property=\"og:image:width\" content=\"520\" \/>\n\t<meta property=\"og:image:height\" content=\"510\" \/>\n\t<meta property=\"og:image:type\" content=\"image\/jpeg\" \/>\n<meta name=\"twitter:card\" content=\"summary_large_image\" \/>\n<meta name=\"twitter:label1\" content=\"Est. reading time\" \/>\n\t<meta name=\"twitter:data1\" content=\"1 minute\" \/>\n<script type=\"application\/ld+json\" class=\"yoast-schema-graph\">{\"@context\":\"https:\\\/\\\/schema.org\",\"@graph\":[{\"@type\":\"WebPage\",\"@id\":\"https:\\\/\\\/enviteka.lt\\\/produktas\\\/ritinelis_d020_l0400_d08\\\/\",\"url\":\"https:\\\/\\\/enviteka.lt\\\/produktas\\\/ritinelis_d020_l0400_d08\\\/\",\"name\":\"Gravitacinis konvejerio ritin\u0117lis 20 mm ner\u016bdijantis plienas 400 mm ilgis - ENVITEKA\",\"isPartOf\":{\"@id\":\"https:\\\/\\\/enviteka.lt\\\/#website\"},\"primaryImageOfPage\":{\"@id\":\"https:\\\/\\\/enviteka.lt\\\/produktas\\\/ritinelis_d020_l0400_d08\\\/#primaryimage\"},\"image\":{\"@id\":\"https:\\\/\\\/enviteka.lt\\\/produktas\\\/ritinelis_d020_l0400_d08\\\/#primaryimage\"},\"thumbnailUrl\":\"https:\\\/\\\/enviteka.lt\\\/wp-content\\\/uploads\\\/2025\\\/07\\\/gravitacinis_ritinelis_enviteka3.jpg\",\"datePublished\":\"2025-07-18T12:22:35+00:00\",\"dateModified\":\"2025-07-18T12:32:35+00:00\",\"description\":\"Lengvas ir atsparus korozijai ritin\u0117lis su 20 mm ner\u016bdijan\u010dio plieno vamzdeliu, 400 mm montavimo ilgiu ir 8 mm spyruokliniu velenu.\",\"breadcrumb\":{\"@id\":\"https:\\\/\\\/enviteka.lt\\\/produktas\\\/ritinelis_d020_l0400_d08\\\/#breadcrumb\"},\"inLanguage\":\"en-US\",\"potentialAction\":[{\"@type\":\"ReadAction\",\"target\":[\"https:\\\/\\\/enviteka.lt\\\/produktas\\\/ritinelis_d020_l0400_d08\\\/\"]}]},{\"@type\":\"ImageObject\",\"inLanguage\":\"en-US\",\"@id\":\"https:\\\/\\\/enviteka.lt\\\/produktas\\\/ritinelis_d020_l0400_d08\\\/#primaryimage\",\"url\":\"https:\\\/\\\/enviteka.lt\\\/wp-content\\\/uploads\\\/2025\\\/07\\\/gravitacinis_ritinelis_enviteka3.jpg\",\"contentUrl\":\"https:\\\/\\\/enviteka.lt\\\/wp-content\\\/uploads\\\/2025\\\/07\\\/gravitacinis_ritinelis_enviteka3.jpg\",\"width\":520,\"height\":510},{\"@type\":\"BreadcrumbList\",\"@id\":\"https:\\\/\\\/enviteka.lt\\\/produktas\\\/ritinelis_d020_l0400_d08\\\/#breadcrumb\",\"itemListElement\":[{\"@type\":\"ListItem\",\"position\":1,\"name\":\"Home\",\"item\":\"https:\\\/\\\/enviteka.lt\\\/\"},{\"@type\":\"ListItem\",\"position\":2,\"name\":\"Produktai\",\"item\":\"https:\\\/\\\/enviteka.lt\\\/produktai\\\/\"},{\"@type\":\"ListItem\",\"position\":3,\"name\":\"Gravitacinis konvejerio ritin\u0117lis 20 mm ner\u016bdijantis plienas 400 mm ilgis\"}]},{\"@type\":\"WebSite\",\"@id\":\"https:\\\/\\\/enviteka.lt\\\/#website\",\"url\":\"https:\\\/\\\/enviteka.lt\\\/\",\"name\":\"ENVITEKA\",\"description\":\"pramonin\u0117s \u012frangos tiek\u0117jas\",\"publisher\":{\"@id\":\"https:\\\/\\\/enviteka.lt\\\/#organization\"},\"potentialAction\":[{\"@type\":\"SearchAction\",\"target\":{\"@type\":\"EntryPoint\",\"urlTemplate\":\"https:\\\/\\\/enviteka.lt\\\/?s={search_term_string}\"},\"query-input\":{\"@type\":\"PropertyValueSpecification\",\"valueRequired\":true,\"valueName\":\"search_term_string\"}}],\"inLanguage\":\"en-US\"},{\"@type\":\"Organization\",\"@id\":\"https:\\\/\\\/enviteka.lt\\\/#organization\",\"name\":\"ENVITEKA\",\"url\":\"https:\\\/\\\/enviteka.lt\\\/\",\"logo\":{\"@type\":\"ImageObject\",\"inLanguage\":\"en-US\",\"@id\":\"https:\\\/\\\/enviteka.lt\\\/#\\\/schema\\\/logo\\\/image\\\/\",\"url\":\"https:\\\/\\\/enviteka.lt\\\/wp-content\\\/uploads\\\/2024\\\/10\\\/enviteka-high-resolution-logo-transparent-e1742852093377.png\",\"contentUrl\":\"https:\\\/\\\/enviteka.lt\\\/wp-content\\\/uploads\\\/2024\\\/10\\\/enviteka-high-resolution-logo-transparent-e1742852093377.png\",\"width\":424,\"height\":150,\"caption\":\"ENVITEKA\"},\"image\":{\"@id\":\"https:\\\/\\\/enviteka.lt\\\/#\\\/schema\\\/logo\\\/image\\\/\"}}]}<\/script>\n<!-- \/ Yoast SEO plugin. -->","yoast_head_json":{"title":"Gravitacinis konvejerio ritin\u0117lis 20 mm ner\u016bdijantis plienas 400 mm ilgis - ENVITEKA","description":"Lengvas ir atsparus korozijai ritin\u0117lis su 20 mm ner\u016bdijan\u010dio plieno vamzdeliu, 400 mm montavimo ilgiu ir 8 mm spyruokliniu velenu.","robots":{"index":"index","follow":"follow","max-snippet":"max-snippet:-1","max-image-preview":"max-image-preview:large","max-video-preview":"max-video-preview:-1"},"canonical":"https:\/\/enviteka.lt\/en\/product\/ritinelis_d020_l0400_d08\/","og_locale":"en_US","og_type":"article","og_title":"Gravitacinis konvejerio ritin\u0117lis 20 mm ner\u016bdijantis plienas 400 mm ilgis - ENVITEKA","og_description":"Lengvas ir atsparus korozijai ritin\u0117lis su 20 mm ner\u016bdijan\u010dio plieno vamzdeliu, 400 mm montavimo ilgiu ir 8 mm spyruokliniu velenu.","og_url":"https:\/\/enviteka.lt\/en\/product\/ritinelis_d020_l0400_d08\/","og_site_name":"ENVITEKA","article_modified_time":"2025-07-18T12:32:35+00:00","og_image":[{"width":520,"height":510,"url":"https:\/\/enviteka.lt\/wp-content\/uploads\/2025\/07\/gravitacinis_ritinelis_enviteka3.jpg","type":"image\/jpeg"}],"twitter_card":"summary_large_image","twitter_misc":{"Est. reading time":"1 minute"},"schema":{"@context":"https:\/\/schema.org","@graph":[{"@type":"WebPage","@id":"https:\/\/enviteka.lt\/produktas\/ritinelis_d020_l0400_d08\/","url":"https:\/\/enviteka.lt\/produktas\/ritinelis_d020_l0400_d08\/","name":"Gravitacinis konvejerio ritin\u0117lis 20 mm ner\u016bdijantis plienas 400 mm ilgis - ENVITEKA","isPartOf":{"@id":"https:\/\/enviteka.lt\/#website"},"primaryImageOfPage":{"@id":"https:\/\/enviteka.lt\/produktas\/ritinelis_d020_l0400_d08\/#primaryimage"},"image":{"@id":"https:\/\/enviteka.lt\/produktas\/ritinelis_d020_l0400_d08\/#primaryimage"},"thumbnailUrl":"https:\/\/enviteka.lt\/wp-content\/uploads\/2025\/07\/gravitacinis_ritinelis_enviteka3.jpg","datePublished":"2025-07-18T12:22:35+00:00","dateModified":"2025-07-18T12:32:35+00:00","description":"Lengvas ir atsparus korozijai ritin\u0117lis su 20 mm ner\u016bdijan\u010dio plieno vamzdeliu, 400 mm montavimo ilgiu ir 8 mm spyruokliniu velenu.","breadcrumb":{"@id":"https:\/\/enviteka.lt\/produktas\/ritinelis_d020_l0400_d08\/#breadcrumb"},"inLanguage":"en-US","potentialAction":[{"@type":"ReadAction","target":["https:\/\/enviteka.lt\/produktas\/ritinelis_d020_l0400_d08\/"]}]},{"@type":"ImageObject","inLanguage":"en-US","@id":"https:\/\/enviteka.lt\/produktas\/ritinelis_d020_l0400_d08\/#primaryimage","url":"https:\/\/enviteka.lt\/wp-content\/uploads\/2025\/07\/gravitacinis_ritinelis_enviteka3.jpg","contentUrl":"https:\/\/enviteka.lt\/wp-content\/uploads\/2025\/07\/gravitacinis_ritinelis_enviteka3.jpg","width":520,"height":510},{"@type":"BreadcrumbList","@id":"https:\/\/enviteka.lt\/produktas\/ritinelis_d020_l0400_d08\/#breadcrumb","itemListElement":[{"@type":"ListItem","position":1,"name":"Home","item":"https:\/\/enviteka.lt\/"},{"@type":"ListItem","position":2,"name":"Produktai","item":"https:\/\/enviteka.lt\/produktai\/"},{"@type":"ListItem","position":3,"name":"Gravitacinis konvejerio ritin\u0117lis 20 mm ner\u016bdijantis plienas 400 mm ilgis"}]},{"@type":"WebSite","@id":"https:\/\/enviteka.lt\/#website","url":"https:\/\/enviteka.lt\/","name":"ENVITEKA","description":"pramonin\u0117s \u012frangos tiek\u0117jas","publisher":{"@id":"https:\/\/enviteka.lt\/#organization"},"potentialAction":[{"@type":"SearchAction","target":{"@type":"EntryPoint","urlTemplate":"https:\/\/enviteka.lt\/?s={search_term_string}"},"query-input":{"@type":"PropertyValueSpecification","valueRequired":true,"valueName":"search_term_string"}}],"inLanguage":"en-US"},{"@type":"Organization","@id":"https:\/\/enviteka.lt\/#organization","name":"ENVITEKA","url":"https:\/\/enviteka.lt\/","logo":{"@type":"ImageObject","inLanguage":"en-US","@id":"https:\/\/enviteka.lt\/#\/schema\/logo\/image\/","url":"https:\/\/enviteka.lt\/wp-content\/uploads\/2024\/10\/enviteka-high-resolution-logo-transparent-e1742852093377.png","contentUrl":"https:\/\/enviteka.lt\/wp-content\/uploads\/2024\/10\/enviteka-high-resolution-logo-transparent-e1742852093377.png","width":424,"height":150,"caption":"ENVITEKA"},"image":{"@id":"https:\/\/enviteka.lt\/#\/schema\/logo\/image\/"}}]}},"_links":{"self":[{"href":"https:\/\/enviteka.lt\/en\/wp-json\/wp\/v2\/product\/2053","targetHints":{"allow":["GET"]}}],"collection":[{"href":"https:\/\/enviteka.lt\/en\/wp-json\/wp\/v2\/product"}],"about":[{"href":"https:\/\/enviteka.lt\/en\/wp-json\/wp\/v2\/types\/product"}],"wp:featuredmedia":[{"embeddable":true,"href":"https:\/\/enviteka.lt\/en\/wp-json\/wp\/v2\/media\/2054"}],"wp:attachment":[{"href":"https:\/\/enviteka.lt\/en\/wp-json\/wp\/v2\/media?parent=2053"}],"wp:term":[{"taxonomy":"product_brand","embeddable":true,"href":"https:\/\/enviteka.lt\/en\/wp-json\/wp\/v2\/product_brand?post=2053"},{"taxonomy":"product_cat","embeddable":true,"href":"https:\/\/enviteka.lt\/en\/wp-json\/wp\/v2\/product_cat?post=2053"},{"taxonomy":"product_tag","embeddable":true,"href":"https:\/\/enviteka.lt\/en\/wp-json\/wp\/v2\/product_tag?post=2053"}],"curies":[{"name":"wp","href":"https:\/\/api.w.org\/{rel}","templated":true}]}}