{"id":1515,"date":"2025-04-04T19:28:48","date_gmt":"2025-04-04T19:28:48","guid":{"rendered":"https:\/\/enviteka.lt\/?post_type=product&#038;p=1515"},"modified":"2025-07-01T20:02:38","modified_gmt":"2025-07-01T20:02:38","slug":"zarna-eva-373-ec","status":"publish","type":"product","link":"https:\/\/enviteka.lt\/en\/product\/zarna-eva-373-ec\/","title":{"rendered":"\u017darna EVA 373 EC"},"content":{"rendered":"<p><strong>Dulki\u0173 siurbli\u0173 \u017earna, elektri\u0161kai laidi &lt;10\u2076 \u2126<\/strong><\/p>\n<p><strong>Naudojimo sritys:<\/strong><\/p>\n<p>Lanksti \u017earna: Tinka dujoms, dulk\u0117ms, milteliams ir pluo\u0161tams transportuoti.<\/p>\n<p>Pramoniniai dulki\u0173 siurbliai: Naudojama pramoniniuose dulki\u0173 siurbliuose.<\/p>\n<p>Pavojingos zonos: Skirta naudoti sprogimo pavojingose zonose (ATEX).<\/p>\n<p>Baseino valymas: Tinka basein\u0173 valymo \u012frangai.<\/p>\n<p>Scrubber, grind\u0173 valymo ma\u0161inos: Tinka valymo \u012frangai, kur reikalingas didelis lankstumas ir atsparumas chemikalams.<\/p>\n<p><strong>Pagrindin\u0117s savyb\u0117s:<\/strong><\/p>\n<p>Lengvas: Patogi ir lengva naudoti.<\/p>\n<p>Labai lanksti: Tinka naudoti tiek ma\u017eose, tiek didel\u0117se erdv\u0117se.<\/p>\n<p>Atspari suspaudimui: Atspari suspaudimui, u\u017etikrinant ilgalaik\u012f naudojim\u0105 net esant dideliam sl\u0117giui.<\/p>\n<p>Pl\u016bduriuojanti: \u017darna pl\u016bduriuoja vandenyje, tod\u0117l idealiai tinka vandens aplinkai.<\/p>\n<p>Geras atsparumas \u0161armams ir r\u016bg\u0161tims: Tinka naudoti chemikal\u0173 transportavimui.<\/p>\n<p>Elektrin\u0117 laidumas: Pavir\u0161iaus var\u017ea &lt;10\u2076 \u2126, kad b\u016bt\u0173 i\u0161vengta elektros kaupimosi.<\/p>\n<p>Atitinka ATEX 2014\/34\/EU standart\u0105: Tinka naudoti sprogimo pavojingose zonose, pagal TRGS 727, sugeb\u0117jimas surinkti degias dulkes (Zona 22), skirta naudoti nesprogstamoms skys\u010diams, taip pat dujoms (Zona 0 ir 1 bei 2).<\/p>\n<p>Aplinkos reikalavimai: Atitinka RoHS ir REACH direktyvas.<\/p>\n<p><strong>Temperat\u016bros diapazonas:<\/strong><\/p>\n<p>Darbin\u0117 temperat\u016bra: nuo -25\u00b0C iki 65\u00b0C.<\/p>\n<p><strong>Konstrukcija:<\/strong><\/p>\n<p>EVA dizainas: Patikima ir lanksti \u017earnos konstrukcija.<\/p>\n<p>\u017darna turi profil\u012f, u\u017etikrinant\u012f tvirtum\u0105 ir ilgaam\u017ei\u0161kum\u0105.<\/p>\n<p>Atvira profilio geometrija: Su atvira profilio strukt\u016bra, kad b\u016bt\u0173 u\u017etikrintas lengvas srauto pralaidumas.<\/p>\n<p>Med\u017eiaga: \u017darnos sienel\u0117 pagaminta i\u0161 EVA med\u017eiagos.<\/p>\n<p>\u012evair\u016bs diametrai nuo ir ilgiai pagal u\u017esakym\u0105<\/p>\n<p>Vidinis skersmuo nuo 25 mm iki 51 mm, kreipkit\u0117s d\u0117l reikiamo skersmens ir ilgio<\/p>\n<p><strong>Pristatymas: 1-2 d.d.<\/strong><\/p>\n<p>Susisiekite su mumis nor\u0117dami gauti daugiau informacijos ar u\u017esisakyti. Pad\u0117sime pasirinkti geriausi\u0105 sprendim\u0105 pagal j\u016bs\u0173 poreikius, u\u017etikrinsime geriausi\u0105 kain\u0105 rinkoje ir greit\u0105 pristatym\u0105.<\/p>","protected":false},"excerpt":{"rendered":"<p>Dulki\u0173 siurbli\u0173 \u017earna, elektri\u0161kai laidi &lt;10\u2076 \u2126 Naudojimo sritys: Lanksti \u017earna: Tinka dujoms, dulk\u0117ms, milteliams ir pluo\u0161tams transportuoti. Pramoniniai dulki\u0173 [&hellip;]<\/p>","protected":false},"featured_media":1516,"template":"","meta":{"site-sidebar-layout":"default","site-content-layout":"","ast-site-content-layout":"default","site-content-style":"default","site-sidebar-style":"default","ast-global-header-display":"","ast-banner-title-visibility":"","ast-main-header-display":"","ast-hfb-above-header-display":"","ast-hfb-below-header-display":"","ast-hfb-mobile-header-display":"","site-post-title":"","ast-breadcrumbs-content":"","ast-featured-img":"","footer-sml-layout":"","ast-disable-related-posts":"","theme-transparent-header-meta":"default","adv-header-id-meta":"","stick-header-meta":"","header-above-stick-meta":"","header-main-stick-meta":"","header-below-stick-meta":"","astra-migrate-meta-layouts":"set","ast-page-background-enabled":"default","ast-page-background-meta":{"desktop":{"background-color":"var(--ast-global-color-4)","background-image":"","background-repeat":"repeat","background-position":"center center","background-size":"auto","background-attachment":"scroll","background-type":"","background-media":"","overlay-type":"","overlay-color":"","overlay-opacity":"","overlay-gradient":""},"tablet":{"background-color":"","background-image":"","background-repeat":"repeat","background-position":"center center","background-size":"auto","background-attachment":"scroll","background-type":"","background-media":"","overlay-type":"","overlay-color":"","overlay-opacity":"","overlay-gradient":""},"mobile":{"background-color":"","background-image":"","background-repeat":"repeat","background-position":"center center","background-size":"auto","background-attachment":"scroll","background-type":"","background-media":"","overlay-type":"","overlay-color":"","overlay-opacity":"","overlay-gradient":""}},"ast-content-background-meta":{"desktop":{"background-color":"var(--ast-global-color-5)","background-image":"","background-repeat":"repeat","background-position":"center center","background-size":"auto","background-attachment":"scroll","background-type":"","background-media":"","overlay-type":"","overlay-color":"","overlay-opacity":"","overlay-gradient":""},"tablet":{"background-color":"var(--ast-global-color-5)","background-image":"","background-repeat":"repeat","background-position":"center center","background-size":"auto","background-attachment":"scroll","background-type":"","background-media":"","overlay-type":"","overlay-color":"","overlay-opacity":"","overlay-gradient":""},"mobile":{"background-color":"var(--ast-global-color-5)","background-image":"","background-repeat":"repeat","background-position":"center center","background-size":"auto","background-attachment":"scroll","background-type":"","background-media":"","overlay-type":"","overlay-color":"","overlay-opacity":"","overlay-gradient":""}}},"product_brand":[],"product_cat":[127,22],"product_tag":[],"class_list":{"0":"post-1515","1":"product","2":"type-product","3":"status-publish","4":"has-post-thumbnail","6":"product_cat-plastikines-zarnos","7":"product_cat-zarnos","8":"desktop-align-left","9":"tablet-align-left","10":"mobile-align-left","12":"first","13":"instock","14":"shipping-taxable","15":"purchasable","16":"product-type-simple"},"yoast_head":"<!-- This site is optimized with the Yoast SEO plugin v27.3 - https:\/\/yoast.com\/product\/yoast-seo-wordpress\/ -->\n<title>\u017darna EVA 373 EC - ENVITEKA<\/title>\n<meta name=\"description\" content=\"Tinka valymo \u012frangai, kur reikalingas didelis lankstumas ir atsparumas chemikalams. \u017darna pl\u016bduriuoja vandenyje, tod\u0117l idealiai tinka vandens aplinkai. Pristatymas 1-2 d.d.\" \/>\n<meta name=\"robots\" content=\"index, follow, max-snippet:-1, max-image-preview:large, max-video-preview:-1\" \/>\n<link rel=\"canonical\" href=\"https:\/\/enviteka.lt\/en\/product\/zarna-eva-373-ec\/\" \/>\n<meta property=\"og:locale\" content=\"en_US\" \/>\n<meta property=\"og:type\" content=\"article\" \/>\n<meta property=\"og:title\" content=\"\u017darna EVA 373 EC - ENVITEKA\" \/>\n<meta property=\"og:description\" content=\"Tinka valymo \u012frangai, kur reikalingas didelis lankstumas ir atsparumas chemikalams. \u017darna pl\u016bduriuoja vandenyje, tod\u0117l idealiai tinka vandens aplinkai. Pristatymas 1-2 d.d.\" \/>\n<meta property=\"og:url\" content=\"https:\/\/enviteka.lt\/en\/product\/zarna-eva-373-ec\/\" \/>\n<meta property=\"og:site_name\" content=\"ENVITEKA\" \/>\n<meta property=\"article:modified_time\" content=\"2025-07-01T20:02:38+00:00\" \/>\n<meta property=\"og:image\" content=\"https:\/\/enviteka.lt\/wp-content\/uploads\/2025\/04\/zarna_eva_373_enviteka.jpg\" \/>\n\t<meta property=\"og:image:width\" content=\"959\" \/>\n\t<meta property=\"og:image:height\" content=\"585\" \/>\n\t<meta property=\"og:image:type\" content=\"image\/jpeg\" \/>\n<meta name=\"twitter:card\" content=\"summary_large_image\" \/>\n<meta name=\"twitter:label1\" content=\"Est. reading time\" \/>\n\t<meta name=\"twitter:data1\" content=\"2 minutes\" \/>\n<script type=\"application\/ld+json\" class=\"yoast-schema-graph\">{\"@context\":\"https:\\\/\\\/schema.org\",\"@graph\":[{\"@type\":\"WebPage\",\"@id\":\"https:\\\/\\\/enviteka.lt\\\/produktas\\\/zarna-eva-373-ec\\\/\",\"url\":\"https:\\\/\\\/enviteka.lt\\\/produktas\\\/zarna-eva-373-ec\\\/\",\"name\":\"\u017darna EVA 373 EC - ENVITEKA\",\"isPartOf\":{\"@id\":\"https:\\\/\\\/enviteka.lt\\\/#website\"},\"primaryImageOfPage\":{\"@id\":\"https:\\\/\\\/enviteka.lt\\\/produktas\\\/zarna-eva-373-ec\\\/#primaryimage\"},\"image\":{\"@id\":\"https:\\\/\\\/enviteka.lt\\\/produktas\\\/zarna-eva-373-ec\\\/#primaryimage\"},\"thumbnailUrl\":\"https:\\\/\\\/enviteka.lt\\\/wp-content\\\/uploads\\\/2025\\\/04\\\/zarna_eva_373_enviteka.jpg\",\"datePublished\":\"2025-04-04T19:28:48+00:00\",\"dateModified\":\"2025-07-01T20:02:38+00:00\",\"description\":\"Tinka valymo \u012frangai, kur reikalingas didelis lankstumas ir atsparumas chemikalams. \u017darna pl\u016bduriuoja vandenyje, tod\u0117l idealiai tinka vandens aplinkai. Pristatymas 1-2 d.d.\",\"breadcrumb\":{\"@id\":\"https:\\\/\\\/enviteka.lt\\\/produktas\\\/zarna-eva-373-ec\\\/#breadcrumb\"},\"inLanguage\":\"en-US\",\"potentialAction\":[{\"@type\":\"ReadAction\",\"target\":[\"https:\\\/\\\/enviteka.lt\\\/produktas\\\/zarna-eva-373-ec\\\/\"]}]},{\"@type\":\"ImageObject\",\"inLanguage\":\"en-US\",\"@id\":\"https:\\\/\\\/enviteka.lt\\\/produktas\\\/zarna-eva-373-ec\\\/#primaryimage\",\"url\":\"https:\\\/\\\/enviteka.lt\\\/wp-content\\\/uploads\\\/2025\\\/04\\\/zarna_eva_373_enviteka.jpg\",\"contentUrl\":\"https:\\\/\\\/enviteka.lt\\\/wp-content\\\/uploads\\\/2025\\\/04\\\/zarna_eva_373_enviteka.jpg\",\"width\":959,\"height\":585},{\"@type\":\"BreadcrumbList\",\"@id\":\"https:\\\/\\\/enviteka.lt\\\/produktas\\\/zarna-eva-373-ec\\\/#breadcrumb\",\"itemListElement\":[{\"@type\":\"ListItem\",\"position\":1,\"name\":\"Home\",\"item\":\"https:\\\/\\\/enviteka.lt\\\/\"},{\"@type\":\"ListItem\",\"position\":2,\"name\":\"Produktai\",\"item\":\"https:\\\/\\\/enviteka.lt\\\/produktai\\\/\"},{\"@type\":\"ListItem\",\"position\":3,\"name\":\"\u017darna EVA 373 EC\"}]},{\"@type\":\"WebSite\",\"@id\":\"https:\\\/\\\/enviteka.lt\\\/#website\",\"url\":\"https:\\\/\\\/enviteka.lt\\\/\",\"name\":\"ENVITEKA\",\"description\":\"pramonin\u0117s \u012frangos tiek\u0117jas\",\"publisher\":{\"@id\":\"https:\\\/\\\/enviteka.lt\\\/#organization\"},\"potentialAction\":[{\"@type\":\"SearchAction\",\"target\":{\"@type\":\"EntryPoint\",\"urlTemplate\":\"https:\\\/\\\/enviteka.lt\\\/?s={search_term_string}\"},\"query-input\":{\"@type\":\"PropertyValueSpecification\",\"valueRequired\":true,\"valueName\":\"search_term_string\"}}],\"inLanguage\":\"en-US\"},{\"@type\":\"Organization\",\"@id\":\"https:\\\/\\\/enviteka.lt\\\/#organization\",\"name\":\"ENVITEKA\",\"url\":\"https:\\\/\\\/enviteka.lt\\\/\",\"logo\":{\"@type\":\"ImageObject\",\"inLanguage\":\"en-US\",\"@id\":\"https:\\\/\\\/enviteka.lt\\\/#\\\/schema\\\/logo\\\/image\\\/\",\"url\":\"https:\\\/\\\/enviteka.lt\\\/wp-content\\\/uploads\\\/2024\\\/10\\\/enviteka-high-resolution-logo-transparent-e1742852093377.png\",\"contentUrl\":\"https:\\\/\\\/enviteka.lt\\\/wp-content\\\/uploads\\\/2024\\\/10\\\/enviteka-high-resolution-logo-transparent-e1742852093377.png\",\"width\":424,\"height\":150,\"caption\":\"ENVITEKA\"},\"image\":{\"@id\":\"https:\\\/\\\/enviteka.lt\\\/#\\\/schema\\\/logo\\\/image\\\/\"}}]}<\/script>\n<!-- \/ Yoast SEO plugin. -->","yoast_head_json":{"title":"\u017darna EVA 373 EC - ENVITEKA","description":"Tinka valymo \u012frangai, kur reikalingas didelis lankstumas ir atsparumas chemikalams. \u017darna pl\u016bduriuoja vandenyje, tod\u0117l idealiai tinka vandens aplinkai. Pristatymas 1-2 d.d.","robots":{"index":"index","follow":"follow","max-snippet":"max-snippet:-1","max-image-preview":"max-image-preview:large","max-video-preview":"max-video-preview:-1"},"canonical":"https:\/\/enviteka.lt\/en\/product\/zarna-eva-373-ec\/","og_locale":"en_US","og_type":"article","og_title":"\u017darna EVA 373 EC - ENVITEKA","og_description":"Tinka valymo \u012frangai, kur reikalingas didelis lankstumas ir atsparumas chemikalams. \u017darna pl\u016bduriuoja vandenyje, tod\u0117l idealiai tinka vandens aplinkai. Pristatymas 1-2 d.d.","og_url":"https:\/\/enviteka.lt\/en\/product\/zarna-eva-373-ec\/","og_site_name":"ENVITEKA","article_modified_time":"2025-07-01T20:02:38+00:00","og_image":[{"width":959,"height":585,"url":"https:\/\/enviteka.lt\/wp-content\/uploads\/2025\/04\/zarna_eva_373_enviteka.jpg","type":"image\/jpeg"}],"twitter_card":"summary_large_image","twitter_misc":{"Est. reading time":"2 minutes"},"schema":{"@context":"https:\/\/schema.org","@graph":[{"@type":"WebPage","@id":"https:\/\/enviteka.lt\/produktas\/zarna-eva-373-ec\/","url":"https:\/\/enviteka.lt\/produktas\/zarna-eva-373-ec\/","name":"\u017darna EVA 373 EC - ENVITEKA","isPartOf":{"@id":"https:\/\/enviteka.lt\/#website"},"primaryImageOfPage":{"@id":"https:\/\/enviteka.lt\/produktas\/zarna-eva-373-ec\/#primaryimage"},"image":{"@id":"https:\/\/enviteka.lt\/produktas\/zarna-eva-373-ec\/#primaryimage"},"thumbnailUrl":"https:\/\/enviteka.lt\/wp-content\/uploads\/2025\/04\/zarna_eva_373_enviteka.jpg","datePublished":"2025-04-04T19:28:48+00:00","dateModified":"2025-07-01T20:02:38+00:00","description":"Tinka valymo \u012frangai, kur reikalingas didelis lankstumas ir atsparumas chemikalams. \u017darna pl\u016bduriuoja vandenyje, tod\u0117l idealiai tinka vandens aplinkai. Pristatymas 1-2 d.d.","breadcrumb":{"@id":"https:\/\/enviteka.lt\/produktas\/zarna-eva-373-ec\/#breadcrumb"},"inLanguage":"en-US","potentialAction":[{"@type":"ReadAction","target":["https:\/\/enviteka.lt\/produktas\/zarna-eva-373-ec\/"]}]},{"@type":"ImageObject","inLanguage":"en-US","@id":"https:\/\/enviteka.lt\/produktas\/zarna-eva-373-ec\/#primaryimage","url":"https:\/\/enviteka.lt\/wp-content\/uploads\/2025\/04\/zarna_eva_373_enviteka.jpg","contentUrl":"https:\/\/enviteka.lt\/wp-content\/uploads\/2025\/04\/zarna_eva_373_enviteka.jpg","width":959,"height":585},{"@type":"BreadcrumbList","@id":"https:\/\/enviteka.lt\/produktas\/zarna-eva-373-ec\/#breadcrumb","itemListElement":[{"@type":"ListItem","position":1,"name":"Home","item":"https:\/\/enviteka.lt\/"},{"@type":"ListItem","position":2,"name":"Produktai","item":"https:\/\/enviteka.lt\/produktai\/"},{"@type":"ListItem","position":3,"name":"\u017darna EVA 373 EC"}]},{"@type":"WebSite","@id":"https:\/\/enviteka.lt\/#website","url":"https:\/\/enviteka.lt\/","name":"ENVITEKA","description":"pramonin\u0117s \u012frangos tiek\u0117jas","publisher":{"@id":"https:\/\/enviteka.lt\/#organization"},"potentialAction":[{"@type":"SearchAction","target":{"@type":"EntryPoint","urlTemplate":"https:\/\/enviteka.lt\/?s={search_term_string}"},"query-input":{"@type":"PropertyValueSpecification","valueRequired":true,"valueName":"search_term_string"}}],"inLanguage":"en-US"},{"@type":"Organization","@id":"https:\/\/enviteka.lt\/#organization","name":"ENVITEKA","url":"https:\/\/enviteka.lt\/","logo":{"@type":"ImageObject","inLanguage":"en-US","@id":"https:\/\/enviteka.lt\/#\/schema\/logo\/image\/","url":"https:\/\/enviteka.lt\/wp-content\/uploads\/2024\/10\/enviteka-high-resolution-logo-transparent-e1742852093377.png","contentUrl":"https:\/\/enviteka.lt\/wp-content\/uploads\/2024\/10\/enviteka-high-resolution-logo-transparent-e1742852093377.png","width":424,"height":150,"caption":"ENVITEKA"},"image":{"@id":"https:\/\/enviteka.lt\/#\/schema\/logo\/image\/"}}]}},"_links":{"self":[{"href":"https:\/\/enviteka.lt\/en\/wp-json\/wp\/v2\/product\/1515","targetHints":{"allow":["GET"]}}],"collection":[{"href":"https:\/\/enviteka.lt\/en\/wp-json\/wp\/v2\/product"}],"about":[{"href":"https:\/\/enviteka.lt\/en\/wp-json\/wp\/v2\/types\/product"}],"wp:featuredmedia":[{"embeddable":true,"href":"https:\/\/enviteka.lt\/en\/wp-json\/wp\/v2\/media\/1516"}],"wp:attachment":[{"href":"https:\/\/enviteka.lt\/en\/wp-json\/wp\/v2\/media?parent=1515"}],"wp:term":[{"taxonomy":"product_brand","embeddable":true,"href":"https:\/\/enviteka.lt\/en\/wp-json\/wp\/v2\/product_brand?post=1515"},{"taxonomy":"product_cat","embeddable":true,"href":"https:\/\/enviteka.lt\/en\/wp-json\/wp\/v2\/product_cat?post=1515"},{"taxonomy":"product_tag","embeddable":true,"href":"https:\/\/enviteka.lt\/en\/wp-json\/wp\/v2\/product_tag?post=1515"}],"curies":[{"name":"wp","href":"https:\/\/api.w.org\/{rel}","templated":true}]}}