{"id":1513,"date":"2025-04-04T19:21:46","date_gmt":"2025-04-04T19:21:46","guid":{"rendered":"https:\/\/enviteka.lt\/?post_type=product&#038;p=1513"},"modified":"2025-06-24T06:32:47","modified_gmt":"2025-06-24T06:32:47","slug":"zarna-cp-487","status":"publish","type":"product","link":"https:\/\/enviteka.lt\/en\/product\/zarna-cp-487\/","title":{"rendered":"\u017darna CP 487"},"content":{"rendered":"<p><strong>Auk\u0161tos temperat\u016bros \u017earna, daugiasluoksn\u0117, izoliuojanti,\u00a0 (iki +450\u00b0C)<\/strong><\/p>\n<p><strong>Naudojimo sritys:<\/strong><\/p>\n<p>Tinka kar\u0161t\u0173 ir \u0161alt\u0173 duj\u0173 transportavimui.<\/p>\n<p>Variklio bandymo stendas, i\u0161metam\u0173j\u0173 duj\u0173 matavimas: Naudojama varikli\u0173 i\u0161metam\u0173j\u0173 duj\u0173 matavimo sistemose.<\/p>\n<p>Auk\u0161tos temperat\u016bros i\u0161traukimas: Naudojama krosnyse, liejykl\u0173, lydymo, keramikos pramon\u0117je, stiklo pramon\u0117je, plieno gamyklose ir aliuminio gamyklose.<\/p>\n<p>Tinka \u012fvairiose pramonin\u0117se sistemose, kur reikalingas lankstumas ir atsparumas auk\u0161tai temperat\u016brai.<\/p>\n<p><strong>Pagrindin\u0117s savyb\u0117s:<\/strong><\/p>\n<p>I\u0161orinis laikymo profilio apvalkalas u\u017etikrina papildom\u0105 apsaug\u0105 nuo nusid\u0117v\u0117jimo.<\/p>\n<p>Patikimas tvirtinimas: Saugiai tvirtina \u017earnos sienel\u0119 laikymo profilyje, u\u017etikrinant sandarum\u0105.<\/p>\n<p>Labai lanksti ir suspaud\u017eiama: \u017darna yra itin lanksti ir suspaud\u017eiama, pritaikoma \u012fvairioms erdv\u0117ms ir jud\u0117jimo s\u0105lygoms.<\/p>\n<p>Puikus atsparumas kar\u0161\u010diui: \u017darna puikiai atspari auk\u0161tai temperat\u016brai, idealiai tinka ekstremalioms s\u0105lygoms.<\/p>\n<p>Aplinkos reikalavimai: Atitinka RoHS ir REACH direktyvas, u\u017etikrinant, kad produktas atitinka aplinkos apsaugos standartus.<\/p>\n<p><strong>Temperat\u016bros diapazonas:<\/strong><\/p>\n<p>Darbin\u0117 temperat\u016bra: nuo -60\u00b0C iki 450\u00b0C.<\/p>\n<p>Trumpalaikis temperat\u016bros poveikis: \u017darna gali atlaikyti iki 500\u00b0C trump\u0105 laik\u0105.<\/p>\n<p><strong>Konstrukcija:<\/strong><\/p>\n<p>CP konstrukcija: \u017darna turi tvirt\u0105 konstrukcij\u0105, kuri u\u017etikrina ilgaam\u017ei\u0161kum\u0105 ir patikimum\u0105 net ekstremaliomis s\u0105lygomis.<\/p>\n<p>Spiral\u0117s dizainas: Palaikomoji spiralin\u0117 strukt\u016bra pagaminta i\u0161 cinkuoto plieno, u\u017etikrinant \u017earnos stabilum\u0105.<\/p>\n<p>Med\u017eiaga: Dvigubas sluoksnis \u2013 \u017earnos sienel\u0117 padengta specialiu auk\u0161tos temperat\u016bros audiniu tiek i\u0161 vidaus, tiek i\u0161 i\u0161or\u0117s.<\/p>\n<p>\u012evair\u016bs diametrai nuo ir ilgiai pagal u\u017esakym\u0105<\/p>\n<p>Vidinis skersmuo nuo 75 mm iki 450 mm, kreipkit\u0117s d\u0117l reikiamo skersmens ir ilgio<\/p>\n<p><strong>Pristatymas: 1-2 d.d.<\/strong><\/p>\n<p>Susisiekite su mumis nor\u0117dami gauti daugiau informacijos ar u\u017esisakyti. Pad\u0117sime pasirinkti geriausi\u0105 sprendim\u0105 pagal j\u016bs\u0173 poreikius, u\u017etikrinsime geriausi\u0105 kain\u0105 rinkoje ir greit\u0105 pristatym\u0105.<\/p>","protected":false},"excerpt":{"rendered":"<p>Auk\u0161tos temperat\u016bros \u017earna, daugiasluoksn\u0117, izoliuojanti,\u00a0 (iki +450\u00b0C) Naudojimo sritys: Tinka kar\u0161t\u0173 ir \u0161alt\u0173 duj\u0173 transportavimui. Variklio bandymo stendas, i\u0161metam\u0173j\u0173 duj\u0173 [&hellip;]<\/p>","protected":false},"featured_media":1514,"template":"","meta":{"site-sidebar-layout":"default","site-content-layout":"","ast-site-content-layout":"default","site-content-style":"default","site-sidebar-style":"default","ast-global-header-display":"","ast-banner-title-visibility":"","ast-main-header-display":"","ast-hfb-above-header-display":"","ast-hfb-below-header-display":"","ast-hfb-mobile-header-display":"","site-post-title":"","ast-breadcrumbs-content":"","ast-featured-img":"","footer-sml-layout":"","ast-disable-related-posts":"","theme-transparent-header-meta":"default","adv-header-id-meta":"","stick-header-meta":"","header-above-stick-meta":"","header-main-stick-meta":"","header-below-stick-meta":"","astra-migrate-meta-layouts":"set","ast-page-background-enabled":"default","ast-page-background-meta":{"desktop":{"background-color":"var(--ast-global-color-4)","background-image":"","background-repeat":"repeat","background-position":"center center","background-size":"auto","background-attachment":"scroll","background-type":"","background-media":"","overlay-type":"","overlay-color":"","overlay-opacity":"","overlay-gradient":""},"tablet":{"background-color":"","background-image":"","background-repeat":"repeat","background-position":"center center","background-size":"auto","background-attachment":"scroll","background-type":"","background-media":"","overlay-type":"","overlay-color":"","overlay-opacity":"","overlay-gradient":""},"mobile":{"background-color":"","background-image":"","background-repeat":"repeat","background-position":"center center","background-size":"auto","background-attachment":"scroll","background-type":"","background-media":"","overlay-type":"","overlay-color":"","overlay-opacity":"","overlay-gradient":""}},"ast-content-background-meta":{"desktop":{"background-color":"var(--ast-global-color-5)","background-image":"","background-repeat":"repeat","background-position":"center center","background-size":"auto","background-attachment":"scroll","background-type":"","background-media":"","overlay-type":"","overlay-color":"","overlay-opacity":"","overlay-gradient":""},"tablet":{"background-color":"var(--ast-global-color-5)","background-image":"","background-repeat":"repeat","background-position":"center center","background-size":"auto","background-attachment":"scroll","background-type":"","background-media":"","overlay-type":"","overlay-color":"","overlay-opacity":"","overlay-gradient":""},"mobile":{"background-color":"var(--ast-global-color-5)","background-image":"","background-repeat":"repeat","background-position":"center center","background-size":"auto","background-attachment":"scroll","background-type":"","background-media":"","overlay-type":"","overlay-color":"","overlay-opacity":"","overlay-gradient":""}}},"product_brand":[],"product_cat":[125],"product_tag":[],"class_list":{"0":"post-1513","1":"product","2":"type-product","3":"status-publish","4":"has-post-thumbnail","6":"product_cat-medziagines-zarnos","7":"desktop-align-left","8":"tablet-align-left","9":"mobile-align-left","11":"first","12":"instock","13":"shipping-taxable","14":"purchasable","15":"product-type-simple"},"yoast_head":"<!-- This site is optimized with the Yoast SEO plugin v27.3 - https:\/\/yoast.com\/product\/yoast-seo-wordpress\/ -->\n<title>\u017darna CP 487 - ENVITEKA<\/title>\n<meta name=\"description\" content=\"Daugiasluoksn\u0117, izoliuojanti, (iki +450\u00b0C). Naudojama \u012fvairiose pramonin\u0117se sistemose, kur reikalingas lankstumas ir atsparumas temperat\u016brai. Pristatymas 1-2 d.d.\" \/>\n<meta name=\"robots\" content=\"index, follow, max-snippet:-1, max-image-preview:large, max-video-preview:-1\" \/>\n<link rel=\"canonical\" href=\"https:\/\/enviteka.lt\/en\/product\/zarna-cp-487\/\" \/>\n<meta property=\"og:locale\" content=\"en_US\" \/>\n<meta property=\"og:type\" content=\"article\" \/>\n<meta property=\"og:title\" content=\"\u017darna CP 487 - ENVITEKA\" \/>\n<meta property=\"og:description\" content=\"Daugiasluoksn\u0117, izoliuojanti, (iki +450\u00b0C). Naudojama \u012fvairiose pramonin\u0117se sistemose, kur reikalingas lankstumas ir atsparumas temperat\u016brai. Pristatymas 1-2 d.d.\" \/>\n<meta property=\"og:url\" content=\"https:\/\/enviteka.lt\/en\/product\/zarna-cp-487\/\" \/>\n<meta property=\"og:site_name\" content=\"ENVITEKA\" \/>\n<meta property=\"article:modified_time\" content=\"2025-06-24T06:32:47+00:00\" \/>\n<meta property=\"og:image\" content=\"https:\/\/enviteka.lt\/wp-content\/uploads\/2025\/04\/zarna_cp_487_enviteka.jpg\" \/>\n\t<meta property=\"og:image:width\" content=\"958\" \/>\n\t<meta property=\"og:image:height\" content=\"602\" \/>\n\t<meta property=\"og:image:type\" content=\"image\/jpeg\" \/>\n<meta name=\"twitter:card\" content=\"summary_large_image\" \/>\n<meta name=\"twitter:label1\" content=\"Est. reading time\" \/>\n\t<meta name=\"twitter:data1\" content=\"2 minutes\" \/>\n<script type=\"application\/ld+json\" class=\"yoast-schema-graph\">{\"@context\":\"https:\\\/\\\/schema.org\",\"@graph\":[{\"@type\":\"WebPage\",\"@id\":\"https:\\\/\\\/enviteka.lt\\\/produktas\\\/zarna-cp-487\\\/\",\"url\":\"https:\\\/\\\/enviteka.lt\\\/produktas\\\/zarna-cp-487\\\/\",\"name\":\"\u017darna CP 487 - ENVITEKA\",\"isPartOf\":{\"@id\":\"https:\\\/\\\/enviteka.lt\\\/#website\"},\"primaryImageOfPage\":{\"@id\":\"https:\\\/\\\/enviteka.lt\\\/produktas\\\/zarna-cp-487\\\/#primaryimage\"},\"image\":{\"@id\":\"https:\\\/\\\/enviteka.lt\\\/produktas\\\/zarna-cp-487\\\/#primaryimage\"},\"thumbnailUrl\":\"https:\\\/\\\/enviteka.lt\\\/wp-content\\\/uploads\\\/2025\\\/04\\\/zarna_cp_487_enviteka.jpg\",\"datePublished\":\"2025-04-04T19:21:46+00:00\",\"dateModified\":\"2025-06-24T06:32:47+00:00\",\"description\":\"Daugiasluoksn\u0117, izoliuojanti, (iki +450\u00b0C). Naudojama \u012fvairiose pramonin\u0117se sistemose, kur reikalingas lankstumas ir atsparumas temperat\u016brai. Pristatymas 1-2 d.d.\",\"breadcrumb\":{\"@id\":\"https:\\\/\\\/enviteka.lt\\\/produktas\\\/zarna-cp-487\\\/#breadcrumb\"},\"inLanguage\":\"en-US\",\"potentialAction\":[{\"@type\":\"ReadAction\",\"target\":[\"https:\\\/\\\/enviteka.lt\\\/produktas\\\/zarna-cp-487\\\/\"]}]},{\"@type\":\"ImageObject\",\"inLanguage\":\"en-US\",\"@id\":\"https:\\\/\\\/enviteka.lt\\\/produktas\\\/zarna-cp-487\\\/#primaryimage\",\"url\":\"https:\\\/\\\/enviteka.lt\\\/wp-content\\\/uploads\\\/2025\\\/04\\\/zarna_cp_487_enviteka.jpg\",\"contentUrl\":\"https:\\\/\\\/enviteka.lt\\\/wp-content\\\/uploads\\\/2025\\\/04\\\/zarna_cp_487_enviteka.jpg\",\"width\":958,\"height\":602},{\"@type\":\"BreadcrumbList\",\"@id\":\"https:\\\/\\\/enviteka.lt\\\/produktas\\\/zarna-cp-487\\\/#breadcrumb\",\"itemListElement\":[{\"@type\":\"ListItem\",\"position\":1,\"name\":\"Home\",\"item\":\"https:\\\/\\\/enviteka.lt\\\/\"},{\"@type\":\"ListItem\",\"position\":2,\"name\":\"Produktai\",\"item\":\"https:\\\/\\\/enviteka.lt\\\/produktai\\\/\"},{\"@type\":\"ListItem\",\"position\":3,\"name\":\"\u017darna CP 487\"}]},{\"@type\":\"WebSite\",\"@id\":\"https:\\\/\\\/enviteka.lt\\\/#website\",\"url\":\"https:\\\/\\\/enviteka.lt\\\/\",\"name\":\"ENVITEKA\",\"description\":\"pramonin\u0117s \u012frangos tiek\u0117jas\",\"publisher\":{\"@id\":\"https:\\\/\\\/enviteka.lt\\\/#organization\"},\"potentialAction\":[{\"@type\":\"SearchAction\",\"target\":{\"@type\":\"EntryPoint\",\"urlTemplate\":\"https:\\\/\\\/enviteka.lt\\\/?s={search_term_string}\"},\"query-input\":{\"@type\":\"PropertyValueSpecification\",\"valueRequired\":true,\"valueName\":\"search_term_string\"}}],\"inLanguage\":\"en-US\"},{\"@type\":\"Organization\",\"@id\":\"https:\\\/\\\/enviteka.lt\\\/#organization\",\"name\":\"ENVITEKA\",\"url\":\"https:\\\/\\\/enviteka.lt\\\/\",\"logo\":{\"@type\":\"ImageObject\",\"inLanguage\":\"en-US\",\"@id\":\"https:\\\/\\\/enviteka.lt\\\/#\\\/schema\\\/logo\\\/image\\\/\",\"url\":\"https:\\\/\\\/enviteka.lt\\\/wp-content\\\/uploads\\\/2024\\\/10\\\/enviteka-high-resolution-logo-transparent-e1742852093377.png\",\"contentUrl\":\"https:\\\/\\\/enviteka.lt\\\/wp-content\\\/uploads\\\/2024\\\/10\\\/enviteka-high-resolution-logo-transparent-e1742852093377.png\",\"width\":424,\"height\":150,\"caption\":\"ENVITEKA\"},\"image\":{\"@id\":\"https:\\\/\\\/enviteka.lt\\\/#\\\/schema\\\/logo\\\/image\\\/\"}}]}<\/script>\n<!-- \/ Yoast SEO plugin. -->","yoast_head_json":{"title":"\u017darna CP 487 - ENVITEKA","description":"Daugiasluoksn\u0117, izoliuojanti, (iki +450\u00b0C). Naudojama \u012fvairiose pramonin\u0117se sistemose, kur reikalingas lankstumas ir atsparumas temperat\u016brai. Pristatymas 1-2 d.d.","robots":{"index":"index","follow":"follow","max-snippet":"max-snippet:-1","max-image-preview":"max-image-preview:large","max-video-preview":"max-video-preview:-1"},"canonical":"https:\/\/enviteka.lt\/en\/product\/zarna-cp-487\/","og_locale":"en_US","og_type":"article","og_title":"\u017darna CP 487 - ENVITEKA","og_description":"Daugiasluoksn\u0117, izoliuojanti, (iki +450\u00b0C). Naudojama \u012fvairiose pramonin\u0117se sistemose, kur reikalingas lankstumas ir atsparumas temperat\u016brai. Pristatymas 1-2 d.d.","og_url":"https:\/\/enviteka.lt\/en\/product\/zarna-cp-487\/","og_site_name":"ENVITEKA","article_modified_time":"2025-06-24T06:32:47+00:00","og_image":[{"width":958,"height":602,"url":"https:\/\/enviteka.lt\/wp-content\/uploads\/2025\/04\/zarna_cp_487_enviteka.jpg","type":"image\/jpeg"}],"twitter_card":"summary_large_image","twitter_misc":{"Est. reading time":"2 minutes"},"schema":{"@context":"https:\/\/schema.org","@graph":[{"@type":"WebPage","@id":"https:\/\/enviteka.lt\/produktas\/zarna-cp-487\/","url":"https:\/\/enviteka.lt\/produktas\/zarna-cp-487\/","name":"\u017darna CP 487 - ENVITEKA","isPartOf":{"@id":"https:\/\/enviteka.lt\/#website"},"primaryImageOfPage":{"@id":"https:\/\/enviteka.lt\/produktas\/zarna-cp-487\/#primaryimage"},"image":{"@id":"https:\/\/enviteka.lt\/produktas\/zarna-cp-487\/#primaryimage"},"thumbnailUrl":"https:\/\/enviteka.lt\/wp-content\/uploads\/2025\/04\/zarna_cp_487_enviteka.jpg","datePublished":"2025-04-04T19:21:46+00:00","dateModified":"2025-06-24T06:32:47+00:00","description":"Daugiasluoksn\u0117, izoliuojanti, (iki +450\u00b0C). Naudojama \u012fvairiose pramonin\u0117se sistemose, kur reikalingas lankstumas ir atsparumas temperat\u016brai. Pristatymas 1-2 d.d.","breadcrumb":{"@id":"https:\/\/enviteka.lt\/produktas\/zarna-cp-487\/#breadcrumb"},"inLanguage":"en-US","potentialAction":[{"@type":"ReadAction","target":["https:\/\/enviteka.lt\/produktas\/zarna-cp-487\/"]}]},{"@type":"ImageObject","inLanguage":"en-US","@id":"https:\/\/enviteka.lt\/produktas\/zarna-cp-487\/#primaryimage","url":"https:\/\/enviteka.lt\/wp-content\/uploads\/2025\/04\/zarna_cp_487_enviteka.jpg","contentUrl":"https:\/\/enviteka.lt\/wp-content\/uploads\/2025\/04\/zarna_cp_487_enviteka.jpg","width":958,"height":602},{"@type":"BreadcrumbList","@id":"https:\/\/enviteka.lt\/produktas\/zarna-cp-487\/#breadcrumb","itemListElement":[{"@type":"ListItem","position":1,"name":"Home","item":"https:\/\/enviteka.lt\/"},{"@type":"ListItem","position":2,"name":"Produktai","item":"https:\/\/enviteka.lt\/produktai\/"},{"@type":"ListItem","position":3,"name":"\u017darna CP 487"}]},{"@type":"WebSite","@id":"https:\/\/enviteka.lt\/#website","url":"https:\/\/enviteka.lt\/","name":"ENVITEKA","description":"pramonin\u0117s \u012frangos tiek\u0117jas","publisher":{"@id":"https:\/\/enviteka.lt\/#organization"},"potentialAction":[{"@type":"SearchAction","target":{"@type":"EntryPoint","urlTemplate":"https:\/\/enviteka.lt\/?s={search_term_string}"},"query-input":{"@type":"PropertyValueSpecification","valueRequired":true,"valueName":"search_term_string"}}],"inLanguage":"en-US"},{"@type":"Organization","@id":"https:\/\/enviteka.lt\/#organization","name":"ENVITEKA","url":"https:\/\/enviteka.lt\/","logo":{"@type":"ImageObject","inLanguage":"en-US","@id":"https:\/\/enviteka.lt\/#\/schema\/logo\/image\/","url":"https:\/\/enviteka.lt\/wp-content\/uploads\/2024\/10\/enviteka-high-resolution-logo-transparent-e1742852093377.png","contentUrl":"https:\/\/enviteka.lt\/wp-content\/uploads\/2024\/10\/enviteka-high-resolution-logo-transparent-e1742852093377.png","width":424,"height":150,"caption":"ENVITEKA"},"image":{"@id":"https:\/\/enviteka.lt\/#\/schema\/logo\/image\/"}}]}},"_links":{"self":[{"href":"https:\/\/enviteka.lt\/en\/wp-json\/wp\/v2\/product\/1513","targetHints":{"allow":["GET"]}}],"collection":[{"href":"https:\/\/enviteka.lt\/en\/wp-json\/wp\/v2\/product"}],"about":[{"href":"https:\/\/enviteka.lt\/en\/wp-json\/wp\/v2\/types\/product"}],"wp:featuredmedia":[{"embeddable":true,"href":"https:\/\/enviteka.lt\/en\/wp-json\/wp\/v2\/media\/1514"}],"wp:attachment":[{"href":"https:\/\/enviteka.lt\/en\/wp-json\/wp\/v2\/media?parent=1513"}],"wp:term":[{"taxonomy":"product_brand","embeddable":true,"href":"https:\/\/enviteka.lt\/en\/wp-json\/wp\/v2\/product_brand?post=1513"},{"taxonomy":"product_cat","embeddable":true,"href":"https:\/\/enviteka.lt\/en\/wp-json\/wp\/v2\/product_cat?post=1513"},{"taxonomy":"product_tag","embeddable":true,"href":"https:\/\/enviteka.lt\/en\/wp-json\/wp\/v2\/product_tag?post=1513"}],"curies":[{"name":"wp","href":"https:\/\/api.w.org\/{rel}","templated":true}]}}