{"id":1502,"date":"2025-04-04T18:06:46","date_gmt":"2025-04-04T18:06:46","guid":{"rendered":"https:\/\/enviteka.lt\/?post_type=product&#038;p=1502"},"modified":"2025-04-04T18:13:50","modified_gmt":"2025-04-04T18:13:50","slug":"zarna-timberduc-pur-532-cnc-md","status":"publish","type":"product","link":"https:\/\/enviteka.lt\/en\/product\/zarna-timberduc-pur-532-cnc-md\/","title":{"rendered":"Hose TIMBERDUC PUR 532 CNC MD"},"content":{"rendered":"<p><strong>CNC ma\u0161in\u0173 \u017earna medienos apdirbimo pramonei (papildomai stiprinta, didesniam vakuumui, ypa\u010d lanksti + suspaud\u017eiama 4:1)<\/strong><\/p>\n<p><strong>Pritaikymo sritys:<\/strong><\/p>\n<p>I\u0161traukimo \u012frenginiai, dulkes surenkantys sistemos, filtravimo sistemos, alyvos gar\u0173 i\u0161traukimas<\/p>\n<p>Medienos dulki\u0173 i\u0161traukimas, medienos pjuvenos: bald\u0173 gamyba, medienos apdirbimo cechai<\/p>\n<p>Medienos dulki\u0173 surinkimas: CNC stakl\u0117s, CNC apdirbimo centrai (ypa\u010d greitai judantiems \u012frenginiams)<\/p>\n<p><strong>Savyb\u0117s:<\/strong><\/p>\n<p>Auk\u0161tos kokyb\u0117s \u2013 skirtos sunkioms darbo s\u0105lygoms<\/p>\n<p>Ypa\u010d lanksti ir suspaud\u017eiama 4:1 \u2013 patogiam naudojimui ir transportavimui<\/p>\n<p>Auk\u0161ta atsparumo dilimui savyb\u0117<\/p>\n<p>Padidintas atsparumas sl\u0117giui ir vakuumui<\/p>\n<p>Atsparumas alyvai, benzinui ir chemin\u0117ms med\u017eiagoms<\/p>\n<p>Ugniai atspari pagal DIN 4102-B1 standart\u0105<\/p>\n<p>Atitinka Vokietijos medienos prekybos asociacijos saugos reikalavimus<\/p>\n<p>Pagal DIN 26057 Tipas 2<\/p>\n<p>Atitinka RoHS direktyv\u0105<\/p>\n<p>REACH pagal &#8211;&gt; Technologija \/ Technin\u0117 informacija \/ REACH<\/p>\n<p><strong>Temperat\u016brinis diapazonas:<\/strong><\/p>\n<p>nuo -40\u202f\u00b0C iki +90\u202f\u00b0C<\/p>\n<p>Trumpalaikis (iki 125\u00b0C)<\/p>\n<p><strong>Konstrukcija:<\/strong><\/p>\n<p>PROTAPE juostos \u017earna<\/p>\n<p>Integruota pavasarinio plieno viela sienel\u0117je<\/p>\n<p>Sienel\u0117: auk\u0161tos kokyb\u0117s poliuretanas, atsparus agresyvioms medienos r\u016b\u0161ims ir medienos konservantams, su ugnies atsparumo priedu (Pre-PUR\u00ae)<\/p>\n<p>Sienel\u0117s storis: apie 0,7 mm<\/p>\n<p>\u012evair\u016bs diametrai nuo ir ilgiai pagal u\u017esakym\u0105<\/p>\n<p>Vidinis skersmuo nuo 200 mm iki 400 mm, kreipkit\u0117s d\u0117l reikiamo skersmens ir ilgio<\/p>\n<p><strong>Pristatymas: 1-2 d.d.<\/strong><\/p>\n<p><strong>Susisiekite su mumis<\/strong> nor\u0117dami gauti daugiau informacijos ar u\u017esisakyti. Pad\u0117sime pasirinkti geriausi\u0105 sprendim\u0105 pagal j\u016bs\u0173 poreikius, u\u017etikrinsime geriausi\u0105 kain\u0105 rinkoje ir greit\u0105 pristatym\u0105.<\/p>","protected":false},"excerpt":{"rendered":"<p>CNC ma\u0161in\u0173 \u017earna medienos apdirbimo pramonei (papildomai stiprinta, didesniam vakuumui, ypa\u010d lanksti + suspaud\u017eiama 4:1) Pritaikymo sritys: I\u0161traukimo \u012frenginiai, dulkes [&hellip;]<\/p>","protected":false},"featured_media":1503,"template":"","meta":{"site-sidebar-layout":"default","site-content-layout":"","ast-site-content-layout":"default","site-content-style":"default","site-sidebar-style":"default","ast-global-header-display":"","ast-banner-title-visibility":"","ast-main-header-display":"","ast-hfb-above-header-display":"","ast-hfb-below-header-display":"","ast-hfb-mobile-header-display":"","site-post-title":"","ast-breadcrumbs-content":"","ast-featured-img":"","footer-sml-layout":"","ast-disable-related-posts":"","theme-transparent-header-meta":"default","adv-header-id-meta":"","stick-header-meta":"","header-above-stick-meta":"","header-main-stick-meta":"","header-below-stick-meta":"","astra-migrate-meta-layouts":"set","ast-page-background-enabled":"default","ast-page-background-meta":{"desktop":{"background-color":"var(--ast-global-color-4)","background-image":"","background-repeat":"repeat","background-position":"center center","background-size":"auto","background-attachment":"scroll","background-type":"","background-media":"","overlay-type":"","overlay-color":"","overlay-opacity":"","overlay-gradient":""},"tablet":{"background-color":"","background-image":"","background-repeat":"repeat","background-position":"center center","background-size":"auto","background-attachment":"scroll","background-type":"","background-media":"","overlay-type":"","overlay-color":"","overlay-opacity":"","overlay-gradient":""},"mobile":{"background-color":"","background-image":"","background-repeat":"repeat","background-position":"center center","background-size":"auto","background-attachment":"scroll","background-type":"","background-media":"","overlay-type":"","overlay-color":"","overlay-opacity":"","overlay-gradient":""}},"ast-content-background-meta":{"desktop":{"background-color":"var(--ast-global-color-5)","background-image":"","background-repeat":"repeat","background-position":"center center","background-size":"auto","background-attachment":"scroll","background-type":"","background-media":"","overlay-type":"","overlay-color":"","overlay-opacity":"","overlay-gradient":""},"tablet":{"background-color":"var(--ast-global-color-5)","background-image":"","background-repeat":"repeat","background-position":"center center","background-size":"auto","background-attachment":"scroll","background-type":"","background-media":"","overlay-type":"","overlay-color":"","overlay-opacity":"","overlay-gradient":""},"mobile":{"background-color":"var(--ast-global-color-5)","background-image":"","background-repeat":"repeat","background-position":"center center","background-size":"auto","background-attachment":"scroll","background-type":"","background-media":"","overlay-type":"","overlay-color":"","overlay-opacity":"","overlay-gradient":""}}},"product_brand":[],"product_cat":[121,109],"product_tag":[],"class_list":{"0":"post-1502","1":"product","2":"type-product","3":"status-publish","4":"has-post-thumbnail","6":"product_cat-poliuretano-zarnos-pu-zarnos","7":"product_cat-zarnos-medienos-apdirbimo-pramonei","8":"desktop-align-left","9":"tablet-align-left","10":"mobile-align-left","12":"first","13":"instock","14":"shipping-taxable","15":"purchasable","16":"product-type-simple"},"yoast_head":"<!-- This site is optimized with the Yoast SEO plugin v27.3 - https:\/\/yoast.com\/product\/yoast-seo-wordpress\/ -->\n<title>\u017darna TIMBERDUC PUR 532 CNC MD - ENVITEKA<\/title>\n<meta name=\"description\" content=\"Idealiai medienos apdirbimo pramon\u0117je, kur reikia efektyviai pa\u0161alinti medienos dulkes ir pjuvenas, u\u017etikrinant \u0161var\u0105 daro aplinkoje. Pristatymas: 1-2 d.d.\" \/>\n<meta name=\"robots\" content=\"index, follow, max-snippet:-1, max-image-preview:large, max-video-preview:-1\" \/>\n<link rel=\"canonical\" href=\"https:\/\/enviteka.lt\/en\/product\/zarna-timberduc-pur-532-cnc-md\/\" \/>\n<meta property=\"og:locale\" content=\"en_US\" \/>\n<meta property=\"og:type\" content=\"article\" \/>\n<meta property=\"og:title\" content=\"\u017darna TIMBERDUC PUR 532 CNC MD - ENVITEKA\" \/>\n<meta property=\"og:description\" content=\"Idealiai medienos apdirbimo pramon\u0117je, kur reikia efektyviai pa\u0161alinti medienos dulkes ir pjuvenas, u\u017etikrinant \u0161var\u0105 daro aplinkoje. Pristatymas: 1-2 d.d.\" \/>\n<meta property=\"og:url\" content=\"https:\/\/enviteka.lt\/en\/product\/zarna-timberduc-pur-532-cnc-md\/\" \/>\n<meta property=\"og:site_name\" content=\"ENVITEKA\" \/>\n<meta property=\"article:modified_time\" content=\"2025-04-04T18:13:50+00:00\" \/>\n<meta property=\"og:image\" content=\"https:\/\/enviteka.lt\/wp-content\/uploads\/2025\/04\/timberduc_cnc_zarna_eviteka.jpg\" \/>\n\t<meta property=\"og:image:width\" content=\"961\" \/>\n\t<meta property=\"og:image:height\" content=\"588\" \/>\n\t<meta property=\"og:image:type\" content=\"image\/jpeg\" \/>\n<meta name=\"twitter:card\" content=\"summary_large_image\" \/>\n<meta name=\"twitter:label1\" content=\"Est. reading time\" \/>\n\t<meta name=\"twitter:data1\" content=\"2 minutes\" \/>\n<script type=\"application\/ld+json\" class=\"yoast-schema-graph\">{\"@context\":\"https:\\\/\\\/schema.org\",\"@graph\":[{\"@type\":\"WebPage\",\"@id\":\"https:\\\/\\\/enviteka.lt\\\/produktas\\\/zarna-timberduc-pur-532-cnc-md\\\/\",\"url\":\"https:\\\/\\\/enviteka.lt\\\/produktas\\\/zarna-timberduc-pur-532-cnc-md\\\/\",\"name\":\"\u017darna TIMBERDUC PUR 532 CNC MD - ENVITEKA\",\"isPartOf\":{\"@id\":\"https:\\\/\\\/enviteka.lt\\\/#website\"},\"primaryImageOfPage\":{\"@id\":\"https:\\\/\\\/enviteka.lt\\\/produktas\\\/zarna-timberduc-pur-532-cnc-md\\\/#primaryimage\"},\"image\":{\"@id\":\"https:\\\/\\\/enviteka.lt\\\/produktas\\\/zarna-timberduc-pur-532-cnc-md\\\/#primaryimage\"},\"thumbnailUrl\":\"https:\\\/\\\/enviteka.lt\\\/wp-content\\\/uploads\\\/2025\\\/04\\\/timberduc_cnc_zarna_eviteka.jpg\",\"datePublished\":\"2025-04-04T18:06:46+00:00\",\"dateModified\":\"2025-04-04T18:13:50+00:00\",\"description\":\"Idealiai medienos apdirbimo pramon\u0117je, kur reikia efektyviai pa\u0161alinti medienos dulkes ir pjuvenas, u\u017etikrinant \u0161var\u0105 daro aplinkoje. Pristatymas: 1-2 d.d.\",\"breadcrumb\":{\"@id\":\"https:\\\/\\\/enviteka.lt\\\/produktas\\\/zarna-timberduc-pur-532-cnc-md\\\/#breadcrumb\"},\"inLanguage\":\"en-US\",\"potentialAction\":[{\"@type\":\"ReadAction\",\"target\":[\"https:\\\/\\\/enviteka.lt\\\/produktas\\\/zarna-timberduc-pur-532-cnc-md\\\/\"]}]},{\"@type\":\"ImageObject\",\"inLanguage\":\"en-US\",\"@id\":\"https:\\\/\\\/enviteka.lt\\\/produktas\\\/zarna-timberduc-pur-532-cnc-md\\\/#primaryimage\",\"url\":\"https:\\\/\\\/enviteka.lt\\\/wp-content\\\/uploads\\\/2025\\\/04\\\/timberduc_cnc_zarna_eviteka.jpg\",\"contentUrl\":\"https:\\\/\\\/enviteka.lt\\\/wp-content\\\/uploads\\\/2025\\\/04\\\/timberduc_cnc_zarna_eviteka.jpg\",\"width\":961,\"height\":588},{\"@type\":\"BreadcrumbList\",\"@id\":\"https:\\\/\\\/enviteka.lt\\\/produktas\\\/zarna-timberduc-pur-532-cnc-md\\\/#breadcrumb\",\"itemListElement\":[{\"@type\":\"ListItem\",\"position\":1,\"name\":\"Home\",\"item\":\"https:\\\/\\\/enviteka.lt\\\/\"},{\"@type\":\"ListItem\",\"position\":2,\"name\":\"Produktai\",\"item\":\"https:\\\/\\\/enviteka.lt\\\/produktai\\\/\"},{\"@type\":\"ListItem\",\"position\":3,\"name\":\"\u017darna TIMBERDUC PUR 532 CNC MD\"}]},{\"@type\":\"WebSite\",\"@id\":\"https:\\\/\\\/enviteka.lt\\\/#website\",\"url\":\"https:\\\/\\\/enviteka.lt\\\/\",\"name\":\"ENVITEKA\",\"description\":\"pramonin\u0117s \u012frangos tiek\u0117jas\",\"publisher\":{\"@id\":\"https:\\\/\\\/enviteka.lt\\\/#organization\"},\"potentialAction\":[{\"@type\":\"SearchAction\",\"target\":{\"@type\":\"EntryPoint\",\"urlTemplate\":\"https:\\\/\\\/enviteka.lt\\\/?s={search_term_string}\"},\"query-input\":{\"@type\":\"PropertyValueSpecification\",\"valueRequired\":true,\"valueName\":\"search_term_string\"}}],\"inLanguage\":\"en-US\"},{\"@type\":\"Organization\",\"@id\":\"https:\\\/\\\/enviteka.lt\\\/#organization\",\"name\":\"ENVITEKA\",\"url\":\"https:\\\/\\\/enviteka.lt\\\/\",\"logo\":{\"@type\":\"ImageObject\",\"inLanguage\":\"en-US\",\"@id\":\"https:\\\/\\\/enviteka.lt\\\/#\\\/schema\\\/logo\\\/image\\\/\",\"url\":\"https:\\\/\\\/enviteka.lt\\\/wp-content\\\/uploads\\\/2024\\\/10\\\/enviteka-high-resolution-logo-transparent-e1742852093377.png\",\"contentUrl\":\"https:\\\/\\\/enviteka.lt\\\/wp-content\\\/uploads\\\/2024\\\/10\\\/enviteka-high-resolution-logo-transparent-e1742852093377.png\",\"width\":424,\"height\":150,\"caption\":\"ENVITEKA\"},\"image\":{\"@id\":\"https:\\\/\\\/enviteka.lt\\\/#\\\/schema\\\/logo\\\/image\\\/\"}}]}<\/script>\n<!-- \/ Yoast SEO plugin. -->","yoast_head_json":{"title":"\u017darna TIMBERDUC PUR 532 CNC MD - ENVITEKA","description":"Idealiai medienos apdirbimo pramon\u0117je, kur reikia efektyviai pa\u0161alinti medienos dulkes ir pjuvenas, u\u017etikrinant \u0161var\u0105 daro aplinkoje. Pristatymas: 1-2 d.d.","robots":{"index":"index","follow":"follow","max-snippet":"max-snippet:-1","max-image-preview":"max-image-preview:large","max-video-preview":"max-video-preview:-1"},"canonical":"https:\/\/enviteka.lt\/en\/product\/zarna-timberduc-pur-532-cnc-md\/","og_locale":"en_US","og_type":"article","og_title":"\u017darna TIMBERDUC PUR 532 CNC MD - ENVITEKA","og_description":"Idealiai medienos apdirbimo pramon\u0117je, kur reikia efektyviai pa\u0161alinti medienos dulkes ir pjuvenas, u\u017etikrinant \u0161var\u0105 daro aplinkoje. Pristatymas: 1-2 d.d.","og_url":"https:\/\/enviteka.lt\/en\/product\/zarna-timberduc-pur-532-cnc-md\/","og_site_name":"ENVITEKA","article_modified_time":"2025-04-04T18:13:50+00:00","og_image":[{"width":961,"height":588,"url":"https:\/\/enviteka.lt\/wp-content\/uploads\/2025\/04\/timberduc_cnc_zarna_eviteka.jpg","type":"image\/jpeg"}],"twitter_card":"summary_large_image","twitter_misc":{"Est. reading time":"2 minutes"},"schema":{"@context":"https:\/\/schema.org","@graph":[{"@type":"WebPage","@id":"https:\/\/enviteka.lt\/produktas\/zarna-timberduc-pur-532-cnc-md\/","url":"https:\/\/enviteka.lt\/produktas\/zarna-timberduc-pur-532-cnc-md\/","name":"\u017darna TIMBERDUC PUR 532 CNC MD - ENVITEKA","isPartOf":{"@id":"https:\/\/enviteka.lt\/#website"},"primaryImageOfPage":{"@id":"https:\/\/enviteka.lt\/produktas\/zarna-timberduc-pur-532-cnc-md\/#primaryimage"},"image":{"@id":"https:\/\/enviteka.lt\/produktas\/zarna-timberduc-pur-532-cnc-md\/#primaryimage"},"thumbnailUrl":"https:\/\/enviteka.lt\/wp-content\/uploads\/2025\/04\/timberduc_cnc_zarna_eviteka.jpg","datePublished":"2025-04-04T18:06:46+00:00","dateModified":"2025-04-04T18:13:50+00:00","description":"Idealiai medienos apdirbimo pramon\u0117je, kur reikia efektyviai pa\u0161alinti medienos dulkes ir pjuvenas, u\u017etikrinant \u0161var\u0105 daro aplinkoje. Pristatymas: 1-2 d.d.","breadcrumb":{"@id":"https:\/\/enviteka.lt\/produktas\/zarna-timberduc-pur-532-cnc-md\/#breadcrumb"},"inLanguage":"en-US","potentialAction":[{"@type":"ReadAction","target":["https:\/\/enviteka.lt\/produktas\/zarna-timberduc-pur-532-cnc-md\/"]}]},{"@type":"ImageObject","inLanguage":"en-US","@id":"https:\/\/enviteka.lt\/produktas\/zarna-timberduc-pur-532-cnc-md\/#primaryimage","url":"https:\/\/enviteka.lt\/wp-content\/uploads\/2025\/04\/timberduc_cnc_zarna_eviteka.jpg","contentUrl":"https:\/\/enviteka.lt\/wp-content\/uploads\/2025\/04\/timberduc_cnc_zarna_eviteka.jpg","width":961,"height":588},{"@type":"BreadcrumbList","@id":"https:\/\/enviteka.lt\/produktas\/zarna-timberduc-pur-532-cnc-md\/#breadcrumb","itemListElement":[{"@type":"ListItem","position":1,"name":"Home","item":"https:\/\/enviteka.lt\/"},{"@type":"ListItem","position":2,"name":"Produktai","item":"https:\/\/enviteka.lt\/produktai\/"},{"@type":"ListItem","position":3,"name":"\u017darna TIMBERDUC PUR 532 CNC MD"}]},{"@type":"WebSite","@id":"https:\/\/enviteka.lt\/#website","url":"https:\/\/enviteka.lt\/","name":"ENVITEKA","description":"pramonin\u0117s \u012frangos tiek\u0117jas","publisher":{"@id":"https:\/\/enviteka.lt\/#organization"},"potentialAction":[{"@type":"SearchAction","target":{"@type":"EntryPoint","urlTemplate":"https:\/\/enviteka.lt\/?s={search_term_string}"},"query-input":{"@type":"PropertyValueSpecification","valueRequired":true,"valueName":"search_term_string"}}],"inLanguage":"en-US"},{"@type":"Organization","@id":"https:\/\/enviteka.lt\/#organization","name":"ENVITEKA","url":"https:\/\/enviteka.lt\/","logo":{"@type":"ImageObject","inLanguage":"en-US","@id":"https:\/\/enviteka.lt\/#\/schema\/logo\/image\/","url":"https:\/\/enviteka.lt\/wp-content\/uploads\/2024\/10\/enviteka-high-resolution-logo-transparent-e1742852093377.png","contentUrl":"https:\/\/enviteka.lt\/wp-content\/uploads\/2024\/10\/enviteka-high-resolution-logo-transparent-e1742852093377.png","width":424,"height":150,"caption":"ENVITEKA"},"image":{"@id":"https:\/\/enviteka.lt\/#\/schema\/logo\/image\/"}}]}},"_links":{"self":[{"href":"https:\/\/enviteka.lt\/en\/wp-json\/wp\/v2\/product\/1502","targetHints":{"allow":["GET"]}}],"collection":[{"href":"https:\/\/enviteka.lt\/en\/wp-json\/wp\/v2\/product"}],"about":[{"href":"https:\/\/enviteka.lt\/en\/wp-json\/wp\/v2\/types\/product"}],"wp:featuredmedia":[{"embeddable":true,"href":"https:\/\/enviteka.lt\/en\/wp-json\/wp\/v2\/media\/1503"}],"wp:attachment":[{"href":"https:\/\/enviteka.lt\/en\/wp-json\/wp\/v2\/media?parent=1502"}],"wp:term":[{"taxonomy":"product_brand","embeddable":true,"href":"https:\/\/enviteka.lt\/en\/wp-json\/wp\/v2\/product_brand?post=1502"},{"taxonomy":"product_cat","embeddable":true,"href":"https:\/\/enviteka.lt\/en\/wp-json\/wp\/v2\/product_cat?post=1502"},{"taxonomy":"product_tag","embeddable":true,"href":"https:\/\/enviteka.lt\/en\/wp-json\/wp\/v2\/product_tag?post=1502"}],"curies":[{"name":"wp","href":"https:\/\/api.w.org\/{rel}","templated":true}]}}