{"id":1484,"date":"2025-04-04T16:43:38","date_gmt":"2025-04-04T16:43:38","guid":{"rendered":"https:\/\/enviteka.lt\/?post_type=product&#038;p=1484"},"modified":"2025-04-04T16:46:35","modified_gmt":"2025-04-04T16:46:35","slug":"zarna-norplas-4460-quadriflex","status":"publish","type":"product","link":"https:\/\/enviteka.lt\/en\/product\/zarna-norplas-4460-quadriflex\/","title":{"rendered":"\u017darna NORPLAS 4460 QUADRIFLEX"},"content":{"rendered":"<p><strong>Termoplastin\u0117 siurbimo \u017earna<\/strong><\/p>\n<p><strong>Pritaikymo sritys:<\/strong><\/p>\n<p>Skirta pramoninio vandens, nuotek\u0173 ir srut\u0173 transportavimui<\/p>\n<p>Daugel\u012f met\u0173 s\u0117kmingai naudojama vie\u0161ajame sektoriuje ir \u017eem\u0117s \u016bkyje<\/p>\n<p>D\u0117l lygaus i\u0161orinio pavir\u0161iaus puikiai tinka naudoti vandens valymo \u012frenginiuose, rezervuaruose, srut\u0173 duob\u0117se ir kt.<\/p>\n<p><strong>Savyb\u0117s:<\/strong><\/p>\n<p>Vietoje \u012fprastos apvalios spiral\u0117s naudojama ovalios formos spiral\u0117 \u2013 didesniam lankstumui ir tvirtumui<\/p>\n<p>Atitinka EN ISO 1307:2008 standart\u0105<\/p>\n<p>Atspari vakuumui iki 0,9 bar<\/p>\n<p>Temperat\u016brinis diapazonas<\/p>\n<p>nuo -25\u202f\u00b0C iki +60\u202f\u00b0C<\/p>\n<p><strong>Konstrukcija:<\/strong><\/p>\n<p>Vidinis sluoksnis: mink\u0161tas PVC<\/p>\n<p>I\u0161orinis sluoksnis: PVC su lygiu pavir\u0161iumi<\/p>\n<p>Sustiprinimas: standi PVC spiral\u0117 (ovalo formos)<\/p>\n<p>Vidaus pavir\u0161ius: lygus \u2013 efektyviam srautui<\/p>\n<p>Vidinis skersmuo nuo 50 mm iki 152 mm, kreipkit\u0117s d\u0117l reikiamo skersmens ir ilgio.<\/p>\n<p class=\"\" data-start=\"1488\" data-end=\"1675\"><strong>Pristatymas 1-2 d.d.<\/strong><\/p>\n<p><strong>Susisiekite su mumis:<\/strong><\/p>\n<p>Nor\u0117dami gauti daugiau informacijos arba u\u017esisakyti, pra\u0161ome susisiekti su m\u016bs\u0173 komanda. Pad\u0117sime pasirinkti geriausi\u0105 sprendim\u0105 pagal j\u016bs\u0173 poreikius, u\u017etikrinsime geriausi\u0105 kain\u0105<\/p>\n<p>rinkoje ir greit\u0105 pristatym\u0105.<\/p>","protected":false},"excerpt":{"rendered":"<p>Termoplastin\u0117 siurbimo \u017earna Pritaikymo sritys: Skirta pramoninio vandens, nuotek\u0173 ir srut\u0173 transportavimui Daugel\u012f met\u0173 s\u0117kmingai naudojama vie\u0161ajame sektoriuje ir \u017eem\u0117s [&hellip;]<\/p>","protected":false},"featured_media":1486,"template":"","meta":{"site-sidebar-layout":"default","site-content-layout":"","ast-site-content-layout":"default","site-content-style":"default","site-sidebar-style":"default","ast-global-header-display":"","ast-banner-title-visibility":"","ast-main-header-display":"","ast-hfb-above-header-display":"","ast-hfb-below-header-display":"","ast-hfb-mobile-header-display":"","site-post-title":"","ast-breadcrumbs-content":"","ast-featured-img":"","footer-sml-layout":"","ast-disable-related-posts":"","theme-transparent-header-meta":"default","adv-header-id-meta":"","stick-header-meta":"","header-above-stick-meta":"","header-main-stick-meta":"","header-below-stick-meta":"","astra-migrate-meta-layouts":"set","ast-page-background-enabled":"default","ast-page-background-meta":{"desktop":{"background-color":"var(--ast-global-color-4)","background-image":"","background-repeat":"repeat","background-position":"center center","background-size":"auto","background-attachment":"scroll","background-type":"","background-media":"","overlay-type":"","overlay-color":"","overlay-opacity":"","overlay-gradient":""},"tablet":{"background-color":"","background-image":"","background-repeat":"repeat","background-position":"center center","background-size":"auto","background-attachment":"scroll","background-type":"","background-media":"","overlay-type":"","overlay-color":"","overlay-opacity":"","overlay-gradient":""},"mobile":{"background-color":"","background-image":"","background-repeat":"repeat","background-position":"center center","background-size":"auto","background-attachment":"scroll","background-type":"","background-media":"","overlay-type":"","overlay-color":"","overlay-opacity":"","overlay-gradient":""}},"ast-content-background-meta":{"desktop":{"background-color":"var(--ast-global-color-5)","background-image":"","background-repeat":"repeat","background-position":"center center","background-size":"auto","background-attachment":"scroll","background-type":"","background-media":"","overlay-type":"","overlay-color":"","overlay-opacity":"","overlay-gradient":""},"tablet":{"background-color":"var(--ast-global-color-5)","background-image":"","background-repeat":"repeat","background-position":"center center","background-size":"auto","background-attachment":"scroll","background-type":"","background-media":"","overlay-type":"","overlay-color":"","overlay-opacity":"","overlay-gradient":""},"mobile":{"background-color":"var(--ast-global-color-5)","background-image":"","background-repeat":"repeat","background-position":"center center","background-size":"auto","background-attachment":"scroll","background-type":"","background-media":"","overlay-type":"","overlay-color":"","overlay-opacity":"","overlay-gradient":""}}},"product_brand":[],"product_cat":[127],"product_tag":[],"class_list":{"0":"post-1484","1":"product","2":"type-product","3":"status-publish","4":"has-post-thumbnail","6":"product_cat-plastikines-zarnos","7":"desktop-align-left","8":"tablet-align-left","9":"mobile-align-left","11":"first","12":"instock","13":"shipping-taxable","14":"purchasable","15":"product-type-simple"},"yoast_head":"<!-- This site is optimized with the Yoast SEO plugin v27.3 - https:\/\/yoast.com\/product\/yoast-seo-wordpress\/ -->\n<title>\u017darna NORPLAS 4460 QUADRIFLEX - ENVITEKA<\/title>\n<meta name=\"description\" content=\"D\u0117l lygaus i\u0161orinio pavir\u0161iaus puikiai tinka naudoti vandens valymo \u012frenginiuose, rezervuaruose, srut\u0173 duob\u0117se ir kt. Pristatymas 1-2 d.d.\" \/>\n<meta name=\"robots\" content=\"index, follow, max-snippet:-1, max-image-preview:large, max-video-preview:-1\" \/>\n<link rel=\"canonical\" href=\"https:\/\/enviteka.lt\/en\/product\/zarna-norplas-4460-quadriflex\/\" \/>\n<meta property=\"og:locale\" content=\"en_US\" \/>\n<meta property=\"og:type\" content=\"article\" \/>\n<meta property=\"og:title\" content=\"\u017darna NORPLAS 4460 QUADRIFLEX - ENVITEKA\" \/>\n<meta property=\"og:description\" content=\"D\u0117l lygaus i\u0161orinio pavir\u0161iaus puikiai tinka naudoti vandens valymo \u012frenginiuose, rezervuaruose, srut\u0173 duob\u0117se ir kt. Pristatymas 1-2 d.d.\" \/>\n<meta property=\"og:url\" content=\"https:\/\/enviteka.lt\/en\/product\/zarna-norplas-4460-quadriflex\/\" \/>\n<meta property=\"og:site_name\" content=\"ENVITEKA\" \/>\n<meta property=\"article:modified_time\" content=\"2025-04-04T16:46:35+00:00\" \/>\n<meta property=\"og:image\" content=\"https:\/\/enviteka.lt\/wp-content\/uploads\/2025\/04\/norplast_4460_zarna_plastikine.jpg\" \/>\n\t<meta property=\"og:image:width\" content=\"1422\" \/>\n\t<meta property=\"og:image:height\" content=\"858\" \/>\n\t<meta property=\"og:image:type\" content=\"image\/jpeg\" \/>\n<meta name=\"twitter:card\" content=\"summary_large_image\" \/>\n<meta name=\"twitter:label1\" content=\"Est. reading time\" \/>\n\t<meta name=\"twitter:data1\" content=\"1 minute\" \/>\n<script type=\"application\/ld+json\" class=\"yoast-schema-graph\">{\"@context\":\"https:\\\/\\\/schema.org\",\"@graph\":[{\"@type\":\"WebPage\",\"@id\":\"https:\\\/\\\/enviteka.lt\\\/produktas\\\/zarna-norplas-4460-quadriflex\\\/\",\"url\":\"https:\\\/\\\/enviteka.lt\\\/produktas\\\/zarna-norplas-4460-quadriflex\\\/\",\"name\":\"\u017darna NORPLAS 4460 QUADRIFLEX - ENVITEKA\",\"isPartOf\":{\"@id\":\"https:\\\/\\\/enviteka.lt\\\/#website\"},\"primaryImageOfPage\":{\"@id\":\"https:\\\/\\\/enviteka.lt\\\/produktas\\\/zarna-norplas-4460-quadriflex\\\/#primaryimage\"},\"image\":{\"@id\":\"https:\\\/\\\/enviteka.lt\\\/produktas\\\/zarna-norplas-4460-quadriflex\\\/#primaryimage\"},\"thumbnailUrl\":\"https:\\\/\\\/enviteka.lt\\\/wp-content\\\/uploads\\\/2025\\\/04\\\/norplast_4460_zarna_plastikine.jpg\",\"datePublished\":\"2025-04-04T16:43:38+00:00\",\"dateModified\":\"2025-04-04T16:46:35+00:00\",\"description\":\"D\u0117l lygaus i\u0161orinio pavir\u0161iaus puikiai tinka naudoti vandens valymo \u012frenginiuose, rezervuaruose, srut\u0173 duob\u0117se ir kt. Pristatymas 1-2 d.d.\",\"breadcrumb\":{\"@id\":\"https:\\\/\\\/enviteka.lt\\\/produktas\\\/zarna-norplas-4460-quadriflex\\\/#breadcrumb\"},\"inLanguage\":\"en-US\",\"potentialAction\":[{\"@type\":\"ReadAction\",\"target\":[\"https:\\\/\\\/enviteka.lt\\\/produktas\\\/zarna-norplas-4460-quadriflex\\\/\"]}]},{\"@type\":\"ImageObject\",\"inLanguage\":\"en-US\",\"@id\":\"https:\\\/\\\/enviteka.lt\\\/produktas\\\/zarna-norplas-4460-quadriflex\\\/#primaryimage\",\"url\":\"https:\\\/\\\/enviteka.lt\\\/wp-content\\\/uploads\\\/2025\\\/04\\\/norplast_4460_zarna_plastikine.jpg\",\"contentUrl\":\"https:\\\/\\\/enviteka.lt\\\/wp-content\\\/uploads\\\/2025\\\/04\\\/norplast_4460_zarna_plastikine.jpg\",\"width\":1422,\"height\":858},{\"@type\":\"BreadcrumbList\",\"@id\":\"https:\\\/\\\/enviteka.lt\\\/produktas\\\/zarna-norplas-4460-quadriflex\\\/#breadcrumb\",\"itemListElement\":[{\"@type\":\"ListItem\",\"position\":1,\"name\":\"Home\",\"item\":\"https:\\\/\\\/enviteka.lt\\\/\"},{\"@type\":\"ListItem\",\"position\":2,\"name\":\"Produktai\",\"item\":\"https:\\\/\\\/enviteka.lt\\\/produktai\\\/\"},{\"@type\":\"ListItem\",\"position\":3,\"name\":\"\u017darna NORPLAS 4460 QUADRIFLEX\"}]},{\"@type\":\"WebSite\",\"@id\":\"https:\\\/\\\/enviteka.lt\\\/#website\",\"url\":\"https:\\\/\\\/enviteka.lt\\\/\",\"name\":\"ENVITEKA\",\"description\":\"pramonin\u0117s \u012frangos tiek\u0117jas\",\"publisher\":{\"@id\":\"https:\\\/\\\/enviteka.lt\\\/#organization\"},\"potentialAction\":[{\"@type\":\"SearchAction\",\"target\":{\"@type\":\"EntryPoint\",\"urlTemplate\":\"https:\\\/\\\/enviteka.lt\\\/?s={search_term_string}\"},\"query-input\":{\"@type\":\"PropertyValueSpecification\",\"valueRequired\":true,\"valueName\":\"search_term_string\"}}],\"inLanguage\":\"en-US\"},{\"@type\":\"Organization\",\"@id\":\"https:\\\/\\\/enviteka.lt\\\/#organization\",\"name\":\"ENVITEKA\",\"url\":\"https:\\\/\\\/enviteka.lt\\\/\",\"logo\":{\"@type\":\"ImageObject\",\"inLanguage\":\"en-US\",\"@id\":\"https:\\\/\\\/enviteka.lt\\\/#\\\/schema\\\/logo\\\/image\\\/\",\"url\":\"https:\\\/\\\/enviteka.lt\\\/wp-content\\\/uploads\\\/2024\\\/10\\\/enviteka-high-resolution-logo-transparent-e1742852093377.png\",\"contentUrl\":\"https:\\\/\\\/enviteka.lt\\\/wp-content\\\/uploads\\\/2024\\\/10\\\/enviteka-high-resolution-logo-transparent-e1742852093377.png\",\"width\":424,\"height\":150,\"caption\":\"ENVITEKA\"},\"image\":{\"@id\":\"https:\\\/\\\/enviteka.lt\\\/#\\\/schema\\\/logo\\\/image\\\/\"}}]}<\/script>\n<!-- \/ Yoast SEO plugin. -->","yoast_head_json":{"title":"\u017darna NORPLAS 4460 QUADRIFLEX - ENVITEKA","description":"D\u0117l lygaus i\u0161orinio pavir\u0161iaus puikiai tinka naudoti vandens valymo \u012frenginiuose, rezervuaruose, srut\u0173 duob\u0117se ir kt. Pristatymas 1-2 d.d.","robots":{"index":"index","follow":"follow","max-snippet":"max-snippet:-1","max-image-preview":"max-image-preview:large","max-video-preview":"max-video-preview:-1"},"canonical":"https:\/\/enviteka.lt\/en\/product\/zarna-norplas-4460-quadriflex\/","og_locale":"en_US","og_type":"article","og_title":"\u017darna NORPLAS 4460 QUADRIFLEX - ENVITEKA","og_description":"D\u0117l lygaus i\u0161orinio pavir\u0161iaus puikiai tinka naudoti vandens valymo \u012frenginiuose, rezervuaruose, srut\u0173 duob\u0117se ir kt. Pristatymas 1-2 d.d.","og_url":"https:\/\/enviteka.lt\/en\/product\/zarna-norplas-4460-quadriflex\/","og_site_name":"ENVITEKA","article_modified_time":"2025-04-04T16:46:35+00:00","og_image":[{"width":1422,"height":858,"url":"https:\/\/enviteka.lt\/wp-content\/uploads\/2025\/04\/norplast_4460_zarna_plastikine.jpg","type":"image\/jpeg"}],"twitter_card":"summary_large_image","twitter_misc":{"Est. reading time":"1 minute"},"schema":{"@context":"https:\/\/schema.org","@graph":[{"@type":"WebPage","@id":"https:\/\/enviteka.lt\/produktas\/zarna-norplas-4460-quadriflex\/","url":"https:\/\/enviteka.lt\/produktas\/zarna-norplas-4460-quadriflex\/","name":"\u017darna NORPLAS 4460 QUADRIFLEX - ENVITEKA","isPartOf":{"@id":"https:\/\/enviteka.lt\/#website"},"primaryImageOfPage":{"@id":"https:\/\/enviteka.lt\/produktas\/zarna-norplas-4460-quadriflex\/#primaryimage"},"image":{"@id":"https:\/\/enviteka.lt\/produktas\/zarna-norplas-4460-quadriflex\/#primaryimage"},"thumbnailUrl":"https:\/\/enviteka.lt\/wp-content\/uploads\/2025\/04\/norplast_4460_zarna_plastikine.jpg","datePublished":"2025-04-04T16:43:38+00:00","dateModified":"2025-04-04T16:46:35+00:00","description":"D\u0117l lygaus i\u0161orinio pavir\u0161iaus puikiai tinka naudoti vandens valymo \u012frenginiuose, rezervuaruose, srut\u0173 duob\u0117se ir kt. Pristatymas 1-2 d.d.","breadcrumb":{"@id":"https:\/\/enviteka.lt\/produktas\/zarna-norplas-4460-quadriflex\/#breadcrumb"},"inLanguage":"en-US","potentialAction":[{"@type":"ReadAction","target":["https:\/\/enviteka.lt\/produktas\/zarna-norplas-4460-quadriflex\/"]}]},{"@type":"ImageObject","inLanguage":"en-US","@id":"https:\/\/enviteka.lt\/produktas\/zarna-norplas-4460-quadriflex\/#primaryimage","url":"https:\/\/enviteka.lt\/wp-content\/uploads\/2025\/04\/norplast_4460_zarna_plastikine.jpg","contentUrl":"https:\/\/enviteka.lt\/wp-content\/uploads\/2025\/04\/norplast_4460_zarna_plastikine.jpg","width":1422,"height":858},{"@type":"BreadcrumbList","@id":"https:\/\/enviteka.lt\/produktas\/zarna-norplas-4460-quadriflex\/#breadcrumb","itemListElement":[{"@type":"ListItem","position":1,"name":"Home","item":"https:\/\/enviteka.lt\/"},{"@type":"ListItem","position":2,"name":"Produktai","item":"https:\/\/enviteka.lt\/produktai\/"},{"@type":"ListItem","position":3,"name":"\u017darna NORPLAS 4460 QUADRIFLEX"}]},{"@type":"WebSite","@id":"https:\/\/enviteka.lt\/#website","url":"https:\/\/enviteka.lt\/","name":"ENVITEKA","description":"pramonin\u0117s \u012frangos tiek\u0117jas","publisher":{"@id":"https:\/\/enviteka.lt\/#organization"},"potentialAction":[{"@type":"SearchAction","target":{"@type":"EntryPoint","urlTemplate":"https:\/\/enviteka.lt\/?s={search_term_string}"},"query-input":{"@type":"PropertyValueSpecification","valueRequired":true,"valueName":"search_term_string"}}],"inLanguage":"en-US"},{"@type":"Organization","@id":"https:\/\/enviteka.lt\/#organization","name":"ENVITEKA","url":"https:\/\/enviteka.lt\/","logo":{"@type":"ImageObject","inLanguage":"en-US","@id":"https:\/\/enviteka.lt\/#\/schema\/logo\/image\/","url":"https:\/\/enviteka.lt\/wp-content\/uploads\/2024\/10\/enviteka-high-resolution-logo-transparent-e1742852093377.png","contentUrl":"https:\/\/enviteka.lt\/wp-content\/uploads\/2024\/10\/enviteka-high-resolution-logo-transparent-e1742852093377.png","width":424,"height":150,"caption":"ENVITEKA"},"image":{"@id":"https:\/\/enviteka.lt\/#\/schema\/logo\/image\/"}}]}},"_links":{"self":[{"href":"https:\/\/enviteka.lt\/en\/wp-json\/wp\/v2\/product\/1484","targetHints":{"allow":["GET"]}}],"collection":[{"href":"https:\/\/enviteka.lt\/en\/wp-json\/wp\/v2\/product"}],"about":[{"href":"https:\/\/enviteka.lt\/en\/wp-json\/wp\/v2\/types\/product"}],"wp:featuredmedia":[{"embeddable":true,"href":"https:\/\/enviteka.lt\/en\/wp-json\/wp\/v2\/media\/1486"}],"wp:attachment":[{"href":"https:\/\/enviteka.lt\/en\/wp-json\/wp\/v2\/media?parent=1484"}],"wp:term":[{"taxonomy":"product_brand","embeddable":true,"href":"https:\/\/enviteka.lt\/en\/wp-json\/wp\/v2\/product_brand?post=1484"},{"taxonomy":"product_cat","embeddable":true,"href":"https:\/\/enviteka.lt\/en\/wp-json\/wp\/v2\/product_cat?post=1484"},{"taxonomy":"product_tag","embeddable":true,"href":"https:\/\/enviteka.lt\/en\/wp-json\/wp\/v2\/product_tag?post=1484"}],"curies":[{"name":"wp","href":"https:\/\/api.w.org\/{rel}","templated":true}]}}