{"id":1471,"date":"2025-04-04T16:14:13","date_gmt":"2025-04-04T16:14:13","guid":{"rendered":"https:\/\/enviteka.lt\/?post_type=product&#038;p=1471"},"modified":"2025-04-04T17:07:38","modified_gmt":"2025-04-04T17:07:38","slug":"zarna-norplast-pvc-388-aspir-pvc","status":"publish","type":"product","link":"https:\/\/enviteka.lt\/en\/product\/zarna-norplast-pvc-388-aspir-pvc\/","title":{"rendered":"\u017darna NORPLAST PVC 388 ASPIR PVC"},"content":{"rendered":"<p><strong>PVC\u00a0 \u017earna vidutinio sunkumo<\/strong><\/p>\n<p><strong>Pritaikymo sritys:<\/strong><\/p>\n<p>\u017darna skys\u010di\u0173, milteli\u0173, biri\u0173 med\u017eiag\u0173, granuli\u0173 ir duj\u0173 transportavimui<\/p>\n<p>\u017dem\u0117s \u016bkio sektorius: laistymas, tr\u0105\u0161\u0173 ir insekticid\u0173 tiekimas<\/p>\n<p>Vakuuminio k\u0117limo \u012franga, vakuuminio transportavimo sistemos<\/p>\n<p><strong>Savyb\u0117s:<\/strong><\/p>\n<p>Vidutinio\u2013sunkio naudojimo klas\u0117<\/p>\n<p>Atitinka RoHS direktyvos reikalavimus<\/p>\n<p>Pagaminta pagal REACH reglament\u0105 (daugiau informacijos \u2013 Technologija \/ Technin\u0117 informacija \/ REACH)<\/p>\n<p>Temperat\u016brinis diapazonas<\/p>\n<p>nuo -15\u202f\u00b0C iki +60\u202f\u00b0C<\/p>\n<p><strong>Konstrukcija:<\/strong><\/p>\n<p>Visi\u0161kai plastikin\u0117 \u017earna<\/p>\n<p>\u012e sienel\u0119 integruota kieta plastikin\u0117 spiral\u0117<\/p>\n<p>Spiral\u0117: standus PVC<\/p>\n<p>Vidaus pavir\u0161ius: lygus<\/p>\n<p>Sienel\u0117: auk\u0161tos kokyb\u0117s mink\u0161tas PVC<\/p>\n<p>\u012evair\u016bs diametrai nuo ir ilgiai pagal u\u017esakym\u0105<\/p>\n<p>Vidinis skersmuo nuo 25 mm iki 102 mm, kreipkit\u0117s d\u0117l reikiamo skersmens ir ilgio<\/p>\n<p><strong>Pristatymas: 1-2 d.d.<\/strong><\/p>\n<p>Susisiekite su mumis nor\u0117dami gauti daugiau informacijos ar u\u017esisakyti. Pad\u0117sime pasirinkti geriausi\u0105 sprendim\u0105 pagal j\u016bs\u0173 poreikius, u\u017etikrinsime geriausi\u0105 kain\u0105 rinkoje ir greit\u0105 pristatym\u0105.<\/p>","protected":false},"excerpt":{"rendered":"<p>PVC\u00a0 \u017earna vidutinio sunkumo Pritaikymo sritys: \u017darna skys\u010di\u0173, milteli\u0173, biri\u0173 med\u017eiag\u0173, granuli\u0173 ir duj\u0173 transportavimui \u017dem\u0117s \u016bkio sektorius: laistymas, tr\u0105\u0161\u0173 [&hellip;]<\/p>","protected":false},"featured_media":1472,"template":"","meta":{"site-sidebar-layout":"default","site-content-layout":"","ast-site-content-layout":"default","site-content-style":"default","site-sidebar-style":"default","ast-global-header-display":"","ast-banner-title-visibility":"","ast-main-header-display":"","ast-hfb-above-header-display":"","ast-hfb-below-header-display":"","ast-hfb-mobile-header-display":"","site-post-title":"","ast-breadcrumbs-content":"","ast-featured-img":"","footer-sml-layout":"","ast-disable-related-posts":"","theme-transparent-header-meta":"default","adv-header-id-meta":"","stick-header-meta":"","header-above-stick-meta":"","header-main-stick-meta":"","header-below-stick-meta":"","astra-migrate-meta-layouts":"set","ast-page-background-enabled":"default","ast-page-background-meta":{"desktop":{"background-color":"var(--ast-global-color-4)","background-image":"","background-repeat":"repeat","background-position":"center center","background-size":"auto","background-attachment":"scroll","background-type":"","background-media":"","overlay-type":"","overlay-color":"","overlay-opacity":"","overlay-gradient":""},"tablet":{"background-color":"","background-image":"","background-repeat":"repeat","background-position":"center center","background-size":"auto","background-attachment":"scroll","background-type":"","background-media":"","overlay-type":"","overlay-color":"","overlay-opacity":"","overlay-gradient":""},"mobile":{"background-color":"","background-image":"","background-repeat":"repeat","background-position":"center center","background-size":"auto","background-attachment":"scroll","background-type":"","background-media":"","overlay-type":"","overlay-color":"","overlay-opacity":"","overlay-gradient":""}},"ast-content-background-meta":{"desktop":{"background-color":"var(--ast-global-color-5)","background-image":"","background-repeat":"repeat","background-position":"center center","background-size":"auto","background-attachment":"scroll","background-type":"","background-media":"","overlay-type":"","overlay-color":"","overlay-opacity":"","overlay-gradient":""},"tablet":{"background-color":"var(--ast-global-color-5)","background-image":"","background-repeat":"repeat","background-position":"center center","background-size":"auto","background-attachment":"scroll","background-type":"","background-media":"","overlay-type":"","overlay-color":"","overlay-opacity":"","overlay-gradient":""},"mobile":{"background-color":"var(--ast-global-color-5)","background-image":"","background-repeat":"repeat","background-position":"center center","background-size":"auto","background-attachment":"scroll","background-type":"","background-media":"","overlay-type":"","overlay-color":"","overlay-opacity":"","overlay-gradient":""}}},"product_brand":[],"product_cat":[127],"product_tag":[],"class_list":{"0":"post-1471","1":"product","2":"type-product","3":"status-publish","4":"has-post-thumbnail","6":"product_cat-plastikines-zarnos","7":"desktop-align-left","8":"tablet-align-left","9":"mobile-align-left","11":"first","12":"instock","13":"shipping-taxable","14":"purchasable","15":"product-type-simple"},"yoast_head":"<!-- This site is optimized with the Yoast SEO plugin v27.3 - https:\/\/yoast.com\/product\/yoast-seo-wordpress\/ -->\n<title>\u017darna NORPLAST PVC 388 ASPIR PVC - ENVITEKA<\/title>\n<meta name=\"description\" content=\"Vidutinio sunkumo iki -15\u00b0C. Naudojama vakuuminio k\u0117limo \u012frangoje, vakuuminio transportavimo sistemose. Pristatymas 1-2 d.d.\" \/>\n<meta name=\"robots\" content=\"index, follow, max-snippet:-1, max-image-preview:large, max-video-preview:-1\" \/>\n<link rel=\"canonical\" href=\"https:\/\/enviteka.lt\/en\/product\/zarna-norplast-pvc-388-aspir-pvc\/\" \/>\n<meta property=\"og:locale\" content=\"en_US\" \/>\n<meta property=\"og:type\" content=\"article\" \/>\n<meta property=\"og:title\" content=\"\u017darna NORPLAST PVC 388 ASPIR PVC - ENVITEKA\" \/>\n<meta property=\"og:description\" content=\"Vidutinio sunkumo iki -15\u00b0C. Naudojama vakuuminio k\u0117limo \u012frangoje, vakuuminio transportavimo sistemose. Pristatymas 1-2 d.d.\" \/>\n<meta property=\"og:url\" content=\"https:\/\/enviteka.lt\/en\/product\/zarna-norplast-pvc-388-aspir-pvc\/\" \/>\n<meta property=\"og:site_name\" content=\"ENVITEKA\" \/>\n<meta property=\"article:modified_time\" content=\"2025-04-04T17:07:38+00:00\" \/>\n<meta property=\"og:image\" content=\"https:\/\/enviteka.lt\/wp-content\/uploads\/2025\/04\/norplast_zarna_pvc_388.jpg\" \/>\n\t<meta property=\"og:image:width\" content=\"1042\" \/>\n\t<meta property=\"og:image:height\" content=\"640\" \/>\n\t<meta property=\"og:image:type\" content=\"image\/jpeg\" \/>\n<meta name=\"twitter:card\" content=\"summary_large_image\" \/>\n<meta name=\"twitter:label1\" content=\"Est. reading time\" \/>\n\t<meta name=\"twitter:data1\" content=\"1 minute\" \/>\n<script type=\"application\/ld+json\" class=\"yoast-schema-graph\">{\"@context\":\"https:\\\/\\\/schema.org\",\"@graph\":[{\"@type\":\"WebPage\",\"@id\":\"https:\\\/\\\/enviteka.lt\\\/produktas\\\/zarna-norplast-pvc-388-aspir-pvc\\\/\",\"url\":\"https:\\\/\\\/enviteka.lt\\\/produktas\\\/zarna-norplast-pvc-388-aspir-pvc\\\/\",\"name\":\"\u017darna NORPLAST PVC 388 ASPIR PVC - ENVITEKA\",\"isPartOf\":{\"@id\":\"https:\\\/\\\/enviteka.lt\\\/#website\"},\"primaryImageOfPage\":{\"@id\":\"https:\\\/\\\/enviteka.lt\\\/produktas\\\/zarna-norplast-pvc-388-aspir-pvc\\\/#primaryimage\"},\"image\":{\"@id\":\"https:\\\/\\\/enviteka.lt\\\/produktas\\\/zarna-norplast-pvc-388-aspir-pvc\\\/#primaryimage\"},\"thumbnailUrl\":\"https:\\\/\\\/enviteka.lt\\\/wp-content\\\/uploads\\\/2025\\\/04\\\/norplast_zarna_pvc_388.jpg\",\"datePublished\":\"2025-04-04T16:14:13+00:00\",\"dateModified\":\"2025-04-04T17:07:38+00:00\",\"description\":\"Vidutinio sunkumo iki -15\u00b0C. Naudojama vakuuminio k\u0117limo \u012frangoje, vakuuminio transportavimo sistemose. Pristatymas 1-2 d.d.\",\"breadcrumb\":{\"@id\":\"https:\\\/\\\/enviteka.lt\\\/produktas\\\/zarna-norplast-pvc-388-aspir-pvc\\\/#breadcrumb\"},\"inLanguage\":\"en-US\",\"potentialAction\":[{\"@type\":\"ReadAction\",\"target\":[\"https:\\\/\\\/enviteka.lt\\\/produktas\\\/zarna-norplast-pvc-388-aspir-pvc\\\/\"]}]},{\"@type\":\"ImageObject\",\"inLanguage\":\"en-US\",\"@id\":\"https:\\\/\\\/enviteka.lt\\\/produktas\\\/zarna-norplast-pvc-388-aspir-pvc\\\/#primaryimage\",\"url\":\"https:\\\/\\\/enviteka.lt\\\/wp-content\\\/uploads\\\/2025\\\/04\\\/norplast_zarna_pvc_388.jpg\",\"contentUrl\":\"https:\\\/\\\/enviteka.lt\\\/wp-content\\\/uploads\\\/2025\\\/04\\\/norplast_zarna_pvc_388.jpg\",\"width\":1042,\"height\":640},{\"@type\":\"BreadcrumbList\",\"@id\":\"https:\\\/\\\/enviteka.lt\\\/produktas\\\/zarna-norplast-pvc-388-aspir-pvc\\\/#breadcrumb\",\"itemListElement\":[{\"@type\":\"ListItem\",\"position\":1,\"name\":\"Home\",\"item\":\"https:\\\/\\\/enviteka.lt\\\/\"},{\"@type\":\"ListItem\",\"position\":2,\"name\":\"Produktai\",\"item\":\"https:\\\/\\\/enviteka.lt\\\/produktai\\\/\"},{\"@type\":\"ListItem\",\"position\":3,\"name\":\"\u017darna NORPLAST PVC 388 ASPIR PVC\"}]},{\"@type\":\"WebSite\",\"@id\":\"https:\\\/\\\/enviteka.lt\\\/#website\",\"url\":\"https:\\\/\\\/enviteka.lt\\\/\",\"name\":\"ENVITEKA\",\"description\":\"pramonin\u0117s \u012frangos tiek\u0117jas\",\"publisher\":{\"@id\":\"https:\\\/\\\/enviteka.lt\\\/#organization\"},\"potentialAction\":[{\"@type\":\"SearchAction\",\"target\":{\"@type\":\"EntryPoint\",\"urlTemplate\":\"https:\\\/\\\/enviteka.lt\\\/?s={search_term_string}\"},\"query-input\":{\"@type\":\"PropertyValueSpecification\",\"valueRequired\":true,\"valueName\":\"search_term_string\"}}],\"inLanguage\":\"en-US\"},{\"@type\":\"Organization\",\"@id\":\"https:\\\/\\\/enviteka.lt\\\/#organization\",\"name\":\"ENVITEKA\",\"url\":\"https:\\\/\\\/enviteka.lt\\\/\",\"logo\":{\"@type\":\"ImageObject\",\"inLanguage\":\"en-US\",\"@id\":\"https:\\\/\\\/enviteka.lt\\\/#\\\/schema\\\/logo\\\/image\\\/\",\"url\":\"https:\\\/\\\/enviteka.lt\\\/wp-content\\\/uploads\\\/2024\\\/10\\\/enviteka-high-resolution-logo-transparent-e1742852093377.png\",\"contentUrl\":\"https:\\\/\\\/enviteka.lt\\\/wp-content\\\/uploads\\\/2024\\\/10\\\/enviteka-high-resolution-logo-transparent-e1742852093377.png\",\"width\":424,\"height\":150,\"caption\":\"ENVITEKA\"},\"image\":{\"@id\":\"https:\\\/\\\/enviteka.lt\\\/#\\\/schema\\\/logo\\\/image\\\/\"}}]}<\/script>\n<!-- \/ Yoast SEO plugin. -->","yoast_head_json":{"title":"\u017darna NORPLAST PVC 388 ASPIR PVC - ENVITEKA","description":"Vidutinio sunkumo iki -15\u00b0C. Naudojama vakuuminio k\u0117limo \u012frangoje, vakuuminio transportavimo sistemose. Pristatymas 1-2 d.d.","robots":{"index":"index","follow":"follow","max-snippet":"max-snippet:-1","max-image-preview":"max-image-preview:large","max-video-preview":"max-video-preview:-1"},"canonical":"https:\/\/enviteka.lt\/en\/product\/zarna-norplast-pvc-388-aspir-pvc\/","og_locale":"en_US","og_type":"article","og_title":"\u017darna NORPLAST PVC 388 ASPIR PVC - ENVITEKA","og_description":"Vidutinio sunkumo iki -15\u00b0C. Naudojama vakuuminio k\u0117limo \u012frangoje, vakuuminio transportavimo sistemose. Pristatymas 1-2 d.d.","og_url":"https:\/\/enviteka.lt\/en\/product\/zarna-norplast-pvc-388-aspir-pvc\/","og_site_name":"ENVITEKA","article_modified_time":"2025-04-04T17:07:38+00:00","og_image":[{"width":1042,"height":640,"url":"https:\/\/enviteka.lt\/wp-content\/uploads\/2025\/04\/norplast_zarna_pvc_388.jpg","type":"image\/jpeg"}],"twitter_card":"summary_large_image","twitter_misc":{"Est. reading time":"1 minute"},"schema":{"@context":"https:\/\/schema.org","@graph":[{"@type":"WebPage","@id":"https:\/\/enviteka.lt\/produktas\/zarna-norplast-pvc-388-aspir-pvc\/","url":"https:\/\/enviteka.lt\/produktas\/zarna-norplast-pvc-388-aspir-pvc\/","name":"\u017darna NORPLAST PVC 388 ASPIR PVC - ENVITEKA","isPartOf":{"@id":"https:\/\/enviteka.lt\/#website"},"primaryImageOfPage":{"@id":"https:\/\/enviteka.lt\/produktas\/zarna-norplast-pvc-388-aspir-pvc\/#primaryimage"},"image":{"@id":"https:\/\/enviteka.lt\/produktas\/zarna-norplast-pvc-388-aspir-pvc\/#primaryimage"},"thumbnailUrl":"https:\/\/enviteka.lt\/wp-content\/uploads\/2025\/04\/norplast_zarna_pvc_388.jpg","datePublished":"2025-04-04T16:14:13+00:00","dateModified":"2025-04-04T17:07:38+00:00","description":"Vidutinio sunkumo iki -15\u00b0C. Naudojama vakuuminio k\u0117limo \u012frangoje, vakuuminio transportavimo sistemose. Pristatymas 1-2 d.d.","breadcrumb":{"@id":"https:\/\/enviteka.lt\/produktas\/zarna-norplast-pvc-388-aspir-pvc\/#breadcrumb"},"inLanguage":"en-US","potentialAction":[{"@type":"ReadAction","target":["https:\/\/enviteka.lt\/produktas\/zarna-norplast-pvc-388-aspir-pvc\/"]}]},{"@type":"ImageObject","inLanguage":"en-US","@id":"https:\/\/enviteka.lt\/produktas\/zarna-norplast-pvc-388-aspir-pvc\/#primaryimage","url":"https:\/\/enviteka.lt\/wp-content\/uploads\/2025\/04\/norplast_zarna_pvc_388.jpg","contentUrl":"https:\/\/enviteka.lt\/wp-content\/uploads\/2025\/04\/norplast_zarna_pvc_388.jpg","width":1042,"height":640},{"@type":"BreadcrumbList","@id":"https:\/\/enviteka.lt\/produktas\/zarna-norplast-pvc-388-aspir-pvc\/#breadcrumb","itemListElement":[{"@type":"ListItem","position":1,"name":"Home","item":"https:\/\/enviteka.lt\/"},{"@type":"ListItem","position":2,"name":"Produktai","item":"https:\/\/enviteka.lt\/produktai\/"},{"@type":"ListItem","position":3,"name":"\u017darna NORPLAST PVC 388 ASPIR PVC"}]},{"@type":"WebSite","@id":"https:\/\/enviteka.lt\/#website","url":"https:\/\/enviteka.lt\/","name":"ENVITEKA","description":"pramonin\u0117s \u012frangos tiek\u0117jas","publisher":{"@id":"https:\/\/enviteka.lt\/#organization"},"potentialAction":[{"@type":"SearchAction","target":{"@type":"EntryPoint","urlTemplate":"https:\/\/enviteka.lt\/?s={search_term_string}"},"query-input":{"@type":"PropertyValueSpecification","valueRequired":true,"valueName":"search_term_string"}}],"inLanguage":"en-US"},{"@type":"Organization","@id":"https:\/\/enviteka.lt\/#organization","name":"ENVITEKA","url":"https:\/\/enviteka.lt\/","logo":{"@type":"ImageObject","inLanguage":"en-US","@id":"https:\/\/enviteka.lt\/#\/schema\/logo\/image\/","url":"https:\/\/enviteka.lt\/wp-content\/uploads\/2024\/10\/enviteka-high-resolution-logo-transparent-e1742852093377.png","contentUrl":"https:\/\/enviteka.lt\/wp-content\/uploads\/2024\/10\/enviteka-high-resolution-logo-transparent-e1742852093377.png","width":424,"height":150,"caption":"ENVITEKA"},"image":{"@id":"https:\/\/enviteka.lt\/#\/schema\/logo\/image\/"}}]}},"_links":{"self":[{"href":"https:\/\/enviteka.lt\/en\/wp-json\/wp\/v2\/product\/1471","targetHints":{"allow":["GET"]}}],"collection":[{"href":"https:\/\/enviteka.lt\/en\/wp-json\/wp\/v2\/product"}],"about":[{"href":"https:\/\/enviteka.lt\/en\/wp-json\/wp\/v2\/types\/product"}],"wp:featuredmedia":[{"embeddable":true,"href":"https:\/\/enviteka.lt\/en\/wp-json\/wp\/v2\/media\/1472"}],"wp:attachment":[{"href":"https:\/\/enviteka.lt\/en\/wp-json\/wp\/v2\/media?parent=1471"}],"wp:term":[{"taxonomy":"product_brand","embeddable":true,"href":"https:\/\/enviteka.lt\/en\/wp-json\/wp\/v2\/product_brand?post=1471"},{"taxonomy":"product_cat","embeddable":true,"href":"https:\/\/enviteka.lt\/en\/wp-json\/wp\/v2\/product_cat?post=1471"},{"taxonomy":"product_tag","embeddable":true,"href":"https:\/\/enviteka.lt\/en\/wp-json\/wp\/v2\/product_tag?post=1471"}],"curies":[{"name":"wp","href":"https:\/\/api.w.org\/{rel}","templated":true}]}}