{"id":1458,"date":"2025-04-03T17:33:42","date_gmt":"2025-04-03T17:33:42","guid":{"rendered":"https:\/\/enviteka.lt\/?post_type=product&#038;p=1458"},"modified":"2025-04-04T16:51:02","modified_gmt":"2025-04-04T16:51:02","slug":"zarna-3201-ariaform-din","status":"publish","type":"product","link":"https:\/\/enviteka.lt\/en\/product\/zarna-3201-ariaform-din\/","title":{"rendered":"\u017darna 3201 ARIAFORM\/DIN"},"content":{"rendered":"<p><strong>Oro sl\u0117gio \/ vandens \u017darna<\/strong><\/p>\n<p><strong>Pritaikymas<\/strong><\/p>\n<p>Vidutinio intensyvumo taikymai pramon\u0117je, dirbtuv\u0117se ir statyb\u0173 aik\u0161tel\u0117se<\/p>\n<p>Tinka vandens, oro ir susl\u0117gto oro, kuriame yra alyvos, transportavimui<\/p>\n<p><strong>Savyb\u0117s<\/strong><\/p>\n<p>Ypa\u010d tvirta \u2013 storos sienel\u0117s ir lanksti konstrukcija<\/p>\n<p>Atspari alyvos r\u016bko poveikiui<\/p>\n<p>Atspari sen\u0117jimui, ozonui, UV spinduliams ir oro s\u0105lygoms<\/p>\n<p><strong>Did\u017eiausias darbo sl\u0117gis:<\/strong><\/p>\n<p>Oro: 10 bar<\/p>\n<p>Vandens: 16 bar<\/p>\n<p>Sprogimo sl\u0117gis: 54 bar<\/p>\n<p>Atitinka standartus: EN ISO 1307:2008 ir DIN 20018<\/p>\n<p>Vidinis skersmuo nuo 6 mm iki 25 mm<\/p>\n<p><strong>Pristatymas:<\/strong> 1-2 darbo dienos<\/p>\n<p><strong>Susisiekite su mumis<\/strong> nor\u0117dami gauti daugiau informacijos arba u\u017esisakyti. Pad\u0117sime pasirinkti geriausi\u0105 sprendim\u0105 pagal j\u016bs\u0173 poreikius ir u\u017etikrinsime geriausi\u0105 kain\u0105 rinkoje ir greit\u0105\u00a0 pristatym\u0105.<\/p>","protected":false},"excerpt":{"rendered":"<p>Oro sl\u0117gio \/ vandens \u017darna Pritaikymas Vidutinio intensyvumo taikymai pramon\u0117je, dirbtuv\u0117se ir statyb\u0173 aik\u0161tel\u0117se Tinka vandens, oro ir susl\u0117gto oro, [&hellip;]<\/p>","protected":false},"featured_media":1459,"template":"","meta":{"site-sidebar-layout":"default","site-content-layout":"","ast-site-content-layout":"default","site-content-style":"default","site-sidebar-style":"default","ast-global-header-display":"","ast-banner-title-visibility":"","ast-main-header-display":"","ast-hfb-above-header-display":"","ast-hfb-below-header-display":"","ast-hfb-mobile-header-display":"","site-post-title":"","ast-breadcrumbs-content":"","ast-featured-img":"","footer-sml-layout":"","ast-disable-related-posts":"","theme-transparent-header-meta":"default","adv-header-id-meta":"","stick-header-meta":"","header-above-stick-meta":"","header-main-stick-meta":"","header-below-stick-meta":"","astra-migrate-meta-layouts":"set","ast-page-background-enabled":"default","ast-page-background-meta":{"desktop":{"background-color":"var(--ast-global-color-4)","background-image":"","background-repeat":"repeat","background-position":"center center","background-size":"auto","background-attachment":"scroll","background-type":"","background-media":"","overlay-type":"","overlay-color":"","overlay-opacity":"","overlay-gradient":""},"tablet":{"background-color":"","background-image":"","background-repeat":"repeat","background-position":"center center","background-size":"auto","background-attachment":"scroll","background-type":"","background-media":"","overlay-type":"","overlay-color":"","overlay-opacity":"","overlay-gradient":""},"mobile":{"background-color":"","background-image":"","background-repeat":"repeat","background-position":"center center","background-size":"auto","background-attachment":"scroll","background-type":"","background-media":"","overlay-type":"","overlay-color":"","overlay-opacity":"","overlay-gradient":""}},"ast-content-background-meta":{"desktop":{"background-color":"var(--ast-global-color-5)","background-image":"","background-repeat":"repeat","background-position":"center center","background-size":"auto","background-attachment":"scroll","background-type":"","background-media":"","overlay-type":"","overlay-color":"","overlay-opacity":"","overlay-gradient":""},"tablet":{"background-color":"var(--ast-global-color-5)","background-image":"","background-repeat":"repeat","background-position":"center center","background-size":"auto","background-attachment":"scroll","background-type":"","background-media":"","overlay-type":"","overlay-color":"","overlay-opacity":"","overlay-gradient":""},"mobile":{"background-color":"var(--ast-global-color-5)","background-image":"","background-repeat":"repeat","background-position":"center center","background-size":"auto","background-attachment":"scroll","background-type":"","background-media":"","overlay-type":"","overlay-color":"","overlay-opacity":"","overlay-gradient":""}}},"product_brand":[],"product_cat":[127,124],"product_tag":[],"class_list":{"0":"post-1458","1":"product","2":"type-product","3":"status-publish","4":"has-post-thumbnail","6":"product_cat-plastikines-zarnos","7":"product_cat-suspausto-oro-zarnos","8":"desktop-align-left","9":"tablet-align-left","10":"mobile-align-left","12":"first","13":"instock","14":"shipping-taxable","15":"purchasable","16":"product-type-simple"},"yoast_head":"<!-- This site is optimized with the Yoast SEO plugin v27.3 - https:\/\/yoast.com\/product\/yoast-seo-wordpress\/ -->\n<title>\u017darna 3201 ARIAFORM\/DIN - ENVITEKA<\/title>\n<meta name=\"description\" content=\"\u00a0Ypa\u010d tvirta \u2013 storos sienel\u0117s ir lanksti konstrukcija. Tinka naudoti vandens, oro ir susl\u0117gto oro, kuriame yra alyvos, transportavimui. Pristatymas 1-2 d.d.\" \/>\n<meta name=\"robots\" content=\"index, follow, max-snippet:-1, max-image-preview:large, max-video-preview:-1\" \/>\n<link rel=\"canonical\" href=\"https:\/\/enviteka.lt\/en\/product\/zarna-3201-ariaform-din\/\" \/>\n<meta property=\"og:locale\" content=\"en_US\" \/>\n<meta property=\"og:type\" content=\"article\" \/>\n<meta property=\"og:title\" content=\"\u017darna 3201 ARIAFORM\/DIN - ENVITEKA\" \/>\n<meta property=\"og:description\" content=\"\u00a0Ypa\u010d tvirta \u2013 storos sienel\u0117s ir lanksti konstrukcija. Tinka naudoti vandens, oro ir susl\u0117gto oro, kuriame yra alyvos, transportavimui. Pristatymas 1-2 d.d.\" \/>\n<meta property=\"og:url\" content=\"https:\/\/enviteka.lt\/en\/product\/zarna-3201-ariaform-din\/\" \/>\n<meta property=\"og:site_name\" content=\"ENVITEKA\" \/>\n<meta property=\"article:modified_time\" content=\"2025-04-04T16:51:02+00:00\" \/>\n<meta property=\"og:image\" content=\"https:\/\/enviteka.lt\/wp-content\/uploads\/2025\/04\/zarna_3201.jpg\" \/>\n\t<meta property=\"og:image:width\" content=\"1281\" \/>\n\t<meta property=\"og:image:height\" content=\"770\" \/>\n\t<meta property=\"og:image:type\" content=\"image\/jpeg\" \/>\n<meta name=\"twitter:card\" content=\"summary_large_image\" \/>\n<meta name=\"twitter:label1\" content=\"Est. reading time\" \/>\n\t<meta name=\"twitter:data1\" content=\"1 minute\" \/>\n<script type=\"application\/ld+json\" class=\"yoast-schema-graph\">{\"@context\":\"https:\\\/\\\/schema.org\",\"@graph\":[{\"@type\":\"WebPage\",\"@id\":\"https:\\\/\\\/enviteka.lt\\\/produktas\\\/zarna-3201-ariaform-din\\\/\",\"url\":\"https:\\\/\\\/enviteka.lt\\\/produktas\\\/zarna-3201-ariaform-din\\\/\",\"name\":\"\u017darna 3201 ARIAFORM\\\/DIN - ENVITEKA\",\"isPartOf\":{\"@id\":\"https:\\\/\\\/enviteka.lt\\\/#website\"},\"primaryImageOfPage\":{\"@id\":\"https:\\\/\\\/enviteka.lt\\\/produktas\\\/zarna-3201-ariaform-din\\\/#primaryimage\"},\"image\":{\"@id\":\"https:\\\/\\\/enviteka.lt\\\/produktas\\\/zarna-3201-ariaform-din\\\/#primaryimage\"},\"thumbnailUrl\":\"https:\\\/\\\/enviteka.lt\\\/wp-content\\\/uploads\\\/2025\\\/04\\\/zarna_3201.jpg\",\"datePublished\":\"2025-04-03T17:33:42+00:00\",\"dateModified\":\"2025-04-04T16:51:02+00:00\",\"description\":\"\u00a0Ypa\u010d tvirta \u2013 storos sienel\u0117s ir lanksti konstrukcija. Tinka naudoti vandens, oro ir susl\u0117gto oro, kuriame yra alyvos, transportavimui. Pristatymas 1-2 d.d.\",\"breadcrumb\":{\"@id\":\"https:\\\/\\\/enviteka.lt\\\/produktas\\\/zarna-3201-ariaform-din\\\/#breadcrumb\"},\"inLanguage\":\"en-US\",\"potentialAction\":[{\"@type\":\"ReadAction\",\"target\":[\"https:\\\/\\\/enviteka.lt\\\/produktas\\\/zarna-3201-ariaform-din\\\/\"]}]},{\"@type\":\"ImageObject\",\"inLanguage\":\"en-US\",\"@id\":\"https:\\\/\\\/enviteka.lt\\\/produktas\\\/zarna-3201-ariaform-din\\\/#primaryimage\",\"url\":\"https:\\\/\\\/enviteka.lt\\\/wp-content\\\/uploads\\\/2025\\\/04\\\/zarna_3201.jpg\",\"contentUrl\":\"https:\\\/\\\/enviteka.lt\\\/wp-content\\\/uploads\\\/2025\\\/04\\\/zarna_3201.jpg\",\"width\":1281,\"height\":770},{\"@type\":\"BreadcrumbList\",\"@id\":\"https:\\\/\\\/enviteka.lt\\\/produktas\\\/zarna-3201-ariaform-din\\\/#breadcrumb\",\"itemListElement\":[{\"@type\":\"ListItem\",\"position\":1,\"name\":\"Home\",\"item\":\"https:\\\/\\\/enviteka.lt\\\/\"},{\"@type\":\"ListItem\",\"position\":2,\"name\":\"Produktai\",\"item\":\"https:\\\/\\\/enviteka.lt\\\/produktai\\\/\"},{\"@type\":\"ListItem\",\"position\":3,\"name\":\"\u017darna 3201 ARIAFORM\\\/DIN\"}]},{\"@type\":\"WebSite\",\"@id\":\"https:\\\/\\\/enviteka.lt\\\/#website\",\"url\":\"https:\\\/\\\/enviteka.lt\\\/\",\"name\":\"ENVITEKA\",\"description\":\"pramonin\u0117s \u012frangos tiek\u0117jas\",\"publisher\":{\"@id\":\"https:\\\/\\\/enviteka.lt\\\/#organization\"},\"potentialAction\":[{\"@type\":\"SearchAction\",\"target\":{\"@type\":\"EntryPoint\",\"urlTemplate\":\"https:\\\/\\\/enviteka.lt\\\/?s={search_term_string}\"},\"query-input\":{\"@type\":\"PropertyValueSpecification\",\"valueRequired\":true,\"valueName\":\"search_term_string\"}}],\"inLanguage\":\"en-US\"},{\"@type\":\"Organization\",\"@id\":\"https:\\\/\\\/enviteka.lt\\\/#organization\",\"name\":\"ENVITEKA\",\"url\":\"https:\\\/\\\/enviteka.lt\\\/\",\"logo\":{\"@type\":\"ImageObject\",\"inLanguage\":\"en-US\",\"@id\":\"https:\\\/\\\/enviteka.lt\\\/#\\\/schema\\\/logo\\\/image\\\/\",\"url\":\"https:\\\/\\\/enviteka.lt\\\/wp-content\\\/uploads\\\/2024\\\/10\\\/enviteka-high-resolution-logo-transparent-e1742852093377.png\",\"contentUrl\":\"https:\\\/\\\/enviteka.lt\\\/wp-content\\\/uploads\\\/2024\\\/10\\\/enviteka-high-resolution-logo-transparent-e1742852093377.png\",\"width\":424,\"height\":150,\"caption\":\"ENVITEKA\"},\"image\":{\"@id\":\"https:\\\/\\\/enviteka.lt\\\/#\\\/schema\\\/logo\\\/image\\\/\"}}]}<\/script>\n<!-- \/ Yoast SEO plugin. -->","yoast_head_json":{"title":"\u017darna 3201 ARIAFORM\/DIN - ENVITEKA","description":"\u00a0Ypa\u010d tvirta \u2013 storos sienel\u0117s ir lanksti konstrukcija. Tinka naudoti vandens, oro ir susl\u0117gto oro, kuriame yra alyvos, transportavimui. Pristatymas 1-2 d.d.","robots":{"index":"index","follow":"follow","max-snippet":"max-snippet:-1","max-image-preview":"max-image-preview:large","max-video-preview":"max-video-preview:-1"},"canonical":"https:\/\/enviteka.lt\/en\/product\/zarna-3201-ariaform-din\/","og_locale":"en_US","og_type":"article","og_title":"\u017darna 3201 ARIAFORM\/DIN - ENVITEKA","og_description":"\u00a0Ypa\u010d tvirta \u2013 storos sienel\u0117s ir lanksti konstrukcija. Tinka naudoti vandens, oro ir susl\u0117gto oro, kuriame yra alyvos, transportavimui. Pristatymas 1-2 d.d.","og_url":"https:\/\/enviteka.lt\/en\/product\/zarna-3201-ariaform-din\/","og_site_name":"ENVITEKA","article_modified_time":"2025-04-04T16:51:02+00:00","og_image":[{"width":1281,"height":770,"url":"https:\/\/enviteka.lt\/wp-content\/uploads\/2025\/04\/zarna_3201.jpg","type":"image\/jpeg"}],"twitter_card":"summary_large_image","twitter_misc":{"Est. reading time":"1 minute"},"schema":{"@context":"https:\/\/schema.org","@graph":[{"@type":"WebPage","@id":"https:\/\/enviteka.lt\/produktas\/zarna-3201-ariaform-din\/","url":"https:\/\/enviteka.lt\/produktas\/zarna-3201-ariaform-din\/","name":"\u017darna 3201 ARIAFORM\/DIN - ENVITEKA","isPartOf":{"@id":"https:\/\/enviteka.lt\/#website"},"primaryImageOfPage":{"@id":"https:\/\/enviteka.lt\/produktas\/zarna-3201-ariaform-din\/#primaryimage"},"image":{"@id":"https:\/\/enviteka.lt\/produktas\/zarna-3201-ariaform-din\/#primaryimage"},"thumbnailUrl":"https:\/\/enviteka.lt\/wp-content\/uploads\/2025\/04\/zarna_3201.jpg","datePublished":"2025-04-03T17:33:42+00:00","dateModified":"2025-04-04T16:51:02+00:00","description":"\u00a0Ypa\u010d tvirta \u2013 storos sienel\u0117s ir lanksti konstrukcija. Tinka naudoti vandens, oro ir susl\u0117gto oro, kuriame yra alyvos, transportavimui. Pristatymas 1-2 d.d.","breadcrumb":{"@id":"https:\/\/enviteka.lt\/produktas\/zarna-3201-ariaform-din\/#breadcrumb"},"inLanguage":"en-US","potentialAction":[{"@type":"ReadAction","target":["https:\/\/enviteka.lt\/produktas\/zarna-3201-ariaform-din\/"]}]},{"@type":"ImageObject","inLanguage":"en-US","@id":"https:\/\/enviteka.lt\/produktas\/zarna-3201-ariaform-din\/#primaryimage","url":"https:\/\/enviteka.lt\/wp-content\/uploads\/2025\/04\/zarna_3201.jpg","contentUrl":"https:\/\/enviteka.lt\/wp-content\/uploads\/2025\/04\/zarna_3201.jpg","width":1281,"height":770},{"@type":"BreadcrumbList","@id":"https:\/\/enviteka.lt\/produktas\/zarna-3201-ariaform-din\/#breadcrumb","itemListElement":[{"@type":"ListItem","position":1,"name":"Home","item":"https:\/\/enviteka.lt\/"},{"@type":"ListItem","position":2,"name":"Produktai","item":"https:\/\/enviteka.lt\/produktai\/"},{"@type":"ListItem","position":3,"name":"\u017darna 3201 ARIAFORM\/DIN"}]},{"@type":"WebSite","@id":"https:\/\/enviteka.lt\/#website","url":"https:\/\/enviteka.lt\/","name":"ENVITEKA","description":"pramonin\u0117s \u012frangos tiek\u0117jas","publisher":{"@id":"https:\/\/enviteka.lt\/#organization"},"potentialAction":[{"@type":"SearchAction","target":{"@type":"EntryPoint","urlTemplate":"https:\/\/enviteka.lt\/?s={search_term_string}"},"query-input":{"@type":"PropertyValueSpecification","valueRequired":true,"valueName":"search_term_string"}}],"inLanguage":"en-US"},{"@type":"Organization","@id":"https:\/\/enviteka.lt\/#organization","name":"ENVITEKA","url":"https:\/\/enviteka.lt\/","logo":{"@type":"ImageObject","inLanguage":"en-US","@id":"https:\/\/enviteka.lt\/#\/schema\/logo\/image\/","url":"https:\/\/enviteka.lt\/wp-content\/uploads\/2024\/10\/enviteka-high-resolution-logo-transparent-e1742852093377.png","contentUrl":"https:\/\/enviteka.lt\/wp-content\/uploads\/2024\/10\/enviteka-high-resolution-logo-transparent-e1742852093377.png","width":424,"height":150,"caption":"ENVITEKA"},"image":{"@id":"https:\/\/enviteka.lt\/#\/schema\/logo\/image\/"}}]}},"_links":{"self":[{"href":"https:\/\/enviteka.lt\/en\/wp-json\/wp\/v2\/product\/1458","targetHints":{"allow":["GET"]}}],"collection":[{"href":"https:\/\/enviteka.lt\/en\/wp-json\/wp\/v2\/product"}],"about":[{"href":"https:\/\/enviteka.lt\/en\/wp-json\/wp\/v2\/types\/product"}],"wp:featuredmedia":[{"embeddable":true,"href":"https:\/\/enviteka.lt\/en\/wp-json\/wp\/v2\/media\/1459"}],"wp:attachment":[{"href":"https:\/\/enviteka.lt\/en\/wp-json\/wp\/v2\/media?parent=1458"}],"wp:term":[{"taxonomy":"product_brand","embeddable":true,"href":"https:\/\/enviteka.lt\/en\/wp-json\/wp\/v2\/product_brand?post=1458"},{"taxonomy":"product_cat","embeddable":true,"href":"https:\/\/enviteka.lt\/en\/wp-json\/wp\/v2\/product_cat?post=1458"},{"taxonomy":"product_tag","embeddable":true,"href":"https:\/\/enviteka.lt\/en\/wp-json\/wp\/v2\/product_tag?post=1458"}],"curies":[{"name":"wp","href":"https:\/\/api.w.org\/{rel}","templated":true}]}}