{"id":1454,"date":"2025-04-03T17:25:42","date_gmt":"2025-04-03T17:25:42","guid":{"rendered":"https:\/\/enviteka.lt\/?post_type=product&#038;p=1454"},"modified":"2025-04-03T17:28:21","modified_gmt":"2025-04-03T17:28:21","slug":"zarna-3070-vandeniui","status":"publish","type":"product","link":"https:\/\/enviteka.lt\/en\/product\/zarna-3070-vandeniui\/","title":{"rendered":"\u017darna 3070 VANDENIUI"},"content":{"rendered":"<p><strong>Pritaikymas<\/strong><\/p>\n<p>\u017dem\u0117s \u016bkio taikymas (laistymas \/ pur\u0161kimas)<\/p>\n<p>Pramoninio vandens tiekimas ir i\u0161leidimas (\u012fskaitant kar\u0161t\u0105 vanden\u012f), siurbliai, nuotek\u0173 valymas, kabeli\u0173 apsauga ir kitos sunkiosios pramon\u0117s taikymo sritys<\/p>\n<p>Gaisr\u0173 gesinimas<\/p>\n<p>Kabeli\u0173 apsauga<\/p>\n<p><strong>Savyb\u0117s<\/strong><\/p>\n<p>Ribotas atsparumas \u0161armams ir r\u016bg\u0161tims<\/p>\n<p>Auk\u0161ta tempiamoji j\u0117ga \u2013 d\u0117l sunkiosios pramon\u0117s stiprinim\u0173<\/p>\n<p>Vidin\u0117 \u017earna atspari benzinui ir alyvai<\/p>\n<p>Konstrukcija atspari sen\u0117jimui, ozonui, UV spinduliams ir oro s\u0105lygoms<\/p>\n<p>Atitinka EN ISO 1307:2008 standart\u0105<\/p>\n<p><strong>Temperat\u016br\u0173 diapazonas<\/strong><\/p>\n<p>Darbin\u0117 temperat\u016bra: -20\u00b0C iki +80\u00b0C<\/p>\n<p>Trumpalaik\u0117 temperat\u016bra (kar\u0161tas vanduo): iki 100\u00b0C<\/p>\n<p><strong>Konstrukcija<\/strong><\/p>\n<p>Vidin\u0117 \u017earna: NBR\/PVC<\/p>\n<p>I\u0161orin\u0117 \u017earna: NBR\/PVC<\/p>\n<p>I\u0161orin\u0117 danga: banguota (geresnis atsparumas d\u0117v\u0117jimuisi ir sl\u0117giui)<\/p>\n<p>Vidinis skersmuo nuo 20 mm iki 203 mm<\/p>\n<p><strong>Pristatymas:<\/strong> 1-2 darbo dienos<\/p>\n<p><strong>Susisiekite su mumis<\/strong> nor\u0117dami gauti daugiau informacijos arba u\u017esisakyti. Pad\u0117sime pasirinkti geriausi\u0105 sprendim\u0105 pagal j\u016bs\u0173 poreikius ir u\u017etikrinsime geriausi\u0105 kain\u0105 rinkoje ir greit\u0105\u00a0 pristatym\u0105.<\/p>","protected":false},"excerpt":{"rendered":"<p>Pritaikymas \u017dem\u0117s \u016bkio taikymas (laistymas \/ pur\u0161kimas) Pramoninio vandens tiekimas ir i\u0161leidimas (\u012fskaitant kar\u0161t\u0105 vanden\u012f), siurbliai, nuotek\u0173 valymas, kabeli\u0173 apsauga [&hellip;]<\/p>","protected":false},"featured_media":1455,"template":"","meta":{"site-sidebar-layout":"default","site-content-layout":"","ast-site-content-layout":"default","site-content-style":"default","site-sidebar-style":"default","ast-global-header-display":"","ast-banner-title-visibility":"","ast-main-header-display":"","ast-hfb-above-header-display":"","ast-hfb-below-header-display":"","ast-hfb-mobile-header-display":"","site-post-title":"","ast-breadcrumbs-content":"","ast-featured-img":"","footer-sml-layout":"","ast-disable-related-posts":"","theme-transparent-header-meta":"default","adv-header-id-meta":"","stick-header-meta":"","header-above-stick-meta":"","header-main-stick-meta":"","header-below-stick-meta":"","astra-migrate-meta-layouts":"set","ast-page-background-enabled":"default","ast-page-background-meta":{"desktop":{"background-color":"var(--ast-global-color-4)","background-image":"","background-repeat":"repeat","background-position":"center center","background-size":"auto","background-attachment":"scroll","background-type":"","background-media":"","overlay-type":"","overlay-color":"","overlay-opacity":"","overlay-gradient":""},"tablet":{"background-color":"","background-image":"","background-repeat":"repeat","background-position":"center center","background-size":"auto","background-attachment":"scroll","background-type":"","background-media":"","overlay-type":"","overlay-color":"","overlay-opacity":"","overlay-gradient":""},"mobile":{"background-color":"","background-image":"","background-repeat":"repeat","background-position":"center center","background-size":"auto","background-attachment":"scroll","background-type":"","background-media":"","overlay-type":"","overlay-color":"","overlay-opacity":"","overlay-gradient":""}},"ast-content-background-meta":{"desktop":{"background-color":"var(--ast-global-color-5)","background-image":"","background-repeat":"repeat","background-position":"center center","background-size":"auto","background-attachment":"scroll","background-type":"","background-media":"","overlay-type":"","overlay-color":"","overlay-opacity":"","overlay-gradient":""},"tablet":{"background-color":"var(--ast-global-color-5)","background-image":"","background-repeat":"repeat","background-position":"center center","background-size":"auto","background-attachment":"scroll","background-type":"","background-media":"","overlay-type":"","overlay-color":"","overlay-opacity":"","overlay-gradient":""},"mobile":{"background-color":"var(--ast-global-color-5)","background-image":"","background-repeat":"repeat","background-position":"center center","background-size":"auto","background-attachment":"scroll","background-type":"","background-media":"","overlay-type":"","overlay-color":"","overlay-opacity":"","overlay-gradient":""}}},"product_brand":[],"product_cat":[124],"product_tag":[],"class_list":{"0":"post-1454","1":"product","2":"type-product","3":"status-publish","4":"has-post-thumbnail","6":"product_cat-suspausto-oro-zarnos","7":"desktop-align-left","8":"tablet-align-left","9":"mobile-align-left","11":"first","12":"instock","13":"shipping-taxable","14":"purchasable","15":"product-type-simple"},"yoast_head":"<!-- This site is optimized with the Yoast SEO plugin v27.3 - https:\/\/yoast.com\/product\/yoast-seo-wordpress\/ -->\n<title>\u017darna 3070 VANDENIUI - ENVITEKA<\/title>\n<meta name=\"description\" content=\"Itin lanksti \u2013 lengvai montuojama ir naudojama \u012fvairiose sistemose. Atspari mikrobams ir hidrolizei \u2013 u\u017etikrina higien\u0105. Pristatymas 1-2 d.d.\" \/>\n<meta name=\"robots\" content=\"index, follow, max-snippet:-1, max-image-preview:large, max-video-preview:-1\" \/>\n<link rel=\"canonical\" href=\"https:\/\/enviteka.lt\/en\/product\/zarna-3070-vandeniui\/\" \/>\n<meta property=\"og:locale\" content=\"en_US\" \/>\n<meta property=\"og:type\" content=\"article\" \/>\n<meta property=\"og:title\" content=\"\u017darna 3070 VANDENIUI - ENVITEKA\" \/>\n<meta property=\"og:description\" content=\"Itin lanksti \u2013 lengvai montuojama ir naudojama \u012fvairiose sistemose. Atspari mikrobams ir hidrolizei \u2013 u\u017etikrina higien\u0105. Pristatymas 1-2 d.d.\" \/>\n<meta property=\"og:url\" content=\"https:\/\/enviteka.lt\/en\/product\/zarna-3070-vandeniui\/\" \/>\n<meta property=\"og:site_name\" content=\"ENVITEKA\" \/>\n<meta property=\"article:modified_time\" content=\"2025-04-03T17:28:21+00:00\" \/>\n<meta property=\"og:image\" content=\"https:\/\/enviteka.lt\/wp-content\/uploads\/2025\/04\/vandens_zarna_3070.jpg\" \/>\n\t<meta property=\"og:image:width\" content=\"1274\" \/>\n\t<meta property=\"og:image:height\" content=\"780\" \/>\n\t<meta property=\"og:image:type\" content=\"image\/jpeg\" \/>\n<meta name=\"twitter:card\" content=\"summary_large_image\" \/>\n<meta name=\"twitter:label1\" content=\"Est. reading time\" \/>\n\t<meta name=\"twitter:data1\" content=\"1 minute\" \/>\n<script type=\"application\/ld+json\" class=\"yoast-schema-graph\">{\"@context\":\"https:\\\/\\\/schema.org\",\"@graph\":[{\"@type\":\"WebPage\",\"@id\":\"https:\\\/\\\/enviteka.lt\\\/produktas\\\/zarna-3070-vandeniui\\\/\",\"url\":\"https:\\\/\\\/enviteka.lt\\\/produktas\\\/zarna-3070-vandeniui\\\/\",\"name\":\"\u017darna 3070 VANDENIUI - ENVITEKA\",\"isPartOf\":{\"@id\":\"https:\\\/\\\/enviteka.lt\\\/#website\"},\"primaryImageOfPage\":{\"@id\":\"https:\\\/\\\/enviteka.lt\\\/produktas\\\/zarna-3070-vandeniui\\\/#primaryimage\"},\"image\":{\"@id\":\"https:\\\/\\\/enviteka.lt\\\/produktas\\\/zarna-3070-vandeniui\\\/#primaryimage\"},\"thumbnailUrl\":\"https:\\\/\\\/enviteka.lt\\\/wp-content\\\/uploads\\\/2025\\\/04\\\/vandens_zarna_3070.jpg\",\"datePublished\":\"2025-04-03T17:25:42+00:00\",\"dateModified\":\"2025-04-03T17:28:21+00:00\",\"description\":\"Itin lanksti \u2013 lengvai montuojama ir naudojama \u012fvairiose sistemose. Atspari mikrobams ir hidrolizei \u2013 u\u017etikrina higien\u0105. Pristatymas 1-2 d.d.\",\"breadcrumb\":{\"@id\":\"https:\\\/\\\/enviteka.lt\\\/produktas\\\/zarna-3070-vandeniui\\\/#breadcrumb\"},\"inLanguage\":\"en-US\",\"potentialAction\":[{\"@type\":\"ReadAction\",\"target\":[\"https:\\\/\\\/enviteka.lt\\\/produktas\\\/zarna-3070-vandeniui\\\/\"]}]},{\"@type\":\"ImageObject\",\"inLanguage\":\"en-US\",\"@id\":\"https:\\\/\\\/enviteka.lt\\\/produktas\\\/zarna-3070-vandeniui\\\/#primaryimage\",\"url\":\"https:\\\/\\\/enviteka.lt\\\/wp-content\\\/uploads\\\/2025\\\/04\\\/vandens_zarna_3070.jpg\",\"contentUrl\":\"https:\\\/\\\/enviteka.lt\\\/wp-content\\\/uploads\\\/2025\\\/04\\\/vandens_zarna_3070.jpg\",\"width\":1274,\"height\":780},{\"@type\":\"BreadcrumbList\",\"@id\":\"https:\\\/\\\/enviteka.lt\\\/produktas\\\/zarna-3070-vandeniui\\\/#breadcrumb\",\"itemListElement\":[{\"@type\":\"ListItem\",\"position\":1,\"name\":\"Home\",\"item\":\"https:\\\/\\\/enviteka.lt\\\/\"},{\"@type\":\"ListItem\",\"position\":2,\"name\":\"Produktai\",\"item\":\"https:\\\/\\\/enviteka.lt\\\/produktai\\\/\"},{\"@type\":\"ListItem\",\"position\":3,\"name\":\"\u017darna 3070 VANDENIUI\"}]},{\"@type\":\"WebSite\",\"@id\":\"https:\\\/\\\/enviteka.lt\\\/#website\",\"url\":\"https:\\\/\\\/enviteka.lt\\\/\",\"name\":\"ENVITEKA\",\"description\":\"pramonin\u0117s \u012frangos tiek\u0117jas\",\"publisher\":{\"@id\":\"https:\\\/\\\/enviteka.lt\\\/#organization\"},\"potentialAction\":[{\"@type\":\"SearchAction\",\"target\":{\"@type\":\"EntryPoint\",\"urlTemplate\":\"https:\\\/\\\/enviteka.lt\\\/?s={search_term_string}\"},\"query-input\":{\"@type\":\"PropertyValueSpecification\",\"valueRequired\":true,\"valueName\":\"search_term_string\"}}],\"inLanguage\":\"en-US\"},{\"@type\":\"Organization\",\"@id\":\"https:\\\/\\\/enviteka.lt\\\/#organization\",\"name\":\"ENVITEKA\",\"url\":\"https:\\\/\\\/enviteka.lt\\\/\",\"logo\":{\"@type\":\"ImageObject\",\"inLanguage\":\"en-US\",\"@id\":\"https:\\\/\\\/enviteka.lt\\\/#\\\/schema\\\/logo\\\/image\\\/\",\"url\":\"https:\\\/\\\/enviteka.lt\\\/wp-content\\\/uploads\\\/2024\\\/10\\\/enviteka-high-resolution-logo-transparent-e1742852093377.png\",\"contentUrl\":\"https:\\\/\\\/enviteka.lt\\\/wp-content\\\/uploads\\\/2024\\\/10\\\/enviteka-high-resolution-logo-transparent-e1742852093377.png\",\"width\":424,\"height\":150,\"caption\":\"ENVITEKA\"},\"image\":{\"@id\":\"https:\\\/\\\/enviteka.lt\\\/#\\\/schema\\\/logo\\\/image\\\/\"}}]}<\/script>\n<!-- \/ Yoast SEO plugin. -->","yoast_head_json":{"title":"\u017darna 3070 VANDENIUI - ENVITEKA","description":"Itin lanksti \u2013 lengvai montuojama ir naudojama \u012fvairiose sistemose. Atspari mikrobams ir hidrolizei \u2013 u\u017etikrina higien\u0105. Pristatymas 1-2 d.d.","robots":{"index":"index","follow":"follow","max-snippet":"max-snippet:-1","max-image-preview":"max-image-preview:large","max-video-preview":"max-video-preview:-1"},"canonical":"https:\/\/enviteka.lt\/en\/product\/zarna-3070-vandeniui\/","og_locale":"en_US","og_type":"article","og_title":"\u017darna 3070 VANDENIUI - ENVITEKA","og_description":"Itin lanksti \u2013 lengvai montuojama ir naudojama \u012fvairiose sistemose. Atspari mikrobams ir hidrolizei \u2013 u\u017etikrina higien\u0105. Pristatymas 1-2 d.d.","og_url":"https:\/\/enviteka.lt\/en\/product\/zarna-3070-vandeniui\/","og_site_name":"ENVITEKA","article_modified_time":"2025-04-03T17:28:21+00:00","og_image":[{"width":1274,"height":780,"url":"https:\/\/enviteka.lt\/wp-content\/uploads\/2025\/04\/vandens_zarna_3070.jpg","type":"image\/jpeg"}],"twitter_card":"summary_large_image","twitter_misc":{"Est. reading time":"1 minute"},"schema":{"@context":"https:\/\/schema.org","@graph":[{"@type":"WebPage","@id":"https:\/\/enviteka.lt\/produktas\/zarna-3070-vandeniui\/","url":"https:\/\/enviteka.lt\/produktas\/zarna-3070-vandeniui\/","name":"\u017darna 3070 VANDENIUI - ENVITEKA","isPartOf":{"@id":"https:\/\/enviteka.lt\/#website"},"primaryImageOfPage":{"@id":"https:\/\/enviteka.lt\/produktas\/zarna-3070-vandeniui\/#primaryimage"},"image":{"@id":"https:\/\/enviteka.lt\/produktas\/zarna-3070-vandeniui\/#primaryimage"},"thumbnailUrl":"https:\/\/enviteka.lt\/wp-content\/uploads\/2025\/04\/vandens_zarna_3070.jpg","datePublished":"2025-04-03T17:25:42+00:00","dateModified":"2025-04-03T17:28:21+00:00","description":"Itin lanksti \u2013 lengvai montuojama ir naudojama \u012fvairiose sistemose. Atspari mikrobams ir hidrolizei \u2013 u\u017etikrina higien\u0105. Pristatymas 1-2 d.d.","breadcrumb":{"@id":"https:\/\/enviteka.lt\/produktas\/zarna-3070-vandeniui\/#breadcrumb"},"inLanguage":"en-US","potentialAction":[{"@type":"ReadAction","target":["https:\/\/enviteka.lt\/produktas\/zarna-3070-vandeniui\/"]}]},{"@type":"ImageObject","inLanguage":"en-US","@id":"https:\/\/enviteka.lt\/produktas\/zarna-3070-vandeniui\/#primaryimage","url":"https:\/\/enviteka.lt\/wp-content\/uploads\/2025\/04\/vandens_zarna_3070.jpg","contentUrl":"https:\/\/enviteka.lt\/wp-content\/uploads\/2025\/04\/vandens_zarna_3070.jpg","width":1274,"height":780},{"@type":"BreadcrumbList","@id":"https:\/\/enviteka.lt\/produktas\/zarna-3070-vandeniui\/#breadcrumb","itemListElement":[{"@type":"ListItem","position":1,"name":"Home","item":"https:\/\/enviteka.lt\/"},{"@type":"ListItem","position":2,"name":"Produktai","item":"https:\/\/enviteka.lt\/produktai\/"},{"@type":"ListItem","position":3,"name":"\u017darna 3070 VANDENIUI"}]},{"@type":"WebSite","@id":"https:\/\/enviteka.lt\/#website","url":"https:\/\/enviteka.lt\/","name":"ENVITEKA","description":"pramonin\u0117s \u012frangos tiek\u0117jas","publisher":{"@id":"https:\/\/enviteka.lt\/#organization"},"potentialAction":[{"@type":"SearchAction","target":{"@type":"EntryPoint","urlTemplate":"https:\/\/enviteka.lt\/?s={search_term_string}"},"query-input":{"@type":"PropertyValueSpecification","valueRequired":true,"valueName":"search_term_string"}}],"inLanguage":"en-US"},{"@type":"Organization","@id":"https:\/\/enviteka.lt\/#organization","name":"ENVITEKA","url":"https:\/\/enviteka.lt\/","logo":{"@type":"ImageObject","inLanguage":"en-US","@id":"https:\/\/enviteka.lt\/#\/schema\/logo\/image\/","url":"https:\/\/enviteka.lt\/wp-content\/uploads\/2024\/10\/enviteka-high-resolution-logo-transparent-e1742852093377.png","contentUrl":"https:\/\/enviteka.lt\/wp-content\/uploads\/2024\/10\/enviteka-high-resolution-logo-transparent-e1742852093377.png","width":424,"height":150,"caption":"ENVITEKA"},"image":{"@id":"https:\/\/enviteka.lt\/#\/schema\/logo\/image\/"}}]}},"_links":{"self":[{"href":"https:\/\/enviteka.lt\/en\/wp-json\/wp\/v2\/product\/1454","targetHints":{"allow":["GET"]}}],"collection":[{"href":"https:\/\/enviteka.lt\/en\/wp-json\/wp\/v2\/product"}],"about":[{"href":"https:\/\/enviteka.lt\/en\/wp-json\/wp\/v2\/types\/product"}],"wp:featuredmedia":[{"embeddable":true,"href":"https:\/\/enviteka.lt\/en\/wp-json\/wp\/v2\/media\/1455"}],"wp:attachment":[{"href":"https:\/\/enviteka.lt\/en\/wp-json\/wp\/v2\/media?parent=1454"}],"wp:term":[{"taxonomy":"product_brand","embeddable":true,"href":"https:\/\/enviteka.lt\/en\/wp-json\/wp\/v2\/product_brand?post=1454"},{"taxonomy":"product_cat","embeddable":true,"href":"https:\/\/enviteka.lt\/en\/wp-json\/wp\/v2\/product_cat?post=1454"},{"taxonomy":"product_tag","embeddable":true,"href":"https:\/\/enviteka.lt\/en\/wp-json\/wp\/v2\/product_tag?post=1454"}],"curies":[{"name":"wp","href":"https:\/\/api.w.org\/{rel}","templated":true}]}}