{"id":1450,"date":"2025-04-03T17:17:13","date_gmt":"2025-04-03T17:17:13","guid":{"rendered":"https:\/\/enviteka.lt\/?post_type=product&#038;p=1450"},"modified":"2025-04-03T17:19:48","modified_gmt":"2025-04-03T17:19:48","slug":"zarna-norflex-sil-448","status":"publish","type":"product","link":"https:\/\/enviteka.lt\/en\/product\/zarna-norflex-sil-448\/","title":{"rendered":"\u017darna NORFLEX SIL 448"},"content":{"rendered":"<p><strong>Audiniu sustiprinta silikono \u017earna<\/strong><\/p>\n<p><strong>Pritaikymas<\/strong><\/p>\n<p>Lanksti \u017earna skys\u010diams ir dujoms<\/p>\n<p>Maisto pramon\u0117, farmacijos pramon\u0117: skirta maisto produktams ir farmacijos med\u017eiagoms<\/p>\n<p>Audiniu sustiprinta \u017earna<\/p>\n<p>\u0160ildymo \u017earna: terp\u0117s perdavimo vidin\u0117 \u017earna<\/p>\n<p><strong>Savyb\u0117s<\/strong><\/p>\n<p>Audiniu sustiprinta konstrukcija \u2013 u\u017etikrina didesn\u012f atsparum\u0105 sl\u0117giui ir ilgaam\u017ei\u0161kum\u0105<\/p>\n<p>Itin lanksti \u2013 lengvai montuojama ir naudojama \u012fvairiose sistemose<\/p>\n<p>Atspari suspaudimui \u2013 i\u0161laiko form\u0105 net esant sl\u0117gio poky\u010diams<\/p>\n<p>Maistin\u0117s kokyb\u0117s sienel\u0117 \u2013 atitinka FDA 21 CFR 177.2600 ir Vokietijos direktyv\u0105 XV BfR<\/p>\n<p>Platinos kietinimo technologija \u2013 bekvap\u0117 ir beskonyb\u0117<\/p>\n<p>Atitinka RoHS direktyvas<\/p>\n<p>REACH atitiktis pagal technologinius\/techninius reikalavimus<\/p>\n<p><strong>Temperat\u016br\u0173 diapazonas<\/strong><\/p>\n<p>Darbin\u0117 temperat\u016bra: -60\u00b0C iki +180\u00b0C<\/p>\n<p><strong>Konstrukcija<\/strong><\/p>\n<p>NORFLEX dizainas<\/p>\n<p>Audiniu sustiprinta sienel\u0117 \u2013 papildomas atsparumas ir tvirtumas<\/p>\n<p>Sienel\u0117: silikonas 70 \u00b1 5 Shore A<\/p>\n<p>Lygi vidin\u0117 ir i\u0161orin\u0117 sienel\u0117 \u2013 optimizuoja med\u017eiag\u0173 sraut\u0105<\/p>\n<p>Vidinis skersmuo nuo 3 mm iki 19 mm<\/p>\n<p><strong>Pristatymas:<\/strong> 1-2 darbo dienos<\/p>\n<p><strong>Susisiekite su mumis<\/strong> nor\u0117dami gauti daugiau informacijos arba u\u017esisakyti. Pad\u0117sime pasirinkti geriausi\u0105 sprendim\u0105 pagal j\u016bs\u0173 poreikius ir u\u017etikrinsime geriausi\u0105 kain\u0105 rinkoje ir greit\u0105\u00a0 pristatym\u0105.<\/p>","protected":false},"excerpt":{"rendered":"<p>Audiniu sustiprinta silikono \u017earna Pritaikymas Lanksti \u017earna skys\u010diams ir dujoms Maisto pramon\u0117, farmacijos pramon\u0117: skirta maisto produktams ir farmacijos med\u017eiagoms [&hellip;]<\/p>","protected":false},"featured_media":1451,"template":"","meta":{"site-sidebar-layout":"default","site-content-layout":"","ast-site-content-layout":"default","site-content-style":"default","site-sidebar-style":"default","ast-global-header-display":"","ast-banner-title-visibility":"","ast-main-header-display":"","ast-hfb-above-header-display":"","ast-hfb-below-header-display":"","ast-hfb-mobile-header-display":"","site-post-title":"","ast-breadcrumbs-content":"","ast-featured-img":"","footer-sml-layout":"","ast-disable-related-posts":"","theme-transparent-header-meta":"default","adv-header-id-meta":"","stick-header-meta":"","header-above-stick-meta":"","header-main-stick-meta":"","header-below-stick-meta":"","astra-migrate-meta-layouts":"set","ast-page-background-enabled":"default","ast-page-background-meta":{"desktop":{"background-color":"var(--ast-global-color-4)","background-image":"","background-repeat":"repeat","background-position":"center center","background-size":"auto","background-attachment":"scroll","background-type":"","background-media":"","overlay-type":"","overlay-color":"","overlay-opacity":"","overlay-gradient":""},"tablet":{"background-color":"","background-image":"","background-repeat":"repeat","background-position":"center center","background-size":"auto","background-attachment":"scroll","background-type":"","background-media":"","overlay-type":"","overlay-color":"","overlay-opacity":"","overlay-gradient":""},"mobile":{"background-color":"","background-image":"","background-repeat":"repeat","background-position":"center center","background-size":"auto","background-attachment":"scroll","background-type":"","background-media":"","overlay-type":"","overlay-color":"","overlay-opacity":"","overlay-gradient":""}},"ast-content-background-meta":{"desktop":{"background-color":"var(--ast-global-color-5)","background-image":"","background-repeat":"repeat","background-position":"center center","background-size":"auto","background-attachment":"scroll","background-type":"","background-media":"","overlay-type":"","overlay-color":"","overlay-opacity":"","overlay-gradient":""},"tablet":{"background-color":"var(--ast-global-color-5)","background-image":"","background-repeat":"repeat","background-position":"center center","background-size":"auto","background-attachment":"scroll","background-type":"","background-media":"","overlay-type":"","overlay-color":"","overlay-opacity":"","overlay-gradient":""},"mobile":{"background-color":"var(--ast-global-color-5)","background-image":"","background-repeat":"repeat","background-position":"center center","background-size":"auto","background-attachment":"scroll","background-type":"","background-media":"","overlay-type":"","overlay-color":"","overlay-opacity":"","overlay-gradient":""}}},"product_brand":[],"product_cat":[124],"product_tag":[],"class_list":{"0":"post-1450","1":"product","2":"type-product","3":"status-publish","4":"has-post-thumbnail","6":"product_cat-suspausto-oro-zarnos","7":"desktop-align-left","8":"tablet-align-left","9":"mobile-align-left","11":"first","12":"instock","13":"shipping-taxable","14":"purchasable","15":"product-type-simple"},"yoast_head":"<!-- This site is optimized with the Yoast SEO plugin v27.3 - https:\/\/yoast.com\/product\/yoast-seo-wordpress\/ -->\n<title>\u017darna NORFLEX SIL 448 - ENVITEKA<\/title>\n<meta name=\"description\" content=\"Audiniu sustiprinta silikono \u017earna. Maistin\u0117s kokyb\u0117s sienel\u0117, lanksti \u017earna skys\u010diams ir dujoms. Pristatymas 1-2 d.d.\" \/>\n<meta name=\"robots\" content=\"index, follow, max-snippet:-1, max-image-preview:large, max-video-preview:-1\" \/>\n<link rel=\"canonical\" href=\"https:\/\/enviteka.lt\/en\/product\/zarna-norflex-sil-448\/\" \/>\n<meta property=\"og:locale\" content=\"en_US\" \/>\n<meta property=\"og:type\" content=\"article\" \/>\n<meta property=\"og:title\" content=\"\u017darna NORFLEX SIL 448 - ENVITEKA\" \/>\n<meta property=\"og:description\" content=\"Audiniu sustiprinta silikono \u017earna. Maistin\u0117s kokyb\u0117s sienel\u0117, lanksti \u017earna skys\u010diams ir dujoms. Pristatymas 1-2 d.d.\" \/>\n<meta property=\"og:url\" content=\"https:\/\/enviteka.lt\/en\/product\/zarna-norflex-sil-448\/\" \/>\n<meta property=\"og:site_name\" content=\"ENVITEKA\" \/>\n<meta property=\"article:modified_time\" content=\"2025-04-03T17:19:48+00:00\" \/>\n<meta property=\"og:image\" content=\"https:\/\/enviteka.lt\/wp-content\/uploads\/2025\/04\/norflex_sil_448.jpg\" \/>\n\t<meta property=\"og:image:width\" content=\"1312\" \/>\n\t<meta property=\"og:image:height\" content=\"788\" \/>\n\t<meta property=\"og:image:type\" content=\"image\/jpeg\" \/>\n<meta name=\"twitter:card\" content=\"summary_large_image\" \/>\n<meta name=\"twitter:label1\" content=\"Est. reading time\" \/>\n\t<meta name=\"twitter:data1\" content=\"2 minutes\" \/>\n<script type=\"application\/ld+json\" class=\"yoast-schema-graph\">{\"@context\":\"https:\\\/\\\/schema.org\",\"@graph\":[{\"@type\":\"WebPage\",\"@id\":\"https:\\\/\\\/enviteka.lt\\\/produktas\\\/zarna-norflex-sil-448\\\/\",\"url\":\"https:\\\/\\\/enviteka.lt\\\/produktas\\\/zarna-norflex-sil-448\\\/\",\"name\":\"\u017darna NORFLEX SIL 448 - ENVITEKA\",\"isPartOf\":{\"@id\":\"https:\\\/\\\/enviteka.lt\\\/#website\"},\"primaryImageOfPage\":{\"@id\":\"https:\\\/\\\/enviteka.lt\\\/produktas\\\/zarna-norflex-sil-448\\\/#primaryimage\"},\"image\":{\"@id\":\"https:\\\/\\\/enviteka.lt\\\/produktas\\\/zarna-norflex-sil-448\\\/#primaryimage\"},\"thumbnailUrl\":\"https:\\\/\\\/enviteka.lt\\\/wp-content\\\/uploads\\\/2025\\\/04\\\/norflex_sil_448.jpg\",\"datePublished\":\"2025-04-03T17:17:13+00:00\",\"dateModified\":\"2025-04-03T17:19:48+00:00\",\"description\":\"Audiniu sustiprinta silikono \u017earna. Maistin\u0117s kokyb\u0117s sienel\u0117, lanksti \u017earna skys\u010diams ir dujoms. Pristatymas 1-2 d.d.\",\"breadcrumb\":{\"@id\":\"https:\\\/\\\/enviteka.lt\\\/produktas\\\/zarna-norflex-sil-448\\\/#breadcrumb\"},\"inLanguage\":\"en-US\",\"potentialAction\":[{\"@type\":\"ReadAction\",\"target\":[\"https:\\\/\\\/enviteka.lt\\\/produktas\\\/zarna-norflex-sil-448\\\/\"]}]},{\"@type\":\"ImageObject\",\"inLanguage\":\"en-US\",\"@id\":\"https:\\\/\\\/enviteka.lt\\\/produktas\\\/zarna-norflex-sil-448\\\/#primaryimage\",\"url\":\"https:\\\/\\\/enviteka.lt\\\/wp-content\\\/uploads\\\/2025\\\/04\\\/norflex_sil_448.jpg\",\"contentUrl\":\"https:\\\/\\\/enviteka.lt\\\/wp-content\\\/uploads\\\/2025\\\/04\\\/norflex_sil_448.jpg\",\"width\":1312,\"height\":788},{\"@type\":\"BreadcrumbList\",\"@id\":\"https:\\\/\\\/enviteka.lt\\\/produktas\\\/zarna-norflex-sil-448\\\/#breadcrumb\",\"itemListElement\":[{\"@type\":\"ListItem\",\"position\":1,\"name\":\"Home\",\"item\":\"https:\\\/\\\/enviteka.lt\\\/\"},{\"@type\":\"ListItem\",\"position\":2,\"name\":\"Produktai\",\"item\":\"https:\\\/\\\/enviteka.lt\\\/produktai\\\/\"},{\"@type\":\"ListItem\",\"position\":3,\"name\":\"\u017darna NORFLEX SIL 448\"}]},{\"@type\":\"WebSite\",\"@id\":\"https:\\\/\\\/enviteka.lt\\\/#website\",\"url\":\"https:\\\/\\\/enviteka.lt\\\/\",\"name\":\"ENVITEKA\",\"description\":\"pramonin\u0117s \u012frangos tiek\u0117jas\",\"publisher\":{\"@id\":\"https:\\\/\\\/enviteka.lt\\\/#organization\"},\"potentialAction\":[{\"@type\":\"SearchAction\",\"target\":{\"@type\":\"EntryPoint\",\"urlTemplate\":\"https:\\\/\\\/enviteka.lt\\\/?s={search_term_string}\"},\"query-input\":{\"@type\":\"PropertyValueSpecification\",\"valueRequired\":true,\"valueName\":\"search_term_string\"}}],\"inLanguage\":\"en-US\"},{\"@type\":\"Organization\",\"@id\":\"https:\\\/\\\/enviteka.lt\\\/#organization\",\"name\":\"ENVITEKA\",\"url\":\"https:\\\/\\\/enviteka.lt\\\/\",\"logo\":{\"@type\":\"ImageObject\",\"inLanguage\":\"en-US\",\"@id\":\"https:\\\/\\\/enviteka.lt\\\/#\\\/schema\\\/logo\\\/image\\\/\",\"url\":\"https:\\\/\\\/enviteka.lt\\\/wp-content\\\/uploads\\\/2024\\\/10\\\/enviteka-high-resolution-logo-transparent-e1742852093377.png\",\"contentUrl\":\"https:\\\/\\\/enviteka.lt\\\/wp-content\\\/uploads\\\/2024\\\/10\\\/enviteka-high-resolution-logo-transparent-e1742852093377.png\",\"width\":424,\"height\":150,\"caption\":\"ENVITEKA\"},\"image\":{\"@id\":\"https:\\\/\\\/enviteka.lt\\\/#\\\/schema\\\/logo\\\/image\\\/\"}}]}<\/script>\n<!-- \/ Yoast SEO plugin. -->","yoast_head_json":{"title":"\u017darna NORFLEX SIL 448 - ENVITEKA","description":"Audiniu sustiprinta silikono \u017earna. Maistin\u0117s kokyb\u0117s sienel\u0117, lanksti \u017earna skys\u010diams ir dujoms. Pristatymas 1-2 d.d.","robots":{"index":"index","follow":"follow","max-snippet":"max-snippet:-1","max-image-preview":"max-image-preview:large","max-video-preview":"max-video-preview:-1"},"canonical":"https:\/\/enviteka.lt\/en\/product\/zarna-norflex-sil-448\/","og_locale":"en_US","og_type":"article","og_title":"\u017darna NORFLEX SIL 448 - ENVITEKA","og_description":"Audiniu sustiprinta silikono \u017earna. Maistin\u0117s kokyb\u0117s sienel\u0117, lanksti \u017earna skys\u010diams ir dujoms. Pristatymas 1-2 d.d.","og_url":"https:\/\/enviteka.lt\/en\/product\/zarna-norflex-sil-448\/","og_site_name":"ENVITEKA","article_modified_time":"2025-04-03T17:19:48+00:00","og_image":[{"width":1312,"height":788,"url":"https:\/\/enviteka.lt\/wp-content\/uploads\/2025\/04\/norflex_sil_448.jpg","type":"image\/jpeg"}],"twitter_card":"summary_large_image","twitter_misc":{"Est. reading time":"2 minutes"},"schema":{"@context":"https:\/\/schema.org","@graph":[{"@type":"WebPage","@id":"https:\/\/enviteka.lt\/produktas\/zarna-norflex-sil-448\/","url":"https:\/\/enviteka.lt\/produktas\/zarna-norflex-sil-448\/","name":"\u017darna NORFLEX SIL 448 - ENVITEKA","isPartOf":{"@id":"https:\/\/enviteka.lt\/#website"},"primaryImageOfPage":{"@id":"https:\/\/enviteka.lt\/produktas\/zarna-norflex-sil-448\/#primaryimage"},"image":{"@id":"https:\/\/enviteka.lt\/produktas\/zarna-norflex-sil-448\/#primaryimage"},"thumbnailUrl":"https:\/\/enviteka.lt\/wp-content\/uploads\/2025\/04\/norflex_sil_448.jpg","datePublished":"2025-04-03T17:17:13+00:00","dateModified":"2025-04-03T17:19:48+00:00","description":"Audiniu sustiprinta silikono \u017earna. Maistin\u0117s kokyb\u0117s sienel\u0117, lanksti \u017earna skys\u010diams ir dujoms. Pristatymas 1-2 d.d.","breadcrumb":{"@id":"https:\/\/enviteka.lt\/produktas\/zarna-norflex-sil-448\/#breadcrumb"},"inLanguage":"en-US","potentialAction":[{"@type":"ReadAction","target":["https:\/\/enviteka.lt\/produktas\/zarna-norflex-sil-448\/"]}]},{"@type":"ImageObject","inLanguage":"en-US","@id":"https:\/\/enviteka.lt\/produktas\/zarna-norflex-sil-448\/#primaryimage","url":"https:\/\/enviteka.lt\/wp-content\/uploads\/2025\/04\/norflex_sil_448.jpg","contentUrl":"https:\/\/enviteka.lt\/wp-content\/uploads\/2025\/04\/norflex_sil_448.jpg","width":1312,"height":788},{"@type":"BreadcrumbList","@id":"https:\/\/enviteka.lt\/produktas\/zarna-norflex-sil-448\/#breadcrumb","itemListElement":[{"@type":"ListItem","position":1,"name":"Home","item":"https:\/\/enviteka.lt\/"},{"@type":"ListItem","position":2,"name":"Produktai","item":"https:\/\/enviteka.lt\/produktai\/"},{"@type":"ListItem","position":3,"name":"\u017darna NORFLEX SIL 448"}]},{"@type":"WebSite","@id":"https:\/\/enviteka.lt\/#website","url":"https:\/\/enviteka.lt\/","name":"ENVITEKA","description":"pramonin\u0117s \u012frangos tiek\u0117jas","publisher":{"@id":"https:\/\/enviteka.lt\/#organization"},"potentialAction":[{"@type":"SearchAction","target":{"@type":"EntryPoint","urlTemplate":"https:\/\/enviteka.lt\/?s={search_term_string}"},"query-input":{"@type":"PropertyValueSpecification","valueRequired":true,"valueName":"search_term_string"}}],"inLanguage":"en-US"},{"@type":"Organization","@id":"https:\/\/enviteka.lt\/#organization","name":"ENVITEKA","url":"https:\/\/enviteka.lt\/","logo":{"@type":"ImageObject","inLanguage":"en-US","@id":"https:\/\/enviteka.lt\/#\/schema\/logo\/image\/","url":"https:\/\/enviteka.lt\/wp-content\/uploads\/2024\/10\/enviteka-high-resolution-logo-transparent-e1742852093377.png","contentUrl":"https:\/\/enviteka.lt\/wp-content\/uploads\/2024\/10\/enviteka-high-resolution-logo-transparent-e1742852093377.png","width":424,"height":150,"caption":"ENVITEKA"},"image":{"@id":"https:\/\/enviteka.lt\/#\/schema\/logo\/image\/"}}]}},"_links":{"self":[{"href":"https:\/\/enviteka.lt\/en\/wp-json\/wp\/v2\/product\/1450","targetHints":{"allow":["GET"]}}],"collection":[{"href":"https:\/\/enviteka.lt\/en\/wp-json\/wp\/v2\/product"}],"about":[{"href":"https:\/\/enviteka.lt\/en\/wp-json\/wp\/v2\/types\/product"}],"wp:featuredmedia":[{"embeddable":true,"href":"https:\/\/enviteka.lt\/en\/wp-json\/wp\/v2\/media\/1451"}],"wp:attachment":[{"href":"https:\/\/enviteka.lt\/en\/wp-json\/wp\/v2\/media?parent=1450"}],"wp:term":[{"taxonomy":"product_brand","embeddable":true,"href":"https:\/\/enviteka.lt\/en\/wp-json\/wp\/v2\/product_brand?post=1450"},{"taxonomy":"product_cat","embeddable":true,"href":"https:\/\/enviteka.lt\/en\/wp-json\/wp\/v2\/product_cat?post=1450"},{"taxonomy":"product_tag","embeddable":true,"href":"https:\/\/enviteka.lt\/en\/wp-json\/wp\/v2\/product_tag?post=1450"}],"curies":[{"name":"wp","href":"https:\/\/api.w.org\/{rel}","templated":true}]}}