{"id":1439,"date":"2025-04-03T16:43:18","date_gmt":"2025-04-03T16:43:18","guid":{"rendered":"https:\/\/enviteka.lt\/?post_type=product&#038;p=1439"},"modified":"2025-04-03T16:54:35","modified_gmt":"2025-04-03T16:54:35","slug":"zarna-norflex-pur-401","status":"publish","type":"product","link":"https:\/\/enviteka.lt\/en\/product\/zarna-norflex-pur-401\/","title":{"rendered":"\u017darna NORFLEX PUR 401"},"content":{"rendered":"<p><strong>Pritaikymas<\/strong><\/p>\n<p>Lanksti \u017earna skys\u010diams, dujoms ir abrazyvin\u0117ms kietosioms med\u017eiagoms<\/p>\n<p>Maisto ir farmacijos pramon\u0117: skirta s\u0105ly\u010diui su maisto produktais ir farmacijos gaminiais<\/p>\n<p>Saus\u0173 maisto produkt\u0173 transportavimas: ry\u017eiai, gr\u016bdai, cukrus, pieno milteliai, milteliai, kava, arbata, miltai, \u0161aldyti produktai<\/p>\n<p>Milteli\u0173 pur\u0161kimas, milteli\u0173 dengimas (pvz., spaudos pramon\u0117je)<\/p>\n<p>\u017darna\/vamzdelis siurblinei pompai<\/p>\n<p>Suspausto oro \u017earna, au\u0161inimo vandens \u017earna, vandens \u017earna<\/p>\n<p><strong>Savyb\u0117s<\/strong><\/p>\n<p>Itin lanksti<\/p>\n<p>Labai atspari dilimui<\/p>\n<p>Atspari suspaudimui<\/p>\n<p>Maistin\u0117s kokyb\u0117s poliuretanas, atitinka FDA 21 CFR 177.2600<\/p>\n<p>Atspari mikrobams ir hidrolizei<\/p>\n<p>Gerai atspari alyvai, benzinui ir chemin\u0117ms med\u017eiagoms<\/p>\n<p>Labai lanksti net esant \u017eemai temperat\u016brai<\/p>\n<p>Atitinka RoHS direktyvas<\/p>\n<p>REACH atitikimas pagal technologinius\/techninius reikalavimus<\/p>\n<p><strong>Temperat\u016br\u0173 diapazonas<\/strong><\/p>\n<p>Nuo -40\u00b0C iki +90\u00b0C<\/p>\n<p>Trumpalaikis atsparumas iki +125\u00b0C<\/p>\n<p><strong>Konstrukcija<\/strong><\/p>\n<p>NORFLEX\u00ae dizainas<\/p>\n<p>Sienel\u0117: specialus auk\u0161\u010diausios kokyb\u0117s eterio-poliuretanas (Pre-PUR\u00ae); lygi vidin\u0117 ir i\u0161orin\u0117 sienel\u0117<\/p>\n<p>Vidinis skersmuo nuo 2 mm iki 19 mm<\/p>\n<p><strong>Pristatymas:<\/strong> 1-2 darbo dienos<\/p>\n<p><strong>Susisiekite su mumis<\/strong> nor\u0117dami gauti daugiau informacijos arba u\u017esisakyti. Pad\u0117sime pasirinkti geriausi\u0105 sprendim\u0105 pagal j\u016bs\u0173 poreikius ir u\u017etikrinsime geriausi\u0105 kain\u0105 rinkoje ir greit\u0105\u00a0 pristatym\u0105.<\/p>","protected":false},"excerpt":{"rendered":"<p>Pritaikymas Lanksti \u017earna skys\u010diams, dujoms ir abrazyvin\u0117ms kietosioms med\u017eiagoms Maisto ir farmacijos pramon\u0117: skirta s\u0105ly\u010diui su maisto produktais ir farmacijos [&hellip;]<\/p>","protected":false},"featured_media":1440,"template":"","meta":{"site-sidebar-layout":"default","site-content-layout":"","ast-site-content-layout":"default","site-content-style":"default","site-sidebar-style":"default","ast-global-header-display":"","ast-banner-title-visibility":"","ast-main-header-display":"","ast-hfb-above-header-display":"","ast-hfb-below-header-display":"","ast-hfb-mobile-header-display":"","site-post-title":"","ast-breadcrumbs-content":"","ast-featured-img":"","footer-sml-layout":"","ast-disable-related-posts":"","theme-transparent-header-meta":"default","adv-header-id-meta":"","stick-header-meta":"","header-above-stick-meta":"","header-main-stick-meta":"","header-below-stick-meta":"","astra-migrate-meta-layouts":"set","ast-page-background-enabled":"default","ast-page-background-meta":{"desktop":{"background-color":"var(--ast-global-color-4)","background-image":"","background-repeat":"repeat","background-position":"center center","background-size":"auto","background-attachment":"scroll","background-type":"","background-media":"","overlay-type":"","overlay-color":"","overlay-opacity":"","overlay-gradient":""},"tablet":{"background-color":"","background-image":"","background-repeat":"repeat","background-position":"center center","background-size":"auto","background-attachment":"scroll","background-type":"","background-media":"","overlay-type":"","overlay-color":"","overlay-opacity":"","overlay-gradient":""},"mobile":{"background-color":"","background-image":"","background-repeat":"repeat","background-position":"center center","background-size":"auto","background-attachment":"scroll","background-type":"","background-media":"","overlay-type":"","overlay-color":"","overlay-opacity":"","overlay-gradient":""}},"ast-content-background-meta":{"desktop":{"background-color":"var(--ast-global-color-5)","background-image":"","background-repeat":"repeat","background-position":"center center","background-size":"auto","background-attachment":"scroll","background-type":"","background-media":"","overlay-type":"","overlay-color":"","overlay-opacity":"","overlay-gradient":""},"tablet":{"background-color":"var(--ast-global-color-5)","background-image":"","background-repeat":"repeat","background-position":"center center","background-size":"auto","background-attachment":"scroll","background-type":"","background-media":"","overlay-type":"","overlay-color":"","overlay-opacity":"","overlay-gradient":""},"mobile":{"background-color":"var(--ast-global-color-5)","background-image":"","background-repeat":"repeat","background-position":"center center","background-size":"auto","background-attachment":"scroll","background-type":"","background-media":"","overlay-type":"","overlay-color":"","overlay-opacity":"","overlay-gradient":""}}},"product_brand":[],"product_cat":[124],"product_tag":[],"class_list":{"0":"post-1439","1":"product","2":"type-product","3":"status-publish","4":"has-post-thumbnail","6":"product_cat-suspausto-oro-zarnos","7":"desktop-align-left","8":"tablet-align-left","9":"mobile-align-left","11":"first","12":"instock","13":"shipping-taxable","14":"purchasable","15":"product-type-simple"},"yoast_head":"<!-- This site is optimized with the Yoast SEO plugin v27.3 - https:\/\/yoast.com\/product\/yoast-seo-wordpress\/ -->\n<title>\u017darna NORFLEX PUR 401 - ENVITEKA<\/title>\n<meta name=\"description\" content=\"Lanksti \u017earna skys\u010diams, dujoms ir abrazyvin\u0117ms kietosioms med\u017eiagoms. Skirta maisto ir farmacijos pramon\u0117je s\u0105ly\u010diui su maisto produktais ir farmacijos gaminiais. Pristatymas 1-2 d.d\" \/>\n<meta name=\"robots\" content=\"index, follow, max-snippet:-1, max-image-preview:large, max-video-preview:-1\" \/>\n<link rel=\"canonical\" href=\"https:\/\/enviteka.lt\/en\/product\/zarna-norflex-pur-401\/\" \/>\n<meta property=\"og:locale\" content=\"en_US\" \/>\n<meta property=\"og:type\" content=\"article\" \/>\n<meta property=\"og:title\" content=\"\u017darna NORFLEX PUR 401 - ENVITEKA\" \/>\n<meta property=\"og:description\" content=\"Lanksti \u017earna skys\u010diams, dujoms ir abrazyvin\u0117ms kietosioms med\u017eiagoms. Skirta maisto ir farmacijos pramon\u0117je s\u0105ly\u010diui su maisto produktais ir farmacijos gaminiais. Pristatymas 1-2 d.d\" \/>\n<meta property=\"og:url\" content=\"https:\/\/enviteka.lt\/en\/product\/zarna-norflex-pur-401\/\" \/>\n<meta property=\"og:site_name\" content=\"ENVITEKA\" \/>\n<meta property=\"article:modified_time\" content=\"2025-04-03T16:54:35+00:00\" \/>\n<meta property=\"og:image\" content=\"https:\/\/enviteka.lt\/wp-content\/uploads\/2025\/04\/norflex_pur_401_zarna.jpg\" \/>\n\t<meta property=\"og:image:width\" content=\"1006\" \/>\n\t<meta property=\"og:image:height\" content=\"610\" \/>\n\t<meta property=\"og:image:type\" content=\"image\/jpeg\" \/>\n<meta name=\"twitter:card\" content=\"summary_large_image\" \/>\n<meta name=\"twitter:label1\" content=\"Est. reading time\" \/>\n\t<meta name=\"twitter:data1\" content=\"2 minutes\" \/>\n<script type=\"application\/ld+json\" class=\"yoast-schema-graph\">{\"@context\":\"https:\\\/\\\/schema.org\",\"@graph\":[{\"@type\":\"WebPage\",\"@id\":\"https:\\\/\\\/enviteka.lt\\\/produktas\\\/zarna-norflex-pur-401\\\/\",\"url\":\"https:\\\/\\\/enviteka.lt\\\/produktas\\\/zarna-norflex-pur-401\\\/\",\"name\":\"\u017darna NORFLEX PUR 401 - ENVITEKA\",\"isPartOf\":{\"@id\":\"https:\\\/\\\/enviteka.lt\\\/#website\"},\"primaryImageOfPage\":{\"@id\":\"https:\\\/\\\/enviteka.lt\\\/produktas\\\/zarna-norflex-pur-401\\\/#primaryimage\"},\"image\":{\"@id\":\"https:\\\/\\\/enviteka.lt\\\/produktas\\\/zarna-norflex-pur-401\\\/#primaryimage\"},\"thumbnailUrl\":\"https:\\\/\\\/enviteka.lt\\\/wp-content\\\/uploads\\\/2025\\\/04\\\/norflex_pur_401_zarna.jpg\",\"datePublished\":\"2025-04-03T16:43:18+00:00\",\"dateModified\":\"2025-04-03T16:54:35+00:00\",\"description\":\"Lanksti \u017earna skys\u010diams, dujoms ir abrazyvin\u0117ms kietosioms med\u017eiagoms. Skirta maisto ir farmacijos pramon\u0117je s\u0105ly\u010diui su maisto produktais ir farmacijos gaminiais. Pristatymas 1-2 d.d\",\"breadcrumb\":{\"@id\":\"https:\\\/\\\/enviteka.lt\\\/produktas\\\/zarna-norflex-pur-401\\\/#breadcrumb\"},\"inLanguage\":\"en-US\",\"potentialAction\":[{\"@type\":\"ReadAction\",\"target\":[\"https:\\\/\\\/enviteka.lt\\\/produktas\\\/zarna-norflex-pur-401\\\/\"]}]},{\"@type\":\"ImageObject\",\"inLanguage\":\"en-US\",\"@id\":\"https:\\\/\\\/enviteka.lt\\\/produktas\\\/zarna-norflex-pur-401\\\/#primaryimage\",\"url\":\"https:\\\/\\\/enviteka.lt\\\/wp-content\\\/uploads\\\/2025\\\/04\\\/norflex_pur_401_zarna.jpg\",\"contentUrl\":\"https:\\\/\\\/enviteka.lt\\\/wp-content\\\/uploads\\\/2025\\\/04\\\/norflex_pur_401_zarna.jpg\",\"width\":1006,\"height\":610},{\"@type\":\"BreadcrumbList\",\"@id\":\"https:\\\/\\\/enviteka.lt\\\/produktas\\\/zarna-norflex-pur-401\\\/#breadcrumb\",\"itemListElement\":[{\"@type\":\"ListItem\",\"position\":1,\"name\":\"Home\",\"item\":\"https:\\\/\\\/enviteka.lt\\\/\"},{\"@type\":\"ListItem\",\"position\":2,\"name\":\"Produktai\",\"item\":\"https:\\\/\\\/enviteka.lt\\\/produktai\\\/\"},{\"@type\":\"ListItem\",\"position\":3,\"name\":\"\u017darna NORFLEX PUR 401\"}]},{\"@type\":\"WebSite\",\"@id\":\"https:\\\/\\\/enviteka.lt\\\/#website\",\"url\":\"https:\\\/\\\/enviteka.lt\\\/\",\"name\":\"ENVITEKA\",\"description\":\"pramonin\u0117s \u012frangos tiek\u0117jas\",\"publisher\":{\"@id\":\"https:\\\/\\\/enviteka.lt\\\/#organization\"},\"potentialAction\":[{\"@type\":\"SearchAction\",\"target\":{\"@type\":\"EntryPoint\",\"urlTemplate\":\"https:\\\/\\\/enviteka.lt\\\/?s={search_term_string}\"},\"query-input\":{\"@type\":\"PropertyValueSpecification\",\"valueRequired\":true,\"valueName\":\"search_term_string\"}}],\"inLanguage\":\"en-US\"},{\"@type\":\"Organization\",\"@id\":\"https:\\\/\\\/enviteka.lt\\\/#organization\",\"name\":\"ENVITEKA\",\"url\":\"https:\\\/\\\/enviteka.lt\\\/\",\"logo\":{\"@type\":\"ImageObject\",\"inLanguage\":\"en-US\",\"@id\":\"https:\\\/\\\/enviteka.lt\\\/#\\\/schema\\\/logo\\\/image\\\/\",\"url\":\"https:\\\/\\\/enviteka.lt\\\/wp-content\\\/uploads\\\/2024\\\/10\\\/enviteka-high-resolution-logo-transparent-e1742852093377.png\",\"contentUrl\":\"https:\\\/\\\/enviteka.lt\\\/wp-content\\\/uploads\\\/2024\\\/10\\\/enviteka-high-resolution-logo-transparent-e1742852093377.png\",\"width\":424,\"height\":150,\"caption\":\"ENVITEKA\"},\"image\":{\"@id\":\"https:\\\/\\\/enviteka.lt\\\/#\\\/schema\\\/logo\\\/image\\\/\"}}]}<\/script>\n<!-- \/ Yoast SEO plugin. -->","yoast_head_json":{"title":"\u017darna NORFLEX PUR 401 - ENVITEKA","description":"Lanksti \u017earna skys\u010diams, dujoms ir abrazyvin\u0117ms kietosioms med\u017eiagoms. Skirta maisto ir farmacijos pramon\u0117je s\u0105ly\u010diui su maisto produktais ir farmacijos gaminiais. Pristatymas 1-2 d.d","robots":{"index":"index","follow":"follow","max-snippet":"max-snippet:-1","max-image-preview":"max-image-preview:large","max-video-preview":"max-video-preview:-1"},"canonical":"https:\/\/enviteka.lt\/en\/product\/zarna-norflex-pur-401\/","og_locale":"en_US","og_type":"article","og_title":"\u017darna NORFLEX PUR 401 - ENVITEKA","og_description":"Lanksti \u017earna skys\u010diams, dujoms ir abrazyvin\u0117ms kietosioms med\u017eiagoms. Skirta maisto ir farmacijos pramon\u0117je s\u0105ly\u010diui su maisto produktais ir farmacijos gaminiais. Pristatymas 1-2 d.d","og_url":"https:\/\/enviteka.lt\/en\/product\/zarna-norflex-pur-401\/","og_site_name":"ENVITEKA","article_modified_time":"2025-04-03T16:54:35+00:00","og_image":[{"width":1006,"height":610,"url":"https:\/\/enviteka.lt\/wp-content\/uploads\/2025\/04\/norflex_pur_401_zarna.jpg","type":"image\/jpeg"}],"twitter_card":"summary_large_image","twitter_misc":{"Est. reading time":"2 minutes"},"schema":{"@context":"https:\/\/schema.org","@graph":[{"@type":"WebPage","@id":"https:\/\/enviteka.lt\/produktas\/zarna-norflex-pur-401\/","url":"https:\/\/enviteka.lt\/produktas\/zarna-norflex-pur-401\/","name":"\u017darna NORFLEX PUR 401 - ENVITEKA","isPartOf":{"@id":"https:\/\/enviteka.lt\/#website"},"primaryImageOfPage":{"@id":"https:\/\/enviteka.lt\/produktas\/zarna-norflex-pur-401\/#primaryimage"},"image":{"@id":"https:\/\/enviteka.lt\/produktas\/zarna-norflex-pur-401\/#primaryimage"},"thumbnailUrl":"https:\/\/enviteka.lt\/wp-content\/uploads\/2025\/04\/norflex_pur_401_zarna.jpg","datePublished":"2025-04-03T16:43:18+00:00","dateModified":"2025-04-03T16:54:35+00:00","description":"Lanksti \u017earna skys\u010diams, dujoms ir abrazyvin\u0117ms kietosioms med\u017eiagoms. Skirta maisto ir farmacijos pramon\u0117je s\u0105ly\u010diui su maisto produktais ir farmacijos gaminiais. Pristatymas 1-2 d.d","breadcrumb":{"@id":"https:\/\/enviteka.lt\/produktas\/zarna-norflex-pur-401\/#breadcrumb"},"inLanguage":"en-US","potentialAction":[{"@type":"ReadAction","target":["https:\/\/enviteka.lt\/produktas\/zarna-norflex-pur-401\/"]}]},{"@type":"ImageObject","inLanguage":"en-US","@id":"https:\/\/enviteka.lt\/produktas\/zarna-norflex-pur-401\/#primaryimage","url":"https:\/\/enviteka.lt\/wp-content\/uploads\/2025\/04\/norflex_pur_401_zarna.jpg","contentUrl":"https:\/\/enviteka.lt\/wp-content\/uploads\/2025\/04\/norflex_pur_401_zarna.jpg","width":1006,"height":610},{"@type":"BreadcrumbList","@id":"https:\/\/enviteka.lt\/produktas\/zarna-norflex-pur-401\/#breadcrumb","itemListElement":[{"@type":"ListItem","position":1,"name":"Home","item":"https:\/\/enviteka.lt\/"},{"@type":"ListItem","position":2,"name":"Produktai","item":"https:\/\/enviteka.lt\/produktai\/"},{"@type":"ListItem","position":3,"name":"\u017darna NORFLEX PUR 401"}]},{"@type":"WebSite","@id":"https:\/\/enviteka.lt\/#website","url":"https:\/\/enviteka.lt\/","name":"ENVITEKA","description":"pramonin\u0117s \u012frangos tiek\u0117jas","publisher":{"@id":"https:\/\/enviteka.lt\/#organization"},"potentialAction":[{"@type":"SearchAction","target":{"@type":"EntryPoint","urlTemplate":"https:\/\/enviteka.lt\/?s={search_term_string}"},"query-input":{"@type":"PropertyValueSpecification","valueRequired":true,"valueName":"search_term_string"}}],"inLanguage":"en-US"},{"@type":"Organization","@id":"https:\/\/enviteka.lt\/#organization","name":"ENVITEKA","url":"https:\/\/enviteka.lt\/","logo":{"@type":"ImageObject","inLanguage":"en-US","@id":"https:\/\/enviteka.lt\/#\/schema\/logo\/image\/","url":"https:\/\/enviteka.lt\/wp-content\/uploads\/2024\/10\/enviteka-high-resolution-logo-transparent-e1742852093377.png","contentUrl":"https:\/\/enviteka.lt\/wp-content\/uploads\/2024\/10\/enviteka-high-resolution-logo-transparent-e1742852093377.png","width":424,"height":150,"caption":"ENVITEKA"},"image":{"@id":"https:\/\/enviteka.lt\/#\/schema\/logo\/image\/"}}]}},"_links":{"self":[{"href":"https:\/\/enviteka.lt\/en\/wp-json\/wp\/v2\/product\/1439","targetHints":{"allow":["GET"]}}],"collection":[{"href":"https:\/\/enviteka.lt\/en\/wp-json\/wp\/v2\/product"}],"about":[{"href":"https:\/\/enviteka.lt\/en\/wp-json\/wp\/v2\/types\/product"}],"wp:featuredmedia":[{"embeddable":true,"href":"https:\/\/enviteka.lt\/en\/wp-json\/wp\/v2\/media\/1440"}],"wp:attachment":[{"href":"https:\/\/enviteka.lt\/en\/wp-json\/wp\/v2\/media?parent=1439"}],"wp:term":[{"taxonomy":"product_brand","embeddable":true,"href":"https:\/\/enviteka.lt\/en\/wp-json\/wp\/v2\/product_brand?post=1439"},{"taxonomy":"product_cat","embeddable":true,"href":"https:\/\/enviteka.lt\/en\/wp-json\/wp\/v2\/product_cat?post=1439"},{"taxonomy":"product_tag","embeddable":true,"href":"https:\/\/enviteka.lt\/en\/wp-json\/wp\/v2\/product_tag?post=1439"}],"curies":[{"name":"wp","href":"https:\/\/api.w.org\/{rel}","templated":true}]}}