{"id":1426,"date":"2025-03-31T13:05:12","date_gmt":"2025-03-31T13:05:12","guid":{"rendered":"https:\/\/enviteka.lt\/?post_type=product&#038;p=1426"},"modified":"2025-07-01T19:56:54","modified_gmt":"2025-07-01T19:56:54","slug":"zarna-protape-tpe-321-armuota-ld","status":"publish","type":"product","link":"https:\/\/enviteka.lt\/en\/product\/zarna-protape-tpe-321-armuota-ld\/","title":{"rendered":"\u017darna PROTAPE TPE 321 ARMUOTA LD"},"content":{"rendered":"<p><strong>TPE \u017earna, lengva, audiniu armuota (iki +125\u00b0C)<\/strong><\/p>\n<p><strong>Pritaikymas:<\/strong><\/p>\n<p>Lanksti \u017earna, skirta \u0161alt\u0173 ir kar\u0161t\u0173 duj\u0173, dulki\u0173, milteli\u0173, skaidul\u0173 perdavimui<\/p>\n<p>Granuli\u0173 \/ plastiko d\u017eiovintuvai, kar\u0161to oro d\u017eiovintuvai<\/p>\n<p>Tekstil\u0117s pramon\u0117, gar\u0173 mirkymas: gar\u0173 lygintuvas, pramoninis lygintuvas, lyginimo ma\u0161ina<\/p>\n<p>Popieriaus plastiko pramon\u0117, popieriaus ir celiulioz\u0117s pramon\u0117: nuotekos, oro i\u0161traukimas<\/p>\n<p>Autobusai, komunalin\u0117s transporto priemon\u0117s, kemperiai \/ priekabos, mobil\u016bs namai \/ kemperiai \/ RV, laivai, laivai \/ laivybos priemon\u0117s, jachtos: v\u0117dinimas, \u0161ildymas<\/p>\n<p>Savyb\u0117s:<\/p>\n<p>Audinio armuota<\/p>\n<p>Lengva<\/p>\n<p>Labai lanksti ir suspaud\u017eiama<\/p>\n<p>Labai geras atsparumas \u0161ilumai<\/p>\n<p>Atitinka RoHS gaires<\/p>\n<p>Geras atsparumas aliejui, benzinui ir chemikalams<\/p>\n<p>Geras atsparumas \u0161armams ir r\u016bg\u0161tims<\/p>\n<p>Atitinka REACH reglament\u0105<\/p>\n<p><strong>Temperat\u016bros diapazonas:<\/strong><\/p>\n<p>Nuo -40\u00b0C iki 125\u00b0C<\/p>\n<p>Trumpam laikui iki 150\u00b0C<\/p>\n<p>\u012evair\u016bs diametrai nuo ir ilgiai pagal u\u017esakym\u0105<\/p>\n<p>Vidinis skersmuo nuo 50 mm iki 450 mm, kreipkit\u0117s d\u0117l reikiamo skersmens ir ilgio.<\/p>\n<p class=\"\" data-start=\"1488\" data-end=\"1675\"><strong>Pristatymas 1-2 d.d.<\/strong><\/p>\n<p><strong>Susisiekite su mumis:<\/strong><\/p>\n<p>Nor\u0117dami gauti daugiau informacijos arba u\u017esisakyti, pra\u0161ome susisiekti su m\u016bs\u0173 komanda. Pad\u0117sime pasirinkti geriausi\u0105 sprendim\u0105 pagal j\u016bs\u0173 poreikius, u\u017etikrinsime geriausi\u0105 kain\u0105 rinkoje ir greit\u0105 pristatym\u0105.<\/p>","protected":false},"excerpt":{"rendered":"<p>TPE \u017earna, lengva, audiniu armuota (iki +125\u00b0C) Pritaikymas: Lanksti \u017earna, skirta \u0161alt\u0173 ir kar\u0161t\u0173 duj\u0173, dulki\u0173, milteli\u0173, skaidul\u0173 perdavimui Granuli\u0173 [&hellip;]<\/p>","protected":false},"featured_media":1427,"template":"","meta":{"site-sidebar-layout":"default","site-content-layout":"","ast-site-content-layout":"default","site-content-style":"default","site-sidebar-style":"default","ast-global-header-display":"","ast-banner-title-visibility":"","ast-main-header-display":"","ast-hfb-above-header-display":"","ast-hfb-below-header-display":"","ast-hfb-mobile-header-display":"","site-post-title":"","ast-breadcrumbs-content":"","ast-featured-img":"","footer-sml-layout":"","ast-disable-related-posts":"","theme-transparent-header-meta":"default","adv-header-id-meta":"","stick-header-meta":"","header-above-stick-meta":"","header-main-stick-meta":"","header-below-stick-meta":"","astra-migrate-meta-layouts":"set","ast-page-background-enabled":"default","ast-page-background-meta":{"desktop":{"background-color":"var(--ast-global-color-4)","background-image":"","background-repeat":"repeat","background-position":"center center","background-size":"auto","background-attachment":"scroll","background-type":"","background-media":"","overlay-type":"","overlay-color":"","overlay-opacity":"","overlay-gradient":""},"tablet":{"background-color":"","background-image":"","background-repeat":"repeat","background-position":"center center","background-size":"auto","background-attachment":"scroll","background-type":"","background-media":"","overlay-type":"","overlay-color":"","overlay-opacity":"","overlay-gradient":""},"mobile":{"background-color":"","background-image":"","background-repeat":"repeat","background-position":"center center","background-size":"auto","background-attachment":"scroll","background-type":"","background-media":"","overlay-type":"","overlay-color":"","overlay-opacity":"","overlay-gradient":""}},"ast-content-background-meta":{"desktop":{"background-color":"var(--ast-global-color-5)","background-image":"","background-repeat":"repeat","background-position":"center center","background-size":"auto","background-attachment":"scroll","background-type":"","background-media":"","overlay-type":"","overlay-color":"","overlay-opacity":"","overlay-gradient":""},"tablet":{"background-color":"var(--ast-global-color-5)","background-image":"","background-repeat":"repeat","background-position":"center center","background-size":"auto","background-attachment":"scroll","background-type":"","background-media":"","overlay-type":"","overlay-color":"","overlay-opacity":"","overlay-gradient":""},"mobile":{"background-color":"var(--ast-global-color-5)","background-image":"","background-repeat":"repeat","background-position":"center center","background-size":"auto","background-attachment":"scroll","background-type":"","background-media":"","overlay-type":"","overlay-color":"","overlay-opacity":"","overlay-gradient":""}}},"product_brand":[],"product_cat":[121],"product_tag":[],"class_list":{"0":"post-1426","1":"product","2":"type-product","3":"status-publish","4":"has-post-thumbnail","6":"product_cat-poliuretano-zarnos-pu-zarnos","7":"desktop-align-left","8":"tablet-align-left","9":"mobile-align-left","11":"first","12":"instock","13":"shipping-taxable","14":"purchasable","15":"product-type-simple"},"yoast_head":"<!-- This site is optimized with the Yoast SEO plugin v27.3 - https:\/\/yoast.com\/product\/yoast-seo-wordpress\/ -->\n<title>\u017darna PROTAPE TPE 321 ARMUOTA LD - ENVITEKA<\/title>\n<meta name=\"description\" content=\"Da\u017enai naudojama prastiko pramon\u0117je, granuli\u0173 d\u017eiovintuvuose, \u0161ildymo sistemose, ventiliacijai ir kitose pramon\u0117s \u0161akose. Pristatymas 1-2 d.d.\" \/>\n<meta name=\"robots\" content=\"index, follow, max-snippet:-1, max-image-preview:large, max-video-preview:-1\" \/>\n<link rel=\"canonical\" href=\"https:\/\/enviteka.lt\/en\/product\/zarna-protape-tpe-321-armuota-ld\/\" \/>\n<meta property=\"og:locale\" content=\"en_US\" \/>\n<meta property=\"og:type\" content=\"article\" \/>\n<meta property=\"og:title\" content=\"\u017darna PROTAPE TPE 321 ARMUOTA LD - ENVITEKA\" \/>\n<meta property=\"og:description\" content=\"Da\u017enai naudojama prastiko pramon\u0117je, granuli\u0173 d\u017eiovintuvuose, \u0161ildymo sistemose, ventiliacijai ir kitose pramon\u0117s \u0161akose. Pristatymas 1-2 d.d.\" \/>\n<meta property=\"og:url\" content=\"https:\/\/enviteka.lt\/en\/product\/zarna-protape-tpe-321-armuota-ld\/\" \/>\n<meta property=\"og:site_name\" content=\"ENVITEKA\" \/>\n<meta property=\"article:modified_time\" content=\"2025-07-01T19:56:54+00:00\" \/>\n<meta property=\"og:image\" content=\"https:\/\/enviteka.lt\/wp-content\/uploads\/2025\/03\/ZARNA_PLASTIKO_PRAMONEI_PROTAPE_321.jpg\" \/>\n\t<meta property=\"og:image:width\" content=\"1304\" \/>\n\t<meta property=\"og:image:height\" content=\"787\" \/>\n\t<meta property=\"og:image:type\" content=\"image\/jpeg\" \/>\n<meta name=\"twitter:card\" content=\"summary_large_image\" \/>\n<meta name=\"twitter:label1\" content=\"Est. reading time\" \/>\n\t<meta name=\"twitter:data1\" content=\"2 minutes\" \/>\n<script type=\"application\/ld+json\" class=\"yoast-schema-graph\">{\"@context\":\"https:\\\/\\\/schema.org\",\"@graph\":[{\"@type\":\"WebPage\",\"@id\":\"https:\\\/\\\/enviteka.lt\\\/produktas\\\/zarna-protape-tpe-321-armuota-ld\\\/\",\"url\":\"https:\\\/\\\/enviteka.lt\\\/produktas\\\/zarna-protape-tpe-321-armuota-ld\\\/\",\"name\":\"\u017darna PROTAPE TPE 321 ARMUOTA LD - ENVITEKA\",\"isPartOf\":{\"@id\":\"https:\\\/\\\/enviteka.lt\\\/#website\"},\"primaryImageOfPage\":{\"@id\":\"https:\\\/\\\/enviteka.lt\\\/produktas\\\/zarna-protape-tpe-321-armuota-ld\\\/#primaryimage\"},\"image\":{\"@id\":\"https:\\\/\\\/enviteka.lt\\\/produktas\\\/zarna-protape-tpe-321-armuota-ld\\\/#primaryimage\"},\"thumbnailUrl\":\"https:\\\/\\\/enviteka.lt\\\/wp-content\\\/uploads\\\/2025\\\/03\\\/ZARNA_PLASTIKO_PRAMONEI_PROTAPE_321.jpg\",\"datePublished\":\"2025-03-31T13:05:12+00:00\",\"dateModified\":\"2025-07-01T19:56:54+00:00\",\"description\":\"Da\u017enai naudojama prastiko pramon\u0117je, granuli\u0173 d\u017eiovintuvuose, \u0161ildymo sistemose, ventiliacijai ir kitose pramon\u0117s \u0161akose. Pristatymas 1-2 d.d.\",\"breadcrumb\":{\"@id\":\"https:\\\/\\\/enviteka.lt\\\/produktas\\\/zarna-protape-tpe-321-armuota-ld\\\/#breadcrumb\"},\"inLanguage\":\"en-US\",\"potentialAction\":[{\"@type\":\"ReadAction\",\"target\":[\"https:\\\/\\\/enviteka.lt\\\/produktas\\\/zarna-protape-tpe-321-armuota-ld\\\/\"]}]},{\"@type\":\"ImageObject\",\"inLanguage\":\"en-US\",\"@id\":\"https:\\\/\\\/enviteka.lt\\\/produktas\\\/zarna-protape-tpe-321-armuota-ld\\\/#primaryimage\",\"url\":\"https:\\\/\\\/enviteka.lt\\\/wp-content\\\/uploads\\\/2025\\\/03\\\/ZARNA_PLASTIKO_PRAMONEI_PROTAPE_321.jpg\",\"contentUrl\":\"https:\\\/\\\/enviteka.lt\\\/wp-content\\\/uploads\\\/2025\\\/03\\\/ZARNA_PLASTIKO_PRAMONEI_PROTAPE_321.jpg\",\"width\":1304,\"height\":787},{\"@type\":\"BreadcrumbList\",\"@id\":\"https:\\\/\\\/enviteka.lt\\\/produktas\\\/zarna-protape-tpe-321-armuota-ld\\\/#breadcrumb\",\"itemListElement\":[{\"@type\":\"ListItem\",\"position\":1,\"name\":\"Home\",\"item\":\"https:\\\/\\\/enviteka.lt\\\/\"},{\"@type\":\"ListItem\",\"position\":2,\"name\":\"Produktai\",\"item\":\"https:\\\/\\\/enviteka.lt\\\/produktai\\\/\"},{\"@type\":\"ListItem\",\"position\":3,\"name\":\"\u017darna PROTAPE TPE 321 ARMUOTA LD\"}]},{\"@type\":\"WebSite\",\"@id\":\"https:\\\/\\\/enviteka.lt\\\/#website\",\"url\":\"https:\\\/\\\/enviteka.lt\\\/\",\"name\":\"ENVITEKA\",\"description\":\"pramonin\u0117s \u012frangos tiek\u0117jas\",\"publisher\":{\"@id\":\"https:\\\/\\\/enviteka.lt\\\/#organization\"},\"potentialAction\":[{\"@type\":\"SearchAction\",\"target\":{\"@type\":\"EntryPoint\",\"urlTemplate\":\"https:\\\/\\\/enviteka.lt\\\/?s={search_term_string}\"},\"query-input\":{\"@type\":\"PropertyValueSpecification\",\"valueRequired\":true,\"valueName\":\"search_term_string\"}}],\"inLanguage\":\"en-US\"},{\"@type\":\"Organization\",\"@id\":\"https:\\\/\\\/enviteka.lt\\\/#organization\",\"name\":\"ENVITEKA\",\"url\":\"https:\\\/\\\/enviteka.lt\\\/\",\"logo\":{\"@type\":\"ImageObject\",\"inLanguage\":\"en-US\",\"@id\":\"https:\\\/\\\/enviteka.lt\\\/#\\\/schema\\\/logo\\\/image\\\/\",\"url\":\"https:\\\/\\\/enviteka.lt\\\/wp-content\\\/uploads\\\/2024\\\/10\\\/enviteka-high-resolution-logo-transparent-e1742852093377.png\",\"contentUrl\":\"https:\\\/\\\/enviteka.lt\\\/wp-content\\\/uploads\\\/2024\\\/10\\\/enviteka-high-resolution-logo-transparent-e1742852093377.png\",\"width\":424,\"height\":150,\"caption\":\"ENVITEKA\"},\"image\":{\"@id\":\"https:\\\/\\\/enviteka.lt\\\/#\\\/schema\\\/logo\\\/image\\\/\"}}]}<\/script>\n<!-- \/ Yoast SEO plugin. -->","yoast_head_json":{"title":"\u017darna PROTAPE TPE 321 ARMUOTA LD - ENVITEKA","description":"Da\u017enai naudojama prastiko pramon\u0117je, granuli\u0173 d\u017eiovintuvuose, \u0161ildymo sistemose, ventiliacijai ir kitose pramon\u0117s \u0161akose. Pristatymas 1-2 d.d.","robots":{"index":"index","follow":"follow","max-snippet":"max-snippet:-1","max-image-preview":"max-image-preview:large","max-video-preview":"max-video-preview:-1"},"canonical":"https:\/\/enviteka.lt\/en\/product\/zarna-protape-tpe-321-armuota-ld\/","og_locale":"en_US","og_type":"article","og_title":"\u017darna PROTAPE TPE 321 ARMUOTA LD - ENVITEKA","og_description":"Da\u017enai naudojama prastiko pramon\u0117je, granuli\u0173 d\u017eiovintuvuose, \u0161ildymo sistemose, ventiliacijai ir kitose pramon\u0117s \u0161akose. Pristatymas 1-2 d.d.","og_url":"https:\/\/enviteka.lt\/en\/product\/zarna-protape-tpe-321-armuota-ld\/","og_site_name":"ENVITEKA","article_modified_time":"2025-07-01T19:56:54+00:00","og_image":[{"width":1304,"height":787,"url":"https:\/\/enviteka.lt\/wp-content\/uploads\/2025\/03\/ZARNA_PLASTIKO_PRAMONEI_PROTAPE_321.jpg","type":"image\/jpeg"}],"twitter_card":"summary_large_image","twitter_misc":{"Est. reading time":"2 minutes"},"schema":{"@context":"https:\/\/schema.org","@graph":[{"@type":"WebPage","@id":"https:\/\/enviteka.lt\/produktas\/zarna-protape-tpe-321-armuota-ld\/","url":"https:\/\/enviteka.lt\/produktas\/zarna-protape-tpe-321-armuota-ld\/","name":"\u017darna PROTAPE TPE 321 ARMUOTA LD - ENVITEKA","isPartOf":{"@id":"https:\/\/enviteka.lt\/#website"},"primaryImageOfPage":{"@id":"https:\/\/enviteka.lt\/produktas\/zarna-protape-tpe-321-armuota-ld\/#primaryimage"},"image":{"@id":"https:\/\/enviteka.lt\/produktas\/zarna-protape-tpe-321-armuota-ld\/#primaryimage"},"thumbnailUrl":"https:\/\/enviteka.lt\/wp-content\/uploads\/2025\/03\/ZARNA_PLASTIKO_PRAMONEI_PROTAPE_321.jpg","datePublished":"2025-03-31T13:05:12+00:00","dateModified":"2025-07-01T19:56:54+00:00","description":"Da\u017enai naudojama prastiko pramon\u0117je, granuli\u0173 d\u017eiovintuvuose, \u0161ildymo sistemose, ventiliacijai ir kitose pramon\u0117s \u0161akose. Pristatymas 1-2 d.d.","breadcrumb":{"@id":"https:\/\/enviteka.lt\/produktas\/zarna-protape-tpe-321-armuota-ld\/#breadcrumb"},"inLanguage":"en-US","potentialAction":[{"@type":"ReadAction","target":["https:\/\/enviteka.lt\/produktas\/zarna-protape-tpe-321-armuota-ld\/"]}]},{"@type":"ImageObject","inLanguage":"en-US","@id":"https:\/\/enviteka.lt\/produktas\/zarna-protape-tpe-321-armuota-ld\/#primaryimage","url":"https:\/\/enviteka.lt\/wp-content\/uploads\/2025\/03\/ZARNA_PLASTIKO_PRAMONEI_PROTAPE_321.jpg","contentUrl":"https:\/\/enviteka.lt\/wp-content\/uploads\/2025\/03\/ZARNA_PLASTIKO_PRAMONEI_PROTAPE_321.jpg","width":1304,"height":787},{"@type":"BreadcrumbList","@id":"https:\/\/enviteka.lt\/produktas\/zarna-protape-tpe-321-armuota-ld\/#breadcrumb","itemListElement":[{"@type":"ListItem","position":1,"name":"Home","item":"https:\/\/enviteka.lt\/"},{"@type":"ListItem","position":2,"name":"Produktai","item":"https:\/\/enviteka.lt\/produktai\/"},{"@type":"ListItem","position":3,"name":"\u017darna PROTAPE TPE 321 ARMUOTA LD"}]},{"@type":"WebSite","@id":"https:\/\/enviteka.lt\/#website","url":"https:\/\/enviteka.lt\/","name":"ENVITEKA","description":"pramonin\u0117s \u012frangos tiek\u0117jas","publisher":{"@id":"https:\/\/enviteka.lt\/#organization"},"potentialAction":[{"@type":"SearchAction","target":{"@type":"EntryPoint","urlTemplate":"https:\/\/enviteka.lt\/?s={search_term_string}"},"query-input":{"@type":"PropertyValueSpecification","valueRequired":true,"valueName":"search_term_string"}}],"inLanguage":"en-US"},{"@type":"Organization","@id":"https:\/\/enviteka.lt\/#organization","name":"ENVITEKA","url":"https:\/\/enviteka.lt\/","logo":{"@type":"ImageObject","inLanguage":"en-US","@id":"https:\/\/enviteka.lt\/#\/schema\/logo\/image\/","url":"https:\/\/enviteka.lt\/wp-content\/uploads\/2024\/10\/enviteka-high-resolution-logo-transparent-e1742852093377.png","contentUrl":"https:\/\/enviteka.lt\/wp-content\/uploads\/2024\/10\/enviteka-high-resolution-logo-transparent-e1742852093377.png","width":424,"height":150,"caption":"ENVITEKA"},"image":{"@id":"https:\/\/enviteka.lt\/#\/schema\/logo\/image\/"}}]}},"_links":{"self":[{"href":"https:\/\/enviteka.lt\/en\/wp-json\/wp\/v2\/product\/1426","targetHints":{"allow":["GET"]}}],"collection":[{"href":"https:\/\/enviteka.lt\/en\/wp-json\/wp\/v2\/product"}],"about":[{"href":"https:\/\/enviteka.lt\/en\/wp-json\/wp\/v2\/types\/product"}],"wp:featuredmedia":[{"embeddable":true,"href":"https:\/\/enviteka.lt\/en\/wp-json\/wp\/v2\/media\/1427"}],"wp:attachment":[{"href":"https:\/\/enviteka.lt\/en\/wp-json\/wp\/v2\/media?parent=1426"}],"wp:term":[{"taxonomy":"product_brand","embeddable":true,"href":"https:\/\/enviteka.lt\/en\/wp-json\/wp\/v2\/product_brand?post=1426"},{"taxonomy":"product_cat","embeddable":true,"href":"https:\/\/enviteka.lt\/en\/wp-json\/wp\/v2\/product_cat?post=1426"},{"taxonomy":"product_tag","embeddable":true,"href":"https:\/\/enviteka.lt\/en\/wp-json\/wp\/v2\/product_tag?post=1426"}],"curies":[{"name":"wp","href":"https:\/\/api.w.org\/{rel}","templated":true}]}}