{"id":1411,"date":"2025-03-31T12:05:01","date_gmt":"2025-03-31T12:05:01","guid":{"rendered":"https:\/\/enviteka.lt\/?post_type=product&#038;p=1411"},"modified":"2025-04-04T17:15:59","modified_gmt":"2025-04-04T17:15:59","slug":"zarna-norflex-pur-441-robotic","status":"publish","type":"product","link":"https:\/\/enviteka.lt\/en\/product\/zarna-norflex-pur-441-robotic\/","title":{"rendered":"\u017darna NORFLEX PUR 441 ROBOTIC"},"content":{"rendered":"<p><strong>Abrazyvui atspari poliuretano \u017earna\u00a0 pramoniniams robotams, audiniu sustiprinta auk\u0161to sl\u0117gio \u017earna<\/strong><\/p>\n<p><strong>Pritaikymas:<\/strong><\/p>\n<p>Lanksti \u017earna skys\u010diams, dujoms ir abrazyviniams kietiems k\u016bnams perne\u0161ti<\/p>\n<p>\u012epur\u0161kimo formavimo \u012franki\u0173 au\u0161inimas, au\u0161inimo vandens tiekimas<\/p>\n<p>\u017dem\u0117s \u016bkio pramon\u0117: auk\u0161to sl\u0117gio pur\u0161kimo \u017earnos, pavyzd\u017eiui, pesticidams purk\u0161ti<\/p>\n<p>Susl\u0117gto oro \u017earna, au\u0161inimo vandens \u017earna, vandens \u017earna<\/p>\n<p>Pramoniniai robotai, suvirinimo robotai, suvirinimo \u012franga, suvirinimo pistoletai: \u017earnos, atsparios suvirinimo ta\u0161kams, \u017earnos medij\u0173 perdavimui, pavyzd\u017eiui, vandeniui ir orui<\/p>\n<p><strong>Savyb\u0117s:<\/strong><\/p>\n<p>Audiniu sustiprinta<\/p>\n<p>Labai lanksti<\/p>\n<p>Labai atspari abrazyvui<\/p>\n<p>Atspari suspaudimui<\/p>\n<p>Geras atsparumas aliejui, benzino ir chemikalams<\/p>\n<p>Atitinka RoHS gaires<\/p>\n<p>Atitinka REACH reglament\u0105<\/p>\n<p><strong>Temperat\u016bros diapazonas:<\/strong><\/p>\n<p>Nuo -35\u00b0C iki 80\u00b0C<\/p>\n<p>\u012evair\u016bs diametrai nuo ir ilgiai pagal u\u017esakym\u0105<\/p>\n<p>Vidinis skersmuo nuo 9,5 mm iki 19,5 mm, kreipkit\u0117s d\u0117l reikiamo skersmens ir ilgio<\/p>\n<p><strong>Pristatymas: 1-2 d.d.<\/strong><\/p>\n<p>Susisiekite su mumis nor\u0117dami gauti daugiau informacijos ar u\u017esisakyti. Pad\u0117sime pasirinkti geriausi\u0105 sprendim\u0105 pagal j\u016bs\u0173 poreikius, u\u017etikrinsime geriausi\u0105 kain\u0105 rinkoje ir greit\u0105 pristatym\u0105.<\/p>","protected":false},"excerpt":{"rendered":"<p>Abrazyvui atspari poliuretano \u017earna\u00a0 pramoniniams robotams, audiniu sustiprinta auk\u0161to sl\u0117gio \u017earna Pritaikymas: Lanksti \u017earna skys\u010diams, dujoms ir abrazyviniams kietiems k\u016bnams [&hellip;]<\/p>","protected":false},"featured_media":1410,"template":"","meta":{"site-sidebar-layout":"default","site-content-layout":"","ast-site-content-layout":"default","site-content-style":"default","site-sidebar-style":"default","ast-global-header-display":"","ast-banner-title-visibility":"","ast-main-header-display":"","ast-hfb-above-header-display":"","ast-hfb-below-header-display":"","ast-hfb-mobile-header-display":"","site-post-title":"","ast-breadcrumbs-content":"","ast-featured-img":"","footer-sml-layout":"","ast-disable-related-posts":"","theme-transparent-header-meta":"default","adv-header-id-meta":"","stick-header-meta":"","header-above-stick-meta":"","header-main-stick-meta":"","header-below-stick-meta":"","astra-migrate-meta-layouts":"set","ast-page-background-enabled":"default","ast-page-background-meta":{"desktop":{"background-color":"var(--ast-global-color-4)","background-image":"","background-repeat":"repeat","background-position":"center center","background-size":"auto","background-attachment":"scroll","background-type":"","background-media":"","overlay-type":"","overlay-color":"","overlay-opacity":"","overlay-gradient":""},"tablet":{"background-color":"","background-image":"","background-repeat":"repeat","background-position":"center center","background-size":"auto","background-attachment":"scroll","background-type":"","background-media":"","overlay-type":"","overlay-color":"","overlay-opacity":"","overlay-gradient":""},"mobile":{"background-color":"","background-image":"","background-repeat":"repeat","background-position":"center center","background-size":"auto","background-attachment":"scroll","background-type":"","background-media":"","overlay-type":"","overlay-color":"","overlay-opacity":"","overlay-gradient":""}},"ast-content-background-meta":{"desktop":{"background-color":"var(--ast-global-color-5)","background-image":"","background-repeat":"repeat","background-position":"center center","background-size":"auto","background-attachment":"scroll","background-type":"","background-media":"","overlay-type":"","overlay-color":"","overlay-opacity":"","overlay-gradient":""},"tablet":{"background-color":"var(--ast-global-color-5)","background-image":"","background-repeat":"repeat","background-position":"center center","background-size":"auto","background-attachment":"scroll","background-type":"","background-media":"","overlay-type":"","overlay-color":"","overlay-opacity":"","overlay-gradient":""},"mobile":{"background-color":"var(--ast-global-color-5)","background-image":"","background-repeat":"repeat","background-position":"center center","background-size":"auto","background-attachment":"scroll","background-type":"","background-media":"","overlay-type":"","overlay-color":"","overlay-opacity":"","overlay-gradient":""}}},"product_brand":[],"product_cat":[121,124],"product_tag":[],"class_list":{"0":"post-1411","1":"product","2":"type-product","3":"status-publish","4":"has-post-thumbnail","6":"product_cat-poliuretano-zarnos-pu-zarnos","7":"product_cat-suspausto-oro-zarnos","8":"desktop-align-left","9":"tablet-align-left","10":"mobile-align-left","12":"first","13":"instock","14":"shipping-taxable","15":"purchasable","16":"product-type-simple"},"yoast_head":"<!-- This site is optimized with the Yoast SEO plugin v27.3 - https:\/\/yoast.com\/product\/yoast-seo-wordpress\/ -->\n<title>\u017darna NORFLEX PUR 441 ROBOTIC - ENVITEKA<\/title>\n<meta name=\"description\" content=\"Pramoniniai robotai, suvirinimo robotai, suvirinimo \u012franga, suvirinimo pistoletai: \u017earnos, atsparios suvirinimo ta\u0161kams, vandeniui ir orui. Pristatymas 1-2 d.d.\" \/>\n<meta name=\"robots\" content=\"index, follow, max-snippet:-1, max-image-preview:large, max-video-preview:-1\" \/>\n<link rel=\"canonical\" href=\"https:\/\/enviteka.lt\/en\/product\/zarna-norflex-pur-441-robotic\/\" \/>\n<meta property=\"og:locale\" content=\"en_US\" \/>\n<meta property=\"og:type\" content=\"article\" \/>\n<meta property=\"og:title\" content=\"\u017darna NORFLEX PUR 441 ROBOTIC - ENVITEKA\" \/>\n<meta property=\"og:description\" content=\"Pramoniniai robotai, suvirinimo robotai, suvirinimo \u012franga, suvirinimo pistoletai: \u017earnos, atsparios suvirinimo ta\u0161kams, vandeniui ir orui. Pristatymas 1-2 d.d.\" \/>\n<meta property=\"og:url\" content=\"https:\/\/enviteka.lt\/en\/product\/zarna-norflex-pur-441-robotic\/\" \/>\n<meta property=\"og:site_name\" content=\"ENVITEKA\" \/>\n<meta property=\"article:modified_time\" content=\"2025-04-04T17:15:59+00:00\" \/>\n<meta property=\"og:image\" content=\"https:\/\/enviteka.lt\/wp-content\/uploads\/2025\/03\/norflex_zarnele_441.jpg\" \/>\n\t<meta property=\"og:image:width\" content=\"1283\" \/>\n\t<meta property=\"og:image:height\" content=\"783\" \/>\n\t<meta property=\"og:image:type\" content=\"image\/jpeg\" \/>\n<meta name=\"twitter:card\" content=\"summary_large_image\" \/>\n<meta name=\"twitter:label1\" content=\"Est. reading time\" \/>\n\t<meta name=\"twitter:data1\" content=\"1 minute\" \/>\n<script type=\"application\/ld+json\" class=\"yoast-schema-graph\">{\"@context\":\"https:\\\/\\\/schema.org\",\"@graph\":[{\"@type\":\"WebPage\",\"@id\":\"https:\\\/\\\/enviteka.lt\\\/produktas\\\/zarna-norflex-pur-441-robotic\\\/\",\"url\":\"https:\\\/\\\/enviteka.lt\\\/produktas\\\/zarna-norflex-pur-441-robotic\\\/\",\"name\":\"\u017darna NORFLEX PUR 441 ROBOTIC - ENVITEKA\",\"isPartOf\":{\"@id\":\"https:\\\/\\\/enviteka.lt\\\/#website\"},\"primaryImageOfPage\":{\"@id\":\"https:\\\/\\\/enviteka.lt\\\/produktas\\\/zarna-norflex-pur-441-robotic\\\/#primaryimage\"},\"image\":{\"@id\":\"https:\\\/\\\/enviteka.lt\\\/produktas\\\/zarna-norflex-pur-441-robotic\\\/#primaryimage\"},\"thumbnailUrl\":\"https:\\\/\\\/enviteka.lt\\\/wp-content\\\/uploads\\\/2025\\\/03\\\/norflex_zarnele_441.jpg\",\"datePublished\":\"2025-03-31T12:05:01+00:00\",\"dateModified\":\"2025-04-04T17:15:59+00:00\",\"description\":\"Pramoniniai robotai, suvirinimo robotai, suvirinimo \u012franga, suvirinimo pistoletai: \u017earnos, atsparios suvirinimo ta\u0161kams, vandeniui ir orui. Pristatymas 1-2 d.d.\",\"breadcrumb\":{\"@id\":\"https:\\\/\\\/enviteka.lt\\\/produktas\\\/zarna-norflex-pur-441-robotic\\\/#breadcrumb\"},\"inLanguage\":\"en-US\",\"potentialAction\":[{\"@type\":\"ReadAction\",\"target\":[\"https:\\\/\\\/enviteka.lt\\\/produktas\\\/zarna-norflex-pur-441-robotic\\\/\"]}]},{\"@type\":\"ImageObject\",\"inLanguage\":\"en-US\",\"@id\":\"https:\\\/\\\/enviteka.lt\\\/produktas\\\/zarna-norflex-pur-441-robotic\\\/#primaryimage\",\"url\":\"https:\\\/\\\/enviteka.lt\\\/wp-content\\\/uploads\\\/2025\\\/03\\\/norflex_zarnele_441.jpg\",\"contentUrl\":\"https:\\\/\\\/enviteka.lt\\\/wp-content\\\/uploads\\\/2025\\\/03\\\/norflex_zarnele_441.jpg\",\"width\":1283,\"height\":783},{\"@type\":\"BreadcrumbList\",\"@id\":\"https:\\\/\\\/enviteka.lt\\\/produktas\\\/zarna-norflex-pur-441-robotic\\\/#breadcrumb\",\"itemListElement\":[{\"@type\":\"ListItem\",\"position\":1,\"name\":\"Home\",\"item\":\"https:\\\/\\\/enviteka.lt\\\/\"},{\"@type\":\"ListItem\",\"position\":2,\"name\":\"Produktai\",\"item\":\"https:\\\/\\\/enviteka.lt\\\/produktai\\\/\"},{\"@type\":\"ListItem\",\"position\":3,\"name\":\"\u017darna NORFLEX PUR 441 ROBOTIC\"}]},{\"@type\":\"WebSite\",\"@id\":\"https:\\\/\\\/enviteka.lt\\\/#website\",\"url\":\"https:\\\/\\\/enviteka.lt\\\/\",\"name\":\"ENVITEKA\",\"description\":\"pramonin\u0117s \u012frangos tiek\u0117jas\",\"publisher\":{\"@id\":\"https:\\\/\\\/enviteka.lt\\\/#organization\"},\"potentialAction\":[{\"@type\":\"SearchAction\",\"target\":{\"@type\":\"EntryPoint\",\"urlTemplate\":\"https:\\\/\\\/enviteka.lt\\\/?s={search_term_string}\"},\"query-input\":{\"@type\":\"PropertyValueSpecification\",\"valueRequired\":true,\"valueName\":\"search_term_string\"}}],\"inLanguage\":\"en-US\"},{\"@type\":\"Organization\",\"@id\":\"https:\\\/\\\/enviteka.lt\\\/#organization\",\"name\":\"ENVITEKA\",\"url\":\"https:\\\/\\\/enviteka.lt\\\/\",\"logo\":{\"@type\":\"ImageObject\",\"inLanguage\":\"en-US\",\"@id\":\"https:\\\/\\\/enviteka.lt\\\/#\\\/schema\\\/logo\\\/image\\\/\",\"url\":\"https:\\\/\\\/enviteka.lt\\\/wp-content\\\/uploads\\\/2024\\\/10\\\/enviteka-high-resolution-logo-transparent-e1742852093377.png\",\"contentUrl\":\"https:\\\/\\\/enviteka.lt\\\/wp-content\\\/uploads\\\/2024\\\/10\\\/enviteka-high-resolution-logo-transparent-e1742852093377.png\",\"width\":424,\"height\":150,\"caption\":\"ENVITEKA\"},\"image\":{\"@id\":\"https:\\\/\\\/enviteka.lt\\\/#\\\/schema\\\/logo\\\/image\\\/\"}}]}<\/script>\n<!-- \/ Yoast SEO plugin. -->","yoast_head_json":{"title":"\u017darna NORFLEX PUR 441 ROBOTIC - ENVITEKA","description":"Pramoniniai robotai, suvirinimo robotai, suvirinimo \u012franga, suvirinimo pistoletai: \u017earnos, atsparios suvirinimo ta\u0161kams, vandeniui ir orui. Pristatymas 1-2 d.d.","robots":{"index":"index","follow":"follow","max-snippet":"max-snippet:-1","max-image-preview":"max-image-preview:large","max-video-preview":"max-video-preview:-1"},"canonical":"https:\/\/enviteka.lt\/en\/product\/zarna-norflex-pur-441-robotic\/","og_locale":"en_US","og_type":"article","og_title":"\u017darna NORFLEX PUR 441 ROBOTIC - ENVITEKA","og_description":"Pramoniniai robotai, suvirinimo robotai, suvirinimo \u012franga, suvirinimo pistoletai: \u017earnos, atsparios suvirinimo ta\u0161kams, vandeniui ir orui. Pristatymas 1-2 d.d.","og_url":"https:\/\/enviteka.lt\/en\/product\/zarna-norflex-pur-441-robotic\/","og_site_name":"ENVITEKA","article_modified_time":"2025-04-04T17:15:59+00:00","og_image":[{"width":1283,"height":783,"url":"https:\/\/enviteka.lt\/wp-content\/uploads\/2025\/03\/norflex_zarnele_441.jpg","type":"image\/jpeg"}],"twitter_card":"summary_large_image","twitter_misc":{"Est. reading time":"1 minute"},"schema":{"@context":"https:\/\/schema.org","@graph":[{"@type":"WebPage","@id":"https:\/\/enviteka.lt\/produktas\/zarna-norflex-pur-441-robotic\/","url":"https:\/\/enviteka.lt\/produktas\/zarna-norflex-pur-441-robotic\/","name":"\u017darna NORFLEX PUR 441 ROBOTIC - ENVITEKA","isPartOf":{"@id":"https:\/\/enviteka.lt\/#website"},"primaryImageOfPage":{"@id":"https:\/\/enviteka.lt\/produktas\/zarna-norflex-pur-441-robotic\/#primaryimage"},"image":{"@id":"https:\/\/enviteka.lt\/produktas\/zarna-norflex-pur-441-robotic\/#primaryimage"},"thumbnailUrl":"https:\/\/enviteka.lt\/wp-content\/uploads\/2025\/03\/norflex_zarnele_441.jpg","datePublished":"2025-03-31T12:05:01+00:00","dateModified":"2025-04-04T17:15:59+00:00","description":"Pramoniniai robotai, suvirinimo robotai, suvirinimo \u012franga, suvirinimo pistoletai: \u017earnos, atsparios suvirinimo ta\u0161kams, vandeniui ir orui. Pristatymas 1-2 d.d.","breadcrumb":{"@id":"https:\/\/enviteka.lt\/produktas\/zarna-norflex-pur-441-robotic\/#breadcrumb"},"inLanguage":"en-US","potentialAction":[{"@type":"ReadAction","target":["https:\/\/enviteka.lt\/produktas\/zarna-norflex-pur-441-robotic\/"]}]},{"@type":"ImageObject","inLanguage":"en-US","@id":"https:\/\/enviteka.lt\/produktas\/zarna-norflex-pur-441-robotic\/#primaryimage","url":"https:\/\/enviteka.lt\/wp-content\/uploads\/2025\/03\/norflex_zarnele_441.jpg","contentUrl":"https:\/\/enviteka.lt\/wp-content\/uploads\/2025\/03\/norflex_zarnele_441.jpg","width":1283,"height":783},{"@type":"BreadcrumbList","@id":"https:\/\/enviteka.lt\/produktas\/zarna-norflex-pur-441-robotic\/#breadcrumb","itemListElement":[{"@type":"ListItem","position":1,"name":"Home","item":"https:\/\/enviteka.lt\/"},{"@type":"ListItem","position":2,"name":"Produktai","item":"https:\/\/enviteka.lt\/produktai\/"},{"@type":"ListItem","position":3,"name":"\u017darna NORFLEX PUR 441 ROBOTIC"}]},{"@type":"WebSite","@id":"https:\/\/enviteka.lt\/#website","url":"https:\/\/enviteka.lt\/","name":"ENVITEKA","description":"pramonin\u0117s \u012frangos tiek\u0117jas","publisher":{"@id":"https:\/\/enviteka.lt\/#organization"},"potentialAction":[{"@type":"SearchAction","target":{"@type":"EntryPoint","urlTemplate":"https:\/\/enviteka.lt\/?s={search_term_string}"},"query-input":{"@type":"PropertyValueSpecification","valueRequired":true,"valueName":"search_term_string"}}],"inLanguage":"en-US"},{"@type":"Organization","@id":"https:\/\/enviteka.lt\/#organization","name":"ENVITEKA","url":"https:\/\/enviteka.lt\/","logo":{"@type":"ImageObject","inLanguage":"en-US","@id":"https:\/\/enviteka.lt\/#\/schema\/logo\/image\/","url":"https:\/\/enviteka.lt\/wp-content\/uploads\/2024\/10\/enviteka-high-resolution-logo-transparent-e1742852093377.png","contentUrl":"https:\/\/enviteka.lt\/wp-content\/uploads\/2024\/10\/enviteka-high-resolution-logo-transparent-e1742852093377.png","width":424,"height":150,"caption":"ENVITEKA"},"image":{"@id":"https:\/\/enviteka.lt\/#\/schema\/logo\/image\/"}}]}},"_links":{"self":[{"href":"https:\/\/enviteka.lt\/en\/wp-json\/wp\/v2\/product\/1411","targetHints":{"allow":["GET"]}}],"collection":[{"href":"https:\/\/enviteka.lt\/en\/wp-json\/wp\/v2\/product"}],"about":[{"href":"https:\/\/enviteka.lt\/en\/wp-json\/wp\/v2\/types\/product"}],"wp:featuredmedia":[{"embeddable":true,"href":"https:\/\/enviteka.lt\/en\/wp-json\/wp\/v2\/media\/1410"}],"wp:attachment":[{"href":"https:\/\/enviteka.lt\/en\/wp-json\/wp\/v2\/media?parent=1411"}],"wp:term":[{"taxonomy":"product_brand","embeddable":true,"href":"https:\/\/enviteka.lt\/en\/wp-json\/wp\/v2\/product_brand?post=1411"},{"taxonomy":"product_cat","embeddable":true,"href":"https:\/\/enviteka.lt\/en\/wp-json\/wp\/v2\/product_cat?post=1411"},{"taxonomy":"product_tag","embeddable":true,"href":"https:\/\/enviteka.lt\/en\/wp-json\/wp\/v2\/product_tag?post=1411"}],"curies":[{"name":"wp","href":"https:\/\/api.w.org\/{rel}","templated":true}]}}