{"id":1401,"date":"2025-03-31T11:37:53","date_gmt":"2025-03-31T11:37:53","guid":{"rendered":"https:\/\/enviteka.lt\/?post_type=product&#038;p=1401"},"modified":"2025-04-03T18:04:28","modified_gmt":"2025-04-03T18:04:28","slug":"zarna-cp-hitex-483","status":"publish","type":"product","link":"https:\/\/enviteka.lt\/en\/product\/zarna-cp-hitex-483\/","title":{"rendered":"\u017darna CP HITEX 483"},"content":{"rendered":"<p><strong>Auk\u0161tos temperat\u016bros \u017earna, daugiasluoksn\u0117, izoliuojanti (iki 1.100\u00b0C)<\/strong><\/p>\n<p><strong>Pritaikymas:<\/strong><\/p>\n<p>Lankst\u016bs vamzd\u017eiai \/ kanaliniai jungiamieji elementai, skirti kar\u0161toms ir \u0161altoms dujoms<\/p>\n<p>Transporto priemoni\u0173 i\u0161metimo duj\u0173 sistemos, automobili\u0173 i\u0161metimo duj\u0173 surinkimas: ritin\u0117lio sistema, plyteli\u0173 grind\u0173 kanalai, po\u017eemin\u0117 i\u0161metimo sistema<\/p>\n<p>Variklio bandymo stendas, i\u0161metam\u0173j\u0173 duj\u0173 matavimas<\/p>\n<p>Auk\u0161tos temperat\u016bros i\u0161traukimas: orkait\u0117s, liejimo, krosnys, lydinimo, keramikos pramon\u0117, stiklo pramon\u0117, plieno gamyklos, aliuminio perdirbimo cechai<\/p>\n<p><strong>Savyb\u0117s:<\/strong><\/p>\n<p>Puiki apsauga nuo skrendan\u010di\u0173 kibirk\u0161\u010di\u0173 ir suvirinimo kibirk\u0161\u010di\u0173<\/p>\n<p>Apsauga nuo nusid\u0117v\u0117jimo<\/p>\n<p>Saugus sienos u\u017espaudimas<\/p>\n<p>I\u0161skirtinis atsparumas kar\u0161\u010diui<\/p>\n<p>Atitinka RoHS gaires<\/p>\n<p>Atitinka REACH reglament\u0105<\/p>\n<p><strong>Temperat\u016bros diapazonas:<\/strong><\/p>\n<p>Nuo -60\u00b0C iki 900\u00b0C<\/p>\n<p>Trumpam laikui iki 1.100\u00b0C<\/p>\n<p>Profil\u012f palaikanti spiral\u0117: visi\u0161kai ner\u016bdijantis plienas (INOX)<\/p>\n<p>Daugiasluoksn\u0117 \u017earn\u0173 siena:<\/p>\n<p>Vidinis sluoksnis: ner\u016bdijantis plienas, sustiprintas viela ir specialiai dengtas stiklo audinys<\/p>\n<p>Termoizoliacinis audinys<\/p>\n<p>I\u0161orinis sluoksnis: specialiai dengtas stiklo audinys<\/p>\n<p>\u012evair\u016bs diametrai nuo ir ilgiai pagal u\u017esakym\u0105<\/p>\n<p>Vidinis skersmuo nuo 100 mm iki 500 mm, kreipkit\u0117s d\u0117l reikiamo skersmens ir ilgio<\/p>\n<p><strong>Pristatymas: 1-2 d.d.<\/strong><\/p>\n<p>Susisiekite su mumis nor\u0117dami gauti daugiau informacijos ar u\u017esisakyti. Pad\u0117sime pasirinkti geriausi\u0105 sprendim\u0105 pagal j\u016bs\u0173 poreikius, u\u017etikrinsime geriausi\u0105 kain\u0105 rinkoje ir greit\u0105 pristatym\u0105.<\/p>","protected":false},"excerpt":{"rendered":"<p>Auk\u0161tos temperat\u016bros \u017earna, daugiasluoksn\u0117, izoliuojanti (iki 1.100\u00b0C) Pritaikymas: Lankst\u016bs vamzd\u017eiai \/ kanaliniai jungiamieji elementai, skirti kar\u0161toms ir \u0161altoms dujoms Transporto [&hellip;]<\/p>","protected":false},"featured_media":1402,"template":"","meta":{"site-sidebar-layout":"default","site-content-layout":"","ast-site-content-layout":"default","site-content-style":"default","site-sidebar-style":"default","ast-global-header-display":"","ast-banner-title-visibility":"","ast-main-header-display":"","ast-hfb-above-header-display":"","ast-hfb-below-header-display":"","ast-hfb-mobile-header-display":"","site-post-title":"","ast-breadcrumbs-content":"","ast-featured-img":"","footer-sml-layout":"","ast-disable-related-posts":"","theme-transparent-header-meta":"default","adv-header-id-meta":"","stick-header-meta":"","header-above-stick-meta":"","header-main-stick-meta":"","header-below-stick-meta":"","astra-migrate-meta-layouts":"set","ast-page-background-enabled":"default","ast-page-background-meta":{"desktop":{"background-color":"var(--ast-global-color-4)","background-image":"","background-repeat":"repeat","background-position":"center center","background-size":"auto","background-attachment":"scroll","background-type":"","background-media":"","overlay-type":"","overlay-color":"","overlay-opacity":"","overlay-gradient":""},"tablet":{"background-color":"","background-image":"","background-repeat":"repeat","background-position":"center center","background-size":"auto","background-attachment":"scroll","background-type":"","background-media":"","overlay-type":"","overlay-color":"","overlay-opacity":"","overlay-gradient":""},"mobile":{"background-color":"","background-image":"","background-repeat":"repeat","background-position":"center center","background-size":"auto","background-attachment":"scroll","background-type":"","background-media":"","overlay-type":"","overlay-color":"","overlay-opacity":"","overlay-gradient":""}},"ast-content-background-meta":{"desktop":{"background-color":"var(--ast-global-color-5)","background-image":"","background-repeat":"repeat","background-position":"center center","background-size":"auto","background-attachment":"scroll","background-type":"","background-media":"","overlay-type":"","overlay-color":"","overlay-opacity":"","overlay-gradient":""},"tablet":{"background-color":"var(--ast-global-color-5)","background-image":"","background-repeat":"repeat","background-position":"center center","background-size":"auto","background-attachment":"scroll","background-type":"","background-media":"","overlay-type":"","overlay-color":"","overlay-opacity":"","overlay-gradient":""},"mobile":{"background-color":"var(--ast-global-color-5)","background-image":"","background-repeat":"repeat","background-position":"center center","background-size":"auto","background-attachment":"scroll","background-type":"","background-media":"","overlay-type":"","overlay-color":"","overlay-opacity":"","overlay-gradient":""}}},"product_brand":[],"product_cat":[125],"product_tag":[],"class_list":{"0":"post-1401","1":"product","2":"type-product","3":"status-publish","4":"has-post-thumbnail","6":"product_cat-medziagines-zarnos","7":"desktop-align-left","8":"tablet-align-left","9":"mobile-align-left","11":"first","12":"instock","13":"shipping-taxable","14":"purchasable","15":"product-type-simple"},"yoast_head":"<!-- This site is optimized with the Yoast SEO plugin v27.3 - https:\/\/yoast.com\/product\/yoast-seo-wordpress\/ -->\n<title>\u017darna CP HITEX 483 - ENVITEKA<\/title>\n<meta name=\"description\" content=\"Auk\u0161tos temperat\u016bros (iki 1.100\u00b0C) i\u0161traukimas: orkait\u0117s, liejimo, krosnys, lydinimo, keramikos pramon\u0117, stiklo pramon\u0117, plieno gamyklos, aliuminio perdirbimo cechai. Specialiai dengtas stiklo audinys. Pristatymas 1-2 d.d.\" \/>\n<meta name=\"robots\" content=\"index, follow, max-snippet:-1, max-image-preview:large, max-video-preview:-1\" \/>\n<link rel=\"canonical\" href=\"https:\/\/enviteka.lt\/en\/product\/zarna-cp-hitex-483\/\" \/>\n<meta property=\"og:locale\" content=\"en_US\" \/>\n<meta property=\"og:type\" content=\"article\" \/>\n<meta property=\"og:title\" content=\"\u017darna CP HITEX 483 - ENVITEKA\" \/>\n<meta property=\"og:description\" content=\"Auk\u0161tos temperat\u016bros (iki 1.100\u00b0C) i\u0161traukimas: orkait\u0117s, liejimo, krosnys, lydinimo, keramikos pramon\u0117, stiklo pramon\u0117, plieno gamyklos, aliuminio perdirbimo cechai. Specialiai dengtas stiklo audinys. Pristatymas 1-2 d.d.\" \/>\n<meta property=\"og:url\" content=\"https:\/\/enviteka.lt\/en\/product\/zarna-cp-hitex-483\/\" \/>\n<meta property=\"og:site_name\" content=\"ENVITEKA\" \/>\n<meta property=\"article:modified_time\" content=\"2025-04-03T18:04:28+00:00\" \/>\n<meta property=\"og:image\" content=\"https:\/\/enviteka.lt\/wp-content\/uploads\/2025\/03\/zarna_hitec_483.jpg\" \/>\n\t<meta property=\"og:image:width\" content=\"964\" \/>\n\t<meta property=\"og:image:height\" content=\"570\" \/>\n\t<meta property=\"og:image:type\" content=\"image\/jpeg\" \/>\n<meta name=\"twitter:card\" content=\"summary_large_image\" \/>\n<meta name=\"twitter:label1\" content=\"Est. reading time\" \/>\n\t<meta name=\"twitter:data1\" content=\"2 minutes\" \/>\n<script type=\"application\/ld+json\" class=\"yoast-schema-graph\">{\"@context\":\"https:\\\/\\\/schema.org\",\"@graph\":[{\"@type\":\"WebPage\",\"@id\":\"https:\\\/\\\/enviteka.lt\\\/produktas\\\/zarna-cp-hitex-483\\\/\",\"url\":\"https:\\\/\\\/enviteka.lt\\\/produktas\\\/zarna-cp-hitex-483\\\/\",\"name\":\"\u017darna CP HITEX 483 - ENVITEKA\",\"isPartOf\":{\"@id\":\"https:\\\/\\\/enviteka.lt\\\/#website\"},\"primaryImageOfPage\":{\"@id\":\"https:\\\/\\\/enviteka.lt\\\/produktas\\\/zarna-cp-hitex-483\\\/#primaryimage\"},\"image\":{\"@id\":\"https:\\\/\\\/enviteka.lt\\\/produktas\\\/zarna-cp-hitex-483\\\/#primaryimage\"},\"thumbnailUrl\":\"https:\\\/\\\/enviteka.lt\\\/wp-content\\\/uploads\\\/2025\\\/03\\\/zarna_hitec_483.jpg\",\"datePublished\":\"2025-03-31T11:37:53+00:00\",\"dateModified\":\"2025-04-03T18:04:28+00:00\",\"description\":\"Auk\u0161tos temperat\u016bros (iki 1.100\u00b0C) i\u0161traukimas: orkait\u0117s, liejimo, krosnys, lydinimo, keramikos pramon\u0117, stiklo pramon\u0117, plieno gamyklos, aliuminio perdirbimo cechai. Specialiai dengtas stiklo audinys. Pristatymas 1-2 d.d.\",\"breadcrumb\":{\"@id\":\"https:\\\/\\\/enviteka.lt\\\/produktas\\\/zarna-cp-hitex-483\\\/#breadcrumb\"},\"inLanguage\":\"en-US\",\"potentialAction\":[{\"@type\":\"ReadAction\",\"target\":[\"https:\\\/\\\/enviteka.lt\\\/produktas\\\/zarna-cp-hitex-483\\\/\"]}]},{\"@type\":\"ImageObject\",\"inLanguage\":\"en-US\",\"@id\":\"https:\\\/\\\/enviteka.lt\\\/produktas\\\/zarna-cp-hitex-483\\\/#primaryimage\",\"url\":\"https:\\\/\\\/enviteka.lt\\\/wp-content\\\/uploads\\\/2025\\\/03\\\/zarna_hitec_483.jpg\",\"contentUrl\":\"https:\\\/\\\/enviteka.lt\\\/wp-content\\\/uploads\\\/2025\\\/03\\\/zarna_hitec_483.jpg\",\"width\":964,\"height\":570},{\"@type\":\"BreadcrumbList\",\"@id\":\"https:\\\/\\\/enviteka.lt\\\/produktas\\\/zarna-cp-hitex-483\\\/#breadcrumb\",\"itemListElement\":[{\"@type\":\"ListItem\",\"position\":1,\"name\":\"Home\",\"item\":\"https:\\\/\\\/enviteka.lt\\\/\"},{\"@type\":\"ListItem\",\"position\":2,\"name\":\"Produktai\",\"item\":\"https:\\\/\\\/enviteka.lt\\\/produktai\\\/\"},{\"@type\":\"ListItem\",\"position\":3,\"name\":\"\u017darna CP HITEX 483\"}]},{\"@type\":\"WebSite\",\"@id\":\"https:\\\/\\\/enviteka.lt\\\/#website\",\"url\":\"https:\\\/\\\/enviteka.lt\\\/\",\"name\":\"ENVITEKA\",\"description\":\"pramonin\u0117s \u012frangos tiek\u0117jas\",\"publisher\":{\"@id\":\"https:\\\/\\\/enviteka.lt\\\/#organization\"},\"potentialAction\":[{\"@type\":\"SearchAction\",\"target\":{\"@type\":\"EntryPoint\",\"urlTemplate\":\"https:\\\/\\\/enviteka.lt\\\/?s={search_term_string}\"},\"query-input\":{\"@type\":\"PropertyValueSpecification\",\"valueRequired\":true,\"valueName\":\"search_term_string\"}}],\"inLanguage\":\"en-US\"},{\"@type\":\"Organization\",\"@id\":\"https:\\\/\\\/enviteka.lt\\\/#organization\",\"name\":\"ENVITEKA\",\"url\":\"https:\\\/\\\/enviteka.lt\\\/\",\"logo\":{\"@type\":\"ImageObject\",\"inLanguage\":\"en-US\",\"@id\":\"https:\\\/\\\/enviteka.lt\\\/#\\\/schema\\\/logo\\\/image\\\/\",\"url\":\"https:\\\/\\\/enviteka.lt\\\/wp-content\\\/uploads\\\/2024\\\/10\\\/enviteka-high-resolution-logo-transparent-e1742852093377.png\",\"contentUrl\":\"https:\\\/\\\/enviteka.lt\\\/wp-content\\\/uploads\\\/2024\\\/10\\\/enviteka-high-resolution-logo-transparent-e1742852093377.png\",\"width\":424,\"height\":150,\"caption\":\"ENVITEKA\"},\"image\":{\"@id\":\"https:\\\/\\\/enviteka.lt\\\/#\\\/schema\\\/logo\\\/image\\\/\"}}]}<\/script>\n<!-- \/ Yoast SEO plugin. -->","yoast_head_json":{"title":"\u017darna CP HITEX 483 - ENVITEKA","description":"Auk\u0161tos temperat\u016bros (iki 1.100\u00b0C) i\u0161traukimas: orkait\u0117s, liejimo, krosnys, lydinimo, keramikos pramon\u0117, stiklo pramon\u0117, plieno gamyklos, aliuminio perdirbimo cechai. Specialiai dengtas stiklo audinys. Pristatymas 1-2 d.d.","robots":{"index":"index","follow":"follow","max-snippet":"max-snippet:-1","max-image-preview":"max-image-preview:large","max-video-preview":"max-video-preview:-1"},"canonical":"https:\/\/enviteka.lt\/en\/product\/zarna-cp-hitex-483\/","og_locale":"en_US","og_type":"article","og_title":"\u017darna CP HITEX 483 - ENVITEKA","og_description":"Auk\u0161tos temperat\u016bros (iki 1.100\u00b0C) i\u0161traukimas: orkait\u0117s, liejimo, krosnys, lydinimo, keramikos pramon\u0117, stiklo pramon\u0117, plieno gamyklos, aliuminio perdirbimo cechai. Specialiai dengtas stiklo audinys. Pristatymas 1-2 d.d.","og_url":"https:\/\/enviteka.lt\/en\/product\/zarna-cp-hitex-483\/","og_site_name":"ENVITEKA","article_modified_time":"2025-04-03T18:04:28+00:00","og_image":[{"width":964,"height":570,"url":"https:\/\/enviteka.lt\/wp-content\/uploads\/2025\/03\/zarna_hitec_483.jpg","type":"image\/jpeg"}],"twitter_card":"summary_large_image","twitter_misc":{"Est. reading time":"2 minutes"},"schema":{"@context":"https:\/\/schema.org","@graph":[{"@type":"WebPage","@id":"https:\/\/enviteka.lt\/produktas\/zarna-cp-hitex-483\/","url":"https:\/\/enviteka.lt\/produktas\/zarna-cp-hitex-483\/","name":"\u017darna CP HITEX 483 - ENVITEKA","isPartOf":{"@id":"https:\/\/enviteka.lt\/#website"},"primaryImageOfPage":{"@id":"https:\/\/enviteka.lt\/produktas\/zarna-cp-hitex-483\/#primaryimage"},"image":{"@id":"https:\/\/enviteka.lt\/produktas\/zarna-cp-hitex-483\/#primaryimage"},"thumbnailUrl":"https:\/\/enviteka.lt\/wp-content\/uploads\/2025\/03\/zarna_hitec_483.jpg","datePublished":"2025-03-31T11:37:53+00:00","dateModified":"2025-04-03T18:04:28+00:00","description":"Auk\u0161tos temperat\u016bros (iki 1.100\u00b0C) i\u0161traukimas: orkait\u0117s, liejimo, krosnys, lydinimo, keramikos pramon\u0117, stiklo pramon\u0117, plieno gamyklos, aliuminio perdirbimo cechai. Specialiai dengtas stiklo audinys. Pristatymas 1-2 d.d.","breadcrumb":{"@id":"https:\/\/enviteka.lt\/produktas\/zarna-cp-hitex-483\/#breadcrumb"},"inLanguage":"en-US","potentialAction":[{"@type":"ReadAction","target":["https:\/\/enviteka.lt\/produktas\/zarna-cp-hitex-483\/"]}]},{"@type":"ImageObject","inLanguage":"en-US","@id":"https:\/\/enviteka.lt\/produktas\/zarna-cp-hitex-483\/#primaryimage","url":"https:\/\/enviteka.lt\/wp-content\/uploads\/2025\/03\/zarna_hitec_483.jpg","contentUrl":"https:\/\/enviteka.lt\/wp-content\/uploads\/2025\/03\/zarna_hitec_483.jpg","width":964,"height":570},{"@type":"BreadcrumbList","@id":"https:\/\/enviteka.lt\/produktas\/zarna-cp-hitex-483\/#breadcrumb","itemListElement":[{"@type":"ListItem","position":1,"name":"Home","item":"https:\/\/enviteka.lt\/"},{"@type":"ListItem","position":2,"name":"Produktai","item":"https:\/\/enviteka.lt\/produktai\/"},{"@type":"ListItem","position":3,"name":"\u017darna CP HITEX 483"}]},{"@type":"WebSite","@id":"https:\/\/enviteka.lt\/#website","url":"https:\/\/enviteka.lt\/","name":"ENVITEKA","description":"pramonin\u0117s \u012frangos tiek\u0117jas","publisher":{"@id":"https:\/\/enviteka.lt\/#organization"},"potentialAction":[{"@type":"SearchAction","target":{"@type":"EntryPoint","urlTemplate":"https:\/\/enviteka.lt\/?s={search_term_string}"},"query-input":{"@type":"PropertyValueSpecification","valueRequired":true,"valueName":"search_term_string"}}],"inLanguage":"en-US"},{"@type":"Organization","@id":"https:\/\/enviteka.lt\/#organization","name":"ENVITEKA","url":"https:\/\/enviteka.lt\/","logo":{"@type":"ImageObject","inLanguage":"en-US","@id":"https:\/\/enviteka.lt\/#\/schema\/logo\/image\/","url":"https:\/\/enviteka.lt\/wp-content\/uploads\/2024\/10\/enviteka-high-resolution-logo-transparent-e1742852093377.png","contentUrl":"https:\/\/enviteka.lt\/wp-content\/uploads\/2024\/10\/enviteka-high-resolution-logo-transparent-e1742852093377.png","width":424,"height":150,"caption":"ENVITEKA"},"image":{"@id":"https:\/\/enviteka.lt\/#\/schema\/logo\/image\/"}}]}},"_links":{"self":[{"href":"https:\/\/enviteka.lt\/en\/wp-json\/wp\/v2\/product\/1401","targetHints":{"allow":["GET"]}}],"collection":[{"href":"https:\/\/enviteka.lt\/en\/wp-json\/wp\/v2\/product"}],"about":[{"href":"https:\/\/enviteka.lt\/en\/wp-json\/wp\/v2\/types\/product"}],"wp:featuredmedia":[{"embeddable":true,"href":"https:\/\/enviteka.lt\/en\/wp-json\/wp\/v2\/media\/1402"}],"wp:attachment":[{"href":"https:\/\/enviteka.lt\/en\/wp-json\/wp\/v2\/media?parent=1401"}],"wp:term":[{"taxonomy":"product_brand","embeddable":true,"href":"https:\/\/enviteka.lt\/en\/wp-json\/wp\/v2\/product_brand?post=1401"},{"taxonomy":"product_cat","embeddable":true,"href":"https:\/\/enviteka.lt\/en\/wp-json\/wp\/v2\/product_cat?post=1401"},{"taxonomy":"product_tag","embeddable":true,"href":"https:\/\/enviteka.lt\/en\/wp-json\/wp\/v2\/product_tag?post=1401"}],"curies":[{"name":"wp","href":"https:\/\/api.w.org\/{rel}","templated":true}]}}