{"id":1371,"date":"2025-03-31T10:00:42","date_gmt":"2025-03-31T10:00:42","guid":{"rendered":"https:\/\/enviteka.lt\/?post_type=product&#038;p=1371"},"modified":"2025-04-04T17:26:11","modified_gmt":"2025-04-04T17:26:11","slug":"zarna-airdur-pur-356-ec-xhd","status":"publish","type":"product","link":"https:\/\/enviteka.lt\/en\/product\/zarna-airdur-pur-356-ec-xhd\/","title":{"rendered":"\u017darna AIRDUR PUR 356 EC XHD"},"content":{"rendered":"<p><strong>Elektrai laidi poliuretano \u017earna, sunki<\/strong><\/p>\n<p><strong>Panaudojimas:<\/strong><\/p>\n<p>\u017darna skirta dideliam abrazyvini\u0173 biri\u0173 med\u017eiag\u0173, granuli\u0173 ir akmen\u0173 pralaidumui.<\/p>\n<p>Siurbimo automobiliai, pramoninis valymas, krosni\u0173 valymas.<\/p>\n<p>Anglies kasykla, kasybos darbai, tuneliai: v\u0117dinimas, metano i\u0161gavimas.<\/p>\n<p>\u017daliav\u0173 transportavimo \u017earna miltams, granuliams, sm\u0117liui, kvarcui, \u017evyriui, skeveldrams ir dro\u017el\u0117ms.<\/p>\n<p>Silosai ir cisternos: siloso krovimas ir i\u0161krovimas.<\/p>\n<p><strong>Savyb\u0117s:<\/strong><\/p>\n<p>Ypa\u010d sunkiosios kategorijos.<\/p>\n<p>Itin abrazyviai atspari, su sustiprinimu po vielos ir siauru \u017earnos \u017eingsniu.<\/p>\n<p>Geras atsparumas alyvoms, benzinui ir chemikalams.<\/p>\n<p>Labai gera \u017eemos temperat\u016bros lankstumas.<\/p>\n<p>Elektros laid\u017eios sienel\u0117s: elektrin\u0117 ir pavir\u0161iaus var\u017ea &lt;10\u00b3\u2126 (pagal NFPA 652 &lt;10\u2076 \u2126).<\/p>\n<p>Atitinka ATEX 2014\/34\/EU (1999\/92\/EC) ir Vokietijos TRGS 727: pneumatinis degi\u0173 dulki\u0173 ir biri\u0173 med\u017eiag\u0173 transportavimas (zona 20, 21, 22 viduje), degi\u0173 dulki\u0173 aspiracija (zona 22 viduje).<\/p>\n<p>Pagal DIN 26057 tipo 4.<\/p>\n<p><strong>Temperat\u016bros diapazonas:<\/strong><\/p>\n<p>Nuo -40\u00b0C iki 90\u00b0C.<\/p>\n<p><strong>Konstrukcija:<\/strong><\/p>\n<p>AIRDUC\u00ae profilio \u017earna:<\/p>\n<p>Plienin\u0117 viela tvirtai \u012fkomponuota \u012f sienel\u0119.<\/p>\n<p>Sienel\u0117: elektros laidus premium\u00a0 poliuretanas (Pre-PUR\u00ae).<\/p>\n<p>Sienel\u0117s storis: apie 2,0 iki 2,5 mm.<\/p>\n<p>\u012evair\u016bs diametrai nuo ir ilgiai pagal u\u017esakym\u0105<\/p>\n<p>Vidinis skersmuo nuo 40 mm iki 100 mm, kreipkit\u0117s d\u0117l reikiamo skersmens ir ilgio<\/p>\n<p><strong>Pristatymas: 1-2 d.d.<\/strong><\/p>\n<p>Susisiekite su mumis nor\u0117dami gauti daugiau informacijos ar u\u017esisakyti. Pad\u0117sime pasirinkti geriausi\u0105 sprendim\u0105 pagal j\u016bs\u0173 poreikius, u\u017etikrinsime geriausi\u0105 kain\u0105 rinkoje ir greit\u0105 pristatym\u0105.<\/p>","protected":false},"excerpt":{"rendered":"<p>Elektrai laidi poliuretano \u017earna, sunki Panaudojimas: \u017darna skirta dideliam abrazyvini\u0173 biri\u0173 med\u017eiag\u0173, granuli\u0173 ir akmen\u0173 pralaidumui. Siurbimo automobiliai, pramoninis valymas, [&hellip;]<\/p>","protected":false},"featured_media":1373,"template":"","meta":{"site-sidebar-layout":"default","site-content-layout":"","ast-site-content-layout":"default","site-content-style":"default","site-sidebar-style":"default","ast-global-header-display":"","ast-banner-title-visibility":"","ast-main-header-display":"","ast-hfb-above-header-display":"","ast-hfb-below-header-display":"","ast-hfb-mobile-header-display":"","site-post-title":"","ast-breadcrumbs-content":"","ast-featured-img":"","footer-sml-layout":"","ast-disable-related-posts":"","theme-transparent-header-meta":"default","adv-header-id-meta":"","stick-header-meta":"","header-above-stick-meta":"","header-main-stick-meta":"","header-below-stick-meta":"","astra-migrate-meta-layouts":"set","ast-page-background-enabled":"default","ast-page-background-meta":{"desktop":{"background-color":"var(--ast-global-color-4)","background-image":"","background-repeat":"repeat","background-position":"center center","background-size":"auto","background-attachment":"scroll","background-type":"","background-media":"","overlay-type":"","overlay-color":"","overlay-opacity":"","overlay-gradient":""},"tablet":{"background-color":"","background-image":"","background-repeat":"repeat","background-position":"center center","background-size":"auto","background-attachment":"scroll","background-type":"","background-media":"","overlay-type":"","overlay-color":"","overlay-opacity":"","overlay-gradient":""},"mobile":{"background-color":"","background-image":"","background-repeat":"repeat","background-position":"center center","background-size":"auto","background-attachment":"scroll","background-type":"","background-media":"","overlay-type":"","overlay-color":"","overlay-opacity":"","overlay-gradient":""}},"ast-content-background-meta":{"desktop":{"background-color":"var(--ast-global-color-5)","background-image":"","background-repeat":"repeat","background-position":"center center","background-size":"auto","background-attachment":"scroll","background-type":"","background-media":"","overlay-type":"","overlay-color":"","overlay-opacity":"","overlay-gradient":""},"tablet":{"background-color":"var(--ast-global-color-5)","background-image":"","background-repeat":"repeat","background-position":"center center","background-size":"auto","background-attachment":"scroll","background-type":"","background-media":"","overlay-type":"","overlay-color":"","overlay-opacity":"","overlay-gradient":""},"mobile":{"background-color":"var(--ast-global-color-5)","background-image":"","background-repeat":"repeat","background-position":"center center","background-size":"auto","background-attachment":"scroll","background-type":"","background-media":"","overlay-type":"","overlay-color":"","overlay-opacity":"","overlay-gradient":""}}},"product_brand":[],"product_cat":[123,121],"product_tag":[],"class_list":{"0":"post-1371","1":"product","2":"type-product","3":"status-publish","4":"has-post-thumbnail","6":"product_cat-elektrostatiniui-kruviui-laidzios-zarnos","7":"product_cat-poliuretano-zarnos-pu-zarnos","8":"desktop-align-left","9":"tablet-align-left","10":"mobile-align-left","12":"first","13":"instock","14":"shipping-taxable","15":"purchasable","16":"product-type-simple"},"yoast_head":"<!-- This site is optimized with the Yoast SEO plugin v27.3 - https:\/\/yoast.com\/product\/yoast-seo-wordpress\/ -->\n<title>\u017darna AIRDUR PUR 356 EC XHD - ENVITEKA<\/title>\n<meta name=\"description\" content=\"Tinka naudoti \u012fvairiose pramon\u0117s \u0161akose, \u012fskaitant \u017eem\u0117s \u016bk\u012f, chemijos pramon\u0119, maisto ir g\u0117rim\u0173 pramon\u0119 bei kitose srityse. Pristatymas 1-2 d.d.\" \/>\n<meta name=\"robots\" content=\"index, follow, max-snippet:-1, max-image-preview:large, max-video-preview:-1\" \/>\n<link rel=\"canonical\" href=\"https:\/\/enviteka.lt\/en\/product\/zarna-airdur-pur-356-ec-xhd\/\" \/>\n<meta property=\"og:locale\" content=\"en_US\" \/>\n<meta property=\"og:type\" content=\"article\" \/>\n<meta property=\"og:title\" content=\"\u017darna AIRDUR PUR 356 EC XHD - ENVITEKA\" \/>\n<meta property=\"og:description\" content=\"Tinka naudoti \u012fvairiose pramon\u0117s \u0161akose, \u012fskaitant \u017eem\u0117s \u016bk\u012f, chemijos pramon\u0119, maisto ir g\u0117rim\u0173 pramon\u0119 bei kitose srityse. Pristatymas 1-2 d.d.\" \/>\n<meta property=\"og:url\" content=\"https:\/\/enviteka.lt\/en\/product\/zarna-airdur-pur-356-ec-xhd\/\" \/>\n<meta property=\"og:site_name\" content=\"ENVITEKA\" \/>\n<meta property=\"article:modified_time\" content=\"2025-04-04T17:26:11+00:00\" \/>\n<meta property=\"og:image\" content=\"https:\/\/enviteka.lt\/wp-content\/uploads\/2025\/03\/AIRDUC_PUR_356.jpg\" \/>\n\t<meta property=\"og:image:width\" content=\"925\" \/>\n\t<meta property=\"og:image:height\" content=\"562\" \/>\n\t<meta property=\"og:image:type\" content=\"image\/jpeg\" \/>\n<meta name=\"twitter:card\" content=\"summary_large_image\" \/>\n<meta name=\"twitter:label1\" content=\"Est. reading time\" \/>\n\t<meta name=\"twitter:data1\" content=\"2 minutes\" \/>\n<script type=\"application\/ld+json\" class=\"yoast-schema-graph\">{\"@context\":\"https:\\\/\\\/schema.org\",\"@graph\":[{\"@type\":\"WebPage\",\"@id\":\"https:\\\/\\\/enviteka.lt\\\/produktas\\\/zarna-airdur-pur-356-ec-xhd\\\/\",\"url\":\"https:\\\/\\\/enviteka.lt\\\/produktas\\\/zarna-airdur-pur-356-ec-xhd\\\/\",\"name\":\"\u017darna AIRDUR PUR 356 EC XHD - ENVITEKA\",\"isPartOf\":{\"@id\":\"https:\\\/\\\/enviteka.lt\\\/#website\"},\"primaryImageOfPage\":{\"@id\":\"https:\\\/\\\/enviteka.lt\\\/produktas\\\/zarna-airdur-pur-356-ec-xhd\\\/#primaryimage\"},\"image\":{\"@id\":\"https:\\\/\\\/enviteka.lt\\\/produktas\\\/zarna-airdur-pur-356-ec-xhd\\\/#primaryimage\"},\"thumbnailUrl\":\"https:\\\/\\\/enviteka.lt\\\/wp-content\\\/uploads\\\/2025\\\/03\\\/AIRDUC_PUR_356.jpg\",\"datePublished\":\"2025-03-31T10:00:42+00:00\",\"dateModified\":\"2025-04-04T17:26:11+00:00\",\"description\":\"Tinka naudoti \u012fvairiose pramon\u0117s \u0161akose, \u012fskaitant \u017eem\u0117s \u016bk\u012f, chemijos pramon\u0119, maisto ir g\u0117rim\u0173 pramon\u0119 bei kitose srityse. Pristatymas 1-2 d.d.\",\"breadcrumb\":{\"@id\":\"https:\\\/\\\/enviteka.lt\\\/produktas\\\/zarna-airdur-pur-356-ec-xhd\\\/#breadcrumb\"},\"inLanguage\":\"en-US\",\"potentialAction\":[{\"@type\":\"ReadAction\",\"target\":[\"https:\\\/\\\/enviteka.lt\\\/produktas\\\/zarna-airdur-pur-356-ec-xhd\\\/\"]}]},{\"@type\":\"ImageObject\",\"inLanguage\":\"en-US\",\"@id\":\"https:\\\/\\\/enviteka.lt\\\/produktas\\\/zarna-airdur-pur-356-ec-xhd\\\/#primaryimage\",\"url\":\"https:\\\/\\\/enviteka.lt\\\/wp-content\\\/uploads\\\/2025\\\/03\\\/AIRDUC_PUR_356.jpg\",\"contentUrl\":\"https:\\\/\\\/enviteka.lt\\\/wp-content\\\/uploads\\\/2025\\\/03\\\/AIRDUC_PUR_356.jpg\",\"width\":925,\"height\":562},{\"@type\":\"BreadcrumbList\",\"@id\":\"https:\\\/\\\/enviteka.lt\\\/produktas\\\/zarna-airdur-pur-356-ec-xhd\\\/#breadcrumb\",\"itemListElement\":[{\"@type\":\"ListItem\",\"position\":1,\"name\":\"Home\",\"item\":\"https:\\\/\\\/enviteka.lt\\\/\"},{\"@type\":\"ListItem\",\"position\":2,\"name\":\"Produktai\",\"item\":\"https:\\\/\\\/enviteka.lt\\\/produktai\\\/\"},{\"@type\":\"ListItem\",\"position\":3,\"name\":\"\u017darna AIRDUR PUR 356 EC XHD\"}]},{\"@type\":\"WebSite\",\"@id\":\"https:\\\/\\\/enviteka.lt\\\/#website\",\"url\":\"https:\\\/\\\/enviteka.lt\\\/\",\"name\":\"ENVITEKA\",\"description\":\"pramonin\u0117s \u012frangos tiek\u0117jas\",\"publisher\":{\"@id\":\"https:\\\/\\\/enviteka.lt\\\/#organization\"},\"potentialAction\":[{\"@type\":\"SearchAction\",\"target\":{\"@type\":\"EntryPoint\",\"urlTemplate\":\"https:\\\/\\\/enviteka.lt\\\/?s={search_term_string}\"},\"query-input\":{\"@type\":\"PropertyValueSpecification\",\"valueRequired\":true,\"valueName\":\"search_term_string\"}}],\"inLanguage\":\"en-US\"},{\"@type\":\"Organization\",\"@id\":\"https:\\\/\\\/enviteka.lt\\\/#organization\",\"name\":\"ENVITEKA\",\"url\":\"https:\\\/\\\/enviteka.lt\\\/\",\"logo\":{\"@type\":\"ImageObject\",\"inLanguage\":\"en-US\",\"@id\":\"https:\\\/\\\/enviteka.lt\\\/#\\\/schema\\\/logo\\\/image\\\/\",\"url\":\"https:\\\/\\\/enviteka.lt\\\/wp-content\\\/uploads\\\/2024\\\/10\\\/enviteka-high-resolution-logo-transparent-e1742852093377.png\",\"contentUrl\":\"https:\\\/\\\/enviteka.lt\\\/wp-content\\\/uploads\\\/2024\\\/10\\\/enviteka-high-resolution-logo-transparent-e1742852093377.png\",\"width\":424,\"height\":150,\"caption\":\"ENVITEKA\"},\"image\":{\"@id\":\"https:\\\/\\\/enviteka.lt\\\/#\\\/schema\\\/logo\\\/image\\\/\"}}]}<\/script>\n<!-- \/ Yoast SEO plugin. -->","yoast_head_json":{"title":"\u017darna AIRDUR PUR 356 EC XHD - ENVITEKA","description":"Tinka naudoti \u012fvairiose pramon\u0117s \u0161akose, \u012fskaitant \u017eem\u0117s \u016bk\u012f, chemijos pramon\u0119, maisto ir g\u0117rim\u0173 pramon\u0119 bei kitose srityse. Pristatymas 1-2 d.d.","robots":{"index":"index","follow":"follow","max-snippet":"max-snippet:-1","max-image-preview":"max-image-preview:large","max-video-preview":"max-video-preview:-1"},"canonical":"https:\/\/enviteka.lt\/en\/product\/zarna-airdur-pur-356-ec-xhd\/","og_locale":"en_US","og_type":"article","og_title":"\u017darna AIRDUR PUR 356 EC XHD - ENVITEKA","og_description":"Tinka naudoti \u012fvairiose pramon\u0117s \u0161akose, \u012fskaitant \u017eem\u0117s \u016bk\u012f, chemijos pramon\u0119, maisto ir g\u0117rim\u0173 pramon\u0119 bei kitose srityse. Pristatymas 1-2 d.d.","og_url":"https:\/\/enviteka.lt\/en\/product\/zarna-airdur-pur-356-ec-xhd\/","og_site_name":"ENVITEKA","article_modified_time":"2025-04-04T17:26:11+00:00","og_image":[{"width":925,"height":562,"url":"https:\/\/enviteka.lt\/wp-content\/uploads\/2025\/03\/AIRDUC_PUR_356.jpg","type":"image\/jpeg"}],"twitter_card":"summary_large_image","twitter_misc":{"Est. reading time":"2 minutes"},"schema":{"@context":"https:\/\/schema.org","@graph":[{"@type":"WebPage","@id":"https:\/\/enviteka.lt\/produktas\/zarna-airdur-pur-356-ec-xhd\/","url":"https:\/\/enviteka.lt\/produktas\/zarna-airdur-pur-356-ec-xhd\/","name":"\u017darna AIRDUR PUR 356 EC XHD - ENVITEKA","isPartOf":{"@id":"https:\/\/enviteka.lt\/#website"},"primaryImageOfPage":{"@id":"https:\/\/enviteka.lt\/produktas\/zarna-airdur-pur-356-ec-xhd\/#primaryimage"},"image":{"@id":"https:\/\/enviteka.lt\/produktas\/zarna-airdur-pur-356-ec-xhd\/#primaryimage"},"thumbnailUrl":"https:\/\/enviteka.lt\/wp-content\/uploads\/2025\/03\/AIRDUC_PUR_356.jpg","datePublished":"2025-03-31T10:00:42+00:00","dateModified":"2025-04-04T17:26:11+00:00","description":"Tinka naudoti \u012fvairiose pramon\u0117s \u0161akose, \u012fskaitant \u017eem\u0117s \u016bk\u012f, chemijos pramon\u0119, maisto ir g\u0117rim\u0173 pramon\u0119 bei kitose srityse. Pristatymas 1-2 d.d.","breadcrumb":{"@id":"https:\/\/enviteka.lt\/produktas\/zarna-airdur-pur-356-ec-xhd\/#breadcrumb"},"inLanguage":"en-US","potentialAction":[{"@type":"ReadAction","target":["https:\/\/enviteka.lt\/produktas\/zarna-airdur-pur-356-ec-xhd\/"]}]},{"@type":"ImageObject","inLanguage":"en-US","@id":"https:\/\/enviteka.lt\/produktas\/zarna-airdur-pur-356-ec-xhd\/#primaryimage","url":"https:\/\/enviteka.lt\/wp-content\/uploads\/2025\/03\/AIRDUC_PUR_356.jpg","contentUrl":"https:\/\/enviteka.lt\/wp-content\/uploads\/2025\/03\/AIRDUC_PUR_356.jpg","width":925,"height":562},{"@type":"BreadcrumbList","@id":"https:\/\/enviteka.lt\/produktas\/zarna-airdur-pur-356-ec-xhd\/#breadcrumb","itemListElement":[{"@type":"ListItem","position":1,"name":"Home","item":"https:\/\/enviteka.lt\/"},{"@type":"ListItem","position":2,"name":"Produktai","item":"https:\/\/enviteka.lt\/produktai\/"},{"@type":"ListItem","position":3,"name":"\u017darna AIRDUR PUR 356 EC XHD"}]},{"@type":"WebSite","@id":"https:\/\/enviteka.lt\/#website","url":"https:\/\/enviteka.lt\/","name":"ENVITEKA","description":"pramonin\u0117s \u012frangos tiek\u0117jas","publisher":{"@id":"https:\/\/enviteka.lt\/#organization"},"potentialAction":[{"@type":"SearchAction","target":{"@type":"EntryPoint","urlTemplate":"https:\/\/enviteka.lt\/?s={search_term_string}"},"query-input":{"@type":"PropertyValueSpecification","valueRequired":true,"valueName":"search_term_string"}}],"inLanguage":"en-US"},{"@type":"Organization","@id":"https:\/\/enviteka.lt\/#organization","name":"ENVITEKA","url":"https:\/\/enviteka.lt\/","logo":{"@type":"ImageObject","inLanguage":"en-US","@id":"https:\/\/enviteka.lt\/#\/schema\/logo\/image\/","url":"https:\/\/enviteka.lt\/wp-content\/uploads\/2024\/10\/enviteka-high-resolution-logo-transparent-e1742852093377.png","contentUrl":"https:\/\/enviteka.lt\/wp-content\/uploads\/2024\/10\/enviteka-high-resolution-logo-transparent-e1742852093377.png","width":424,"height":150,"caption":"ENVITEKA"},"image":{"@id":"https:\/\/enviteka.lt\/#\/schema\/logo\/image\/"}}]}},"_links":{"self":[{"href":"https:\/\/enviteka.lt\/en\/wp-json\/wp\/v2\/product\/1371","targetHints":{"allow":["GET"]}}],"collection":[{"href":"https:\/\/enviteka.lt\/en\/wp-json\/wp\/v2\/product"}],"about":[{"href":"https:\/\/enviteka.lt\/en\/wp-json\/wp\/v2\/types\/product"}],"wp:featuredmedia":[{"embeddable":true,"href":"https:\/\/enviteka.lt\/en\/wp-json\/wp\/v2\/media\/1373"}],"wp:attachment":[{"href":"https:\/\/enviteka.lt\/en\/wp-json\/wp\/v2\/media?parent=1371"}],"wp:term":[{"taxonomy":"product_brand","embeddable":true,"href":"https:\/\/enviteka.lt\/en\/wp-json\/wp\/v2\/product_brand?post=1371"},{"taxonomy":"product_cat","embeddable":true,"href":"https:\/\/enviteka.lt\/en\/wp-json\/wp\/v2\/product_cat?post=1371"},{"taxonomy":"product_tag","embeddable":true,"href":"https:\/\/enviteka.lt\/en\/wp-json\/wp\/v2\/product_tag?post=1371"}],"curies":[{"name":"wp","href":"https:\/\/api.w.org\/{rel}","templated":true}]}}