{"id":1345,"date":"2025-03-31T08:10:59","date_gmt":"2025-03-31T08:10:59","guid":{"rendered":"https:\/\/enviteka.lt\/?post_type=product&#038;p=1345"},"modified":"2025-04-04T17:27:56","modified_gmt":"2025-04-04T17:27:56","slug":"zarna-protape-pur-327","status":"publish","type":"product","link":"https:\/\/enviteka.lt\/en\/product\/zarna-protape-pur-327\/","title":{"rendered":"\u017darna PROTAPE PUR 327"},"content":{"rendered":"<p><strong>Crush Resistant Hose (Atspari suspaudimui \u017earna)<\/strong><\/p>\n<p><strong>Paskirtis:<\/strong><\/p>\n<p>Naudojama \u012fvairiose srityse, kur reikia u\u017etikrinti, kad \u017earna neprarast\u0173 funkcionalumo net ir esant stipriems suspaudimams ar mechaniniam spaudimui. Tai gali apimti transport\u0105, pramon\u0119, statyb\u0173 aik\u0161teles, oro uostus ir kitus aplinkos, kuriose \u017earna gali b\u016bti suspausta.<\/p>\n<p><strong>Savyb\u0117s:<\/strong><\/p>\n<p>Atspari sm\u016bgiams ir suspaudimui: \u017darna sukurta taip, kad b\u016bt\u0173 atspari sm\u016bgiams ir suspaudimui, u\u017etikrinant ilgaam\u017ei\u0161kum\u0105 ir patikimum\u0105 net esant intensyviam naudojimui.<\/p>\n<p>Auk\u0161tas atsparumas dilimui: Atspari dilimui, tod\u0117l gali atlaikyti ilgalaik\u012f naudojim\u0105 ir s\u0105lygas, kurios sukelia intensyv\u0173 nusid\u0117v\u0117jim\u0105.<\/p>\n<p>Lanksti: Nepaisant atsparumo suspaudimui, \u017earna i\u0161lieka lanksti ir lengvai pritaikoma \u012fvairiems darbams.<\/p>\n<p>Atsparumas \u012fvairiems aplinkos veiksniams: Gali atsispirti temperat\u016bros svyravimams, chemin\u0117ms med\u017eiagoms ir kitoms nepalankioms s\u0105lygoms, u\u017etikrinant jos ilgaam\u017ei\u0161kum\u0105 ir patikimum\u0105.<\/p>\n<p><strong>Taikymo sritis:<\/strong><\/p>\n<p>Statyb\u0173 ir pramon\u0117s aik\u0161tel\u0117s, kur \u017earn\u0105 gali suspausti sunk\u016bs \u012frenginiai arba transporto priemon\u0117s.<\/p>\n<p>\u017dem\u0117s \u016bkis, kur \u017earnos da\u017enai naudojamos aplinkoje, kur gali kilti mechaninis spaudimas.<\/p>\n<p>Automobili\u0173 ir pramon\u0117s sektoriai, kuriuose reikalingos \u017earnos, galin\u010dios atlaikyti suspaudim\u0105 ir apkrovas.<\/p>\n<p><strong>Privalumai:<\/strong><\/p>\n<p>Padidintas atsparumas suspaudimui padeda i\u0161vengti \u017earnos pa\u017eeidim\u0173 ir nutraukimo.<\/p>\n<p>Geresnis atsparumas i\u0161or\u0117s veiksniams, tokiems kaip sm\u016bgiai, mechaninis sl\u0117gis ir temperat\u016bros svyravimai.<\/p>\n<p>Tinka \u012fvairiems naudojimo atvejams, tiek pramon\u0117je, tiek transporto sektoriuose.<\/p>\n<p>\u012evair\u016bs diametrai nuo ir ilgiai pagal u\u017esakym\u0105<\/p>\n<p>Vidinis skersmuo nuo 50 mm iki 152 mm, kreipkit\u0117s d\u0117l reikiamo skersmens ir ilgio<\/p>\n<p><strong>Pristatymas: 1-2 d.d.<\/strong><\/p>\n<p>Susisiekite su mumis nor\u0117dami gauti daugiau informacijos ar u\u017esisakyti. Pad\u0117sime pasirinkti geriausi\u0105 sprendim\u0105 pagal j\u016bs\u0173 poreikius, u\u017etikrinsime geriausi\u0105 kain\u0105 rinkoje ir greit\u0105 pristatym\u0105.<\/p>","protected":false},"excerpt":{"rendered":"<p>Crush Resistant Hose (Atspari suspaudimui \u017earna) Paskirtis: Naudojama \u012fvairiose srityse, kur reikia u\u017etikrinti, kad \u017earna neprarast\u0173 funkcionalumo net ir esant [&hellip;]<\/p>","protected":false},"featured_media":1346,"template":"","meta":{"site-sidebar-layout":"default","site-content-layout":"","ast-site-content-layout":"default","site-content-style":"default","site-sidebar-style":"default","ast-global-header-display":"","ast-banner-title-visibility":"","ast-main-header-display":"","ast-hfb-above-header-display":"","ast-hfb-below-header-display":"","ast-hfb-mobile-header-display":"","site-post-title":"","ast-breadcrumbs-content":"","ast-featured-img":"","footer-sml-layout":"","ast-disable-related-posts":"","theme-transparent-header-meta":"default","adv-header-id-meta":"","stick-header-meta":"","header-above-stick-meta":"","header-main-stick-meta":"","header-below-stick-meta":"","astra-migrate-meta-layouts":"set","ast-page-background-enabled":"default","ast-page-background-meta":{"desktop":{"background-color":"var(--ast-global-color-4)","background-image":"","background-repeat":"repeat","background-position":"center center","background-size":"auto","background-attachment":"scroll","background-type":"","background-media":"","overlay-type":"","overlay-color":"","overlay-opacity":"","overlay-gradient":""},"tablet":{"background-color":"","background-image":"","background-repeat":"repeat","background-position":"center center","background-size":"auto","background-attachment":"scroll","background-type":"","background-media":"","overlay-type":"","overlay-color":"","overlay-opacity":"","overlay-gradient":""},"mobile":{"background-color":"","background-image":"","background-repeat":"repeat","background-position":"center center","background-size":"auto","background-attachment":"scroll","background-type":"","background-media":"","overlay-type":"","overlay-color":"","overlay-opacity":"","overlay-gradient":""}},"ast-content-background-meta":{"desktop":{"background-color":"var(--ast-global-color-5)","background-image":"","background-repeat":"repeat","background-position":"center center","background-size":"auto","background-attachment":"scroll","background-type":"","background-media":"","overlay-type":"","overlay-color":"","overlay-opacity":"","overlay-gradient":""},"tablet":{"background-color":"var(--ast-global-color-5)","background-image":"","background-repeat":"repeat","background-position":"center center","background-size":"auto","background-attachment":"scroll","background-type":"","background-media":"","overlay-type":"","overlay-color":"","overlay-opacity":"","overlay-gradient":""},"mobile":{"background-color":"var(--ast-global-color-5)","background-image":"","background-repeat":"repeat","background-position":"center center","background-size":"auto","background-attachment":"scroll","background-type":"","background-media":"","overlay-type":"","overlay-color":"","overlay-opacity":"","overlay-gradient":""}}},"product_brand":[],"product_cat":[121],"product_tag":[],"class_list":{"0":"post-1345","1":"product","2":"type-product","3":"status-publish","4":"has-post-thumbnail","6":"product_cat-poliuretano-zarnos-pu-zarnos","7":"desktop-align-left","8":"tablet-align-left","9":"mobile-align-left","11":"first","12":"instock","13":"shipping-taxable","14":"purchasable","15":"product-type-simple"},"yoast_head":"<!-- This site is optimized with the Yoast SEO plugin v27.3 - https:\/\/yoast.com\/product\/yoast-seo-wordpress\/ -->\n<title>\u017darna PROTAPE PUR 327 - ENVITEKA<\/title>\n<meta name=\"description\" content=\"\u017darna sukurta taip, kad b\u016bt\u0173 atspari sm\u016bgiams ir suspaudimui, u\u017etikrinant ilgaam\u017ei\u0161kum\u0105 ir patikimum\u0105 net esant intensyviam naudojimui. Pristatymas 1-2 d.d.\" \/>\n<meta name=\"robots\" content=\"index, follow, max-snippet:-1, max-image-preview:large, max-video-preview:-1\" \/>\n<link rel=\"canonical\" href=\"https:\/\/enviteka.lt\/en\/product\/zarna-protape-pur-327\/\" \/>\n<meta property=\"og:locale\" content=\"en_US\" \/>\n<meta property=\"og:type\" content=\"article\" \/>\n<meta property=\"og:title\" content=\"\u017darna PROTAPE PUR 327 - ENVITEKA\" \/>\n<meta property=\"og:description\" content=\"\u017darna sukurta taip, kad b\u016bt\u0173 atspari sm\u016bgiams ir suspaudimui, u\u017etikrinant ilgaam\u017ei\u0161kum\u0105 ir patikimum\u0105 net esant intensyviam naudojimui. Pristatymas 1-2 d.d.\" \/>\n<meta property=\"og:url\" content=\"https:\/\/enviteka.lt\/en\/product\/zarna-protape-pur-327\/\" \/>\n<meta property=\"og:site_name\" content=\"ENVITEKA\" \/>\n<meta property=\"article:modified_time\" content=\"2025-04-04T17:27:56+00:00\" \/>\n<meta property=\"og:image\" content=\"https:\/\/enviteka.lt\/wp-content\/uploads\/2025\/03\/zarna_protape_pur_327-1.jpg\" \/>\n\t<meta property=\"og:image:width\" content=\"959\" \/>\n\t<meta property=\"og:image:height\" content=\"583\" \/>\n\t<meta property=\"og:image:type\" content=\"image\/jpeg\" \/>\n<meta name=\"twitter:card\" content=\"summary_large_image\" \/>\n<meta name=\"twitter:label1\" content=\"Est. reading time\" \/>\n\t<meta name=\"twitter:data1\" content=\"2 minutes\" \/>\n<script type=\"application\/ld+json\" class=\"yoast-schema-graph\">{\"@context\":\"https:\\\/\\\/schema.org\",\"@graph\":[{\"@type\":\"WebPage\",\"@id\":\"https:\\\/\\\/enviteka.lt\\\/produktas\\\/zarna-protape-pur-327\\\/\",\"url\":\"https:\\\/\\\/enviteka.lt\\\/produktas\\\/zarna-protape-pur-327\\\/\",\"name\":\"\u017darna PROTAPE PUR 327 - ENVITEKA\",\"isPartOf\":{\"@id\":\"https:\\\/\\\/enviteka.lt\\\/#website\"},\"primaryImageOfPage\":{\"@id\":\"https:\\\/\\\/enviteka.lt\\\/produktas\\\/zarna-protape-pur-327\\\/#primaryimage\"},\"image\":{\"@id\":\"https:\\\/\\\/enviteka.lt\\\/produktas\\\/zarna-protape-pur-327\\\/#primaryimage\"},\"thumbnailUrl\":\"https:\\\/\\\/enviteka.lt\\\/wp-content\\\/uploads\\\/2025\\\/03\\\/zarna_protape_pur_327-1.jpg\",\"datePublished\":\"2025-03-31T08:10:59+00:00\",\"dateModified\":\"2025-04-04T17:27:56+00:00\",\"description\":\"\u017darna sukurta taip, kad b\u016bt\u0173 atspari sm\u016bgiams ir suspaudimui, u\u017etikrinant ilgaam\u017ei\u0161kum\u0105 ir patikimum\u0105 net esant intensyviam naudojimui. Pristatymas 1-2 d.d.\",\"breadcrumb\":{\"@id\":\"https:\\\/\\\/enviteka.lt\\\/produktas\\\/zarna-protape-pur-327\\\/#breadcrumb\"},\"inLanguage\":\"en-US\",\"potentialAction\":[{\"@type\":\"ReadAction\",\"target\":[\"https:\\\/\\\/enviteka.lt\\\/produktas\\\/zarna-protape-pur-327\\\/\"]}]},{\"@type\":\"ImageObject\",\"inLanguage\":\"en-US\",\"@id\":\"https:\\\/\\\/enviteka.lt\\\/produktas\\\/zarna-protape-pur-327\\\/#primaryimage\",\"url\":\"https:\\\/\\\/enviteka.lt\\\/wp-content\\\/uploads\\\/2025\\\/03\\\/zarna_protape_pur_327-1.jpg\",\"contentUrl\":\"https:\\\/\\\/enviteka.lt\\\/wp-content\\\/uploads\\\/2025\\\/03\\\/zarna_protape_pur_327-1.jpg\",\"width\":959,\"height\":583},{\"@type\":\"BreadcrumbList\",\"@id\":\"https:\\\/\\\/enviteka.lt\\\/produktas\\\/zarna-protape-pur-327\\\/#breadcrumb\",\"itemListElement\":[{\"@type\":\"ListItem\",\"position\":1,\"name\":\"Home\",\"item\":\"https:\\\/\\\/enviteka.lt\\\/\"},{\"@type\":\"ListItem\",\"position\":2,\"name\":\"Produktai\",\"item\":\"https:\\\/\\\/enviteka.lt\\\/produktai\\\/\"},{\"@type\":\"ListItem\",\"position\":3,\"name\":\"\u017darna PROTAPE PUR 327\"}]},{\"@type\":\"WebSite\",\"@id\":\"https:\\\/\\\/enviteka.lt\\\/#website\",\"url\":\"https:\\\/\\\/enviteka.lt\\\/\",\"name\":\"ENVITEKA\",\"description\":\"pramonin\u0117s \u012frangos tiek\u0117jas\",\"publisher\":{\"@id\":\"https:\\\/\\\/enviteka.lt\\\/#organization\"},\"potentialAction\":[{\"@type\":\"SearchAction\",\"target\":{\"@type\":\"EntryPoint\",\"urlTemplate\":\"https:\\\/\\\/enviteka.lt\\\/?s={search_term_string}\"},\"query-input\":{\"@type\":\"PropertyValueSpecification\",\"valueRequired\":true,\"valueName\":\"search_term_string\"}}],\"inLanguage\":\"en-US\"},{\"@type\":\"Organization\",\"@id\":\"https:\\\/\\\/enviteka.lt\\\/#organization\",\"name\":\"ENVITEKA\",\"url\":\"https:\\\/\\\/enviteka.lt\\\/\",\"logo\":{\"@type\":\"ImageObject\",\"inLanguage\":\"en-US\",\"@id\":\"https:\\\/\\\/enviteka.lt\\\/#\\\/schema\\\/logo\\\/image\\\/\",\"url\":\"https:\\\/\\\/enviteka.lt\\\/wp-content\\\/uploads\\\/2024\\\/10\\\/enviteka-high-resolution-logo-transparent-e1742852093377.png\",\"contentUrl\":\"https:\\\/\\\/enviteka.lt\\\/wp-content\\\/uploads\\\/2024\\\/10\\\/enviteka-high-resolution-logo-transparent-e1742852093377.png\",\"width\":424,\"height\":150,\"caption\":\"ENVITEKA\"},\"image\":{\"@id\":\"https:\\\/\\\/enviteka.lt\\\/#\\\/schema\\\/logo\\\/image\\\/\"}}]}<\/script>\n<!-- \/ Yoast SEO plugin. -->","yoast_head_json":{"title":"\u017darna PROTAPE PUR 327 - ENVITEKA","description":"\u017darna sukurta taip, kad b\u016bt\u0173 atspari sm\u016bgiams ir suspaudimui, u\u017etikrinant ilgaam\u017ei\u0161kum\u0105 ir patikimum\u0105 net esant intensyviam naudojimui. Pristatymas 1-2 d.d.","robots":{"index":"index","follow":"follow","max-snippet":"max-snippet:-1","max-image-preview":"max-image-preview:large","max-video-preview":"max-video-preview:-1"},"canonical":"https:\/\/enviteka.lt\/en\/product\/zarna-protape-pur-327\/","og_locale":"en_US","og_type":"article","og_title":"\u017darna PROTAPE PUR 327 - ENVITEKA","og_description":"\u017darna sukurta taip, kad b\u016bt\u0173 atspari sm\u016bgiams ir suspaudimui, u\u017etikrinant ilgaam\u017ei\u0161kum\u0105 ir patikimum\u0105 net esant intensyviam naudojimui. Pristatymas 1-2 d.d.","og_url":"https:\/\/enviteka.lt\/en\/product\/zarna-protape-pur-327\/","og_site_name":"ENVITEKA","article_modified_time":"2025-04-04T17:27:56+00:00","og_image":[{"width":959,"height":583,"url":"https:\/\/enviteka.lt\/wp-content\/uploads\/2025\/03\/zarna_protape_pur_327-1.jpg","type":"image\/jpeg"}],"twitter_card":"summary_large_image","twitter_misc":{"Est. reading time":"2 minutes"},"schema":{"@context":"https:\/\/schema.org","@graph":[{"@type":"WebPage","@id":"https:\/\/enviteka.lt\/produktas\/zarna-protape-pur-327\/","url":"https:\/\/enviteka.lt\/produktas\/zarna-protape-pur-327\/","name":"\u017darna PROTAPE PUR 327 - ENVITEKA","isPartOf":{"@id":"https:\/\/enviteka.lt\/#website"},"primaryImageOfPage":{"@id":"https:\/\/enviteka.lt\/produktas\/zarna-protape-pur-327\/#primaryimage"},"image":{"@id":"https:\/\/enviteka.lt\/produktas\/zarna-protape-pur-327\/#primaryimage"},"thumbnailUrl":"https:\/\/enviteka.lt\/wp-content\/uploads\/2025\/03\/zarna_protape_pur_327-1.jpg","datePublished":"2025-03-31T08:10:59+00:00","dateModified":"2025-04-04T17:27:56+00:00","description":"\u017darna sukurta taip, kad b\u016bt\u0173 atspari sm\u016bgiams ir suspaudimui, u\u017etikrinant ilgaam\u017ei\u0161kum\u0105 ir patikimum\u0105 net esant intensyviam naudojimui. Pristatymas 1-2 d.d.","breadcrumb":{"@id":"https:\/\/enviteka.lt\/produktas\/zarna-protape-pur-327\/#breadcrumb"},"inLanguage":"en-US","potentialAction":[{"@type":"ReadAction","target":["https:\/\/enviteka.lt\/produktas\/zarna-protape-pur-327\/"]}]},{"@type":"ImageObject","inLanguage":"en-US","@id":"https:\/\/enviteka.lt\/produktas\/zarna-protape-pur-327\/#primaryimage","url":"https:\/\/enviteka.lt\/wp-content\/uploads\/2025\/03\/zarna_protape_pur_327-1.jpg","contentUrl":"https:\/\/enviteka.lt\/wp-content\/uploads\/2025\/03\/zarna_protape_pur_327-1.jpg","width":959,"height":583},{"@type":"BreadcrumbList","@id":"https:\/\/enviteka.lt\/produktas\/zarna-protape-pur-327\/#breadcrumb","itemListElement":[{"@type":"ListItem","position":1,"name":"Home","item":"https:\/\/enviteka.lt\/"},{"@type":"ListItem","position":2,"name":"Produktai","item":"https:\/\/enviteka.lt\/produktai\/"},{"@type":"ListItem","position":3,"name":"\u017darna PROTAPE PUR 327"}]},{"@type":"WebSite","@id":"https:\/\/enviteka.lt\/#website","url":"https:\/\/enviteka.lt\/","name":"ENVITEKA","description":"pramonin\u0117s \u012frangos tiek\u0117jas","publisher":{"@id":"https:\/\/enviteka.lt\/#organization"},"potentialAction":[{"@type":"SearchAction","target":{"@type":"EntryPoint","urlTemplate":"https:\/\/enviteka.lt\/?s={search_term_string}"},"query-input":{"@type":"PropertyValueSpecification","valueRequired":true,"valueName":"search_term_string"}}],"inLanguage":"en-US"},{"@type":"Organization","@id":"https:\/\/enviteka.lt\/#organization","name":"ENVITEKA","url":"https:\/\/enviteka.lt\/","logo":{"@type":"ImageObject","inLanguage":"en-US","@id":"https:\/\/enviteka.lt\/#\/schema\/logo\/image\/","url":"https:\/\/enviteka.lt\/wp-content\/uploads\/2024\/10\/enviteka-high-resolution-logo-transparent-e1742852093377.png","contentUrl":"https:\/\/enviteka.lt\/wp-content\/uploads\/2024\/10\/enviteka-high-resolution-logo-transparent-e1742852093377.png","width":424,"height":150,"caption":"ENVITEKA"},"image":{"@id":"https:\/\/enviteka.lt\/#\/schema\/logo\/image\/"}}]}},"_links":{"self":[{"href":"https:\/\/enviteka.lt\/en\/wp-json\/wp\/v2\/product\/1345","targetHints":{"allow":["GET"]}}],"collection":[{"href":"https:\/\/enviteka.lt\/en\/wp-json\/wp\/v2\/product"}],"about":[{"href":"https:\/\/enviteka.lt\/en\/wp-json\/wp\/v2\/types\/product"}],"wp:featuredmedia":[{"embeddable":true,"href":"https:\/\/enviteka.lt\/en\/wp-json\/wp\/v2\/media\/1346"}],"wp:attachment":[{"href":"https:\/\/enviteka.lt\/en\/wp-json\/wp\/v2\/media?parent=1345"}],"wp:term":[{"taxonomy":"product_brand","embeddable":true,"href":"https:\/\/enviteka.lt\/en\/wp-json\/wp\/v2\/product_brand?post=1345"},{"taxonomy":"product_cat","embeddable":true,"href":"https:\/\/enviteka.lt\/en\/wp-json\/wp\/v2\/product_cat?post=1345"},{"taxonomy":"product_tag","embeddable":true,"href":"https:\/\/enviteka.lt\/en\/wp-json\/wp\/v2\/product_tag?post=1345"}],"curies":[{"name":"wp","href":"https:\/\/api.w.org\/{rel}","templated":true}]}}