{"id":1335,"date":"2025-03-31T07:46:54","date_gmt":"2025-03-31T07:46:54","guid":{"rendered":"https:\/\/enviteka.lt\/?post_type=product&#038;p=1335"},"modified":"2025-04-03T18:00:24","modified_gmt":"2025-04-03T18:00:24","slug":"zarna-cp-ptfe-glass-inox-471-ec","status":"publish","type":"product","link":"https:\/\/enviteka.lt\/en\/product\/zarna-cp-ptfe-glass-inox-471-ec\/","title":{"rendered":"\u017darna CP PTFE\/GLASS-INOX 471 EC"},"content":{"rendered":"<p><strong>\u012etempimo profilio \u017earna, dviguba sienel\u0117, labai atspari chemin\u0117ms med\u017eiagoms (iki +270\u00b0C)<\/strong><\/p>\n<p><strong>Panaudojimas:<\/strong><\/p>\n<p>Kar\u0161toms ir \u0161altoms dujoms, taip pat dulk\u0117ms, milteliams ir pluo\u0161tams.<\/p>\n<p>Cheminiai garai, gar\u0173 gr\u0105\u017einimo \u017earna pakrovimo rankoje, da\u017e\u0173 garai, pur\u0161kimo dulki\u0173 pa\u0161alinimas.<\/p>\n<p><strong>Savyb\u0117s:<\/strong><\/p>\n<p>Ypa\u010d lanksti ir suspaud\u017eiama 4:1.<\/p>\n<p>Labai gera atsparumas kar\u0161\u010diui.<\/p>\n<p>Geras atsparumas \u0161armams ir r\u016bg\u0161tims.<\/p>\n<p>I\u0161skirtinis atsparumas chemin\u0117ms med\u017eiagoms.<\/p>\n<p>Atitinka RoHS direktyv\u0105.<\/p>\n<p>Atitinka REACH reglament\u0105.<\/p>\n<p>Temperat\u016bros diapazonas<\/p>\n<p>Nuo -150\u00b0C iki 250\u00b0C<\/p>\n<p>Trumpas laikotarpis iki 270\u00b0C<\/p>\n<p><strong>Konstrukcija<\/strong><\/p>\n<p>CP konstrukcija.<\/p>\n<p>Spaustuko profil\u012f palaikantis spiralinis stovas: visi\u0161kai ner\u016bdijan\u010dio plieno (INOX).<\/p>\n<p>Sienel\u0117: viduje PTFE pl\u0117vel\u0117, i\u0161or\u0117je specialiai dengta stiklo audinio danga.<\/p>\n<p>TEFLON\u00ae<\/p>\n<p>\u012evair\u016bs diametrai nuo ir ilgiai pagal u\u017esakym\u0105<\/p>\n<p>Vidinis skersmuo nuo 50 mm iki 300 mm, kreipkit\u0117s d\u0117l reikiamo skersmens ir ilgio<\/p>\n<p><strong>Pristatymas: 1-2 d.d.<\/strong><\/p>\n<p>Susisiekite su mumis nor\u0117dami gauti daugiau informacijos ar u\u017esisakyti. Pad\u0117sime pasirinkti geriausi\u0105 sprendim\u0105 pagal j\u016bs\u0173 poreikius, u\u017etikrinsime geriausi\u0105 kain\u0105 rinkoje ir greit\u0105 pristatym\u0105.<\/p>","protected":false},"excerpt":{"rendered":"<p>\u012etempimo profilio \u017earna, dviguba sienel\u0117, labai atspari chemin\u0117ms med\u017eiagoms (iki +270\u00b0C) Panaudojimas: Kar\u0161toms ir \u0161altoms dujoms, taip pat dulk\u0117ms, milteliams [&hellip;]<\/p>","protected":false},"featured_media":1340,"template":"","meta":{"site-sidebar-layout":"default","site-content-layout":"","ast-site-content-layout":"default","site-content-style":"default","site-sidebar-style":"default","ast-global-header-display":"","ast-banner-title-visibility":"","ast-main-header-display":"","ast-hfb-above-header-display":"","ast-hfb-below-header-display":"","ast-hfb-mobile-header-display":"","site-post-title":"","ast-breadcrumbs-content":"","ast-featured-img":"","footer-sml-layout":"","ast-disable-related-posts":"","theme-transparent-header-meta":"default","adv-header-id-meta":"","stick-header-meta":"","header-above-stick-meta":"","header-main-stick-meta":"","header-below-stick-meta":"","astra-migrate-meta-layouts":"set","ast-page-background-enabled":"default","ast-page-background-meta":{"desktop":{"background-color":"var(--ast-global-color-4)","background-image":"","background-repeat":"repeat","background-position":"center center","background-size":"auto","background-attachment":"scroll","background-type":"","background-media":"","overlay-type":"","overlay-color":"","overlay-opacity":"","overlay-gradient":""},"tablet":{"background-color":"","background-image":"","background-repeat":"repeat","background-position":"center center","background-size":"auto","background-attachment":"scroll","background-type":"","background-media":"","overlay-type":"","overlay-color":"","overlay-opacity":"","overlay-gradient":""},"mobile":{"background-color":"","background-image":"","background-repeat":"repeat","background-position":"center center","background-size":"auto","background-attachment":"scroll","background-type":"","background-media":"","overlay-type":"","overlay-color":"","overlay-opacity":"","overlay-gradient":""}},"ast-content-background-meta":{"desktop":{"background-color":"var(--ast-global-color-5)","background-image":"","background-repeat":"repeat","background-position":"center center","background-size":"auto","background-attachment":"scroll","background-type":"","background-media":"","overlay-type":"","overlay-color":"","overlay-opacity":"","overlay-gradient":""},"tablet":{"background-color":"var(--ast-global-color-5)","background-image":"","background-repeat":"repeat","background-position":"center center","background-size":"auto","background-attachment":"scroll","background-type":"","background-media":"","overlay-type":"","overlay-color":"","overlay-opacity":"","overlay-gradient":""},"mobile":{"background-color":"var(--ast-global-color-5)","background-image":"","background-repeat":"repeat","background-position":"center center","background-size":"auto","background-attachment":"scroll","background-type":"","background-media":"","overlay-type":"","overlay-color":"","overlay-opacity":"","overlay-gradient":""}}},"product_brand":[],"product_cat":[123,125],"product_tag":[],"class_list":{"0":"post-1335","1":"product","2":"type-product","3":"status-publish","4":"has-post-thumbnail","6":"product_cat-elektrostatiniui-kruviui-laidzios-zarnos","7":"product_cat-medziagines-zarnos","8":"desktop-align-left","9":"tablet-align-left","10":"mobile-align-left","12":"first","13":"instock","14":"shipping-taxable","15":"purchasable","16":"product-type-simple"},"yoast_head":"<!-- This site is optimized with the Yoast SEO plugin v27.3 - https:\/\/yoast.com\/product\/yoast-seo-wordpress\/ -->\n<title>\u017darna CP PTFE\/GLASS-INOX 471 EC - ENVITEKA<\/title>\n<meta name=\"description\" content=\"Idealiai tinka naudoti chemijos pramon\u0117je ir sprogimo pavojingose zonose, kur reikalingas auk\u0161tas atsparumas kar\u0161\u010diui ir chemikalams. Pristatymas 1-2 d.d.\" \/>\n<meta name=\"robots\" content=\"index, follow, max-snippet:-1, max-image-preview:large, max-video-preview:-1\" \/>\n<link rel=\"canonical\" href=\"https:\/\/enviteka.lt\/en\/product\/zarna-cp-ptfe-glass-inox-471-ec\/\" \/>\n<meta property=\"og:locale\" content=\"en_US\" \/>\n<meta property=\"og:type\" content=\"article\" \/>\n<meta property=\"og:title\" content=\"\u017darna CP PTFE\/GLASS-INOX 471 EC - ENVITEKA\" \/>\n<meta property=\"og:description\" content=\"Idealiai tinka naudoti chemijos pramon\u0117je ir sprogimo pavojingose zonose, kur reikalingas auk\u0161tas atsparumas kar\u0161\u010diui ir chemikalams. Pristatymas 1-2 d.d.\" \/>\n<meta property=\"og:url\" content=\"https:\/\/enviteka.lt\/en\/product\/zarna-cp-ptfe-glass-inox-471-ec\/\" \/>\n<meta property=\"og:site_name\" content=\"ENVITEKA\" \/>\n<meta property=\"article:modified_time\" content=\"2025-04-03T18:00:24+00:00\" \/>\n<meta property=\"og:image\" content=\"https:\/\/enviteka.lt\/wp-content\/uploads\/2025\/03\/zarna_471.jpg\" \/>\n\t<meta property=\"og:image:width\" content=\"960\" \/>\n\t<meta property=\"og:image:height\" content=\"584\" \/>\n\t<meta property=\"og:image:type\" content=\"image\/jpeg\" \/>\n<meta name=\"twitter:card\" content=\"summary_large_image\" \/>\n<meta name=\"twitter:label1\" content=\"Est. reading time\" \/>\n\t<meta name=\"twitter:data1\" content=\"1 minute\" \/>\n<script type=\"application\/ld+json\" class=\"yoast-schema-graph\">{\"@context\":\"https:\\\/\\\/schema.org\",\"@graph\":[{\"@type\":\"WebPage\",\"@id\":\"https:\\\/\\\/enviteka.lt\\\/produktas\\\/zarna-cp-ptfe-glass-inox-471-ec\\\/\",\"url\":\"https:\\\/\\\/enviteka.lt\\\/produktas\\\/zarna-cp-ptfe-glass-inox-471-ec\\\/\",\"name\":\"\u017darna CP PTFE\\\/GLASS-INOX 471 EC - ENVITEKA\",\"isPartOf\":{\"@id\":\"https:\\\/\\\/enviteka.lt\\\/#website\"},\"primaryImageOfPage\":{\"@id\":\"https:\\\/\\\/enviteka.lt\\\/produktas\\\/zarna-cp-ptfe-glass-inox-471-ec\\\/#primaryimage\"},\"image\":{\"@id\":\"https:\\\/\\\/enviteka.lt\\\/produktas\\\/zarna-cp-ptfe-glass-inox-471-ec\\\/#primaryimage\"},\"thumbnailUrl\":\"https:\\\/\\\/enviteka.lt\\\/wp-content\\\/uploads\\\/2025\\\/03\\\/zarna_471.jpg\",\"datePublished\":\"2025-03-31T07:46:54+00:00\",\"dateModified\":\"2025-04-03T18:00:24+00:00\",\"description\":\"Idealiai tinka naudoti chemijos pramon\u0117je ir sprogimo pavojingose zonose, kur reikalingas auk\u0161tas atsparumas kar\u0161\u010diui ir chemikalams. Pristatymas 1-2 d.d.\",\"breadcrumb\":{\"@id\":\"https:\\\/\\\/enviteka.lt\\\/produktas\\\/zarna-cp-ptfe-glass-inox-471-ec\\\/#breadcrumb\"},\"inLanguage\":\"en-US\",\"potentialAction\":[{\"@type\":\"ReadAction\",\"target\":[\"https:\\\/\\\/enviteka.lt\\\/produktas\\\/zarna-cp-ptfe-glass-inox-471-ec\\\/\"]}]},{\"@type\":\"ImageObject\",\"inLanguage\":\"en-US\",\"@id\":\"https:\\\/\\\/enviteka.lt\\\/produktas\\\/zarna-cp-ptfe-glass-inox-471-ec\\\/#primaryimage\",\"url\":\"https:\\\/\\\/enviteka.lt\\\/wp-content\\\/uploads\\\/2025\\\/03\\\/zarna_471.jpg\",\"contentUrl\":\"https:\\\/\\\/enviteka.lt\\\/wp-content\\\/uploads\\\/2025\\\/03\\\/zarna_471.jpg\",\"width\":960,\"height\":584},{\"@type\":\"BreadcrumbList\",\"@id\":\"https:\\\/\\\/enviteka.lt\\\/produktas\\\/zarna-cp-ptfe-glass-inox-471-ec\\\/#breadcrumb\",\"itemListElement\":[{\"@type\":\"ListItem\",\"position\":1,\"name\":\"Home\",\"item\":\"https:\\\/\\\/enviteka.lt\\\/\"},{\"@type\":\"ListItem\",\"position\":2,\"name\":\"Produktai\",\"item\":\"https:\\\/\\\/enviteka.lt\\\/produktai\\\/\"},{\"@type\":\"ListItem\",\"position\":3,\"name\":\"\u017darna CP PTFE\\\/GLASS-INOX 471 EC\"}]},{\"@type\":\"WebSite\",\"@id\":\"https:\\\/\\\/enviteka.lt\\\/#website\",\"url\":\"https:\\\/\\\/enviteka.lt\\\/\",\"name\":\"ENVITEKA\",\"description\":\"pramonin\u0117s \u012frangos tiek\u0117jas\",\"publisher\":{\"@id\":\"https:\\\/\\\/enviteka.lt\\\/#organization\"},\"potentialAction\":[{\"@type\":\"SearchAction\",\"target\":{\"@type\":\"EntryPoint\",\"urlTemplate\":\"https:\\\/\\\/enviteka.lt\\\/?s={search_term_string}\"},\"query-input\":{\"@type\":\"PropertyValueSpecification\",\"valueRequired\":true,\"valueName\":\"search_term_string\"}}],\"inLanguage\":\"en-US\"},{\"@type\":\"Organization\",\"@id\":\"https:\\\/\\\/enviteka.lt\\\/#organization\",\"name\":\"ENVITEKA\",\"url\":\"https:\\\/\\\/enviteka.lt\\\/\",\"logo\":{\"@type\":\"ImageObject\",\"inLanguage\":\"en-US\",\"@id\":\"https:\\\/\\\/enviteka.lt\\\/#\\\/schema\\\/logo\\\/image\\\/\",\"url\":\"https:\\\/\\\/enviteka.lt\\\/wp-content\\\/uploads\\\/2024\\\/10\\\/enviteka-high-resolution-logo-transparent-e1742852093377.png\",\"contentUrl\":\"https:\\\/\\\/enviteka.lt\\\/wp-content\\\/uploads\\\/2024\\\/10\\\/enviteka-high-resolution-logo-transparent-e1742852093377.png\",\"width\":424,\"height\":150,\"caption\":\"ENVITEKA\"},\"image\":{\"@id\":\"https:\\\/\\\/enviteka.lt\\\/#\\\/schema\\\/logo\\\/image\\\/\"}}]}<\/script>\n<!-- \/ Yoast SEO plugin. -->","yoast_head_json":{"title":"\u017darna CP PTFE\/GLASS-INOX 471 EC - ENVITEKA","description":"Idealiai tinka naudoti chemijos pramon\u0117je ir sprogimo pavojingose zonose, kur reikalingas auk\u0161tas atsparumas kar\u0161\u010diui ir chemikalams. Pristatymas 1-2 d.d.","robots":{"index":"index","follow":"follow","max-snippet":"max-snippet:-1","max-image-preview":"max-image-preview:large","max-video-preview":"max-video-preview:-1"},"canonical":"https:\/\/enviteka.lt\/en\/product\/zarna-cp-ptfe-glass-inox-471-ec\/","og_locale":"en_US","og_type":"article","og_title":"\u017darna CP PTFE\/GLASS-INOX 471 EC - ENVITEKA","og_description":"Idealiai tinka naudoti chemijos pramon\u0117je ir sprogimo pavojingose zonose, kur reikalingas auk\u0161tas atsparumas kar\u0161\u010diui ir chemikalams. Pristatymas 1-2 d.d.","og_url":"https:\/\/enviteka.lt\/en\/product\/zarna-cp-ptfe-glass-inox-471-ec\/","og_site_name":"ENVITEKA","article_modified_time":"2025-04-03T18:00:24+00:00","og_image":[{"width":960,"height":584,"url":"https:\/\/enviteka.lt\/wp-content\/uploads\/2025\/03\/zarna_471.jpg","type":"image\/jpeg"}],"twitter_card":"summary_large_image","twitter_misc":{"Est. reading time":"1 minute"},"schema":{"@context":"https:\/\/schema.org","@graph":[{"@type":"WebPage","@id":"https:\/\/enviteka.lt\/produktas\/zarna-cp-ptfe-glass-inox-471-ec\/","url":"https:\/\/enviteka.lt\/produktas\/zarna-cp-ptfe-glass-inox-471-ec\/","name":"\u017darna CP PTFE\/GLASS-INOX 471 EC - ENVITEKA","isPartOf":{"@id":"https:\/\/enviteka.lt\/#website"},"primaryImageOfPage":{"@id":"https:\/\/enviteka.lt\/produktas\/zarna-cp-ptfe-glass-inox-471-ec\/#primaryimage"},"image":{"@id":"https:\/\/enviteka.lt\/produktas\/zarna-cp-ptfe-glass-inox-471-ec\/#primaryimage"},"thumbnailUrl":"https:\/\/enviteka.lt\/wp-content\/uploads\/2025\/03\/zarna_471.jpg","datePublished":"2025-03-31T07:46:54+00:00","dateModified":"2025-04-03T18:00:24+00:00","description":"Idealiai tinka naudoti chemijos pramon\u0117je ir sprogimo pavojingose zonose, kur reikalingas auk\u0161tas atsparumas kar\u0161\u010diui ir chemikalams. Pristatymas 1-2 d.d.","breadcrumb":{"@id":"https:\/\/enviteka.lt\/produktas\/zarna-cp-ptfe-glass-inox-471-ec\/#breadcrumb"},"inLanguage":"en-US","potentialAction":[{"@type":"ReadAction","target":["https:\/\/enviteka.lt\/produktas\/zarna-cp-ptfe-glass-inox-471-ec\/"]}]},{"@type":"ImageObject","inLanguage":"en-US","@id":"https:\/\/enviteka.lt\/produktas\/zarna-cp-ptfe-glass-inox-471-ec\/#primaryimage","url":"https:\/\/enviteka.lt\/wp-content\/uploads\/2025\/03\/zarna_471.jpg","contentUrl":"https:\/\/enviteka.lt\/wp-content\/uploads\/2025\/03\/zarna_471.jpg","width":960,"height":584},{"@type":"BreadcrumbList","@id":"https:\/\/enviteka.lt\/produktas\/zarna-cp-ptfe-glass-inox-471-ec\/#breadcrumb","itemListElement":[{"@type":"ListItem","position":1,"name":"Home","item":"https:\/\/enviteka.lt\/"},{"@type":"ListItem","position":2,"name":"Produktai","item":"https:\/\/enviteka.lt\/produktai\/"},{"@type":"ListItem","position":3,"name":"\u017darna CP PTFE\/GLASS-INOX 471 EC"}]},{"@type":"WebSite","@id":"https:\/\/enviteka.lt\/#website","url":"https:\/\/enviteka.lt\/","name":"ENVITEKA","description":"pramonin\u0117s \u012frangos tiek\u0117jas","publisher":{"@id":"https:\/\/enviteka.lt\/#organization"},"potentialAction":[{"@type":"SearchAction","target":{"@type":"EntryPoint","urlTemplate":"https:\/\/enviteka.lt\/?s={search_term_string}"},"query-input":{"@type":"PropertyValueSpecification","valueRequired":true,"valueName":"search_term_string"}}],"inLanguage":"en-US"},{"@type":"Organization","@id":"https:\/\/enviteka.lt\/#organization","name":"ENVITEKA","url":"https:\/\/enviteka.lt\/","logo":{"@type":"ImageObject","inLanguage":"en-US","@id":"https:\/\/enviteka.lt\/#\/schema\/logo\/image\/","url":"https:\/\/enviteka.lt\/wp-content\/uploads\/2024\/10\/enviteka-high-resolution-logo-transparent-e1742852093377.png","contentUrl":"https:\/\/enviteka.lt\/wp-content\/uploads\/2024\/10\/enviteka-high-resolution-logo-transparent-e1742852093377.png","width":424,"height":150,"caption":"ENVITEKA"},"image":{"@id":"https:\/\/enviteka.lt\/#\/schema\/logo\/image\/"}}]}},"_links":{"self":[{"href":"https:\/\/enviteka.lt\/en\/wp-json\/wp\/v2\/product\/1335","targetHints":{"allow":["GET"]}}],"collection":[{"href":"https:\/\/enviteka.lt\/en\/wp-json\/wp\/v2\/product"}],"about":[{"href":"https:\/\/enviteka.lt\/en\/wp-json\/wp\/v2\/types\/product"}],"wp:featuredmedia":[{"embeddable":true,"href":"https:\/\/enviteka.lt\/en\/wp-json\/wp\/v2\/media\/1340"}],"wp:attachment":[{"href":"https:\/\/enviteka.lt\/en\/wp-json\/wp\/v2\/media?parent=1335"}],"wp:term":[{"taxonomy":"product_brand","embeddable":true,"href":"https:\/\/enviteka.lt\/en\/wp-json\/wp\/v2\/product_brand?post=1335"},{"taxonomy":"product_cat","embeddable":true,"href":"https:\/\/enviteka.lt\/en\/wp-json\/wp\/v2\/product_cat?post=1335"},{"taxonomy":"product_tag","embeddable":true,"href":"https:\/\/enviteka.lt\/en\/wp-json\/wp\/v2\/product_tag?post=1335"}],"curies":[{"name":"wp","href":"https:\/\/api.w.org\/{rel}","templated":true}]}}