{"id":1331,"date":"2025-03-31T07:36:36","date_gmt":"2025-03-31T07:36:36","guid":{"rendered":"https:\/\/enviteka.lt\/?post_type=product&#038;p=1331"},"modified":"2025-04-03T17:59:12","modified_gmt":"2025-04-03T17:59:12","slug":"zarna-cp-viton-459-ec","status":"publish","type":"product","link":"https:\/\/enviteka.lt\/en\/product\/zarna-cp-viton-459-ec\/","title":{"rendered":"\u017darna CP VITON 459 EC"},"content":{"rendered":"<p><strong>Elektrai laidi \u017earna su \u012ftvirtinimo profiliu (Clip Hose), labai atspari chemin\u0117ms med\u017eiagoms (iki +210\u00b0C)<\/strong><\/p>\n<p><strong>Pritaikymas:<\/strong><\/p>\n<p>Chemijos pramon\u0117: Chemini\u0173 gar\u0173, gar\u0173 gr\u0105\u017einimo \u017earna krovos armat\u016bros, da\u017e\u0173 gar\u0173, pur\u0161kimo dulki\u0173 \u0161alinimas<\/p>\n<p>Kar\u0161toms ir \u0161altoms dujoms, dulk\u0117ms, milteliams ir pluo\u0161tams<\/p>\n<p>Sprogimo pavojus: Tinka naudoti sprogimo pavojingose zonose su degiais dulk\u0117mis ir dujomis<\/p>\n<p>Naudojama dujoms ar skys\u010diams transportuoti ir i\u0161pl\u0117timo kompensavimui \u012fvairiose pramon\u0117s \u0161akose<\/p>\n<p>Savyb\u0117s:<\/p>\n<p>Apsauga nuo dilimo: I\u0161orin\u0117 \u012ftempimo profilio apsauga, padidinanti patvarum\u0105<\/p>\n<p>Tvirtas suspaudimas: Sienel\u0117 yra tvirtai laikoma viduje \u012ftempimo profilyje<\/p>\n<p>Labai lankstus ir suspaud\u017eiamas (4:1): Lengvai valdomas ir saugomas<\/p>\n<p>Puikus atsparumas kar\u0161\u010diui: Tinka auk\u0161tos temperat\u016bros naudojimui<\/p>\n<p>Atsparumas alyvoms, benzinui ir chemin\u0117ms med\u017eiagoms: Tinka sunkioms chemin\u0117ms aplinkoms<\/p>\n<p>Geras atsparumas \u0161armams ir r\u016bg\u0161tims<\/p>\n<p>Elektros laidumas: Sienos pavir\u0161iaus atsparumas &lt;10\u2074\u2126 (pagal NFPA 652 &lt;10\u2076\u2126)<\/p>\n<p>ATEX sertifikatas: Leid\u017eiama naudoti sprogimo pavojingose zonose (Zona 0, 1, 2 ir 22) su dujomis ir degiais dulki\u0173<\/p>\n<p>Atitinka RoHS ir REACH gaires: Saugu naudoti pagal aplinkos ir sveikatos standartus<\/p>\n<p><strong>Temperat\u016bros diapazonas:<\/strong><\/p>\n<p>-20\u00b0C iki 210\u00b0C: Veikia tiek \u017eemoje, tiek auk\u0161toje temperat\u016broje<\/p>\n<p><strong>Konstrukcija:<\/strong><\/p>\n<p>CP konstrukcija: \u012etempimo profil\u012f palaikantis spiralinis elementas pagamintas i\u0161 cinkuoto plieno<\/p>\n<p>Sienel\u0117s med\u017eiaga: VITON\u00ae padengta poliesterio audinio med\u017eiaga<\/p>\n<p>Vidinis skersmuo nuo 38 mm iki 600 mm, kreipkit\u0117s d\u0117l reikiamo skersmens ir ilgio.<\/p>\n<p><strong>Pristatymas: 1-2 d.d.<\/strong><\/p>\n<p>Susisiekite su mumis nor\u0117dami gauti daugiau informacijos ar u\u017esisakyti. Pad\u0117sime pasirinkti geriausi\u0105 sprendim\u0105 pagal j\u016bs\u0173 poreikius, u\u017etikrinsime geriausi\u0105 kain\u0105 rinkoje ir greit\u0105 pristatym\u0105.<\/p>","protected":false},"excerpt":{"rendered":"<p>Elektrai laidi \u017earna su \u012ftvirtinimo profiliu (Clip Hose), labai atspari chemin\u0117ms med\u017eiagoms (iki +210\u00b0C) Pritaikymas: Chemijos pramon\u0117: Chemini\u0173 gar\u0173, gar\u0173 [&hellip;]<\/p>","protected":false},"featured_media":1332,"template":"","meta":{"site-sidebar-layout":"default","site-content-layout":"","ast-site-content-layout":"default","site-content-style":"default","site-sidebar-style":"default","ast-global-header-display":"","ast-banner-title-visibility":"","ast-main-header-display":"","ast-hfb-above-header-display":"","ast-hfb-below-header-display":"","ast-hfb-mobile-header-display":"","site-post-title":"","ast-breadcrumbs-content":"","ast-featured-img":"","footer-sml-layout":"","ast-disable-related-posts":"","theme-transparent-header-meta":"default","adv-header-id-meta":"","stick-header-meta":"","header-above-stick-meta":"","header-main-stick-meta":"","header-below-stick-meta":"","astra-migrate-meta-layouts":"set","ast-page-background-enabled":"default","ast-page-background-meta":{"desktop":{"background-color":"var(--ast-global-color-4)","background-image":"","background-repeat":"repeat","background-position":"center center","background-size":"auto","background-attachment":"scroll","background-type":"","background-media":"","overlay-type":"","overlay-color":"","overlay-opacity":"","overlay-gradient":""},"tablet":{"background-color":"","background-image":"","background-repeat":"repeat","background-position":"center center","background-size":"auto","background-attachment":"scroll","background-type":"","background-media":"","overlay-type":"","overlay-color":"","overlay-opacity":"","overlay-gradient":""},"mobile":{"background-color":"","background-image":"","background-repeat":"repeat","background-position":"center center","background-size":"auto","background-attachment":"scroll","background-type":"","background-media":"","overlay-type":"","overlay-color":"","overlay-opacity":"","overlay-gradient":""}},"ast-content-background-meta":{"desktop":{"background-color":"var(--ast-global-color-5)","background-image":"","background-repeat":"repeat","background-position":"center center","background-size":"auto","background-attachment":"scroll","background-type":"","background-media":"","overlay-type":"","overlay-color":"","overlay-opacity":"","overlay-gradient":""},"tablet":{"background-color":"var(--ast-global-color-5)","background-image":"","background-repeat":"repeat","background-position":"center center","background-size":"auto","background-attachment":"scroll","background-type":"","background-media":"","overlay-type":"","overlay-color":"","overlay-opacity":"","overlay-gradient":""},"mobile":{"background-color":"var(--ast-global-color-5)","background-image":"","background-repeat":"repeat","background-position":"center center","background-size":"auto","background-attachment":"scroll","background-type":"","background-media":"","overlay-type":"","overlay-color":"","overlay-opacity":"","overlay-gradient":""}}},"product_brand":[],"product_cat":[123,125],"product_tag":[],"class_list":{"0":"post-1331","1":"product","2":"type-product","3":"status-publish","4":"has-post-thumbnail","6":"product_cat-elektrostatiniui-kruviui-laidzios-zarnos","7":"product_cat-medziagines-zarnos","8":"desktop-align-left","9":"tablet-align-left","10":"mobile-align-left","12":"first","13":"instock","14":"shipping-taxable","15":"purchasable","16":"product-type-simple"},"yoast_head":"<!-- This site is optimized with the Yoast SEO plugin v27.3 - https:\/\/yoast.com\/product\/yoast-seo-wordpress\/ -->\n<title>\u017darna CP VITON 459 EC - ENVITEKA<\/title>\n<meta name=\"description\" content=\"Chemijos pramon\u0117: Chemini\u0173 gar\u0173, gar\u0173 gr\u0105\u017einimo \u017earna krovos armat\u016bros, da\u017e\u0173 gar\u0173, pur\u0161kimo dulki\u0173 \u0161alinimas. Pristatymas 1-2 d.d.\" \/>\n<meta name=\"robots\" content=\"index, follow, max-snippet:-1, max-image-preview:large, max-video-preview:-1\" \/>\n<link rel=\"canonical\" href=\"https:\/\/enviteka.lt\/en\/product\/zarna-cp-viton-459-ec\/\" \/>\n<meta property=\"og:locale\" content=\"en_US\" \/>\n<meta property=\"og:type\" content=\"article\" \/>\n<meta property=\"og:title\" content=\"\u017darna CP VITON 459 EC - ENVITEKA\" \/>\n<meta property=\"og:description\" content=\"Chemijos pramon\u0117: Chemini\u0173 gar\u0173, gar\u0173 gr\u0105\u017einimo \u017earna krovos armat\u016bros, da\u017e\u0173 gar\u0173, pur\u0161kimo dulki\u0173 \u0161alinimas. Pristatymas 1-2 d.d.\" \/>\n<meta property=\"og:url\" content=\"https:\/\/enviteka.lt\/en\/product\/zarna-cp-viton-459-ec\/\" \/>\n<meta property=\"og:site_name\" content=\"ENVITEKA\" \/>\n<meta property=\"article:modified_time\" content=\"2025-04-03T17:59:12+00:00\" \/>\n<meta property=\"og:image\" content=\"https:\/\/enviteka.lt\/wp-content\/uploads\/2025\/03\/zarna_viton_459_enviteka.jpg\" \/>\n\t<meta property=\"og:image:width\" content=\"1011\" \/>\n\t<meta property=\"og:image:height\" content=\"610\" \/>\n\t<meta property=\"og:image:type\" content=\"image\/jpeg\" \/>\n<meta name=\"twitter:card\" content=\"summary_large_image\" \/>\n<meta name=\"twitter:label1\" content=\"Est. reading time\" \/>\n\t<meta name=\"twitter:data1\" content=\"2 minutes\" \/>\n<script type=\"application\/ld+json\" class=\"yoast-schema-graph\">{\"@context\":\"https:\\\/\\\/schema.org\",\"@graph\":[{\"@type\":\"WebPage\",\"@id\":\"https:\\\/\\\/enviteka.lt\\\/produktas\\\/zarna-cp-viton-459-ec\\\/\",\"url\":\"https:\\\/\\\/enviteka.lt\\\/produktas\\\/zarna-cp-viton-459-ec\\\/\",\"name\":\"\u017darna CP VITON 459 EC - ENVITEKA\",\"isPartOf\":{\"@id\":\"https:\\\/\\\/enviteka.lt\\\/#website\"},\"primaryImageOfPage\":{\"@id\":\"https:\\\/\\\/enviteka.lt\\\/produktas\\\/zarna-cp-viton-459-ec\\\/#primaryimage\"},\"image\":{\"@id\":\"https:\\\/\\\/enviteka.lt\\\/produktas\\\/zarna-cp-viton-459-ec\\\/#primaryimage\"},\"thumbnailUrl\":\"https:\\\/\\\/enviteka.lt\\\/wp-content\\\/uploads\\\/2025\\\/03\\\/zarna_viton_459_enviteka.jpg\",\"datePublished\":\"2025-03-31T07:36:36+00:00\",\"dateModified\":\"2025-04-03T17:59:12+00:00\",\"description\":\"Chemijos pramon\u0117: Chemini\u0173 gar\u0173, gar\u0173 gr\u0105\u017einimo \u017earna krovos armat\u016bros, da\u017e\u0173 gar\u0173, pur\u0161kimo dulki\u0173 \u0161alinimas. Pristatymas 1-2 d.d.\",\"breadcrumb\":{\"@id\":\"https:\\\/\\\/enviteka.lt\\\/produktas\\\/zarna-cp-viton-459-ec\\\/#breadcrumb\"},\"inLanguage\":\"en-US\",\"potentialAction\":[{\"@type\":\"ReadAction\",\"target\":[\"https:\\\/\\\/enviteka.lt\\\/produktas\\\/zarna-cp-viton-459-ec\\\/\"]}]},{\"@type\":\"ImageObject\",\"inLanguage\":\"en-US\",\"@id\":\"https:\\\/\\\/enviteka.lt\\\/produktas\\\/zarna-cp-viton-459-ec\\\/#primaryimage\",\"url\":\"https:\\\/\\\/enviteka.lt\\\/wp-content\\\/uploads\\\/2025\\\/03\\\/zarna_viton_459_enviteka.jpg\",\"contentUrl\":\"https:\\\/\\\/enviteka.lt\\\/wp-content\\\/uploads\\\/2025\\\/03\\\/zarna_viton_459_enviteka.jpg\",\"width\":1011,\"height\":610},{\"@type\":\"BreadcrumbList\",\"@id\":\"https:\\\/\\\/enviteka.lt\\\/produktas\\\/zarna-cp-viton-459-ec\\\/#breadcrumb\",\"itemListElement\":[{\"@type\":\"ListItem\",\"position\":1,\"name\":\"Home\",\"item\":\"https:\\\/\\\/enviteka.lt\\\/\"},{\"@type\":\"ListItem\",\"position\":2,\"name\":\"Produktai\",\"item\":\"https:\\\/\\\/enviteka.lt\\\/produktai\\\/\"},{\"@type\":\"ListItem\",\"position\":3,\"name\":\"\u017darna CP VITON 459 EC\"}]},{\"@type\":\"WebSite\",\"@id\":\"https:\\\/\\\/enviteka.lt\\\/#website\",\"url\":\"https:\\\/\\\/enviteka.lt\\\/\",\"name\":\"ENVITEKA\",\"description\":\"pramonin\u0117s \u012frangos tiek\u0117jas\",\"publisher\":{\"@id\":\"https:\\\/\\\/enviteka.lt\\\/#organization\"},\"potentialAction\":[{\"@type\":\"SearchAction\",\"target\":{\"@type\":\"EntryPoint\",\"urlTemplate\":\"https:\\\/\\\/enviteka.lt\\\/?s={search_term_string}\"},\"query-input\":{\"@type\":\"PropertyValueSpecification\",\"valueRequired\":true,\"valueName\":\"search_term_string\"}}],\"inLanguage\":\"en-US\"},{\"@type\":\"Organization\",\"@id\":\"https:\\\/\\\/enviteka.lt\\\/#organization\",\"name\":\"ENVITEKA\",\"url\":\"https:\\\/\\\/enviteka.lt\\\/\",\"logo\":{\"@type\":\"ImageObject\",\"inLanguage\":\"en-US\",\"@id\":\"https:\\\/\\\/enviteka.lt\\\/#\\\/schema\\\/logo\\\/image\\\/\",\"url\":\"https:\\\/\\\/enviteka.lt\\\/wp-content\\\/uploads\\\/2024\\\/10\\\/enviteka-high-resolution-logo-transparent-e1742852093377.png\",\"contentUrl\":\"https:\\\/\\\/enviteka.lt\\\/wp-content\\\/uploads\\\/2024\\\/10\\\/enviteka-high-resolution-logo-transparent-e1742852093377.png\",\"width\":424,\"height\":150,\"caption\":\"ENVITEKA\"},\"image\":{\"@id\":\"https:\\\/\\\/enviteka.lt\\\/#\\\/schema\\\/logo\\\/image\\\/\"}}]}<\/script>\n<!-- \/ Yoast SEO plugin. -->","yoast_head_json":{"title":"\u017darna CP VITON 459 EC - ENVITEKA","description":"Chemijos pramon\u0117: Chemini\u0173 gar\u0173, gar\u0173 gr\u0105\u017einimo \u017earna krovos armat\u016bros, da\u017e\u0173 gar\u0173, pur\u0161kimo dulki\u0173 \u0161alinimas. Pristatymas 1-2 d.d.","robots":{"index":"index","follow":"follow","max-snippet":"max-snippet:-1","max-image-preview":"max-image-preview:large","max-video-preview":"max-video-preview:-1"},"canonical":"https:\/\/enviteka.lt\/en\/product\/zarna-cp-viton-459-ec\/","og_locale":"en_US","og_type":"article","og_title":"\u017darna CP VITON 459 EC - ENVITEKA","og_description":"Chemijos pramon\u0117: Chemini\u0173 gar\u0173, gar\u0173 gr\u0105\u017einimo \u017earna krovos armat\u016bros, da\u017e\u0173 gar\u0173, pur\u0161kimo dulki\u0173 \u0161alinimas. Pristatymas 1-2 d.d.","og_url":"https:\/\/enviteka.lt\/en\/product\/zarna-cp-viton-459-ec\/","og_site_name":"ENVITEKA","article_modified_time":"2025-04-03T17:59:12+00:00","og_image":[{"width":1011,"height":610,"url":"https:\/\/enviteka.lt\/wp-content\/uploads\/2025\/03\/zarna_viton_459_enviteka.jpg","type":"image\/jpeg"}],"twitter_card":"summary_large_image","twitter_misc":{"Est. reading time":"2 minutes"},"schema":{"@context":"https:\/\/schema.org","@graph":[{"@type":"WebPage","@id":"https:\/\/enviteka.lt\/produktas\/zarna-cp-viton-459-ec\/","url":"https:\/\/enviteka.lt\/produktas\/zarna-cp-viton-459-ec\/","name":"\u017darna CP VITON 459 EC - ENVITEKA","isPartOf":{"@id":"https:\/\/enviteka.lt\/#website"},"primaryImageOfPage":{"@id":"https:\/\/enviteka.lt\/produktas\/zarna-cp-viton-459-ec\/#primaryimage"},"image":{"@id":"https:\/\/enviteka.lt\/produktas\/zarna-cp-viton-459-ec\/#primaryimage"},"thumbnailUrl":"https:\/\/enviteka.lt\/wp-content\/uploads\/2025\/03\/zarna_viton_459_enviteka.jpg","datePublished":"2025-03-31T07:36:36+00:00","dateModified":"2025-04-03T17:59:12+00:00","description":"Chemijos pramon\u0117: Chemini\u0173 gar\u0173, gar\u0173 gr\u0105\u017einimo \u017earna krovos armat\u016bros, da\u017e\u0173 gar\u0173, pur\u0161kimo dulki\u0173 \u0161alinimas. Pristatymas 1-2 d.d.","breadcrumb":{"@id":"https:\/\/enviteka.lt\/produktas\/zarna-cp-viton-459-ec\/#breadcrumb"},"inLanguage":"en-US","potentialAction":[{"@type":"ReadAction","target":["https:\/\/enviteka.lt\/produktas\/zarna-cp-viton-459-ec\/"]}]},{"@type":"ImageObject","inLanguage":"en-US","@id":"https:\/\/enviteka.lt\/produktas\/zarna-cp-viton-459-ec\/#primaryimage","url":"https:\/\/enviteka.lt\/wp-content\/uploads\/2025\/03\/zarna_viton_459_enviteka.jpg","contentUrl":"https:\/\/enviteka.lt\/wp-content\/uploads\/2025\/03\/zarna_viton_459_enviteka.jpg","width":1011,"height":610},{"@type":"BreadcrumbList","@id":"https:\/\/enviteka.lt\/produktas\/zarna-cp-viton-459-ec\/#breadcrumb","itemListElement":[{"@type":"ListItem","position":1,"name":"Home","item":"https:\/\/enviteka.lt\/"},{"@type":"ListItem","position":2,"name":"Produktai","item":"https:\/\/enviteka.lt\/produktai\/"},{"@type":"ListItem","position":3,"name":"\u017darna CP VITON 459 EC"}]},{"@type":"WebSite","@id":"https:\/\/enviteka.lt\/#website","url":"https:\/\/enviteka.lt\/","name":"ENVITEKA","description":"pramonin\u0117s \u012frangos tiek\u0117jas","publisher":{"@id":"https:\/\/enviteka.lt\/#organization"},"potentialAction":[{"@type":"SearchAction","target":{"@type":"EntryPoint","urlTemplate":"https:\/\/enviteka.lt\/?s={search_term_string}"},"query-input":{"@type":"PropertyValueSpecification","valueRequired":true,"valueName":"search_term_string"}}],"inLanguage":"en-US"},{"@type":"Organization","@id":"https:\/\/enviteka.lt\/#organization","name":"ENVITEKA","url":"https:\/\/enviteka.lt\/","logo":{"@type":"ImageObject","inLanguage":"en-US","@id":"https:\/\/enviteka.lt\/#\/schema\/logo\/image\/","url":"https:\/\/enviteka.lt\/wp-content\/uploads\/2024\/10\/enviteka-high-resolution-logo-transparent-e1742852093377.png","contentUrl":"https:\/\/enviteka.lt\/wp-content\/uploads\/2024\/10\/enviteka-high-resolution-logo-transparent-e1742852093377.png","width":424,"height":150,"caption":"ENVITEKA"},"image":{"@id":"https:\/\/enviteka.lt\/#\/schema\/logo\/image\/"}}]}},"_links":{"self":[{"href":"https:\/\/enviteka.lt\/en\/wp-json\/wp\/v2\/product\/1331","targetHints":{"allow":["GET"]}}],"collection":[{"href":"https:\/\/enviteka.lt\/en\/wp-json\/wp\/v2\/product"}],"about":[{"href":"https:\/\/enviteka.lt\/en\/wp-json\/wp\/v2\/types\/product"}],"wp:featuredmedia":[{"embeddable":true,"href":"https:\/\/enviteka.lt\/en\/wp-json\/wp\/v2\/media\/1332"}],"wp:attachment":[{"href":"https:\/\/enviteka.lt\/en\/wp-json\/wp\/v2\/media?parent=1331"}],"wp:term":[{"taxonomy":"product_brand","embeddable":true,"href":"https:\/\/enviteka.lt\/en\/wp-json\/wp\/v2\/product_brand?post=1331"},{"taxonomy":"product_cat","embeddable":true,"href":"https:\/\/enviteka.lt\/en\/wp-json\/wp\/v2\/product_cat?post=1331"},{"taxonomy":"product_tag","embeddable":true,"href":"https:\/\/enviteka.lt\/en\/wp-json\/wp\/v2\/product_tag?post=1331"}],"curies":[{"name":"wp","href":"https:\/\/api.w.org\/{rel}","templated":true}]}}