{"id":1327,"date":"2025-03-31T07:28:56","date_gmt":"2025-03-31T07:28:56","guid":{"rendered":"https:\/\/enviteka.lt\/?post_type=product&#038;p=1327"},"modified":"2025-04-03T17:57:48","modified_gmt":"2025-04-03T17:57:48","slug":"zarna-cp-ptfe-hyp-inox-472","status":"publish","type":"product","link":"https:\/\/enviteka.lt\/en\/product\/zarna-cp-ptfe-hyp-inox-472\/","title":{"rendered":"\u017darna CP PTFE\/HYP-INOX 472"},"content":{"rendered":"<p><strong>\u017darna su \u012ftvirtinimo profiliais (Clip Hose), dviej\u0173 sluoksni\u0173 konstrukcija, iki +170\u00b0C<\/strong><\/p>\n<p><strong>Paskirtis:<\/strong><\/p>\n<p>Lanksti \u017earna kar\u0161toms ir \u0161altoms dujoms bei dulk\u0117ms, milteliams ir pluo\u0161tams: Tinka tiek \u0161altoms, tiek kar\u0161toms dujoms, dulki\u0173, milteli\u0173 ir pluo\u0161t\u0173 transportavimui \u012fvairiose pramon\u0117s \u0161akose.<\/p>\n<p>Chemin\u0117 pramon\u0117: Cheminiams garams, gar\u0173 gr\u0105\u017einimo \u017earnoms pakrovimo rankoje, da\u017e\u0173 garams ir pur\u0161kimo r\u016bko \u0161alinimui.<\/p>\n<p><strong>Savyb\u0117s:<\/strong><\/p>\n<p>Apsauga nuo dilimo: Apsaugota i\u0161oriniu \u012ftvirtinimo profiliu, u\u017etikrinant ilgaam\u017ei\u0161kum\u0105 ir atsparum\u0105 fiziniam poveikiui.<\/p>\n<p>Saugus sienos \u012ftvirtinimas \u012ftvirtinimo profilyje: Patikimai laikoma \u017earnos konstrukcija, u\u017etikrinant stabilum\u0105.<\/p>\n<p>Ypa\u010d lanksti ir suspaud\u017eiama (4:1): U\u017etikrina optimal\u0173 lankstum\u0105 ir lengv\u0105 montavim\u0105 bei naudojim\u0105.<\/p>\n<p>Labai geras atsparumas auk\u0161tai temperat\u016brai: Gali atlaikyti temperat\u016bras nuo -40\u00b0C iki +170\u00b0C.<\/p>\n<p>\u017darna pasi\u017eymi savyb\u0117mis, kurios neleid\u017eia med\u017eiagoms prilipti prie jos pavir\u0161iaus, u\u017etikrinant lengv\u0105 valym\u0105 ir ilg\u0105 tarnavimo laik\u0105.<\/p>\n<p>Atsparumas \u0161armams ir r\u016bg\u0161tims: Tinka naudoti agresyviose aplinkose, kuriose veikia \u0161arm\u0173 ir r\u016bg\u0161\u010di\u0173 poveikis.<\/p>\n<p>Auk\u0161tas atsparumas chemin\u0117ms med\u017eiagoms: Puikiai atspari \u012fvairi\u0173 r\u016b\u0161i\u0173 chemikalams.<\/p>\n<p>Atitinka RoHS reikalavimus: \u017darna atitinka aplinkosaugos reikalavimus ir yra saugi vartotojui.<\/p>\n<p>REACH atitiktis: Atitinka Europos S\u0105jungos REACH reglament\u0105, u\u017etikrinant saugi\u0105 aplink\u0105.<\/p>\n<p><strong>Temperat\u016bros diapazonas:<\/strong><\/p>\n<p>Darbin\u0117 temperat\u016bra: Nuo -40\u00b0C iki +170\u00b0C.<\/p>\n<p><strong>Konstrukcija:<\/strong><\/p>\n<p>CP konstrukcija (Clamp Profile): U\u017etikrina patikim\u0105 tvirtinim\u0105 ir ilgaam\u017ei\u0161kum\u0105.<\/p>\n<p>Integruota viso ner\u016bdijan\u010dio plieno (INOX) spyruokl\u0117: Tvirtas ir atsparus konstrukcijos elementas.<\/p>\n<p>Dviej\u0173 sluoksni\u0173 konstrukcija: Sienos viduje naudojama PTFE pl\u0117vel\u0117, o i\u0161or\u0117je \u2013 CSM dengt\u0105 poliesterio audin\u012f. PTFE pl\u0117vel\u0117 u\u017etikrina puik\u0173 atsparum\u0105 \u012fvairiems cheminiams ir temperat\u016briniams poveikiams.<\/p>\n<p>TEFLON\u00ae prek\u0117s \u017eenklas: Naudojama auk\u0161\u010diausios kokyb\u0117s med\u017eiaga, pripa\u017einta pramon\u0117je.<\/p>\n<p>Vidinis skersmuo nuo 50 mm iki 500 mm, kreipkit\u0117s d\u0117l reikiamo skersmens ir ilgio.<\/p>\n<p><strong>Pristatymas: 1-2 d.d.<\/strong><\/p>\n<p>Susisiekite su mumis nor\u0117dami gauti daugiau informacijos ar u\u017esisakyti. Pad\u0117sime pasirinkti geriausi\u0105 sprendim\u0105 pagal j\u016bs\u0173 poreikius, u\u017etikrinsime geriausi\u0105 kain\u0105 rinkoje ir greit\u0105 pristatym\u0105.<\/p>","protected":false},"excerpt":{"rendered":"<p>\u017darna su \u012ftvirtinimo profiliais (Clip Hose), dviej\u0173 sluoksni\u0173 konstrukcija, iki +170\u00b0C Paskirtis: Lanksti \u017earna kar\u0161toms ir \u0161altoms dujoms bei dulk\u0117ms, [&hellip;]<\/p>","protected":false},"featured_media":1328,"template":"","meta":{"site-sidebar-layout":"default","site-content-layout":"","ast-site-content-layout":"default","site-content-style":"default","site-sidebar-style":"default","ast-global-header-display":"","ast-banner-title-visibility":"","ast-main-header-display":"","ast-hfb-above-header-display":"","ast-hfb-below-header-display":"","ast-hfb-mobile-header-display":"","site-post-title":"","ast-breadcrumbs-content":"","ast-featured-img":"","footer-sml-layout":"","ast-disable-related-posts":"","theme-transparent-header-meta":"default","adv-header-id-meta":"","stick-header-meta":"","header-above-stick-meta":"","header-main-stick-meta":"","header-below-stick-meta":"","astra-migrate-meta-layouts":"set","ast-page-background-enabled":"default","ast-page-background-meta":{"desktop":{"background-color":"var(--ast-global-color-4)","background-image":"","background-repeat":"repeat","background-position":"center center","background-size":"auto","background-attachment":"scroll","background-type":"","background-media":"","overlay-type":"","overlay-color":"","overlay-opacity":"","overlay-gradient":""},"tablet":{"background-color":"","background-image":"","background-repeat":"repeat","background-position":"center center","background-size":"auto","background-attachment":"scroll","background-type":"","background-media":"","overlay-type":"","overlay-color":"","overlay-opacity":"","overlay-gradient":""},"mobile":{"background-color":"","background-image":"","background-repeat":"repeat","background-position":"center center","background-size":"auto","background-attachment":"scroll","background-type":"","background-media":"","overlay-type":"","overlay-color":"","overlay-opacity":"","overlay-gradient":""}},"ast-content-background-meta":{"desktop":{"background-color":"var(--ast-global-color-5)","background-image":"","background-repeat":"repeat","background-position":"center center","background-size":"auto","background-attachment":"scroll","background-type":"","background-media":"","overlay-type":"","overlay-color":"","overlay-opacity":"","overlay-gradient":""},"tablet":{"background-color":"var(--ast-global-color-5)","background-image":"","background-repeat":"repeat","background-position":"center center","background-size":"auto","background-attachment":"scroll","background-type":"","background-media":"","overlay-type":"","overlay-color":"","overlay-opacity":"","overlay-gradient":""},"mobile":{"background-color":"var(--ast-global-color-5)","background-image":"","background-repeat":"repeat","background-position":"center center","background-size":"auto","background-attachment":"scroll","background-type":"","background-media":"","overlay-type":"","overlay-color":"","overlay-opacity":"","overlay-gradient":""}}},"product_brand":[],"product_cat":[125],"product_tag":[],"class_list":{"0":"post-1327","1":"product","2":"type-product","3":"status-publish","4":"has-post-thumbnail","6":"product_cat-medziagines-zarnos","7":"desktop-align-left","8":"tablet-align-left","9":"mobile-align-left","11":"first","12":"instock","13":"shipping-taxable","14":"purchasable","15":"product-type-simple"},"yoast_head":"<!-- This site is optimized with the Yoast SEO plugin v27.3 - https:\/\/yoast.com\/product\/yoast-seo-wordpress\/ -->\n<title>\u017darna CP PTFE\/HYP-INOX 472 - ENVITEKA<\/title>\n<meta name=\"description\" content=\"Lanksti \u017earna tinka tiek \u0161altoms, tiek kar\u0161toms dujoms, dulki\u0173, milteli\u0173 ir pluo\u0161t\u0173 transportavimui \u012fvairiose pramon\u0117s \u0161akose. Pristatymas 1-2 d.d.\" \/>\n<meta name=\"robots\" content=\"index, follow, max-snippet:-1, max-image-preview:large, max-video-preview:-1\" \/>\n<link rel=\"canonical\" href=\"https:\/\/enviteka.lt\/en\/product\/zarna-cp-ptfe-hyp-inox-472\/\" \/>\n<meta property=\"og:locale\" content=\"en_US\" \/>\n<meta property=\"og:type\" content=\"article\" \/>\n<meta property=\"og:title\" content=\"\u017darna CP PTFE\/HYP-INOX 472 - ENVITEKA\" \/>\n<meta property=\"og:description\" content=\"Lanksti \u017earna tinka tiek \u0161altoms, tiek kar\u0161toms dujoms, dulki\u0173, milteli\u0173 ir pluo\u0161t\u0173 transportavimui \u012fvairiose pramon\u0117s \u0161akose. Pristatymas 1-2 d.d.\" \/>\n<meta property=\"og:url\" content=\"https:\/\/enviteka.lt\/en\/product\/zarna-cp-ptfe-hyp-inox-472\/\" \/>\n<meta property=\"og:site_name\" content=\"ENVITEKA\" \/>\n<meta property=\"article:modified_time\" content=\"2025-04-03T17:57:48+00:00\" \/>\n<meta property=\"og:image\" content=\"https:\/\/enviteka.lt\/wp-content\/uploads\/2025\/03\/zarna_ptfe_hyp_inox_472.jpg\" \/>\n\t<meta property=\"og:image:width\" content=\"959\" \/>\n\t<meta property=\"og:image:height\" content=\"577\" \/>\n\t<meta property=\"og:image:type\" content=\"image\/jpeg\" \/>\n<meta name=\"twitter:card\" content=\"summary_large_image\" \/>\n<meta name=\"twitter:label1\" content=\"Est. reading time\" \/>\n\t<meta name=\"twitter:data1\" content=\"2 minutes\" \/>\n<script type=\"application\/ld+json\" class=\"yoast-schema-graph\">{\"@context\":\"https:\\\/\\\/schema.org\",\"@graph\":[{\"@type\":\"WebPage\",\"@id\":\"https:\\\/\\\/enviteka.lt\\\/produktas\\\/zarna-cp-ptfe-hyp-inox-472\\\/\",\"url\":\"https:\\\/\\\/enviteka.lt\\\/produktas\\\/zarna-cp-ptfe-hyp-inox-472\\\/\",\"name\":\"\u017darna CP PTFE\\\/HYP-INOX 472 - ENVITEKA\",\"isPartOf\":{\"@id\":\"https:\\\/\\\/enviteka.lt\\\/#website\"},\"primaryImageOfPage\":{\"@id\":\"https:\\\/\\\/enviteka.lt\\\/produktas\\\/zarna-cp-ptfe-hyp-inox-472\\\/#primaryimage\"},\"image\":{\"@id\":\"https:\\\/\\\/enviteka.lt\\\/produktas\\\/zarna-cp-ptfe-hyp-inox-472\\\/#primaryimage\"},\"thumbnailUrl\":\"https:\\\/\\\/enviteka.lt\\\/wp-content\\\/uploads\\\/2025\\\/03\\\/zarna_ptfe_hyp_inox_472.jpg\",\"datePublished\":\"2025-03-31T07:28:56+00:00\",\"dateModified\":\"2025-04-03T17:57:48+00:00\",\"description\":\"Lanksti \u017earna tinka tiek \u0161altoms, tiek kar\u0161toms dujoms, dulki\u0173, milteli\u0173 ir pluo\u0161t\u0173 transportavimui \u012fvairiose pramon\u0117s \u0161akose. Pristatymas 1-2 d.d.\",\"breadcrumb\":{\"@id\":\"https:\\\/\\\/enviteka.lt\\\/produktas\\\/zarna-cp-ptfe-hyp-inox-472\\\/#breadcrumb\"},\"inLanguage\":\"en-US\",\"potentialAction\":[{\"@type\":\"ReadAction\",\"target\":[\"https:\\\/\\\/enviteka.lt\\\/produktas\\\/zarna-cp-ptfe-hyp-inox-472\\\/\"]}]},{\"@type\":\"ImageObject\",\"inLanguage\":\"en-US\",\"@id\":\"https:\\\/\\\/enviteka.lt\\\/produktas\\\/zarna-cp-ptfe-hyp-inox-472\\\/#primaryimage\",\"url\":\"https:\\\/\\\/enviteka.lt\\\/wp-content\\\/uploads\\\/2025\\\/03\\\/zarna_ptfe_hyp_inox_472.jpg\",\"contentUrl\":\"https:\\\/\\\/enviteka.lt\\\/wp-content\\\/uploads\\\/2025\\\/03\\\/zarna_ptfe_hyp_inox_472.jpg\",\"width\":959,\"height\":577},{\"@type\":\"BreadcrumbList\",\"@id\":\"https:\\\/\\\/enviteka.lt\\\/produktas\\\/zarna-cp-ptfe-hyp-inox-472\\\/#breadcrumb\",\"itemListElement\":[{\"@type\":\"ListItem\",\"position\":1,\"name\":\"Home\",\"item\":\"https:\\\/\\\/enviteka.lt\\\/\"},{\"@type\":\"ListItem\",\"position\":2,\"name\":\"Produktai\",\"item\":\"https:\\\/\\\/enviteka.lt\\\/produktai\\\/\"},{\"@type\":\"ListItem\",\"position\":3,\"name\":\"\u017darna CP PTFE\\\/HYP-INOX 472\"}]},{\"@type\":\"WebSite\",\"@id\":\"https:\\\/\\\/enviteka.lt\\\/#website\",\"url\":\"https:\\\/\\\/enviteka.lt\\\/\",\"name\":\"ENVITEKA\",\"description\":\"pramonin\u0117s \u012frangos tiek\u0117jas\",\"publisher\":{\"@id\":\"https:\\\/\\\/enviteka.lt\\\/#organization\"},\"potentialAction\":[{\"@type\":\"SearchAction\",\"target\":{\"@type\":\"EntryPoint\",\"urlTemplate\":\"https:\\\/\\\/enviteka.lt\\\/?s={search_term_string}\"},\"query-input\":{\"@type\":\"PropertyValueSpecification\",\"valueRequired\":true,\"valueName\":\"search_term_string\"}}],\"inLanguage\":\"en-US\"},{\"@type\":\"Organization\",\"@id\":\"https:\\\/\\\/enviteka.lt\\\/#organization\",\"name\":\"ENVITEKA\",\"url\":\"https:\\\/\\\/enviteka.lt\\\/\",\"logo\":{\"@type\":\"ImageObject\",\"inLanguage\":\"en-US\",\"@id\":\"https:\\\/\\\/enviteka.lt\\\/#\\\/schema\\\/logo\\\/image\\\/\",\"url\":\"https:\\\/\\\/enviteka.lt\\\/wp-content\\\/uploads\\\/2024\\\/10\\\/enviteka-high-resolution-logo-transparent-e1742852093377.png\",\"contentUrl\":\"https:\\\/\\\/enviteka.lt\\\/wp-content\\\/uploads\\\/2024\\\/10\\\/enviteka-high-resolution-logo-transparent-e1742852093377.png\",\"width\":424,\"height\":150,\"caption\":\"ENVITEKA\"},\"image\":{\"@id\":\"https:\\\/\\\/enviteka.lt\\\/#\\\/schema\\\/logo\\\/image\\\/\"}}]}<\/script>\n<!-- \/ Yoast SEO plugin. -->","yoast_head_json":{"title":"\u017darna CP PTFE\/HYP-INOX 472 - ENVITEKA","description":"Lanksti \u017earna tinka tiek \u0161altoms, tiek kar\u0161toms dujoms, dulki\u0173, milteli\u0173 ir pluo\u0161t\u0173 transportavimui \u012fvairiose pramon\u0117s \u0161akose. Pristatymas 1-2 d.d.","robots":{"index":"index","follow":"follow","max-snippet":"max-snippet:-1","max-image-preview":"max-image-preview:large","max-video-preview":"max-video-preview:-1"},"canonical":"https:\/\/enviteka.lt\/en\/product\/zarna-cp-ptfe-hyp-inox-472\/","og_locale":"en_US","og_type":"article","og_title":"\u017darna CP PTFE\/HYP-INOX 472 - ENVITEKA","og_description":"Lanksti \u017earna tinka tiek \u0161altoms, tiek kar\u0161toms dujoms, dulki\u0173, milteli\u0173 ir pluo\u0161t\u0173 transportavimui \u012fvairiose pramon\u0117s \u0161akose. Pristatymas 1-2 d.d.","og_url":"https:\/\/enviteka.lt\/en\/product\/zarna-cp-ptfe-hyp-inox-472\/","og_site_name":"ENVITEKA","article_modified_time":"2025-04-03T17:57:48+00:00","og_image":[{"width":959,"height":577,"url":"https:\/\/enviteka.lt\/wp-content\/uploads\/2025\/03\/zarna_ptfe_hyp_inox_472.jpg","type":"image\/jpeg"}],"twitter_card":"summary_large_image","twitter_misc":{"Est. reading time":"2 minutes"},"schema":{"@context":"https:\/\/schema.org","@graph":[{"@type":"WebPage","@id":"https:\/\/enviteka.lt\/produktas\/zarna-cp-ptfe-hyp-inox-472\/","url":"https:\/\/enviteka.lt\/produktas\/zarna-cp-ptfe-hyp-inox-472\/","name":"\u017darna CP PTFE\/HYP-INOX 472 - ENVITEKA","isPartOf":{"@id":"https:\/\/enviteka.lt\/#website"},"primaryImageOfPage":{"@id":"https:\/\/enviteka.lt\/produktas\/zarna-cp-ptfe-hyp-inox-472\/#primaryimage"},"image":{"@id":"https:\/\/enviteka.lt\/produktas\/zarna-cp-ptfe-hyp-inox-472\/#primaryimage"},"thumbnailUrl":"https:\/\/enviteka.lt\/wp-content\/uploads\/2025\/03\/zarna_ptfe_hyp_inox_472.jpg","datePublished":"2025-03-31T07:28:56+00:00","dateModified":"2025-04-03T17:57:48+00:00","description":"Lanksti \u017earna tinka tiek \u0161altoms, tiek kar\u0161toms dujoms, dulki\u0173, milteli\u0173 ir pluo\u0161t\u0173 transportavimui \u012fvairiose pramon\u0117s \u0161akose. Pristatymas 1-2 d.d.","breadcrumb":{"@id":"https:\/\/enviteka.lt\/produktas\/zarna-cp-ptfe-hyp-inox-472\/#breadcrumb"},"inLanguage":"en-US","potentialAction":[{"@type":"ReadAction","target":["https:\/\/enviteka.lt\/produktas\/zarna-cp-ptfe-hyp-inox-472\/"]}]},{"@type":"ImageObject","inLanguage":"en-US","@id":"https:\/\/enviteka.lt\/produktas\/zarna-cp-ptfe-hyp-inox-472\/#primaryimage","url":"https:\/\/enviteka.lt\/wp-content\/uploads\/2025\/03\/zarna_ptfe_hyp_inox_472.jpg","contentUrl":"https:\/\/enviteka.lt\/wp-content\/uploads\/2025\/03\/zarna_ptfe_hyp_inox_472.jpg","width":959,"height":577},{"@type":"BreadcrumbList","@id":"https:\/\/enviteka.lt\/produktas\/zarna-cp-ptfe-hyp-inox-472\/#breadcrumb","itemListElement":[{"@type":"ListItem","position":1,"name":"Home","item":"https:\/\/enviteka.lt\/"},{"@type":"ListItem","position":2,"name":"Produktai","item":"https:\/\/enviteka.lt\/produktai\/"},{"@type":"ListItem","position":3,"name":"\u017darna CP PTFE\/HYP-INOX 472"}]},{"@type":"WebSite","@id":"https:\/\/enviteka.lt\/#website","url":"https:\/\/enviteka.lt\/","name":"ENVITEKA","description":"pramonin\u0117s \u012frangos tiek\u0117jas","publisher":{"@id":"https:\/\/enviteka.lt\/#organization"},"potentialAction":[{"@type":"SearchAction","target":{"@type":"EntryPoint","urlTemplate":"https:\/\/enviteka.lt\/?s={search_term_string}"},"query-input":{"@type":"PropertyValueSpecification","valueRequired":true,"valueName":"search_term_string"}}],"inLanguage":"en-US"},{"@type":"Organization","@id":"https:\/\/enviteka.lt\/#organization","name":"ENVITEKA","url":"https:\/\/enviteka.lt\/","logo":{"@type":"ImageObject","inLanguage":"en-US","@id":"https:\/\/enviteka.lt\/#\/schema\/logo\/image\/","url":"https:\/\/enviteka.lt\/wp-content\/uploads\/2024\/10\/enviteka-high-resolution-logo-transparent-e1742852093377.png","contentUrl":"https:\/\/enviteka.lt\/wp-content\/uploads\/2024\/10\/enviteka-high-resolution-logo-transparent-e1742852093377.png","width":424,"height":150,"caption":"ENVITEKA"},"image":{"@id":"https:\/\/enviteka.lt\/#\/schema\/logo\/image\/"}}]}},"_links":{"self":[{"href":"https:\/\/enviteka.lt\/en\/wp-json\/wp\/v2\/product\/1327","targetHints":{"allow":["GET"]}}],"collection":[{"href":"https:\/\/enviteka.lt\/en\/wp-json\/wp\/v2\/product"}],"about":[{"href":"https:\/\/enviteka.lt\/en\/wp-json\/wp\/v2\/types\/product"}],"wp:featuredmedia":[{"embeddable":true,"href":"https:\/\/enviteka.lt\/en\/wp-json\/wp\/v2\/media\/1328"}],"wp:attachment":[{"href":"https:\/\/enviteka.lt\/en\/wp-json\/wp\/v2\/media?parent=1327"}],"wp:term":[{"taxonomy":"product_brand","embeddable":true,"href":"https:\/\/enviteka.lt\/en\/wp-json\/wp\/v2\/product_brand?post=1327"},{"taxonomy":"product_cat","embeddable":true,"href":"https:\/\/enviteka.lt\/en\/wp-json\/wp\/v2\/product_cat?post=1327"},{"taxonomy":"product_tag","embeddable":true,"href":"https:\/\/enviteka.lt\/en\/wp-json\/wp\/v2\/product_tag?post=1327"}],"curies":[{"name":"wp","href":"https:\/\/api.w.org\/{rel}","templated":true}]}}