{"id":1317,"date":"2025-03-31T07:01:33","date_gmt":"2025-03-31T07:01:33","guid":{"rendered":"https:\/\/enviteka.lt\/?post_type=product&#038;p=1317"},"modified":"2025-04-03T17:58:50","modified_gmt":"2025-04-03T17:58:50","slug":"zarna-cp-pe-457","status":"publish","type":"product","link":"https:\/\/enviteka.lt\/en\/product\/zarna-cp-pe-457\/","title":{"rendered":"\u017darna CP PE 457"},"content":{"rendered":"<p><strong>Polietileno \u017darna su U\u017espaudimo Profiliais<br \/>\n<\/strong><\/p>\n<p><strong>Paskirtis:<\/strong><\/p>\n<p>Lanksti \u017earna dujoms ir dulk\u0117ms, milteliams, pluo\u0161tams: Tinka \u012fvairi\u0173 med\u017eiag\u0173, toki\u0173 kaip dulk\u0117s, dujos, milteliai ir pluo\u0161tai, transportavimui.<\/p>\n<p>Chemin\u0117 pramon\u0117: Naudojama cheminiams garams, gar\u0173 gr\u0105\u017einimo \u017earnoms pakrovimo rankoje, da\u017e\u0173 garams ir pur\u0161kimo r\u016bko \u0161alinimui.<\/p>\n<p>Asbesto pa\u0161alinimas: Naudojama kaip dalis sistemos, skirtos asbesto pa\u0161alinimui i\u0161 pavojing\u0173 teritorij\u0173.<\/p>\n<p>Statyb\u0173 d\u017eiovinimas: Tinka naudojimui statyb\u0173 aik\u0161tel\u0117se, kur reikalingas dr\u0117gm\u0117s kontrol\u0117s sprendimas.<\/p>\n<p><strong>Savyb\u0117s:<\/strong><\/p>\n<p>Apsauga nuo dilimo per i\u0161orin\u012f u\u017espaudimo profil\u012f: U\u017etikrina papildom\u0105 apsaug\u0105 ir ilgaam\u017ei\u0161kum\u0105 net ir intensyviai naudojant.<\/p>\n<p>Saugus sienos u\u017espaudimas viduje u\u017espaudimo profilyje: Patikimai pritvirtina \u017earn\u0105, kad i\u0161vengt\u0173 pa\u017eeidim\u0173.<\/p>\n<p>Labai lanksti ir suspaud\u017eiama (4:1): \u017darna labai lanksti, lengvai suspaud\u017eiama, kad u\u017eimt\u0173 ma\u017eiau vietos ir b\u016bt\u0173 patogi naudoti.<\/p>\n<p>Be kvapo ir skonio: \u017darna nesukelia kvapo ir skonio, tod\u0117l tinkama naudoti jautriose pramon\u0117s \u0161akose.<\/p>\n<p>Atsparumas r\u016bg\u0161tims ir \u0161armams: Puikiai atspari \u012fvairioms chemin\u0117ms med\u017eiagoms ir agresyviems tirpalams.<\/p>\n<p>Ypa\u010d didelis atsparumas chemin\u0117ms med\u017eiagoms: Puikiai atspari \u012fvairiems chemikalams ir kitoms agresyvioms med\u017eiagoms.<\/p>\n<p>Atitinka RoHS reikalavimus: Be pavojing\u0173 med\u017eiag\u0173, saugi aplinkai.<\/p>\n<p>REACH atitiktis: Atitinka Europos S\u0105jungos REACH reglament\u0105.<\/p>\n<p><strong>Temperat\u016bros diapazonas:<\/strong><\/p>\n<p>Darbin\u0117 temperat\u016bra: Nuo -35\u00b0C iki +80\u00b0C.<\/p>\n<p><strong>Konstrukcija:<\/strong><\/p>\n<p>CP konstrukcija: Patikima ir ilgaam\u017ei\u0161ka konstrukcija.<\/p>\n<p>Galvanizuoto plieno u\u017espaudimo profilis: Tvirta metalin\u0117 konstrukcija u\u017etikrina \u017earnos ilgaam\u017ei\u0161kum\u0105.<\/p>\n<p>Polietileno audinys (LDPE + HDPE): Auk\u0161tos kokyb\u0117s polietileno audinys, kuris suteikia \u017earnai didel\u012f atsparum\u0105 dilimui ir cheminiams poveikiams.<\/p>\n<p>Vidinis skersmuo nuo 40 mm iki 1000 mm, kreipkit\u0117s d\u0117l reikiamo skersmens ir ilgio.<\/p>\n<p><strong>Pristatymas: 1-2 d.d.<\/strong><\/p>\n<p>Susisiekite su mumis nor\u0117dami gauti daugiau informacijos ar u\u017esisakyti. Pad\u0117sime pasirinkti geriausi\u0105 sprendim\u0105 pagal j\u016bs\u0173 poreikius, u\u017etikrinsime geriausi\u0105 kain\u0105 rinkoje ir greit\u0105 pristatym\u0105.<\/p>","protected":false},"excerpt":{"rendered":"<p>Polietileno \u017darna su U\u017espaudimo Profiliais Paskirtis: Lanksti \u017earna dujoms ir dulk\u0117ms, milteliams, pluo\u0161tams: Tinka \u012fvairi\u0173 med\u017eiag\u0173, toki\u0173 kaip dulk\u0117s, dujos, [&hellip;]<\/p>","protected":false},"featured_media":1318,"template":"","meta":{"site-sidebar-layout":"default","site-content-layout":"","ast-site-content-layout":"default","site-content-style":"default","site-sidebar-style":"default","ast-global-header-display":"","ast-banner-title-visibility":"","ast-main-header-display":"","ast-hfb-above-header-display":"","ast-hfb-below-header-display":"","ast-hfb-mobile-header-display":"","site-post-title":"","ast-breadcrumbs-content":"","ast-featured-img":"","footer-sml-layout":"","ast-disable-related-posts":"","theme-transparent-header-meta":"default","adv-header-id-meta":"","stick-header-meta":"","header-above-stick-meta":"","header-main-stick-meta":"","header-below-stick-meta":"","astra-migrate-meta-layouts":"set","ast-page-background-enabled":"default","ast-page-background-meta":{"desktop":{"background-color":"var(--ast-global-color-4)","background-image":"","background-repeat":"repeat","background-position":"center center","background-size":"auto","background-attachment":"scroll","background-type":"","background-media":"","overlay-type":"","overlay-color":"","overlay-opacity":"","overlay-gradient":""},"tablet":{"background-color":"","background-image":"","background-repeat":"repeat","background-position":"center center","background-size":"auto","background-attachment":"scroll","background-type":"","background-media":"","overlay-type":"","overlay-color":"","overlay-opacity":"","overlay-gradient":""},"mobile":{"background-color":"","background-image":"","background-repeat":"repeat","background-position":"center center","background-size":"auto","background-attachment":"scroll","background-type":"","background-media":"","overlay-type":"","overlay-color":"","overlay-opacity":"","overlay-gradient":""}},"ast-content-background-meta":{"desktop":{"background-color":"var(--ast-global-color-5)","background-image":"","background-repeat":"repeat","background-position":"center center","background-size":"auto","background-attachment":"scroll","background-type":"","background-media":"","overlay-type":"","overlay-color":"","overlay-opacity":"","overlay-gradient":""},"tablet":{"background-color":"var(--ast-global-color-5)","background-image":"","background-repeat":"repeat","background-position":"center center","background-size":"auto","background-attachment":"scroll","background-type":"","background-media":"","overlay-type":"","overlay-color":"","overlay-opacity":"","overlay-gradient":""},"mobile":{"background-color":"var(--ast-global-color-5)","background-image":"","background-repeat":"repeat","background-position":"center center","background-size":"auto","background-attachment":"scroll","background-type":"","background-media":"","overlay-type":"","overlay-color":"","overlay-opacity":"","overlay-gradient":""}}},"product_brand":[],"product_cat":[125],"product_tag":[],"class_list":{"0":"post-1317","1":"product","2":"type-product","3":"status-publish","4":"has-post-thumbnail","6":"product_cat-medziagines-zarnos","7":"desktop-align-left","8":"tablet-align-left","9":"mobile-align-left","11":"first","12":"instock","13":"shipping-taxable","14":"purchasable","15":"product-type-simple"},"yoast_head":"<!-- This site is optimized with the Yoast SEO plugin v27.3 - https:\/\/yoast.com\/product\/yoast-seo-wordpress\/ -->\n<title>\u017darna CP PE 457 - ENVITEKA<\/title>\n<meta name=\"description\" content=\"Lanksti \u017earna tinka \u012fvairi\u0173 med\u017eiag\u0173, toki\u0173 kaip dulk\u0117s, dujos, milteliai ir pluo\u0161tai, transportavimui. Pristatymas 1-2 d.d.\" \/>\n<meta name=\"robots\" content=\"index, follow, max-snippet:-1, max-image-preview:large, max-video-preview:-1\" \/>\n<link rel=\"canonical\" href=\"https:\/\/enviteka.lt\/en\/product\/zarna-cp-pe-457\/\" \/>\n<meta property=\"og:locale\" content=\"en_US\" \/>\n<meta property=\"og:type\" content=\"article\" \/>\n<meta property=\"og:title\" content=\"\u017darna CP PE 457 - ENVITEKA\" \/>\n<meta property=\"og:description\" content=\"Lanksti \u017earna tinka \u012fvairi\u0173 med\u017eiag\u0173, toki\u0173 kaip dulk\u0117s, dujos, milteliai ir pluo\u0161tai, transportavimui. Pristatymas 1-2 d.d.\" \/>\n<meta property=\"og:url\" content=\"https:\/\/enviteka.lt\/en\/product\/zarna-cp-pe-457\/\" \/>\n<meta property=\"og:site_name\" content=\"ENVITEKA\" \/>\n<meta property=\"article:modified_time\" content=\"2025-04-03T17:58:50+00:00\" \/>\n<meta property=\"og:image\" content=\"https:\/\/enviteka.lt\/wp-content\/uploads\/2025\/03\/ZARNA_457.jpg\" \/>\n\t<meta property=\"og:image:width\" content=\"1008\" \/>\n\t<meta property=\"og:image:height\" content=\"616\" \/>\n\t<meta property=\"og:image:type\" content=\"image\/jpeg\" \/>\n<meta name=\"twitter:card\" content=\"summary_large_image\" \/>\n<meta name=\"twitter:label1\" content=\"Est. reading time\" \/>\n\t<meta name=\"twitter:data1\" content=\"2 minutes\" \/>\n<script type=\"application\/ld+json\" class=\"yoast-schema-graph\">{\"@context\":\"https:\\\/\\\/schema.org\",\"@graph\":[{\"@type\":\"WebPage\",\"@id\":\"https:\\\/\\\/enviteka.lt\\\/produktas\\\/zarna-cp-pe-457\\\/\",\"url\":\"https:\\\/\\\/enviteka.lt\\\/produktas\\\/zarna-cp-pe-457\\\/\",\"name\":\"\u017darna CP PE 457 - ENVITEKA\",\"isPartOf\":{\"@id\":\"https:\\\/\\\/enviteka.lt\\\/#website\"},\"primaryImageOfPage\":{\"@id\":\"https:\\\/\\\/enviteka.lt\\\/produktas\\\/zarna-cp-pe-457\\\/#primaryimage\"},\"image\":{\"@id\":\"https:\\\/\\\/enviteka.lt\\\/produktas\\\/zarna-cp-pe-457\\\/#primaryimage\"},\"thumbnailUrl\":\"https:\\\/\\\/enviteka.lt\\\/wp-content\\\/uploads\\\/2025\\\/03\\\/ZARNA_457.jpg\",\"datePublished\":\"2025-03-31T07:01:33+00:00\",\"dateModified\":\"2025-04-03T17:58:50+00:00\",\"description\":\"Lanksti \u017earna tinka \u012fvairi\u0173 med\u017eiag\u0173, toki\u0173 kaip dulk\u0117s, dujos, milteliai ir pluo\u0161tai, transportavimui. Pristatymas 1-2 d.d.\",\"breadcrumb\":{\"@id\":\"https:\\\/\\\/enviteka.lt\\\/produktas\\\/zarna-cp-pe-457\\\/#breadcrumb\"},\"inLanguage\":\"en-US\",\"potentialAction\":[{\"@type\":\"ReadAction\",\"target\":[\"https:\\\/\\\/enviteka.lt\\\/produktas\\\/zarna-cp-pe-457\\\/\"]}]},{\"@type\":\"ImageObject\",\"inLanguage\":\"en-US\",\"@id\":\"https:\\\/\\\/enviteka.lt\\\/produktas\\\/zarna-cp-pe-457\\\/#primaryimage\",\"url\":\"https:\\\/\\\/enviteka.lt\\\/wp-content\\\/uploads\\\/2025\\\/03\\\/ZARNA_457.jpg\",\"contentUrl\":\"https:\\\/\\\/enviteka.lt\\\/wp-content\\\/uploads\\\/2025\\\/03\\\/ZARNA_457.jpg\",\"width\":1008,\"height\":616},{\"@type\":\"BreadcrumbList\",\"@id\":\"https:\\\/\\\/enviteka.lt\\\/produktas\\\/zarna-cp-pe-457\\\/#breadcrumb\",\"itemListElement\":[{\"@type\":\"ListItem\",\"position\":1,\"name\":\"Home\",\"item\":\"https:\\\/\\\/enviteka.lt\\\/\"},{\"@type\":\"ListItem\",\"position\":2,\"name\":\"Produktai\",\"item\":\"https:\\\/\\\/enviteka.lt\\\/produktai\\\/\"},{\"@type\":\"ListItem\",\"position\":3,\"name\":\"\u017darna CP PE 457\"}]},{\"@type\":\"WebSite\",\"@id\":\"https:\\\/\\\/enviteka.lt\\\/#website\",\"url\":\"https:\\\/\\\/enviteka.lt\\\/\",\"name\":\"ENVITEKA\",\"description\":\"pramonin\u0117s \u012frangos tiek\u0117jas\",\"publisher\":{\"@id\":\"https:\\\/\\\/enviteka.lt\\\/#organization\"},\"potentialAction\":[{\"@type\":\"SearchAction\",\"target\":{\"@type\":\"EntryPoint\",\"urlTemplate\":\"https:\\\/\\\/enviteka.lt\\\/?s={search_term_string}\"},\"query-input\":{\"@type\":\"PropertyValueSpecification\",\"valueRequired\":true,\"valueName\":\"search_term_string\"}}],\"inLanguage\":\"en-US\"},{\"@type\":\"Organization\",\"@id\":\"https:\\\/\\\/enviteka.lt\\\/#organization\",\"name\":\"ENVITEKA\",\"url\":\"https:\\\/\\\/enviteka.lt\\\/\",\"logo\":{\"@type\":\"ImageObject\",\"inLanguage\":\"en-US\",\"@id\":\"https:\\\/\\\/enviteka.lt\\\/#\\\/schema\\\/logo\\\/image\\\/\",\"url\":\"https:\\\/\\\/enviteka.lt\\\/wp-content\\\/uploads\\\/2024\\\/10\\\/enviteka-high-resolution-logo-transparent-e1742852093377.png\",\"contentUrl\":\"https:\\\/\\\/enviteka.lt\\\/wp-content\\\/uploads\\\/2024\\\/10\\\/enviteka-high-resolution-logo-transparent-e1742852093377.png\",\"width\":424,\"height\":150,\"caption\":\"ENVITEKA\"},\"image\":{\"@id\":\"https:\\\/\\\/enviteka.lt\\\/#\\\/schema\\\/logo\\\/image\\\/\"}}]}<\/script>\n<!-- \/ Yoast SEO plugin. -->","yoast_head_json":{"title":"\u017darna CP PE 457 - ENVITEKA","description":"Lanksti \u017earna tinka \u012fvairi\u0173 med\u017eiag\u0173, toki\u0173 kaip dulk\u0117s, dujos, milteliai ir pluo\u0161tai, transportavimui. Pristatymas 1-2 d.d.","robots":{"index":"index","follow":"follow","max-snippet":"max-snippet:-1","max-image-preview":"max-image-preview:large","max-video-preview":"max-video-preview:-1"},"canonical":"https:\/\/enviteka.lt\/en\/product\/zarna-cp-pe-457\/","og_locale":"en_US","og_type":"article","og_title":"\u017darna CP PE 457 - ENVITEKA","og_description":"Lanksti \u017earna tinka \u012fvairi\u0173 med\u017eiag\u0173, toki\u0173 kaip dulk\u0117s, dujos, milteliai ir pluo\u0161tai, transportavimui. Pristatymas 1-2 d.d.","og_url":"https:\/\/enviteka.lt\/en\/product\/zarna-cp-pe-457\/","og_site_name":"ENVITEKA","article_modified_time":"2025-04-03T17:58:50+00:00","og_image":[{"width":1008,"height":616,"url":"https:\/\/enviteka.lt\/wp-content\/uploads\/2025\/03\/ZARNA_457.jpg","type":"image\/jpeg"}],"twitter_card":"summary_large_image","twitter_misc":{"Est. reading time":"2 minutes"},"schema":{"@context":"https:\/\/schema.org","@graph":[{"@type":"WebPage","@id":"https:\/\/enviteka.lt\/produktas\/zarna-cp-pe-457\/","url":"https:\/\/enviteka.lt\/produktas\/zarna-cp-pe-457\/","name":"\u017darna CP PE 457 - ENVITEKA","isPartOf":{"@id":"https:\/\/enviteka.lt\/#website"},"primaryImageOfPage":{"@id":"https:\/\/enviteka.lt\/produktas\/zarna-cp-pe-457\/#primaryimage"},"image":{"@id":"https:\/\/enviteka.lt\/produktas\/zarna-cp-pe-457\/#primaryimage"},"thumbnailUrl":"https:\/\/enviteka.lt\/wp-content\/uploads\/2025\/03\/ZARNA_457.jpg","datePublished":"2025-03-31T07:01:33+00:00","dateModified":"2025-04-03T17:58:50+00:00","description":"Lanksti \u017earna tinka \u012fvairi\u0173 med\u017eiag\u0173, toki\u0173 kaip dulk\u0117s, dujos, milteliai ir pluo\u0161tai, transportavimui. Pristatymas 1-2 d.d.","breadcrumb":{"@id":"https:\/\/enviteka.lt\/produktas\/zarna-cp-pe-457\/#breadcrumb"},"inLanguage":"en-US","potentialAction":[{"@type":"ReadAction","target":["https:\/\/enviteka.lt\/produktas\/zarna-cp-pe-457\/"]}]},{"@type":"ImageObject","inLanguage":"en-US","@id":"https:\/\/enviteka.lt\/produktas\/zarna-cp-pe-457\/#primaryimage","url":"https:\/\/enviteka.lt\/wp-content\/uploads\/2025\/03\/ZARNA_457.jpg","contentUrl":"https:\/\/enviteka.lt\/wp-content\/uploads\/2025\/03\/ZARNA_457.jpg","width":1008,"height":616},{"@type":"BreadcrumbList","@id":"https:\/\/enviteka.lt\/produktas\/zarna-cp-pe-457\/#breadcrumb","itemListElement":[{"@type":"ListItem","position":1,"name":"Home","item":"https:\/\/enviteka.lt\/"},{"@type":"ListItem","position":2,"name":"Produktai","item":"https:\/\/enviteka.lt\/produktai\/"},{"@type":"ListItem","position":3,"name":"\u017darna CP PE 457"}]},{"@type":"WebSite","@id":"https:\/\/enviteka.lt\/#website","url":"https:\/\/enviteka.lt\/","name":"ENVITEKA","description":"pramonin\u0117s \u012frangos tiek\u0117jas","publisher":{"@id":"https:\/\/enviteka.lt\/#organization"},"potentialAction":[{"@type":"SearchAction","target":{"@type":"EntryPoint","urlTemplate":"https:\/\/enviteka.lt\/?s={search_term_string}"},"query-input":{"@type":"PropertyValueSpecification","valueRequired":true,"valueName":"search_term_string"}}],"inLanguage":"en-US"},{"@type":"Organization","@id":"https:\/\/enviteka.lt\/#organization","name":"ENVITEKA","url":"https:\/\/enviteka.lt\/","logo":{"@type":"ImageObject","inLanguage":"en-US","@id":"https:\/\/enviteka.lt\/#\/schema\/logo\/image\/","url":"https:\/\/enviteka.lt\/wp-content\/uploads\/2024\/10\/enviteka-high-resolution-logo-transparent-e1742852093377.png","contentUrl":"https:\/\/enviteka.lt\/wp-content\/uploads\/2024\/10\/enviteka-high-resolution-logo-transparent-e1742852093377.png","width":424,"height":150,"caption":"ENVITEKA"},"image":{"@id":"https:\/\/enviteka.lt\/#\/schema\/logo\/image\/"}}]}},"_links":{"self":[{"href":"https:\/\/enviteka.lt\/en\/wp-json\/wp\/v2\/product\/1317","targetHints":{"allow":["GET"]}}],"collection":[{"href":"https:\/\/enviteka.lt\/en\/wp-json\/wp\/v2\/product"}],"about":[{"href":"https:\/\/enviteka.lt\/en\/wp-json\/wp\/v2\/types\/product"}],"wp:featuredmedia":[{"embeddable":true,"href":"https:\/\/enviteka.lt\/en\/wp-json\/wp\/v2\/media\/1318"}],"wp:attachment":[{"href":"https:\/\/enviteka.lt\/en\/wp-json\/wp\/v2\/media?parent=1317"}],"wp:term":[{"taxonomy":"product_brand","embeddable":true,"href":"https:\/\/enviteka.lt\/en\/wp-json\/wp\/v2\/product_brand?post=1317"},{"taxonomy":"product_cat","embeddable":true,"href":"https:\/\/enviteka.lt\/en\/wp-json\/wp\/v2\/product_cat?post=1317"},{"taxonomy":"product_tag","embeddable":true,"href":"https:\/\/enviteka.lt\/en\/wp-json\/wp\/v2\/product_tag?post=1317"}],"curies":[{"name":"wp","href":"https:\/\/api.w.org\/{rel}","templated":true}]}}