{"id":1307,"date":"2025-03-31T05:55:50","date_gmt":"2025-03-31T05:55:50","guid":{"rendered":"https:\/\/enviteka.lt\/?post_type=product&#038;p=1307"},"modified":"2025-07-01T17:34:56","modified_gmt":"2025-07-01T17:34:56","slug":"zarna-protape-pvc-371-ld","status":"publish","type":"product","link":"https:\/\/enviteka.lt\/en\/product\/zarna-protape-pvc-371-ld\/","title":{"rendered":"\u017darna PROTAPE PVC 371 LD"},"content":{"rendered":"<p><strong>PVC ventiliacijos \u017earna (iki +110\u00b0C)<\/strong><\/p>\n<p><strong>Paskirtis:<\/strong><\/p>\n<p>Lanksti \u017earna\/kanalizacija dujoms: Efektyvus duj\u0173 transportavimas \u012fvairiose pramon\u0117s ir statybos srityse.<\/p>\n<p>Suvirinimo d\u016bm\u0173 i\u0161traukimas: Puikiai tinka d\u016bm\u0173 \u0161alinimui suvirinimo aplinkose.<\/p>\n<p>I\u0161traukimo armatura: Naudojama i\u0161traukimo sistemose siekiant u\u017etikrinti ger\u0105 oro filtravim\u0105.<\/p>\n<p>Gyv\u016bn\u0173 tvartai, pastog\u0117s v\u0117dinimas: Tinka ventiliacijos sistemoms gyv\u016bn\u0173 tvartuose ir kitose pastog\u0117se.<\/p>\n<p>Statyb\u0173 pramon\u0117: Puikiai tinka tuneli\u0173 v\u0117dinimui ir kitoms oro apdorojimo reikm\u0117ms statyb\u0173 aik\u0161tel\u0117se.<\/p>\n<p>Transporto priemon\u0117s ir laivai: Tinka autobusams, naudotoms transporto priemon\u0117ms, karavanams, priekaboms, mobiliesiems namams, laivams, j\u016briniams laivams ir jachtoms, ventiliacijai ir \u0161ildymui.<\/p>\n<p>Asbesto \u0161alinimas: Saugu naudoti, kai reikia pa\u0161alinti pavojingus med\u017eiagas.<\/p>\n<p>Statyb\u0173 d\u017eiovinimas: Efektyviai naudojama statyb\u0173 aik\u0161tel\u0117se d\u017eiovinimo darbuose.<\/p>\n<p>Palapini\u0173 \u0161ildymas ir oro uosto \u012flaipinimo taku \u0161ildymas: Tinka \u0161ildyti laikinas strukt\u016bras ir oro uosto \u012flaipinimo takus.<\/p>\n<p>\u0160ildymo sistemos: Tinka \u0161vie\u017eio oro tiekimui \u0161ildymo sistemose.<\/p>\n<p><strong>Savyb\u0117s:<\/strong><\/p>\n<p>Audiniu sustiprinta konstrukcija: U\u017etikrina papildom\u0105 tvirtum\u0105 ir ilgaam\u017ei\u0161kum\u0105.<\/p>\n<p>Labai lengvas: Lengvas montavimas ir naudojimas d\u0117l ma\u017eo svorio.<\/p>\n<p>Auk\u0161tas lankstumas ir suspaud\u017eiamumas (6:1): Lengvai lenkiama ir suspaud\u017eiama, kas leid\u017eia j\u0105 pritaikyti \u012fvairiose situacijose.<\/p>\n<p>Atsparumas \u0161armams ir r\u016bg\u0161tims: Tinka naudoti aplinkose, kur reikalinga atsparumas chemikalams.<\/p>\n<p>Atsparumas chemin\u0117ms med\u017eiagoms: Puikiai atspari \u012fvairioms chemin\u0117ms med\u017eiagoms.<\/p>\n<p>Ugniai atspari sienel\u0117 (NF P 92-503 M2): Atitinka ugnies saugos standartus.<\/p>\n<p>Atitinka RoHS reikalavimus: Be pavojing\u0173 med\u017eiag\u0173, saugi aplinkai.<\/p>\n<p>REACH atitiktis: Atitinka Europos chemijos saugos reikalavimus.<\/p>\n<p><strong>Temperat\u016bros diapazonas:<\/strong><\/p>\n<p>Darbin\u0117 temperat\u016bra: Nuo -10\u00b0C iki 80\u00b0C.<\/p>\n<p>Trumpalaikiai temperat\u016briniai svyravimai: Iki +110\u00b0C.<\/p>\n<p><strong>Konstrukcija:<\/strong><\/p>\n<p>PROTAPE\u00ae juostin\u0117 \u017earna:<\/p>\n<p>\u012emontuota spyruoklin\u0117 viela: U\u017etikrina stiprum\u0105 ir palaiko lankstum\u0105.<\/p>\n<p>Audiniu sustiprinta juosta: Didina atsparum\u0105 ir \u017earnos ilgaam\u017ei\u0161kum\u0105.<\/p>\n<p>Sienel\u0117s med\u017eiaga: PVC danga su audinio pagrindu, sienel\u0117s storis ~0,25 mm.<\/p>\n<p>\u012evair\u016bs diametrai nuo ir ilgiai pagal u\u017esakym\u0105.<\/p>\n<p>Vidinis skersmuo nuo 40 mm iki 508 mm, kreipkit\u0117s d\u0117l reikiamo skersmens ir ilgio.<\/p>\n<p><strong>Pristatymas: 1-2 d.d.<\/strong><\/p>\n<p>Susisiekite su mumis nor\u0117dami gauti daugiau informacijos ar u\u017esisakyti. Pad\u0117sime pasirinkti geriausi\u0105 sprendim\u0105 pagal j\u016bs\u0173 poreikius, u\u017etikrinsime geriausi\u0105 kain\u0105 rinkoje ir greit\u0105 pristatym\u0105.<\/p>","protected":false},"excerpt":{"rendered":"<p>PVC ventiliacijos \u017earna (iki +110\u00b0C) Paskirtis: Lanksti \u017earna\/kanalizacija dujoms: Efektyvus duj\u0173 transportavimas \u012fvairiose pramon\u0117s ir statybos srityse. Suvirinimo d\u016bm\u0173 i\u0161traukimas: [&hellip;]<\/p>","protected":false},"featured_media":1308,"template":"","meta":{"site-sidebar-layout":"default","site-content-layout":"","ast-site-content-layout":"default","site-content-style":"default","site-sidebar-style":"default","ast-global-header-display":"","ast-banner-title-visibility":"","ast-main-header-display":"","ast-hfb-above-header-display":"","ast-hfb-below-header-display":"","ast-hfb-mobile-header-display":"","site-post-title":"","ast-breadcrumbs-content":"","ast-featured-img":"","footer-sml-layout":"","ast-disable-related-posts":"","theme-transparent-header-meta":"default","adv-header-id-meta":"","stick-header-meta":"","header-above-stick-meta":"","header-main-stick-meta":"","header-below-stick-meta":"","astra-migrate-meta-layouts":"set","ast-page-background-enabled":"default","ast-page-background-meta":{"desktop":{"background-color":"var(--ast-global-color-4)","background-image":"","background-repeat":"repeat","background-position":"center center","background-size":"auto","background-attachment":"scroll","background-type":"","background-media":"","overlay-type":"","overlay-color":"","overlay-opacity":"","overlay-gradient":""},"tablet":{"background-color":"","background-image":"","background-repeat":"repeat","background-position":"center center","background-size":"auto","background-attachment":"scroll","background-type":"","background-media":"","overlay-type":"","overlay-color":"","overlay-opacity":"","overlay-gradient":""},"mobile":{"background-color":"","background-image":"","background-repeat":"repeat","background-position":"center center","background-size":"auto","background-attachment":"scroll","background-type":"","background-media":"","overlay-type":"","overlay-color":"","overlay-opacity":"","overlay-gradient":""}},"ast-content-background-meta":{"desktop":{"background-color":"var(--ast-global-color-5)","background-image":"","background-repeat":"repeat","background-position":"center center","background-size":"auto","background-attachment":"scroll","background-type":"","background-media":"","overlay-type":"","overlay-color":"","overlay-opacity":"","overlay-gradient":""},"tablet":{"background-color":"var(--ast-global-color-5)","background-image":"","background-repeat":"repeat","background-position":"center center","background-size":"auto","background-attachment":"scroll","background-type":"","background-media":"","overlay-type":"","overlay-color":"","overlay-opacity":"","overlay-gradient":""},"mobile":{"background-color":"var(--ast-global-color-5)","background-image":"","background-repeat":"repeat","background-position":"center center","background-size":"auto","background-attachment":"scroll","background-type":"","background-media":"","overlay-type":"","overlay-color":"","overlay-opacity":"","overlay-gradient":""}}},"product_brand":[],"product_cat":[114],"product_tag":[],"class_list":{"0":"post-1307","1":"product","2":"type-product","3":"status-publish","4":"has-post-thumbnail","6":"product_cat-zarnos-ismetamosioms-dujoms","7":"desktop-align-left","8":"tablet-align-left","9":"mobile-align-left","11":"first","12":"instock","13":"shipping-taxable","14":"purchasable","15":"product-type-simple"},"yoast_head":"<!-- This site is optimized with the Yoast SEO plugin v27.3 - https:\/\/yoast.com\/product\/yoast-seo-wordpress\/ -->\n<title>\u017darna PROTAPE PVC 371 LD - ENVITEKA<\/title>\n<meta name=\"description\" content=\"Statyb\u0173 pramon\u0117: Puikiai tinka tuneli\u0173 v\u0117dinimui ir kitoms oro apdorojimo reikm\u0117ms statyb\u0173 aik\u0161tel\u0117se. Pristatymas 1-2 d.d.\" \/>\n<meta name=\"robots\" content=\"index, follow, max-snippet:-1, max-image-preview:large, max-video-preview:-1\" \/>\n<link rel=\"canonical\" href=\"https:\/\/enviteka.lt\/en\/product\/zarna-protape-pvc-371-ld\/\" \/>\n<meta property=\"og:locale\" content=\"en_US\" \/>\n<meta property=\"og:type\" content=\"article\" \/>\n<meta property=\"og:title\" content=\"\u017darna PROTAPE PVC 371 LD - ENVITEKA\" \/>\n<meta property=\"og:description\" content=\"Statyb\u0173 pramon\u0117: Puikiai tinka tuneli\u0173 v\u0117dinimui ir kitoms oro apdorojimo reikm\u0117ms statyb\u0173 aik\u0161tel\u0117se. Pristatymas 1-2 d.d.\" \/>\n<meta property=\"og:url\" content=\"https:\/\/enviteka.lt\/en\/product\/zarna-protape-pvc-371-ld\/\" \/>\n<meta property=\"og:site_name\" content=\"ENVITEKA\" \/>\n<meta property=\"article:modified_time\" content=\"2025-07-01T17:34:56+00:00\" \/>\n<meta property=\"og:image\" content=\"https:\/\/enviteka.lt\/wp-content\/uploads\/2025\/03\/zarna_protape_pvc_371.jpg\" \/>\n\t<meta property=\"og:image:width\" content=\"1296\" \/>\n\t<meta property=\"og:image:height\" content=\"792\" \/>\n\t<meta property=\"og:image:type\" content=\"image\/jpeg\" \/>\n<meta name=\"twitter:card\" content=\"summary_large_image\" \/>\n<meta name=\"twitter:label1\" content=\"Est. reading time\" \/>\n\t<meta name=\"twitter:data1\" content=\"2 minutes\" \/>\n<script type=\"application\/ld+json\" class=\"yoast-schema-graph\">{\"@context\":\"https:\\\/\\\/schema.org\",\"@graph\":[{\"@type\":\"WebPage\",\"@id\":\"https:\\\/\\\/enviteka.lt\\\/produktas\\\/zarna-protape-pvc-371-ld\\\/\",\"url\":\"https:\\\/\\\/enviteka.lt\\\/produktas\\\/zarna-protape-pvc-371-ld\\\/\",\"name\":\"\u017darna PROTAPE PVC 371 LD - ENVITEKA\",\"isPartOf\":{\"@id\":\"https:\\\/\\\/enviteka.lt\\\/#website\"},\"primaryImageOfPage\":{\"@id\":\"https:\\\/\\\/enviteka.lt\\\/produktas\\\/zarna-protape-pvc-371-ld\\\/#primaryimage\"},\"image\":{\"@id\":\"https:\\\/\\\/enviteka.lt\\\/produktas\\\/zarna-protape-pvc-371-ld\\\/#primaryimage\"},\"thumbnailUrl\":\"https:\\\/\\\/enviteka.lt\\\/wp-content\\\/uploads\\\/2025\\\/03\\\/zarna_protape_pvc_371.jpg\",\"datePublished\":\"2025-03-31T05:55:50+00:00\",\"dateModified\":\"2025-07-01T17:34:56+00:00\",\"description\":\"Statyb\u0173 pramon\u0117: Puikiai tinka tuneli\u0173 v\u0117dinimui ir kitoms oro apdorojimo reikm\u0117ms statyb\u0173 aik\u0161tel\u0117se. Pristatymas 1-2 d.d.\",\"breadcrumb\":{\"@id\":\"https:\\\/\\\/enviteka.lt\\\/produktas\\\/zarna-protape-pvc-371-ld\\\/#breadcrumb\"},\"inLanguage\":\"en-US\",\"potentialAction\":[{\"@type\":\"ReadAction\",\"target\":[\"https:\\\/\\\/enviteka.lt\\\/produktas\\\/zarna-protape-pvc-371-ld\\\/\"]}]},{\"@type\":\"ImageObject\",\"inLanguage\":\"en-US\",\"@id\":\"https:\\\/\\\/enviteka.lt\\\/produktas\\\/zarna-protape-pvc-371-ld\\\/#primaryimage\",\"url\":\"https:\\\/\\\/enviteka.lt\\\/wp-content\\\/uploads\\\/2025\\\/03\\\/zarna_protape_pvc_371.jpg\",\"contentUrl\":\"https:\\\/\\\/enviteka.lt\\\/wp-content\\\/uploads\\\/2025\\\/03\\\/zarna_protape_pvc_371.jpg\",\"width\":1296,\"height\":792},{\"@type\":\"BreadcrumbList\",\"@id\":\"https:\\\/\\\/enviteka.lt\\\/produktas\\\/zarna-protape-pvc-371-ld\\\/#breadcrumb\",\"itemListElement\":[{\"@type\":\"ListItem\",\"position\":1,\"name\":\"Home\",\"item\":\"https:\\\/\\\/enviteka.lt\\\/\"},{\"@type\":\"ListItem\",\"position\":2,\"name\":\"Produktai\",\"item\":\"https:\\\/\\\/enviteka.lt\\\/produktai\\\/\"},{\"@type\":\"ListItem\",\"position\":3,\"name\":\"\u017darna PROTAPE PVC 371 LD\"}]},{\"@type\":\"WebSite\",\"@id\":\"https:\\\/\\\/enviteka.lt\\\/#website\",\"url\":\"https:\\\/\\\/enviteka.lt\\\/\",\"name\":\"ENVITEKA\",\"description\":\"pramonin\u0117s \u012frangos tiek\u0117jas\",\"publisher\":{\"@id\":\"https:\\\/\\\/enviteka.lt\\\/#organization\"},\"potentialAction\":[{\"@type\":\"SearchAction\",\"target\":{\"@type\":\"EntryPoint\",\"urlTemplate\":\"https:\\\/\\\/enviteka.lt\\\/?s={search_term_string}\"},\"query-input\":{\"@type\":\"PropertyValueSpecification\",\"valueRequired\":true,\"valueName\":\"search_term_string\"}}],\"inLanguage\":\"en-US\"},{\"@type\":\"Organization\",\"@id\":\"https:\\\/\\\/enviteka.lt\\\/#organization\",\"name\":\"ENVITEKA\",\"url\":\"https:\\\/\\\/enviteka.lt\\\/\",\"logo\":{\"@type\":\"ImageObject\",\"inLanguage\":\"en-US\",\"@id\":\"https:\\\/\\\/enviteka.lt\\\/#\\\/schema\\\/logo\\\/image\\\/\",\"url\":\"https:\\\/\\\/enviteka.lt\\\/wp-content\\\/uploads\\\/2024\\\/10\\\/enviteka-high-resolution-logo-transparent-e1742852093377.png\",\"contentUrl\":\"https:\\\/\\\/enviteka.lt\\\/wp-content\\\/uploads\\\/2024\\\/10\\\/enviteka-high-resolution-logo-transparent-e1742852093377.png\",\"width\":424,\"height\":150,\"caption\":\"ENVITEKA\"},\"image\":{\"@id\":\"https:\\\/\\\/enviteka.lt\\\/#\\\/schema\\\/logo\\\/image\\\/\"}}]}<\/script>\n<!-- \/ Yoast SEO plugin. -->","yoast_head_json":{"title":"\u017darna PROTAPE PVC 371 LD - ENVITEKA","description":"Statyb\u0173 pramon\u0117: Puikiai tinka tuneli\u0173 v\u0117dinimui ir kitoms oro apdorojimo reikm\u0117ms statyb\u0173 aik\u0161tel\u0117se. Pristatymas 1-2 d.d.","robots":{"index":"index","follow":"follow","max-snippet":"max-snippet:-1","max-image-preview":"max-image-preview:large","max-video-preview":"max-video-preview:-1"},"canonical":"https:\/\/enviteka.lt\/en\/product\/zarna-protape-pvc-371-ld\/","og_locale":"en_US","og_type":"article","og_title":"\u017darna PROTAPE PVC 371 LD - ENVITEKA","og_description":"Statyb\u0173 pramon\u0117: Puikiai tinka tuneli\u0173 v\u0117dinimui ir kitoms oro apdorojimo reikm\u0117ms statyb\u0173 aik\u0161tel\u0117se. Pristatymas 1-2 d.d.","og_url":"https:\/\/enviteka.lt\/en\/product\/zarna-protape-pvc-371-ld\/","og_site_name":"ENVITEKA","article_modified_time":"2025-07-01T17:34:56+00:00","og_image":[{"width":1296,"height":792,"url":"https:\/\/enviteka.lt\/wp-content\/uploads\/2025\/03\/zarna_protape_pvc_371.jpg","type":"image\/jpeg"}],"twitter_card":"summary_large_image","twitter_misc":{"Est. reading time":"2 minutes"},"schema":{"@context":"https:\/\/schema.org","@graph":[{"@type":"WebPage","@id":"https:\/\/enviteka.lt\/produktas\/zarna-protape-pvc-371-ld\/","url":"https:\/\/enviteka.lt\/produktas\/zarna-protape-pvc-371-ld\/","name":"\u017darna PROTAPE PVC 371 LD - ENVITEKA","isPartOf":{"@id":"https:\/\/enviteka.lt\/#website"},"primaryImageOfPage":{"@id":"https:\/\/enviteka.lt\/produktas\/zarna-protape-pvc-371-ld\/#primaryimage"},"image":{"@id":"https:\/\/enviteka.lt\/produktas\/zarna-protape-pvc-371-ld\/#primaryimage"},"thumbnailUrl":"https:\/\/enviteka.lt\/wp-content\/uploads\/2025\/03\/zarna_protape_pvc_371.jpg","datePublished":"2025-03-31T05:55:50+00:00","dateModified":"2025-07-01T17:34:56+00:00","description":"Statyb\u0173 pramon\u0117: Puikiai tinka tuneli\u0173 v\u0117dinimui ir kitoms oro apdorojimo reikm\u0117ms statyb\u0173 aik\u0161tel\u0117se. Pristatymas 1-2 d.d.","breadcrumb":{"@id":"https:\/\/enviteka.lt\/produktas\/zarna-protape-pvc-371-ld\/#breadcrumb"},"inLanguage":"en-US","potentialAction":[{"@type":"ReadAction","target":["https:\/\/enviteka.lt\/produktas\/zarna-protape-pvc-371-ld\/"]}]},{"@type":"ImageObject","inLanguage":"en-US","@id":"https:\/\/enviteka.lt\/produktas\/zarna-protape-pvc-371-ld\/#primaryimage","url":"https:\/\/enviteka.lt\/wp-content\/uploads\/2025\/03\/zarna_protape_pvc_371.jpg","contentUrl":"https:\/\/enviteka.lt\/wp-content\/uploads\/2025\/03\/zarna_protape_pvc_371.jpg","width":1296,"height":792},{"@type":"BreadcrumbList","@id":"https:\/\/enviteka.lt\/produktas\/zarna-protape-pvc-371-ld\/#breadcrumb","itemListElement":[{"@type":"ListItem","position":1,"name":"Home","item":"https:\/\/enviteka.lt\/"},{"@type":"ListItem","position":2,"name":"Produktai","item":"https:\/\/enviteka.lt\/produktai\/"},{"@type":"ListItem","position":3,"name":"\u017darna PROTAPE PVC 371 LD"}]},{"@type":"WebSite","@id":"https:\/\/enviteka.lt\/#website","url":"https:\/\/enviteka.lt\/","name":"ENVITEKA","description":"pramonin\u0117s \u012frangos tiek\u0117jas","publisher":{"@id":"https:\/\/enviteka.lt\/#organization"},"potentialAction":[{"@type":"SearchAction","target":{"@type":"EntryPoint","urlTemplate":"https:\/\/enviteka.lt\/?s={search_term_string}"},"query-input":{"@type":"PropertyValueSpecification","valueRequired":true,"valueName":"search_term_string"}}],"inLanguage":"en-US"},{"@type":"Organization","@id":"https:\/\/enviteka.lt\/#organization","name":"ENVITEKA","url":"https:\/\/enviteka.lt\/","logo":{"@type":"ImageObject","inLanguage":"en-US","@id":"https:\/\/enviteka.lt\/#\/schema\/logo\/image\/","url":"https:\/\/enviteka.lt\/wp-content\/uploads\/2024\/10\/enviteka-high-resolution-logo-transparent-e1742852093377.png","contentUrl":"https:\/\/enviteka.lt\/wp-content\/uploads\/2024\/10\/enviteka-high-resolution-logo-transparent-e1742852093377.png","width":424,"height":150,"caption":"ENVITEKA"},"image":{"@id":"https:\/\/enviteka.lt\/#\/schema\/logo\/image\/"}}]}},"_links":{"self":[{"href":"https:\/\/enviteka.lt\/en\/wp-json\/wp\/v2\/product\/1307","targetHints":{"allow":["GET"]}}],"collection":[{"href":"https:\/\/enviteka.lt\/en\/wp-json\/wp\/v2\/product"}],"about":[{"href":"https:\/\/enviteka.lt\/en\/wp-json\/wp\/v2\/types\/product"}],"wp:featuredmedia":[{"embeddable":true,"href":"https:\/\/enviteka.lt\/en\/wp-json\/wp\/v2\/media\/1308"}],"wp:attachment":[{"href":"https:\/\/enviteka.lt\/en\/wp-json\/wp\/v2\/media?parent=1307"}],"wp:term":[{"taxonomy":"product_brand","embeddable":true,"href":"https:\/\/enviteka.lt\/en\/wp-json\/wp\/v2\/product_brand?post=1307"},{"taxonomy":"product_cat","embeddable":true,"href":"https:\/\/enviteka.lt\/en\/wp-json\/wp\/v2\/product_cat?post=1307"},{"taxonomy":"product_tag","embeddable":true,"href":"https:\/\/enviteka.lt\/en\/wp-json\/wp\/v2\/product_tag?post=1307"}],"curies":[{"name":"wp","href":"https:\/\/api.w.org\/{rel}","templated":true}]}}