{"id":1297,"date":"2025-03-29T14:15:55","date_gmt":"2025-03-29T14:15:55","guid":{"rendered":"https:\/\/enviteka.lt\/?post_type=product&#038;p=1297"},"modified":"2025-04-04T17:38:48","modified_gmt":"2025-04-04T17:38:48","slug":"zarna-airduc-pur-350-as-juoda-md","status":"publish","type":"product","link":"https:\/\/enviteka.lt\/en\/product\/zarna-airduc-pur-350-as-juoda-md\/","title":{"rendered":"\u017darna AIRDUC PUR 350 AS JUODA MD"},"content":{"rendered":"<p><strong>Antistatin\u0117 poliuretano \u017earna, vidutinio sunkumo, juoda<\/strong><\/p>\n<p><strong>Pritaikymas:<\/strong><\/p>\n<p>Lankst\u016bs \u017earnos\/ortakiai abrazyviniams milteliams, birioms med\u017eiagoms, granul\u0117ams ir dujoms.<\/p>\n<p>Oro tiekimas: UV d\u017eiovintuvams, IR d\u017eiovintuvams.<\/p>\n<p>I\u0161traukiamosios sistemos, dulki\u0173 \u0161alinimo sistemos, filtravimo sistemos, alyvos r\u016bko i\u0161traukimas.<\/p>\n<p>Sprogimo pavojing\u0173 zon\u0173 apsauga.<\/p>\n<p>Tekstil\u0117s pramon\u0117, pluo\u0161to i\u0161traukimas: verpimo ma\u0161ina, mezgimo ma\u0161ina, audimo stakl\u0117s.<\/p>\n<p>\u0160varios patalpos ventiliacija, puslaidininki\u0173 gamybos ma\u0161inos.<\/p>\n<p>\u0160ildymo \u017earna: i\u0161orin\u0117 \u017earna kaip apsaugin\u0117 \u017earna.<\/p>\n<p>Pavir\u0161i\u0173 paruo\u0161imas: \u0161audymas sm\u0117liu \/ sm\u0117lio \u0161lifavimas (pvz., \u0161audymo kameroje, laiv\u0173 remonto aik\u0161tel\u0117je, nuvalymo ma\u0161inoje, grind\u0173 paruo\u0161imo ma\u0161inoje, \u0161lifavimo ma\u0161inoje).<\/p>\n<p><strong>Savyb\u0117s:<\/strong><\/p>\n<p>Vidutinio sunkumo konstrukcija \u2013 u\u017etikrina patikimum\u0105 ir ilgaam\u017ei\u0161kum\u0105 net sud\u0117tingomis darbo s\u0105lygomis.<\/p>\n<p>Auk\u0161tas atsparumas dilimui \u2013 ilgaam\u017e\u0117, patvari \u017earna abrazyvini\u0173 med\u017eiag\u0173 perne\u0161imui.<\/p>\n<p>Gerai atspari alyvoms, benzinui ir chemin\u0117ms med\u017eiagoms \u2013 tinka \u012fvairioms pramon\u0117s \u0161akoms.<\/p>\n<p>Puikus atsparumas \u017eemai temperat\u016brai \u2013 u\u017etikrina patikim\u0105 darb\u0105 net esant \u017eemai temperat\u016brai.<\/p>\n<p>Nuolatinis antistatinis sluoksnis \u2013 pagal ISO 8031 elektros ir pavir\u0161iaus var\u017ea &lt;10\u2079 \u2126, u\u017etikrina saugum\u0105 pavojingose aplinkose (TRGS 727 &lt;2,510\u2078 \u2126m ir NFPA 652 10\u2078-10\u2079 \u2126).<\/p>\n<p>Atitinka ATEX 2014\/34\/EU ir Vokietijos TRGS 727 standartus \u2013 leid\u017eia naudoti pavojingose zonose (zona 20, 21, 22) ir transportuojant degias med\u017eiagas.<\/p>\n<p>Atitinka DIN 26057 Type 2 \u2013 auk\u0161ti kokyb\u0117s ir saugos standartai.<\/p>\n<p>Atitinka RoHS ir REACH gaires \u2013 aplinkai draugi\u0161kas produktas.<\/p>\n<p><strong>Temperat\u016bros diapazonas:<\/strong><\/p>\n<p>Nuo -40\u00b0C iki 90\u00b0C<\/p>\n<p>Trumpalaikis darbas iki 125\u00b0C<\/p>\n<p><strong>Konstrukcija:<\/strong><\/p>\n<p>AIRDUC profilio \u017earna \u2013 u\u017etikrina stipri\u0105 konstrukcij\u0105 ir patikimum\u0105.<\/p>\n<p>Viduje \u012fmontuota plieno viela, tvirtai \u012ftvirtinta sienel\u0117je.<\/p>\n<p>Sienel\u0117: nuolatinis antistatinis premium poliuretanas (Pre-PUR\u00ae), storis ~0,7 mm.<\/p>\n<p>\u012evair\u016bs diametrai nuo ir ilgiai pagal u\u017esakym\u0105<\/p>\n<p>Vidinis skersmuo nuo 40 mm iki 250 mm, kreipkit\u0117s d\u0117l reikiamo skersmens ir ilgio<\/p>\n<p><strong>Pristatymas: 1-2 d.d.<\/strong><\/p>\n<p>Susisiekite su mumis nor\u0117dami gauti daugiau informacijos ar u\u017esisakyti. Pad\u0117sime pasirinkti geriausi\u0105 sprendim\u0105 pagal j\u016bs\u0173 poreikius, u\u017etikrinsime geriausi\u0105 kain\u0105 rinkoje ir greit\u0105 pristatym\u0105.<\/p>","protected":false},"excerpt":{"rendered":"<p>Antistatin\u0117 poliuretano \u017earna, vidutinio sunkumo, juoda Pritaikymas: Lankst\u016bs \u017earnos\/ortakiai abrazyviniams milteliams, birioms med\u017eiagoms, granul\u0117ams ir dujoms. Oro tiekimas: UV d\u017eiovintuvams, [&hellip;]<\/p>","protected":false},"featured_media":1300,"template":"","meta":{"site-sidebar-layout":"default","site-content-layout":"","ast-site-content-layout":"default","site-content-style":"default","site-sidebar-style":"default","ast-global-header-display":"","ast-banner-title-visibility":"","ast-main-header-display":"","ast-hfb-above-header-display":"","ast-hfb-below-header-display":"","ast-hfb-mobile-header-display":"","site-post-title":"","ast-breadcrumbs-content":"","ast-featured-img":"","footer-sml-layout":"","ast-disable-related-posts":"","theme-transparent-header-meta":"default","adv-header-id-meta":"","stick-header-meta":"","header-above-stick-meta":"","header-main-stick-meta":"","header-below-stick-meta":"","astra-migrate-meta-layouts":"set","ast-page-background-enabled":"default","ast-page-background-meta":{"desktop":{"background-color":"var(--ast-global-color-4)","background-image":"","background-repeat":"repeat","background-position":"center center","background-size":"auto","background-attachment":"scroll","background-type":"","background-media":"","overlay-type":"","overlay-color":"","overlay-opacity":"","overlay-gradient":""},"tablet":{"background-color":"","background-image":"","background-repeat":"repeat","background-position":"center center","background-size":"auto","background-attachment":"scroll","background-type":"","background-media":"","overlay-type":"","overlay-color":"","overlay-opacity":"","overlay-gradient":""},"mobile":{"background-color":"","background-image":"","background-repeat":"repeat","background-position":"center center","background-size":"auto","background-attachment":"scroll","background-type":"","background-media":"","overlay-type":"","overlay-color":"","overlay-opacity":"","overlay-gradient":""}},"ast-content-background-meta":{"desktop":{"background-color":"var(--ast-global-color-5)","background-image":"","background-repeat":"repeat","background-position":"center center","background-size":"auto","background-attachment":"scroll","background-type":"","background-media":"","overlay-type":"","overlay-color":"","overlay-opacity":"","overlay-gradient":""},"tablet":{"background-color":"var(--ast-global-color-5)","background-image":"","background-repeat":"repeat","background-position":"center center","background-size":"auto","background-attachment":"scroll","background-type":"","background-media":"","overlay-type":"","overlay-color":"","overlay-opacity":"","overlay-gradient":""},"mobile":{"background-color":"var(--ast-global-color-5)","background-image":"","background-repeat":"repeat","background-position":"center center","background-size":"auto","background-attachment":"scroll","background-type":"","background-media":"","overlay-type":"","overlay-color":"","overlay-opacity":"","overlay-gradient":""}}},"product_brand":[],"product_cat":[121],"product_tag":[],"class_list":{"0":"post-1297","1":"product","2":"type-product","3":"status-publish","4":"has-post-thumbnail","6":"product_cat-poliuretano-zarnos-pu-zarnos","7":"desktop-align-left","8":"tablet-align-left","9":"mobile-align-left","11":"first","12":"instock","13":"shipping-taxable","14":"purchasable","15":"product-type-simple"},"yoast_head":"<!-- This site is optimized with the Yoast SEO plugin v27.3 - https:\/\/yoast.com\/product\/yoast-seo-wordpress\/ -->\n<title>\u017darna AIRDUC PUR 350 AS JUODA MD - ENVITEKA<\/title>\n<meta name=\"description\" content=\"Antistatin\u0117 poliuretano \u017earna, juoda. Lanksti \u017earna dujoms ir abrazyvin\u0117ms dulk\u0117ms, milteliams, pluo\u0161tams. Pristatymas 1-2 d.d.\" \/>\n<meta name=\"robots\" content=\"index, follow, max-snippet:-1, max-image-preview:large, max-video-preview:-1\" \/>\n<link rel=\"canonical\" href=\"https:\/\/enviteka.lt\/en\/product\/zarna-airduc-pur-350-as-juoda-md\/\" \/>\n<meta property=\"og:locale\" content=\"en_US\" \/>\n<meta property=\"og:type\" content=\"article\" \/>\n<meta property=\"og:title\" content=\"\u017darna AIRDUC PUR 350 AS JUODA MD - ENVITEKA\" \/>\n<meta property=\"og:description\" content=\"Antistatin\u0117 poliuretano \u017earna, juoda. Lanksti \u017earna dujoms ir abrazyvin\u0117ms dulk\u0117ms, milteliams, pluo\u0161tams. Pristatymas 1-2 d.d.\" \/>\n<meta property=\"og:url\" content=\"https:\/\/enviteka.lt\/en\/product\/zarna-airduc-pur-350-as-juoda-md\/\" \/>\n<meta property=\"og:site_name\" content=\"ENVITEKA\" \/>\n<meta property=\"article:modified_time\" content=\"2025-04-04T17:38:48+00:00\" \/>\n<meta property=\"og:image\" content=\"https:\/\/enviteka.lt\/wp-content\/uploads\/2025\/03\/ZARNA_AIRDUC_PUR_350_AS_ENVITEKA-1.jpg\" \/>\n\t<meta property=\"og:image:width\" content=\"1296\" \/>\n\t<meta property=\"og:image:height\" content=\"790\" \/>\n\t<meta property=\"og:image:type\" content=\"image\/jpeg\" \/>\n<meta name=\"twitter:card\" content=\"summary_large_image\" \/>\n<meta name=\"twitter:label1\" content=\"Est. reading time\" \/>\n\t<meta name=\"twitter:data1\" content=\"2 minutes\" \/>\n<script type=\"application\/ld+json\" class=\"yoast-schema-graph\">{\"@context\":\"https:\\\/\\\/schema.org\",\"@graph\":[{\"@type\":\"WebPage\",\"@id\":\"https:\\\/\\\/enviteka.lt\\\/produktas\\\/zarna-airduc-pur-350-as-juoda-md\\\/\",\"url\":\"https:\\\/\\\/enviteka.lt\\\/produktas\\\/zarna-airduc-pur-350-as-juoda-md\\\/\",\"name\":\"\u017darna AIRDUC PUR 350 AS JUODA MD - ENVITEKA\",\"isPartOf\":{\"@id\":\"https:\\\/\\\/enviteka.lt\\\/#website\"},\"primaryImageOfPage\":{\"@id\":\"https:\\\/\\\/enviteka.lt\\\/produktas\\\/zarna-airduc-pur-350-as-juoda-md\\\/#primaryimage\"},\"image\":{\"@id\":\"https:\\\/\\\/enviteka.lt\\\/produktas\\\/zarna-airduc-pur-350-as-juoda-md\\\/#primaryimage\"},\"thumbnailUrl\":\"https:\\\/\\\/enviteka.lt\\\/wp-content\\\/uploads\\\/2025\\\/03\\\/ZARNA_AIRDUC_PUR_350_AS_ENVITEKA-1.jpg\",\"datePublished\":\"2025-03-29T14:15:55+00:00\",\"dateModified\":\"2025-04-04T17:38:48+00:00\",\"description\":\"Antistatin\u0117 poliuretano \u017earna, juoda. Lanksti \u017earna dujoms ir abrazyvin\u0117ms dulk\u0117ms, milteliams, pluo\u0161tams. Pristatymas 1-2 d.d.\",\"breadcrumb\":{\"@id\":\"https:\\\/\\\/enviteka.lt\\\/produktas\\\/zarna-airduc-pur-350-as-juoda-md\\\/#breadcrumb\"},\"inLanguage\":\"en-US\",\"potentialAction\":[{\"@type\":\"ReadAction\",\"target\":[\"https:\\\/\\\/enviteka.lt\\\/produktas\\\/zarna-airduc-pur-350-as-juoda-md\\\/\"]}]},{\"@type\":\"ImageObject\",\"inLanguage\":\"en-US\",\"@id\":\"https:\\\/\\\/enviteka.lt\\\/produktas\\\/zarna-airduc-pur-350-as-juoda-md\\\/#primaryimage\",\"url\":\"https:\\\/\\\/enviteka.lt\\\/wp-content\\\/uploads\\\/2025\\\/03\\\/ZARNA_AIRDUC_PUR_350_AS_ENVITEKA-1.jpg\",\"contentUrl\":\"https:\\\/\\\/enviteka.lt\\\/wp-content\\\/uploads\\\/2025\\\/03\\\/ZARNA_AIRDUC_PUR_350_AS_ENVITEKA-1.jpg\",\"width\":1296,\"height\":790},{\"@type\":\"BreadcrumbList\",\"@id\":\"https:\\\/\\\/enviteka.lt\\\/produktas\\\/zarna-airduc-pur-350-as-juoda-md\\\/#breadcrumb\",\"itemListElement\":[{\"@type\":\"ListItem\",\"position\":1,\"name\":\"Home\",\"item\":\"https:\\\/\\\/enviteka.lt\\\/\"},{\"@type\":\"ListItem\",\"position\":2,\"name\":\"Produktai\",\"item\":\"https:\\\/\\\/enviteka.lt\\\/produktai\\\/\"},{\"@type\":\"ListItem\",\"position\":3,\"name\":\"\u017darna AIRDUC PUR 350 AS JUODA MD\"}]},{\"@type\":\"WebSite\",\"@id\":\"https:\\\/\\\/enviteka.lt\\\/#website\",\"url\":\"https:\\\/\\\/enviteka.lt\\\/\",\"name\":\"ENVITEKA\",\"description\":\"pramonin\u0117s \u012frangos tiek\u0117jas\",\"publisher\":{\"@id\":\"https:\\\/\\\/enviteka.lt\\\/#organization\"},\"potentialAction\":[{\"@type\":\"SearchAction\",\"target\":{\"@type\":\"EntryPoint\",\"urlTemplate\":\"https:\\\/\\\/enviteka.lt\\\/?s={search_term_string}\"},\"query-input\":{\"@type\":\"PropertyValueSpecification\",\"valueRequired\":true,\"valueName\":\"search_term_string\"}}],\"inLanguage\":\"en-US\"},{\"@type\":\"Organization\",\"@id\":\"https:\\\/\\\/enviteka.lt\\\/#organization\",\"name\":\"ENVITEKA\",\"url\":\"https:\\\/\\\/enviteka.lt\\\/\",\"logo\":{\"@type\":\"ImageObject\",\"inLanguage\":\"en-US\",\"@id\":\"https:\\\/\\\/enviteka.lt\\\/#\\\/schema\\\/logo\\\/image\\\/\",\"url\":\"https:\\\/\\\/enviteka.lt\\\/wp-content\\\/uploads\\\/2024\\\/10\\\/enviteka-high-resolution-logo-transparent-e1742852093377.png\",\"contentUrl\":\"https:\\\/\\\/enviteka.lt\\\/wp-content\\\/uploads\\\/2024\\\/10\\\/enviteka-high-resolution-logo-transparent-e1742852093377.png\",\"width\":424,\"height\":150,\"caption\":\"ENVITEKA\"},\"image\":{\"@id\":\"https:\\\/\\\/enviteka.lt\\\/#\\\/schema\\\/logo\\\/image\\\/\"}}]}<\/script>\n<!-- \/ Yoast SEO plugin. -->","yoast_head_json":{"title":"\u017darna AIRDUC PUR 350 AS JUODA MD - ENVITEKA","description":"Antistatin\u0117 poliuretano \u017earna, juoda. Lanksti \u017earna dujoms ir abrazyvin\u0117ms dulk\u0117ms, milteliams, pluo\u0161tams. Pristatymas 1-2 d.d.","robots":{"index":"index","follow":"follow","max-snippet":"max-snippet:-1","max-image-preview":"max-image-preview:large","max-video-preview":"max-video-preview:-1"},"canonical":"https:\/\/enviteka.lt\/en\/product\/zarna-airduc-pur-350-as-juoda-md\/","og_locale":"en_US","og_type":"article","og_title":"\u017darna AIRDUC PUR 350 AS JUODA MD - ENVITEKA","og_description":"Antistatin\u0117 poliuretano \u017earna, juoda. Lanksti \u017earna dujoms ir abrazyvin\u0117ms dulk\u0117ms, milteliams, pluo\u0161tams. Pristatymas 1-2 d.d.","og_url":"https:\/\/enviteka.lt\/en\/product\/zarna-airduc-pur-350-as-juoda-md\/","og_site_name":"ENVITEKA","article_modified_time":"2025-04-04T17:38:48+00:00","og_image":[{"width":1296,"height":790,"url":"https:\/\/enviteka.lt\/wp-content\/uploads\/2025\/03\/ZARNA_AIRDUC_PUR_350_AS_ENVITEKA-1.jpg","type":"image\/jpeg"}],"twitter_card":"summary_large_image","twitter_misc":{"Est. reading time":"2 minutes"},"schema":{"@context":"https:\/\/schema.org","@graph":[{"@type":"WebPage","@id":"https:\/\/enviteka.lt\/produktas\/zarna-airduc-pur-350-as-juoda-md\/","url":"https:\/\/enviteka.lt\/produktas\/zarna-airduc-pur-350-as-juoda-md\/","name":"\u017darna AIRDUC PUR 350 AS JUODA MD - ENVITEKA","isPartOf":{"@id":"https:\/\/enviteka.lt\/#website"},"primaryImageOfPage":{"@id":"https:\/\/enviteka.lt\/produktas\/zarna-airduc-pur-350-as-juoda-md\/#primaryimage"},"image":{"@id":"https:\/\/enviteka.lt\/produktas\/zarna-airduc-pur-350-as-juoda-md\/#primaryimage"},"thumbnailUrl":"https:\/\/enviteka.lt\/wp-content\/uploads\/2025\/03\/ZARNA_AIRDUC_PUR_350_AS_ENVITEKA-1.jpg","datePublished":"2025-03-29T14:15:55+00:00","dateModified":"2025-04-04T17:38:48+00:00","description":"Antistatin\u0117 poliuretano \u017earna, juoda. Lanksti \u017earna dujoms ir abrazyvin\u0117ms dulk\u0117ms, milteliams, pluo\u0161tams. Pristatymas 1-2 d.d.","breadcrumb":{"@id":"https:\/\/enviteka.lt\/produktas\/zarna-airduc-pur-350-as-juoda-md\/#breadcrumb"},"inLanguage":"en-US","potentialAction":[{"@type":"ReadAction","target":["https:\/\/enviteka.lt\/produktas\/zarna-airduc-pur-350-as-juoda-md\/"]}]},{"@type":"ImageObject","inLanguage":"en-US","@id":"https:\/\/enviteka.lt\/produktas\/zarna-airduc-pur-350-as-juoda-md\/#primaryimage","url":"https:\/\/enviteka.lt\/wp-content\/uploads\/2025\/03\/ZARNA_AIRDUC_PUR_350_AS_ENVITEKA-1.jpg","contentUrl":"https:\/\/enviteka.lt\/wp-content\/uploads\/2025\/03\/ZARNA_AIRDUC_PUR_350_AS_ENVITEKA-1.jpg","width":1296,"height":790},{"@type":"BreadcrumbList","@id":"https:\/\/enviteka.lt\/produktas\/zarna-airduc-pur-350-as-juoda-md\/#breadcrumb","itemListElement":[{"@type":"ListItem","position":1,"name":"Home","item":"https:\/\/enviteka.lt\/"},{"@type":"ListItem","position":2,"name":"Produktai","item":"https:\/\/enviteka.lt\/produktai\/"},{"@type":"ListItem","position":3,"name":"\u017darna AIRDUC PUR 350 AS JUODA MD"}]},{"@type":"WebSite","@id":"https:\/\/enviteka.lt\/#website","url":"https:\/\/enviteka.lt\/","name":"ENVITEKA","description":"pramonin\u0117s \u012frangos tiek\u0117jas","publisher":{"@id":"https:\/\/enviteka.lt\/#organization"},"potentialAction":[{"@type":"SearchAction","target":{"@type":"EntryPoint","urlTemplate":"https:\/\/enviteka.lt\/?s={search_term_string}"},"query-input":{"@type":"PropertyValueSpecification","valueRequired":true,"valueName":"search_term_string"}}],"inLanguage":"en-US"},{"@type":"Organization","@id":"https:\/\/enviteka.lt\/#organization","name":"ENVITEKA","url":"https:\/\/enviteka.lt\/","logo":{"@type":"ImageObject","inLanguage":"en-US","@id":"https:\/\/enviteka.lt\/#\/schema\/logo\/image\/","url":"https:\/\/enviteka.lt\/wp-content\/uploads\/2024\/10\/enviteka-high-resolution-logo-transparent-e1742852093377.png","contentUrl":"https:\/\/enviteka.lt\/wp-content\/uploads\/2024\/10\/enviteka-high-resolution-logo-transparent-e1742852093377.png","width":424,"height":150,"caption":"ENVITEKA"},"image":{"@id":"https:\/\/enviteka.lt\/#\/schema\/logo\/image\/"}}]}},"_links":{"self":[{"href":"https:\/\/enviteka.lt\/en\/wp-json\/wp\/v2\/product\/1297","targetHints":{"allow":["GET"]}}],"collection":[{"href":"https:\/\/enviteka.lt\/en\/wp-json\/wp\/v2\/product"}],"about":[{"href":"https:\/\/enviteka.lt\/en\/wp-json\/wp\/v2\/types\/product"}],"wp:featuredmedia":[{"embeddable":true,"href":"https:\/\/enviteka.lt\/en\/wp-json\/wp\/v2\/media\/1300"}],"wp:attachment":[{"href":"https:\/\/enviteka.lt\/en\/wp-json\/wp\/v2\/media?parent=1297"}],"wp:term":[{"taxonomy":"product_brand","embeddable":true,"href":"https:\/\/enviteka.lt\/en\/wp-json\/wp\/v2\/product_brand?post=1297"},{"taxonomy":"product_cat","embeddable":true,"href":"https:\/\/enviteka.lt\/en\/wp-json\/wp\/v2\/product_cat?post=1297"},{"taxonomy":"product_tag","embeddable":true,"href":"https:\/\/enviteka.lt\/en\/wp-json\/wp\/v2\/product_tag?post=1297"}],"curies":[{"name":"wp","href":"https:\/\/api.w.org\/{rel}","templated":true}]}}