{"id":1283,"date":"2025-03-29T10:55:39","date_gmt":"2025-03-29T10:55:39","guid":{"rendered":"https:\/\/enviteka.lt\/?post_type=product&#038;p=1283"},"modified":"2025-04-03T18:10:27","modified_gmt":"2025-04-03T18:10:27","slug":"metaline-zarna-375-ht-400c","status":"publish","type":"product","link":"https:\/\/enviteka.lt\/en\/product\/metaline-zarna-375-ht-400c\/","title":{"rendered":"Metalin\u0117 \u017earna 375 HT +400\u00b0C"},"content":{"rendered":"<p><strong>Metalin\u0117 \u017earna, siurbimo \u017earna (iki +400\u00b0C)<\/strong><\/p>\n<p><strong>Paskirtis:<\/strong><\/p>\n<p>Abrazyvini\u0173 milteli\u0173, biri\u0173 med\u017eiag\u0173, granuli\u0173 ir duj\u0173 transportavimas: Tinka didelio t\u016brio med\u017eiagoms ir dujoms perve\u017eti.<\/p>\n<p>Pavojingos aplinkos: Naudojama vietose su sprogimo rizika.<\/p>\n<p>I\u0161traukimo \u012frenginiai, dulki\u0173 \u0161alinimo sistemos, filtravimo sistemos, alyvos r\u016bko i\u0161traukimas.<\/p>\n<p>Medienos dulki\u0173 i\u0161traukimas, medienos pjuvenos: Bald\u0173 gamyba, medienos apdirbimas.<\/p>\n<p>Popieriaus ir celiulioz\u0117s pramon\u0117, pakavimo ma\u0161inos: Kra\u0161to juostos i\u0161traukimo sistemos, kra\u0161to juost\u0173 i\u0161traukimas.<\/p>\n<p>Auk\u0161tos temperat\u016bros i\u0161traukimas: Krosnys, liejyklos, krosnys, metal\u0173 lydymas, keramikos pramon\u0117, stiklo pramon\u0117, plieno gamykla, aliuminio valymo ma\u0161inos.<\/p>\n<p><strong>Savyb\u0117s:<\/strong><\/p>\n<p>Atsparumas dilimui: U\u017etikrina ilgaam\u017ei\u0161kum\u0105 net ir intensyviose darbo s\u0105lygose.<\/p>\n<p>Puikus atsparumas auk\u0161tai temperat\u016brai: Galima naudoti iki +400\u00b0C.<\/p>\n<p>Liepsnos atsparumas: U\u017etikrina saug\u0173 naudojim\u0105 pavojingose s\u0105lygose.<\/p>\n<p>Laid\u017eios sienel\u0117s konstrukcija: Elektrin\u0117 ir pavir\u0161iaus var\u017ea &lt;10\u00b3 \u2126 (pagal NFPA 652 &lt;10\u2076 \u2126), u\u017etikrina tinkam\u0105 laidum\u0105.<\/p>\n<p>Atitinka ATEX 2014\/34\/EU ir Vokietijos TRGS 727 reikalavimus: Naudojama sprogstam\u0173j\u0173 dulki\u0173 ir biri\u0173 med\u017eiag\u0173 pneumatin\u0117je transportavimo sistemoje (Zona 20, 21, 22 viduje).<\/p>\n<p>Atitinka RoHS direktyv\u0105: Be pavojing\u0173 med\u017eiag\u0173, saugu naudoti \u012fvairiose pramon\u0117s \u0161akose.<\/p>\n<p>REACH atitiktis: Atitinka REACH reglament\u0105 pagal technologij\u0105 \/ technin\u0119 informacij\u0105.<\/p>\n<p><strong>Temperat\u016bros diapazonas:<\/strong><\/p>\n<p>Darbin\u0117 temperat\u016bra (iki +400\u00b0C)<\/p>\n<p>\u012evair\u016bs diametrai nuo ir ilgiai pagal u\u017esakym\u0105<\/p>\n<p>Vidinis skersmuo nuo 20 mm iki 300 mm, kreipkit\u0117s d\u0117l reikiamo skersmens ir ilgio<\/p>\n<p><strong>Pristatymas: 1-2 d.d.<\/strong><\/p>\n<p><strong>Susisiekite su mumis<\/strong> nor\u0117dami gauti daugiau informacijos ar u\u017esisakyti. Pad\u0117sime pasirinkti geriausi\u0105 sprendim\u0105 pagal j\u016bs\u0173 poreikius, u\u017etikrinsime geriausi\u0105 kain\u0105 rinkoje ir greit\u0105<\/p>\n<p>pristatym\u0105.<\/p>","protected":false},"excerpt":{"rendered":"<p>Metalin\u0117 \u017earna, siurbimo \u017earna (iki +400\u00b0C) Paskirtis: Abrazyvini\u0173 milteli\u0173, biri\u0173 med\u017eiag\u0173, granuli\u0173 ir duj\u0173 transportavimas: Tinka didelio t\u016brio med\u017eiagoms ir [&hellip;]<\/p>","protected":false},"featured_media":1284,"template":"","meta":{"site-sidebar-layout":"default","site-content-layout":"","ast-site-content-layout":"default","site-content-style":"default","site-sidebar-style":"default","ast-global-header-display":"","ast-banner-title-visibility":"","ast-main-header-display":"","ast-hfb-above-header-display":"","ast-hfb-below-header-display":"","ast-hfb-mobile-header-display":"","site-post-title":"","ast-breadcrumbs-content":"","ast-featured-img":"","footer-sml-layout":"","ast-disable-related-posts":"","theme-transparent-header-meta":"default","adv-header-id-meta":"","stick-header-meta":"","header-above-stick-meta":"","header-main-stick-meta":"","header-below-stick-meta":"","astra-migrate-meta-layouts":"set","ast-page-background-enabled":"default","ast-page-background-meta":{"desktop":{"background-color":"var(--ast-global-color-4)","background-image":"","background-repeat":"repeat","background-position":"center center","background-size":"auto","background-attachment":"scroll","background-type":"","background-media":"","overlay-type":"","overlay-color":"","overlay-opacity":"","overlay-gradient":""},"tablet":{"background-color":"","background-image":"","background-repeat":"repeat","background-position":"center center","background-size":"auto","background-attachment":"scroll","background-type":"","background-media":"","overlay-type":"","overlay-color":"","overlay-opacity":"","overlay-gradient":""},"mobile":{"background-color":"","background-image":"","background-repeat":"repeat","background-position":"center center","background-size":"auto","background-attachment":"scroll","background-type":"","background-media":"","overlay-type":"","overlay-color":"","overlay-opacity":"","overlay-gradient":""}},"ast-content-background-meta":{"desktop":{"background-color":"var(--ast-global-color-5)","background-image":"","background-repeat":"repeat","background-position":"center center","background-size":"auto","background-attachment":"scroll","background-type":"","background-media":"","overlay-type":"","overlay-color":"","overlay-opacity":"","overlay-gradient":""},"tablet":{"background-color":"var(--ast-global-color-5)","background-image":"","background-repeat":"repeat","background-position":"center center","background-size":"auto","background-attachment":"scroll","background-type":"","background-media":"","overlay-type":"","overlay-color":"","overlay-opacity":"","overlay-gradient":""},"mobile":{"background-color":"var(--ast-global-color-5)","background-image":"","background-repeat":"repeat","background-position":"center center","background-size":"auto","background-attachment":"scroll","background-type":"","background-media":"","overlay-type":"","overlay-color":"","overlay-opacity":"","overlay-gradient":""}}},"product_brand":[],"product_cat":[123,126,109],"product_tag":[],"class_list":{"0":"post-1283","1":"product","2":"type-product","3":"status-publish","4":"has-post-thumbnail","6":"product_cat-elektrostatiniui-kruviui-laidzios-zarnos","7":"product_cat-metalines_zarnos","8":"product_cat-zarnos-medienos-apdirbimo-pramonei","9":"desktop-align-left","10":"tablet-align-left","11":"mobile-align-left","13":"first","14":"instock","15":"shipping-taxable","16":"purchasable","17":"product-type-simple"},"yoast_head":"<!-- This site is optimized with the Yoast SEO plugin v27.3 - https:\/\/yoast.com\/product\/yoast-seo-wordpress\/ -->\n<title>Metalin\u0117 \u017earna 375 HT +400\u00b0C - ENVITEKA<\/title>\n<meta name=\"description\" content=\"Abrazyvini\u0173 milteli\u0173, biri\u0173 med\u017eiag\u0173, granuli\u0173 ir duj\u0173 transportavimas: Tinka auk\u0161to t\u016brio med\u017eiagoms ir dujoms perve\u017eti. Pristatymas: 1-2 d.d.\" \/>\n<meta name=\"robots\" content=\"index, follow, max-snippet:-1, max-image-preview:large, max-video-preview:-1\" \/>\n<link rel=\"canonical\" href=\"https:\/\/enviteka.lt\/en\/product\/metaline-zarna-375-ht-400c\/\" \/>\n<meta property=\"og:locale\" content=\"en_US\" \/>\n<meta property=\"og:type\" content=\"article\" \/>\n<meta property=\"og:title\" content=\"Metalin\u0117 \u017earna 375 HT +400\u00b0C - ENVITEKA\" \/>\n<meta property=\"og:description\" content=\"Abrazyvini\u0173 milteli\u0173, biri\u0173 med\u017eiag\u0173, granuli\u0173 ir duj\u0173 transportavimas: Tinka auk\u0161to t\u016brio med\u017eiagoms ir dujoms perve\u017eti. Pristatymas: 1-2 d.d.\" \/>\n<meta property=\"og:url\" content=\"https:\/\/enviteka.lt\/en\/product\/metaline-zarna-375-ht-400c\/\" \/>\n<meta property=\"og:site_name\" content=\"ENVITEKA\" \/>\n<meta property=\"article:modified_time\" content=\"2025-04-03T18:10:27+00:00\" \/>\n<meta property=\"og:image\" content=\"https:\/\/enviteka.lt\/wp-content\/uploads\/2025\/03\/metaline_zarna_375_enviteka.jpg\" \/>\n\t<meta property=\"og:image:width\" content=\"999\" \/>\n\t<meta property=\"og:image:height\" content=\"608\" \/>\n\t<meta property=\"og:image:type\" content=\"image\/jpeg\" \/>\n<meta name=\"twitter:card\" content=\"summary_large_image\" \/>\n<meta name=\"twitter:label1\" content=\"Est. reading time\" \/>\n\t<meta name=\"twitter:data1\" content=\"2 minutes\" \/>\n<script type=\"application\/ld+json\" class=\"yoast-schema-graph\">{\"@context\":\"https:\\\/\\\/schema.org\",\"@graph\":[{\"@type\":\"WebPage\",\"@id\":\"https:\\\/\\\/enviteka.lt\\\/produktas\\\/metaline-zarna-375-ht-400c\\\/\",\"url\":\"https:\\\/\\\/enviteka.lt\\\/produktas\\\/metaline-zarna-375-ht-400c\\\/\",\"name\":\"Metalin\u0117 \u017earna 375 HT +400\u00b0C - ENVITEKA\",\"isPartOf\":{\"@id\":\"https:\\\/\\\/enviteka.lt\\\/#website\"},\"primaryImageOfPage\":{\"@id\":\"https:\\\/\\\/enviteka.lt\\\/produktas\\\/metaline-zarna-375-ht-400c\\\/#primaryimage\"},\"image\":{\"@id\":\"https:\\\/\\\/enviteka.lt\\\/produktas\\\/metaline-zarna-375-ht-400c\\\/#primaryimage\"},\"thumbnailUrl\":\"https:\\\/\\\/enviteka.lt\\\/wp-content\\\/uploads\\\/2025\\\/03\\\/metaline_zarna_375_enviteka.jpg\",\"datePublished\":\"2025-03-29T10:55:39+00:00\",\"dateModified\":\"2025-04-03T18:10:27+00:00\",\"description\":\"Abrazyvini\u0173 milteli\u0173, biri\u0173 med\u017eiag\u0173, granuli\u0173 ir duj\u0173 transportavimas: Tinka auk\u0161to t\u016brio med\u017eiagoms ir dujoms perve\u017eti. Pristatymas: 1-2 d.d.\",\"breadcrumb\":{\"@id\":\"https:\\\/\\\/enviteka.lt\\\/produktas\\\/metaline-zarna-375-ht-400c\\\/#breadcrumb\"},\"inLanguage\":\"en-US\",\"potentialAction\":[{\"@type\":\"ReadAction\",\"target\":[\"https:\\\/\\\/enviteka.lt\\\/produktas\\\/metaline-zarna-375-ht-400c\\\/\"]}]},{\"@type\":\"ImageObject\",\"inLanguage\":\"en-US\",\"@id\":\"https:\\\/\\\/enviteka.lt\\\/produktas\\\/metaline-zarna-375-ht-400c\\\/#primaryimage\",\"url\":\"https:\\\/\\\/enviteka.lt\\\/wp-content\\\/uploads\\\/2025\\\/03\\\/metaline_zarna_375_enviteka.jpg\",\"contentUrl\":\"https:\\\/\\\/enviteka.lt\\\/wp-content\\\/uploads\\\/2025\\\/03\\\/metaline_zarna_375_enviteka.jpg\",\"width\":999,\"height\":608},{\"@type\":\"BreadcrumbList\",\"@id\":\"https:\\\/\\\/enviteka.lt\\\/produktas\\\/metaline-zarna-375-ht-400c\\\/#breadcrumb\",\"itemListElement\":[{\"@type\":\"ListItem\",\"position\":1,\"name\":\"Home\",\"item\":\"https:\\\/\\\/enviteka.lt\\\/\"},{\"@type\":\"ListItem\",\"position\":2,\"name\":\"Produktai\",\"item\":\"https:\\\/\\\/enviteka.lt\\\/produktai\\\/\"},{\"@type\":\"ListItem\",\"position\":3,\"name\":\"Metalin\u0117 \u017earna 375 HT +400\u00b0C\"}]},{\"@type\":\"WebSite\",\"@id\":\"https:\\\/\\\/enviteka.lt\\\/#website\",\"url\":\"https:\\\/\\\/enviteka.lt\\\/\",\"name\":\"ENVITEKA\",\"description\":\"pramonin\u0117s \u012frangos tiek\u0117jas\",\"publisher\":{\"@id\":\"https:\\\/\\\/enviteka.lt\\\/#organization\"},\"potentialAction\":[{\"@type\":\"SearchAction\",\"target\":{\"@type\":\"EntryPoint\",\"urlTemplate\":\"https:\\\/\\\/enviteka.lt\\\/?s={search_term_string}\"},\"query-input\":{\"@type\":\"PropertyValueSpecification\",\"valueRequired\":true,\"valueName\":\"search_term_string\"}}],\"inLanguage\":\"en-US\"},{\"@type\":\"Organization\",\"@id\":\"https:\\\/\\\/enviteka.lt\\\/#organization\",\"name\":\"ENVITEKA\",\"url\":\"https:\\\/\\\/enviteka.lt\\\/\",\"logo\":{\"@type\":\"ImageObject\",\"inLanguage\":\"en-US\",\"@id\":\"https:\\\/\\\/enviteka.lt\\\/#\\\/schema\\\/logo\\\/image\\\/\",\"url\":\"https:\\\/\\\/enviteka.lt\\\/wp-content\\\/uploads\\\/2024\\\/10\\\/enviteka-high-resolution-logo-transparent-e1742852093377.png\",\"contentUrl\":\"https:\\\/\\\/enviteka.lt\\\/wp-content\\\/uploads\\\/2024\\\/10\\\/enviteka-high-resolution-logo-transparent-e1742852093377.png\",\"width\":424,\"height\":150,\"caption\":\"ENVITEKA\"},\"image\":{\"@id\":\"https:\\\/\\\/enviteka.lt\\\/#\\\/schema\\\/logo\\\/image\\\/\"}}]}<\/script>\n<!-- \/ Yoast SEO plugin. -->","yoast_head_json":{"title":"Metalin\u0117 \u017earna 375 HT +400\u00b0C - ENVITEKA","description":"Abrazyvini\u0173 milteli\u0173, biri\u0173 med\u017eiag\u0173, granuli\u0173 ir duj\u0173 transportavimas: Tinka auk\u0161to t\u016brio med\u017eiagoms ir dujoms perve\u017eti. Pristatymas: 1-2 d.d.","robots":{"index":"index","follow":"follow","max-snippet":"max-snippet:-1","max-image-preview":"max-image-preview:large","max-video-preview":"max-video-preview:-1"},"canonical":"https:\/\/enviteka.lt\/en\/product\/metaline-zarna-375-ht-400c\/","og_locale":"en_US","og_type":"article","og_title":"Metalin\u0117 \u017earna 375 HT +400\u00b0C - ENVITEKA","og_description":"Abrazyvini\u0173 milteli\u0173, biri\u0173 med\u017eiag\u0173, granuli\u0173 ir duj\u0173 transportavimas: Tinka auk\u0161to t\u016brio med\u017eiagoms ir dujoms perve\u017eti. Pristatymas: 1-2 d.d.","og_url":"https:\/\/enviteka.lt\/en\/product\/metaline-zarna-375-ht-400c\/","og_site_name":"ENVITEKA","article_modified_time":"2025-04-03T18:10:27+00:00","og_image":[{"width":999,"height":608,"url":"https:\/\/enviteka.lt\/wp-content\/uploads\/2025\/03\/metaline_zarna_375_enviteka.jpg","type":"image\/jpeg"}],"twitter_card":"summary_large_image","twitter_misc":{"Est. reading time":"2 minutes"},"schema":{"@context":"https:\/\/schema.org","@graph":[{"@type":"WebPage","@id":"https:\/\/enviteka.lt\/produktas\/metaline-zarna-375-ht-400c\/","url":"https:\/\/enviteka.lt\/produktas\/metaline-zarna-375-ht-400c\/","name":"Metalin\u0117 \u017earna 375 HT +400\u00b0C - ENVITEKA","isPartOf":{"@id":"https:\/\/enviteka.lt\/#website"},"primaryImageOfPage":{"@id":"https:\/\/enviteka.lt\/produktas\/metaline-zarna-375-ht-400c\/#primaryimage"},"image":{"@id":"https:\/\/enviteka.lt\/produktas\/metaline-zarna-375-ht-400c\/#primaryimage"},"thumbnailUrl":"https:\/\/enviteka.lt\/wp-content\/uploads\/2025\/03\/metaline_zarna_375_enviteka.jpg","datePublished":"2025-03-29T10:55:39+00:00","dateModified":"2025-04-03T18:10:27+00:00","description":"Abrazyvini\u0173 milteli\u0173, biri\u0173 med\u017eiag\u0173, granuli\u0173 ir duj\u0173 transportavimas: Tinka auk\u0161to t\u016brio med\u017eiagoms ir dujoms perve\u017eti. Pristatymas: 1-2 d.d.","breadcrumb":{"@id":"https:\/\/enviteka.lt\/produktas\/metaline-zarna-375-ht-400c\/#breadcrumb"},"inLanguage":"en-US","potentialAction":[{"@type":"ReadAction","target":["https:\/\/enviteka.lt\/produktas\/metaline-zarna-375-ht-400c\/"]}]},{"@type":"ImageObject","inLanguage":"en-US","@id":"https:\/\/enviteka.lt\/produktas\/metaline-zarna-375-ht-400c\/#primaryimage","url":"https:\/\/enviteka.lt\/wp-content\/uploads\/2025\/03\/metaline_zarna_375_enviteka.jpg","contentUrl":"https:\/\/enviteka.lt\/wp-content\/uploads\/2025\/03\/metaline_zarna_375_enviteka.jpg","width":999,"height":608},{"@type":"BreadcrumbList","@id":"https:\/\/enviteka.lt\/produktas\/metaline-zarna-375-ht-400c\/#breadcrumb","itemListElement":[{"@type":"ListItem","position":1,"name":"Home","item":"https:\/\/enviteka.lt\/"},{"@type":"ListItem","position":2,"name":"Produktai","item":"https:\/\/enviteka.lt\/produktai\/"},{"@type":"ListItem","position":3,"name":"Metalin\u0117 \u017earna 375 HT +400\u00b0C"}]},{"@type":"WebSite","@id":"https:\/\/enviteka.lt\/#website","url":"https:\/\/enviteka.lt\/","name":"ENVITEKA","description":"pramonin\u0117s \u012frangos tiek\u0117jas","publisher":{"@id":"https:\/\/enviteka.lt\/#organization"},"potentialAction":[{"@type":"SearchAction","target":{"@type":"EntryPoint","urlTemplate":"https:\/\/enviteka.lt\/?s={search_term_string}"},"query-input":{"@type":"PropertyValueSpecification","valueRequired":true,"valueName":"search_term_string"}}],"inLanguage":"en-US"},{"@type":"Organization","@id":"https:\/\/enviteka.lt\/#organization","name":"ENVITEKA","url":"https:\/\/enviteka.lt\/","logo":{"@type":"ImageObject","inLanguage":"en-US","@id":"https:\/\/enviteka.lt\/#\/schema\/logo\/image\/","url":"https:\/\/enviteka.lt\/wp-content\/uploads\/2024\/10\/enviteka-high-resolution-logo-transparent-e1742852093377.png","contentUrl":"https:\/\/enviteka.lt\/wp-content\/uploads\/2024\/10\/enviteka-high-resolution-logo-transparent-e1742852093377.png","width":424,"height":150,"caption":"ENVITEKA"},"image":{"@id":"https:\/\/enviteka.lt\/#\/schema\/logo\/image\/"}}]}},"_links":{"self":[{"href":"https:\/\/enviteka.lt\/en\/wp-json\/wp\/v2\/product\/1283","targetHints":{"allow":["GET"]}}],"collection":[{"href":"https:\/\/enviteka.lt\/en\/wp-json\/wp\/v2\/product"}],"about":[{"href":"https:\/\/enviteka.lt\/en\/wp-json\/wp\/v2\/types\/product"}],"wp:featuredmedia":[{"embeddable":true,"href":"https:\/\/enviteka.lt\/en\/wp-json\/wp\/v2\/media\/1284"}],"wp:attachment":[{"href":"https:\/\/enviteka.lt\/en\/wp-json\/wp\/v2\/media?parent=1283"}],"wp:term":[{"taxonomy":"product_brand","embeddable":true,"href":"https:\/\/enviteka.lt\/en\/wp-json\/wp\/v2\/product_brand?post=1283"},{"taxonomy":"product_cat","embeddable":true,"href":"https:\/\/enviteka.lt\/en\/wp-json\/wp\/v2\/product_cat?post=1283"},{"taxonomy":"product_tag","embeddable":true,"href":"https:\/\/enviteka.lt\/en\/wp-json\/wp\/v2\/product_tag?post=1283"}],"curies":[{"name":"wp","href":"https:\/\/api.w.org\/{rel}","templated":true}]}}