{"id":1281,"date":"2025-03-29T10:52:36","date_gmt":"2025-03-29T10:52:36","guid":{"rendered":"https:\/\/enviteka.lt\/?post_type=product&#038;p=1281"},"modified":"2025-04-04T17:42:07","modified_gmt":"2025-04-04T17:42:07","slug":"zarna-norplast-pur-385-as-ld","status":"publish","type":"product","link":"https:\/\/enviteka.lt\/en\/product\/zarna-norplast-pur-385-as-ld\/","title":{"rendered":"\u017darna NORPLAST PUR 385 AS LD"},"content":{"rendered":"<p><strong>Antistatin\u0117 poliuretano \u017earna, lengva, atspari mikrobams<\/strong><\/p>\n<p><strong>Paskirtis:<\/strong><\/p>\n<p>Lanksti \u017earna: Tinka abrazyviniams milteliams, birioms med\u017eiagoms, granul\u0117ms ir dujoms transportuoti.<\/p>\n<p>Suvirinimo kauk\u0117: Kv\u0117pavimo oro respiratorius, kv\u0117pavimo \u017earna (lankstus tipas, juodas).<\/p>\n<p>Tekstil\u0117s pramon\u0117, pluo\u0161t\u0173 i\u0161traukimas: Pynimo ma\u0161inos, mezgimo ma\u0161inos, audimo stakl\u0117s.<\/p>\n<p>Gyvulininkyst\u0117: Gyvuli\u0173 tvarto ventiliacija, pa\u0161ar\u0173 transportavimas, pa\u0161ar\u0173 gamyklos.<\/p>\n<p>Statyb\u0173 pramon\u0117: Izoliacijos p\u016btimo sistema.<\/p>\n<p>Pavir\u0161iaus paruo\u0161imas: Sm\u0117liavimo \/ \u0161lifavimo atk\u016brimas (pvz., sm\u0117liavimo kameros, laiv\u0173 statyklos, valymo ma\u0161inos, grind\u0173 paruo\u0161imo ma\u0161inos, \u0161lifavimo ma\u0161inos).<\/p>\n<p>Medicinos \u012franga, sveikatos prie\u017ei\u016bra: Kabeli\u0173 apsaugos \u017earna, oro tiekimo \u017earna, i\u0161traukimo \u017earna.<\/p>\n<p>Miest\u0173 transporto priemon\u0117s: \u0160lavimo ma\u0161inos, vejapjov\u0117s, lap\u0173 p\u016bstuvai \/ lap\u0173 surink\u0117jai.<\/p>\n<p>Valymo technika: \u0160lavimo ir grind\u0173 valymo ma\u0161inos.<\/p>\n<p><strong>Savyb\u0117s:<\/strong><\/p>\n<p>Lengva konstrukcija: Ma\u017eas svoris u\u017etikrina lengv\u0105 naudojim\u0105 ir transportavim\u0105.<\/p>\n<p>Atspari dilimui: U\u017etikrina ilgalaik\u012f naudojim\u0105 net ir intensyviose darbo s\u0105lygose.<\/p>\n<p>Atspari mikrobams: Suma\u017eina mikroorganizm\u0173 augim\u0105 ir u\u017etikrina higien\u0105.<\/p>\n<p>Geras atsparumas chemin\u0117ms med\u017eiagoms: Atspari \u012fvairioms chemin\u0117ms med\u017eiagoms ir aplinkos veiksniams.<\/p>\n<p>Be sulfat\u0173: Saugus produktas, atitinkantis aplinkosaugos reikalavimus.<\/p>\n<p>Nuolatin\u0117 antistatin\u0117 sienel\u0117: Pagal ISO 8031 standartus, elektrin\u0117 ir pavir\u0161iaus var\u017ea apie 10\u2079 \u2126.<\/p>\n<p>Atitinka RoHS direktyv\u0105: Be pavojing\u0173 med\u017eiag\u0173, saugi naudoti \u012fvairiose pramon\u0117s \u0161akose.<\/p>\n<p>REACH atitiktis: Atitinka REACH reglament\u0105 pagal technologij\u0105 \/ technin\u0119 informacij\u0105.<\/p>\n<p><strong>Temperat\u016bros diapazonas:<\/strong><\/p>\n<p>Darbin\u0117 temperat\u016bra: Nuo -20\u00b0C iki +70\u00b0C.<\/p>\n<p>Trumpalaikis atsparumas: Iki +80\u00b0C.<\/p>\n<p><strong>Konstrukcija:<\/strong><\/p>\n<p>Tipas: NORPLAST\u00ae visi\u0161kai plastikin\u0117 \u017earna.<\/p>\n<p>Konstrukcija: Integruota standi PVC spiral\u0117 sienel\u0117je.<\/p>\n<p>Sienel\u0117: Nuolat antistatin\u0117 auk\u0161tos kokyb\u0117s\u00a0 poliuretanas (Pre-PUR\u00ae), lygus vidus.<\/p>\n<p>\u012evair\u016bs diametrai nuo ir ilgiai pagal u\u017esakym\u0105<\/p>\n<p>Vidinis skersmuo nuo 20 mm iki 152 mm, kreipkit\u0117s d\u0117l reikiamo skersmens ir ilgio<\/p>\n<p><strong>Pristatymas: 1-2 d.d.<\/strong><\/p>\n<p><strong>Susisiekite su mumis<\/strong> nor\u0117dami gauti daugiau informacijos ar u\u017esisakyti. Pad\u0117sime pasirinkti geriausi\u0105 sprendim\u0105 pagal j\u016bs\u0173 poreikius, u\u017etikrinsime geriausi\u0105 kain\u0105 rinkoje ir greit\u0105<\/p>\n<p>pristatym\u0105.<\/p>","protected":false},"excerpt":{"rendered":"<p>Antistatin\u0117 poliuretano \u017earna, lengva, atspari mikrobams Paskirtis: Lanksti \u017earna: Tinka abrazyviniams milteliams, birioms med\u017eiagoms, granul\u0117ms ir dujoms transportuoti. Suvirinimo kauk\u0117: [&hellip;]<\/p>","protected":false},"featured_media":1282,"template":"","meta":{"site-sidebar-layout":"default","site-content-layout":"","ast-site-content-layout":"default","site-content-style":"default","site-sidebar-style":"default","ast-global-header-display":"","ast-banner-title-visibility":"","ast-main-header-display":"","ast-hfb-above-header-display":"","ast-hfb-below-header-display":"","ast-hfb-mobile-header-display":"","site-post-title":"","ast-breadcrumbs-content":"","ast-featured-img":"","footer-sml-layout":"","ast-disable-related-posts":"","theme-transparent-header-meta":"default","adv-header-id-meta":"","stick-header-meta":"","header-above-stick-meta":"","header-main-stick-meta":"","header-below-stick-meta":"","astra-migrate-meta-layouts":"set","ast-page-background-enabled":"default","ast-page-background-meta":{"desktop":{"background-color":"var(--ast-global-color-4)","background-image":"","background-repeat":"repeat","background-position":"center center","background-size":"auto","background-attachment":"scroll","background-type":"","background-media":"","overlay-type":"","overlay-color":"","overlay-opacity":"","overlay-gradient":""},"tablet":{"background-color":"","background-image":"","background-repeat":"repeat","background-position":"center center","background-size":"auto","background-attachment":"scroll","background-type":"","background-media":"","overlay-type":"","overlay-color":"","overlay-opacity":"","overlay-gradient":""},"mobile":{"background-color":"","background-image":"","background-repeat":"repeat","background-position":"center center","background-size":"auto","background-attachment":"scroll","background-type":"","background-media":"","overlay-type":"","overlay-color":"","overlay-opacity":"","overlay-gradient":""}},"ast-content-background-meta":{"desktop":{"background-color":"var(--ast-global-color-5)","background-image":"","background-repeat":"repeat","background-position":"center center","background-size":"auto","background-attachment":"scroll","background-type":"","background-media":"","overlay-type":"","overlay-color":"","overlay-opacity":"","overlay-gradient":""},"tablet":{"background-color":"var(--ast-global-color-5)","background-image":"","background-repeat":"repeat","background-position":"center center","background-size":"auto","background-attachment":"scroll","background-type":"","background-media":"","overlay-type":"","overlay-color":"","overlay-opacity":"","overlay-gradient":""},"mobile":{"background-color":"var(--ast-global-color-5)","background-image":"","background-repeat":"repeat","background-position":"center center","background-size":"auto","background-attachment":"scroll","background-type":"","background-media":"","overlay-type":"","overlay-color":"","overlay-opacity":"","overlay-gradient":""}}},"product_brand":[],"product_cat":[121,109],"product_tag":[],"class_list":{"0":"post-1281","1":"product","2":"type-product","3":"status-publish","4":"has-post-thumbnail","6":"product_cat-poliuretano-zarnos-pu-zarnos","7":"product_cat-zarnos-medienos-apdirbimo-pramonei","8":"desktop-align-left","9":"tablet-align-left","10":"mobile-align-left","12":"first","13":"instock","14":"shipping-taxable","15":"purchasable","16":"product-type-simple"},"yoast_head":"<!-- This site is optimized with the Yoast SEO plugin v27.3 - https:\/\/yoast.com\/product\/yoast-seo-wordpress\/ -->\n<title>\u017darna NORPLAST PUR 385 AS LD - ENVITEKA<\/title>\n<meta name=\"description\" content=\"Lanksti \u017earna: Tinka abrazyviniams milteliams, birioms med\u017eiagoms, granul\u0117ms ir dujoms transportuoti. Pristatymas: 1-2 d.d.\" \/>\n<meta name=\"robots\" content=\"index, follow, max-snippet:-1, max-image-preview:large, max-video-preview:-1\" \/>\n<link rel=\"canonical\" href=\"https:\/\/enviteka.lt\/en\/product\/zarna-norplast-pur-385-as-ld\/\" \/>\n<meta property=\"og:locale\" content=\"en_US\" \/>\n<meta property=\"og:type\" content=\"article\" \/>\n<meta property=\"og:title\" content=\"\u017darna NORPLAST PUR 385 AS LD - ENVITEKA\" \/>\n<meta property=\"og:description\" content=\"Lanksti \u017earna: Tinka abrazyviniams milteliams, birioms med\u017eiagoms, granul\u0117ms ir dujoms transportuoti. Pristatymas: 1-2 d.d.\" \/>\n<meta property=\"og:url\" content=\"https:\/\/enviteka.lt\/en\/product\/zarna-norplast-pur-385-as-ld\/\" \/>\n<meta property=\"og:site_name\" content=\"ENVITEKA\" \/>\n<meta property=\"article:modified_time\" content=\"2025-04-04T17:42:07+00:00\" \/>\n<meta property=\"og:image\" content=\"https:\/\/enviteka.lt\/wp-content\/uploads\/2025\/03\/zarna_norplast_pur_385_as_enviteka.jpg\" \/>\n\t<meta property=\"og:image:width\" content=\"1289\" \/>\n\t<meta property=\"og:image:height\" content=\"789\" \/>\n\t<meta property=\"og:image:type\" content=\"image\/jpeg\" \/>\n<meta name=\"twitter:card\" content=\"summary_large_image\" \/>\n<meta name=\"twitter:label1\" content=\"Est. reading time\" \/>\n\t<meta name=\"twitter:data1\" content=\"2 minutes\" \/>\n<script type=\"application\/ld+json\" class=\"yoast-schema-graph\">{\"@context\":\"https:\\\/\\\/schema.org\",\"@graph\":[{\"@type\":\"WebPage\",\"@id\":\"https:\\\/\\\/enviteka.lt\\\/produktas\\\/zarna-norplast-pur-385-as-ld\\\/\",\"url\":\"https:\\\/\\\/enviteka.lt\\\/produktas\\\/zarna-norplast-pur-385-as-ld\\\/\",\"name\":\"\u017darna NORPLAST PUR 385 AS LD - ENVITEKA\",\"isPartOf\":{\"@id\":\"https:\\\/\\\/enviteka.lt\\\/#website\"},\"primaryImageOfPage\":{\"@id\":\"https:\\\/\\\/enviteka.lt\\\/produktas\\\/zarna-norplast-pur-385-as-ld\\\/#primaryimage\"},\"image\":{\"@id\":\"https:\\\/\\\/enviteka.lt\\\/produktas\\\/zarna-norplast-pur-385-as-ld\\\/#primaryimage\"},\"thumbnailUrl\":\"https:\\\/\\\/enviteka.lt\\\/wp-content\\\/uploads\\\/2025\\\/03\\\/zarna_norplast_pur_385_as_enviteka.jpg\",\"datePublished\":\"2025-03-29T10:52:36+00:00\",\"dateModified\":\"2025-04-04T17:42:07+00:00\",\"description\":\"Lanksti \u017earna: Tinka abrazyviniams milteliams, birioms med\u017eiagoms, granul\u0117ms ir dujoms transportuoti. Pristatymas: 1-2 d.d.\",\"breadcrumb\":{\"@id\":\"https:\\\/\\\/enviteka.lt\\\/produktas\\\/zarna-norplast-pur-385-as-ld\\\/#breadcrumb\"},\"inLanguage\":\"en-US\",\"potentialAction\":[{\"@type\":\"ReadAction\",\"target\":[\"https:\\\/\\\/enviteka.lt\\\/produktas\\\/zarna-norplast-pur-385-as-ld\\\/\"]}]},{\"@type\":\"ImageObject\",\"inLanguage\":\"en-US\",\"@id\":\"https:\\\/\\\/enviteka.lt\\\/produktas\\\/zarna-norplast-pur-385-as-ld\\\/#primaryimage\",\"url\":\"https:\\\/\\\/enviteka.lt\\\/wp-content\\\/uploads\\\/2025\\\/03\\\/zarna_norplast_pur_385_as_enviteka.jpg\",\"contentUrl\":\"https:\\\/\\\/enviteka.lt\\\/wp-content\\\/uploads\\\/2025\\\/03\\\/zarna_norplast_pur_385_as_enviteka.jpg\",\"width\":1289,\"height\":789},{\"@type\":\"BreadcrumbList\",\"@id\":\"https:\\\/\\\/enviteka.lt\\\/produktas\\\/zarna-norplast-pur-385-as-ld\\\/#breadcrumb\",\"itemListElement\":[{\"@type\":\"ListItem\",\"position\":1,\"name\":\"Home\",\"item\":\"https:\\\/\\\/enviteka.lt\\\/\"},{\"@type\":\"ListItem\",\"position\":2,\"name\":\"Produktai\",\"item\":\"https:\\\/\\\/enviteka.lt\\\/produktai\\\/\"},{\"@type\":\"ListItem\",\"position\":3,\"name\":\"\u017darna NORPLAST PUR 385 AS LD\"}]},{\"@type\":\"WebSite\",\"@id\":\"https:\\\/\\\/enviteka.lt\\\/#website\",\"url\":\"https:\\\/\\\/enviteka.lt\\\/\",\"name\":\"ENVITEKA\",\"description\":\"pramonin\u0117s \u012frangos tiek\u0117jas\",\"publisher\":{\"@id\":\"https:\\\/\\\/enviteka.lt\\\/#organization\"},\"potentialAction\":[{\"@type\":\"SearchAction\",\"target\":{\"@type\":\"EntryPoint\",\"urlTemplate\":\"https:\\\/\\\/enviteka.lt\\\/?s={search_term_string}\"},\"query-input\":{\"@type\":\"PropertyValueSpecification\",\"valueRequired\":true,\"valueName\":\"search_term_string\"}}],\"inLanguage\":\"en-US\"},{\"@type\":\"Organization\",\"@id\":\"https:\\\/\\\/enviteka.lt\\\/#organization\",\"name\":\"ENVITEKA\",\"url\":\"https:\\\/\\\/enviteka.lt\\\/\",\"logo\":{\"@type\":\"ImageObject\",\"inLanguage\":\"en-US\",\"@id\":\"https:\\\/\\\/enviteka.lt\\\/#\\\/schema\\\/logo\\\/image\\\/\",\"url\":\"https:\\\/\\\/enviteka.lt\\\/wp-content\\\/uploads\\\/2024\\\/10\\\/enviteka-high-resolution-logo-transparent-e1742852093377.png\",\"contentUrl\":\"https:\\\/\\\/enviteka.lt\\\/wp-content\\\/uploads\\\/2024\\\/10\\\/enviteka-high-resolution-logo-transparent-e1742852093377.png\",\"width\":424,\"height\":150,\"caption\":\"ENVITEKA\"},\"image\":{\"@id\":\"https:\\\/\\\/enviteka.lt\\\/#\\\/schema\\\/logo\\\/image\\\/\"}}]}<\/script>\n<!-- \/ Yoast SEO plugin. -->","yoast_head_json":{"title":"\u017darna NORPLAST PUR 385 AS LD - ENVITEKA","description":"Lanksti \u017earna: Tinka abrazyviniams milteliams, birioms med\u017eiagoms, granul\u0117ms ir dujoms transportuoti. Pristatymas: 1-2 d.d.","robots":{"index":"index","follow":"follow","max-snippet":"max-snippet:-1","max-image-preview":"max-image-preview:large","max-video-preview":"max-video-preview:-1"},"canonical":"https:\/\/enviteka.lt\/en\/product\/zarna-norplast-pur-385-as-ld\/","og_locale":"en_US","og_type":"article","og_title":"\u017darna NORPLAST PUR 385 AS LD - ENVITEKA","og_description":"Lanksti \u017earna: Tinka abrazyviniams milteliams, birioms med\u017eiagoms, granul\u0117ms ir dujoms transportuoti. Pristatymas: 1-2 d.d.","og_url":"https:\/\/enviteka.lt\/en\/product\/zarna-norplast-pur-385-as-ld\/","og_site_name":"ENVITEKA","article_modified_time":"2025-04-04T17:42:07+00:00","og_image":[{"width":1289,"height":789,"url":"https:\/\/enviteka.lt\/wp-content\/uploads\/2025\/03\/zarna_norplast_pur_385_as_enviteka.jpg","type":"image\/jpeg"}],"twitter_card":"summary_large_image","twitter_misc":{"Est. reading time":"2 minutes"},"schema":{"@context":"https:\/\/schema.org","@graph":[{"@type":"WebPage","@id":"https:\/\/enviteka.lt\/produktas\/zarna-norplast-pur-385-as-ld\/","url":"https:\/\/enviteka.lt\/produktas\/zarna-norplast-pur-385-as-ld\/","name":"\u017darna NORPLAST PUR 385 AS LD - ENVITEKA","isPartOf":{"@id":"https:\/\/enviteka.lt\/#website"},"primaryImageOfPage":{"@id":"https:\/\/enviteka.lt\/produktas\/zarna-norplast-pur-385-as-ld\/#primaryimage"},"image":{"@id":"https:\/\/enviteka.lt\/produktas\/zarna-norplast-pur-385-as-ld\/#primaryimage"},"thumbnailUrl":"https:\/\/enviteka.lt\/wp-content\/uploads\/2025\/03\/zarna_norplast_pur_385_as_enviteka.jpg","datePublished":"2025-03-29T10:52:36+00:00","dateModified":"2025-04-04T17:42:07+00:00","description":"Lanksti \u017earna: Tinka abrazyviniams milteliams, birioms med\u017eiagoms, granul\u0117ms ir dujoms transportuoti. Pristatymas: 1-2 d.d.","breadcrumb":{"@id":"https:\/\/enviteka.lt\/produktas\/zarna-norplast-pur-385-as-ld\/#breadcrumb"},"inLanguage":"en-US","potentialAction":[{"@type":"ReadAction","target":["https:\/\/enviteka.lt\/produktas\/zarna-norplast-pur-385-as-ld\/"]}]},{"@type":"ImageObject","inLanguage":"en-US","@id":"https:\/\/enviteka.lt\/produktas\/zarna-norplast-pur-385-as-ld\/#primaryimage","url":"https:\/\/enviteka.lt\/wp-content\/uploads\/2025\/03\/zarna_norplast_pur_385_as_enviteka.jpg","contentUrl":"https:\/\/enviteka.lt\/wp-content\/uploads\/2025\/03\/zarna_norplast_pur_385_as_enviteka.jpg","width":1289,"height":789},{"@type":"BreadcrumbList","@id":"https:\/\/enviteka.lt\/produktas\/zarna-norplast-pur-385-as-ld\/#breadcrumb","itemListElement":[{"@type":"ListItem","position":1,"name":"Home","item":"https:\/\/enviteka.lt\/"},{"@type":"ListItem","position":2,"name":"Produktai","item":"https:\/\/enviteka.lt\/produktai\/"},{"@type":"ListItem","position":3,"name":"\u017darna NORPLAST PUR 385 AS LD"}]},{"@type":"WebSite","@id":"https:\/\/enviteka.lt\/#website","url":"https:\/\/enviteka.lt\/","name":"ENVITEKA","description":"pramonin\u0117s \u012frangos tiek\u0117jas","publisher":{"@id":"https:\/\/enviteka.lt\/#organization"},"potentialAction":[{"@type":"SearchAction","target":{"@type":"EntryPoint","urlTemplate":"https:\/\/enviteka.lt\/?s={search_term_string}"},"query-input":{"@type":"PropertyValueSpecification","valueRequired":true,"valueName":"search_term_string"}}],"inLanguage":"en-US"},{"@type":"Organization","@id":"https:\/\/enviteka.lt\/#organization","name":"ENVITEKA","url":"https:\/\/enviteka.lt\/","logo":{"@type":"ImageObject","inLanguage":"en-US","@id":"https:\/\/enviteka.lt\/#\/schema\/logo\/image\/","url":"https:\/\/enviteka.lt\/wp-content\/uploads\/2024\/10\/enviteka-high-resolution-logo-transparent-e1742852093377.png","contentUrl":"https:\/\/enviteka.lt\/wp-content\/uploads\/2024\/10\/enviteka-high-resolution-logo-transparent-e1742852093377.png","width":424,"height":150,"caption":"ENVITEKA"},"image":{"@id":"https:\/\/enviteka.lt\/#\/schema\/logo\/image\/"}}]}},"_links":{"self":[{"href":"https:\/\/enviteka.lt\/en\/wp-json\/wp\/v2\/product\/1281","targetHints":{"allow":["GET"]}}],"collection":[{"href":"https:\/\/enviteka.lt\/en\/wp-json\/wp\/v2\/product"}],"about":[{"href":"https:\/\/enviteka.lt\/en\/wp-json\/wp\/v2\/types\/product"}],"wp:featuredmedia":[{"embeddable":true,"href":"https:\/\/enviteka.lt\/en\/wp-json\/wp\/v2\/media\/1282"}],"wp:attachment":[{"href":"https:\/\/enviteka.lt\/en\/wp-json\/wp\/v2\/media?parent=1281"}],"wp:term":[{"taxonomy":"product_brand","embeddable":true,"href":"https:\/\/enviteka.lt\/en\/wp-json\/wp\/v2\/product_brand?post=1281"},{"taxonomy":"product_cat","embeddable":true,"href":"https:\/\/enviteka.lt\/en\/wp-json\/wp\/v2\/product_cat?post=1281"},{"taxonomy":"product_tag","embeddable":true,"href":"https:\/\/enviteka.lt\/en\/wp-json\/wp\/v2\/product_tag?post=1281"}],"curies":[{"name":"wp","href":"https:\/\/api.w.org\/{rel}","templated":true}]}}