{"id":1276,"date":"2025-03-29T10:37:29","date_gmt":"2025-03-29T10:37:29","guid":{"rendered":"https:\/\/enviteka.lt\/?post_type=product&#038;p=1276"},"modified":"2025-04-04T17:40:40","modified_gmt":"2025-04-04T17:40:40","slug":"zarna-timberduc-pur-532-as-ld","status":"publish","type":"product","link":"https:\/\/enviteka.lt\/en\/product\/zarna-timberduc-pur-532-as-ld\/","title":{"rendered":"Hose TIMBERDUC PUR 532 AS LD"},"content":{"rendered":"<p><strong>Antistatin\u0117 poliuretano \u017earna medienos apdirbimo pramonei, sunki, atspari liepsnai<\/strong><\/p>\n<p><strong>Paskirtis:<\/strong><\/p>\n<p>Dulki\u0173 i\u0161traukimo ir filtravimo sistemos: Idealiai tinka medienos apdirbimo pramon\u0117je, kur reikia efektyviai pa\u0161alinti medienos dulkes ir pjuvenas, u\u017etikrinant \u0161var\u0105 darbo aplinkoje.<\/p>\n<p>Medienos dulki\u0173 i\u0161traukimas ir medienos pjuvenos: Tinka bald\u0173 gamybai, medienos apdirbimo pramonei, ypa\u010d vertikaliems paneli\u0173 pjovimo stakl\u0117ms, pjovimo ma\u0161inoms, medienos apdirbimo \u012frangai ir kra\u0161t\u0173 apdorojimo ma\u0161inoms.<\/p>\n<p>Pavojingos aplinkos su sprogimo rizika: Puikiai tinka naudoti sprogimo pavojingose zonose (ATEX), kad b\u016bt\u0173 u\u017etikrintas saugumas ir efektyvumas.<\/p>\n<p>Oro mist\u0173 ir alyvos r\u016bko i\u0161traukimo sistemos: Efektyviai pa\u0161alina oro r\u016bk\u0105 ir kitus kenksmingus elementus i\u0161 oro, suteikiant sveikesn\u0119 darbo aplink\u0105.<\/p>\n<p><strong>Savyb\u0117s:<\/strong><\/p>\n<p>Sunki konstrukcija: Atspari sunkiems darbo \u012frenginiams ir intensyviam naudojimui.<\/p>\n<p>Auk\u0161tas atsparumas dilimui: U\u017etikrina ilgalaik\u012f naudojim\u0105, net ir labai d\u0117vimiems darbams.<\/p>\n<p>Atspari liepsnai (pagal DIN 4102-B1): Suteikia papildom\u0105 saugum\u0105 naudoti pavojingose aplinkose.<\/p>\n<p>Auk\u0161tas atsparumas alyvoms, benzinui ir chemin\u0117ms med\u017eiagoms: Puikus pasirinkimas vietose, kur gali b\u016bti naudojamos \u012fvairios chemin\u0117s med\u017eiagos.<\/p>\n<p>Labai lanksti ir suspaud\u017eiama: Lengva naudoti ir laikyti, u\u017eimant ma\u017eiau vietos sand\u0117liavimui.<\/p>\n<p>Nuolatin\u0117 antistatin\u0117 sienel\u0117: U\u017etikrina elektrin\u0119 ir pavir\u0161iaus var\u017e\u0105 &lt;10\u2079 \u2126 pagal ISO 8031, NFPA 652 reikalavimus.<\/p>\n<p><strong>Temperat\u016bros diapazonas:<\/strong><\/p>\n<p>Darbin\u0117 temperat\u016bra: Nuo -40\u00b0C iki +90\u00b0C<\/p>\n<p>Trumpalaikis atsparumas: Iki +125\u00b0C<\/p>\n<p><strong>Konstrukcija:<\/strong><\/p>\n<p>Tipas: PROTAPE\u00ae juostin\u0117 \u017earna<\/p>\n<p>Sustiprinimas: Integruota plieno viela sienel\u0117je, suteikianti papildom\u0105 stiprum\u0105 ir ilgaam\u017ei\u0161kum\u0105.<\/p>\n<p>Sienel\u0117: Premium poliuretanas (Pre-PUR\u00ae), atsparus agresyvioms medienos r\u016b\u0161ims ir medienos konservantams, su ugniai atspariu priedu.<\/p>\n<p>Sienel\u0117s storis: ~0,7 mm<\/p>\n<p>\u012evair\u016bs diametrai nuo ir ilgiai pagal u\u017esakym\u0105<\/p>\n<p>Vidinis skersmuo nuo 40 mm iki 400 mm, kreipkit\u0117s d\u0117l reikiamo skersmens ir ilgio<\/p>\n<p><strong>Pristatymas: 1-2 d.d.<\/strong><\/p>\n<p><strong>Susisiekite su mumis<\/strong> nor\u0117dami gauti daugiau informacijos ar u\u017esisakyti. Pad\u0117sime pasirinkti geriausi\u0105 sprendim\u0105 pagal j\u016bs\u0173 poreikius, u\u017etikrinsime geriausi\u0105 kain\u0105 rinkoje ir greit\u0105 pristatym\u0105.<\/p>","protected":false},"excerpt":{"rendered":"<p>Antistatin\u0117 poliuretano \u017earna medienos apdirbimo pramonei, sunki, atspari liepsnai Paskirtis: Dulki\u0173 i\u0161traukimo ir filtravimo sistemos: Idealiai tinka medienos apdirbimo pramon\u0117je, [&hellip;]<\/p>","protected":false},"featured_media":1280,"template":"","meta":{"site-sidebar-layout":"default","site-content-layout":"","ast-site-content-layout":"default","site-content-style":"default","site-sidebar-style":"default","ast-global-header-display":"","ast-banner-title-visibility":"","ast-main-header-display":"","ast-hfb-above-header-display":"","ast-hfb-below-header-display":"","ast-hfb-mobile-header-display":"","site-post-title":"","ast-breadcrumbs-content":"","ast-featured-img":"","footer-sml-layout":"","ast-disable-related-posts":"","theme-transparent-header-meta":"default","adv-header-id-meta":"","stick-header-meta":"","header-above-stick-meta":"","header-main-stick-meta":"","header-below-stick-meta":"","astra-migrate-meta-layouts":"set","ast-page-background-enabled":"default","ast-page-background-meta":{"desktop":{"background-color":"var(--ast-global-color-4)","background-image":"","background-repeat":"repeat","background-position":"center center","background-size":"auto","background-attachment":"scroll","background-type":"","background-media":"","overlay-type":"","overlay-color":"","overlay-opacity":"","overlay-gradient":""},"tablet":{"background-color":"","background-image":"","background-repeat":"repeat","background-position":"center center","background-size":"auto","background-attachment":"scroll","background-type":"","background-media":"","overlay-type":"","overlay-color":"","overlay-opacity":"","overlay-gradient":""},"mobile":{"background-color":"","background-image":"","background-repeat":"repeat","background-position":"center center","background-size":"auto","background-attachment":"scroll","background-type":"","background-media":"","overlay-type":"","overlay-color":"","overlay-opacity":"","overlay-gradient":""}},"ast-content-background-meta":{"desktop":{"background-color":"var(--ast-global-color-5)","background-image":"","background-repeat":"repeat","background-position":"center center","background-size":"auto","background-attachment":"scroll","background-type":"","background-media":"","overlay-type":"","overlay-color":"","overlay-opacity":"","overlay-gradient":""},"tablet":{"background-color":"var(--ast-global-color-5)","background-image":"","background-repeat":"repeat","background-position":"center center","background-size":"auto","background-attachment":"scroll","background-type":"","background-media":"","overlay-type":"","overlay-color":"","overlay-opacity":"","overlay-gradient":""},"mobile":{"background-color":"var(--ast-global-color-5)","background-image":"","background-repeat":"repeat","background-position":"center center","background-size":"auto","background-attachment":"scroll","background-type":"","background-media":"","overlay-type":"","overlay-color":"","overlay-opacity":"","overlay-gradient":""}}},"product_brand":[],"product_cat":[121,109],"product_tag":[],"class_list":{"0":"post-1276","1":"product","2":"type-product","3":"status-publish","4":"has-post-thumbnail","6":"product_cat-poliuretano-zarnos-pu-zarnos","7":"product_cat-zarnos-medienos-apdirbimo-pramonei","8":"desktop-align-left","9":"tablet-align-left","10":"mobile-align-left","12":"first","13":"instock","14":"shipping-taxable","15":"purchasable","16":"product-type-simple"},"yoast_head":"<!-- This site is optimized with the Yoast SEO plugin v27.3 - https:\/\/yoast.com\/product\/yoast-seo-wordpress\/ -->\n<title>\u017darna TIMBERDUC PUR 532 AS LD - ENVITEKA<\/title>\n<meta name=\"description\" content=\"Idealiai medienos apdirbimo pramon\u0117je, kur reikia efektyviai pa\u0161alinti medienos dulkes ir pjuvenas, u\u017etikrinant \u0161var\u0105 daro aplinkoje. Pristatymas: 1-2 d.d.\" \/>\n<meta name=\"robots\" content=\"index, follow, max-snippet:-1, max-image-preview:large, max-video-preview:-1\" \/>\n<link rel=\"canonical\" href=\"https:\/\/enviteka.lt\/en\/product\/zarna-timberduc-pur-532-as-ld\/\" \/>\n<meta property=\"og:locale\" content=\"en_US\" \/>\n<meta property=\"og:type\" content=\"article\" \/>\n<meta property=\"og:title\" content=\"\u017darna TIMBERDUC PUR 532 AS LD - ENVITEKA\" \/>\n<meta property=\"og:description\" content=\"Idealiai medienos apdirbimo pramon\u0117je, kur reikia efektyviai pa\u0161alinti medienos dulkes ir pjuvenas, u\u017etikrinant \u0161var\u0105 daro aplinkoje. Pristatymas: 1-2 d.d.\" \/>\n<meta property=\"og:url\" content=\"https:\/\/enviteka.lt\/en\/product\/zarna-timberduc-pur-532-as-ld\/\" \/>\n<meta property=\"og:site_name\" content=\"ENVITEKA\" \/>\n<meta property=\"article:modified_time\" content=\"2025-04-04T17:40:40+00:00\" \/>\n<meta property=\"og:image\" content=\"https:\/\/enviteka.lt\/wp-content\/uploads\/2025\/03\/zarna_timberduc_pur_533_as_enviteka.jpg\" \/>\n\t<meta property=\"og:image:width\" content=\"1076\" \/>\n\t<meta property=\"og:image:height\" content=\"649\" \/>\n\t<meta property=\"og:image:type\" content=\"image\/jpeg\" \/>\n<meta name=\"twitter:card\" content=\"summary_large_image\" \/>\n<meta name=\"twitter:label1\" content=\"Est. reading time\" \/>\n\t<meta name=\"twitter:data1\" content=\"2 minutes\" \/>\n<script type=\"application\/ld+json\" class=\"yoast-schema-graph\">{\"@context\":\"https:\\\/\\\/schema.org\",\"@graph\":[{\"@type\":\"WebPage\",\"@id\":\"https:\\\/\\\/enviteka.lt\\\/produktas\\\/zarna-timberduc-pur-532-as-ld\\\/\",\"url\":\"https:\\\/\\\/enviteka.lt\\\/produktas\\\/zarna-timberduc-pur-532-as-ld\\\/\",\"name\":\"\u017darna TIMBERDUC PUR 532 AS LD - ENVITEKA\",\"isPartOf\":{\"@id\":\"https:\\\/\\\/enviteka.lt\\\/#website\"},\"primaryImageOfPage\":{\"@id\":\"https:\\\/\\\/enviteka.lt\\\/produktas\\\/zarna-timberduc-pur-532-as-ld\\\/#primaryimage\"},\"image\":{\"@id\":\"https:\\\/\\\/enviteka.lt\\\/produktas\\\/zarna-timberduc-pur-532-as-ld\\\/#primaryimage\"},\"thumbnailUrl\":\"https:\\\/\\\/enviteka.lt\\\/wp-content\\\/uploads\\\/2025\\\/03\\\/zarna_timberduc_pur_533_as_enviteka.jpg\",\"datePublished\":\"2025-03-29T10:37:29+00:00\",\"dateModified\":\"2025-04-04T17:40:40+00:00\",\"description\":\"Idealiai medienos apdirbimo pramon\u0117je, kur reikia efektyviai pa\u0161alinti medienos dulkes ir pjuvenas, u\u017etikrinant \u0161var\u0105 daro aplinkoje. Pristatymas: 1-2 d.d.\",\"breadcrumb\":{\"@id\":\"https:\\\/\\\/enviteka.lt\\\/produktas\\\/zarna-timberduc-pur-532-as-ld\\\/#breadcrumb\"},\"inLanguage\":\"en-US\",\"potentialAction\":[{\"@type\":\"ReadAction\",\"target\":[\"https:\\\/\\\/enviteka.lt\\\/produktas\\\/zarna-timberduc-pur-532-as-ld\\\/\"]}]},{\"@type\":\"ImageObject\",\"inLanguage\":\"en-US\",\"@id\":\"https:\\\/\\\/enviteka.lt\\\/produktas\\\/zarna-timberduc-pur-532-as-ld\\\/#primaryimage\",\"url\":\"https:\\\/\\\/enviteka.lt\\\/wp-content\\\/uploads\\\/2025\\\/03\\\/zarna_timberduc_pur_533_as_enviteka.jpg\",\"contentUrl\":\"https:\\\/\\\/enviteka.lt\\\/wp-content\\\/uploads\\\/2025\\\/03\\\/zarna_timberduc_pur_533_as_enviteka.jpg\",\"width\":1076,\"height\":649},{\"@type\":\"BreadcrumbList\",\"@id\":\"https:\\\/\\\/enviteka.lt\\\/produktas\\\/zarna-timberduc-pur-532-as-ld\\\/#breadcrumb\",\"itemListElement\":[{\"@type\":\"ListItem\",\"position\":1,\"name\":\"Home\",\"item\":\"https:\\\/\\\/enviteka.lt\\\/\"},{\"@type\":\"ListItem\",\"position\":2,\"name\":\"Produktai\",\"item\":\"https:\\\/\\\/enviteka.lt\\\/produktai\\\/\"},{\"@type\":\"ListItem\",\"position\":3,\"name\":\"\u017darna TIMBERDUC PUR 532 AS LD\"}]},{\"@type\":\"WebSite\",\"@id\":\"https:\\\/\\\/enviteka.lt\\\/#website\",\"url\":\"https:\\\/\\\/enviteka.lt\\\/\",\"name\":\"ENVITEKA\",\"description\":\"pramonin\u0117s \u012frangos tiek\u0117jas\",\"publisher\":{\"@id\":\"https:\\\/\\\/enviteka.lt\\\/#organization\"},\"potentialAction\":[{\"@type\":\"SearchAction\",\"target\":{\"@type\":\"EntryPoint\",\"urlTemplate\":\"https:\\\/\\\/enviteka.lt\\\/?s={search_term_string}\"},\"query-input\":{\"@type\":\"PropertyValueSpecification\",\"valueRequired\":true,\"valueName\":\"search_term_string\"}}],\"inLanguage\":\"en-US\"},{\"@type\":\"Organization\",\"@id\":\"https:\\\/\\\/enviteka.lt\\\/#organization\",\"name\":\"ENVITEKA\",\"url\":\"https:\\\/\\\/enviteka.lt\\\/\",\"logo\":{\"@type\":\"ImageObject\",\"inLanguage\":\"en-US\",\"@id\":\"https:\\\/\\\/enviteka.lt\\\/#\\\/schema\\\/logo\\\/image\\\/\",\"url\":\"https:\\\/\\\/enviteka.lt\\\/wp-content\\\/uploads\\\/2024\\\/10\\\/enviteka-high-resolution-logo-transparent-e1742852093377.png\",\"contentUrl\":\"https:\\\/\\\/enviteka.lt\\\/wp-content\\\/uploads\\\/2024\\\/10\\\/enviteka-high-resolution-logo-transparent-e1742852093377.png\",\"width\":424,\"height\":150,\"caption\":\"ENVITEKA\"},\"image\":{\"@id\":\"https:\\\/\\\/enviteka.lt\\\/#\\\/schema\\\/logo\\\/image\\\/\"}}]}<\/script>\n<!-- \/ Yoast SEO plugin. -->","yoast_head_json":{"title":"\u017darna TIMBERDUC PUR 532 AS LD - ENVITEKA","description":"Idealiai medienos apdirbimo pramon\u0117je, kur reikia efektyviai pa\u0161alinti medienos dulkes ir pjuvenas, u\u017etikrinant \u0161var\u0105 daro aplinkoje. Pristatymas: 1-2 d.d.","robots":{"index":"index","follow":"follow","max-snippet":"max-snippet:-1","max-image-preview":"max-image-preview:large","max-video-preview":"max-video-preview:-1"},"canonical":"https:\/\/enviteka.lt\/en\/product\/zarna-timberduc-pur-532-as-ld\/","og_locale":"en_US","og_type":"article","og_title":"\u017darna TIMBERDUC PUR 532 AS LD - ENVITEKA","og_description":"Idealiai medienos apdirbimo pramon\u0117je, kur reikia efektyviai pa\u0161alinti medienos dulkes ir pjuvenas, u\u017etikrinant \u0161var\u0105 daro aplinkoje. Pristatymas: 1-2 d.d.","og_url":"https:\/\/enviteka.lt\/en\/product\/zarna-timberduc-pur-532-as-ld\/","og_site_name":"ENVITEKA","article_modified_time":"2025-04-04T17:40:40+00:00","og_image":[{"width":1076,"height":649,"url":"https:\/\/enviteka.lt\/wp-content\/uploads\/2025\/03\/zarna_timberduc_pur_533_as_enviteka.jpg","type":"image\/jpeg"}],"twitter_card":"summary_large_image","twitter_misc":{"Est. reading time":"2 minutes"},"schema":{"@context":"https:\/\/schema.org","@graph":[{"@type":"WebPage","@id":"https:\/\/enviteka.lt\/produktas\/zarna-timberduc-pur-532-as-ld\/","url":"https:\/\/enviteka.lt\/produktas\/zarna-timberduc-pur-532-as-ld\/","name":"\u017darna TIMBERDUC PUR 532 AS LD - ENVITEKA","isPartOf":{"@id":"https:\/\/enviteka.lt\/#website"},"primaryImageOfPage":{"@id":"https:\/\/enviteka.lt\/produktas\/zarna-timberduc-pur-532-as-ld\/#primaryimage"},"image":{"@id":"https:\/\/enviteka.lt\/produktas\/zarna-timberduc-pur-532-as-ld\/#primaryimage"},"thumbnailUrl":"https:\/\/enviteka.lt\/wp-content\/uploads\/2025\/03\/zarna_timberduc_pur_533_as_enviteka.jpg","datePublished":"2025-03-29T10:37:29+00:00","dateModified":"2025-04-04T17:40:40+00:00","description":"Idealiai medienos apdirbimo pramon\u0117je, kur reikia efektyviai pa\u0161alinti medienos dulkes ir pjuvenas, u\u017etikrinant \u0161var\u0105 daro aplinkoje. Pristatymas: 1-2 d.d.","breadcrumb":{"@id":"https:\/\/enviteka.lt\/produktas\/zarna-timberduc-pur-532-as-ld\/#breadcrumb"},"inLanguage":"en-US","potentialAction":[{"@type":"ReadAction","target":["https:\/\/enviteka.lt\/produktas\/zarna-timberduc-pur-532-as-ld\/"]}]},{"@type":"ImageObject","inLanguage":"en-US","@id":"https:\/\/enviteka.lt\/produktas\/zarna-timberduc-pur-532-as-ld\/#primaryimage","url":"https:\/\/enviteka.lt\/wp-content\/uploads\/2025\/03\/zarna_timberduc_pur_533_as_enviteka.jpg","contentUrl":"https:\/\/enviteka.lt\/wp-content\/uploads\/2025\/03\/zarna_timberduc_pur_533_as_enviteka.jpg","width":1076,"height":649},{"@type":"BreadcrumbList","@id":"https:\/\/enviteka.lt\/produktas\/zarna-timberduc-pur-532-as-ld\/#breadcrumb","itemListElement":[{"@type":"ListItem","position":1,"name":"Home","item":"https:\/\/enviteka.lt\/"},{"@type":"ListItem","position":2,"name":"Produktai","item":"https:\/\/enviteka.lt\/produktai\/"},{"@type":"ListItem","position":3,"name":"\u017darna TIMBERDUC PUR 532 AS LD"}]},{"@type":"WebSite","@id":"https:\/\/enviteka.lt\/#website","url":"https:\/\/enviteka.lt\/","name":"ENVITEKA","description":"pramonin\u0117s \u012frangos tiek\u0117jas","publisher":{"@id":"https:\/\/enviteka.lt\/#organization"},"potentialAction":[{"@type":"SearchAction","target":{"@type":"EntryPoint","urlTemplate":"https:\/\/enviteka.lt\/?s={search_term_string}"},"query-input":{"@type":"PropertyValueSpecification","valueRequired":true,"valueName":"search_term_string"}}],"inLanguage":"en-US"},{"@type":"Organization","@id":"https:\/\/enviteka.lt\/#organization","name":"ENVITEKA","url":"https:\/\/enviteka.lt\/","logo":{"@type":"ImageObject","inLanguage":"en-US","@id":"https:\/\/enviteka.lt\/#\/schema\/logo\/image\/","url":"https:\/\/enviteka.lt\/wp-content\/uploads\/2024\/10\/enviteka-high-resolution-logo-transparent-e1742852093377.png","contentUrl":"https:\/\/enviteka.lt\/wp-content\/uploads\/2024\/10\/enviteka-high-resolution-logo-transparent-e1742852093377.png","width":424,"height":150,"caption":"ENVITEKA"},"image":{"@id":"https:\/\/enviteka.lt\/#\/schema\/logo\/image\/"}}]}},"_links":{"self":[{"href":"https:\/\/enviteka.lt\/en\/wp-json\/wp\/v2\/product\/1276","targetHints":{"allow":["GET"]}}],"collection":[{"href":"https:\/\/enviteka.lt\/en\/wp-json\/wp\/v2\/product"}],"about":[{"href":"https:\/\/enviteka.lt\/en\/wp-json\/wp\/v2\/types\/product"}],"wp:featuredmedia":[{"embeddable":true,"href":"https:\/\/enviteka.lt\/en\/wp-json\/wp\/v2\/media\/1280"}],"wp:attachment":[{"href":"https:\/\/enviteka.lt\/en\/wp-json\/wp\/v2\/media?parent=1276"}],"wp:term":[{"taxonomy":"product_brand","embeddable":true,"href":"https:\/\/enviteka.lt\/en\/wp-json\/wp\/v2\/product_brand?post=1276"},{"taxonomy":"product_cat","embeddable":true,"href":"https:\/\/enviteka.lt\/en\/wp-json\/wp\/v2\/product_cat?post=1276"},{"taxonomy":"product_tag","embeddable":true,"href":"https:\/\/enviteka.lt\/en\/wp-json\/wp\/v2\/product_tag?post=1276"}],"curies":[{"name":"wp","href":"https:\/\/api.w.org\/{rel}","templated":true}]}}