{"id":1271,"date":"2025-03-29T10:22:38","date_gmt":"2025-03-29T10:22:38","guid":{"rendered":"https:\/\/enviteka.lt\/?post_type=product&#038;p=1271"},"modified":"2025-04-04T17:43:42","modified_gmt":"2025-04-04T17:43:42","slug":"zarna-airduc-pur-355-as-hd","status":"publish","type":"product","link":"https:\/\/enviteka.lt\/en\/product\/zarna-airduc-pur-355-as-hd\/","title":{"rendered":"\u017darna AIRDUC PUR 355 AS HD"},"content":{"rendered":"<p><strong>Antistatin\u0117 poliuretano \u017earna, atspari mikrobams ir liepsnai, sunki<\/strong><\/p>\n<p><strong>Paskirtis:<\/strong><\/p>\n<p>Lanksti \u017earna\/ortakis, skirtas dideliam abrazyvini\u0173 milteli\u0173, biri\u0173 med\u017eiag\u0173, granuliat\u0173 ir duj\u0173 pralaidumui.<\/p>\n<p>Plastiko pramon\u0117, granuli\u0173 ir milteli\u0173 transportavimas: granuli\u0173 transportavimo \u012frenginiai, vakuuminiai bunkerio\/transportavimo \u012frenginiai, siurbimo transporteriai, dozavimo sistemos, dideli\u0173 mai\u0161\u0173 (big-bag) pakrovimo ir i\u0161krovimo sistemos, smulkintuvai, mal\u016bnai.<\/p>\n<p>Puslaidininki\u0173 gamybos \u012franga: PCB gr\u0119\u017eimo ma\u0161ina.<\/p>\n<p>Milteli\u0173 pur\u0161kimas, milteli\u0173 dengimas: pvz., spausdinimo pramon\u0117je.<\/p>\n<p>Pramoniniai dulki\u0173 siurbliai, siurbliai.<\/p>\n<p>Pavojingos aplinkos su sprogimo rizika (ATEX).<\/p>\n<p>\u017dem\u0117s \u016bkio pramon\u0117, s\u0117kl\u0173 ir tr\u0105\u0161\u0173 transportavimas: s\u0117jimo ma\u0161inos, s\u0117jamasis, gr\u0119\u017eimo ma\u0161inos.<\/p>\n<p>\u017dem\u0117s \u016bkio pramon\u0117: gr\u016bd\u0173 transportavimo \u012frenginiai.<\/p>\n<p>Statyb\u0173 pramon\u0117, kelio frezos.<\/p>\n<p>\u017daliav\u0173 transportavimo \u017earna milteliams, granuliatams, sm\u0117liui, kvarcui, \u017evyrui, \u0161uk\u0117ms ir dro\u017el\u0117ms.<\/p>\n<p>Kompresoriai, \u0161onini\u0173 kanal\u0173 p\u016bstuvai, vakuuminiai siurbliai, sl\u0117gio siurbliai, siurbliai.<\/p>\n<p>Popieriaus gamyklos, popieriaus ir celiulioz\u0117s pramon\u0117, pakavimo ma\u0161inos: kra\u0161tini\u0173 juost\u0173 siurbimo sistemos.<\/p>\n<p>Pavir\u0161iaus paruo\u0161imas: sm\u0117liavimas\/\u0161lifavimas atk\u016brimas (pvz., sm\u0117liavimo kamerose, laiv\u0173 statyklose, valymo ma\u0161inose, grind\u0173 paruo\u0161imo ma\u0161inose, \u0161lifavimo ma\u0161inose).<\/p>\n<p>Savivaldybi\u0173 transporto priemon\u0117s: \u0161lavimo ma\u0161inos, \u0161lavimo \u012frenginiai.<\/p>\n<p>Savivaldybi\u0173 transporto priemon\u0117s: vejapjov\u0117s, nuolyd\u017eio vejapjov\u0117s, lap\u0173 p\u016btikliai\/lap\u0173 surink\u0117jai.<\/p>\n<p>Vakuuminiai k\u0117limo \u012frenginiai, vakuumin\u0117s manipuliavimo sistemos.<\/p>\n<p>Silosai ir cisternos: silo pakrovimas, silo i\u0161krovimas.<\/p>\n<p>Silosai ir cisternos: med\u017eio granuli\u0173, plastiko granuliat\u0173, plastiko milteli\u0173 transportavimas.<\/p>\n<p><strong>Savyb\u0117s:<\/strong><\/p>\n<p>Sunkioji konstrukcija<\/p>\n<p>Itin atspari dilimui<\/p>\n<p>Padid\u0117j\u0119s sl\u0117gio ir vakuumo atsparumas<\/p>\n<p>Atspari mikrobams<\/p>\n<p>Geras atsparumas alyvai, benzinui ir chemin\u0117ms med\u017eiagoms<\/p>\n<p>Puikus lankstumas esant \u017eemai temperat\u016brai<\/p>\n<p>Atspari liepsnai pagal UL94-V2 ir DIN 4102-B1 standartus<\/p>\n<p>Nuolatin\u0117 antistatin\u0117 sienel\u0117: elektrin\u0117 ir pavir\u0161iaus var\u017ea &lt;10\u2079 \u2126 (pagal TRGS 727 &lt;2,510\u2078 \u2126m ir NFPA 652 10\u2078-10\u2079 \u2126)<\/p>\n<p>Atitinka ATEX 2014\/34\/EU ir Vokietijos TRGS 727 reikalavimus d\u0117l pneumatini\u0173 degi\u0173 dulki\u0173 ir biri\u0173 med\u017eiag\u0173 transportavimo (20, 21, 22 zona viduje), degi\u0173 dulki\u0173 i\u0161traukimo (22 zona viduje).<\/p>\n<p>Atitinka ATEX 2014\/34\/EU ir Vokietijos TRGS 727 reikalavimus d\u0117l degi\u0173 skys\u010di\u0173 transportavimo (zona 0, 1, 2 viduje), nedegi\u0173 skys\u010di\u0173 transportavimo, naudojimo duj\u0173 zonose 1 ir 2 (dujos), naudojimo duj\u0173 zonoje 0 (dujos).<\/p>\n<p>Atitinka Vokietijos Medienos Pramon\u0117s Asociacijos saugos reikalavimus.<\/p>\n<p>Pagal DIN 26057, 3 tipo.<\/p>\n<p>Atitinka RoHS direktyv\u0105.<\/p>\n<p>REACH pagal &#8211;&gt; Technin\u0117 informacija \/ REACH.<\/p>\n<p><strong>Temperat\u016bros diapazonas:<\/strong><\/p>\n<p>Darbin\u0117 temperat\u016bra: nuo -40\u00b0C iki +90\u00b0C<\/p>\n<p>Trumpalaikis atsparumas: iki +125\u00b0C<\/p>\n<p><strong>Konstrukcija:<\/strong><\/p>\n<p>Tipas: AIRDUC\u00ae profilin\u0117 \u017earna<\/p>\n<p>Sustiprinimas: tvirtai \u012fterpta plieno viela sienel\u0117je<\/p>\n<p>Sienel\u0117: nuolat antistatinis auk\u0161tos kokyb\u0117s eterio poliuretanas (Pre-PUR\u00ae)<\/p>\n<p>Sienel\u0117s storis: ~1,4 &#8211; 1,5 mm<\/p>\n<p>\u012evair\u016bs diametrai nuo ir ilgiai pagal u\u017esakym\u0105<\/p>\n<p>Vidinis skersmuo nuo 13 mm iki 500 mm, kreipkit\u0117s d\u0117l reikiamo skersmens ir ilgio<\/p>\n<p><strong>Pristatymas: 1-2 d.d.<\/strong><\/p>\n<p><strong>Susisiekite su mumis<\/strong> nor\u0117dami gauti daugiau informacijos ar u\u017esisakyti. Pad\u0117sime pasirinkti geriausi\u0105 sprendim\u0105 pagal j\u016bs\u0173 poreikius, u\u017etikrinsime geriausi\u0105 kain\u0105 rinkoje ir greit\u0105<\/p>\n<p>pristatym\u0105.<\/p>","protected":false},"excerpt":{"rendered":"<p>Antistatin\u0117 poliuretano \u017earna, atspari mikrobams ir liepsnai, sunki Paskirtis: Lanksti \u017earna\/ortakis, skirtas dideliam abrazyvini\u0173 milteli\u0173, biri\u0173 med\u017eiag\u0173, granuliat\u0173 ir duj\u0173 [&hellip;]<\/p>","protected":false},"featured_media":1272,"template":"","meta":{"site-sidebar-layout":"default","site-content-layout":"","ast-site-content-layout":"default","site-content-style":"default","site-sidebar-style":"default","ast-global-header-display":"","ast-banner-title-visibility":"","ast-main-header-display":"","ast-hfb-above-header-display":"","ast-hfb-below-header-display":"","ast-hfb-mobile-header-display":"","site-post-title":"","ast-breadcrumbs-content":"","ast-featured-img":"","footer-sml-layout":"","ast-disable-related-posts":"","theme-transparent-header-meta":"default","adv-header-id-meta":"","stick-header-meta":"","header-above-stick-meta":"","header-main-stick-meta":"","header-below-stick-meta":"","astra-migrate-meta-layouts":"set","ast-page-background-enabled":"default","ast-page-background-meta":{"desktop":{"background-color":"var(--ast-global-color-4)","background-image":"","background-repeat":"repeat","background-position":"center center","background-size":"auto","background-attachment":"scroll","background-type":"","background-media":"","overlay-type":"","overlay-color":"","overlay-opacity":"","overlay-gradient":""},"tablet":{"background-color":"","background-image":"","background-repeat":"repeat","background-position":"center center","background-size":"auto","background-attachment":"scroll","background-type":"","background-media":"","overlay-type":"","overlay-color":"","overlay-opacity":"","overlay-gradient":""},"mobile":{"background-color":"","background-image":"","background-repeat":"repeat","background-position":"center center","background-size":"auto","background-attachment":"scroll","background-type":"","background-media":"","overlay-type":"","overlay-color":"","overlay-opacity":"","overlay-gradient":""}},"ast-content-background-meta":{"desktop":{"background-color":"var(--ast-global-color-5)","background-image":"","background-repeat":"repeat","background-position":"center center","background-size":"auto","background-attachment":"scroll","background-type":"","background-media":"","overlay-type":"","overlay-color":"","overlay-opacity":"","overlay-gradient":""},"tablet":{"background-color":"var(--ast-global-color-5)","background-image":"","background-repeat":"repeat","background-position":"center center","background-size":"auto","background-attachment":"scroll","background-type":"","background-media":"","overlay-type":"","overlay-color":"","overlay-opacity":"","overlay-gradient":""},"mobile":{"background-color":"var(--ast-global-color-5)","background-image":"","background-repeat":"repeat","background-position":"center center","background-size":"auto","background-attachment":"scroll","background-type":"","background-media":"","overlay-type":"","overlay-color":"","overlay-opacity":"","overlay-gradient":""}}},"product_brand":[],"product_cat":[121],"product_tag":[],"class_list":{"0":"post-1271","1":"product","2":"type-product","3":"status-publish","4":"has-post-thumbnail","6":"product_cat-poliuretano-zarnos-pu-zarnos","7":"desktop-align-left","8":"tablet-align-left","9":"mobile-align-left","11":"first","12":"instock","13":"shipping-taxable","14":"purchasable","15":"product-type-simple"},"yoast_head":"<!-- This site is optimized with the Yoast SEO plugin v27.3 - https:\/\/yoast.com\/product\/yoast-seo-wordpress\/ -->\n<title>\u017darna AIRDUC PUR 355 AS HD - ENVITEKA<\/title>\n<meta name=\"description\" content=\"Atspari dilimui, naudojama - dulki\u0173 i\u0161traukimo \u012frenginiai, dulki\u0173 \u0161alinimo sistemos, filtravimo sistemos, alyvos r\u016bko i\u0161traukimas. Pristatymas 1-2 d.d.\" \/>\n<meta name=\"robots\" content=\"index, follow, max-snippet:-1, max-image-preview:large, max-video-preview:-1\" \/>\n<link rel=\"canonical\" href=\"https:\/\/enviteka.lt\/en\/product\/zarna-airduc-pur-355-as-hd\/\" \/>\n<meta property=\"og:locale\" content=\"en_US\" \/>\n<meta property=\"og:type\" content=\"article\" \/>\n<meta property=\"og:title\" content=\"\u017darna AIRDUC PUR 355 AS HD - ENVITEKA\" \/>\n<meta property=\"og:description\" content=\"Atspari dilimui, naudojama - dulki\u0173 i\u0161traukimo \u012frenginiai, dulki\u0173 \u0161alinimo sistemos, filtravimo sistemos, alyvos r\u016bko i\u0161traukimas. Pristatymas 1-2 d.d.\" \/>\n<meta property=\"og:url\" content=\"https:\/\/enviteka.lt\/en\/product\/zarna-airduc-pur-355-as-hd\/\" \/>\n<meta property=\"og:site_name\" content=\"ENVITEKA\" \/>\n<meta property=\"article:modified_time\" content=\"2025-04-04T17:43:42+00:00\" \/>\n<meta property=\"og:image\" content=\"https:\/\/enviteka.lt\/wp-content\/uploads\/2025\/03\/AIRDUC_PUR_355_AS_ENVITEKA_ZARNA.jpg\" \/>\n\t<meta property=\"og:image:width\" content=\"1123\" \/>\n\t<meta property=\"og:image:height\" content=\"687\" \/>\n\t<meta property=\"og:image:type\" content=\"image\/jpeg\" \/>\n<meta name=\"twitter:card\" content=\"summary_large_image\" \/>\n<meta name=\"twitter:label1\" content=\"Est. reading time\" \/>\n\t<meta name=\"twitter:data1\" content=\"3 minutes\" \/>\n<script type=\"application\/ld+json\" class=\"yoast-schema-graph\">{\"@context\":\"https:\\\/\\\/schema.org\",\"@graph\":[{\"@type\":\"WebPage\",\"@id\":\"https:\\\/\\\/enviteka.lt\\\/produktas\\\/zarna-airduc-pur-355-as-hd\\\/\",\"url\":\"https:\\\/\\\/enviteka.lt\\\/produktas\\\/zarna-airduc-pur-355-as-hd\\\/\",\"name\":\"\u017darna AIRDUC PUR 355 AS HD - ENVITEKA\",\"isPartOf\":{\"@id\":\"https:\\\/\\\/enviteka.lt\\\/#website\"},\"primaryImageOfPage\":{\"@id\":\"https:\\\/\\\/enviteka.lt\\\/produktas\\\/zarna-airduc-pur-355-as-hd\\\/#primaryimage\"},\"image\":{\"@id\":\"https:\\\/\\\/enviteka.lt\\\/produktas\\\/zarna-airduc-pur-355-as-hd\\\/#primaryimage\"},\"thumbnailUrl\":\"https:\\\/\\\/enviteka.lt\\\/wp-content\\\/uploads\\\/2025\\\/03\\\/AIRDUC_PUR_355_AS_ENVITEKA_ZARNA.jpg\",\"datePublished\":\"2025-03-29T10:22:38+00:00\",\"dateModified\":\"2025-04-04T17:43:42+00:00\",\"description\":\"Atspari dilimui, naudojama - dulki\u0173 i\u0161traukimo \u012frenginiai, dulki\u0173 \u0161alinimo sistemos, filtravimo sistemos, alyvos r\u016bko i\u0161traukimas. Pristatymas 1-2 d.d.\",\"breadcrumb\":{\"@id\":\"https:\\\/\\\/enviteka.lt\\\/produktas\\\/zarna-airduc-pur-355-as-hd\\\/#breadcrumb\"},\"inLanguage\":\"en-US\",\"potentialAction\":[{\"@type\":\"ReadAction\",\"target\":[\"https:\\\/\\\/enviteka.lt\\\/produktas\\\/zarna-airduc-pur-355-as-hd\\\/\"]}]},{\"@type\":\"ImageObject\",\"inLanguage\":\"en-US\",\"@id\":\"https:\\\/\\\/enviteka.lt\\\/produktas\\\/zarna-airduc-pur-355-as-hd\\\/#primaryimage\",\"url\":\"https:\\\/\\\/enviteka.lt\\\/wp-content\\\/uploads\\\/2025\\\/03\\\/AIRDUC_PUR_355_AS_ENVITEKA_ZARNA.jpg\",\"contentUrl\":\"https:\\\/\\\/enviteka.lt\\\/wp-content\\\/uploads\\\/2025\\\/03\\\/AIRDUC_PUR_355_AS_ENVITEKA_ZARNA.jpg\",\"width\":1123,\"height\":687},{\"@type\":\"BreadcrumbList\",\"@id\":\"https:\\\/\\\/enviteka.lt\\\/produktas\\\/zarna-airduc-pur-355-as-hd\\\/#breadcrumb\",\"itemListElement\":[{\"@type\":\"ListItem\",\"position\":1,\"name\":\"Home\",\"item\":\"https:\\\/\\\/enviteka.lt\\\/\"},{\"@type\":\"ListItem\",\"position\":2,\"name\":\"Produktai\",\"item\":\"https:\\\/\\\/enviteka.lt\\\/produktai\\\/\"},{\"@type\":\"ListItem\",\"position\":3,\"name\":\"\u017darna AIRDUC PUR 355 AS HD\"}]},{\"@type\":\"WebSite\",\"@id\":\"https:\\\/\\\/enviteka.lt\\\/#website\",\"url\":\"https:\\\/\\\/enviteka.lt\\\/\",\"name\":\"ENVITEKA\",\"description\":\"pramonin\u0117s \u012frangos tiek\u0117jas\",\"publisher\":{\"@id\":\"https:\\\/\\\/enviteka.lt\\\/#organization\"},\"potentialAction\":[{\"@type\":\"SearchAction\",\"target\":{\"@type\":\"EntryPoint\",\"urlTemplate\":\"https:\\\/\\\/enviteka.lt\\\/?s={search_term_string}\"},\"query-input\":{\"@type\":\"PropertyValueSpecification\",\"valueRequired\":true,\"valueName\":\"search_term_string\"}}],\"inLanguage\":\"en-US\"},{\"@type\":\"Organization\",\"@id\":\"https:\\\/\\\/enviteka.lt\\\/#organization\",\"name\":\"ENVITEKA\",\"url\":\"https:\\\/\\\/enviteka.lt\\\/\",\"logo\":{\"@type\":\"ImageObject\",\"inLanguage\":\"en-US\",\"@id\":\"https:\\\/\\\/enviteka.lt\\\/#\\\/schema\\\/logo\\\/image\\\/\",\"url\":\"https:\\\/\\\/enviteka.lt\\\/wp-content\\\/uploads\\\/2024\\\/10\\\/enviteka-high-resolution-logo-transparent-e1742852093377.png\",\"contentUrl\":\"https:\\\/\\\/enviteka.lt\\\/wp-content\\\/uploads\\\/2024\\\/10\\\/enviteka-high-resolution-logo-transparent-e1742852093377.png\",\"width\":424,\"height\":150,\"caption\":\"ENVITEKA\"},\"image\":{\"@id\":\"https:\\\/\\\/enviteka.lt\\\/#\\\/schema\\\/logo\\\/image\\\/\"}}]}<\/script>\n<!-- \/ Yoast SEO plugin. -->","yoast_head_json":{"title":"\u017darna AIRDUC PUR 355 AS HD - ENVITEKA","description":"Atspari dilimui, naudojama - dulki\u0173 i\u0161traukimo \u012frenginiai, dulki\u0173 \u0161alinimo sistemos, filtravimo sistemos, alyvos r\u016bko i\u0161traukimas. Pristatymas 1-2 d.d.","robots":{"index":"index","follow":"follow","max-snippet":"max-snippet:-1","max-image-preview":"max-image-preview:large","max-video-preview":"max-video-preview:-1"},"canonical":"https:\/\/enviteka.lt\/en\/product\/zarna-airduc-pur-355-as-hd\/","og_locale":"en_US","og_type":"article","og_title":"\u017darna AIRDUC PUR 355 AS HD - ENVITEKA","og_description":"Atspari dilimui, naudojama - dulki\u0173 i\u0161traukimo \u012frenginiai, dulki\u0173 \u0161alinimo sistemos, filtravimo sistemos, alyvos r\u016bko i\u0161traukimas. Pristatymas 1-2 d.d.","og_url":"https:\/\/enviteka.lt\/en\/product\/zarna-airduc-pur-355-as-hd\/","og_site_name":"ENVITEKA","article_modified_time":"2025-04-04T17:43:42+00:00","og_image":[{"width":1123,"height":687,"url":"https:\/\/enviteka.lt\/wp-content\/uploads\/2025\/03\/AIRDUC_PUR_355_AS_ENVITEKA_ZARNA.jpg","type":"image\/jpeg"}],"twitter_card":"summary_large_image","twitter_misc":{"Est. reading time":"3 minutes"},"schema":{"@context":"https:\/\/schema.org","@graph":[{"@type":"WebPage","@id":"https:\/\/enviteka.lt\/produktas\/zarna-airduc-pur-355-as-hd\/","url":"https:\/\/enviteka.lt\/produktas\/zarna-airduc-pur-355-as-hd\/","name":"\u017darna AIRDUC PUR 355 AS HD - ENVITEKA","isPartOf":{"@id":"https:\/\/enviteka.lt\/#website"},"primaryImageOfPage":{"@id":"https:\/\/enviteka.lt\/produktas\/zarna-airduc-pur-355-as-hd\/#primaryimage"},"image":{"@id":"https:\/\/enviteka.lt\/produktas\/zarna-airduc-pur-355-as-hd\/#primaryimage"},"thumbnailUrl":"https:\/\/enviteka.lt\/wp-content\/uploads\/2025\/03\/AIRDUC_PUR_355_AS_ENVITEKA_ZARNA.jpg","datePublished":"2025-03-29T10:22:38+00:00","dateModified":"2025-04-04T17:43:42+00:00","description":"Atspari dilimui, naudojama - dulki\u0173 i\u0161traukimo \u012frenginiai, dulki\u0173 \u0161alinimo sistemos, filtravimo sistemos, alyvos r\u016bko i\u0161traukimas. Pristatymas 1-2 d.d.","breadcrumb":{"@id":"https:\/\/enviteka.lt\/produktas\/zarna-airduc-pur-355-as-hd\/#breadcrumb"},"inLanguage":"en-US","potentialAction":[{"@type":"ReadAction","target":["https:\/\/enviteka.lt\/produktas\/zarna-airduc-pur-355-as-hd\/"]}]},{"@type":"ImageObject","inLanguage":"en-US","@id":"https:\/\/enviteka.lt\/produktas\/zarna-airduc-pur-355-as-hd\/#primaryimage","url":"https:\/\/enviteka.lt\/wp-content\/uploads\/2025\/03\/AIRDUC_PUR_355_AS_ENVITEKA_ZARNA.jpg","contentUrl":"https:\/\/enviteka.lt\/wp-content\/uploads\/2025\/03\/AIRDUC_PUR_355_AS_ENVITEKA_ZARNA.jpg","width":1123,"height":687},{"@type":"BreadcrumbList","@id":"https:\/\/enviteka.lt\/produktas\/zarna-airduc-pur-355-as-hd\/#breadcrumb","itemListElement":[{"@type":"ListItem","position":1,"name":"Home","item":"https:\/\/enviteka.lt\/"},{"@type":"ListItem","position":2,"name":"Produktai","item":"https:\/\/enviteka.lt\/produktai\/"},{"@type":"ListItem","position":3,"name":"\u017darna AIRDUC PUR 355 AS HD"}]},{"@type":"WebSite","@id":"https:\/\/enviteka.lt\/#website","url":"https:\/\/enviteka.lt\/","name":"ENVITEKA","description":"pramonin\u0117s \u012frangos tiek\u0117jas","publisher":{"@id":"https:\/\/enviteka.lt\/#organization"},"potentialAction":[{"@type":"SearchAction","target":{"@type":"EntryPoint","urlTemplate":"https:\/\/enviteka.lt\/?s={search_term_string}"},"query-input":{"@type":"PropertyValueSpecification","valueRequired":true,"valueName":"search_term_string"}}],"inLanguage":"en-US"},{"@type":"Organization","@id":"https:\/\/enviteka.lt\/#organization","name":"ENVITEKA","url":"https:\/\/enviteka.lt\/","logo":{"@type":"ImageObject","inLanguage":"en-US","@id":"https:\/\/enviteka.lt\/#\/schema\/logo\/image\/","url":"https:\/\/enviteka.lt\/wp-content\/uploads\/2024\/10\/enviteka-high-resolution-logo-transparent-e1742852093377.png","contentUrl":"https:\/\/enviteka.lt\/wp-content\/uploads\/2024\/10\/enviteka-high-resolution-logo-transparent-e1742852093377.png","width":424,"height":150,"caption":"ENVITEKA"},"image":{"@id":"https:\/\/enviteka.lt\/#\/schema\/logo\/image\/"}}]}},"_links":{"self":[{"href":"https:\/\/enviteka.lt\/en\/wp-json\/wp\/v2\/product\/1271","targetHints":{"allow":["GET"]}}],"collection":[{"href":"https:\/\/enviteka.lt\/en\/wp-json\/wp\/v2\/product"}],"about":[{"href":"https:\/\/enviteka.lt\/en\/wp-json\/wp\/v2\/types\/product"}],"wp:featuredmedia":[{"embeddable":true,"href":"https:\/\/enviteka.lt\/en\/wp-json\/wp\/v2\/media\/1272"}],"wp:attachment":[{"href":"https:\/\/enviteka.lt\/en\/wp-json\/wp\/v2\/media?parent=1271"}],"wp:term":[{"taxonomy":"product_brand","embeddable":true,"href":"https:\/\/enviteka.lt\/en\/wp-json\/wp\/v2\/product_brand?post=1271"},{"taxonomy":"product_cat","embeddable":true,"href":"https:\/\/enviteka.lt\/en\/wp-json\/wp\/v2\/product_cat?post=1271"},{"taxonomy":"product_tag","embeddable":true,"href":"https:\/\/enviteka.lt\/en\/wp-json\/wp\/v2\/product_tag?post=1271"}],"curies":[{"name":"wp","href":"https:\/\/api.w.org\/{rel}","templated":true}]}}