{"id":1269,"date":"2025-03-29T10:14:48","date_gmt":"2025-03-29T10:14:48","guid":{"rendered":"https:\/\/enviteka.lt\/?post_type=product&#038;p=1269"},"modified":"2025-04-04T17:44:14","modified_gmt":"2025-04-04T17:44:14","slug":"zarna-airduc-pur-350-as-md","status":"publish","type":"product","link":"https:\/\/enviteka.lt\/en\/product\/zarna-airduc-pur-350-as-md\/","title":{"rendered":"\u017darna AIRDUC PUR 350 AS MD"},"content":{"rendered":"<p><strong>Antistatin\u0117 poliuretano \u017earna, vidutinio sunkumo, atspari mikrobams, atspari liepsnai<\/strong><\/p>\n<p><strong>Paskirtis:<\/strong><\/p>\n<p>Lanksti \u017earna\/ortakis abrazyviniams milteliams, biriems med\u017eiagoms, granuliatams ir dujoms<\/p>\n<p>Puslaidininki\u0173 gamybos \u012franga: PCB gr\u0119\u017eimo ma\u0161ina<\/p>\n<p>Oro tiekimas: UV d\u017eiovykla, IR d\u017eiovykla<\/p>\n<p>Dulki\u0173 i\u0161traukimo \u012frenginiai, dulki\u0173 \u0161alinimo sistemos, filtravimo sistemos, alyvos r\u016bko i\u0161traukimas<\/p>\n<p>Chemin\u0117 pramon\u0117: chemini\u0173 gar\u0173, da\u017e\u0173 gar\u0173, pur\u0161kimo dulki\u0173 i\u0161traukimas, gar\u0173 gr\u0105\u017einimo \u017earna pakrovimo rankov\u0117se<\/p>\n<p>Pavojingos aplinkos su sprogimo rizika (ATEX)<\/p>\n<p>Tekstil\u0117s pramon\u0117, pluo\u0161t\u0173 i\u0161traukimas: verpimo ma\u0161ina, mezgimo ma\u0161ina, audimo stakl\u0117s<\/p>\n<p>Gyvulininkyst\u0117: tvart\u0173 ventiliacija<\/p>\n<p>\u0160vari\u0173j\u0173 patalp\u0173 ventiliacija, puslaidininki\u0173 gamybos \u012franga<\/p>\n<p>Kompresorius, \u0161oninis kanalinis p\u016btiklis, vakuuminis siurblys, sl\u0117gio siurblys, siurblys<\/p>\n<p>Pavir\u0161iaus paruo\u0161imas: sm\u0117liavimo\/\u0161lifavimo atk\u016brimas (pvz., sm\u0117liavimo kamerose, laiv\u0173 statyklose, valymo ma\u0161inose, grind\u0173 paruo\u0161imo ma\u0161inose, \u0161lifavimo ma\u0161inose)<\/p>\n<p>Savivaldybi\u0173 transportas: \u0161lavimo ma\u0161ina, \u0161lavimo ma\u0161ina<\/p>\n<p>Savivaldybi\u0173 transportas: vejapjov\u0117, \u0161laito \u017eoliapjov\u0117, lap\u0173 p\u016btiklis\/lap\u0173 surink\u0117jas<\/p>\n<p>\u0160varos ma\u0161ina, grind\u0173 valymo ma\u0161ina<\/p>\n<p>\u0160ildymo \u017earna: i\u0161orin\u0117 \u017earna kaip apsaugin\u0117 \u017earna<\/p>\n<p><strong>Savyb\u0117s:<\/strong><\/p>\n<p>Labai atspari dilimui<\/p>\n<p>Vidutinio sunkumo naudojimui<\/p>\n<p>Atspari mikrobams<\/p>\n<p>Geras atsparumas alyvai, benzinui ir chemin\u0117ms med\u017eiagoms<\/p>\n<p>Puikus lankstumas esant \u017eemai temperat\u016brai<\/p>\n<p>Atspari liepsnai pagal DIN 4102-B1 ir UL94-V2 standartus<\/p>\n<p>Nuolatin\u0117 antistatin\u0117 sienel\u0117: elektrin\u0117 ir pavir\u0161iaus var\u017ea &lt;10\u2079 \u2126 (pagal ISO 8031, TRGS 727 &lt;2.510\u2078 \u2126m ir NFPA 652 10\u2078-10\u2079 \u2126)<\/p>\n<p>Atitinka ATEX 2014\/34\/EU ir Vokietijos TRGS 727 reikalavimus d\u0117l pavojing\u0173 dulki\u0173 i\u0161traukimo (20, 21, 22 zona viduje), degi\u0173 dulki\u0173 surinkimo (22 zona viduje)<\/p>\n<p>Atitinka ATEX 2014\/34\/EU ir Vokietijos TRGS 727 reikalavimus d\u0117l degi\u0173 skys\u010di\u0173 transportavimo (zona 0, 1, 2), nedegi\u0173 skys\u010di\u0173 transportavimo, naudojimo duj\u0173 zonose 1 ir 2, naudojimo duj\u0173 zonoje 0<\/p>\n<p>Atitinka Vokietijos Medienos Pramon\u0117s Asociacijos saugos standartus<\/p>\n<p>Atitinka RoHS direktyv\u0105<\/p>\n<p>REACH sertifikatas<\/p>\n<p><strong>Temperat\u016bros diapazonas:<\/strong><\/p>\n<p>Darbin\u0117 temperat\u016bra: nuo -40\u00b0C iki +90\u00b0C<\/p>\n<p>Trumpalaikis atsparumas: iki +125\u00b0C<\/p>\n<p><strong>Konstrukcija:<\/strong><\/p>\n<p>AIRDUC\u00ae profilin\u0117 \u017earna<\/p>\n<p>Sustiprinta plieno viela, \u012fterpta \u012f sienel\u0119<\/p>\n<p>Sienel\u0117: nuolat antistatinis auk\u0161tos kokyb\u0117s eterio poliuretanas (Pre-PUR\u00ae)<\/p>\n<p>Sienel\u0117s storis: ~0,7 mm<\/p>\n<p>\u012evair\u016bs diametrai nuo ir ilgiai pagal u\u017esakym\u0105<\/p>\n<p>Vidinis skersmuo nuo 25 mm iki 450 mm, kreipkit\u0117s d\u0117l reikiamo skersmens ir ilgio<\/p>\n<p><strong>Pristatymas: 1-2 d.d.<\/strong><\/p>\n<p>Susisiekite su mumis: Nor\u0117dami gauti daugiau informacijos arba u\u017esisakyti, pra\u0161ome susisiekti su m\u016bs\u0173 komanda. Pad\u0117sime pasirinkti geriausi\u0105 sprendim\u0105 pagal j\u016bs\u0173 poreikius,<\/p>\n<p>u\u017etikrinsime geriausi\u0105 kain\u0105 rinkoje ir greit\u0105 pristatym\u0105.<\/p>","protected":false},"excerpt":{"rendered":"<p>Antistatin\u0117 poliuretano \u017earna, vidutinio sunkumo, atspari mikrobams, atspari liepsnai Paskirtis: Lanksti \u017earna\/ortakis abrazyviniams milteliams, biriems med\u017eiagoms, granuliatams ir dujoms Puslaidininki\u0173 [&hellip;]<\/p>","protected":false},"featured_media":1270,"template":"","meta":{"site-sidebar-layout":"default","site-content-layout":"","ast-site-content-layout":"default","site-content-style":"default","site-sidebar-style":"default","ast-global-header-display":"","ast-banner-title-visibility":"","ast-main-header-display":"","ast-hfb-above-header-display":"","ast-hfb-below-header-display":"","ast-hfb-mobile-header-display":"","site-post-title":"","ast-breadcrumbs-content":"","ast-featured-img":"","footer-sml-layout":"","ast-disable-related-posts":"","theme-transparent-header-meta":"default","adv-header-id-meta":"","stick-header-meta":"","header-above-stick-meta":"","header-main-stick-meta":"","header-below-stick-meta":"","astra-migrate-meta-layouts":"set","ast-page-background-enabled":"default","ast-page-background-meta":{"desktop":{"background-color":"var(--ast-global-color-4)","background-image":"","background-repeat":"repeat","background-position":"center center","background-size":"auto","background-attachment":"scroll","background-type":"","background-media":"","overlay-type":"","overlay-color":"","overlay-opacity":"","overlay-gradient":""},"tablet":{"background-color":"","background-image":"","background-repeat":"repeat","background-position":"center center","background-size":"auto","background-attachment":"scroll","background-type":"","background-media":"","overlay-type":"","overlay-color":"","overlay-opacity":"","overlay-gradient":""},"mobile":{"background-color":"","background-image":"","background-repeat":"repeat","background-position":"center center","background-size":"auto","background-attachment":"scroll","background-type":"","background-media":"","overlay-type":"","overlay-color":"","overlay-opacity":"","overlay-gradient":""}},"ast-content-background-meta":{"desktop":{"background-color":"var(--ast-global-color-5)","background-image":"","background-repeat":"repeat","background-position":"center center","background-size":"auto","background-attachment":"scroll","background-type":"","background-media":"","overlay-type":"","overlay-color":"","overlay-opacity":"","overlay-gradient":""},"tablet":{"background-color":"var(--ast-global-color-5)","background-image":"","background-repeat":"repeat","background-position":"center center","background-size":"auto","background-attachment":"scroll","background-type":"","background-media":"","overlay-type":"","overlay-color":"","overlay-opacity":"","overlay-gradient":""},"mobile":{"background-color":"var(--ast-global-color-5)","background-image":"","background-repeat":"repeat","background-position":"center center","background-size":"auto","background-attachment":"scroll","background-type":"","background-media":"","overlay-type":"","overlay-color":"","overlay-opacity":"","overlay-gradient":""}}},"product_brand":[],"product_cat":[121,109],"product_tag":[],"class_list":{"0":"post-1269","1":"product","2":"type-product","3":"status-publish","4":"has-post-thumbnail","6":"product_cat-poliuretano-zarnos-pu-zarnos","7":"product_cat-zarnos-medienos-apdirbimo-pramonei","8":"desktop-align-left","9":"tablet-align-left","10":"mobile-align-left","12":"first","13":"instock","14":"shipping-taxable","15":"purchasable","16":"product-type-simple"},"yoast_head":"<!-- This site is optimized with the Yoast SEO plugin v27.3 - https:\/\/yoast.com\/product\/yoast-seo-wordpress\/ -->\n<title>\u017darna AIRDUC PUR 350 AS MD - ENVITEKA<\/title>\n<meta name=\"description\" content=\"Atspari dilimui, naudojama - dulki\u0173 i\u0161traukimo \u012frenginiai, dulki\u0173 \u0161alinimo sistemos, filtravimo sistemos, alyvos r\u016bko i\u0161traukimas. Pristatymas 1-2 d.d.\" \/>\n<meta name=\"robots\" content=\"index, follow, max-snippet:-1, max-image-preview:large, max-video-preview:-1\" \/>\n<link rel=\"canonical\" href=\"https:\/\/enviteka.lt\/en\/product\/zarna-airduc-pur-350-as-md\/\" \/>\n<meta property=\"og:locale\" content=\"en_US\" \/>\n<meta property=\"og:type\" content=\"article\" \/>\n<meta property=\"og:title\" content=\"\u017darna AIRDUC PUR 350 AS MD - ENVITEKA\" \/>\n<meta property=\"og:description\" content=\"Atspari dilimui, naudojama - dulki\u0173 i\u0161traukimo \u012frenginiai, dulki\u0173 \u0161alinimo sistemos, filtravimo sistemos, alyvos r\u016bko i\u0161traukimas. Pristatymas 1-2 d.d.\" \/>\n<meta property=\"og:url\" content=\"https:\/\/enviteka.lt\/en\/product\/zarna-airduc-pur-350-as-md\/\" \/>\n<meta property=\"og:site_name\" content=\"ENVITEKA\" \/>\n<meta property=\"article:modified_time\" content=\"2025-04-04T17:44:14+00:00\" \/>\n<meta property=\"og:image\" content=\"https:\/\/enviteka.lt\/wp-content\/uploads\/2025\/03\/zarna_airduc_pur_350_enviteka_zarna.jpg\" \/>\n\t<meta property=\"og:image:width\" content=\"942\" \/>\n\t<meta property=\"og:image:height\" content=\"579\" \/>\n\t<meta property=\"og:image:type\" content=\"image\/jpeg\" \/>\n<meta name=\"twitter:card\" content=\"summary_large_image\" \/>\n<meta name=\"twitter:label1\" content=\"Est. reading time\" \/>\n\t<meta name=\"twitter:data1\" content=\"2 minutes\" \/>\n<script type=\"application\/ld+json\" class=\"yoast-schema-graph\">{\"@context\":\"https:\\\/\\\/schema.org\",\"@graph\":[{\"@type\":\"WebPage\",\"@id\":\"https:\\\/\\\/enviteka.lt\\\/produktas\\\/zarna-airduc-pur-350-as-md\\\/\",\"url\":\"https:\\\/\\\/enviteka.lt\\\/produktas\\\/zarna-airduc-pur-350-as-md\\\/\",\"name\":\"\u017darna AIRDUC PUR 350 AS MD - ENVITEKA\",\"isPartOf\":{\"@id\":\"https:\\\/\\\/enviteka.lt\\\/#website\"},\"primaryImageOfPage\":{\"@id\":\"https:\\\/\\\/enviteka.lt\\\/produktas\\\/zarna-airduc-pur-350-as-md\\\/#primaryimage\"},\"image\":{\"@id\":\"https:\\\/\\\/enviteka.lt\\\/produktas\\\/zarna-airduc-pur-350-as-md\\\/#primaryimage\"},\"thumbnailUrl\":\"https:\\\/\\\/enviteka.lt\\\/wp-content\\\/uploads\\\/2025\\\/03\\\/zarna_airduc_pur_350_enviteka_zarna.jpg\",\"datePublished\":\"2025-03-29T10:14:48+00:00\",\"dateModified\":\"2025-04-04T17:44:14+00:00\",\"description\":\"Atspari dilimui, naudojama - dulki\u0173 i\u0161traukimo \u012frenginiai, dulki\u0173 \u0161alinimo sistemos, filtravimo sistemos, alyvos r\u016bko i\u0161traukimas. Pristatymas 1-2 d.d.\",\"breadcrumb\":{\"@id\":\"https:\\\/\\\/enviteka.lt\\\/produktas\\\/zarna-airduc-pur-350-as-md\\\/#breadcrumb\"},\"inLanguage\":\"en-US\",\"potentialAction\":[{\"@type\":\"ReadAction\",\"target\":[\"https:\\\/\\\/enviteka.lt\\\/produktas\\\/zarna-airduc-pur-350-as-md\\\/\"]}]},{\"@type\":\"ImageObject\",\"inLanguage\":\"en-US\",\"@id\":\"https:\\\/\\\/enviteka.lt\\\/produktas\\\/zarna-airduc-pur-350-as-md\\\/#primaryimage\",\"url\":\"https:\\\/\\\/enviteka.lt\\\/wp-content\\\/uploads\\\/2025\\\/03\\\/zarna_airduc_pur_350_enviteka_zarna.jpg\",\"contentUrl\":\"https:\\\/\\\/enviteka.lt\\\/wp-content\\\/uploads\\\/2025\\\/03\\\/zarna_airduc_pur_350_enviteka_zarna.jpg\",\"width\":942,\"height\":579},{\"@type\":\"BreadcrumbList\",\"@id\":\"https:\\\/\\\/enviteka.lt\\\/produktas\\\/zarna-airduc-pur-350-as-md\\\/#breadcrumb\",\"itemListElement\":[{\"@type\":\"ListItem\",\"position\":1,\"name\":\"Home\",\"item\":\"https:\\\/\\\/enviteka.lt\\\/\"},{\"@type\":\"ListItem\",\"position\":2,\"name\":\"Produktai\",\"item\":\"https:\\\/\\\/enviteka.lt\\\/produktai\\\/\"},{\"@type\":\"ListItem\",\"position\":3,\"name\":\"\u017darna AIRDUC PUR 350 AS MD\"}]},{\"@type\":\"WebSite\",\"@id\":\"https:\\\/\\\/enviteka.lt\\\/#website\",\"url\":\"https:\\\/\\\/enviteka.lt\\\/\",\"name\":\"ENVITEKA\",\"description\":\"pramonin\u0117s \u012frangos tiek\u0117jas\",\"publisher\":{\"@id\":\"https:\\\/\\\/enviteka.lt\\\/#organization\"},\"potentialAction\":[{\"@type\":\"SearchAction\",\"target\":{\"@type\":\"EntryPoint\",\"urlTemplate\":\"https:\\\/\\\/enviteka.lt\\\/?s={search_term_string}\"},\"query-input\":{\"@type\":\"PropertyValueSpecification\",\"valueRequired\":true,\"valueName\":\"search_term_string\"}}],\"inLanguage\":\"en-US\"},{\"@type\":\"Organization\",\"@id\":\"https:\\\/\\\/enviteka.lt\\\/#organization\",\"name\":\"ENVITEKA\",\"url\":\"https:\\\/\\\/enviteka.lt\\\/\",\"logo\":{\"@type\":\"ImageObject\",\"inLanguage\":\"en-US\",\"@id\":\"https:\\\/\\\/enviteka.lt\\\/#\\\/schema\\\/logo\\\/image\\\/\",\"url\":\"https:\\\/\\\/enviteka.lt\\\/wp-content\\\/uploads\\\/2024\\\/10\\\/enviteka-high-resolution-logo-transparent-e1742852093377.png\",\"contentUrl\":\"https:\\\/\\\/enviteka.lt\\\/wp-content\\\/uploads\\\/2024\\\/10\\\/enviteka-high-resolution-logo-transparent-e1742852093377.png\",\"width\":424,\"height\":150,\"caption\":\"ENVITEKA\"},\"image\":{\"@id\":\"https:\\\/\\\/enviteka.lt\\\/#\\\/schema\\\/logo\\\/image\\\/\"}}]}<\/script>\n<!-- \/ Yoast SEO plugin. -->","yoast_head_json":{"title":"\u017darna AIRDUC PUR 350 AS MD - ENVITEKA","description":"Atspari dilimui, naudojama - dulki\u0173 i\u0161traukimo \u012frenginiai, dulki\u0173 \u0161alinimo sistemos, filtravimo sistemos, alyvos r\u016bko i\u0161traukimas. Pristatymas 1-2 d.d.","robots":{"index":"index","follow":"follow","max-snippet":"max-snippet:-1","max-image-preview":"max-image-preview:large","max-video-preview":"max-video-preview:-1"},"canonical":"https:\/\/enviteka.lt\/en\/product\/zarna-airduc-pur-350-as-md\/","og_locale":"en_US","og_type":"article","og_title":"\u017darna AIRDUC PUR 350 AS MD - ENVITEKA","og_description":"Atspari dilimui, naudojama - dulki\u0173 i\u0161traukimo \u012frenginiai, dulki\u0173 \u0161alinimo sistemos, filtravimo sistemos, alyvos r\u016bko i\u0161traukimas. Pristatymas 1-2 d.d.","og_url":"https:\/\/enviteka.lt\/en\/product\/zarna-airduc-pur-350-as-md\/","og_site_name":"ENVITEKA","article_modified_time":"2025-04-04T17:44:14+00:00","og_image":[{"width":942,"height":579,"url":"https:\/\/enviteka.lt\/wp-content\/uploads\/2025\/03\/zarna_airduc_pur_350_enviteka_zarna.jpg","type":"image\/jpeg"}],"twitter_card":"summary_large_image","twitter_misc":{"Est. reading time":"2 minutes"},"schema":{"@context":"https:\/\/schema.org","@graph":[{"@type":"WebPage","@id":"https:\/\/enviteka.lt\/produktas\/zarna-airduc-pur-350-as-md\/","url":"https:\/\/enviteka.lt\/produktas\/zarna-airduc-pur-350-as-md\/","name":"\u017darna AIRDUC PUR 350 AS MD - ENVITEKA","isPartOf":{"@id":"https:\/\/enviteka.lt\/#website"},"primaryImageOfPage":{"@id":"https:\/\/enviteka.lt\/produktas\/zarna-airduc-pur-350-as-md\/#primaryimage"},"image":{"@id":"https:\/\/enviteka.lt\/produktas\/zarna-airduc-pur-350-as-md\/#primaryimage"},"thumbnailUrl":"https:\/\/enviteka.lt\/wp-content\/uploads\/2025\/03\/zarna_airduc_pur_350_enviteka_zarna.jpg","datePublished":"2025-03-29T10:14:48+00:00","dateModified":"2025-04-04T17:44:14+00:00","description":"Atspari dilimui, naudojama - dulki\u0173 i\u0161traukimo \u012frenginiai, dulki\u0173 \u0161alinimo sistemos, filtravimo sistemos, alyvos r\u016bko i\u0161traukimas. Pristatymas 1-2 d.d.","breadcrumb":{"@id":"https:\/\/enviteka.lt\/produktas\/zarna-airduc-pur-350-as-md\/#breadcrumb"},"inLanguage":"en-US","potentialAction":[{"@type":"ReadAction","target":["https:\/\/enviteka.lt\/produktas\/zarna-airduc-pur-350-as-md\/"]}]},{"@type":"ImageObject","inLanguage":"en-US","@id":"https:\/\/enviteka.lt\/produktas\/zarna-airduc-pur-350-as-md\/#primaryimage","url":"https:\/\/enviteka.lt\/wp-content\/uploads\/2025\/03\/zarna_airduc_pur_350_enviteka_zarna.jpg","contentUrl":"https:\/\/enviteka.lt\/wp-content\/uploads\/2025\/03\/zarna_airduc_pur_350_enviteka_zarna.jpg","width":942,"height":579},{"@type":"BreadcrumbList","@id":"https:\/\/enviteka.lt\/produktas\/zarna-airduc-pur-350-as-md\/#breadcrumb","itemListElement":[{"@type":"ListItem","position":1,"name":"Home","item":"https:\/\/enviteka.lt\/"},{"@type":"ListItem","position":2,"name":"Produktai","item":"https:\/\/enviteka.lt\/produktai\/"},{"@type":"ListItem","position":3,"name":"\u017darna AIRDUC PUR 350 AS MD"}]},{"@type":"WebSite","@id":"https:\/\/enviteka.lt\/#website","url":"https:\/\/enviteka.lt\/","name":"ENVITEKA","description":"pramonin\u0117s \u012frangos tiek\u0117jas","publisher":{"@id":"https:\/\/enviteka.lt\/#organization"},"potentialAction":[{"@type":"SearchAction","target":{"@type":"EntryPoint","urlTemplate":"https:\/\/enviteka.lt\/?s={search_term_string}"},"query-input":{"@type":"PropertyValueSpecification","valueRequired":true,"valueName":"search_term_string"}}],"inLanguage":"en-US"},{"@type":"Organization","@id":"https:\/\/enviteka.lt\/#organization","name":"ENVITEKA","url":"https:\/\/enviteka.lt\/","logo":{"@type":"ImageObject","inLanguage":"en-US","@id":"https:\/\/enviteka.lt\/#\/schema\/logo\/image\/","url":"https:\/\/enviteka.lt\/wp-content\/uploads\/2024\/10\/enviteka-high-resolution-logo-transparent-e1742852093377.png","contentUrl":"https:\/\/enviteka.lt\/wp-content\/uploads\/2024\/10\/enviteka-high-resolution-logo-transparent-e1742852093377.png","width":424,"height":150,"caption":"ENVITEKA"},"image":{"@id":"https:\/\/enviteka.lt\/#\/schema\/logo\/image\/"}}]}},"_links":{"self":[{"href":"https:\/\/enviteka.lt\/en\/wp-json\/wp\/v2\/product\/1269","targetHints":{"allow":["GET"]}}],"collection":[{"href":"https:\/\/enviteka.lt\/en\/wp-json\/wp\/v2\/product"}],"about":[{"href":"https:\/\/enviteka.lt\/en\/wp-json\/wp\/v2\/types\/product"}],"wp:featuredmedia":[{"embeddable":true,"href":"https:\/\/enviteka.lt\/en\/wp-json\/wp\/v2\/media\/1270"}],"wp:attachment":[{"href":"https:\/\/enviteka.lt\/en\/wp-json\/wp\/v2\/media?parent=1269"}],"wp:term":[{"taxonomy":"product_brand","embeddable":true,"href":"https:\/\/enviteka.lt\/en\/wp-json\/wp\/v2\/product_brand?post=1269"},{"taxonomy":"product_cat","embeddable":true,"href":"https:\/\/enviteka.lt\/en\/wp-json\/wp\/v2\/product_cat?post=1269"},{"taxonomy":"product_tag","embeddable":true,"href":"https:\/\/enviteka.lt\/en\/wp-json\/wp\/v2\/product_tag?post=1269"}],"curies":[{"name":"wp","href":"https:\/\/api.w.org\/{rel}","templated":true}]}}