{"id":1265,"date":"2025-03-29T10:03:04","date_gmt":"2025-03-29T10:03:04","guid":{"rendered":"https:\/\/enviteka.lt\/?post_type=product&#038;p=1265"},"modified":"2025-04-04T17:44:26","modified_gmt":"2025-04-04T17:44:26","slug":"zarna-protape-pur-330-inox-as-ld","status":"publish","type":"product","link":"https:\/\/enviteka.lt\/en\/product\/zarna-protape-pur-330-inox-as-ld\/","title":{"rendered":"\u017darna PROTAPE PUR 330-INOX AS LD"},"content":{"rendered":"<p><strong>Antistatin\u0117 poliuretano \u017earna, lengva, atspari mikrobams ir liepsnai<\/strong><\/p>\n<p><strong>Paskirtis:<\/strong><\/p>\n<p>\u017darna\/ortakis dujoms, abrazyvin\u0117ms dulk\u0117ms, milteliams, pluo\u0161tams<\/p>\n<p>Dulki\u0173 i\u0161traukimo \u012frenginiai, dulki\u0173 \u0161alinimo sistemos, filtravimo sistemos, alyvos r\u016bko i\u0161traukimas<\/p>\n<p>I\u0161traukimo rankov\u0117s<\/p>\n<p>Chemin\u0117 pramon\u0117: chemini\u0173 gar\u0173, da\u017e\u0173 gar\u0173, pur\u0161kimo dulki\u0173 i\u0161traukimas, gar\u0173 gr\u0105\u017einimo \u017earna pakrovimo rankov\u0117se<\/p>\n<p>Pavojingos aplinkos su sprogimo rizika (ATEX)<\/p>\n<p>Gyvulininkyst\u0117: tvart\u0173 ventiliacija<\/p>\n<p>\u0160vari\u0173j\u0173 patalp\u0173 ventiliacija, puslaidininki\u0173 gamybos \u012franga<\/p>\n<p>Pavir\u0161iaus paruo\u0161imas: sm\u0117liavimo\/\u0161lifavimo atk\u016brimas (pvz., sm\u0117liavimo kamerose, laiv\u0173 statyklose, valymo ma\u0161inose, grind\u0173 paruo\u0161imo ma\u0161inose, \u0161lifavimo ma\u0161inose)<\/p>\n<p>\u0160ildymo \u017earna: i\u0161orin\u0117 \u017earna kaip apsaugin\u0117 \u017earna<\/p>\n<p><strong>Savyb\u0117s:<\/strong><\/p>\n<p>Lengva ir sustiprinta konstrukcija<\/p>\n<p>Labai lanksti ir suspaud\u017eiama (3:1 santykis)<\/p>\n<p>Atspari dilimui<\/p>\n<p>Atspari mikrobams<\/p>\n<p>Geros atsparumo savyb\u0117s alyvai, benzinui ir chemin\u0117ms med\u017eiagoms<\/p>\n<p>Puikus lankstumas esant \u017eemai temperat\u016brai<\/p>\n<p>Atspari liepsnai pagal DIN 4102-B1 ir UL94-HB standartus<\/p>\n<p>Nuolatin\u0117 antistatin\u0117 sienel\u0117: elektrin\u0117 ir pavir\u0161iaus var\u017ea &lt;10\u2079 \u2126 (pagal ISO 8031, NFPA 652 10\u2078-10\u2079 \u2126)<\/p>\n<p>Atitinka ATEX 2014\/34\/EU ir Vokietijos TRGS 727 reikalavimus d\u0117l pavojing\u0173 dulki\u0173 i\u0161traukimo (22 zona viduje), nedegi\u0173 skys\u010di\u0173 transportavimo ir naudojimo duj\u0173 zonose 1 ir 2<\/p>\n<p><strong>Temperat\u016bros diapazonas:<\/strong><\/p>\n<p>Darbin\u0117 temperat\u016bra: nuo -40\u00b0C iki +90\u00b0C<\/p>\n<p>Trumpalaikis atsparumas: iki +125\u00b0C<\/p>\n<p><strong>Konstrukcija:<\/strong><\/p>\n<p>Tipas: PROTAPE\u00ae juostin\u0117 \u017earna<\/p>\n<p>Sustiprinimas: integruota plieno viela sienel\u0117je<\/p>\n<p>Sienel\u0117: nuolat antistatinis auk\u0161tos kokyb\u0117s eterio poliuretanas (Pre-PUR\u00ae)<\/p>\n<p>Sienel\u0117s storis: ~0,6 mm<\/p>\n<p><strong>Pristatymas: 1-2 d.d.<\/strong><\/p>\n<p>Susisiekite su mumis: Nor\u0117dami gauti daugiau informacijos arba u\u017esisakyti, pra\u0161ome susisiekti su m\u016bs\u0173 komanda. Pad\u0117sime pasirinkti geriausi\u0105 sprendim\u0105 pagal j\u016bs\u0173 poreikius,<\/p>\n<p>u\u017etikrinsime geriausi\u0105 kain\u0105 rinkoje ir greit\u0105 pristatym\u0105.<\/p>","protected":false},"excerpt":{"rendered":"<p>Antistatin\u0117 poliuretano \u017earna, lengva, atspari mikrobams ir liepsnai Paskirtis: \u017darna\/ortakis dujoms, abrazyvin\u0117ms dulk\u0117ms, milteliams, pluo\u0161tams Dulki\u0173 i\u0161traukimo \u012frenginiai, dulki\u0173 \u0161alinimo [&hellip;]<\/p>","protected":false},"featured_media":1267,"template":"","meta":{"site-sidebar-layout":"default","site-content-layout":"","ast-site-content-layout":"default","site-content-style":"default","site-sidebar-style":"default","ast-global-header-display":"","ast-banner-title-visibility":"","ast-main-header-display":"","ast-hfb-above-header-display":"","ast-hfb-below-header-display":"","ast-hfb-mobile-header-display":"","site-post-title":"","ast-breadcrumbs-content":"","ast-featured-img":"","footer-sml-layout":"","ast-disable-related-posts":"","theme-transparent-header-meta":"default","adv-header-id-meta":"","stick-header-meta":"","header-above-stick-meta":"","header-main-stick-meta":"","header-below-stick-meta":"","astra-migrate-meta-layouts":"set","ast-page-background-enabled":"default","ast-page-background-meta":{"desktop":{"background-color":"var(--ast-global-color-4)","background-image":"","background-repeat":"repeat","background-position":"center center","background-size":"auto","background-attachment":"scroll","background-type":"","background-media":"","overlay-type":"","overlay-color":"","overlay-opacity":"","overlay-gradient":""},"tablet":{"background-color":"","background-image":"","background-repeat":"repeat","background-position":"center center","background-size":"auto","background-attachment":"scroll","background-type":"","background-media":"","overlay-type":"","overlay-color":"","overlay-opacity":"","overlay-gradient":""},"mobile":{"background-color":"","background-image":"","background-repeat":"repeat","background-position":"center center","background-size":"auto","background-attachment":"scroll","background-type":"","background-media":"","overlay-type":"","overlay-color":"","overlay-opacity":"","overlay-gradient":""}},"ast-content-background-meta":{"desktop":{"background-color":"var(--ast-global-color-5)","background-image":"","background-repeat":"repeat","background-position":"center center","background-size":"auto","background-attachment":"scroll","background-type":"","background-media":"","overlay-type":"","overlay-color":"","overlay-opacity":"","overlay-gradient":""},"tablet":{"background-color":"var(--ast-global-color-5)","background-image":"","background-repeat":"repeat","background-position":"center center","background-size":"auto","background-attachment":"scroll","background-type":"","background-media":"","overlay-type":"","overlay-color":"","overlay-opacity":"","overlay-gradient":""},"mobile":{"background-color":"var(--ast-global-color-5)","background-image":"","background-repeat":"repeat","background-position":"center center","background-size":"auto","background-attachment":"scroll","background-type":"","background-media":"","overlay-type":"","overlay-color":"","overlay-opacity":"","overlay-gradient":""}}},"product_brand":[],"product_cat":[121],"product_tag":[],"class_list":{"0":"post-1265","1":"product","2":"type-product","3":"status-publish","4":"has-post-thumbnail","6":"product_cat-poliuretano-zarnos-pu-zarnos","7":"desktop-align-left","8":"tablet-align-left","9":"mobile-align-left","11":"first","12":"instock","13":"shipping-taxable","14":"purchasable","15":"product-type-simple"},"yoast_head":"<!-- This site is optimized with the Yoast SEO plugin v27.5 - https:\/\/yoast.com\/product\/yoast-seo-wordpress\/ -->\n<title>\u017darna PROTAPE PUR 330-INOX AS LD - ENVITEKA<\/title>\n<meta name=\"description\" content=\"Atspari dilimui, naudojama - dulki\u0173 i\u0161traukimo \u012frenginiai, dulki\u0173 \u0161alinimo sistemos, filtravimo sistemos, alyvos r\u016bko i\u0161traukimas. Pristatymas 1-2 d.d.\" \/>\n<meta name=\"robots\" content=\"index, follow, max-snippet:-1, max-image-preview:large, max-video-preview:-1\" \/>\n<link rel=\"canonical\" href=\"https:\/\/enviteka.lt\/en\/product\/zarna-protape-pur-330-inox-as-ld\/\" \/>\n<meta property=\"og:locale\" content=\"en_US\" \/>\n<meta property=\"og:type\" content=\"article\" \/>\n<meta property=\"og:title\" content=\"\u017darna PROTAPE PUR 330-INOX AS LD - ENVITEKA\" \/>\n<meta property=\"og:description\" content=\"Atspari dilimui, naudojama - dulki\u0173 i\u0161traukimo \u012frenginiai, dulki\u0173 \u0161alinimo sistemos, filtravimo sistemos, alyvos r\u016bko i\u0161traukimas. Pristatymas 1-2 d.d.\" \/>\n<meta property=\"og:url\" content=\"https:\/\/enviteka.lt\/en\/product\/zarna-protape-pur-330-inox-as-ld\/\" \/>\n<meta property=\"og:site_name\" content=\"ENVITEKA\" \/>\n<meta property=\"article:modified_time\" content=\"2025-04-04T17:44:26+00:00\" \/>\n<meta property=\"og:image\" content=\"https:\/\/enviteka.lt\/wp-content\/uploads\/2025\/03\/protape_pur_330_as_LD_ZARNA-1.jpg\" \/>\n\t<meta property=\"og:image:width\" content=\"1004\" \/>\n\t<meta property=\"og:image:height\" content=\"613\" \/>\n\t<meta property=\"og:image:type\" content=\"image\/jpeg\" \/>\n<meta name=\"twitter:card\" content=\"summary_large_image\" \/>\n<meta name=\"twitter:label1\" content=\"Est. reading time\" \/>\n\t<meta name=\"twitter:data1\" content=\"2 minutes\" \/>\n<script type=\"application\/ld+json\" class=\"yoast-schema-graph\">{\"@context\":\"https:\\\/\\\/schema.org\",\"@graph\":[{\"@type\":\"WebPage\",\"@id\":\"https:\\\/\\\/enviteka.lt\\\/produktas\\\/zarna-protape-pur-330-inox-as-ld\\\/\",\"url\":\"https:\\\/\\\/enviteka.lt\\\/produktas\\\/zarna-protape-pur-330-inox-as-ld\\\/\",\"name\":\"\u017darna PROTAPE PUR 330-INOX AS LD - ENVITEKA\",\"isPartOf\":{\"@id\":\"https:\\\/\\\/enviteka.lt\\\/#website\"},\"primaryImageOfPage\":{\"@id\":\"https:\\\/\\\/enviteka.lt\\\/produktas\\\/zarna-protape-pur-330-inox-as-ld\\\/#primaryimage\"},\"image\":{\"@id\":\"https:\\\/\\\/enviteka.lt\\\/produktas\\\/zarna-protape-pur-330-inox-as-ld\\\/#primaryimage\"},\"thumbnailUrl\":\"https:\\\/\\\/enviteka.lt\\\/wp-content\\\/uploads\\\/2025\\\/03\\\/protape_pur_330_as_LD_ZARNA-1.jpg\",\"datePublished\":\"2025-03-29T10:03:04+00:00\",\"dateModified\":\"2025-04-04T17:44:26+00:00\",\"description\":\"Atspari dilimui, naudojama - dulki\u0173 i\u0161traukimo \u012frenginiai, dulki\u0173 \u0161alinimo sistemos, filtravimo sistemos, alyvos r\u016bko i\u0161traukimas. Pristatymas 1-2 d.d.\",\"breadcrumb\":{\"@id\":\"https:\\\/\\\/enviteka.lt\\\/produktas\\\/zarna-protape-pur-330-inox-as-ld\\\/#breadcrumb\"},\"inLanguage\":\"en-US\",\"potentialAction\":[{\"@type\":\"ReadAction\",\"target\":[\"https:\\\/\\\/enviteka.lt\\\/produktas\\\/zarna-protape-pur-330-inox-as-ld\\\/\"]}]},{\"@type\":\"ImageObject\",\"inLanguage\":\"en-US\",\"@id\":\"https:\\\/\\\/enviteka.lt\\\/produktas\\\/zarna-protape-pur-330-inox-as-ld\\\/#primaryimage\",\"url\":\"https:\\\/\\\/enviteka.lt\\\/wp-content\\\/uploads\\\/2025\\\/03\\\/protape_pur_330_as_LD_ZARNA-1.jpg\",\"contentUrl\":\"https:\\\/\\\/enviteka.lt\\\/wp-content\\\/uploads\\\/2025\\\/03\\\/protape_pur_330_as_LD_ZARNA-1.jpg\",\"width\":1004,\"height\":613},{\"@type\":\"BreadcrumbList\",\"@id\":\"https:\\\/\\\/enviteka.lt\\\/produktas\\\/zarna-protape-pur-330-inox-as-ld\\\/#breadcrumb\",\"itemListElement\":[{\"@type\":\"ListItem\",\"position\":1,\"name\":\"Home\",\"item\":\"https:\\\/\\\/enviteka.lt\\\/\"},{\"@type\":\"ListItem\",\"position\":2,\"name\":\"Produktai\",\"item\":\"https:\\\/\\\/enviteka.lt\\\/produktai\\\/\"},{\"@type\":\"ListItem\",\"position\":3,\"name\":\"\u017darna PROTAPE PUR 330-INOX AS LD\"}]},{\"@type\":\"WebSite\",\"@id\":\"https:\\\/\\\/enviteka.lt\\\/#website\",\"url\":\"https:\\\/\\\/enviteka.lt\\\/\",\"name\":\"ENVITEKA\",\"description\":\"pramonin\u0117s \u012frangos tiek\u0117jas\",\"publisher\":{\"@id\":\"https:\\\/\\\/enviteka.lt\\\/#organization\"},\"potentialAction\":[{\"@type\":\"SearchAction\",\"target\":{\"@type\":\"EntryPoint\",\"urlTemplate\":\"https:\\\/\\\/enviteka.lt\\\/?s={search_term_string}\"},\"query-input\":{\"@type\":\"PropertyValueSpecification\",\"valueRequired\":true,\"valueName\":\"search_term_string\"}}],\"inLanguage\":\"en-US\"},{\"@type\":\"Organization\",\"@id\":\"https:\\\/\\\/enviteka.lt\\\/#organization\",\"name\":\"ENVITEKA\",\"url\":\"https:\\\/\\\/enviteka.lt\\\/\",\"logo\":{\"@type\":\"ImageObject\",\"inLanguage\":\"en-US\",\"@id\":\"https:\\\/\\\/enviteka.lt\\\/#\\\/schema\\\/logo\\\/image\\\/\",\"url\":\"https:\\\/\\\/enviteka.lt\\\/wp-content\\\/uploads\\\/2024\\\/10\\\/enviteka-high-resolution-logo-transparent-e1742852093377.png\",\"contentUrl\":\"https:\\\/\\\/enviteka.lt\\\/wp-content\\\/uploads\\\/2024\\\/10\\\/enviteka-high-resolution-logo-transparent-e1742852093377.png\",\"width\":424,\"height\":150,\"caption\":\"ENVITEKA\"},\"image\":{\"@id\":\"https:\\\/\\\/enviteka.lt\\\/#\\\/schema\\\/logo\\\/image\\\/\"}}]}<\/script>\n<!-- \/ Yoast SEO plugin. -->","yoast_head_json":{"title":"\u017darna PROTAPE PUR 330-INOX AS LD - ENVITEKA","description":"Atspari dilimui, naudojama - dulki\u0173 i\u0161traukimo \u012frenginiai, dulki\u0173 \u0161alinimo sistemos, filtravimo sistemos, alyvos r\u016bko i\u0161traukimas. Pristatymas 1-2 d.d.","robots":{"index":"index","follow":"follow","max-snippet":"max-snippet:-1","max-image-preview":"max-image-preview:large","max-video-preview":"max-video-preview:-1"},"canonical":"https:\/\/enviteka.lt\/en\/product\/zarna-protape-pur-330-inox-as-ld\/","og_locale":"en_US","og_type":"article","og_title":"\u017darna PROTAPE PUR 330-INOX AS LD - ENVITEKA","og_description":"Atspari dilimui, naudojama - dulki\u0173 i\u0161traukimo \u012frenginiai, dulki\u0173 \u0161alinimo sistemos, filtravimo sistemos, alyvos r\u016bko i\u0161traukimas. Pristatymas 1-2 d.d.","og_url":"https:\/\/enviteka.lt\/en\/product\/zarna-protape-pur-330-inox-as-ld\/","og_site_name":"ENVITEKA","article_modified_time":"2025-04-04T17:44:26+00:00","og_image":[{"width":1004,"height":613,"url":"https:\/\/enviteka.lt\/wp-content\/uploads\/2025\/03\/protape_pur_330_as_LD_ZARNA-1.jpg","type":"image\/jpeg"}],"twitter_card":"summary_large_image","twitter_misc":{"Est. reading time":"2 minutes"},"schema":{"@context":"https:\/\/schema.org","@graph":[{"@type":"WebPage","@id":"https:\/\/enviteka.lt\/produktas\/zarna-protape-pur-330-inox-as-ld\/","url":"https:\/\/enviteka.lt\/produktas\/zarna-protape-pur-330-inox-as-ld\/","name":"\u017darna PROTAPE PUR 330-INOX AS LD - ENVITEKA","isPartOf":{"@id":"https:\/\/enviteka.lt\/#website"},"primaryImageOfPage":{"@id":"https:\/\/enviteka.lt\/produktas\/zarna-protape-pur-330-inox-as-ld\/#primaryimage"},"image":{"@id":"https:\/\/enviteka.lt\/produktas\/zarna-protape-pur-330-inox-as-ld\/#primaryimage"},"thumbnailUrl":"https:\/\/enviteka.lt\/wp-content\/uploads\/2025\/03\/protape_pur_330_as_LD_ZARNA-1.jpg","datePublished":"2025-03-29T10:03:04+00:00","dateModified":"2025-04-04T17:44:26+00:00","description":"Atspari dilimui, naudojama - dulki\u0173 i\u0161traukimo \u012frenginiai, dulki\u0173 \u0161alinimo sistemos, filtravimo sistemos, alyvos r\u016bko i\u0161traukimas. Pristatymas 1-2 d.d.","breadcrumb":{"@id":"https:\/\/enviteka.lt\/produktas\/zarna-protape-pur-330-inox-as-ld\/#breadcrumb"},"inLanguage":"en-US","potentialAction":[{"@type":"ReadAction","target":["https:\/\/enviteka.lt\/produktas\/zarna-protape-pur-330-inox-as-ld\/"]}]},{"@type":"ImageObject","inLanguage":"en-US","@id":"https:\/\/enviteka.lt\/produktas\/zarna-protape-pur-330-inox-as-ld\/#primaryimage","url":"https:\/\/enviteka.lt\/wp-content\/uploads\/2025\/03\/protape_pur_330_as_LD_ZARNA-1.jpg","contentUrl":"https:\/\/enviteka.lt\/wp-content\/uploads\/2025\/03\/protape_pur_330_as_LD_ZARNA-1.jpg","width":1004,"height":613},{"@type":"BreadcrumbList","@id":"https:\/\/enviteka.lt\/produktas\/zarna-protape-pur-330-inox-as-ld\/#breadcrumb","itemListElement":[{"@type":"ListItem","position":1,"name":"Home","item":"https:\/\/enviteka.lt\/"},{"@type":"ListItem","position":2,"name":"Produktai","item":"https:\/\/enviteka.lt\/produktai\/"},{"@type":"ListItem","position":3,"name":"\u017darna PROTAPE PUR 330-INOX AS LD"}]},{"@type":"WebSite","@id":"https:\/\/enviteka.lt\/#website","url":"https:\/\/enviteka.lt\/","name":"ENVITEKA","description":"pramonin\u0117s \u012frangos tiek\u0117jas","publisher":{"@id":"https:\/\/enviteka.lt\/#organization"},"potentialAction":[{"@type":"SearchAction","target":{"@type":"EntryPoint","urlTemplate":"https:\/\/enviteka.lt\/?s={search_term_string}"},"query-input":{"@type":"PropertyValueSpecification","valueRequired":true,"valueName":"search_term_string"}}],"inLanguage":"en-US"},{"@type":"Organization","@id":"https:\/\/enviteka.lt\/#organization","name":"ENVITEKA","url":"https:\/\/enviteka.lt\/","logo":{"@type":"ImageObject","inLanguage":"en-US","@id":"https:\/\/enviteka.lt\/#\/schema\/logo\/image\/","url":"https:\/\/enviteka.lt\/wp-content\/uploads\/2024\/10\/enviteka-high-resolution-logo-transparent-e1742852093377.png","contentUrl":"https:\/\/enviteka.lt\/wp-content\/uploads\/2024\/10\/enviteka-high-resolution-logo-transparent-e1742852093377.png","width":424,"height":150,"caption":"ENVITEKA"},"image":{"@id":"https:\/\/enviteka.lt\/#\/schema\/logo\/image\/"}}]}},"_links":{"self":[{"href":"https:\/\/enviteka.lt\/en\/wp-json\/wp\/v2\/product\/1265","targetHints":{"allow":["GET"]}}],"collection":[{"href":"https:\/\/enviteka.lt\/en\/wp-json\/wp\/v2\/product"}],"about":[{"href":"https:\/\/enviteka.lt\/en\/wp-json\/wp\/v2\/types\/product"}],"wp:featuredmedia":[{"embeddable":true,"href":"https:\/\/enviteka.lt\/en\/wp-json\/wp\/v2\/media\/1267"}],"wp:attachment":[{"href":"https:\/\/enviteka.lt\/en\/wp-json\/wp\/v2\/media?parent=1265"}],"wp:term":[{"taxonomy":"product_brand","embeddable":true,"href":"https:\/\/enviteka.lt\/en\/wp-json\/wp\/v2\/product_brand?post=1265"},{"taxonomy":"product_cat","embeddable":true,"href":"https:\/\/enviteka.lt\/en\/wp-json\/wp\/v2\/product_cat?post=1265"},{"taxonomy":"product_tag","embeddable":true,"href":"https:\/\/enviteka.lt\/en\/wp-json\/wp\/v2\/product_tag?post=1265"}],"curies":[{"name":"wp","href":"https:\/\/api.w.org\/{rel}","templated":true}]}}