{"id":1260,"date":"2025-03-29T09:40:47","date_gmt":"2025-03-29T09:40:47","guid":{"rendered":"https:\/\/enviteka.lt\/?post_type=product&#038;p=1260"},"modified":"2025-04-04T17:44:39","modified_gmt":"2025-04-04T17:44:39","slug":"zarna-protape-pur-301-as-xld","status":"publish","type":"product","link":"https:\/\/enviteka.lt\/en\/product\/zarna-protape-pur-301-as-xld\/","title":{"rendered":"\u017darna PROTAPE PUR 301 AS XLD"},"content":{"rendered":"<p><strong>Antistatin\u0117 poliuretano \u017earna. Ypa\u010d lengva, atspari mikrobams ir liepsnai.<\/strong><\/p>\n<p><strong>Paskirtis<\/strong><\/p>\n<p>Lanksti \u017earna \/ ortakis dujoms, abrazyvin\u0117ms dulk\u0117ms, milteliams ir pluo\u0161tams<\/p>\n<p>Dulki\u0173 i\u0161traukimo \u012frenginiai, dulki\u0173 \u0161alinimo ir filtravimo sistemos, alyvos r\u016bko i\u0161traukimas<\/p>\n<p>I\u0161traukimo rankov\u0117s<\/p>\n<p>Chemin\u0117 pramon\u0117: chemini\u0173 gar\u0173, da\u017e\u0173 gar\u0173, pur\u0161kimo dulki\u0173 i\u0161traukimas, gar\u0173 gr\u0105\u017einimo \u017earna pakrovimo rankov\u0117se<\/p>\n<p>Pavojingos aplinkos su sprogimo rizika (ATEX)<\/p>\n<p>Gyvulininkyst\u0117: tvart\u0173 ventiliacija<\/p>\n<p>Transporto sektorius: autobusai, komerciniai automobiliai, priekabos, kemperiai, laivai, jachtos \u2013 ventiliacija ir \u0161ildymas<\/p>\n<p>\u0160vari\u0173j\u0173 patalp\u0173 ventiliacija, puslaidininki\u0173 gamybos \u012franga<\/p>\n<p><strong>Savyb\u0117s<\/strong><\/p>\n<p>Itin lengva konstrukcija<\/p>\n<p>Labai lanksti ir suspaud\u017eiama (3:1)<\/p>\n<p>Atspari dilimui<\/p>\n<p>Atspari mikrobams<\/p>\n<p>Geros atsparumo savyb\u0117s alyvai, benzinui ir chemin\u0117ms med\u017eiagoms<\/p>\n<p>Puikus lankstumas net esant \u017eemai temperat\u016brai<\/p>\n<p>Atspari liepsnai pagal:<\/p>\n<p>UL94-HB<\/p>\n<p>DIN 4102-B1<\/p>\n<p>Nuolatin\u0117 antistatin\u0117 sienel\u0117 pagal ISO 8031 (elektrin\u0117 ir pavir\u0161iaus var\u017ea &lt;10\u2079 \u2126)<\/p>\n<p>Atitinka ATEX 2014\/34\/EU (1999\/92\/EC) ir Vokietijos TRGS 727 reikalavimus<\/p>\n<p>Tinka degi\u0173 dulki\u0173 i\u0161traukimui (22 zona)<\/p>\n<p>Tinka nedegi\u0173 skys\u010di\u0173 transportavimui<\/p>\n<p>Naudojimui duj\u0173 zonose 1 ir 2<\/p>\n<p>Atitinka Vokietijos Medienos Pramon\u0117s Asociacijos saugos standartus<\/p>\n<p>Pagal DIN 26057, 1 tipas<\/p>\n<p>Atitinka RoHS direktyv\u0105<\/p>\n<p>REACH sertifikatas (\u017er. Technikos informacij\u0105 \/ REACH)<\/p>\n<p><strong>Temperat\u016bros diapazonas<\/strong><\/p>\n<p>Darbin\u0117 temperat\u016bra: nuo -40\u00b0C iki +90\u00b0C<\/p>\n<p>Trumpalaikis atsparumas: iki +125\u00b0C<\/p>\n<p><strong>Konstrukcija<\/strong><\/p>\n<p>Tipas: PROTAPE\u00ae juostin\u0117 \u017earna<\/p>\n<p>Sustiprinimas: integruota plieno viela sienel\u0117je<\/p>\n<p>Sienel\u0117: nuolat antistatinis auk\u0161tos kokyb\u0117s eterio poliuretanas (Pre-PUR\u00ae)<\/p>\n<p>Sienel\u0117s storis: ~0,4 mm<\/p>\n<p>\u012evair\u016bs diametrai ir ilgiai pagal u\u017esakym\u0105<\/p>\n<p>Vidinis skersmuo nuo 38 mm iki 500 mm<\/p>\n<p><strong>Pristatymas:<\/strong> 1-2 darbo dienos<\/p>\n<p><strong>Susisiekite su mumis<\/strong> nor\u0117dami gauti daugiau informacijos arba u\u017esisakyti. Pad\u0117sime pasirinkti geriausi\u0105 sprendim\u0105 pagal j\u016bs\u0173 poreikius ir u\u017etikrinsime geriausi\u0105 kain\u0105 rinkoje ir greit\u0105\u00a0 pristatym\u0105.<\/p>","protected":false},"excerpt":{"rendered":"<p>Antistatin\u0117 poliuretano \u017earna. Ypa\u010d lengva, atspari mikrobams ir liepsnai. Paskirtis Lanksti \u017earna \/ ortakis dujoms, abrazyvin\u0117ms dulk\u0117ms, milteliams ir pluo\u0161tams [&hellip;]<\/p>","protected":false},"featured_media":1261,"template":"","meta":{"site-sidebar-layout":"default","site-content-layout":"","ast-site-content-layout":"default","site-content-style":"default","site-sidebar-style":"default","ast-global-header-display":"","ast-banner-title-visibility":"","ast-main-header-display":"","ast-hfb-above-header-display":"","ast-hfb-below-header-display":"","ast-hfb-mobile-header-display":"","site-post-title":"","ast-breadcrumbs-content":"","ast-featured-img":"","footer-sml-layout":"","ast-disable-related-posts":"","theme-transparent-header-meta":"default","adv-header-id-meta":"","stick-header-meta":"","header-above-stick-meta":"","header-main-stick-meta":"","header-below-stick-meta":"","astra-migrate-meta-layouts":"set","ast-page-background-enabled":"default","ast-page-background-meta":{"desktop":{"background-color":"var(--ast-global-color-4)","background-image":"","background-repeat":"repeat","background-position":"center center","background-size":"auto","background-attachment":"scroll","background-type":"","background-media":"","overlay-type":"","overlay-color":"","overlay-opacity":"","overlay-gradient":""},"tablet":{"background-color":"","background-image":"","background-repeat":"repeat","background-position":"center center","background-size":"auto","background-attachment":"scroll","background-type":"","background-media":"","overlay-type":"","overlay-color":"","overlay-opacity":"","overlay-gradient":""},"mobile":{"background-color":"","background-image":"","background-repeat":"repeat","background-position":"center center","background-size":"auto","background-attachment":"scroll","background-type":"","background-media":"","overlay-type":"","overlay-color":"","overlay-opacity":"","overlay-gradient":""}},"ast-content-background-meta":{"desktop":{"background-color":"var(--ast-global-color-5)","background-image":"","background-repeat":"repeat","background-position":"center center","background-size":"auto","background-attachment":"scroll","background-type":"","background-media":"","overlay-type":"","overlay-color":"","overlay-opacity":"","overlay-gradient":""},"tablet":{"background-color":"var(--ast-global-color-5)","background-image":"","background-repeat":"repeat","background-position":"center center","background-size":"auto","background-attachment":"scroll","background-type":"","background-media":"","overlay-type":"","overlay-color":"","overlay-opacity":"","overlay-gradient":""},"mobile":{"background-color":"var(--ast-global-color-5)","background-image":"","background-repeat":"repeat","background-position":"center center","background-size":"auto","background-attachment":"scroll","background-type":"","background-media":"","overlay-type":"","overlay-color":"","overlay-opacity":"","overlay-gradient":""}}},"product_brand":[],"product_cat":[121],"product_tag":[],"class_list":{"0":"post-1260","1":"product","2":"type-product","3":"status-publish","4":"has-post-thumbnail","6":"product_cat-poliuretano-zarnos-pu-zarnos","7":"desktop-align-left","8":"tablet-align-left","9":"mobile-align-left","11":"first","12":"instock","13":"shipping-taxable","14":"purchasable","15":"product-type-simple"},"yoast_head":"<!-- This site is optimized with the Yoast SEO plugin v27.3 - https:\/\/yoast.com\/product\/yoast-seo-wordpress\/ -->\n<title>\u017darna PROTAPE PUR 301 AS XLD - ENVITEKA<\/title>\n<meta name=\"description\" content=\"Lanksti \u017earna \/ ortakis dujoms, abrazyvin\u0117ms dulk\u0117ms, milteliams ir pluo\u0161tams. Ypa\u010d lengva, atspari mikrobams ir liepsnai. Pristatymas 1-2 d.d.\" \/>\n<meta name=\"robots\" content=\"index, follow, max-snippet:-1, max-image-preview:large, max-video-preview:-1\" \/>\n<link rel=\"canonical\" href=\"https:\/\/enviteka.lt\/en\/product\/zarna-protape-pur-301-as-xld\/\" \/>\n<meta property=\"og:locale\" content=\"en_US\" \/>\n<meta property=\"og:type\" content=\"article\" \/>\n<meta property=\"og:title\" content=\"\u017darna PROTAPE PUR 301 AS XLD - ENVITEKA\" \/>\n<meta property=\"og:description\" content=\"Lanksti \u017earna \/ ortakis dujoms, abrazyvin\u0117ms dulk\u0117ms, milteliams ir pluo\u0161tams. Ypa\u010d lengva, atspari mikrobams ir liepsnai. Pristatymas 1-2 d.d.\" \/>\n<meta property=\"og:url\" content=\"https:\/\/enviteka.lt\/en\/product\/zarna-protape-pur-301-as-xld\/\" \/>\n<meta property=\"og:site_name\" content=\"ENVITEKA\" \/>\n<meta property=\"article:modified_time\" content=\"2025-04-04T17:44:39+00:00\" \/>\n<meta property=\"og:image\" content=\"https:\/\/enviteka.lt\/wp-content\/uploads\/2025\/03\/zarna_protape_pur_301.jpg\" \/>\n\t<meta property=\"og:image:width\" content=\"1305\" \/>\n\t<meta property=\"og:image:height\" content=\"779\" \/>\n\t<meta property=\"og:image:type\" content=\"image\/jpeg\" \/>\n<meta name=\"twitter:card\" content=\"summary_large_image\" \/>\n<meta name=\"twitter:label1\" content=\"Est. reading time\" \/>\n\t<meta name=\"twitter:data1\" content=\"2 minutes\" \/>\n<script type=\"application\/ld+json\" class=\"yoast-schema-graph\">{\"@context\":\"https:\\\/\\\/schema.org\",\"@graph\":[{\"@type\":\"WebPage\",\"@id\":\"https:\\\/\\\/enviteka.lt\\\/produktas\\\/zarna-protape-pur-301-as-xld\\\/\",\"url\":\"https:\\\/\\\/enviteka.lt\\\/produktas\\\/zarna-protape-pur-301-as-xld\\\/\",\"name\":\"\u017darna PROTAPE PUR 301 AS XLD - ENVITEKA\",\"isPartOf\":{\"@id\":\"https:\\\/\\\/enviteka.lt\\\/#website\"},\"primaryImageOfPage\":{\"@id\":\"https:\\\/\\\/enviteka.lt\\\/produktas\\\/zarna-protape-pur-301-as-xld\\\/#primaryimage\"},\"image\":{\"@id\":\"https:\\\/\\\/enviteka.lt\\\/produktas\\\/zarna-protape-pur-301-as-xld\\\/#primaryimage\"},\"thumbnailUrl\":\"https:\\\/\\\/enviteka.lt\\\/wp-content\\\/uploads\\\/2025\\\/03\\\/zarna_protape_pur_301.jpg\",\"datePublished\":\"2025-03-29T09:40:47+00:00\",\"dateModified\":\"2025-04-04T17:44:39+00:00\",\"description\":\"Lanksti \u017earna \\\/ ortakis dujoms, abrazyvin\u0117ms dulk\u0117ms, milteliams ir pluo\u0161tams. Ypa\u010d lengva, atspari mikrobams ir liepsnai. Pristatymas 1-2 d.d.\",\"breadcrumb\":{\"@id\":\"https:\\\/\\\/enviteka.lt\\\/produktas\\\/zarna-protape-pur-301-as-xld\\\/#breadcrumb\"},\"inLanguage\":\"en-US\",\"potentialAction\":[{\"@type\":\"ReadAction\",\"target\":[\"https:\\\/\\\/enviteka.lt\\\/produktas\\\/zarna-protape-pur-301-as-xld\\\/\"]}]},{\"@type\":\"ImageObject\",\"inLanguage\":\"en-US\",\"@id\":\"https:\\\/\\\/enviteka.lt\\\/produktas\\\/zarna-protape-pur-301-as-xld\\\/#primaryimage\",\"url\":\"https:\\\/\\\/enviteka.lt\\\/wp-content\\\/uploads\\\/2025\\\/03\\\/zarna_protape_pur_301.jpg\",\"contentUrl\":\"https:\\\/\\\/enviteka.lt\\\/wp-content\\\/uploads\\\/2025\\\/03\\\/zarna_protape_pur_301.jpg\",\"width\":1305,\"height\":779},{\"@type\":\"BreadcrumbList\",\"@id\":\"https:\\\/\\\/enviteka.lt\\\/produktas\\\/zarna-protape-pur-301-as-xld\\\/#breadcrumb\",\"itemListElement\":[{\"@type\":\"ListItem\",\"position\":1,\"name\":\"Home\",\"item\":\"https:\\\/\\\/enviteka.lt\\\/\"},{\"@type\":\"ListItem\",\"position\":2,\"name\":\"Produktai\",\"item\":\"https:\\\/\\\/enviteka.lt\\\/produktai\\\/\"},{\"@type\":\"ListItem\",\"position\":3,\"name\":\"\u017darna PROTAPE PUR 301 AS XLD\"}]},{\"@type\":\"WebSite\",\"@id\":\"https:\\\/\\\/enviteka.lt\\\/#website\",\"url\":\"https:\\\/\\\/enviteka.lt\\\/\",\"name\":\"ENVITEKA\",\"description\":\"pramonin\u0117s \u012frangos tiek\u0117jas\",\"publisher\":{\"@id\":\"https:\\\/\\\/enviteka.lt\\\/#organization\"},\"potentialAction\":[{\"@type\":\"SearchAction\",\"target\":{\"@type\":\"EntryPoint\",\"urlTemplate\":\"https:\\\/\\\/enviteka.lt\\\/?s={search_term_string}\"},\"query-input\":{\"@type\":\"PropertyValueSpecification\",\"valueRequired\":true,\"valueName\":\"search_term_string\"}}],\"inLanguage\":\"en-US\"},{\"@type\":\"Organization\",\"@id\":\"https:\\\/\\\/enviteka.lt\\\/#organization\",\"name\":\"ENVITEKA\",\"url\":\"https:\\\/\\\/enviteka.lt\\\/\",\"logo\":{\"@type\":\"ImageObject\",\"inLanguage\":\"en-US\",\"@id\":\"https:\\\/\\\/enviteka.lt\\\/#\\\/schema\\\/logo\\\/image\\\/\",\"url\":\"https:\\\/\\\/enviteka.lt\\\/wp-content\\\/uploads\\\/2024\\\/10\\\/enviteka-high-resolution-logo-transparent-e1742852093377.png\",\"contentUrl\":\"https:\\\/\\\/enviteka.lt\\\/wp-content\\\/uploads\\\/2024\\\/10\\\/enviteka-high-resolution-logo-transparent-e1742852093377.png\",\"width\":424,\"height\":150,\"caption\":\"ENVITEKA\"},\"image\":{\"@id\":\"https:\\\/\\\/enviteka.lt\\\/#\\\/schema\\\/logo\\\/image\\\/\"}}]}<\/script>\n<!-- \/ Yoast SEO plugin. -->","yoast_head_json":{"title":"\u017darna PROTAPE PUR 301 AS XLD - ENVITEKA","description":"Lanksti \u017earna \/ ortakis dujoms, abrazyvin\u0117ms dulk\u0117ms, milteliams ir pluo\u0161tams. Ypa\u010d lengva, atspari mikrobams ir liepsnai. Pristatymas 1-2 d.d.","robots":{"index":"index","follow":"follow","max-snippet":"max-snippet:-1","max-image-preview":"max-image-preview:large","max-video-preview":"max-video-preview:-1"},"canonical":"https:\/\/enviteka.lt\/en\/product\/zarna-protape-pur-301-as-xld\/","og_locale":"en_US","og_type":"article","og_title":"\u017darna PROTAPE PUR 301 AS XLD - ENVITEKA","og_description":"Lanksti \u017earna \/ ortakis dujoms, abrazyvin\u0117ms dulk\u0117ms, milteliams ir pluo\u0161tams. Ypa\u010d lengva, atspari mikrobams ir liepsnai. Pristatymas 1-2 d.d.","og_url":"https:\/\/enviteka.lt\/en\/product\/zarna-protape-pur-301-as-xld\/","og_site_name":"ENVITEKA","article_modified_time":"2025-04-04T17:44:39+00:00","og_image":[{"width":1305,"height":779,"url":"https:\/\/enviteka.lt\/wp-content\/uploads\/2025\/03\/zarna_protape_pur_301.jpg","type":"image\/jpeg"}],"twitter_card":"summary_large_image","twitter_misc":{"Est. reading time":"2 minutes"},"schema":{"@context":"https:\/\/schema.org","@graph":[{"@type":"WebPage","@id":"https:\/\/enviteka.lt\/produktas\/zarna-protape-pur-301-as-xld\/","url":"https:\/\/enviteka.lt\/produktas\/zarna-protape-pur-301-as-xld\/","name":"\u017darna PROTAPE PUR 301 AS XLD - ENVITEKA","isPartOf":{"@id":"https:\/\/enviteka.lt\/#website"},"primaryImageOfPage":{"@id":"https:\/\/enviteka.lt\/produktas\/zarna-protape-pur-301-as-xld\/#primaryimage"},"image":{"@id":"https:\/\/enviteka.lt\/produktas\/zarna-protape-pur-301-as-xld\/#primaryimage"},"thumbnailUrl":"https:\/\/enviteka.lt\/wp-content\/uploads\/2025\/03\/zarna_protape_pur_301.jpg","datePublished":"2025-03-29T09:40:47+00:00","dateModified":"2025-04-04T17:44:39+00:00","description":"Lanksti \u017earna \/ ortakis dujoms, abrazyvin\u0117ms dulk\u0117ms, milteliams ir pluo\u0161tams. Ypa\u010d lengva, atspari mikrobams ir liepsnai. Pristatymas 1-2 d.d.","breadcrumb":{"@id":"https:\/\/enviteka.lt\/produktas\/zarna-protape-pur-301-as-xld\/#breadcrumb"},"inLanguage":"en-US","potentialAction":[{"@type":"ReadAction","target":["https:\/\/enviteka.lt\/produktas\/zarna-protape-pur-301-as-xld\/"]}]},{"@type":"ImageObject","inLanguage":"en-US","@id":"https:\/\/enviteka.lt\/produktas\/zarna-protape-pur-301-as-xld\/#primaryimage","url":"https:\/\/enviteka.lt\/wp-content\/uploads\/2025\/03\/zarna_protape_pur_301.jpg","contentUrl":"https:\/\/enviteka.lt\/wp-content\/uploads\/2025\/03\/zarna_protape_pur_301.jpg","width":1305,"height":779},{"@type":"BreadcrumbList","@id":"https:\/\/enviteka.lt\/produktas\/zarna-protape-pur-301-as-xld\/#breadcrumb","itemListElement":[{"@type":"ListItem","position":1,"name":"Home","item":"https:\/\/enviteka.lt\/"},{"@type":"ListItem","position":2,"name":"Produktai","item":"https:\/\/enviteka.lt\/produktai\/"},{"@type":"ListItem","position":3,"name":"\u017darna PROTAPE PUR 301 AS XLD"}]},{"@type":"WebSite","@id":"https:\/\/enviteka.lt\/#website","url":"https:\/\/enviteka.lt\/","name":"ENVITEKA","description":"pramonin\u0117s \u012frangos tiek\u0117jas","publisher":{"@id":"https:\/\/enviteka.lt\/#organization"},"potentialAction":[{"@type":"SearchAction","target":{"@type":"EntryPoint","urlTemplate":"https:\/\/enviteka.lt\/?s={search_term_string}"},"query-input":{"@type":"PropertyValueSpecification","valueRequired":true,"valueName":"search_term_string"}}],"inLanguage":"en-US"},{"@type":"Organization","@id":"https:\/\/enviteka.lt\/#organization","name":"ENVITEKA","url":"https:\/\/enviteka.lt\/","logo":{"@type":"ImageObject","inLanguage":"en-US","@id":"https:\/\/enviteka.lt\/#\/schema\/logo\/image\/","url":"https:\/\/enviteka.lt\/wp-content\/uploads\/2024\/10\/enviteka-high-resolution-logo-transparent-e1742852093377.png","contentUrl":"https:\/\/enviteka.lt\/wp-content\/uploads\/2024\/10\/enviteka-high-resolution-logo-transparent-e1742852093377.png","width":424,"height":150,"caption":"ENVITEKA"},"image":{"@id":"https:\/\/enviteka.lt\/#\/schema\/logo\/image\/"}}]}},"_links":{"self":[{"href":"https:\/\/enviteka.lt\/en\/wp-json\/wp\/v2\/product\/1260","targetHints":{"allow":["GET"]}}],"collection":[{"href":"https:\/\/enviteka.lt\/en\/wp-json\/wp\/v2\/product"}],"about":[{"href":"https:\/\/enviteka.lt\/en\/wp-json\/wp\/v2\/types\/product"}],"wp:featuredmedia":[{"embeddable":true,"href":"https:\/\/enviteka.lt\/en\/wp-json\/wp\/v2\/media\/1261"}],"wp:attachment":[{"href":"https:\/\/enviteka.lt\/en\/wp-json\/wp\/v2\/media?parent=1260"}],"wp:term":[{"taxonomy":"product_brand","embeddable":true,"href":"https:\/\/enviteka.lt\/en\/wp-json\/wp\/v2\/product_brand?post=1260"},{"taxonomy":"product_cat","embeddable":true,"href":"https:\/\/enviteka.lt\/en\/wp-json\/wp\/v2\/product_cat?post=1260"},{"taxonomy":"product_tag","embeddable":true,"href":"https:\/\/enviteka.lt\/en\/wp-json\/wp\/v2\/product_tag?post=1260"}],"curies":[{"name":"wp","href":"https:\/\/api.w.org\/{rel}","templated":true}]}}