{"id":1255,"date":"2025-03-28T17:22:57","date_gmt":"2025-03-28T17:22:57","guid":{"rendered":"https:\/\/enviteka.lt\/?post_type=product&#038;p=1255"},"modified":"2025-04-04T17:44:56","modified_gmt":"2025-04-04T17:44:56","slug":"zarna-norplast-4606-airflex-pu-as","status":"publish","type":"product","link":"https:\/\/enviteka.lt\/en\/product\/zarna-norplast-4606-airflex-pu-as\/","title":{"rendered":"\u017darna NORPLAST 4606 AIRFLEX PU AS"},"content":{"rendered":"<p><strong>Maisto ir farmacijos \u017earna, labai lanksti, atspari dilimui<\/strong><\/p>\n<p><strong>Paskirtis:<\/strong><\/p>\n<p>Tinka vis\u0173 r\u016b\u0161i\u0173 maistui: skystiems produktams, aliejingiems maisto produktams ir sausam tvirtam maistui iki 40\u00b0C.<\/p>\n<p>Naudojama oro, dulki\u0173, milteli\u0173, med\u017eio dro\u017eli\u0173 ir chemini\u0173 gar\u0173 perne\u0161imui.<\/p>\n<p>Puikiai tinka izoliacini\u0173 med\u017eiag\u0173 pratek\u0117jimui ir \/ ar drena\u017eui.<\/p>\n<p><strong>Savyb\u0117s:<\/strong><\/p>\n<p>Labai lanksti ir atspari dilimui, u\u017etikrinant ilgalaik\u012f ir patikim\u0105 naudojim\u0105 net sunkiomis s\u0105lygomis.<\/p>\n<p>Veidrodin\u012f sklandum\u0105 turinti vidin\u0117 sienel\u0117, kad b\u016bt\u0173 lengviau valyti ir u\u017ekirsti keli\u0105 produkt\u0173 kaupimuisi \u017earnoje.<\/p>\n<p>Pagaminta pagal EN ISO 1307:2008 standart\u0105.<\/p>\n<p>Patvirtinta pagal EU-Directive 10\/2011 (maisto simulantams A, B, C, D1, D2 ir E) ir EC 1935\/2004.<\/p>\n<p>Temperat\u016bros diapazonas:<\/p>\n<p>Darbin\u0117 temperat\u016bra: nuo -25\u00b0C iki +85\u00b0C.<\/p>\n<p><strong>Konstrukcija:<\/strong><\/p>\n<p>Vidin\u0117 sienel\u0117: poliuretanas (PU).<\/p>\n<p>I\u0161orin\u0117 sienel\u0117: poliuretanas (PU).<\/p>\n<p>Konstrukcija: banguota, suteikianti papildom\u0105 lankstum\u0105.<\/p>\n<p>Pagrindinis sustiprinimas: tvirta PVC spiralin\u0117 strukt\u016bra su vario laidu.<\/p>\n<p>Vidinis vamzdis: lygus, u\u017etikrinantis skland\u0173 skys\u010di\u0173 ir med\u017eiag\u0173 pratek\u0117jim\u0105.<\/p>\n<p>Vidinis skersmuo nuo 32 mm iki 102 mm, kreipkit\u0117s d\u0117l reikiamo skersmens ir ilgio.<\/p>\n<p class=\"\" data-start=\"1488\" data-end=\"1675\"><strong>Pristatymas 1-2 d.d.<\/strong><\/p>\n<p><strong>Susisiekite su mumis:<\/strong><\/p>\n<p>Nor\u0117dami gauti daugiau informacijos arba u\u017esisakyti, pra\u0161ome susisiekti su m\u016bs\u0173 komanda. Pad\u0117sime pasirinkti geriausi\u0105 sprendim\u0105 pagal j\u016bs\u0173 poreikius, u\u017etikrinsime geriausi\u0105 kain\u0105<\/p>\n<p>rinkoje ir greit\u0105 pristatym\u0105.<\/p>","protected":false},"excerpt":{"rendered":"<p>Maisto ir farmacijos \u017earna, labai lanksti, atspari dilimui Paskirtis: Tinka vis\u0173 r\u016b\u0161i\u0173 maistui: skystiems produktams, aliejingiems maisto produktams ir sausam [&hellip;]<\/p>","protected":false},"featured_media":1256,"template":"","meta":{"site-sidebar-layout":"default","site-content-layout":"","ast-site-content-layout":"default","site-content-style":"default","site-sidebar-style":"default","ast-global-header-display":"","ast-banner-title-visibility":"","ast-main-header-display":"","ast-hfb-above-header-display":"","ast-hfb-below-header-display":"","ast-hfb-mobile-header-display":"","site-post-title":"","ast-breadcrumbs-content":"","ast-featured-img":"","footer-sml-layout":"","ast-disable-related-posts":"","theme-transparent-header-meta":"default","adv-header-id-meta":"","stick-header-meta":"","header-above-stick-meta":"","header-main-stick-meta":"","header-below-stick-meta":"","astra-migrate-meta-layouts":"set","ast-page-background-enabled":"default","ast-page-background-meta":{"desktop":{"background-color":"var(--ast-global-color-4)","background-image":"","background-repeat":"repeat","background-position":"center center","background-size":"auto","background-attachment":"scroll","background-type":"","background-media":"","overlay-type":"","overlay-color":"","overlay-opacity":"","overlay-gradient":""},"tablet":{"background-color":"","background-image":"","background-repeat":"repeat","background-position":"center center","background-size":"auto","background-attachment":"scroll","background-type":"","background-media":"","overlay-type":"","overlay-color":"","overlay-opacity":"","overlay-gradient":""},"mobile":{"background-color":"","background-image":"","background-repeat":"repeat","background-position":"center center","background-size":"auto","background-attachment":"scroll","background-type":"","background-media":"","overlay-type":"","overlay-color":"","overlay-opacity":"","overlay-gradient":""}},"ast-content-background-meta":{"desktop":{"background-color":"var(--ast-global-color-5)","background-image":"","background-repeat":"repeat","background-position":"center center","background-size":"auto","background-attachment":"scroll","background-type":"","background-media":"","overlay-type":"","overlay-color":"","overlay-opacity":"","overlay-gradient":""},"tablet":{"background-color":"var(--ast-global-color-5)","background-image":"","background-repeat":"repeat","background-position":"center center","background-size":"auto","background-attachment":"scroll","background-type":"","background-media":"","overlay-type":"","overlay-color":"","overlay-opacity":"","overlay-gradient":""},"mobile":{"background-color":"var(--ast-global-color-5)","background-image":"","background-repeat":"repeat","background-position":"center center","background-size":"auto","background-attachment":"scroll","background-type":"","background-media":"","overlay-type":"","overlay-color":"","overlay-opacity":"","overlay-gradient":""}}},"product_brand":[],"product_cat":[121],"product_tag":[],"class_list":{"0":"post-1255","1":"product","2":"type-product","3":"status-publish","4":"has-post-thumbnail","6":"product_cat-poliuretano-zarnos-pu-zarnos","7":"desktop-align-left","8":"tablet-align-left","9":"mobile-align-left","11":"first","12":"instock","13":"shipping-taxable","14":"purchasable","15":"product-type-simple"},"yoast_head":"<!-- This site is optimized with the Yoast SEO plugin v27.3 - https:\/\/yoast.com\/product\/yoast-seo-wordpress\/ -->\n<title>\u017darna NORPLAST 4606 AIRFLEX PU AS - ENVITEKA<\/title>\n<meta name=\"description\" content=\"Tinka vis\u0173 r\u016b\u0161i\u0173 maistui: skystiems produktams, aliejingiems maisto produktams ir sausam tvirtam maistui iki 40\u00b0C. Pristatymas 1-2 d.d.\" \/>\n<meta name=\"robots\" content=\"index, follow, max-snippet:-1, max-image-preview:large, max-video-preview:-1\" \/>\n<link rel=\"canonical\" href=\"https:\/\/enviteka.lt\/en\/product\/zarna-norplast-4606-airflex-pu-as\/\" \/>\n<meta property=\"og:locale\" content=\"en_US\" \/>\n<meta property=\"og:type\" content=\"article\" \/>\n<meta property=\"og:title\" content=\"\u017darna NORPLAST 4606 AIRFLEX PU AS - ENVITEKA\" \/>\n<meta property=\"og:description\" content=\"Tinka vis\u0173 r\u016b\u0161i\u0173 maistui: skystiems produktams, aliejingiems maisto produktams ir sausam tvirtam maistui iki 40\u00b0C. Pristatymas 1-2 d.d.\" \/>\n<meta property=\"og:url\" content=\"https:\/\/enviteka.lt\/en\/product\/zarna-norplast-4606-airflex-pu-as\/\" \/>\n<meta property=\"og:site_name\" content=\"ENVITEKA\" \/>\n<meta property=\"article:modified_time\" content=\"2025-04-04T17:44:56+00:00\" \/>\n<meta property=\"og:image\" content=\"https:\/\/enviteka.lt\/wp-content\/uploads\/2025\/03\/zarna_norplast-4606-enviteka.jpg\" \/>\n\t<meta property=\"og:image:width\" content=\"1408\" \/>\n\t<meta property=\"og:image:height\" content=\"859\" \/>\n\t<meta property=\"og:image:type\" content=\"image\/jpeg\" \/>\n<meta name=\"twitter:card\" content=\"summary_large_image\" \/>\n<meta name=\"twitter:label1\" content=\"Est. reading time\" \/>\n\t<meta name=\"twitter:data1\" content=\"2 minutes\" \/>\n<script type=\"application\/ld+json\" class=\"yoast-schema-graph\">{\"@context\":\"https:\\\/\\\/schema.org\",\"@graph\":[{\"@type\":\"WebPage\",\"@id\":\"https:\\\/\\\/enviteka.lt\\\/produktas\\\/zarna-norplast-4606-airflex-pu-as\\\/\",\"url\":\"https:\\\/\\\/enviteka.lt\\\/produktas\\\/zarna-norplast-4606-airflex-pu-as\\\/\",\"name\":\"\u017darna NORPLAST 4606 AIRFLEX PU AS - ENVITEKA\",\"isPartOf\":{\"@id\":\"https:\\\/\\\/enviteka.lt\\\/#website\"},\"primaryImageOfPage\":{\"@id\":\"https:\\\/\\\/enviteka.lt\\\/produktas\\\/zarna-norplast-4606-airflex-pu-as\\\/#primaryimage\"},\"image\":{\"@id\":\"https:\\\/\\\/enviteka.lt\\\/produktas\\\/zarna-norplast-4606-airflex-pu-as\\\/#primaryimage\"},\"thumbnailUrl\":\"https:\\\/\\\/enviteka.lt\\\/wp-content\\\/uploads\\\/2025\\\/03\\\/zarna_norplast-4606-enviteka.jpg\",\"datePublished\":\"2025-03-28T17:22:57+00:00\",\"dateModified\":\"2025-04-04T17:44:56+00:00\",\"description\":\"Tinka vis\u0173 r\u016b\u0161i\u0173 maistui: skystiems produktams, aliejingiems maisto produktams ir sausam tvirtam maistui iki 40\u00b0C. Pristatymas 1-2 d.d.\",\"breadcrumb\":{\"@id\":\"https:\\\/\\\/enviteka.lt\\\/produktas\\\/zarna-norplast-4606-airflex-pu-as\\\/#breadcrumb\"},\"inLanguage\":\"en-US\",\"potentialAction\":[{\"@type\":\"ReadAction\",\"target\":[\"https:\\\/\\\/enviteka.lt\\\/produktas\\\/zarna-norplast-4606-airflex-pu-as\\\/\"]}]},{\"@type\":\"ImageObject\",\"inLanguage\":\"en-US\",\"@id\":\"https:\\\/\\\/enviteka.lt\\\/produktas\\\/zarna-norplast-4606-airflex-pu-as\\\/#primaryimage\",\"url\":\"https:\\\/\\\/enviteka.lt\\\/wp-content\\\/uploads\\\/2025\\\/03\\\/zarna_norplast-4606-enviteka.jpg\",\"contentUrl\":\"https:\\\/\\\/enviteka.lt\\\/wp-content\\\/uploads\\\/2025\\\/03\\\/zarna_norplast-4606-enviteka.jpg\",\"width\":1408,\"height\":859},{\"@type\":\"BreadcrumbList\",\"@id\":\"https:\\\/\\\/enviteka.lt\\\/produktas\\\/zarna-norplast-4606-airflex-pu-as\\\/#breadcrumb\",\"itemListElement\":[{\"@type\":\"ListItem\",\"position\":1,\"name\":\"Home\",\"item\":\"https:\\\/\\\/enviteka.lt\\\/\"},{\"@type\":\"ListItem\",\"position\":2,\"name\":\"Produktai\",\"item\":\"https:\\\/\\\/enviteka.lt\\\/produktai\\\/\"},{\"@type\":\"ListItem\",\"position\":3,\"name\":\"\u017darna NORPLAST 4606 AIRFLEX PU AS\"}]},{\"@type\":\"WebSite\",\"@id\":\"https:\\\/\\\/enviteka.lt\\\/#website\",\"url\":\"https:\\\/\\\/enviteka.lt\\\/\",\"name\":\"ENVITEKA\",\"description\":\"pramonin\u0117s \u012frangos tiek\u0117jas\",\"publisher\":{\"@id\":\"https:\\\/\\\/enviteka.lt\\\/#organization\"},\"potentialAction\":[{\"@type\":\"SearchAction\",\"target\":{\"@type\":\"EntryPoint\",\"urlTemplate\":\"https:\\\/\\\/enviteka.lt\\\/?s={search_term_string}\"},\"query-input\":{\"@type\":\"PropertyValueSpecification\",\"valueRequired\":true,\"valueName\":\"search_term_string\"}}],\"inLanguage\":\"en-US\"},{\"@type\":\"Organization\",\"@id\":\"https:\\\/\\\/enviteka.lt\\\/#organization\",\"name\":\"ENVITEKA\",\"url\":\"https:\\\/\\\/enviteka.lt\\\/\",\"logo\":{\"@type\":\"ImageObject\",\"inLanguage\":\"en-US\",\"@id\":\"https:\\\/\\\/enviteka.lt\\\/#\\\/schema\\\/logo\\\/image\\\/\",\"url\":\"https:\\\/\\\/enviteka.lt\\\/wp-content\\\/uploads\\\/2024\\\/10\\\/enviteka-high-resolution-logo-transparent-e1742852093377.png\",\"contentUrl\":\"https:\\\/\\\/enviteka.lt\\\/wp-content\\\/uploads\\\/2024\\\/10\\\/enviteka-high-resolution-logo-transparent-e1742852093377.png\",\"width\":424,\"height\":150,\"caption\":\"ENVITEKA\"},\"image\":{\"@id\":\"https:\\\/\\\/enviteka.lt\\\/#\\\/schema\\\/logo\\\/image\\\/\"}}]}<\/script>\n<!-- \/ Yoast SEO plugin. -->","yoast_head_json":{"title":"\u017darna NORPLAST 4606 AIRFLEX PU AS - ENVITEKA","description":"Tinka vis\u0173 r\u016b\u0161i\u0173 maistui: skystiems produktams, aliejingiems maisto produktams ir sausam tvirtam maistui iki 40\u00b0C. Pristatymas 1-2 d.d.","robots":{"index":"index","follow":"follow","max-snippet":"max-snippet:-1","max-image-preview":"max-image-preview:large","max-video-preview":"max-video-preview:-1"},"canonical":"https:\/\/enviteka.lt\/en\/product\/zarna-norplast-4606-airflex-pu-as\/","og_locale":"en_US","og_type":"article","og_title":"\u017darna NORPLAST 4606 AIRFLEX PU AS - ENVITEKA","og_description":"Tinka vis\u0173 r\u016b\u0161i\u0173 maistui: skystiems produktams, aliejingiems maisto produktams ir sausam tvirtam maistui iki 40\u00b0C. Pristatymas 1-2 d.d.","og_url":"https:\/\/enviteka.lt\/en\/product\/zarna-norplast-4606-airflex-pu-as\/","og_site_name":"ENVITEKA","article_modified_time":"2025-04-04T17:44:56+00:00","og_image":[{"width":1408,"height":859,"url":"https:\/\/enviteka.lt\/wp-content\/uploads\/2025\/03\/zarna_norplast-4606-enviteka.jpg","type":"image\/jpeg"}],"twitter_card":"summary_large_image","twitter_misc":{"Est. reading time":"2 minutes"},"schema":{"@context":"https:\/\/schema.org","@graph":[{"@type":"WebPage","@id":"https:\/\/enviteka.lt\/produktas\/zarna-norplast-4606-airflex-pu-as\/","url":"https:\/\/enviteka.lt\/produktas\/zarna-norplast-4606-airflex-pu-as\/","name":"\u017darna NORPLAST 4606 AIRFLEX PU AS - ENVITEKA","isPartOf":{"@id":"https:\/\/enviteka.lt\/#website"},"primaryImageOfPage":{"@id":"https:\/\/enviteka.lt\/produktas\/zarna-norplast-4606-airflex-pu-as\/#primaryimage"},"image":{"@id":"https:\/\/enviteka.lt\/produktas\/zarna-norplast-4606-airflex-pu-as\/#primaryimage"},"thumbnailUrl":"https:\/\/enviteka.lt\/wp-content\/uploads\/2025\/03\/zarna_norplast-4606-enviteka.jpg","datePublished":"2025-03-28T17:22:57+00:00","dateModified":"2025-04-04T17:44:56+00:00","description":"Tinka vis\u0173 r\u016b\u0161i\u0173 maistui: skystiems produktams, aliejingiems maisto produktams ir sausam tvirtam maistui iki 40\u00b0C. Pristatymas 1-2 d.d.","breadcrumb":{"@id":"https:\/\/enviteka.lt\/produktas\/zarna-norplast-4606-airflex-pu-as\/#breadcrumb"},"inLanguage":"en-US","potentialAction":[{"@type":"ReadAction","target":["https:\/\/enviteka.lt\/produktas\/zarna-norplast-4606-airflex-pu-as\/"]}]},{"@type":"ImageObject","inLanguage":"en-US","@id":"https:\/\/enviteka.lt\/produktas\/zarna-norplast-4606-airflex-pu-as\/#primaryimage","url":"https:\/\/enviteka.lt\/wp-content\/uploads\/2025\/03\/zarna_norplast-4606-enviteka.jpg","contentUrl":"https:\/\/enviteka.lt\/wp-content\/uploads\/2025\/03\/zarna_norplast-4606-enviteka.jpg","width":1408,"height":859},{"@type":"BreadcrumbList","@id":"https:\/\/enviteka.lt\/produktas\/zarna-norplast-4606-airflex-pu-as\/#breadcrumb","itemListElement":[{"@type":"ListItem","position":1,"name":"Home","item":"https:\/\/enviteka.lt\/"},{"@type":"ListItem","position":2,"name":"Produktai","item":"https:\/\/enviteka.lt\/produktai\/"},{"@type":"ListItem","position":3,"name":"\u017darna NORPLAST 4606 AIRFLEX PU AS"}]},{"@type":"WebSite","@id":"https:\/\/enviteka.lt\/#website","url":"https:\/\/enviteka.lt\/","name":"ENVITEKA","description":"pramonin\u0117s \u012frangos tiek\u0117jas","publisher":{"@id":"https:\/\/enviteka.lt\/#organization"},"potentialAction":[{"@type":"SearchAction","target":{"@type":"EntryPoint","urlTemplate":"https:\/\/enviteka.lt\/?s={search_term_string}"},"query-input":{"@type":"PropertyValueSpecification","valueRequired":true,"valueName":"search_term_string"}}],"inLanguage":"en-US"},{"@type":"Organization","@id":"https:\/\/enviteka.lt\/#organization","name":"ENVITEKA","url":"https:\/\/enviteka.lt\/","logo":{"@type":"ImageObject","inLanguage":"en-US","@id":"https:\/\/enviteka.lt\/#\/schema\/logo\/image\/","url":"https:\/\/enviteka.lt\/wp-content\/uploads\/2024\/10\/enviteka-high-resolution-logo-transparent-e1742852093377.png","contentUrl":"https:\/\/enviteka.lt\/wp-content\/uploads\/2024\/10\/enviteka-high-resolution-logo-transparent-e1742852093377.png","width":424,"height":150,"caption":"ENVITEKA"},"image":{"@id":"https:\/\/enviteka.lt\/#\/schema\/logo\/image\/"}}]}},"_links":{"self":[{"href":"https:\/\/enviteka.lt\/en\/wp-json\/wp\/v2\/product\/1255","targetHints":{"allow":["GET"]}}],"collection":[{"href":"https:\/\/enviteka.lt\/en\/wp-json\/wp\/v2\/product"}],"about":[{"href":"https:\/\/enviteka.lt\/en\/wp-json\/wp\/v2\/types\/product"}],"wp:featuredmedia":[{"embeddable":true,"href":"https:\/\/enviteka.lt\/en\/wp-json\/wp\/v2\/media\/1256"}],"wp:attachment":[{"href":"https:\/\/enviteka.lt\/en\/wp-json\/wp\/v2\/media?parent=1255"}],"wp:term":[{"taxonomy":"product_brand","embeddable":true,"href":"https:\/\/enviteka.lt\/en\/wp-json\/wp\/v2\/product_brand?post=1255"},{"taxonomy":"product_cat","embeddable":true,"href":"https:\/\/enviteka.lt\/en\/wp-json\/wp\/v2\/product_cat?post=1255"},{"taxonomy":"product_tag","embeddable":true,"href":"https:\/\/enviteka.lt\/en\/wp-json\/wp\/v2\/product_tag?post=1255"}],"curies":[{"name":"wp","href":"https:\/\/api.w.org\/{rel}","templated":true}]}}